{"id":594,"date":"2024-05-02T22:24:33","date_gmt":"2024-05-02T20:24:33","guid":{"rendered":"https:\/\/alamocostadelsol.com\/alla-fastigheter"},"modified":"2026-04-09T16:12:26","modified_gmt":"2026-04-09T14:12:26","slug":"properties","status":"publish","type":"page","link":"https:\/\/alamocostadelsol.com\/sv\/properties","title":{"rendered":"Alla egenskaper"},"content":{"rendered":"<p>[et_pb_section fb_built=&#8221;1&#8243; _builder_version=&#8221;4.27.4&#8243; _module_preset=&#8221;default&#8221; custom_margin=&#8221;0px||||false|false&#8221; custom_padding=&#8221;0px||||false|false&#8221; custom_css_free_form=&#8221;||\/* Allow horizontal swipe only inside slider; stop vertical page scroll while swiping *\/||.swipe-lock {||  touch-action: pan-x;              \/* horizontal gestures only *\/||  overscroll-behavior: contain;     \/* no rubber-banding to page *\/||}||.swipe-lock .et-pb-slider-arrows a,||.swipe-lock .et-pb-controllers a { ||  \/* make tap targets comfy *\/||  padding: 10px 12px;||}&#8221; global_colors_info=&#8221;{}&#8221;][et_pb_row _builder_version=&#8221;4.25.1&#8243; _module_preset=&#8221;default&#8221; width=&#8221;100%&#8221; max_width=&#8221;100%&#8221; custom_margin=&#8221;0px|0px||0px|false|false&#8221; custom_padding=&#8221;0px|0px||0px|false|false&#8221; global_colors_info=&#8221;{}&#8221;][et_pb_column type=&#8221;4_4&#8243; _builder_version=&#8221;4.25.1&#8243; _module_preset=&#8221;default&#8221; global_colors_info=&#8221;{}&#8221;][et_pb_code _builder_version=&#8221;4.27.4&#8243; _module_preset=&#8221;default&#8221; width=&#8221;100%&#8221; max_width=&#8221;100%&#8221; custom_margin=&#8221;|0px||0px|false|false&#8221; custom_padding=&#8221;|0px||0px|false|false&#8221; custom_css_free_form=&#8221;.mfp-fade.mfp-bg {||  transition: opacity 0.2s ease-in-out !important;||}||.mfp-fade.mfp-wrap .mfp-content {||  transition: opacity 0.2s ease-in-out !important;||}&#8221; global_colors_info=&#8221;{}&#8221;]<style>\r\n\t.widget {\r\n\t\twidth: 100%;\r\n\t\tz-index: 999;\r\n\t}\r\n<\/style>\r\n<div class=\"widget\">\r\n\t<script type=\"module\" crossorigin src=\"\/wp-content\/themes\/Divi\/js\/vueApp.js\"><\/script>\r\n\t<link rel=\"stylesheet\" crossorigin href=\"\/wp-content\/themes\/Divi\/css\/vueApp.css\">\r\n\t<div id=\"app\"><\/div>\r\n<\/div>[\/et_pb_code][\/et_pb_column][\/et_pb_row][\/et_pb_section][et_pb_section fb_built=&#8221;1&#8243; _builder_version=&#8221;4.25.1&#8243; _module_preset=&#8221;default&#8221; global_colors_info=&#8221;{}&#8221;][et_pb_row module_id=&#8221;contact-form-properties&#8221; _builder_version=&#8221;4.27.0&#8243; _module_preset=&#8221;default&#8221; background_color=&#8221;#FFFFFF&#8221; z_index=&#8221;1&#8243; width=&#8221;60%&#8221; width_tablet=&#8221;80%&#8221; width_phone=&#8221;90%&#8221; width_last_edited=&#8221;on|tablet&#8221; max_width=&#8221;100%&#8221; custom_margin=&#8221;60px||||false|false&#8221; border_radii=&#8221;on|25px|25px|25px|25px&#8221; box_shadow_style=&#8221;preset1&#8243; box_shadow_blur=&#8221;10px&#8221; global_colors_info=&#8221;{}&#8221;][et_pb_column type=&#8221;4_4&#8243; _builder_version=&#8221;4.25.1&#8243; _module_preset=&#8221;default&#8221; global_colors_info=&#8221;{}&#8221;][et_pb_contact_form use_spam_service=&#8221;on&#8221; recaptcha_list=&#8221;Alamo ReCap forms|Alamo ReCap forms-0&#8243; email=&#8221;contact@alamocostadelsol.com&#8221; title=&#8221;Skicka ett meddelande till oss s\u00e5 h\u00f6r vi av oss&#8221; custom_message=&#8221;New submitted customer form at website: alamocostadelsol.com||et_pb_line_break_holder||||et_pb_line_break_holder||Language: Swedish||et_pb_line_break_holder||||et_pb_line_break_holder||Name: %%Name%%||et_pb_line_break_holder||||et_pb_line_break_holder||Email: %%Email%%||et_pb_line_break_holder||||et_pb_line_break_holder||Phone: %%Phone%%||et_pb_line_break_holder||||et_pb_line_break_holder||Property Reference: %%Reference%%||et_pb_line_break_holder||||et_pb_line_break_holder||Message from customer: %%Message%%&#8221; use_redirect=&#8221;on&#8221; redirect_url=&#8221;https:\/\/alamocostadelsol.com\/sv\/tack&#8221; submit_button_text=&#8221;Skicka f\u00f6rfr\u00e5gan&#8221; _builder_version=&#8221;4.27.4&#8243; _module_preset=&#8221;default&#8221; _unique_id=&#8221;a4d7076c-8199-4434-8e35-24332353c404&#8243; form_field_background_color=&#8221;#f9f9f9&#8243; title_level=&#8221;h2&#8243; title_font=&#8221;Marcellus|700|||||||&#8221; title_text_align=&#8221;center&#8221; title_line_height=&#8221;1.8em&#8221; form_field_font=&#8221;Marcellus|&#8211;et_global_body_font_weight|||||||&#8221; form_field_text_align=&#8221;left&#8221; form_field_font_size=&#8221;16px&#8221; background_color=&#8221;#FFFFFF&#8221; custom_button=&#8221;on&#8221; button_text_color=&#8221;#FFFFFF&#8221; button_bg_color=&#8221;#003c58&#8243; button_border_width=&#8221;2px&#8221; button_border_radius=&#8221;25px&#8221; button_font=&#8221;Marcellus|700|||||||&#8221; button_use_icon=&#8221;off&#8221; button_custom_margin=&#8221;||||false|false&#8221; button_custom_padding=&#8221;||||false|false&#8221; width=&#8221;100%&#8221; width_tablet=&#8221;&#8221; width_phone=&#8221;&#8221; width_last_edited=&#8221;on|tablet&#8221; max_width=&#8221;100%&#8221; custom_padding=&#8221;5%|5%|5%|5%|false|false&#8221; hover_enabled=&#8221;0&#8243; border_radii=&#8221;on|25px|25px|25px|25px&#8221; global_colors_info=&#8221;{}&#8221; sticky_enabled=&#8221;0&#8243;][et_pb_contact_field field_id=&#8221;Name&#8221; field_title=&#8221;Namn&#8221; min_length=&#8221;3&#8243; max_length=&#8221;35&#8243; fullwidth_field=&#8221;on&#8221; _builder_version=&#8221;4.27.4&#8243; global_colors_info=&#8221;{}&#8221; button_text_size__hover_enabled=&#8221;off&#8221; button_one_text_size__hover_enabled=&#8221;off&#8221; button_two_text_size__hover_enabled=&#8221;off&#8221; button_text_color__hover_enabled=&#8221;off&#8221; button_one_text_color__hover_enabled=&#8221;off&#8221; button_two_text_color__hover_enabled=&#8221;off&#8221; button_border_width__hover_enabled=&#8221;off&#8221; button_one_border_width__hover_enabled=&#8221;off&#8221; button_two_border_width__hover_enabled=&#8221;off&#8221; button_border_color__hover_enabled=&#8221;off&#8221; button_one_border_color__hover_enabled=&#8221;off&#8221; button_two_border_color__hover_enabled=&#8221;off&#8221; button_border_radius__hover_enabled=&#8221;off&#8221; button_one_border_radius__hover_enabled=&#8221;off&#8221; button_two_border_radius__hover_enabled=&#8221;off&#8221; button_letter_spacing__hover_enabled=&#8221;off&#8221; button_one_letter_spacing__hover_enabled=&#8221;off&#8221; button_two_letter_spacing__hover_enabled=&#8221;off&#8221; button_bg_color__hover_enabled=&#8221;off&#8221; button_one_bg_color__hover_enabled=&#8221;off&#8221; button_two_bg_color__hover_enabled=&#8221;off&#8221;][\/et_pb_contact_field][et_pb_contact_field field_id=&#8221;Email&#8221; field_title=&#8221;E-post&#8221; field_type=&#8221;email&#8221; fullwidth_field=&#8221;on&#8221; _builder_version=&#8221;4.27.4&#8243; hover_enabled=&#8221;0&#8243; global_colors_info=&#8221;{}&#8221; button_text_size__hover_enabled=&#8221;off&#8221; button_one_text_size__hover_enabled=&#8221;off&#8221; button_two_text_size__hover_enabled=&#8221;off&#8221; button_text_color__hover_enabled=&#8221;off&#8221; button_one_text_color__hover_enabled=&#8221;off&#8221; button_two_text_color__hover_enabled=&#8221;off&#8221; button_border_width__hover_enabled=&#8221;off&#8221; button_one_border_width__hover_enabled=&#8221;off&#8221; button_two_border_width__hover_enabled=&#8221;off&#8221; button_border_color__hover_enabled=&#8221;off&#8221; button_one_border_color__hover_enabled=&#8221;off&#8221; button_two_border_color__hover_enabled=&#8221;off&#8221; button_border_radius__hover_enabled=&#8221;off&#8221; button_one_border_radius__hover_enabled=&#8221;off&#8221; button_two_border_radius__hover_enabled=&#8221;off&#8221; button_letter_spacing__hover_enabled=&#8221;off&#8221; button_one_letter_spacing__hover_enabled=&#8221;off&#8221; button_two_letter_spacing__hover_enabled=&#8221;off&#8221; button_bg_color__hover_enabled=&#8221;off&#8221; button_one_bg_color__hover_enabled=&#8221;off&#8221; button_two_bg_color__hover_enabled=&#8221;off&#8221; sticky_enabled=&#8221;0&#8243;][\/et_pb_contact_field][et_pb_contact_field field_id=&#8221;Phone&#8221; field_title=&#8221;Telefon&#8221; min_length=&#8221;2&#8243; max_length=&#8221;15&#8243; allowed_symbols=&#8221;numbers&#8221; fullwidth_field=&#8221;on&#8221; _builder_version=&#8221;4.27.4&#8243; _module_preset=&#8221;default&#8221; global_colors_info=&#8221;{}&#8221;][\/et_pb_contact_field][et_pb_contact_field field_id=&#8221;Reference&#8221; field_title=&#8221;Referens (Valfritt)&#8221; required_mark=&#8221;off&#8221; fullwidth_field=&#8221;on&#8221; _builder_version=&#8221;4.27.4&#8243; _module_preset=&#8221;default&#8221; global_colors_info=&#8221;{}&#8221;][\/et_pb_contact_field][et_pb_contact_field field_id=&#8221;Message&#8221; field_title=&#8221;Meddelande&#8221; field_type=&#8221;text&#8221; fullwidth_field=&#8221;on&#8221; _builder_version=&#8221;4.27.4&#8243; global_colors_info=&#8221;{}&#8221; button_text_size__hover_enabled=&#8221;off&#8221; button_one_text_size__hover_enabled=&#8221;off&#8221; button_two_text_size__hover_enabled=&#8221;off&#8221; button_text_color__hover_enabled=&#8221;off&#8221; button_one_text_color__hover_enabled=&#8221;off&#8221; button_two_text_color__hover_enabled=&#8221;off&#8221; button_border_width__hover_enabled=&#8221;off&#8221; button_one_border_width__hover_enabled=&#8221;off&#8221; button_two_border_width__hover_enabled=&#8221;off&#8221; button_border_color__hover_enabled=&#8221;off&#8221; button_one_border_color__hover_enabled=&#8221;off&#8221; button_two_border_color__hover_enabled=&#8221;off&#8221; button_border_radius__hover_enabled=&#8221;off&#8221; button_one_border_radius__hover_enabled=&#8221;off&#8221; button_two_border_radius__hover_enabled=&#8221;off&#8221; button_letter_spacing__hover_enabled=&#8221;off&#8221; button_one_letter_spacing__hover_enabled=&#8221;off&#8221; button_two_letter_spacing__hover_enabled=&#8221;off&#8221; button_bg_color__hover_enabled=&#8221;off&#8221; button_one_bg_color__hover_enabled=&#8221;off&#8221; button_two_bg_color__hover_enabled=&#8221;off&#8221;][\/et_pb_contact_field][\/et_pb_contact_form][\/et_pb_column][\/et_pb_row][\/et_pb_section]<\/p>\n","protected":false},"excerpt":{"rendered":"<style>\r\n\t.widget {\r\n\t\twidth: 100%;\r\n\t\tz-index: 999;\r\n\t}\r\n<\/style>\r\n<div class=\"widget\">\r\n\t<script type=\"module\" crossorigin src=\"\/wp-content\/themes\/Divi\/js\/vueApp.js\"><\/script>\r\n\t<link rel=\"stylesheet\" crossorigin href=\"\/wp-content\/themes\/Divi\/css\/vueApp.css\">\r\n\t<div id=\"app\"><\/div>\r\n<\/div>\n","protected":false},"author":1,"featured_media":0,"parent":0,"menu_order":0,"comment_status":"closed","ping_status":"closed","template":"","meta":{"_et_pb_use_builder":"on","_et_pb_old_content":"<!-- wp:divi\/placeholder \/-->","_et_gb_content_width":"","footnotes":""},"dipi_cpt_category":[],"class_list":["post-594","page","type-page","status-publish","hentry"],"yoast_head":"<!-- This site is optimized with the Yoast SEO plugin v25.8 - https:\/\/yoast.com\/wordpress\/plugins\/seo\/ -->\n<title>Fastigheter till salu p\u00e5 Costa del Sol | Alamo Fastigheter<\/title>\n<meta name=\"description\" content=\"Bl\u00e4ddra bland fastigheter till salu p\u00e5 Costa del Sol, inklusive l\u00e4genheter, villor och nya projekt p\u00e5 toppplatser.\" \/>\n<meta name=\"robots\" content=\"index, follow, max-snippet:-1, max-image-preview:large, max-video-preview:-1\" \/>\n<link rel=\"canonical\" href=\"https:\/\/alamocostadelsol.com\/sv\/properties\" \/>\n<meta property=\"og:locale\" content=\"sv_SE\" \/>\n<meta property=\"og:type\" content=\"article\" \/>\n<meta property=\"og:title\" content=\"Fastigheter till salu p\u00e5 Costa del Sol | Alamo Fastigheter\" \/>\n<meta property=\"og:description\" content=\"Bl\u00e4ddra bland fastigheter till salu p\u00e5 Costa del Sol, inklusive l\u00e4genheter, villor och nya projekt p\u00e5 toppplatser.\" \/>\n<meta property=\"og:url\" content=\"https:\/\/alamocostadelsol.com\/sv\/properties\" \/>\n<meta property=\"og:site_name\" content=\"Alamo - makes your dream come true at costa del sol\" \/>\n<meta property=\"article:publisher\" content=\"https:\/\/www.facebook.com\/alamocostadelsol\" \/>\n<meta property=\"article:modified_time\" content=\"2026-04-09T14:12:26+00:00\" \/>\n<meta name=\"twitter:card\" content=\"summary_large_image\" \/>\n<meta name=\"twitter:label1\" content=\"Ber\u00e4knad l\u00e4stid\" \/>\n\t<meta name=\"twitter:data1\" content=\"5 minuter\" \/>\n<script type=\"application\/ld+json\" class=\"yoast-schema-graph\">{\"@context\":\"https:\/\/schema.org\",\"@graph\":[{\"@type\":\"WebPage\",\"@id\":\"https:\/\/alamocostadelsol.com\/sv\/properties\",\"url\":\"https:\/\/alamocostadelsol.com\/sv\/properties\",\"name\":\"Fastigheter till salu p\u00e5 Costa del Sol | Alamo Fastigheter\",\"isPartOf\":{\"@id\":\"https:\/\/alamocostadelsol.com\/sv#website\"},\"datePublished\":\"2024-05-02T20:24:33+00:00\",\"dateModified\":\"2026-04-09T14:12:26+00:00\",\"description\":\"Bl\u00e4ddra bland fastigheter till salu p\u00e5 Costa del Sol, inklusive l\u00e4genheter, villor och nya projekt p\u00e5 toppplatser.\",\"breadcrumb\":{\"@id\":\"https:\/\/alamocostadelsol.com\/sv\/properties#breadcrumb\"},\"inLanguage\":\"sv-SE\",\"potentialAction\":[{\"@type\":\"ReadAction\",\"target\":[\"https:\/\/alamocostadelsol.com\/sv\/properties\"]}]},{\"@type\":\"BreadcrumbList\",\"@id\":\"https:\/\/alamocostadelsol.com\/sv\/properties#breadcrumb\",\"itemListElement\":[{\"@type\":\"ListItem\",\"position\":1,\"name\":\"Home\",\"item\":\"https:\/\/alamocostadelsol.com\/sv\"},{\"@type\":\"ListItem\",\"position\":2,\"name\":\"Alla egenskaper\"}]},{\"@type\":\"WebSite\",\"@id\":\"https:\/\/alamocostadelsol.com\/sv#website\",\"url\":\"https:\/\/alamocostadelsol.com\/sv\",\"name\":\"Alamo - makes your dream come true at costa del sol\",\"description\":\"\",\"publisher\":{\"@id\":\"https:\/\/alamocostadelsol.com\/sv#organization\"},\"potentialAction\":[{\"@type\":\"SearchAction\",\"target\":{\"@type\":\"EntryPoint\",\"urlTemplate\":\"https:\/\/alamocostadelsol.com\/sv?s={search_term_string}\"},\"query-input\":{\"@type\":\"PropertyValueSpecification\",\"valueRequired\":true,\"valueName\":\"search_term_string\"}}],\"inLanguage\":\"sv-SE\"},{\"@type\":\"Organization\",\"@id\":\"https:\/\/alamocostadelsol.com\/sv#organization\",\"name\":\"Alamo - makes your dream come true at costa del sol\",\"url\":\"https:\/\/alamocostadelsol.com\/sv\",\"logo\":{\"@type\":\"ImageObject\",\"inLanguage\":\"sv-SE\",\"@id\":\"https:\/\/alamocostadelsol.com\/sv#\/schema\/logo\/image\/\",\"url\":\"https:\/\/alamocostadelsol.com\/wp-content\/uploads\/2024\/05\/alamo-costa-del-sol-logotype.png\",\"contentUrl\":\"https:\/\/alamocostadelsol.com\/wp-content\/uploads\/2024\/05\/alamo-costa-del-sol-logotype.png\",\"width\":773,\"height\":170,\"caption\":\"Alamo - makes your dream come true at costa del sol\"},\"image\":{\"@id\":\"https:\/\/alamocostadelsol.com\/sv#\/schema\/logo\/image\/\"},\"sameAs\":[\"https:\/\/www.facebook.com\/alamocostadelsol\",\"https:\/\/www.instagram.com\/alamocostadelsol\/\"]}]}<\/script>\n<!-- \/ Yoast SEO plugin. -->","yoast_head_json":{"title":"Fastigheter till salu p\u00e5 Costa del Sol | Alamo Fastigheter","description":"Bl\u00e4ddra bland fastigheter till salu p\u00e5 Costa del Sol, inklusive l\u00e4genheter, villor och nya projekt p\u00e5 toppplatser.","robots":{"index":"index","follow":"follow","max-snippet":"max-snippet:-1","max-image-preview":"max-image-preview:large","max-video-preview":"max-video-preview:-1"},"canonical":"https:\/\/alamocostadelsol.com\/sv\/properties","og_locale":"sv_SE","og_type":"article","og_title":"Fastigheter till salu p\u00e5 Costa del Sol | Alamo Fastigheter","og_description":"Bl\u00e4ddra bland fastigheter till salu p\u00e5 Costa del Sol, inklusive l\u00e4genheter, villor och nya projekt p\u00e5 toppplatser.","og_url":"https:\/\/alamocostadelsol.com\/sv\/properties","og_site_name":"Alamo - makes your dream come true at costa del sol","article_publisher":"https:\/\/www.facebook.com\/alamocostadelsol","article_modified_time":"2026-04-09T14:12:26+00:00","twitter_card":"summary_large_image","twitter_misc":{"Ber\u00e4knad l\u00e4stid":"5 minuter"},"schema":{"@context":"https:\/\/schema.org","@graph":[{"@type":"WebPage","@id":"https:\/\/alamocostadelsol.com\/sv\/properties","url":"https:\/\/alamocostadelsol.com\/sv\/properties","name":"Fastigheter till salu p\u00e5 Costa del Sol | Alamo Fastigheter","isPartOf":{"@id":"https:\/\/alamocostadelsol.com\/sv#website"},"datePublished":"2024-05-02T20:24:33+00:00","dateModified":"2026-04-09T14:12:26+00:00","description":"Bl\u00e4ddra bland fastigheter till salu p\u00e5 Costa del Sol, inklusive l\u00e4genheter, villor och nya projekt p\u00e5 toppplatser.","breadcrumb":{"@id":"https:\/\/alamocostadelsol.com\/sv\/properties#breadcrumb"},"inLanguage":"sv-SE","potentialAction":[{"@type":"ReadAction","target":["https:\/\/alamocostadelsol.com\/sv\/properties"]}]},{"@type":"BreadcrumbList","@id":"https:\/\/alamocostadelsol.com\/sv\/properties#breadcrumb","itemListElement":[{"@type":"ListItem","position":1,"name":"Home","item":"https:\/\/alamocostadelsol.com\/sv"},{"@type":"ListItem","position":2,"name":"Alla egenskaper"}]},{"@type":"WebSite","@id":"https:\/\/alamocostadelsol.com\/sv#website","url":"https:\/\/alamocostadelsol.com\/sv","name":"Alamo - makes your dream come true at costa del sol","description":"","publisher":{"@id":"https:\/\/alamocostadelsol.com\/sv#organization"},"potentialAction":[{"@type":"SearchAction","target":{"@type":"EntryPoint","urlTemplate":"https:\/\/alamocostadelsol.com\/sv?s={search_term_string}"},"query-input":{"@type":"PropertyValueSpecification","valueRequired":true,"valueName":"search_term_string"}}],"inLanguage":"sv-SE"},{"@type":"Organization","@id":"https:\/\/alamocostadelsol.com\/sv#organization","name":"Alamo - makes your dream come true at costa del sol","url":"https:\/\/alamocostadelsol.com\/sv","logo":{"@type":"ImageObject","inLanguage":"sv-SE","@id":"https:\/\/alamocostadelsol.com\/sv#\/schema\/logo\/image\/","url":"https:\/\/alamocostadelsol.com\/wp-content\/uploads\/2024\/05\/alamo-costa-del-sol-logotype.png","contentUrl":"https:\/\/alamocostadelsol.com\/wp-content\/uploads\/2024\/05\/alamo-costa-del-sol-logotype.png","width":773,"height":170,"caption":"Alamo - makes your dream come true at costa del sol"},"image":{"@id":"https:\/\/alamocostadelsol.com\/sv#\/schema\/logo\/image\/"},"sameAs":["https:\/\/www.facebook.com\/alamocostadelsol","https:\/\/www.instagram.com\/alamocostadelsol\/"]}]}},"_links":{"self":[{"href":"https:\/\/alamocostadelsol.com\/sv\/wp-json\/wp\/v2\/pages\/594","targetHints":{"allow":["GET"]}}],"collection":[{"href":"https:\/\/alamocostadelsol.com\/sv\/wp-json\/wp\/v2\/pages"}],"about":[{"href":"https:\/\/alamocostadelsol.com\/sv\/wp-json\/wp\/v2\/types\/page"}],"author":[{"embeddable":true,"href":"https:\/\/alamocostadelsol.com\/sv\/wp-json\/wp\/v2\/users\/1"}],"replies":[{"embeddable":true,"href":"https:\/\/alamocostadelsol.com\/sv\/wp-json\/wp\/v2\/comments?post=594"}],"version-history":[{"count":15,"href":"https:\/\/alamocostadelsol.com\/sv\/wp-json\/wp\/v2\/pages\/594\/revisions"}],"predecessor-version":[{"id":25987785,"href":"https:\/\/alamocostadelsol.com\/sv\/wp-json\/wp\/v2\/pages\/594\/revisions\/25987785"}],"wp:attachment":[{"href":"https:\/\/alamocostadelsol.com\/sv\/wp-json\/wp\/v2\/media?parent=594"}],"wp:term":[{"taxonomy":"dipi_cpt_category","embeddable":true,"href":"https:\/\/alamocostadelsol.com\/sv\/wp-json\/wp\/v2\/dipi_cpt_category?post=594"}],"curies":[{"name":"wp","href":"https:\/\/api.w.org\/{rel}","templated":true}]}}