{"id":18815621,"date":"2024-06-10T19:31:00","date_gmt":"2024-06-10T17:31:00","guid":{"rendered":"https:\/\/alamocostadelsol.com\/om-alamo\/alla-skaletska"},"modified":"2026-01-27T14:26:31","modified_gmt":"2026-01-27T13:26:31","slug":"alla-skaletska","status":"publish","type":"page","link":"https:\/\/alamocostadelsol.com\/sv\/om-alamo\/alla-skaletska","title":{"rendered":"Alla Skaletska"},"content":{"rendered":"<p>[et_pb_section fb_built=&#8221;1&#8243; _builder_version=&#8221;4.25.1&#8243; _module_preset=&#8221;default&#8221; global_colors_info=&#8221;{}&#8221;][et_pb_row column_structure=&#8221;1_3,2_3&#8243; _builder_version=&#8221;4.25.1&#8243; _module_preset=&#8221;default&#8221; width=&#8221;90%&#8221; max_width=&#8221;100%&#8221; global_colors_info=&#8221;{}&#8221;][et_pb_column type=&#8221;1_3&#8243; _builder_version=&#8221;4.25.1&#8243; _module_preset=&#8221;default&#8221; global_colors_info=&#8221;{}&#8221;][et_pb_image src=&#8221;https:\/\/alamocostadelsol.com\/wp-content\/uploads\/2025\/11\/upscalemedia-transformed.png&#8221; alt=&#8221;Alla Skaletska fastighetsm\u00e4klare costa del sol&#8221; title_text=&#8221;Alla Skaletska fastighetsm\u00e4klare costa del sol&#8221; align=&#8221;right&#8221; _builder_version=&#8221;4.27.4&#8243; _module_preset=&#8221;default&#8221; width=&#8221;80%&#8221; hover_enabled=&#8221;0&#8243; global_colors_info=&#8221;{}&#8221; sticky_enabled=&#8221;0&#8243;][\/et_pb_image][\/et_pb_column][et_pb_column type=&#8221;2_3&#8243; _builder_version=&#8221;4.25.1&#8243; _module_preset=&#8221;default&#8221; global_colors_info=&#8221;{}&#8221;][et_pb_text _builder_version=&#8221;4.27.4&#8243; _module_preset=&#8221;default&#8221; text_font=&#8221;Marcellus||||||||&#8221; text_font_size=&#8221;16px&#8221; header_font=&#8221;Marcellus|700|||||||&#8221; header_font_size=&#8221;36px&#8221; header_2_font=&#8221;Marcellus||||||||&#8221; header_2_font_size=&#8221;22px&#8221; hover_enabled=&#8221;0&#8243; global_colors_info=&#8221;{}&#8221; sticky_enabled=&#8221;0&#8243;]<\/p>\n<h1><a class=\"block font-medium text-lg\">Alla Skaletska<\/a><\/h1>\n<h2><span>Samarbetsagent<\/span><\/h2>\n<p><span><\/span><\/p>\n<div class=\"text-base my-auto mx-auto pb-10 [--thread-content-margin:--spacing(4)] @w-sm\/main:[--thread-content-margin:--spacing(6)] @w-lg\/main:[--thread-content-margin:--spacing(16)] px-(--thread-content-margin)\">\n<div class=\"[--thread-content-max-width:40rem] @w-lg\/main:[--thread-content-max-width:48rem] mx-auto max-w-(--thread-content-max-width) flex-1 group\/turn-messages focus-visible:outline-hidden relative flex w-full min-w-0 flex-col agent-turn\" tabindex=\"-1\">\n<div class=\"flex max-w-full flex-col grow\">\n<div data-message-author-role=\"assistant\" data-message-id=\"06230940-387d-4108-bdb9-716ec259e142\" dir=\"auto\" class=\"min-h-8 text-message relative flex w-full flex-col items-end gap-2 text-start break-words whitespace-normal [.text-message+&amp;]:mt-1\" data-message-model-slug=\"gpt-5-2\">\n<div class=\"flex w-full flex-col gap-1 empty:hidden first:pt-[1px]\">\n<div class=\"markdown prose dark:prose-invert w-full wrap-break-word light markdown-new-styling\">\n<p data-start=\"0\" data-end=\"171\">Jag \u00e4r f\u00f6dd i Ukraina och har bott i Spanien i mer \u00e4n 23 \u00e5r. Jag \u00e4r djupt f\u00f6r\u00e4lskad i det h\u00e4r landet \u2013 precis som v\u00e5ra klienter, som v\u00e4ljer att k\u00f6pa sina hus h\u00e4r. <\/p>\n<p data-start=\"173\" data-end=\"502\" data-is-last-node=\"\" data-is-only-node=\"\">Jag har alltid arbetat inom fastighetssektorn eftersom jag brinner f\u00f6r att knyta kontakt med m\u00e4nniskor, b\u00e5de lokalt och fr\u00e5n hela v\u00e4rlden. Jag \u00e4lskar verkligen att se mina klienters lycka n\u00e4r deras dr\u00f6mmar g\u00e5r i uppfyllelse genom att hitta sitt idealhem, s\u00e4rskilt n\u00e4r jag har kunnat hj\u00e4lpa dem att hitta det och hantera hela processen. <\/p>\n<\/div>\n<\/div>\n<\/div>\n<\/div>\n<\/div>\n<\/div>\n<p>[\/et_pb_text][\/et_pb_column][\/et_pb_row][et_pb_row _builder_version=&#8221;4.27.0&#8243; _module_preset=&#8221;default&#8221; global_colors_info=&#8221;{}&#8221;][et_pb_column type=&#8221;4_4&#8243; _builder_version=&#8221;4.27.0&#8243; _module_preset=&#8221;default&#8221; global_colors_info=&#8221;{}&#8221;][et_pb_post_nav _builder_version=&#8221;4.27.0&#8243; _module_preset=&#8221;default&#8221; global_colors_info=&#8221;{}&#8221;][\/et_pb_post_nav][\/et_pb_column][\/et_pb_row][\/et_pb_section]<\/p>\n","protected":false},"excerpt":{"rendered":"<p>Alla Skaletska Samarbetsagent Jag \u00e4r f\u00f6dd i Ukraina och har bott i Spanien i mer \u00e4n 23 \u00e5r. Jag \u00e4r djupt f\u00f6r\u00e4lskad i det h\u00e4r landet \u2013 precis som v\u00e5ra klienter, som v\u00e4ljer att k\u00f6pa sina hus h\u00e4r. Jag har alltid arbetat inom fastighetssektorn eftersom jag brinner f\u00f6r att knyta kontakt med m\u00e4nniskor, b\u00e5de lokalt [&hellip;]<\/p>\n","protected":false},"author":3,"featured_media":0,"parent":593,"menu_order":0,"comment_status":"closed","ping_status":"closed","template":"","meta":{"_et_pb_use_builder":"on","_et_pb_old_content":"","_et_gb_content_width":"","footnotes":""},"dipi_cpt_category":[],"class_list":["post-18815621","page","type-page","status-publish","hentry"],"yoast_head":"<!-- This site is optimized with the Yoast SEO plugin v25.8 - https:\/\/yoast.com\/wordpress\/plugins\/seo\/ -->\n<title>Alla Skaletska | Fastighetsm\u00e4klare p\u00e5 Costa del Sol<\/title>\n<meta name=\"description\" content=\"Alla Skaletska \u00e4r fastighetsm\u00e4klare p\u00e5 Alamo Costa del Sol och hj\u00e4lper k\u00f6pare och s\u00e4ljare med lokal expertis och personlig service.\" \/>\n<meta name=\"robots\" content=\"index, follow, max-snippet:-1, max-image-preview:large, max-video-preview:-1\" \/>\n<link rel=\"canonical\" href=\"https:\/\/alamocostadelsol.com\/sv\/om-alamo\/alla-skaletska\" \/>\n<meta property=\"og:locale\" content=\"sv_SE\" \/>\n<meta property=\"og:type\" content=\"article\" \/>\n<meta property=\"og:title\" content=\"Alla Skaletska | Fastighetsm\u00e4klare p\u00e5 Costa del Sol\" \/>\n<meta property=\"og:description\" content=\"Alla Skaletska \u00e4r fastighetsm\u00e4klare p\u00e5 Alamo Costa del Sol och hj\u00e4lper k\u00f6pare och s\u00e4ljare med lokal expertis och personlig service.\" \/>\n<meta property=\"og:url\" content=\"https:\/\/alamocostadelsol.com\/sv\/om-alamo\/alla-skaletska\" \/>\n<meta property=\"og:site_name\" content=\"Alamo - makes your dream come true at costa del sol\" \/>\n<meta property=\"article:publisher\" content=\"https:\/\/www.facebook.com\/alamocostadelsol\" \/>\n<meta property=\"article:modified_time\" content=\"2026-01-27T13:26:31+00:00\" \/>\n<meta name=\"twitter:card\" content=\"summary_large_image\" \/>\n<meta name=\"twitter:label1\" content=\"Ber\u00e4knad l\u00e4stid\" \/>\n\t<meta name=\"twitter:data1\" content=\"2 minuter\" \/>\n<script type=\"application\/ld+json\" class=\"yoast-schema-graph\">{\"@context\":\"https:\/\/schema.org\",\"@graph\":[{\"@type\":\"WebPage\",\"@id\":\"https:\/\/alamocostadelsol.com\/sv\/om-alamo\/alla-skaletska\",\"url\":\"https:\/\/alamocostadelsol.com\/sv\/om-alamo\/alla-skaletska\",\"name\":\"Alla Skaletska | Fastighetsm\u00e4klare p\u00e5 Costa del Sol\",\"isPartOf\":{\"@id\":\"https:\/\/alamocostadelsol.com\/sv#website\"},\"datePublished\":\"2024-06-10T17:31:00+00:00\",\"dateModified\":\"2026-01-27T13:26:31+00:00\",\"description\":\"Alla Skaletska \u00e4r fastighetsm\u00e4klare p\u00e5 Alamo Costa del Sol och hj\u00e4lper k\u00f6pare och s\u00e4ljare med lokal expertis och personlig service.\",\"breadcrumb\":{\"@id\":\"https:\/\/alamocostadelsol.com\/sv\/om-alamo\/alla-skaletska#breadcrumb\"},\"inLanguage\":\"sv-SE\",\"potentialAction\":[{\"@type\":\"ReadAction\",\"target\":[\"https:\/\/alamocostadelsol.com\/sv\/om-alamo\/alla-skaletska\"]}]},{\"@type\":\"BreadcrumbList\",\"@id\":\"https:\/\/alamocostadelsol.com\/sv\/om-alamo\/alla-skaletska#breadcrumb\",\"itemListElement\":[{\"@type\":\"ListItem\",\"position\":1,\"name\":\"Home\",\"item\":\"https:\/\/alamocostadelsol.com\/sv\"},{\"@type\":\"ListItem\",\"position\":2,\"name\":\"Om Alamo\",\"item\":\"https:\/\/alamocostadelsol.com\/sv\/om-alamo\"},{\"@type\":\"ListItem\",\"position\":3,\"name\":\"Alla Skaletska\"}]},{\"@type\":\"WebSite\",\"@id\":\"https:\/\/alamocostadelsol.com\/sv#website\",\"url\":\"https:\/\/alamocostadelsol.com\/sv\",\"name\":\"Alamo - makes your dream come true at costa del sol\",\"description\":\"\",\"publisher\":{\"@id\":\"https:\/\/alamocostadelsol.com\/sv#organization\"},\"potentialAction\":[{\"@type\":\"SearchAction\",\"target\":{\"@type\":\"EntryPoint\",\"urlTemplate\":\"https:\/\/alamocostadelsol.com\/sv?s={search_term_string}\"},\"query-input\":{\"@type\":\"PropertyValueSpecification\",\"valueRequired\":true,\"valueName\":\"search_term_string\"}}],\"inLanguage\":\"sv-SE\"},{\"@type\":\"Organization\",\"@id\":\"https:\/\/alamocostadelsol.com\/sv#organization\",\"name\":\"Alamo - makes your dream come true at costa del sol\",\"url\":\"https:\/\/alamocostadelsol.com\/sv\",\"logo\":{\"@type\":\"ImageObject\",\"inLanguage\":\"sv-SE\",\"@id\":\"https:\/\/alamocostadelsol.com\/sv#\/schema\/logo\/image\/\",\"url\":\"https:\/\/alamocostadelsol.com\/wp-content\/uploads\/2024\/05\/alamo-costa-del-sol-logotype.png\",\"contentUrl\":\"https:\/\/alamocostadelsol.com\/wp-content\/uploads\/2024\/05\/alamo-costa-del-sol-logotype.png\",\"width\":773,\"height\":170,\"caption\":\"Alamo - makes your dream come true at costa del sol\"},\"image\":{\"@id\":\"https:\/\/alamocostadelsol.com\/sv#\/schema\/logo\/image\/\"},\"sameAs\":[\"https:\/\/www.facebook.com\/alamocostadelsol\",\"https:\/\/www.instagram.com\/alamocostadelsol\/\"]}]}<\/script>\n<!-- \/ Yoast SEO plugin. -->","yoast_head_json":{"title":"Alla Skaletska | Fastighetsm\u00e4klare p\u00e5 Costa del Sol","description":"Alla Skaletska \u00e4r fastighetsm\u00e4klare p\u00e5 Alamo Costa del Sol och hj\u00e4lper k\u00f6pare och s\u00e4ljare med lokal expertis och personlig service.","robots":{"index":"index","follow":"follow","max-snippet":"max-snippet:-1","max-image-preview":"max-image-preview:large","max-video-preview":"max-video-preview:-1"},"canonical":"https:\/\/alamocostadelsol.com\/sv\/om-alamo\/alla-skaletska","og_locale":"sv_SE","og_type":"article","og_title":"Alla Skaletska | Fastighetsm\u00e4klare p\u00e5 Costa del Sol","og_description":"Alla Skaletska \u00e4r fastighetsm\u00e4klare p\u00e5 Alamo Costa del Sol och hj\u00e4lper k\u00f6pare och s\u00e4ljare med lokal expertis och personlig service.","og_url":"https:\/\/alamocostadelsol.com\/sv\/om-alamo\/alla-skaletska","og_site_name":"Alamo - makes your dream come true at costa del sol","article_publisher":"https:\/\/www.facebook.com\/alamocostadelsol","article_modified_time":"2026-01-27T13:26:31+00:00","twitter_card":"summary_large_image","twitter_misc":{"Ber\u00e4knad l\u00e4stid":"2 minuter"},"schema":{"@context":"https:\/\/schema.org","@graph":[{"@type":"WebPage","@id":"https:\/\/alamocostadelsol.com\/sv\/om-alamo\/alla-skaletska","url":"https:\/\/alamocostadelsol.com\/sv\/om-alamo\/alla-skaletska","name":"Alla Skaletska | Fastighetsm\u00e4klare p\u00e5 Costa del Sol","isPartOf":{"@id":"https:\/\/alamocostadelsol.com\/sv#website"},"datePublished":"2024-06-10T17:31:00+00:00","dateModified":"2026-01-27T13:26:31+00:00","description":"Alla Skaletska \u00e4r fastighetsm\u00e4klare p\u00e5 Alamo Costa del Sol och hj\u00e4lper k\u00f6pare och s\u00e4ljare med lokal expertis och personlig service.","breadcrumb":{"@id":"https:\/\/alamocostadelsol.com\/sv\/om-alamo\/alla-skaletska#breadcrumb"},"inLanguage":"sv-SE","potentialAction":[{"@type":"ReadAction","target":["https:\/\/alamocostadelsol.com\/sv\/om-alamo\/alla-skaletska"]}]},{"@type":"BreadcrumbList","@id":"https:\/\/alamocostadelsol.com\/sv\/om-alamo\/alla-skaletska#breadcrumb","itemListElement":[{"@type":"ListItem","position":1,"name":"Home","item":"https:\/\/alamocostadelsol.com\/sv"},{"@type":"ListItem","position":2,"name":"Om Alamo","item":"https:\/\/alamocostadelsol.com\/sv\/om-alamo"},{"@type":"ListItem","position":3,"name":"Alla Skaletska"}]},{"@type":"WebSite","@id":"https:\/\/alamocostadelsol.com\/sv#website","url":"https:\/\/alamocostadelsol.com\/sv","name":"Alamo - makes your dream come true at costa del sol","description":"","publisher":{"@id":"https:\/\/alamocostadelsol.com\/sv#organization"},"potentialAction":[{"@type":"SearchAction","target":{"@type":"EntryPoint","urlTemplate":"https:\/\/alamocostadelsol.com\/sv?s={search_term_string}"},"query-input":{"@type":"PropertyValueSpecification","valueRequired":true,"valueName":"search_term_string"}}],"inLanguage":"sv-SE"},{"@type":"Organization","@id":"https:\/\/alamocostadelsol.com\/sv#organization","name":"Alamo - makes your dream come true at costa del sol","url":"https:\/\/alamocostadelsol.com\/sv","logo":{"@type":"ImageObject","inLanguage":"sv-SE","@id":"https:\/\/alamocostadelsol.com\/sv#\/schema\/logo\/image\/","url":"https:\/\/alamocostadelsol.com\/wp-content\/uploads\/2024\/05\/alamo-costa-del-sol-logotype.png","contentUrl":"https:\/\/alamocostadelsol.com\/wp-content\/uploads\/2024\/05\/alamo-costa-del-sol-logotype.png","width":773,"height":170,"caption":"Alamo - makes your dream come true at costa del sol"},"image":{"@id":"https:\/\/alamocostadelsol.com\/sv#\/schema\/logo\/image\/"},"sameAs":["https:\/\/www.facebook.com\/alamocostadelsol","https:\/\/www.instagram.com\/alamocostadelsol\/"]}]}},"_links":{"self":[{"href":"https:\/\/alamocostadelsol.com\/sv\/wp-json\/wp\/v2\/pages\/18815621","targetHints":{"allow":["GET"]}}],"collection":[{"href":"https:\/\/alamocostadelsol.com\/sv\/wp-json\/wp\/v2\/pages"}],"about":[{"href":"https:\/\/alamocostadelsol.com\/sv\/wp-json\/wp\/v2\/types\/page"}],"author":[{"embeddable":true,"href":"https:\/\/alamocostadelsol.com\/sv\/wp-json\/wp\/v2\/users\/3"}],"replies":[{"embeddable":true,"href":"https:\/\/alamocostadelsol.com\/sv\/wp-json\/wp\/v2\/comments?post=18815621"}],"version-history":[{"count":2,"href":"https:\/\/alamocostadelsol.com\/sv\/wp-json\/wp\/v2\/pages\/18815621\/revisions"}],"predecessor-version":[{"id":18815623,"href":"https:\/\/alamocostadelsol.com\/sv\/wp-json\/wp\/v2\/pages\/18815621\/revisions\/18815623"}],"up":[{"embeddable":true,"href":"https:\/\/alamocostadelsol.com\/sv\/wp-json\/wp\/v2\/pages\/593"}],"wp:attachment":[{"href":"https:\/\/alamocostadelsol.com\/sv\/wp-json\/wp\/v2\/media?parent=18815621"}],"wp:term":[{"taxonomy":"dipi_cpt_category","embeddable":true,"href":"https:\/\/alamocostadelsol.com\/sv\/wp-json\/wp\/v2\/dipi_cpt_category?post=18815621"}],"curies":[{"name":"wp","href":"https:\/\/api.w.org\/{rel}","templated":true}]}}