{"id":18814508,"date":"2025-05-12T13:41:24","date_gmt":"2025-05-12T11:41:24","guid":{"rendered":"https:\/\/alamocostadelsol.com\/nedladdning-av-guide"},"modified":"2026-01-12T16:44:21","modified_gmt":"2026-01-12T15:44:21","slug":"nedladdning-av-guide","status":"publish","type":"page","link":"https:\/\/alamocostadelsol.com\/sv\/nedladdning-av-guide","title":{"rendered":"Nedladdning av guide"},"content":{"rendered":"<p>[et_pb_section fb_built=&#8221;1&#8243; admin_label=&#8221;section&#8221; _builder_version=&#8221;4.16&#8243; global_colors_info=&#8221;{}&#8221;][et_pb_row admin_label=&#8221;Rodd&#8221; _builder_version=&#8221;4.16&#8243; background_size=&#8221;initial&#8221; background_position=&#8221;top_left&#8221; background_repeat=&#8221;repeat&#8221; global_colors_info=&#8221;{}&#8221;][et_pb_column type=&#8221;4_4&#8243; _builder_version=&#8221;4.16&#8243; custom_padding=&#8221;|||&#8221; global_colors_info=&#8221;{}&#8221; custom_padding__hover=&#8221;|||&#8221;][et_pb_text admin_label=&#8221;Text&#8221; _builder_version=&#8221;4.27.4&#8243; background_size=&#8221;initial&#8221; background_position=&#8221;top_left&#8221; background_repeat=&#8221;repeat&#8221; hover_enabled=&#8221;0&#8243; global_colors_info=&#8221;{}&#8221; sticky_enabled=&#8221;0&#8243;]<\/p>\n<p>&nbsp;<\/p>\n<h1 style=\"text-align: center;\">\u2705 Tack f\u00f6r att du bad om v\u00e5r guide!<\/h1>\n<h1 style=\"text-align: center;\">Ladda ner den p\u00e5 ditt f\u00f6redragna spr\u00e5k:<\/h1>\n<p>[\/et_pb_text][\/et_pb_column][\/et_pb_row][et_pb_row column_structure=&#8221;1_2,1_2&#8243; _builder_version=&#8221;4.27.4&#8243; _module_preset=&#8221;default&#8221; hover_enabled=&#8221;0&#8243; global_colors_info=&#8221;{}&#8221; sticky_enabled=&#8221;0&#8243;][et_pb_column type=&#8221;1_2&#8243; _builder_version=&#8221;4.27.4&#8243; _module_preset=&#8221;default&#8221; global_colors_info=&#8221;{}&#8221;][et_pb_text _builder_version=&#8221;4.27.4&#8243; _module_preset=&#8221;default&#8221; hover_enabled=&#8221;0&#8243; global_colors_info=&#8221;{}&#8221; sticky_enabled=&#8221;0&#8243; custom_padding=&#8221;|||261px||&#8221;]<\/p>\n<h1 style=\"text-align: center;\"><strong data-start=\"1006\" data-end=\"1039\">K\u00f6parens guide<\/strong><\/h1>\n<h1 style=\"text-align: center;\"><strong data-start=\"1006\" data-end=\"1039\">\ud83d\udc49<a href=\"https:\/\/alamocostadelsol.com\/wp-content\/uploads\/2025\/09\/English-Buyers-Guide.pdf\" target=\"_blank\" rel=\"noopener\"> <span style=\"text-decoration: underline;\">Engelska<\/span><\/a><\/strong><\/h1>\n<h1 style=\"text-align: center;\"><strong data-start=\"1006\" data-end=\"1039\">\ud83d\udc49<a href=\"https:\/\/alamocostadelsol.com\/wp-content\/uploads\/2025\/09\/Swedish-Buyers-Guide.pdf\" target=\"_blank\" rel=\"noopener\"> <span style=\"text-decoration: underline;\">Svenska<\/span><\/a><\/strong><\/h1>\n<h1 style=\"text-align: center;\"><strong data-start=\"1006\" data-end=\"1039\">\ud83d\udc49<a href=\"https:\/\/alamocostadelsol.com\/wp-content\/uploads\/2025\/09\/Spanish-Buyers-Guide.pdf\" target=\"_blank\" rel=\"noopener\"> <span style=\"text-decoration: underline;\">Espa\u00f1ol<\/span><\/a><\/strong><\/h1>\n<p><strong data-start=\"1006\" data-end=\"1039\"><\/strong><\/p>\n<p>[\/et_pb_text][\/et_pb_column][et_pb_column type=&#8221;1_2&#8243; _builder_version=&#8221;4.27.4&#8243; _module_preset=&#8221;default&#8221; global_colors_info=&#8221;{}&#8221;][et_pb_text _builder_version=&#8221;4.27.4&#8243; _module_preset=&#8221;default&#8221; hover_enabled=&#8221;0&#8243; global_colors_info=&#8221;{}&#8221; sticky_enabled=&#8221;0&#8243; width=&#8221;63.9%&#8221;]<\/p>\n<h1 style=\"text-align: center;\"><strong>S\u00e4ljarens guide<\/strong><\/h1>\n<h1 style=\"text-align: center;\"><strong data-start=\"1006\" data-end=\"1039\">\ud83d\udc49<a href=\"https:\/\/alamocostadelsol.com\/wp-content\/uploads\/2025\/09\/Sellers-Guide-English.pdf\" target=\"_blank\" rel=\"noopener\"> <span style=\"text-decoration: underline;\">Engelska<\/span><\/a><\/strong><\/h1>\n<h1 style=\"text-align: center;\"><strong data-start=\"1006\" data-end=\"1039\">\ud83d\udc49<a href=\"https:\/\/alamocostadelsol.com\/wp-content\/uploads\/2025\/09\/Sellers-Guide-Swedish.pdf\" target=\"_blank\" rel=\"noopener\"> <span style=\"text-decoration: underline;\">Svenska<\/span><\/a><\/strong><\/h1>\n<h1 style=\"text-align: center;\"><strong data-start=\"1006\" data-end=\"1039\">\ud83d\udc49<a href=\"https:\/\/alamocostadelsol.com\/wp-content\/uploads\/2025\/09\/Sellers-Guide-Spanish.pdf\" target=\"_blank\" rel=\"noopener\"> <span style=\"text-decoration: underline;\">Espa\u00f1ol<\/span><\/a><\/strong><\/h1>\n<p>[\/et_pb_text][\/et_pb_column][\/et_pb_row][\/et_pb_section]<\/p>\n","protected":false},"excerpt":{"rendered":"<p>&nbsp; \u2705 Tack f\u00f6r att du bad om v\u00e5r guide! Ladda ner den p\u00e5 ditt f\u00f6redragna spr\u00e5k:K\u00f6parens guide \ud83d\udc49 Engelska \ud83d\udc49 Svenska \ud83d\udc49 Espa\u00f1ol S\u00e4ljarens guide \ud83d\udc49 Engelska \ud83d\udc49 Svenska \ud83d\udc49 Espa\u00f1ol<\/p>\n","protected":false},"author":3,"featured_media":0,"parent":0,"menu_order":0,"comment_status":"closed","ping_status":"closed","template":"","meta":{"_et_pb_use_builder":"on","_et_pb_old_content":"","_et_gb_content_width":"","footnotes":""},"dipi_cpt_category":[],"class_list":["post-18814508","page","type-page","status-publish","hentry"],"yoast_head":"<!-- This site is optimized with the Yoast SEO plugin v25.8 - https:\/\/yoast.com\/wordpress\/plugins\/seo\/ -->\n<title>Ladda ner din fastighetsguide f\u00f6r Costa del Sol | Alamo<\/title>\n<meta name=\"description\" content=\"Tack f\u00f6r att du beg\u00e4r v\u00e5r fastighetsguide f\u00f6r Costa del Sol. Ladda ner din k\u00f6par- eller s\u00e4ljarguide p\u00e5 ditt f\u00f6redragna spr\u00e5k nedan.\" \/>\n<meta name=\"robots\" content=\"noindex, nofollow\" \/>\n<meta property=\"og:locale\" content=\"sv_SE\" \/>\n<meta property=\"og:type\" content=\"article\" \/>\n<meta property=\"og:title\" content=\"Ladda ner din fastighetsguide f\u00f6r Costa del Sol | Alamo\" \/>\n<meta property=\"og:description\" content=\"Tack f\u00f6r att du beg\u00e4r v\u00e5r fastighetsguide f\u00f6r Costa del Sol. Ladda ner din k\u00f6par- eller s\u00e4ljarguide p\u00e5 ditt f\u00f6redragna spr\u00e5k nedan.\" \/>\n<meta property=\"og:url\" content=\"https:\/\/alamocostadelsol.com\/sv\/nedladdning-av-guide\" \/>\n<meta property=\"og:site_name\" content=\"Alamo - makes your dream come true at costa del sol\" \/>\n<meta property=\"article:publisher\" content=\"https:\/\/www.facebook.com\/alamocostadelsol\" \/>\n<meta property=\"article:modified_time\" content=\"2026-01-12T15:44:21+00:00\" \/>\n<meta name=\"twitter:card\" content=\"summary_large_image\" \/>\n<meta name=\"twitter:label1\" content=\"Ber\u00e4knad l\u00e4stid\" \/>\n\t<meta name=\"twitter:data1\" content=\"1 minut\" \/>\n<script type=\"application\/ld+json\" class=\"yoast-schema-graph\">{\"@context\":\"https:\/\/schema.org\",\"@graph\":[{\"@type\":\"WebPage\",\"@id\":\"https:\/\/alamocostadelsol.com\/sv\/nedladdning-av-guide\",\"url\":\"https:\/\/alamocostadelsol.com\/sv\/nedladdning-av-guide\",\"name\":\"Ladda ner din fastighetsguide f\u00f6r Costa del Sol | Alamo\",\"isPartOf\":{\"@id\":\"https:\/\/alamocostadelsol.com\/sv#website\"},\"datePublished\":\"2025-05-12T11:41:24+00:00\",\"dateModified\":\"2026-01-12T15:44:21+00:00\",\"description\":\"Tack f\u00f6r att du beg\u00e4r v\u00e5r fastighetsguide f\u00f6r Costa del Sol. Ladda ner din k\u00f6par- eller s\u00e4ljarguide p\u00e5 ditt f\u00f6redragna spr\u00e5k nedan.\",\"breadcrumb\":{\"@id\":\"https:\/\/alamocostadelsol.com\/sv\/nedladdning-av-guide#breadcrumb\"},\"inLanguage\":\"sv-SE\",\"potentialAction\":[{\"@type\":\"ReadAction\",\"target\":[\"https:\/\/alamocostadelsol.com\/sv\/nedladdning-av-guide\"]}]},{\"@type\":\"BreadcrumbList\",\"@id\":\"https:\/\/alamocostadelsol.com\/sv\/nedladdning-av-guide#breadcrumb\",\"itemListElement\":[{\"@type\":\"ListItem\",\"position\":1,\"name\":\"Home\",\"item\":\"https:\/\/alamocostadelsol.com\/sv\"},{\"@type\":\"ListItem\",\"position\":2,\"name\":\"Nedladdning av guide\"}]},{\"@type\":\"WebSite\",\"@id\":\"https:\/\/alamocostadelsol.com\/sv#website\",\"url\":\"https:\/\/alamocostadelsol.com\/sv\",\"name\":\"Alamo - makes your dream come true at costa del sol\",\"description\":\"\",\"publisher\":{\"@id\":\"https:\/\/alamocostadelsol.com\/sv#organization\"},\"potentialAction\":[{\"@type\":\"SearchAction\",\"target\":{\"@type\":\"EntryPoint\",\"urlTemplate\":\"https:\/\/alamocostadelsol.com\/sv?s={search_term_string}\"},\"query-input\":{\"@type\":\"PropertyValueSpecification\",\"valueRequired\":true,\"valueName\":\"search_term_string\"}}],\"inLanguage\":\"sv-SE\"},{\"@type\":\"Organization\",\"@id\":\"https:\/\/alamocostadelsol.com\/sv#organization\",\"name\":\"Alamo - makes your dream come true at costa del sol\",\"url\":\"https:\/\/alamocostadelsol.com\/sv\",\"logo\":{\"@type\":\"ImageObject\",\"inLanguage\":\"sv-SE\",\"@id\":\"https:\/\/alamocostadelsol.com\/sv#\/schema\/logo\/image\/\",\"url\":\"https:\/\/alamocostadelsol.com\/wp-content\/uploads\/2024\/05\/alamo-costa-del-sol-logotype.png\",\"contentUrl\":\"https:\/\/alamocostadelsol.com\/wp-content\/uploads\/2024\/05\/alamo-costa-del-sol-logotype.png\",\"width\":773,\"height\":170,\"caption\":\"Alamo - makes your dream come true at costa del sol\"},\"image\":{\"@id\":\"https:\/\/alamocostadelsol.com\/sv#\/schema\/logo\/image\/\"},\"sameAs\":[\"https:\/\/www.facebook.com\/alamocostadelsol\",\"https:\/\/www.instagram.com\/alamocostadelsol\/\"]}]}<\/script>\n<!-- \/ Yoast SEO plugin. -->","yoast_head_json":{"title":"Ladda ner din fastighetsguide f\u00f6r Costa del Sol | Alamo","description":"Tack f\u00f6r att du beg\u00e4r v\u00e5r fastighetsguide f\u00f6r Costa del Sol. Ladda ner din k\u00f6par- eller s\u00e4ljarguide p\u00e5 ditt f\u00f6redragna spr\u00e5k nedan.","robots":{"index":"noindex","follow":"nofollow"},"og_locale":"sv_SE","og_type":"article","og_title":"Ladda ner din fastighetsguide f\u00f6r Costa del Sol | Alamo","og_description":"Tack f\u00f6r att du beg\u00e4r v\u00e5r fastighetsguide f\u00f6r Costa del Sol. Ladda ner din k\u00f6par- eller s\u00e4ljarguide p\u00e5 ditt f\u00f6redragna spr\u00e5k nedan.","og_url":"https:\/\/alamocostadelsol.com\/sv\/nedladdning-av-guide","og_site_name":"Alamo - makes your dream come true at costa del sol","article_publisher":"https:\/\/www.facebook.com\/alamocostadelsol","article_modified_time":"2026-01-12T15:44:21+00:00","twitter_card":"summary_large_image","twitter_misc":{"Ber\u00e4knad l\u00e4stid":"1 minut"},"schema":{"@context":"https:\/\/schema.org","@graph":[{"@type":"WebPage","@id":"https:\/\/alamocostadelsol.com\/sv\/nedladdning-av-guide","url":"https:\/\/alamocostadelsol.com\/sv\/nedladdning-av-guide","name":"Ladda ner din fastighetsguide f\u00f6r Costa del Sol | Alamo","isPartOf":{"@id":"https:\/\/alamocostadelsol.com\/sv#website"},"datePublished":"2025-05-12T11:41:24+00:00","dateModified":"2026-01-12T15:44:21+00:00","description":"Tack f\u00f6r att du beg\u00e4r v\u00e5r fastighetsguide f\u00f6r Costa del Sol. Ladda ner din k\u00f6par- eller s\u00e4ljarguide p\u00e5 ditt f\u00f6redragna spr\u00e5k nedan.","breadcrumb":{"@id":"https:\/\/alamocostadelsol.com\/sv\/nedladdning-av-guide#breadcrumb"},"inLanguage":"sv-SE","potentialAction":[{"@type":"ReadAction","target":["https:\/\/alamocostadelsol.com\/sv\/nedladdning-av-guide"]}]},{"@type":"BreadcrumbList","@id":"https:\/\/alamocostadelsol.com\/sv\/nedladdning-av-guide#breadcrumb","itemListElement":[{"@type":"ListItem","position":1,"name":"Home","item":"https:\/\/alamocostadelsol.com\/sv"},{"@type":"ListItem","position":2,"name":"Nedladdning av guide"}]},{"@type":"WebSite","@id":"https:\/\/alamocostadelsol.com\/sv#website","url":"https:\/\/alamocostadelsol.com\/sv","name":"Alamo - makes your dream come true at costa del sol","description":"","publisher":{"@id":"https:\/\/alamocostadelsol.com\/sv#organization"},"potentialAction":[{"@type":"SearchAction","target":{"@type":"EntryPoint","urlTemplate":"https:\/\/alamocostadelsol.com\/sv?s={search_term_string}"},"query-input":{"@type":"PropertyValueSpecification","valueRequired":true,"valueName":"search_term_string"}}],"inLanguage":"sv-SE"},{"@type":"Organization","@id":"https:\/\/alamocostadelsol.com\/sv#organization","name":"Alamo - makes your dream come true at costa del sol","url":"https:\/\/alamocostadelsol.com\/sv","logo":{"@type":"ImageObject","inLanguage":"sv-SE","@id":"https:\/\/alamocostadelsol.com\/sv#\/schema\/logo\/image\/","url":"https:\/\/alamocostadelsol.com\/wp-content\/uploads\/2024\/05\/alamo-costa-del-sol-logotype.png","contentUrl":"https:\/\/alamocostadelsol.com\/wp-content\/uploads\/2024\/05\/alamo-costa-del-sol-logotype.png","width":773,"height":170,"caption":"Alamo - makes your dream come true at costa del sol"},"image":{"@id":"https:\/\/alamocostadelsol.com\/sv#\/schema\/logo\/image\/"},"sameAs":["https:\/\/www.facebook.com\/alamocostadelsol","https:\/\/www.instagram.com\/alamocostadelsol\/"]}]}},"_links":{"self":[{"href":"https:\/\/alamocostadelsol.com\/sv\/wp-json\/wp\/v2\/pages\/18814508","targetHints":{"allow":["GET"]}}],"collection":[{"href":"https:\/\/alamocostadelsol.com\/sv\/wp-json\/wp\/v2\/pages"}],"about":[{"href":"https:\/\/alamocostadelsol.com\/sv\/wp-json\/wp\/v2\/types\/page"}],"author":[{"embeddable":true,"href":"https:\/\/alamocostadelsol.com\/sv\/wp-json\/wp\/v2\/users\/3"}],"replies":[{"embeddable":true,"href":"https:\/\/alamocostadelsol.com\/sv\/wp-json\/wp\/v2\/comments?post=18814508"}],"version-history":[{"count":3,"href":"https:\/\/alamocostadelsol.com\/sv\/wp-json\/wp\/v2\/pages\/18814508\/revisions"}],"predecessor-version":[{"id":18814516,"href":"https:\/\/alamocostadelsol.com\/sv\/wp-json\/wp\/v2\/pages\/18814508\/revisions\/18814516"}],"wp:attachment":[{"href":"https:\/\/alamocostadelsol.com\/sv\/wp-json\/wp\/v2\/media?parent=18814508"}],"wp:term":[{"taxonomy":"dipi_cpt_category","embeddable":true,"href":"https:\/\/alamocostadelsol.com\/sv\/wp-json\/wp\/v2\/dipi_cpt_category?post=18814508"}],"curies":[{"name":"wp","href":"https:\/\/api.w.org\/{rel}","templated":true}]}}