{"id":18812787,"date":"2024-06-10T19:29:00","date_gmt":"2024-06-10T17:29:00","guid":{"rendered":"https:\/\/alamocostadelsol.com\/om-alamo\/emelie-vretman"},"modified":"2026-01-12T13:51:02","modified_gmt":"2026-01-12T12:51:02","slug":"emelie-vretman","status":"publish","type":"page","link":"https:\/\/alamocostadelsol.com\/sv\/om-alamo\/emelie-vretman","title":{"rendered":"Emelie Vretman"},"content":{"rendered":"<p>[et_pb_section fb_built=&#8221;1&#8243; _builder_version=&#8221;4.27.4&#8243; _module_preset=&#8221;default&#8221; global_colors_info=&#8221;{}&#8221;][et_pb_row column_structure=&#8221;1_3,2_3&#8243; _builder_version=&#8221;4.25.1&#8243; _module_preset=&#8221;default&#8221; width=&#8221;90%&#8221; max_width=&#8221;100%&#8221; global_colors_info=&#8221;{}&#8221;][et_pb_column type=&#8221;1_3&#8243; _builder_version=&#8221;4.25.1&#8243; _module_preset=&#8221;default&#8221; global_colors_info=&#8221;{}&#8221;][et_pb_image src=&#8221;https:\/\/alamocostadelsol.com\/wp-content\/uploads\/2025\/06\/DSC070412.jpg&#8221; alt=&#8221;Catarina Henriksson&#8221; title_text=&#8221;DSC070412&#8243; align=&#8221;right&#8221; _builder_version=&#8221;4.27.4&#8243; _module_preset=&#8221;default&#8221; width=&#8221;80%&#8221; global_colors_info=&#8221;{}&#8221;][\/et_pb_image][\/et_pb_column][et_pb_column type=&#8221;2_3&#8243; _builder_version=&#8221;4.25.1&#8243; _module_preset=&#8221;default&#8221; global_colors_info=&#8221;{}&#8221;][et_pb_text _builder_version=&#8221;4.27.4&#8243; _module_preset=&#8221;default&#8221; text_font=&#8221;Marcellus||||||||&#8221; text_font_size=&#8221;16px&#8221; header_font=&#8221;Marcellus|700|||||||&#8221; header_font_size=&#8221;36px&#8221; header_2_font=&#8221;Marcellus||||||||&#8221; header_2_font_size=&#8221;22px&#8221; custom_padding=&#8221;3px|||||&#8221; hover_enabled=&#8221;0&#8243; global_colors_info=&#8221;{}&#8221; sticky_enabled=&#8221;0&#8243;]<\/p>\n<h1><a class=\"block font-medium text-lg\">Emelie Vretman<\/a><\/h1>\n<h2><span>Samarbetsagent<\/span><\/h2>\n<p><span><\/span><\/p>\n<p><span>Jag flyttade till Costa del Sol f\u00f6r fyra \u00e5r sedan och kommer ursprungligen fr\u00e5n Sverige. Under mitt liv har jag haft m\u00f6jligheten att bo p\u00e5 flera olika platser, och jag har alltid haft en passion f\u00f6r att tr\u00e4ffa nya m\u00e4nniskor och utforska nya destinationer. <\/span><\/p>\n<p>Med en stark bakgrund inom f\u00f6rs\u00e4ljning och en genuin k\u00e4rlek till att arbeta med m\u00e4nniskor har jag under m\u00e5nga \u00e5r byggt meningsfulla relationer och hj\u00e4lpt kunder att hitta r\u00e4tt l\u00f6sningar f\u00f6r sina behov.<\/p>\n<p>Nu ligger mitt fokus p\u00e5 att hj\u00e4lpa dig hitta ditt dr\u00f6mhem h\u00e4r p\u00e5 Costa del Sol. Jag finns h\u00e4r f\u00f6r att guida och st\u00f6tta dig genom hela processen \u2013 och g\u00f6ra den s\u00e5 smidig och trevlig som m\u00f6jligt. <\/p>\n<p>[\/et_pb_text][\/et_pb_column][\/et_pb_row][et_pb_row _builder_version=&#8221;4.27.4&#8243; _module_preset=&#8221;default&#8221; global_colors_info=&#8221;{}&#8221;][et_pb_column type=&#8221;4_4&#8243; _builder_version=&#8221;4.27.4&#8243; _module_preset=&#8221;default&#8221; global_colors_info=&#8221;{}&#8221;][et_pb_post_nav _builder_version=&#8221;4.27.4&#8243; _module_preset=&#8221;default&#8221; global_colors_info=&#8221;{}&#8221;][\/et_pb_post_nav][\/et_pb_column][\/et_pb_row][\/et_pb_section]<\/p>\n","protected":false},"excerpt":{"rendered":"<p>Emelie Vretman Samarbetsagent Jag flyttade till Costa del Sol f\u00f6r fyra \u00e5r sedan och kommer ursprungligen fr\u00e5n Sverige. Under mitt liv har jag haft m\u00f6jligheten att bo p\u00e5 flera olika platser, och jag har alltid haft en passion f\u00f6r att tr\u00e4ffa nya m\u00e4nniskor och utforska nya destinationer. Med en stark bakgrund inom f\u00f6rs\u00e4ljning och en [&hellip;]<\/p>\n","protected":false},"author":3,"featured_media":0,"parent":593,"menu_order":0,"comment_status":"closed","ping_status":"closed","template":"","meta":{"_et_pb_use_builder":"on","_et_pb_old_content":"","_et_gb_content_width":"","footnotes":""},"dipi_cpt_category":[],"class_list":["post-18812787","page","type-page","status-publish","hentry"],"yoast_head":"<!-- This site is optimized with the Yoast SEO plugin v25.8 - https:\/\/yoast.com\/wordpress\/plugins\/seo\/ -->\n<title>Emelie Vretman | Fastighetsm\u00e4klare p\u00e5 Costa del Sol<\/title>\n<meta name=\"description\" content=\"Emelie Vretman \u00e4r fastighetsm\u00e4klare p\u00e5 Alamo Costa del Sol och st\u00f6djer k\u00f6pare och s\u00e4ljare med professionell v\u00e4gledning och lokal kunskap.\" \/>\n<meta name=\"robots\" content=\"index, follow, max-snippet:-1, max-image-preview:large, max-video-preview:-1\" \/>\n<link rel=\"canonical\" href=\"https:\/\/alamocostadelsol.com\/sv\/om-alamo\/emelie-vretman\" \/>\n<meta property=\"og:locale\" content=\"sv_SE\" \/>\n<meta property=\"og:type\" content=\"article\" \/>\n<meta property=\"og:title\" content=\"Emelie Vretman | Fastighetsm\u00e4klare p\u00e5 Costa del Sol\" \/>\n<meta property=\"og:description\" content=\"Emelie Vretman \u00e4r fastighetsm\u00e4klare p\u00e5 Alamo Costa del Sol och st\u00f6djer k\u00f6pare och s\u00e4ljare med professionell v\u00e4gledning och lokal kunskap.\" \/>\n<meta property=\"og:url\" content=\"https:\/\/alamocostadelsol.com\/sv\/om-alamo\/emelie-vretman\" \/>\n<meta property=\"og:site_name\" content=\"Alamo - makes your dream come true at costa del sol\" \/>\n<meta property=\"article:publisher\" content=\"https:\/\/www.facebook.com\/alamocostadelsol\" \/>\n<meta property=\"article:modified_time\" content=\"2026-01-12T12:51:02+00:00\" \/>\n<meta name=\"twitter:card\" content=\"summary_large_image\" \/>\n<meta name=\"twitter:label1\" content=\"Ber\u00e4knad l\u00e4stid\" \/>\n\t<meta name=\"twitter:data1\" content=\"2 minuter\" \/>\n<script type=\"application\/ld+json\" class=\"yoast-schema-graph\">{\"@context\":\"https:\/\/schema.org\",\"@graph\":[{\"@type\":\"WebPage\",\"@id\":\"https:\/\/alamocostadelsol.com\/sv\/om-alamo\/emelie-vretman\",\"url\":\"https:\/\/alamocostadelsol.com\/sv\/om-alamo\/emelie-vretman\",\"name\":\"Emelie Vretman | Fastighetsm\u00e4klare p\u00e5 Costa del Sol\",\"isPartOf\":{\"@id\":\"https:\/\/alamocostadelsol.com\/sv#website\"},\"datePublished\":\"2024-06-10T17:29:00+00:00\",\"dateModified\":\"2026-01-12T12:51:02+00:00\",\"description\":\"Emelie Vretman \u00e4r fastighetsm\u00e4klare p\u00e5 Alamo Costa del Sol och st\u00f6djer k\u00f6pare och s\u00e4ljare med professionell v\u00e4gledning och lokal kunskap.\",\"breadcrumb\":{\"@id\":\"https:\/\/alamocostadelsol.com\/sv\/om-alamo\/emelie-vretman#breadcrumb\"},\"inLanguage\":\"sv-SE\",\"potentialAction\":[{\"@type\":\"ReadAction\",\"target\":[\"https:\/\/alamocostadelsol.com\/sv\/om-alamo\/emelie-vretman\"]}]},{\"@type\":\"BreadcrumbList\",\"@id\":\"https:\/\/alamocostadelsol.com\/sv\/om-alamo\/emelie-vretman#breadcrumb\",\"itemListElement\":[{\"@type\":\"ListItem\",\"position\":1,\"name\":\"Home\",\"item\":\"https:\/\/alamocostadelsol.com\/sv\"},{\"@type\":\"ListItem\",\"position\":2,\"name\":\"Om Alamo\",\"item\":\"https:\/\/alamocostadelsol.com\/sv\/om-alamo\"},{\"@type\":\"ListItem\",\"position\":3,\"name\":\"Emelie Vretman\"}]},{\"@type\":\"WebSite\",\"@id\":\"https:\/\/alamocostadelsol.com\/sv#website\",\"url\":\"https:\/\/alamocostadelsol.com\/sv\",\"name\":\"Alamo - makes your dream come true at costa del sol\",\"description\":\"\",\"publisher\":{\"@id\":\"https:\/\/alamocostadelsol.com\/sv#organization\"},\"potentialAction\":[{\"@type\":\"SearchAction\",\"target\":{\"@type\":\"EntryPoint\",\"urlTemplate\":\"https:\/\/alamocostadelsol.com\/sv?s={search_term_string}\"},\"query-input\":{\"@type\":\"PropertyValueSpecification\",\"valueRequired\":true,\"valueName\":\"search_term_string\"}}],\"inLanguage\":\"sv-SE\"},{\"@type\":\"Organization\",\"@id\":\"https:\/\/alamocostadelsol.com\/sv#organization\",\"name\":\"Alamo - makes your dream come true at costa del sol\",\"url\":\"https:\/\/alamocostadelsol.com\/sv\",\"logo\":{\"@type\":\"ImageObject\",\"inLanguage\":\"sv-SE\",\"@id\":\"https:\/\/alamocostadelsol.com\/sv#\/schema\/logo\/image\/\",\"url\":\"https:\/\/alamocostadelsol.com\/wp-content\/uploads\/2024\/05\/alamo-costa-del-sol-logotype.png\",\"contentUrl\":\"https:\/\/alamocostadelsol.com\/wp-content\/uploads\/2024\/05\/alamo-costa-del-sol-logotype.png\",\"width\":773,\"height\":170,\"caption\":\"Alamo - makes your dream come true at costa del sol\"},\"image\":{\"@id\":\"https:\/\/alamocostadelsol.com\/sv#\/schema\/logo\/image\/\"},\"sameAs\":[\"https:\/\/www.facebook.com\/alamocostadelsol\",\"https:\/\/www.instagram.com\/alamocostadelsol\/\"]}]}<\/script>\n<!-- \/ Yoast SEO plugin. -->","yoast_head_json":{"title":"Emelie Vretman | Fastighetsm\u00e4klare p\u00e5 Costa del Sol","description":"Emelie Vretman \u00e4r fastighetsm\u00e4klare p\u00e5 Alamo Costa del Sol och st\u00f6djer k\u00f6pare och s\u00e4ljare med professionell v\u00e4gledning och lokal kunskap.","robots":{"index":"index","follow":"follow","max-snippet":"max-snippet:-1","max-image-preview":"max-image-preview:large","max-video-preview":"max-video-preview:-1"},"canonical":"https:\/\/alamocostadelsol.com\/sv\/om-alamo\/emelie-vretman","og_locale":"sv_SE","og_type":"article","og_title":"Emelie Vretman | Fastighetsm\u00e4klare p\u00e5 Costa del Sol","og_description":"Emelie Vretman \u00e4r fastighetsm\u00e4klare p\u00e5 Alamo Costa del Sol och st\u00f6djer k\u00f6pare och s\u00e4ljare med professionell v\u00e4gledning och lokal kunskap.","og_url":"https:\/\/alamocostadelsol.com\/sv\/om-alamo\/emelie-vretman","og_site_name":"Alamo - makes your dream come true at costa del sol","article_publisher":"https:\/\/www.facebook.com\/alamocostadelsol","article_modified_time":"2026-01-12T12:51:02+00:00","twitter_card":"summary_large_image","twitter_misc":{"Ber\u00e4knad l\u00e4stid":"2 minuter"},"schema":{"@context":"https:\/\/schema.org","@graph":[{"@type":"WebPage","@id":"https:\/\/alamocostadelsol.com\/sv\/om-alamo\/emelie-vretman","url":"https:\/\/alamocostadelsol.com\/sv\/om-alamo\/emelie-vretman","name":"Emelie Vretman | Fastighetsm\u00e4klare p\u00e5 Costa del Sol","isPartOf":{"@id":"https:\/\/alamocostadelsol.com\/sv#website"},"datePublished":"2024-06-10T17:29:00+00:00","dateModified":"2026-01-12T12:51:02+00:00","description":"Emelie Vretman \u00e4r fastighetsm\u00e4klare p\u00e5 Alamo Costa del Sol och st\u00f6djer k\u00f6pare och s\u00e4ljare med professionell v\u00e4gledning och lokal kunskap.","breadcrumb":{"@id":"https:\/\/alamocostadelsol.com\/sv\/om-alamo\/emelie-vretman#breadcrumb"},"inLanguage":"sv-SE","potentialAction":[{"@type":"ReadAction","target":["https:\/\/alamocostadelsol.com\/sv\/om-alamo\/emelie-vretman"]}]},{"@type":"BreadcrumbList","@id":"https:\/\/alamocostadelsol.com\/sv\/om-alamo\/emelie-vretman#breadcrumb","itemListElement":[{"@type":"ListItem","position":1,"name":"Home","item":"https:\/\/alamocostadelsol.com\/sv"},{"@type":"ListItem","position":2,"name":"Om Alamo","item":"https:\/\/alamocostadelsol.com\/sv\/om-alamo"},{"@type":"ListItem","position":3,"name":"Emelie Vretman"}]},{"@type":"WebSite","@id":"https:\/\/alamocostadelsol.com\/sv#website","url":"https:\/\/alamocostadelsol.com\/sv","name":"Alamo - makes your dream come true at costa del sol","description":"","publisher":{"@id":"https:\/\/alamocostadelsol.com\/sv#organization"},"potentialAction":[{"@type":"SearchAction","target":{"@type":"EntryPoint","urlTemplate":"https:\/\/alamocostadelsol.com\/sv?s={search_term_string}"},"query-input":{"@type":"PropertyValueSpecification","valueRequired":true,"valueName":"search_term_string"}}],"inLanguage":"sv-SE"},{"@type":"Organization","@id":"https:\/\/alamocostadelsol.com\/sv#organization","name":"Alamo - makes your dream come true at costa del sol","url":"https:\/\/alamocostadelsol.com\/sv","logo":{"@type":"ImageObject","inLanguage":"sv-SE","@id":"https:\/\/alamocostadelsol.com\/sv#\/schema\/logo\/image\/","url":"https:\/\/alamocostadelsol.com\/wp-content\/uploads\/2024\/05\/alamo-costa-del-sol-logotype.png","contentUrl":"https:\/\/alamocostadelsol.com\/wp-content\/uploads\/2024\/05\/alamo-costa-del-sol-logotype.png","width":773,"height":170,"caption":"Alamo - makes your dream come true at costa del sol"},"image":{"@id":"https:\/\/alamocostadelsol.com\/sv#\/schema\/logo\/image\/"},"sameAs":["https:\/\/www.facebook.com\/alamocostadelsol","https:\/\/www.instagram.com\/alamocostadelsol\/"]}]}},"_links":{"self":[{"href":"https:\/\/alamocostadelsol.com\/sv\/wp-json\/wp\/v2\/pages\/18812787","targetHints":{"allow":["GET"]}}],"collection":[{"href":"https:\/\/alamocostadelsol.com\/sv\/wp-json\/wp\/v2\/pages"}],"about":[{"href":"https:\/\/alamocostadelsol.com\/sv\/wp-json\/wp\/v2\/types\/page"}],"author":[{"embeddable":true,"href":"https:\/\/alamocostadelsol.com\/sv\/wp-json\/wp\/v2\/users\/3"}],"replies":[{"embeddable":true,"href":"https:\/\/alamocostadelsol.com\/sv\/wp-json\/wp\/v2\/comments?post=18812787"}],"version-history":[{"count":6,"href":"https:\/\/alamocostadelsol.com\/sv\/wp-json\/wp\/v2\/pages\/18812787\/revisions"}],"predecessor-version":[{"id":18814286,"href":"https:\/\/alamocostadelsol.com\/sv\/wp-json\/wp\/v2\/pages\/18812787\/revisions\/18814286"}],"up":[{"embeddable":true,"href":"https:\/\/alamocostadelsol.com\/sv\/wp-json\/wp\/v2\/pages\/593"}],"wp:attachment":[{"href":"https:\/\/alamocostadelsol.com\/sv\/wp-json\/wp\/v2\/media?parent=18812787"}],"wp:term":[{"taxonomy":"dipi_cpt_category","embeddable":true,"href":"https:\/\/alamocostadelsol.com\/sv\/wp-json\/wp\/v2\/dipi_cpt_category?post=18812787"}],"curies":[{"name":"wp","href":"https:\/\/api.w.org\/{rel}","templated":true}]}}