{"id":18812019,"date":"2025-06-04T14:59:01","date_gmt":"2025-06-04T12:59:01","guid":{"rendered":"https:\/\/alamocostadelsol.com\/kopguide"},"modified":"2025-06-09T14:06:43","modified_gmt":"2025-06-09T12:06:43","slug":"kopguide","status":"publish","type":"page","link":"https:\/\/alamocostadelsol.com\/sv\/kopguide","title":{"rendered":"K\u00f6pguide"},"content":{"rendered":"<p>[et_pb_section fb_built=&#8221;1&#8243; _builder_version=&#8221;4.27.4&#8243; _module_preset=&#8221;default&#8221; global_colors_info=&#8221;{}&#8221;][et_pb_row _builder_version=&#8221;4.27.4&#8243; _module_preset=&#8221;default&#8221; global_colors_info=&#8221;{}&#8221;][et_pb_column type=&#8221;4_4&#8243; _builder_version=&#8221;4.27.4&#8243; _module_preset=&#8221;default&#8221; global_colors_info=&#8221;{}&#8221;][et_pb_image src=&#8221;https:\/\/alamocostadelsol.com\/wp-content\/uploads\/2025\/06\/3.png&#8221; title_text=&#8221;3&#8243; _builder_version=&#8221;4.27.4&#8243; _module_preset=&#8221;default&#8221; width_tablet=&#8221;&#8221; width_phone=&#8221;&#8221; width_last_edited=&#8221;on|desktop&#8221; max_width=&#8221;81%&#8221; module_alignment=&#8221;center&#8221; hover_enabled=&#8221;0&#8243; module_alignment_tablet=&#8221;center&#8221; module_alignment_phone=&#8221;center&#8221; module_alignment_last_edited=&#8221;on|desktop&#8221; global_colors_info=&#8221;{}&#8221; sticky_enabled=&#8221;0&#8243;][\/et_pb_image][et_pb_contact_form use_spam_service=&#8221;on&#8221; recaptcha_list=&#8221;Alamo ReCap forms|Alamo ReCap forms-0&#8243; email=&#8221;contact@alamocostadelsol.com&#8221; title=&#8221;H\u00e4mta hela k\u00f6pguiden&#8221; custom_message=&#8221;En ny anv\u00e4ndare har beg\u00e4rt k\u00f6pguiden.||et_pb_line_break_holder||||et_pb_line_break_holder||E-post: %%Email%%||et_pb_line_break_holder||&#8221; use_redirect=&#8221;on&#8221; redirect_url=&#8221;https:\/\/alamocostadelsol.com\/guide-download&#8221; success_message=&#8221;Tack f\u00f6r att du best\u00e4ller v\u00e5r k\u00f6pguide!&#8221; submit_button_text=&#8221;Ladda ned nu&#8221; _builder_version=&#8221;4.27.4&#8243; _module_preset=&#8221;default&#8221; _unique_id=&#8221;a4d7076c-8199-4434-8e35-24332353c404&#8243; form_field_background_color=&#8221;#f9f9f9&#8243; title_level=&#8221;h2&#8243; title_font=&#8221;Marcellus|700|||||||&#8221; title_text_align=&#8221;center&#8221; title_line_height=&#8221;1.8em&#8221; form_field_font=&#8221;Marcellus|&#8211;et_global_body_font_weight|||||||&#8221; form_field_text_align=&#8221;left&#8221; form_field_font_size=&#8221;16px&#8221; background_color=&#8221;#FFFFFF&#8221; custom_button=&#8221;on&#8221; button_text_color=&#8221;#FFFFFF&#8221; button_bg_color=&#8221;#003c58&#8243; button_border_width=&#8221;2px&#8221; button_border_radius=&#8221;25px&#8221; button_font=&#8221;Marcellus|700|||||||&#8221; button_use_icon=&#8221;off&#8221; button_custom_margin=&#8221;||||false|false&#8221; button_custom_padding=&#8221;||||false|false&#8221; width=&#8221;100%&#8221; width_tablet=&#8221;100%&#8221; width_phone=&#8221;102%&#8221; width_last_edited=&#8221;on|tablet&#8221; max_width=&#8221;46%&#8221; max_width_tablet=&#8221;62%&#8221; max_width_phone=&#8221;100%&#8221; max_width_last_edited=&#8221;on|phone&#8221; module_alignment=&#8221;center&#8221; height=&#8221;254px&#8221; custom_margin=&#8221;||-117px|||&#8221; custom_padding=&#8221;5%|5%|0%|5%|false|false&#8221; button_text_size_tablet=&#8221;&#8221; button_text_size_phone=&#8221;15px&#8221; button_text_size_last_edited=&#8221;on|desktop&#8221; border_radii=&#8221;on|25px|25px|25px|25px&#8221; global_colors_info=&#8221;{}&#8221;][et_pb_contact_field field_id=&#8221;Email&#8221; field_title=&#8221;E-post&#8221; field_type=&#8221;email&#8221; fullwidth_field=&#8221;on&#8221; _builder_version=&#8221;4.27.0&#8243; global_colors_info=&#8221;{}&#8221; button_text_size__hover_enabled=&#8221;off&#8221; button_one_text_size__hover_enabled=&#8221;off&#8221; button_two_text_size__hover_enabled=&#8221;off&#8221; button_text_color__hover_enabled=&#8221;off&#8221; button_one_text_color__hover_enabled=&#8221;off&#8221; button_two_text_color__hover_enabled=&#8221;off&#8221; button_border_width__hover_enabled=&#8221;off&#8221; button_one_border_width__hover_enabled=&#8221;off&#8221; button_two_border_width__hover_enabled=&#8221;off&#8221; button_border_color__hover_enabled=&#8221;off&#8221; button_one_border_color__hover_enabled=&#8221;off&#8221; button_two_border_color__hover_enabled=&#8221;off&#8221; button_border_radius__hover_enabled=&#8221;off&#8221; button_one_border_radius__hover_enabled=&#8221;off&#8221; button_two_border_radius__hover_enabled=&#8221;off&#8221; button_letter_spacing__hover_enabled=&#8221;off&#8221; button_one_letter_spacing__hover_enabled=&#8221;off&#8221; button_two_letter_spacing__hover_enabled=&#8221;off&#8221; button_bg_color__hover_enabled=&#8221;off&#8221; button_one_bg_color__hover_enabled=&#8221;off&#8221; button_two_bg_color__hover_enabled=&#8221;off&#8221;][\/et_pb_contact_field][\/et_pb_contact_form][\/et_pb_column][\/et_pb_row][et_pb_row _builder_version=&#8221;4.27.4&#8243; _module_preset=&#8221;default&#8221;][et_pb_column _builder_version=&#8221;4.27.4&#8243; _module_preset=&#8221;default&#8221; type=&#8221;4_4&#8243;][et_pb_text _builder_version=&#8221;4.27.4&#8243; _module_preset=&#8221;default&#8221; hover_enabled=&#8221;0&#8243; sticky_enabled=&#8221;0&#8243;]<\/p>\n<p><span>Att k\u00f6pa ett hus eller en l\u00e4genhet i Spanien \u00e4r inte komplicerat, men det skiljer sig lite fr\u00e5n vad vi \u00e4r vana vid i Storbritannien. Ett fastighetsk\u00f6p tar cirka 6-8 veckor och allt sker p\u00e5 spanska. Det \u00e4r mycket att h\u00e5lla reda p\u00e5, och vi hj\u00e4lper dig genom denna process. Vi rekommenderar att du alltid anlitar en advokat som ocks\u00e5 kan v\u00e4gleda dig genom den juridiska processen.<\/span><\/p>\n<p><span><strong>1. VISNING OCH BUDGIVNING<\/strong><\/span><br \/><span>Efter visning, budgivning och f\u00f6rhandling kommer k\u00f6pare och s\u00e4ljare \u00f6verens om ett f\u00f6rs\u00e4ljningspris.<\/span><\/p>\n<p><span><strong>2. RESERVATIONSAVTAL<\/strong><\/span><br \/><span>(Reservationsavtal)<\/span><br \/><span>Ett enkelt dokument som anger pris- och betalningsvillkor, datum f\u00f6r undertecknande av k\u00f6pekontraktet, om m\u00f6bler ing\u00e5r och om k\u00f6pet \u00e4r villkorat av inteckning, visning etc. 6.000 euro betalas som deposition. Detta dokument undertecknas antingen p\u00e5 m\u00e4klarens kontor eller skickas till k\u00f6paren via e-post, som sedan undertecknar och returnerar det till agenten.<\/span><\/p>\n<p><span><strong>3. JURIDISK GRANSKNING OCH INSAMLING AV DOKUMENTATION F\u00d6R FASTIGHETEN<\/strong><\/span><br \/><span>Advokaten kontaktar s\u00e4ljarens juridiska ombud och samlar in all relevant dokumentation f\u00f6r fastigheten och kontrollerar att alla tillst\u00e5nd och licenser fr\u00e5n kommunen \u00e4r i ordning och att det inte finns n\u00e5gra utest\u00e5ende skulder, inteckningar, kostnader, hyresg\u00e4ster och skatter f\u00f6r fastigheten.<\/span><\/p>\n<p><span><strong>4. PRIVAT K\u00d6PEAVTAL<\/strong><\/span><br \/><span>(K\u00f6pekontrakt)<\/span><br \/><span>N\u00e4r advokaten har unders\u00f6kt fastigheten och bekr\u00e4ftat att allt \u00e4r i sin ordning kan k\u00f6paren och s\u00e4ljaren underteckna k\u00f6pekontraktet. Kontraktet \u00e4r mycket detaljerat och inneh\u00e5ller en omfattande juridisk beskrivning av sj\u00e4lva fastigheten. Den inneh\u00e5ller ocks\u00e5 alla k\u00f6parens och s\u00e4ljarens personuppgifter, k\u00f6peskilling, betalningsplan, ber\u00e4knat datum f\u00f6r undertecknande av lagfarten och andra juridiska klausuler. I samband med att kontraktet undertecknas betalar k\u00f6paren vanligtvis 10% av fastighetens totala f\u00f6rs\u00e4ljningspris.<\/span><\/p>\n<p><span><strong>5. TITELHANDLING<\/strong><\/span><br \/><span>(Uppgift om k\u00f6p)<\/span><br \/><span>I Spanien sker det sista steget i ett fastighetsk\u00f6p hos en notarie. Det \u00e4r en formell handling och b\u00e5da parter, b\u00e5de k\u00f6pare och s\u00e4ljare, antingen med sina advokater eller advokaterna p\u00e5 egen hand med en fullmakt fr\u00e5n sina klienter, tr\u00e4ffar notarien f\u00f6r att underteckna lagfarten. I samma handling betalar k\u00f6paren \u00e5terstoden av det avtalade f\u00f6rs\u00e4ljningspriset till s\u00e4ljaren och s\u00e4ljaren \u00f6verl\u00e4mnar nycklarna till fastigheten till k\u00f6paren. Fr\u00e5n och med nu \u00e4r k\u00f6paren den r\u00e4ttm\u00e4tiga \u00e4garen till fastigheten. Lagfarten m\u00e5ste undertecknas av tre parter: s\u00e4ljaren, k\u00f6paren och notarien.<\/span><\/p>\n<p><span><strong>6. REGISTRERING AV K\u00d6PET<\/strong><\/span><br \/><span>N\u00e5gra dagar efter att lagfarten har undertecknats kan den h\u00e4mtas ut hos notarien, varefter den \u00f6verl\u00e4mnas till fastighetsregistret, som ser till att fastigheten officiellt registreras i den nya \u00e4garens namn. Nu \u00e4r alla kostnader, skatter, \u00f6verl\u00e5telseavgifter och andra juridiska utgifter betalda. Din advokat ser till att alla avtal som vatten, el, \u00e4garf\u00f6rening etc. samt olika skatter relaterade till fastigheten skrivs \u00f6ver till den nya \u00e4garen och betalas via autogiro fr\u00e5n den nya \u00e4garens bankkonto.<\/span><\/p>\n<p>[\/et_pb_text][\/et_pb_column][\/et_pb_row][\/et_pb_section]<\/p>\n","protected":false},"excerpt":{"rendered":"<p>Att k\u00f6pa ett hus eller en l\u00e4genhet i Spanien \u00e4r inte komplicerat, men det skiljer sig lite fr\u00e5n vad vi \u00e4r vana vid i Storbritannien. Ett fastighetsk\u00f6p tar cirka 6-8 veckor och allt sker p\u00e5 spanska. Det \u00e4r mycket att h\u00e5lla reda p\u00e5, och vi hj\u00e4lper dig genom denna process. Vi rekommenderar att du alltid [&hellip;]<\/p>\n","protected":false},"author":3,"featured_media":0,"parent":0,"menu_order":0,"comment_status":"closed","ping_status":"closed","template":"","meta":{"_et_pb_use_builder":"on","_et_pb_old_content":"","_et_gb_content_width":"","footnotes":""},"dipi_cpt_category":[],"class_list":["post-18812019","page","type-page","status-publish","hentry"],"yoast_head":"<!-- This site is optimized with the Yoast SEO plugin v25.8 - https:\/\/yoast.com\/wordpress\/plugins\/seo\/ -->\n<title>K\u00f6pguide - Alamo - makes your dream come true at costa del sol<\/title>\n<meta name=\"robots\" content=\"index, follow, max-snippet:-1, max-image-preview:large, max-video-preview:-1\" \/>\n<link rel=\"canonical\" href=\"https:\/\/alamocostadelsol.com\/sv\/kopguide\" \/>\n<meta property=\"og:locale\" content=\"sv_SE\" \/>\n<meta property=\"og:type\" content=\"article\" \/>\n<meta property=\"og:title\" content=\"K\u00f6pguide - Alamo - makes your dream come true at costa del sol\" \/>\n<meta property=\"og:description\" content=\"Att k\u00f6pa ett hus eller en l\u00e4genhet i Spanien \u00e4r inte komplicerat, men det skiljer sig lite fr\u00e5n vad vi \u00e4r vana vid i Storbritannien. Ett fastighetsk\u00f6p tar cirka 6-8 veckor och allt sker p\u00e5 spanska. Det \u00e4r mycket att h\u00e5lla reda p\u00e5, och vi hj\u00e4lper dig genom denna process. Vi rekommenderar att du alltid [&hellip;]\" \/>\n<meta property=\"og:url\" content=\"https:\/\/alamocostadelsol.com\/sv\/kopguide\" \/>\n<meta property=\"og:site_name\" content=\"Alamo - makes your dream come true at costa del sol\" \/>\n<meta property=\"article:publisher\" content=\"https:\/\/www.facebook.com\/alamocostadelsol\" \/>\n<meta property=\"article:modified_time\" content=\"2025-06-09T12:06:43+00:00\" \/>\n<meta name=\"twitter:card\" content=\"summary_large_image\" \/>\n<meta name=\"twitter:label1\" content=\"Ber\u00e4knad l\u00e4stid\" \/>\n\t<meta name=\"twitter:data1\" content=\"5 minuter\" \/>\n<script type=\"application\/ld+json\" class=\"yoast-schema-graph\">{\"@context\":\"https:\/\/schema.org\",\"@graph\":[{\"@type\":\"WebPage\",\"@id\":\"https:\/\/alamocostadelsol.com\/sv\/kopguide\",\"url\":\"https:\/\/alamocostadelsol.com\/sv\/kopguide\",\"name\":\"K\u00f6pguide - Alamo - makes your dream come true at costa del sol\",\"isPartOf\":{\"@id\":\"https:\/\/alamocostadelsol.com\/sv#website\"},\"datePublished\":\"2025-06-04T12:59:01+00:00\",\"dateModified\":\"2025-06-09T12:06:43+00:00\",\"breadcrumb\":{\"@id\":\"https:\/\/alamocostadelsol.com\/sv\/kopguide#breadcrumb\"},\"inLanguage\":\"sv-SE\",\"potentialAction\":[{\"@type\":\"ReadAction\",\"target\":[\"https:\/\/alamocostadelsol.com\/sv\/kopguide\"]}]},{\"@type\":\"BreadcrumbList\",\"@id\":\"https:\/\/alamocostadelsol.com\/sv\/kopguide#breadcrumb\",\"itemListElement\":[{\"@type\":\"ListItem\",\"position\":1,\"name\":\"Home\",\"item\":\"https:\/\/alamocostadelsol.com\/sv\"},{\"@type\":\"ListItem\",\"position\":2,\"name\":\"K\u00f6pguide\"}]},{\"@type\":\"WebSite\",\"@id\":\"https:\/\/alamocostadelsol.com\/sv#website\",\"url\":\"https:\/\/alamocostadelsol.com\/sv\",\"name\":\"Alamo - makes your dream come true at costa del sol\",\"description\":\"\",\"publisher\":{\"@id\":\"https:\/\/alamocostadelsol.com\/sv#organization\"},\"potentialAction\":[{\"@type\":\"SearchAction\",\"target\":{\"@type\":\"EntryPoint\",\"urlTemplate\":\"https:\/\/alamocostadelsol.com\/sv?s={search_term_string}\"},\"query-input\":{\"@type\":\"PropertyValueSpecification\",\"valueRequired\":true,\"valueName\":\"search_term_string\"}}],\"inLanguage\":\"sv-SE\"},{\"@type\":\"Organization\",\"@id\":\"https:\/\/alamocostadelsol.com\/sv#organization\",\"name\":\"Alamo - makes your dream come true at costa del sol\",\"url\":\"https:\/\/alamocostadelsol.com\/sv\",\"logo\":{\"@type\":\"ImageObject\",\"inLanguage\":\"sv-SE\",\"@id\":\"https:\/\/alamocostadelsol.com\/sv#\/schema\/logo\/image\/\",\"url\":\"https:\/\/alamocostadelsol.com\/wp-content\/uploads\/2024\/05\/alamo-costa-del-sol-logotype.png\",\"contentUrl\":\"https:\/\/alamocostadelsol.com\/wp-content\/uploads\/2024\/05\/alamo-costa-del-sol-logotype.png\",\"width\":773,\"height\":170,\"caption\":\"Alamo - makes your dream come true at costa del sol\"},\"image\":{\"@id\":\"https:\/\/alamocostadelsol.com\/sv#\/schema\/logo\/image\/\"},\"sameAs\":[\"https:\/\/www.facebook.com\/alamocostadelsol\",\"https:\/\/www.instagram.com\/alamocostadelsol\/\"]}]}<\/script>\n<!-- \/ Yoast SEO plugin. -->","yoast_head_json":{"title":"K\u00f6pguide - Alamo - makes your dream come true at costa del sol","robots":{"index":"index","follow":"follow","max-snippet":"max-snippet:-1","max-image-preview":"max-image-preview:large","max-video-preview":"max-video-preview:-1"},"canonical":"https:\/\/alamocostadelsol.com\/sv\/kopguide","og_locale":"sv_SE","og_type":"article","og_title":"K\u00f6pguide - Alamo - makes your dream come true at costa del sol","og_description":"Att k\u00f6pa ett hus eller en l\u00e4genhet i Spanien \u00e4r inte komplicerat, men det skiljer sig lite fr\u00e5n vad vi \u00e4r vana vid i Storbritannien. Ett fastighetsk\u00f6p tar cirka 6-8 veckor och allt sker p\u00e5 spanska. Det \u00e4r mycket att h\u00e5lla reda p\u00e5, och vi hj\u00e4lper dig genom denna process. Vi rekommenderar att du alltid [&hellip;]","og_url":"https:\/\/alamocostadelsol.com\/sv\/kopguide","og_site_name":"Alamo - makes your dream come true at costa del sol","article_publisher":"https:\/\/www.facebook.com\/alamocostadelsol","article_modified_time":"2025-06-09T12:06:43+00:00","twitter_card":"summary_large_image","twitter_misc":{"Ber\u00e4knad l\u00e4stid":"5 minuter"},"schema":{"@context":"https:\/\/schema.org","@graph":[{"@type":"WebPage","@id":"https:\/\/alamocostadelsol.com\/sv\/kopguide","url":"https:\/\/alamocostadelsol.com\/sv\/kopguide","name":"K\u00f6pguide - Alamo - makes your dream come true at costa del sol","isPartOf":{"@id":"https:\/\/alamocostadelsol.com\/sv#website"},"datePublished":"2025-06-04T12:59:01+00:00","dateModified":"2025-06-09T12:06:43+00:00","breadcrumb":{"@id":"https:\/\/alamocostadelsol.com\/sv\/kopguide#breadcrumb"},"inLanguage":"sv-SE","potentialAction":[{"@type":"ReadAction","target":["https:\/\/alamocostadelsol.com\/sv\/kopguide"]}]},{"@type":"BreadcrumbList","@id":"https:\/\/alamocostadelsol.com\/sv\/kopguide#breadcrumb","itemListElement":[{"@type":"ListItem","position":1,"name":"Home","item":"https:\/\/alamocostadelsol.com\/sv"},{"@type":"ListItem","position":2,"name":"K\u00f6pguide"}]},{"@type":"WebSite","@id":"https:\/\/alamocostadelsol.com\/sv#website","url":"https:\/\/alamocostadelsol.com\/sv","name":"Alamo - makes your dream come true at costa del sol","description":"","publisher":{"@id":"https:\/\/alamocostadelsol.com\/sv#organization"},"potentialAction":[{"@type":"SearchAction","target":{"@type":"EntryPoint","urlTemplate":"https:\/\/alamocostadelsol.com\/sv?s={search_term_string}"},"query-input":{"@type":"PropertyValueSpecification","valueRequired":true,"valueName":"search_term_string"}}],"inLanguage":"sv-SE"},{"@type":"Organization","@id":"https:\/\/alamocostadelsol.com\/sv#organization","name":"Alamo - makes your dream come true at costa del sol","url":"https:\/\/alamocostadelsol.com\/sv","logo":{"@type":"ImageObject","inLanguage":"sv-SE","@id":"https:\/\/alamocostadelsol.com\/sv#\/schema\/logo\/image\/","url":"https:\/\/alamocostadelsol.com\/wp-content\/uploads\/2024\/05\/alamo-costa-del-sol-logotype.png","contentUrl":"https:\/\/alamocostadelsol.com\/wp-content\/uploads\/2024\/05\/alamo-costa-del-sol-logotype.png","width":773,"height":170,"caption":"Alamo - makes your dream come true at costa del sol"},"image":{"@id":"https:\/\/alamocostadelsol.com\/sv#\/schema\/logo\/image\/"},"sameAs":["https:\/\/www.facebook.com\/alamocostadelsol","https:\/\/www.instagram.com\/alamocostadelsol\/"]}]}},"_links":{"self":[{"href":"https:\/\/alamocostadelsol.com\/sv\/wp-json\/wp\/v2\/pages\/18812019","targetHints":{"allow":["GET"]}}],"collection":[{"href":"https:\/\/alamocostadelsol.com\/sv\/wp-json\/wp\/v2\/pages"}],"about":[{"href":"https:\/\/alamocostadelsol.com\/sv\/wp-json\/wp\/v2\/types\/page"}],"author":[{"embeddable":true,"href":"https:\/\/alamocostadelsol.com\/sv\/wp-json\/wp\/v2\/users\/3"}],"replies":[{"embeddable":true,"href":"https:\/\/alamocostadelsol.com\/sv\/wp-json\/wp\/v2\/comments?post=18812019"}],"version-history":[{"count":3,"href":"https:\/\/alamocostadelsol.com\/sv\/wp-json\/wp\/v2\/pages\/18812019\/revisions"}],"predecessor-version":[{"id":18812122,"href":"https:\/\/alamocostadelsol.com\/sv\/wp-json\/wp\/v2\/pages\/18812019\/revisions\/18812122"}],"wp:attachment":[{"href":"https:\/\/alamocostadelsol.com\/sv\/wp-json\/wp\/v2\/media?parent=18812019"}],"wp:term":[{"taxonomy":"dipi_cpt_category","embeddable":true,"href":"https:\/\/alamocostadelsol.com\/sv\/wp-json\/wp\/v2\/dipi_cpt_category?post=18812019"}],"curies":[{"name":"wp","href":"https:\/\/api.w.org\/{rel}","templated":true}]}}