{"id":18811822,"date":"2024-06-10T19:33:00","date_gmt":"2024-06-10T17:33:00","guid":{"rendered":"https:\/\/alamocostadelsol.com\/om-alamo\/henriette-markwordt"},"modified":"2026-01-27T11:20:46","modified_gmt":"2026-01-27T10:20:46","slug":"henriette-markwordt","status":"publish","type":"page","link":"https:\/\/alamocostadelsol.com\/sv\/om-alamo\/henriette-markwordt","title":{"rendered":"Henriette Markwordt"},"content":{"rendered":"<p>[et_pb_section fb_built=&#8221;1&#8243; _builder_version=&#8221;4.25.1&#8243; _module_preset=&#8221;default&#8221; global_colors_info=&#8221;{}&#8221;][et_pb_row column_structure=&#8221;1_3,2_3&#8243; _builder_version=&#8221;4.25.1&#8243; _module_preset=&#8221;default&#8221; width=&#8221;90%&#8221; max_width=&#8221;100%&#8221; global_colors_info=&#8221;{}&#8221;][et_pb_column type=&#8221;1_3&#8243; _builder_version=&#8221;4.25.1&#8243; _module_preset=&#8221;default&#8221; global_colors_info=&#8221;{}&#8221;][et_pb_image src=&#8221;https:\/\/alamocostadelsol.com\/wp-content\/uploads\/2025\/05\/new-size.jpeg&#8221; alt=&#8221;Luciano Di Carlo. Partner Alamo &#8221; title_text=&#8221;Henriette Markwordt&#8221; align=&#8221;right&#8221; _builder_version=&#8221;4.27.4&#8243; _module_preset=&#8221;default&#8221; width=&#8221;80%&#8221; global_colors_info=&#8221;{}&#8221;][\/et_pb_image][\/et_pb_column][et_pb_column type=&#8221;2_3&#8243; _builder_version=&#8221;4.25.1&#8243; _module_preset=&#8221;default&#8221; global_colors_info=&#8221;{}&#8221;][et_pb_text _builder_version=&#8221;4.25.2&#8243; _module_preset=&#8221;default&#8221; text_font=&#8221;Marcellus||||||||&#8221; text_font_size=&#8221;16px&#8221; header_font=&#8221;Marcellus|700|||||||&#8221; header_font_size=&#8221;36px&#8221; header_2_font=&#8221;Marcellus||||||||&#8221; header_2_font_size=&#8221;22px&#8221; global_colors_info=&#8221;{}&#8221;]<\/p>\n<h1><a class=\"block font-medium text-lg\">Henriette Markwordt<\/a><\/h1>\n<h2>Administrativ assistent<\/h2>\n<p><span><\/span><\/p>\n<p>Ursprungligen fr\u00e5n Tyskland har jag nu bott i Spanien i 10 \u00e5r och har etablerat mina r\u00f6tter p\u00e5 Costa del Sol.<\/p>\n<p>Som administrativ assistent p\u00e5 Alamo Costa del Sol Real Estate anv\u00e4nder jag fullt ut mina styrkor inom multitasking och organisatorisk talang.<br data-start=\"400\" data-end=\"403\">Min flerspr\u00e5kighet \u2013 flytande i tyska, engelska och spanska \u2013 g\u00f6r att jag kan erbjuda b\u00e4sta m\u00f6jliga service till v\u00e5ra internationella kunder.<br data-start=\"542\" data-end=\"545\">P\u00e5 kontoret \u00e4r jag den centrala kontaktpunkten och alltid tillg\u00e4nglig \u2013 vare sig det \u00e4r via telefon, e-post eller personligen. Jag st\u00f6djer v\u00e5ra agenter med administrativa \u00e4renden och s\u00e4kerst\u00e4ller att de kan fokusera fullt ut p\u00e5 sina klienter. <\/p>\n<p>Mitt motto: Det finns inget jag inte kan l\u00e4ra mig. Jag ser varje ny utmaning som en m\u00f6jlighet att v\u00e4xa och bli \u00e4nnu mer m\u00e5ngsidig.<br data-start=\"880\" data-end=\"883\">P\u00e5 Alamo har jag funnit den perfekta milj\u00f6n f\u00f6r att utnyttja mina organisatoriska f\u00e4rdigheter och internationella erfarenheter \u2013 och f\u00f6r att forts\u00e4tta l\u00e4ra mig varje dag. <\/p>\n<p>[\/et_pb_text][\/et_pb_column][\/et_pb_row][et_pb_row _builder_version=&#8221;4.27.0&#8243; _module_preset=&#8221;default&#8221; global_colors_info=&#8221;{}&#8221;][et_pb_column type=&#8221;4_4&#8243; _builder_version=&#8221;4.27.0&#8243; _module_preset=&#8221;default&#8221; global_colors_info=&#8221;{}&#8221;][et_pb_post_nav show_next=&#8221;off&#8221; _builder_version=&#8221;4.27.0&#8243; _module_preset=&#8221;default&#8221; global_colors_info=&#8221;{}&#8221;][\/et_pb_post_nav][\/et_pb_column][\/et_pb_row][\/et_pb_section]<\/p>\n","protected":false},"excerpt":{"rendered":"<p>Henriette Markwordt Administrativ assistent Ursprungligen fr\u00e5n Tyskland har jag nu bott i Spanien i 10 \u00e5r och har etablerat mina r\u00f6tter p\u00e5 Costa del Sol. Som administrativ assistent p\u00e5 Alamo Costa del Sol Real Estate anv\u00e4nder jag fullt ut mina styrkor inom multitasking och organisatorisk talang.Min flerspr\u00e5kighet \u2013 flytande i tyska, engelska och spanska \u2013 [&hellip;]<\/p>\n","protected":false},"author":3,"featured_media":0,"parent":593,"menu_order":0,"comment_status":"closed","ping_status":"closed","template":"","meta":{"_et_pb_use_builder":"on","_et_pb_old_content":"","_et_gb_content_width":"","footnotes":""},"dipi_cpt_category":[],"class_list":["post-18811822","page","type-page","status-publish","hentry"],"yoast_head":"<!-- This site is optimized with the Yoast SEO plugin v25.8 - https:\/\/yoast.com\/wordpress\/plugins\/seo\/ -->\n<title>Henriette Markwordt | Administrativ assistent p\u00e5 Alamo Costa del Sol<\/title>\n<meta name=\"description\" content=\"Henriette Markwordt \u00e4r administrativ assistent p\u00e5 Alamo Costa del Sol och st\u00f6djer kunder och agenter med samordning, dokumentation och dagliga operationer.\" \/>\n<meta name=\"robots\" content=\"index, follow, max-snippet:-1, max-image-preview:large, max-video-preview:-1\" \/>\n<link rel=\"canonical\" href=\"https:\/\/alamocostadelsol.com\/sv\/om-alamo\/henriette-markwordt\" \/>\n<meta property=\"og:locale\" content=\"sv_SE\" \/>\n<meta property=\"og:type\" content=\"article\" \/>\n<meta property=\"og:title\" content=\"Henriette Markwordt | Administrativ assistent p\u00e5 Alamo Costa del Sol\" \/>\n<meta property=\"og:description\" content=\"Henriette Markwordt \u00e4r administrativ assistent p\u00e5 Alamo Costa del Sol och st\u00f6djer kunder och agenter med samordning, dokumentation och dagliga operationer.\" \/>\n<meta property=\"og:url\" content=\"https:\/\/alamocostadelsol.com\/sv\/om-alamo\/henriette-markwordt\" \/>\n<meta property=\"og:site_name\" content=\"Alamo - makes your dream come true at costa del sol\" \/>\n<meta property=\"article:publisher\" content=\"https:\/\/www.facebook.com\/alamocostadelsol\" \/>\n<meta property=\"article:modified_time\" content=\"2026-01-27T10:20:46+00:00\" \/>\n<meta name=\"twitter:card\" content=\"summary_large_image\" \/>\n<meta name=\"twitter:label1\" content=\"Ber\u00e4knad l\u00e4stid\" \/>\n\t<meta name=\"twitter:data1\" content=\"2 minuter\" \/>\n<script type=\"application\/ld+json\" class=\"yoast-schema-graph\">{\"@context\":\"https:\/\/schema.org\",\"@graph\":[{\"@type\":\"WebPage\",\"@id\":\"https:\/\/alamocostadelsol.com\/sv\/om-alamo\/henriette-markwordt\",\"url\":\"https:\/\/alamocostadelsol.com\/sv\/om-alamo\/henriette-markwordt\",\"name\":\"Henriette Markwordt | Administrativ assistent p\u00e5 Alamo Costa del Sol\",\"isPartOf\":{\"@id\":\"https:\/\/alamocostadelsol.com\/sv#website\"},\"datePublished\":\"2024-06-10T17:33:00+00:00\",\"dateModified\":\"2026-01-27T10:20:46+00:00\",\"description\":\"Henriette Markwordt \u00e4r administrativ assistent p\u00e5 Alamo Costa del Sol och st\u00f6djer kunder och agenter med samordning, dokumentation och dagliga operationer.\",\"breadcrumb\":{\"@id\":\"https:\/\/alamocostadelsol.com\/sv\/om-alamo\/henriette-markwordt#breadcrumb\"},\"inLanguage\":\"sv-SE\",\"potentialAction\":[{\"@type\":\"ReadAction\",\"target\":[\"https:\/\/alamocostadelsol.com\/sv\/om-alamo\/henriette-markwordt\"]}]},{\"@type\":\"BreadcrumbList\",\"@id\":\"https:\/\/alamocostadelsol.com\/sv\/om-alamo\/henriette-markwordt#breadcrumb\",\"itemListElement\":[{\"@type\":\"ListItem\",\"position\":1,\"name\":\"Home\",\"item\":\"https:\/\/alamocostadelsol.com\/sv\"},{\"@type\":\"ListItem\",\"position\":2,\"name\":\"Om Alamo\",\"item\":\"https:\/\/alamocostadelsol.com\/sv\/om-alamo\"},{\"@type\":\"ListItem\",\"position\":3,\"name\":\"Henriette Markwordt\"}]},{\"@type\":\"WebSite\",\"@id\":\"https:\/\/alamocostadelsol.com\/sv#website\",\"url\":\"https:\/\/alamocostadelsol.com\/sv\",\"name\":\"Alamo - makes your dream come true at costa del sol\",\"description\":\"\",\"publisher\":{\"@id\":\"https:\/\/alamocostadelsol.com\/sv#organization\"},\"potentialAction\":[{\"@type\":\"SearchAction\",\"target\":{\"@type\":\"EntryPoint\",\"urlTemplate\":\"https:\/\/alamocostadelsol.com\/sv?s={search_term_string}\"},\"query-input\":{\"@type\":\"PropertyValueSpecification\",\"valueRequired\":true,\"valueName\":\"search_term_string\"}}],\"inLanguage\":\"sv-SE\"},{\"@type\":\"Organization\",\"@id\":\"https:\/\/alamocostadelsol.com\/sv#organization\",\"name\":\"Alamo - makes your dream come true at costa del sol\",\"url\":\"https:\/\/alamocostadelsol.com\/sv\",\"logo\":{\"@type\":\"ImageObject\",\"inLanguage\":\"sv-SE\",\"@id\":\"https:\/\/alamocostadelsol.com\/sv#\/schema\/logo\/image\/\",\"url\":\"https:\/\/alamocostadelsol.com\/wp-content\/uploads\/2024\/05\/alamo-costa-del-sol-logotype.png\",\"contentUrl\":\"https:\/\/alamocostadelsol.com\/wp-content\/uploads\/2024\/05\/alamo-costa-del-sol-logotype.png\",\"width\":773,\"height\":170,\"caption\":\"Alamo - makes your dream come true at costa del sol\"},\"image\":{\"@id\":\"https:\/\/alamocostadelsol.com\/sv#\/schema\/logo\/image\/\"},\"sameAs\":[\"https:\/\/www.facebook.com\/alamocostadelsol\",\"https:\/\/www.instagram.com\/alamocostadelsol\/\"]}]}<\/script>\n<!-- \/ Yoast SEO plugin. -->","yoast_head_json":{"title":"Henriette Markwordt | Administrativ assistent p\u00e5 Alamo Costa del Sol","description":"Henriette Markwordt \u00e4r administrativ assistent p\u00e5 Alamo Costa del Sol och st\u00f6djer kunder och agenter med samordning, dokumentation och dagliga operationer.","robots":{"index":"index","follow":"follow","max-snippet":"max-snippet:-1","max-image-preview":"max-image-preview:large","max-video-preview":"max-video-preview:-1"},"canonical":"https:\/\/alamocostadelsol.com\/sv\/om-alamo\/henriette-markwordt","og_locale":"sv_SE","og_type":"article","og_title":"Henriette Markwordt | Administrativ assistent p\u00e5 Alamo Costa del Sol","og_description":"Henriette Markwordt \u00e4r administrativ assistent p\u00e5 Alamo Costa del Sol och st\u00f6djer kunder och agenter med samordning, dokumentation och dagliga operationer.","og_url":"https:\/\/alamocostadelsol.com\/sv\/om-alamo\/henriette-markwordt","og_site_name":"Alamo - makes your dream come true at costa del sol","article_publisher":"https:\/\/www.facebook.com\/alamocostadelsol","article_modified_time":"2026-01-27T10:20:46+00:00","twitter_card":"summary_large_image","twitter_misc":{"Ber\u00e4knad l\u00e4stid":"2 minuter"},"schema":{"@context":"https:\/\/schema.org","@graph":[{"@type":"WebPage","@id":"https:\/\/alamocostadelsol.com\/sv\/om-alamo\/henriette-markwordt","url":"https:\/\/alamocostadelsol.com\/sv\/om-alamo\/henriette-markwordt","name":"Henriette Markwordt | Administrativ assistent p\u00e5 Alamo Costa del Sol","isPartOf":{"@id":"https:\/\/alamocostadelsol.com\/sv#website"},"datePublished":"2024-06-10T17:33:00+00:00","dateModified":"2026-01-27T10:20:46+00:00","description":"Henriette Markwordt \u00e4r administrativ assistent p\u00e5 Alamo Costa del Sol och st\u00f6djer kunder och agenter med samordning, dokumentation och dagliga operationer.","breadcrumb":{"@id":"https:\/\/alamocostadelsol.com\/sv\/om-alamo\/henriette-markwordt#breadcrumb"},"inLanguage":"sv-SE","potentialAction":[{"@type":"ReadAction","target":["https:\/\/alamocostadelsol.com\/sv\/om-alamo\/henriette-markwordt"]}]},{"@type":"BreadcrumbList","@id":"https:\/\/alamocostadelsol.com\/sv\/om-alamo\/henriette-markwordt#breadcrumb","itemListElement":[{"@type":"ListItem","position":1,"name":"Home","item":"https:\/\/alamocostadelsol.com\/sv"},{"@type":"ListItem","position":2,"name":"Om Alamo","item":"https:\/\/alamocostadelsol.com\/sv\/om-alamo"},{"@type":"ListItem","position":3,"name":"Henriette Markwordt"}]},{"@type":"WebSite","@id":"https:\/\/alamocostadelsol.com\/sv#website","url":"https:\/\/alamocostadelsol.com\/sv","name":"Alamo - makes your dream come true at costa del sol","description":"","publisher":{"@id":"https:\/\/alamocostadelsol.com\/sv#organization"},"potentialAction":[{"@type":"SearchAction","target":{"@type":"EntryPoint","urlTemplate":"https:\/\/alamocostadelsol.com\/sv?s={search_term_string}"},"query-input":{"@type":"PropertyValueSpecification","valueRequired":true,"valueName":"search_term_string"}}],"inLanguage":"sv-SE"},{"@type":"Organization","@id":"https:\/\/alamocostadelsol.com\/sv#organization","name":"Alamo - makes your dream come true at costa del sol","url":"https:\/\/alamocostadelsol.com\/sv","logo":{"@type":"ImageObject","inLanguage":"sv-SE","@id":"https:\/\/alamocostadelsol.com\/sv#\/schema\/logo\/image\/","url":"https:\/\/alamocostadelsol.com\/wp-content\/uploads\/2024\/05\/alamo-costa-del-sol-logotype.png","contentUrl":"https:\/\/alamocostadelsol.com\/wp-content\/uploads\/2024\/05\/alamo-costa-del-sol-logotype.png","width":773,"height":170,"caption":"Alamo - makes your dream come true at costa del sol"},"image":{"@id":"https:\/\/alamocostadelsol.com\/sv#\/schema\/logo\/image\/"},"sameAs":["https:\/\/www.facebook.com\/alamocostadelsol","https:\/\/www.instagram.com\/alamocostadelsol\/"]}]}},"_links":{"self":[{"href":"https:\/\/alamocostadelsol.com\/sv\/wp-json\/wp\/v2\/pages\/18811822","targetHints":{"allow":["GET"]}}],"collection":[{"href":"https:\/\/alamocostadelsol.com\/sv\/wp-json\/wp\/v2\/pages"}],"about":[{"href":"https:\/\/alamocostadelsol.com\/sv\/wp-json\/wp\/v2\/types\/page"}],"author":[{"embeddable":true,"href":"https:\/\/alamocostadelsol.com\/sv\/wp-json\/wp\/v2\/users\/3"}],"replies":[{"embeddable":true,"href":"https:\/\/alamocostadelsol.com\/sv\/wp-json\/wp\/v2\/comments?post=18811822"}],"version-history":[{"count":12,"href":"https:\/\/alamocostadelsol.com\/sv\/wp-json\/wp\/v2\/pages\/18811822\/revisions"}],"predecessor-version":[{"id":18815586,"href":"https:\/\/alamocostadelsol.com\/sv\/wp-json\/wp\/v2\/pages\/18811822\/revisions\/18815586"}],"up":[{"embeddable":true,"href":"https:\/\/alamocostadelsol.com\/sv\/wp-json\/wp\/v2\/pages\/593"}],"wp:attachment":[{"href":"https:\/\/alamocostadelsol.com\/sv\/wp-json\/wp\/v2\/media?parent=18811822"}],"wp:term":[{"taxonomy":"dipi_cpt_category","embeddable":true,"href":"https:\/\/alamocostadelsol.com\/sv\/wp-json\/wp\/v2\/dipi_cpt_category?post=18811822"}],"curies":[{"name":"wp","href":"https:\/\/api.w.org\/{rel}","templated":true}]}}