{"id":18811291,"date":"2025-03-27T11:47:49","date_gmt":"2025-03-27T10:47:49","guid":{"rendered":"https:\/\/alamocostadelsol.com\/torremolinos"},"modified":"2026-01-27T14:32:56","modified_gmt":"2026-01-27T13:32:56","slug":"torremolinos","status":"publish","type":"page","link":"https:\/\/alamocostadelsol.com\/sv\/omradesguide\/torremolinos","title":{"rendered":"Torremolinos"},"content":{"rendered":"<p>[et_pb_section fb_built=&#8221;1&#8243; theme_builder_area=&#8221;post_content&#8221; _builder_version=&#8221;4.27.0&#8243; _module_preset=&#8221;default&#8221;][et_pb_row _builder_version=&#8221;4.27.0&#8243; _module_preset=&#8221;default&#8221; theme_builder_area=&#8221;post_content&#8221;][et_pb_column _builder_version=&#8221;4.27.0&#8243; _module_preset=&#8221;default&#8221; type=&#8221;4_4&#8243; theme_builder_area=&#8221;post_content&#8221;][et_pb_heading title=&#8221;Torremolinos Guide&#8221; _builder_version=&#8221;4.27.0&#8243; _module_preset=&#8221;default&#8221; theme_builder_area=&#8221;post_content&#8221; hover_enabled=&#8221;0&#8243; sticky_enabled=&#8221;0&#8243;][\/et_pb_heading][\/et_pb_column][\/et_pb_row][\/et_pb_section]<\/p>\n","protected":false},"excerpt":{"rendered":"","protected":false},"author":3,"featured_media":0,"parent":597,"menu_order":0,"comment_status":"closed","ping_status":"closed","template":"","meta":{"_et_pb_use_builder":"on","_et_pb_old_content":"","_et_gb_content_width":"","footnotes":""},"dipi_cpt_category":[],"class_list":["post-18811291","page","type-page","status-publish","hentry"],"yoast_head":"<!-- This site is optimized with the Yoast SEO plugin v25.8 - https:\/\/yoast.com\/wordpress\/plugins\/seo\/ -->\n<title>Ultimata guiden till Torremolinos | Str\u00e4nder och saker att g\u00f6ra<\/title>\n<meta name=\"description\" content=\"Utforska Torremolinos med toppstr\u00e4nder, mat, nattliv och familjeaktiviteter. Din ultimata guide till Torremolinos.\" \/>\n<meta name=\"robots\" content=\"index, follow, max-snippet:-1, max-image-preview:large, max-video-preview:-1\" \/>\n<link rel=\"canonical\" href=\"https:\/\/alamocostadelsol.com\/sv\/omradesguide\/torremolinos\" \/>\n<meta property=\"og:locale\" content=\"sv_SE\" \/>\n<meta property=\"og:type\" content=\"article\" \/>\n<meta property=\"og:title\" content=\"Ultimata guiden till Torremolinos | Str\u00e4nder och saker att g\u00f6ra\" \/>\n<meta property=\"og:description\" content=\"Utforska Torremolinos med toppstr\u00e4nder, mat, nattliv och familjeaktiviteter. Din ultimata guide till Torremolinos.\" \/>\n<meta property=\"og:url\" content=\"https:\/\/alamocostadelsol.com\/sv\/omradesguide\/torremolinos\" \/>\n<meta property=\"og:site_name\" content=\"Alamo - makes your dream come true at costa del sol\" \/>\n<meta property=\"article:publisher\" content=\"https:\/\/www.facebook.com\/alamocostadelsol\" \/>\n<meta property=\"article:modified_time\" content=\"2026-01-27T13:32:56+00:00\" \/>\n<meta name=\"twitter:card\" content=\"summary_large_image\" \/>\n<script type=\"application\/ld+json\" class=\"yoast-schema-graph\">{\"@context\":\"https:\/\/schema.org\",\"@graph\":[{\"@type\":\"WebPage\",\"@id\":\"https:\/\/alamocostadelsol.com\/sv\/omradesguide\/torremolinos\",\"url\":\"https:\/\/alamocostadelsol.com\/sv\/omradesguide\/torremolinos\",\"name\":\"Ultimata guiden till Torremolinos | Str\u00e4nder och saker att g\u00f6ra\",\"isPartOf\":{\"@id\":\"https:\/\/alamocostadelsol.com\/sv#website\"},\"datePublished\":\"2025-03-27T10:47:49+00:00\",\"dateModified\":\"2026-01-27T13:32:56+00:00\",\"description\":\"Utforska Torremolinos med toppstr\u00e4nder, mat, nattliv och familjeaktiviteter. Din ultimata guide till Torremolinos.\",\"breadcrumb\":{\"@id\":\"https:\/\/alamocostadelsol.com\/sv\/omradesguide\/torremolinos#breadcrumb\"},\"inLanguage\":\"sv-SE\",\"potentialAction\":[{\"@type\":\"ReadAction\",\"target\":[\"https:\/\/alamocostadelsol.com\/sv\/omradesguide\/torremolinos\"]}]},{\"@type\":\"BreadcrumbList\",\"@id\":\"https:\/\/alamocostadelsol.com\/sv\/omradesguide\/torremolinos#breadcrumb\",\"itemListElement\":[{\"@type\":\"ListItem\",\"position\":1,\"name\":\"Home\",\"item\":\"https:\/\/alamocostadelsol.com\/sv\"},{\"@type\":\"ListItem\",\"position\":2,\"name\":\"Omr\u00e5desguide\",\"item\":\"https:\/\/alamocostadelsol.com\/sv\/omradesguide\"},{\"@type\":\"ListItem\",\"position\":3,\"name\":\"Torremolinos\"}]},{\"@type\":\"WebSite\",\"@id\":\"https:\/\/alamocostadelsol.com\/sv#website\",\"url\":\"https:\/\/alamocostadelsol.com\/sv\",\"name\":\"Alamo - makes your dream come true at costa del sol\",\"description\":\"\",\"publisher\":{\"@id\":\"https:\/\/alamocostadelsol.com\/sv#organization\"},\"potentialAction\":[{\"@type\":\"SearchAction\",\"target\":{\"@type\":\"EntryPoint\",\"urlTemplate\":\"https:\/\/alamocostadelsol.com\/sv?s={search_term_string}\"},\"query-input\":{\"@type\":\"PropertyValueSpecification\",\"valueRequired\":true,\"valueName\":\"search_term_string\"}}],\"inLanguage\":\"sv-SE\"},{\"@type\":\"Organization\",\"@id\":\"https:\/\/alamocostadelsol.com\/sv#organization\",\"name\":\"Alamo - makes your dream come true at costa del sol\",\"url\":\"https:\/\/alamocostadelsol.com\/sv\",\"logo\":{\"@type\":\"ImageObject\",\"inLanguage\":\"sv-SE\",\"@id\":\"https:\/\/alamocostadelsol.com\/sv#\/schema\/logo\/image\/\",\"url\":\"https:\/\/alamocostadelsol.com\/wp-content\/uploads\/2024\/05\/alamo-costa-del-sol-logotype.png\",\"contentUrl\":\"https:\/\/alamocostadelsol.com\/wp-content\/uploads\/2024\/05\/alamo-costa-del-sol-logotype.png\",\"width\":773,\"height\":170,\"caption\":\"Alamo - makes your dream come true at costa del sol\"},\"image\":{\"@id\":\"https:\/\/alamocostadelsol.com\/sv#\/schema\/logo\/image\/\"},\"sameAs\":[\"https:\/\/www.facebook.com\/alamocostadelsol\",\"https:\/\/www.instagram.com\/alamocostadelsol\/\"]}]}<\/script>\n<!-- \/ Yoast SEO plugin. -->","yoast_head_json":{"title":"Ultimata guiden till Torremolinos | Str\u00e4nder och saker att g\u00f6ra","description":"Utforska Torremolinos med toppstr\u00e4nder, mat, nattliv och familjeaktiviteter. Din ultimata guide till Torremolinos.","robots":{"index":"index","follow":"follow","max-snippet":"max-snippet:-1","max-image-preview":"max-image-preview:large","max-video-preview":"max-video-preview:-1"},"canonical":"https:\/\/alamocostadelsol.com\/sv\/omradesguide\/torremolinos","og_locale":"sv_SE","og_type":"article","og_title":"Ultimata guiden till Torremolinos | Str\u00e4nder och saker att g\u00f6ra","og_description":"Utforska Torremolinos med toppstr\u00e4nder, mat, nattliv och familjeaktiviteter. Din ultimata guide till Torremolinos.","og_url":"https:\/\/alamocostadelsol.com\/sv\/omradesguide\/torremolinos","og_site_name":"Alamo - makes your dream come true at costa del sol","article_publisher":"https:\/\/www.facebook.com\/alamocostadelsol","article_modified_time":"2026-01-27T13:32:56+00:00","twitter_card":"summary_large_image","schema":{"@context":"https:\/\/schema.org","@graph":[{"@type":"WebPage","@id":"https:\/\/alamocostadelsol.com\/sv\/omradesguide\/torremolinos","url":"https:\/\/alamocostadelsol.com\/sv\/omradesguide\/torremolinos","name":"Ultimata guiden till Torremolinos | Str\u00e4nder och saker att g\u00f6ra","isPartOf":{"@id":"https:\/\/alamocostadelsol.com\/sv#website"},"datePublished":"2025-03-27T10:47:49+00:00","dateModified":"2026-01-27T13:32:56+00:00","description":"Utforska Torremolinos med toppstr\u00e4nder, mat, nattliv och familjeaktiviteter. Din ultimata guide till Torremolinos.","breadcrumb":{"@id":"https:\/\/alamocostadelsol.com\/sv\/omradesguide\/torremolinos#breadcrumb"},"inLanguage":"sv-SE","potentialAction":[{"@type":"ReadAction","target":["https:\/\/alamocostadelsol.com\/sv\/omradesguide\/torremolinos"]}]},{"@type":"BreadcrumbList","@id":"https:\/\/alamocostadelsol.com\/sv\/omradesguide\/torremolinos#breadcrumb","itemListElement":[{"@type":"ListItem","position":1,"name":"Home","item":"https:\/\/alamocostadelsol.com\/sv"},{"@type":"ListItem","position":2,"name":"Omr\u00e5desguide","item":"https:\/\/alamocostadelsol.com\/sv\/omradesguide"},{"@type":"ListItem","position":3,"name":"Torremolinos"}]},{"@type":"WebSite","@id":"https:\/\/alamocostadelsol.com\/sv#website","url":"https:\/\/alamocostadelsol.com\/sv","name":"Alamo - makes your dream come true at costa del sol","description":"","publisher":{"@id":"https:\/\/alamocostadelsol.com\/sv#organization"},"potentialAction":[{"@type":"SearchAction","target":{"@type":"EntryPoint","urlTemplate":"https:\/\/alamocostadelsol.com\/sv?s={search_term_string}"},"query-input":{"@type":"PropertyValueSpecification","valueRequired":true,"valueName":"search_term_string"}}],"inLanguage":"sv-SE"},{"@type":"Organization","@id":"https:\/\/alamocostadelsol.com\/sv#organization","name":"Alamo - makes your dream come true at costa del sol","url":"https:\/\/alamocostadelsol.com\/sv","logo":{"@type":"ImageObject","inLanguage":"sv-SE","@id":"https:\/\/alamocostadelsol.com\/sv#\/schema\/logo\/image\/","url":"https:\/\/alamocostadelsol.com\/wp-content\/uploads\/2024\/05\/alamo-costa-del-sol-logotype.png","contentUrl":"https:\/\/alamocostadelsol.com\/wp-content\/uploads\/2024\/05\/alamo-costa-del-sol-logotype.png","width":773,"height":170,"caption":"Alamo - makes your dream come true at costa del sol"},"image":{"@id":"https:\/\/alamocostadelsol.com\/sv#\/schema\/logo\/image\/"},"sameAs":["https:\/\/www.facebook.com\/alamocostadelsol","https:\/\/www.instagram.com\/alamocostadelsol\/"]}]}},"_links":{"self":[{"href":"https:\/\/alamocostadelsol.com\/sv\/wp-json\/wp\/v2\/pages\/18811291","targetHints":{"allow":["GET"]}}],"collection":[{"href":"https:\/\/alamocostadelsol.com\/sv\/wp-json\/wp\/v2\/pages"}],"about":[{"href":"https:\/\/alamocostadelsol.com\/sv\/wp-json\/wp\/v2\/types\/page"}],"author":[{"embeddable":true,"href":"https:\/\/alamocostadelsol.com\/sv\/wp-json\/wp\/v2\/users\/3"}],"replies":[{"embeddable":true,"href":"https:\/\/alamocostadelsol.com\/sv\/wp-json\/wp\/v2\/comments?post=18811291"}],"version-history":[{"count":3,"href":"https:\/\/alamocostadelsol.com\/sv\/wp-json\/wp\/v2\/pages\/18811291\/revisions"}],"predecessor-version":[{"id":18811294,"href":"https:\/\/alamocostadelsol.com\/sv\/wp-json\/wp\/v2\/pages\/18811291\/revisions\/18811294"}],"up":[{"embeddable":true,"href":"https:\/\/alamocostadelsol.com\/sv\/wp-json\/wp\/v2\/pages\/597"}],"wp:attachment":[{"href":"https:\/\/alamocostadelsol.com\/sv\/wp-json\/wp\/v2\/media?parent=18811291"}],"wp:term":[{"taxonomy":"dipi_cpt_category","embeddable":true,"href":"https:\/\/alamocostadelsol.com\/sv\/wp-json\/wp\/v2\/dipi_cpt_category?post=18811291"}],"curies":[{"name":"wp","href":"https:\/\/api.w.org\/{rel}","templated":true}]}}