{"id":1027,"date":"2024-06-10T18:13:39","date_gmt":"2024-06-10T16:13:39","guid":{"rendered":"https:\/\/alamocostadelsol.com\/om-alamo\/julia-palacios-fernandez"},"modified":"2026-01-12T16:43:29","modified_gmt":"2026-01-12T15:43:29","slug":"julia-palacios-fernandez","status":"publish","type":"page","link":"https:\/\/alamocostadelsol.com\/sv\/om-alamo\/julia-palacios-fernandez","title":{"rendered":"Julia Palacios Fernandez"},"content":{"rendered":"<p>[et_pb_section fb_built=&#8221;1&#8243; _builder_version=&#8221;4.25.1&#8243; _module_preset=&#8221;default&#8221; global_colors_info=&#8221;{}&#8221;][et_pb_row column_structure=&#8221;1_3,2_3&#8243; _builder_version=&#8221;4.25.1&#8243; _module_preset=&#8221;default&#8221; width=&#8221;90%&#8221; max_width=&#8221;100%&#8221; global_colors_info=&#8221;{}&#8221;][et_pb_column type=&#8221;1_3&#8243; _builder_version=&#8221;4.25.1&#8243; _module_preset=&#8221;default&#8221; global_colors_info=&#8221;{}&#8221;][et_pb_image src=&#8221;https:\/\/alamocostadelsol.com\/wp-content\/uploads\/2024\/06\/1Rityta-1@0.5x-2.webp&#8221; alt=&#8221;Julia Palacios Fern\u00e1ndez&#8221; title_text=&#8221;Julia Palacios Fern\u00e1ndez&#8221; align=&#8221;right&#8221; _builder_version=&#8221;4.25.2&#8243; _module_preset=&#8221;default&#8221; width=&#8221;80%&#8221; global_colors_info=&#8221;{}&#8221;][\/et_pb_image][\/et_pb_column][et_pb_column type=&#8221;2_3&#8243; _builder_version=&#8221;4.25.1&#8243; _module_preset=&#8221;default&#8221; global_colors_info=&#8221;{}&#8221;][et_pb_text _builder_version=&#8221;4.25.1&#8243; _module_preset=&#8221;default&#8221; text_font=&#8221;Marcellus||||||||&#8221; text_font_size=&#8221;16px&#8221; header_font=&#8221;Marcellus|700|||||||&#8221; header_font_size=&#8221;36px&#8221; header_2_font=&#8221;Marcellus||||||||&#8221; header_2_font_size=&#8221;22px&#8221; global_colors_info=&#8221;{}&#8221;]<\/p>\n<h1><a class=\"block font-medium text-lg\">Julia Palacios Fern\u00e1ndez<\/a><\/h1>\n<h2>Fastighetsm\u00e4klare<\/h2>\n<p><span><\/span><\/p>\n<p><span>Jag \u00e4r f\u00f6dd och uppvuxen i Australien, men mina r\u00f6tter \u00e4r spanska. Min passion f\u00f6r resor och m\u00e5ngkultur har gjort att jag har utvecklat en f\u00f6rm\u00e5ga till sociala relationer och gl\u00e4djen i att tillhandah\u00e5lla l\u00f6sningar och tj\u00e4nster till kunderna. P\u00e5 Alamo Costa del Sol Real Estate har jag hittat den perfekta platsen f\u00f6r att hj\u00e4lpa v\u00e5ra kunder att s\u00e4lja sina fastigheter s\u00e5v\u00e4l som att k\u00f6pa sitt nya hem och uppfylla dr\u00f6mmen om att k\u00f6pa ett hem i Spanien. Jag \u00e4r stolt \u00f6ver att vara en del av detta internationella team av fastighetsm\u00e4klare p\u00e5 Alamo.<\/span><\/p>\n<p>[\/et_pb_text][et_pb_code _builder_version=&#8221;4.27.0&#8243; _module_preset=&#8221;default&#8221; hover_enabled=&#8221;0&#8243; sticky_enabled=&#8221;0&#8243;]<div data-src=\"https:\/\/cdn.trustindex.io\/loader.js?8f4c3ca434e8887a3f26ffb4846\"><\/div>[\/et_pb_code][\/et_pb_column][\/et_pb_row][et_pb_row _builder_version=&#8221;4.27.0&#8243; _module_preset=&#8221;default&#8221;][et_pb_column _builder_version=&#8221;4.27.0&#8243; _module_preset=&#8221;default&#8221; type=&#8221;4_4&#8243;][et_pb_post_nav _builder_version=&#8221;4.27.0&#8243; _module_preset=&#8221;default&#8221; global_colors_info=&#8221;{}&#8221; theme_builder_area=&#8221;post_content&#8221;][\/et_pb_post_nav][\/et_pb_column][\/et_pb_row][\/et_pb_section]<\/p>\n","protected":false},"excerpt":{"rendered":"<p>Julia Palacios Fern\u00e1ndez Fastighetsm\u00e4klare Jag \u00e4r f\u00f6dd och uppvuxen i Australien, men mina r\u00f6tter \u00e4r spanska. Min passion f\u00f6r resor och m\u00e5ngkultur har gjort att jag har utvecklat en f\u00f6rm\u00e5ga till sociala relationer och gl\u00e4djen i att tillhandah\u00e5lla l\u00f6sningar och tj\u00e4nster till kunderna. P\u00e5 Alamo Costa del Sol Real Estate har jag hittat den perfekta [&hellip;]<\/p>\n","protected":false},"author":1,"featured_media":0,"parent":593,"menu_order":0,"comment_status":"closed","ping_status":"closed","template":"","meta":{"_et_pb_use_builder":"on","_et_pb_old_content":"","_et_gb_content_width":"","footnotes":""},"dipi_cpt_category":[],"class_list":["post-1027","page","type-page","status-publish","hentry"],"yoast_head":"<!-- This site is optimized with the Yoast SEO plugin v25.8 - https:\/\/yoast.com\/wordpress\/plugins\/seo\/ -->\n<title>Julia Palacios Fern\u00e1ndez | Fastighetsm\u00e4klare p\u00e5 Costa del Sol<\/title>\n<meta name=\"description\" content=\"Julia Palacios Fern\u00e1ndez \u00e4r fastighetsm\u00e4klare p\u00e5 Alamo Costa del Sol och hj\u00e4lper kunder med lokal expertis och tydlig kommunikation.\" \/>\n<meta name=\"robots\" content=\"index, follow, max-snippet:-1, max-image-preview:large, max-video-preview:-1\" \/>\n<link rel=\"canonical\" href=\"https:\/\/alamocostadelsol.com\/sv\/om-alamo\/julia-palacios-fernandez\" \/>\n<meta property=\"og:locale\" content=\"sv_SE\" \/>\n<meta property=\"og:type\" content=\"article\" \/>\n<meta property=\"og:title\" content=\"Julia Palacios Fern\u00e1ndez | Fastighetsm\u00e4klare p\u00e5 Costa del Sol\" \/>\n<meta property=\"og:description\" content=\"Julia Palacios Fern\u00e1ndez \u00e4r fastighetsm\u00e4klare p\u00e5 Alamo Costa del Sol och hj\u00e4lper kunder med lokal expertis och tydlig kommunikation.\" \/>\n<meta property=\"og:url\" content=\"https:\/\/alamocostadelsol.com\/sv\/om-alamo\/julia-palacios-fernandez\" \/>\n<meta property=\"og:site_name\" content=\"Alamo - makes your dream come true at costa del sol\" \/>\n<meta property=\"article:publisher\" content=\"https:\/\/www.facebook.com\/alamocostadelsol\" \/>\n<meta property=\"article:modified_time\" content=\"2026-01-12T15:43:29+00:00\" \/>\n<meta name=\"twitter:card\" content=\"summary_large_image\" \/>\n<meta name=\"twitter:label1\" content=\"Ber\u00e4knad l\u00e4stid\" \/>\n\t<meta name=\"twitter:data1\" content=\"2 minuter\" \/>\n<script type=\"application\/ld+json\" class=\"yoast-schema-graph\">{\"@context\":\"https:\/\/schema.org\",\"@graph\":[{\"@type\":\"WebPage\",\"@id\":\"https:\/\/alamocostadelsol.com\/sv\/om-alamo\/julia-palacios-fernandez\",\"url\":\"https:\/\/alamocostadelsol.com\/sv\/om-alamo\/julia-palacios-fernandez\",\"name\":\"Julia Palacios Fern\u00e1ndez | Fastighetsm\u00e4klare p\u00e5 Costa del Sol\",\"isPartOf\":{\"@id\":\"https:\/\/alamocostadelsol.com\/sv#website\"},\"datePublished\":\"2024-06-10T16:13:39+00:00\",\"dateModified\":\"2026-01-12T15:43:29+00:00\",\"description\":\"Julia Palacios Fern\u00e1ndez \u00e4r fastighetsm\u00e4klare p\u00e5 Alamo Costa del Sol och hj\u00e4lper kunder med lokal expertis och tydlig kommunikation.\",\"breadcrumb\":{\"@id\":\"https:\/\/alamocostadelsol.com\/sv\/om-alamo\/julia-palacios-fernandez#breadcrumb\"},\"inLanguage\":\"sv-SE\",\"potentialAction\":[{\"@type\":\"ReadAction\",\"target\":[\"https:\/\/alamocostadelsol.com\/sv\/om-alamo\/julia-palacios-fernandez\"]}]},{\"@type\":\"BreadcrumbList\",\"@id\":\"https:\/\/alamocostadelsol.com\/sv\/om-alamo\/julia-palacios-fernandez#breadcrumb\",\"itemListElement\":[{\"@type\":\"ListItem\",\"position\":1,\"name\":\"Home\",\"item\":\"https:\/\/alamocostadelsol.com\/sv\"},{\"@type\":\"ListItem\",\"position\":2,\"name\":\"Om Alamo\",\"item\":\"https:\/\/alamocostadelsol.com\/sv\/om-alamo\"},{\"@type\":\"ListItem\",\"position\":3,\"name\":\"Julia Palacios Fernandez\"}]},{\"@type\":\"WebSite\",\"@id\":\"https:\/\/alamocostadelsol.com\/sv#website\",\"url\":\"https:\/\/alamocostadelsol.com\/sv\",\"name\":\"Alamo - makes your dream come true at costa del sol\",\"description\":\"\",\"publisher\":{\"@id\":\"https:\/\/alamocostadelsol.com\/sv#organization\"},\"potentialAction\":[{\"@type\":\"SearchAction\",\"target\":{\"@type\":\"EntryPoint\",\"urlTemplate\":\"https:\/\/alamocostadelsol.com\/sv?s={search_term_string}\"},\"query-input\":{\"@type\":\"PropertyValueSpecification\",\"valueRequired\":true,\"valueName\":\"search_term_string\"}}],\"inLanguage\":\"sv-SE\"},{\"@type\":\"Organization\",\"@id\":\"https:\/\/alamocostadelsol.com\/sv#organization\",\"name\":\"Alamo - makes your dream come true at costa del sol\",\"url\":\"https:\/\/alamocostadelsol.com\/sv\",\"logo\":{\"@type\":\"ImageObject\",\"inLanguage\":\"sv-SE\",\"@id\":\"https:\/\/alamocostadelsol.com\/sv#\/schema\/logo\/image\/\",\"url\":\"https:\/\/alamocostadelsol.com\/wp-content\/uploads\/2024\/05\/alamo-costa-del-sol-logotype.png\",\"contentUrl\":\"https:\/\/alamocostadelsol.com\/wp-content\/uploads\/2024\/05\/alamo-costa-del-sol-logotype.png\",\"width\":773,\"height\":170,\"caption\":\"Alamo - makes your dream come true at costa del sol\"},\"image\":{\"@id\":\"https:\/\/alamocostadelsol.com\/sv#\/schema\/logo\/image\/\"},\"sameAs\":[\"https:\/\/www.facebook.com\/alamocostadelsol\",\"https:\/\/www.instagram.com\/alamocostadelsol\/\"]}]}<\/script>\n<!-- \/ Yoast SEO plugin. -->","yoast_head_json":{"title":"Julia Palacios Fern\u00e1ndez | Fastighetsm\u00e4klare p\u00e5 Costa del Sol","description":"Julia Palacios Fern\u00e1ndez \u00e4r fastighetsm\u00e4klare p\u00e5 Alamo Costa del Sol och hj\u00e4lper kunder med lokal expertis och tydlig kommunikation.","robots":{"index":"index","follow":"follow","max-snippet":"max-snippet:-1","max-image-preview":"max-image-preview:large","max-video-preview":"max-video-preview:-1"},"canonical":"https:\/\/alamocostadelsol.com\/sv\/om-alamo\/julia-palacios-fernandez","og_locale":"sv_SE","og_type":"article","og_title":"Julia Palacios Fern\u00e1ndez | Fastighetsm\u00e4klare p\u00e5 Costa del Sol","og_description":"Julia Palacios Fern\u00e1ndez \u00e4r fastighetsm\u00e4klare p\u00e5 Alamo Costa del Sol och hj\u00e4lper kunder med lokal expertis och tydlig kommunikation.","og_url":"https:\/\/alamocostadelsol.com\/sv\/om-alamo\/julia-palacios-fernandez","og_site_name":"Alamo - makes your dream come true at costa del sol","article_publisher":"https:\/\/www.facebook.com\/alamocostadelsol","article_modified_time":"2026-01-12T15:43:29+00:00","twitter_card":"summary_large_image","twitter_misc":{"Ber\u00e4knad l\u00e4stid":"2 minuter"},"schema":{"@context":"https:\/\/schema.org","@graph":[{"@type":"WebPage","@id":"https:\/\/alamocostadelsol.com\/sv\/om-alamo\/julia-palacios-fernandez","url":"https:\/\/alamocostadelsol.com\/sv\/om-alamo\/julia-palacios-fernandez","name":"Julia Palacios Fern\u00e1ndez | Fastighetsm\u00e4klare p\u00e5 Costa del Sol","isPartOf":{"@id":"https:\/\/alamocostadelsol.com\/sv#website"},"datePublished":"2024-06-10T16:13:39+00:00","dateModified":"2026-01-12T15:43:29+00:00","description":"Julia Palacios Fern\u00e1ndez \u00e4r fastighetsm\u00e4klare p\u00e5 Alamo Costa del Sol och hj\u00e4lper kunder med lokal expertis och tydlig kommunikation.","breadcrumb":{"@id":"https:\/\/alamocostadelsol.com\/sv\/om-alamo\/julia-palacios-fernandez#breadcrumb"},"inLanguage":"sv-SE","potentialAction":[{"@type":"ReadAction","target":["https:\/\/alamocostadelsol.com\/sv\/om-alamo\/julia-palacios-fernandez"]}]},{"@type":"BreadcrumbList","@id":"https:\/\/alamocostadelsol.com\/sv\/om-alamo\/julia-palacios-fernandez#breadcrumb","itemListElement":[{"@type":"ListItem","position":1,"name":"Home","item":"https:\/\/alamocostadelsol.com\/sv"},{"@type":"ListItem","position":2,"name":"Om Alamo","item":"https:\/\/alamocostadelsol.com\/sv\/om-alamo"},{"@type":"ListItem","position":3,"name":"Julia Palacios Fernandez"}]},{"@type":"WebSite","@id":"https:\/\/alamocostadelsol.com\/sv#website","url":"https:\/\/alamocostadelsol.com\/sv","name":"Alamo - makes your dream come true at costa del sol","description":"","publisher":{"@id":"https:\/\/alamocostadelsol.com\/sv#organization"},"potentialAction":[{"@type":"SearchAction","target":{"@type":"EntryPoint","urlTemplate":"https:\/\/alamocostadelsol.com\/sv?s={search_term_string}"},"query-input":{"@type":"PropertyValueSpecification","valueRequired":true,"valueName":"search_term_string"}}],"inLanguage":"sv-SE"},{"@type":"Organization","@id":"https:\/\/alamocostadelsol.com\/sv#organization","name":"Alamo - makes your dream come true at costa del sol","url":"https:\/\/alamocostadelsol.com\/sv","logo":{"@type":"ImageObject","inLanguage":"sv-SE","@id":"https:\/\/alamocostadelsol.com\/sv#\/schema\/logo\/image\/","url":"https:\/\/alamocostadelsol.com\/wp-content\/uploads\/2024\/05\/alamo-costa-del-sol-logotype.png","contentUrl":"https:\/\/alamocostadelsol.com\/wp-content\/uploads\/2024\/05\/alamo-costa-del-sol-logotype.png","width":773,"height":170,"caption":"Alamo - makes your dream come true at costa del sol"},"image":{"@id":"https:\/\/alamocostadelsol.com\/sv#\/schema\/logo\/image\/"},"sameAs":["https:\/\/www.facebook.com\/alamocostadelsol","https:\/\/www.instagram.com\/alamocostadelsol\/"]}]}},"_links":{"self":[{"href":"https:\/\/alamocostadelsol.com\/sv\/wp-json\/wp\/v2\/pages\/1027","targetHints":{"allow":["GET"]}}],"collection":[{"href":"https:\/\/alamocostadelsol.com\/sv\/wp-json\/wp\/v2\/pages"}],"about":[{"href":"https:\/\/alamocostadelsol.com\/sv\/wp-json\/wp\/v2\/types\/page"}],"author":[{"embeddable":true,"href":"https:\/\/alamocostadelsol.com\/sv\/wp-json\/wp\/v2\/users\/1"}],"replies":[{"embeddable":true,"href":"https:\/\/alamocostadelsol.com\/sv\/wp-json\/wp\/v2\/comments?post=1027"}],"version-history":[{"count":8,"href":"https:\/\/alamocostadelsol.com\/sv\/wp-json\/wp\/v2\/pages\/1027\/revisions"}],"predecessor-version":[{"id":18811345,"href":"https:\/\/alamocostadelsol.com\/sv\/wp-json\/wp\/v2\/pages\/1027\/revisions\/18811345"}],"up":[{"embeddable":true,"href":"https:\/\/alamocostadelsol.com\/sv\/wp-json\/wp\/v2\/pages\/593"}],"wp:attachment":[{"href":"https:\/\/alamocostadelsol.com\/sv\/wp-json\/wp\/v2\/media?parent=1027"}],"wp:term":[{"taxonomy":"dipi_cpt_category","embeddable":true,"href":"https:\/\/alamocostadelsol.com\/sv\/wp-json\/wp\/v2\/dipi_cpt_category?post=1027"}],"curies":[{"name":"wp","href":"https:\/\/api.w.org\/{rel}","templated":true}]}}