{"id":1018,"date":"2024-06-10T18:12:04","date_gmt":"2024-06-10T16:12:04","guid":{"rendered":"https:\/\/alamocostadelsol.com\/om-alamo\/catarina-henriksson"},"modified":"2026-01-12T13:09:15","modified_gmt":"2026-01-12T12:09:15","slug":"catarina-henriksson","status":"publish","type":"page","link":"https:\/\/alamocostadelsol.com\/sv\/om-alamo\/catarina-henriksson","title":{"rendered":"Catarina Henriksson"},"content":{"rendered":"<p>[et_pb_section fb_built=&#8221;1&#8243; _builder_version=&#8221;4.25.1&#8243; _module_preset=&#8221;default&#8221; global_colors_info=&#8221;{}&#8221;][et_pb_row column_structure=&#8221;1_3,2_3&#8243; _builder_version=&#8221;4.25.1&#8243; _module_preset=&#8221;default&#8221; width=&#8221;90%&#8221; max_width=&#8221;100%&#8221; global_colors_info=&#8221;{}&#8221;][et_pb_column type=&#8221;1_3&#8243; _builder_version=&#8221;4.25.1&#8243; _module_preset=&#8221;default&#8221; global_colors_info=&#8221;{}&#8221;][et_pb_image src=&#8221;https:\/\/alamocostadelsol.com\/wp-content\/uploads\/2024\/06\/1Rityta-1@0.5x-7.webp&#8221; alt=&#8221;Catarina Henriksson&#8221; title_text=&#8221;Catarina Henriksson &#8211; Fastighetsm\u00e4klare&#8221; align=&#8221;right&#8221; _builder_version=&#8221;4.27.4&#8243; _module_preset=&#8221;default&#8221; width=&#8221;80%&#8221; hover_enabled=&#8221;0&#8243; global_colors_info=&#8221;{}&#8221; sticky_enabled=&#8221;0&#8243;][\/et_pb_image][\/et_pb_column][et_pb_column type=&#8221;2_3&#8243; _builder_version=&#8221;4.25.1&#8243; _module_preset=&#8221;default&#8221; global_colors_info=&#8221;{}&#8221;][et_pb_text _builder_version=&#8221;4.25.1&#8243; _module_preset=&#8221;default&#8221; text_font=&#8221;Marcellus||||||||&#8221; text_font_size=&#8221;16px&#8221; header_font=&#8221;Marcellus|700|||||||&#8221; header_font_size=&#8221;36px&#8221; header_2_font=&#8221;Marcellus||||||||&#8221; header_2_font_size=&#8221;22px&#8221; global_colors_info=&#8221;{}&#8221;]<\/p>\n<h1><a class=\"block font-medium text-lg\">Catarina Henriksson<\/a><\/h1>\n<h2>Fastighetsm\u00e4klare<\/h2>\n<p><span><\/span><\/p>\n<p><span>Jag kommer ursprungligen fr\u00e5n Norrk\u00f6ping, men jag k\u00e4nner mig mer som en v\u00e4rldsmedborgare. N\u00e4r jag var 7 \u00e5r gammal flyttade min familj till Bagdad, Irak, och ett \u00e5r senare var det Riyadh, Saudiarabien, och s\u00e5 fortsatte det. Vid 18 \u00e5rs \u00e5lder \u00e5kte jag p\u00e5 semester till Costa del Sol, men jag \u00e5kte aldrig tillbaka till Sverige.<\/span><\/p>\n<p><span>Jag blev helt f\u00f6r\u00e4lskad i v\u00e4rmen, maten och dessa underbara spanjorer. Nu har jag bott h\u00e4r i 31 \u00e5r och talar flytande spanska, engelska och svenska. Mina styrkor \u00e4r att jag \u00e4r ivrig, en probleml\u00f6sare och entusiastisk. Jag har stor kunskap om kusten, s\u00e4rskilt Fuengirola. Jag vet vilka omr\u00e5den och samh\u00e4llen som \u00e4r de b\u00e4sta och vilka jag inte skulle rekommendera. Mina absoluta favoritomr\u00e5den \u00e4r Torreblanca, Carvajal och Higueron, som \u00e4r de mest exklusiva vi har h\u00e4r i Fuengirola. Kontakta mig g\u00e4rna s\u00e5 kan jag ber\u00e4tta vad som \u00e4r s\u00e5 speciellt med att bo h\u00e4r och varf\u00f6r det \u00e4r den b\u00e4sta investeringen du kan g\u00f6ra.      <\/span><\/p>\n<p>[\/et_pb_text][et_pb_code _builder_version=&#8221;4.27.0&#8243; _module_preset=&#8221;default&#8221; global_colors_info=&#8221;{}&#8221;]<div data-src=\"https:\/\/cdn.trustindex.io\/loader.js?d23fe1c4300d7890bc063a63606\"><\/div>[\/et_pb_code][\/et_pb_column][\/et_pb_row][et_pb_row _builder_version=&#8221;4.27.0&#8243; _module_preset=&#8221;default&#8221; global_colors_info=&#8221;{}&#8221;][et_pb_column type=&#8221;4_4&#8243; _builder_version=&#8221;4.27.0&#8243; _module_preset=&#8221;default&#8221; global_colors_info=&#8221;{}&#8221;][et_pb_post_nav _builder_version=&#8221;4.27.0&#8243; _module_preset=&#8221;default&#8221; global_colors_info=&#8221;{}&#8221;][\/et_pb_post_nav][\/et_pb_column][\/et_pb_row][\/et_pb_section]<\/p>\n","protected":false},"excerpt":{"rendered":"<p>Catarina Henriksson Fastighetsm\u00e4klare Jag kommer ursprungligen fr\u00e5n Norrk\u00f6ping, men jag k\u00e4nner mig mer som en v\u00e4rldsmedborgare. N\u00e4r jag var 7 \u00e5r gammal flyttade min familj till Bagdad, Irak, och ett \u00e5r senare var det Riyadh, Saudiarabien, och s\u00e5 fortsatte det. Vid 18 \u00e5rs \u00e5lder \u00e5kte jag p\u00e5 semester till Costa del Sol, men jag \u00e5kte [&hellip;]<\/p>\n","protected":false},"author":1,"featured_media":0,"parent":593,"menu_order":0,"comment_status":"closed","ping_status":"closed","template":"","meta":{"_et_pb_use_builder":"on","_et_pb_old_content":"","_et_gb_content_width":"","footnotes":""},"dipi_cpt_category":[],"class_list":["post-1018","page","type-page","status-publish","hentry"],"yoast_head":"<!-- This site is optimized with the Yoast SEO plugin v25.8 - https:\/\/yoast.com\/wordpress\/plugins\/seo\/ -->\n<title>Catarina Henriksson | Fastighetsm\u00e4klare p\u00e5 Costa del Sol<\/title>\n<meta name=\"description\" content=\"Catarina Henriksson \u00e4r fastighetsm\u00e4klare p\u00e5 Alamo Costa del Sol och hj\u00e4lper k\u00f6pare och s\u00e4ljare med lokal expertis och personlig service.\" \/>\n<meta name=\"robots\" content=\"index, follow, max-snippet:-1, max-image-preview:large, max-video-preview:-1\" \/>\n<link rel=\"canonical\" href=\"https:\/\/alamocostadelsol.com\/sv\/om-alamo\/catarina-henriksson\" \/>\n<meta property=\"og:locale\" content=\"sv_SE\" \/>\n<meta property=\"og:type\" content=\"article\" \/>\n<meta property=\"og:title\" content=\"Catarina Henriksson | Fastighetsm\u00e4klare p\u00e5 Costa del Sol\" \/>\n<meta property=\"og:description\" content=\"Catarina Henriksson \u00e4r fastighetsm\u00e4klare p\u00e5 Alamo Costa del Sol och hj\u00e4lper k\u00f6pare och s\u00e4ljare med lokal expertis och personlig service.\" \/>\n<meta property=\"og:url\" content=\"https:\/\/alamocostadelsol.com\/sv\/om-alamo\/catarina-henriksson\" \/>\n<meta property=\"og:site_name\" content=\"Alamo - makes your dream come true at costa del sol\" \/>\n<meta property=\"article:publisher\" content=\"https:\/\/www.facebook.com\/alamocostadelsol\" \/>\n<meta property=\"article:modified_time\" content=\"2026-01-12T12:09:15+00:00\" \/>\n<meta name=\"twitter:card\" content=\"summary_large_image\" \/>\n<meta name=\"twitter:label1\" content=\"Ber\u00e4knad l\u00e4stid\" \/>\n\t<meta name=\"twitter:data1\" content=\"2 minuter\" \/>\n<script type=\"application\/ld+json\" class=\"yoast-schema-graph\">{\"@context\":\"https:\/\/schema.org\",\"@graph\":[{\"@type\":\"WebPage\",\"@id\":\"https:\/\/alamocostadelsol.com\/sv\/om-alamo\/catarina-henriksson\",\"url\":\"https:\/\/alamocostadelsol.com\/sv\/om-alamo\/catarina-henriksson\",\"name\":\"Catarina Henriksson | Fastighetsm\u00e4klare p\u00e5 Costa del Sol\",\"isPartOf\":{\"@id\":\"https:\/\/alamocostadelsol.com\/sv#website\"},\"datePublished\":\"2024-06-10T16:12:04+00:00\",\"dateModified\":\"2026-01-12T12:09:15+00:00\",\"description\":\"Catarina Henriksson \u00e4r fastighetsm\u00e4klare p\u00e5 Alamo Costa del Sol och hj\u00e4lper k\u00f6pare och s\u00e4ljare med lokal expertis och personlig service.\",\"breadcrumb\":{\"@id\":\"https:\/\/alamocostadelsol.com\/sv\/om-alamo\/catarina-henriksson#breadcrumb\"},\"inLanguage\":\"sv-SE\",\"potentialAction\":[{\"@type\":\"ReadAction\",\"target\":[\"https:\/\/alamocostadelsol.com\/sv\/om-alamo\/catarina-henriksson\"]}]},{\"@type\":\"BreadcrumbList\",\"@id\":\"https:\/\/alamocostadelsol.com\/sv\/om-alamo\/catarina-henriksson#breadcrumb\",\"itemListElement\":[{\"@type\":\"ListItem\",\"position\":1,\"name\":\"Home\",\"item\":\"https:\/\/alamocostadelsol.com\/sv\"},{\"@type\":\"ListItem\",\"position\":2,\"name\":\"Om Alamo\",\"item\":\"https:\/\/alamocostadelsol.com\/sv\/om-alamo\"},{\"@type\":\"ListItem\",\"position\":3,\"name\":\"Catarina Henriksson\"}]},{\"@type\":\"WebSite\",\"@id\":\"https:\/\/alamocostadelsol.com\/sv#website\",\"url\":\"https:\/\/alamocostadelsol.com\/sv\",\"name\":\"Alamo - makes your dream come true at costa del sol\",\"description\":\"\",\"publisher\":{\"@id\":\"https:\/\/alamocostadelsol.com\/sv#organization\"},\"potentialAction\":[{\"@type\":\"SearchAction\",\"target\":{\"@type\":\"EntryPoint\",\"urlTemplate\":\"https:\/\/alamocostadelsol.com\/sv?s={search_term_string}\"},\"query-input\":{\"@type\":\"PropertyValueSpecification\",\"valueRequired\":true,\"valueName\":\"search_term_string\"}}],\"inLanguage\":\"sv-SE\"},{\"@type\":\"Organization\",\"@id\":\"https:\/\/alamocostadelsol.com\/sv#organization\",\"name\":\"Alamo - makes your dream come true at costa del sol\",\"url\":\"https:\/\/alamocostadelsol.com\/sv\",\"logo\":{\"@type\":\"ImageObject\",\"inLanguage\":\"sv-SE\",\"@id\":\"https:\/\/alamocostadelsol.com\/sv#\/schema\/logo\/image\/\",\"url\":\"https:\/\/alamocostadelsol.com\/wp-content\/uploads\/2024\/05\/alamo-costa-del-sol-logotype.png\",\"contentUrl\":\"https:\/\/alamocostadelsol.com\/wp-content\/uploads\/2024\/05\/alamo-costa-del-sol-logotype.png\",\"width\":773,\"height\":170,\"caption\":\"Alamo - makes your dream come true at costa del sol\"},\"image\":{\"@id\":\"https:\/\/alamocostadelsol.com\/sv#\/schema\/logo\/image\/\"},\"sameAs\":[\"https:\/\/www.facebook.com\/alamocostadelsol\",\"https:\/\/www.instagram.com\/alamocostadelsol\/\"]}]}<\/script>\n<!-- \/ Yoast SEO plugin. -->","yoast_head_json":{"title":"Catarina Henriksson | Fastighetsm\u00e4klare p\u00e5 Costa del Sol","description":"Catarina Henriksson \u00e4r fastighetsm\u00e4klare p\u00e5 Alamo Costa del Sol och hj\u00e4lper k\u00f6pare och s\u00e4ljare med lokal expertis och personlig service.","robots":{"index":"index","follow":"follow","max-snippet":"max-snippet:-1","max-image-preview":"max-image-preview:large","max-video-preview":"max-video-preview:-1"},"canonical":"https:\/\/alamocostadelsol.com\/sv\/om-alamo\/catarina-henriksson","og_locale":"sv_SE","og_type":"article","og_title":"Catarina Henriksson | Fastighetsm\u00e4klare p\u00e5 Costa del Sol","og_description":"Catarina Henriksson \u00e4r fastighetsm\u00e4klare p\u00e5 Alamo Costa del Sol och hj\u00e4lper k\u00f6pare och s\u00e4ljare med lokal expertis och personlig service.","og_url":"https:\/\/alamocostadelsol.com\/sv\/om-alamo\/catarina-henriksson","og_site_name":"Alamo - makes your dream come true at costa del sol","article_publisher":"https:\/\/www.facebook.com\/alamocostadelsol","article_modified_time":"2026-01-12T12:09:15+00:00","twitter_card":"summary_large_image","twitter_misc":{"Ber\u00e4knad l\u00e4stid":"2 minuter"},"schema":{"@context":"https:\/\/schema.org","@graph":[{"@type":"WebPage","@id":"https:\/\/alamocostadelsol.com\/sv\/om-alamo\/catarina-henriksson","url":"https:\/\/alamocostadelsol.com\/sv\/om-alamo\/catarina-henriksson","name":"Catarina Henriksson | Fastighetsm\u00e4klare p\u00e5 Costa del Sol","isPartOf":{"@id":"https:\/\/alamocostadelsol.com\/sv#website"},"datePublished":"2024-06-10T16:12:04+00:00","dateModified":"2026-01-12T12:09:15+00:00","description":"Catarina Henriksson \u00e4r fastighetsm\u00e4klare p\u00e5 Alamo Costa del Sol och hj\u00e4lper k\u00f6pare och s\u00e4ljare med lokal expertis och personlig service.","breadcrumb":{"@id":"https:\/\/alamocostadelsol.com\/sv\/om-alamo\/catarina-henriksson#breadcrumb"},"inLanguage":"sv-SE","potentialAction":[{"@type":"ReadAction","target":["https:\/\/alamocostadelsol.com\/sv\/om-alamo\/catarina-henriksson"]}]},{"@type":"BreadcrumbList","@id":"https:\/\/alamocostadelsol.com\/sv\/om-alamo\/catarina-henriksson#breadcrumb","itemListElement":[{"@type":"ListItem","position":1,"name":"Home","item":"https:\/\/alamocostadelsol.com\/sv"},{"@type":"ListItem","position":2,"name":"Om Alamo","item":"https:\/\/alamocostadelsol.com\/sv\/om-alamo"},{"@type":"ListItem","position":3,"name":"Catarina Henriksson"}]},{"@type":"WebSite","@id":"https:\/\/alamocostadelsol.com\/sv#website","url":"https:\/\/alamocostadelsol.com\/sv","name":"Alamo - makes your dream come true at costa del sol","description":"","publisher":{"@id":"https:\/\/alamocostadelsol.com\/sv#organization"},"potentialAction":[{"@type":"SearchAction","target":{"@type":"EntryPoint","urlTemplate":"https:\/\/alamocostadelsol.com\/sv?s={search_term_string}"},"query-input":{"@type":"PropertyValueSpecification","valueRequired":true,"valueName":"search_term_string"}}],"inLanguage":"sv-SE"},{"@type":"Organization","@id":"https:\/\/alamocostadelsol.com\/sv#organization","name":"Alamo - makes your dream come true at costa del sol","url":"https:\/\/alamocostadelsol.com\/sv","logo":{"@type":"ImageObject","inLanguage":"sv-SE","@id":"https:\/\/alamocostadelsol.com\/sv#\/schema\/logo\/image\/","url":"https:\/\/alamocostadelsol.com\/wp-content\/uploads\/2024\/05\/alamo-costa-del-sol-logotype.png","contentUrl":"https:\/\/alamocostadelsol.com\/wp-content\/uploads\/2024\/05\/alamo-costa-del-sol-logotype.png","width":773,"height":170,"caption":"Alamo - makes your dream come true at costa del sol"},"image":{"@id":"https:\/\/alamocostadelsol.com\/sv#\/schema\/logo\/image\/"},"sameAs":["https:\/\/www.facebook.com\/alamocostadelsol","https:\/\/www.instagram.com\/alamocostadelsol\/"]}]}},"_links":{"self":[{"href":"https:\/\/alamocostadelsol.com\/sv\/wp-json\/wp\/v2\/pages\/1018","targetHints":{"allow":["GET"]}}],"collection":[{"href":"https:\/\/alamocostadelsol.com\/sv\/wp-json\/wp\/v2\/pages"}],"about":[{"href":"https:\/\/alamocostadelsol.com\/sv\/wp-json\/wp\/v2\/types\/page"}],"author":[{"embeddable":true,"href":"https:\/\/alamocostadelsol.com\/sv\/wp-json\/wp\/v2\/users\/1"}],"replies":[{"embeddable":true,"href":"https:\/\/alamocostadelsol.com\/sv\/wp-json\/wp\/v2\/comments?post=1018"}],"version-history":[{"count":9,"href":"https:\/\/alamocostadelsol.com\/sv\/wp-json\/wp\/v2\/pages\/1018\/revisions"}],"predecessor-version":[{"id":18814271,"href":"https:\/\/alamocostadelsol.com\/sv\/wp-json\/wp\/v2\/pages\/1018\/revisions\/18814271"}],"up":[{"embeddable":true,"href":"https:\/\/alamocostadelsol.com\/sv\/wp-json\/wp\/v2\/pages\/593"}],"wp:attachment":[{"href":"https:\/\/alamocostadelsol.com\/sv\/wp-json\/wp\/v2\/media?parent=1018"}],"wp:term":[{"taxonomy":"dipi_cpt_category","embeddable":true,"href":"https:\/\/alamocostadelsol.com\/sv\/wp-json\/wp\/v2\/dipi_cpt_category?post=1018"}],"curies":[{"name":"wp","href":"https:\/\/api.w.org\/{rel}","templated":true}]}}