{"id":585,"date":"2024-05-02T22:24:33","date_gmt":"2024-05-02T20:24:33","guid":{"rendered":"https:\/\/alamocostadelsol.com\/alle-eiendommer"},"modified":"2026-04-09T16:14:29","modified_gmt":"2026-04-09T14:14:29","slug":"properties","status":"publish","type":"page","link":"https:\/\/alamocostadelsol.com\/no\/properties","title":{"rendered":"Alle egenskaper"},"content":{"rendered":"<p>[et_pb_section fb_built=&raquo;1&#8243; _builder_version=&raquo;4.25.1&#8243; _module_preset=&raquo;default&raquo; custom_margin=&raquo;0px||||false|false&raquo; custom_padding=&raquo;0px||||false|false&raquo; global_colors_info=&raquo;{}&raquo;][et_pb_row _builder_version=&raquo;4.25.1&#8243; _module_preset=&raquo;default&raquo; width=&raquo;100%&raquo; max_width=&raquo;100%&raquo; custom_margin=&raquo;0px|0px||0px|false|false&raquo; custom_padding=&raquo;0px|0px||0px|false|false&raquo; global_colors_info=&raquo;{}&raquo;][et_pb_column type=&raquo;4_4&#8243; _builder_version=&raquo;4.25.1&#8243; _module_preset=&raquo;default&raquo; global_colors_info=&raquo;{}&raquo;][et_pb_code _builder_version=&raquo;4.27.0&#8243; _module_preset=&raquo;default&raquo; width=&raquo;100%&raquo; max_width=&raquo;100%&raquo; custom_margin=&raquo;|0px||0px|false|false&raquo; custom_padding=&raquo;|0px||0px|false|false&raquo; global_colors_info=&raquo;{}&raquo;]<style>\r\n\t.widget {\r\n\t\twidth: 100%;\r\n\t\tz-index: 999;\r\n\t}\r\n<\/style>\r\n<div class=\"widget\">\r\n\t<script type=\"module\" crossorigin src=\"\/wp-content\/themes\/Divi\/js\/vueApp.js\"><\/script>\r\n\t<link rel=\"stylesheet\" crossorigin href=\"\/wp-content\/themes\/Divi\/css\/vueApp.css\">\r\n\t<div id=\"app\"><\/div>\r\n<\/div>[\/et_pb_code][\/et_pb_column][\/et_pb_row][\/et_pb_section][et_pb_section fb_built=&raquo;1&#8243; _builder_version=&raquo;4.25.1&#8243; _module_preset=&raquo;default&raquo; global_colors_info=&raquo;{}&raquo;][et_pb_row module_id=&raquo;contact-form-properties&raquo; _builder_version=&raquo;4.27.0&#8243; _module_preset=&raquo;default&raquo; background_color=&raquo;#FFFFFF&raquo; z_index=&raquo;1&#8243; width=&raquo;60%&raquo; width_tablet=&raquo;80%&raquo; width_phone=&raquo;90%&raquo; width_last_edited=&raquo;on|tablet&raquo; max_width=&raquo;100%&raquo; custom_margin=&raquo;60px||||false|false&raquo; border_radii=&raquo;on|25px|25px|25px|25px&raquo; box_shadow_style=&raquo;preset1&#8243; box_shadow_blur=&raquo;10px&raquo; global_colors_info=&raquo;{}&raquo;][et_pb_column type=&raquo;4_4&#8243; _builder_version=&raquo;4.25.1&#8243; _module_preset=&raquo;default&raquo; global_colors_info=&raquo;{}&raquo;][et_pb_contact_form use_spam_service=&raquo;on&raquo; recaptcha_list=&raquo;Alamo ReCap forms|Alamo ReCap forms-0&#8243; email=&raquo;contact@alamocostadelsol.com&raquo; title=&raquo;Send oss en melding, s\u00e5 tar vi kontakt&raquo; custom_message=&raquo;New submitted customer form at website: alamocostadelsol.com||et_pb_line_break_holder||||et_pb_line_break_holder||Language: Norwegian||et_pb_line_break_holder||||et_pb_line_break_holder||Name: %%Name%%||et_pb_line_break_holder||||et_pb_line_break_holder||E-Mail: %%Email%%||et_pb_line_break_holder||||et_pb_line_break_holder||Phone: %%Phone%%||et_pb_line_break_holder||||et_pb_line_break_holder||Property Reference: %%Reference%%||et_pb_line_break_holder||||et_pb_line_break_holder||Message from customer: %%Message%%&raquo; use_redirect=&raquo;on&raquo; redirect_url=&raquo;https:\/\/alamocostadelsol.com\/no\/takk&raquo; submit_button_text=&raquo;Send foresp\u00f8rsel&raquo; _builder_version=&raquo;4.27.4&#8243; _module_preset=&raquo;default&raquo; _unique_id=&raquo;a4d7076c-8199-4434-8e35-24332353c404&#8243; form_field_background_color=&raquo;#f9f9f9&#8243; title_level=&raquo;h2&#8243; title_font=&raquo;Marcellus|700|||||||&raquo; title_text_align=&raquo;center&raquo; title_line_height=&raquo;1.8em&raquo; form_field_font=&raquo;Marcellus|&#8211;et_global_body_font_weight|||||||&raquo; form_field_text_align=&raquo;left&raquo; form_field_font_size=&raquo;16px&raquo; background_color=&raquo;#FFFFFF&raquo; custom_button=&raquo;on&raquo; button_text_color=&raquo;#FFFFFF&raquo; button_bg_color=&raquo;#003c58&#8243; button_border_width=&raquo;2px&raquo; button_border_radius=&raquo;25px&raquo; button_font=&raquo;Marcellus|700|||||||&raquo; button_use_icon=&raquo;off&raquo; button_custom_margin=&raquo;||||false|false&raquo; button_custom_padding=&raquo;||||false|false&raquo; width=&raquo;100%&raquo; width_tablet=&raquo;&raquo; width_phone=&raquo;&raquo; width_last_edited=&raquo;on|tablet&raquo; max_width=&raquo;100%&raquo; custom_padding=&raquo;5%|5%|5%|5%|false|false&raquo; hover_enabled=&raquo;0&#8243; border_radii=&raquo;on|25px|25px|25px|25px&raquo; global_colors_info=&raquo;{}&raquo; sticky_enabled=&raquo;0&#8243;][et_pb_contact_field field_id=&raquo;Name&raquo; field_title=&raquo;Navn&raquo; min_length=&raquo;3&#8243; max_length=&raquo;18&#8243; allowed_symbols=&raquo;letters&raquo; fullwidth_field=&raquo;on&raquo; _builder_version=&raquo;4.27.0&#8243; global_colors_info=&raquo;{}&raquo; button_text_size__hover_enabled=&raquo;off&raquo; button_one_text_size__hover_enabled=&raquo;off&raquo; button_two_text_size__hover_enabled=&raquo;off&raquo; button_text_color__hover_enabled=&raquo;off&raquo; button_one_text_color__hover_enabled=&raquo;off&raquo; button_two_text_color__hover_enabled=&raquo;off&raquo; button_border_width__hover_enabled=&raquo;off&raquo; button_one_border_width__hover_enabled=&raquo;off&raquo; button_two_border_width__hover_enabled=&raquo;off&raquo; button_border_color__hover_enabled=&raquo;off&raquo; button_one_border_color__hover_enabled=&raquo;off&raquo; button_two_border_color__hover_enabled=&raquo;off&raquo; button_border_radius__hover_enabled=&raquo;off&raquo; button_one_border_radius__hover_enabled=&raquo;off&raquo; button_two_border_radius__hover_enabled=&raquo;off&raquo; button_letter_spacing__hover_enabled=&raquo;off&raquo; button_one_letter_spacing__hover_enabled=&raquo;off&raquo; button_two_letter_spacing__hover_enabled=&raquo;off&raquo; button_bg_color__hover_enabled=&raquo;off&raquo; button_one_bg_color__hover_enabled=&raquo;off&raquo; button_two_bg_color__hover_enabled=&raquo;off&raquo;][\/et_pb_contact_field][et_pb_contact_field field_id=&raquo;Email&raquo; field_title=&raquo;E-postadresse&raquo; field_type=&raquo;email&raquo; fullwidth_field=&raquo;on&raquo; _builder_version=&raquo;4.27.0&#8243; global_colors_info=&raquo;{}&raquo; button_text_size__hover_enabled=&raquo;off&raquo; button_one_text_size__hover_enabled=&raquo;off&raquo; button_two_text_size__hover_enabled=&raquo;off&raquo; button_text_color__hover_enabled=&raquo;off&raquo; button_one_text_color__hover_enabled=&raquo;off&raquo; button_two_text_color__hover_enabled=&raquo;off&raquo; button_border_width__hover_enabled=&raquo;off&raquo; button_one_border_width__hover_enabled=&raquo;off&raquo; button_two_border_width__hover_enabled=&raquo;off&raquo; button_border_color__hover_enabled=&raquo;off&raquo; button_one_border_color__hover_enabled=&raquo;off&raquo; button_two_border_color__hover_enabled=&raquo;off&raquo; button_border_radius__hover_enabled=&raquo;off&raquo; button_one_border_radius__hover_enabled=&raquo;off&raquo; button_two_border_radius__hover_enabled=&raquo;off&raquo; button_letter_spacing__hover_enabled=&raquo;off&raquo; button_one_letter_spacing__hover_enabled=&raquo;off&raquo; button_two_letter_spacing__hover_enabled=&raquo;off&raquo; button_bg_color__hover_enabled=&raquo;off&raquo; button_one_bg_color__hover_enabled=&raquo;off&raquo; button_two_bg_color__hover_enabled=&raquo;off&raquo;][\/et_pb_contact_field][et_pb_contact_field field_id=&raquo;Phone&raquo; field_title=&raquo;Telefon&raquo; max_length=&raquo;13&#8243; fullwidth_field=&raquo;on&raquo; _builder_version=&raquo;4.27.4&#8243; _module_preset=&raquo;default&raquo; hover_enabled=&raquo;0&#8243; global_colors_info=&raquo;{}&raquo; sticky_enabled=&raquo;0&#8243;][\/et_pb_contact_field][et_pb_contact_field field_id=&raquo;Reference&raquo; field_title=&raquo;Referanse til eiendom (valgfritt)&raquo; required_mark=&raquo;off&raquo; fullwidth_field=&raquo;on&raquo; _builder_version=&raquo;4.27.0&#8243; _module_preset=&raquo;default&raquo; global_colors_info=&raquo;{}&raquo;][\/et_pb_contact_field][et_pb_contact_field field_id=&raquo;Message&raquo; field_title=&raquo;Meddelande&raquo; field_type=&raquo;text&raquo; fullwidth_field=&raquo;on&raquo; _builder_version=&raquo;4.16&#8243; global_colors_info=&raquo;{}&raquo; button_text_size__hover_enabled=&raquo;off&raquo; button_one_text_size__hover_enabled=&raquo;off&raquo; button_two_text_size__hover_enabled=&raquo;off&raquo; button_text_color__hover_enabled=&raquo;off&raquo; button_one_text_color__hover_enabled=&raquo;off&raquo; button_two_text_color__hover_enabled=&raquo;off&raquo; button_border_width__hover_enabled=&raquo;off&raquo; button_one_border_width__hover_enabled=&raquo;off&raquo; button_two_border_width__hover_enabled=&raquo;off&raquo; button_border_color__hover_enabled=&raquo;off&raquo; button_one_border_color__hover_enabled=&raquo;off&raquo; button_two_border_color__hover_enabled=&raquo;off&raquo; button_border_radius__hover_enabled=&raquo;off&raquo; button_one_border_radius__hover_enabled=&raquo;off&raquo; button_two_border_radius__hover_enabled=&raquo;off&raquo; button_letter_spacing__hover_enabled=&raquo;off&raquo; button_one_letter_spacing__hover_enabled=&raquo;off&raquo; button_two_letter_spacing__hover_enabled=&raquo;off&raquo; button_bg_color__hover_enabled=&raquo;off&raquo; button_one_bg_color__hover_enabled=&raquo;off&raquo; button_two_bg_color__hover_enabled=&raquo;off&raquo;][\/et_pb_contact_field][\/et_pb_contact_form][\/et_pb_column][\/et_pb_row][\/et_pb_section]<\/p>\n","protected":false},"excerpt":{"rendered":"<style>\r\n\t.widget {\r\n\t\twidth: 100%;\r\n\t\tz-index: 999;\r\n\t}\r\n<\/style>\r\n<div class=\"widget\">\r\n\t<script type=\"module\" crossorigin src=\"\/wp-content\/themes\/Divi\/js\/vueApp.js\"><\/script>\r\n\t<link rel=\"stylesheet\" crossorigin href=\"\/wp-content\/themes\/Divi\/css\/vueApp.css\">\r\n\t<div id=\"app\"><\/div>\r\n<\/div>\n","protected":false},"author":1,"featured_media":0,"parent":0,"menu_order":0,"comment_status":"closed","ping_status":"closed","template":"","meta":{"_et_pb_use_builder":"on","_et_pb_old_content":"<!-- wp:divi\/placeholder \/-->","_et_gb_content_width":"","footnotes":""},"dipi_cpt_category":[],"class_list":["post-585","page","type-page","status-publish","hentry"],"yoast_head":"<!-- This site is optimized with the Yoast SEO plugin v25.8 - https:\/\/yoast.com\/wordpress\/plugins\/seo\/ -->\n<title>Eiendommer til salgs p\u00e5 Costa del Sol | Alamo eiendom<\/title>\n<meta name=\"description\" content=\"Bla gjennom eiendommer til salgs p\u00e5 Costa del Sol, inkludert leiligheter, villaer og nye utbygginger p\u00e5 topp steder.\" \/>\n<meta name=\"robots\" content=\"index, follow, max-snippet:-1, max-image-preview:large, max-video-preview:-1\" \/>\n<link rel=\"canonical\" href=\"https:\/\/alamocostadelsol.com\/no\/properties\" \/>\n<meta property=\"og:locale\" content=\"nb_NO\" \/>\n<meta property=\"og:type\" content=\"article\" \/>\n<meta property=\"og:title\" content=\"Eiendommer til salgs p\u00e5 Costa del Sol | Alamo eiendom\" \/>\n<meta property=\"og:description\" content=\"Bla gjennom eiendommer til salgs p\u00e5 Costa del Sol, inkludert leiligheter, villaer og nye utbygginger p\u00e5 topp steder.\" \/>\n<meta property=\"og:url\" content=\"https:\/\/alamocostadelsol.com\/no\/properties\" \/>\n<meta property=\"og:site_name\" content=\"Alamo - makes your dream come true at costa del sol\" \/>\n<meta property=\"article:publisher\" content=\"https:\/\/www.facebook.com\/alamocostadelsol\" \/>\n<meta property=\"article:modified_time\" content=\"2026-04-09T14:14:29+00:00\" \/>\n<meta name=\"twitter:card\" content=\"summary_large_image\" \/>\n<meta name=\"twitter:label1\" content=\"Ansl. lesetid\" \/>\n\t<meta name=\"twitter:data1\" content=\"5 minutter\" \/>\n<script type=\"application\/ld+json\" class=\"yoast-schema-graph\">{\"@context\":\"https:\/\/schema.org\",\"@graph\":[{\"@type\":\"WebPage\",\"@id\":\"https:\/\/alamocostadelsol.com\/no\/properties\",\"url\":\"https:\/\/alamocostadelsol.com\/no\/properties\",\"name\":\"Eiendommer til salgs p\u00e5 Costa del Sol | Alamo eiendom\",\"isPartOf\":{\"@id\":\"https:\/\/alamocostadelsol.com\/no#website\"},\"datePublished\":\"2024-05-02T20:24:33+00:00\",\"dateModified\":\"2026-04-09T14:14:29+00:00\",\"description\":\"Bla gjennom eiendommer til salgs p\u00e5 Costa del Sol, inkludert leiligheter, villaer og nye utbygginger p\u00e5 topp steder.\",\"breadcrumb\":{\"@id\":\"https:\/\/alamocostadelsol.com\/no\/properties#breadcrumb\"},\"inLanguage\":\"nb-NO\",\"potentialAction\":[{\"@type\":\"ReadAction\",\"target\":[\"https:\/\/alamocostadelsol.com\/no\/properties\"]}]},{\"@type\":\"BreadcrumbList\",\"@id\":\"https:\/\/alamocostadelsol.com\/no\/properties#breadcrumb\",\"itemListElement\":[{\"@type\":\"ListItem\",\"position\":1,\"name\":\"Home\",\"item\":\"https:\/\/alamocostadelsol.com\/no\"},{\"@type\":\"ListItem\",\"position\":2,\"name\":\"Alle egenskaper\"}]},{\"@type\":\"WebSite\",\"@id\":\"https:\/\/alamocostadelsol.com\/no#website\",\"url\":\"https:\/\/alamocostadelsol.com\/no\",\"name\":\"Alamo - makes your dream come true at costa del sol\",\"description\":\"\",\"publisher\":{\"@id\":\"https:\/\/alamocostadelsol.com\/no#organization\"},\"potentialAction\":[{\"@type\":\"SearchAction\",\"target\":{\"@type\":\"EntryPoint\",\"urlTemplate\":\"https:\/\/alamocostadelsol.com\/no?s={search_term_string}\"},\"query-input\":{\"@type\":\"PropertyValueSpecification\",\"valueRequired\":true,\"valueName\":\"search_term_string\"}}],\"inLanguage\":\"nb-NO\"},{\"@type\":\"Organization\",\"@id\":\"https:\/\/alamocostadelsol.com\/no#organization\",\"name\":\"Alamo - makes your dream come true at costa del sol\",\"url\":\"https:\/\/alamocostadelsol.com\/no\",\"logo\":{\"@type\":\"ImageObject\",\"inLanguage\":\"nb-NO\",\"@id\":\"https:\/\/alamocostadelsol.com\/no#\/schema\/logo\/image\/\",\"url\":\"https:\/\/alamocostadelsol.com\/wp-content\/uploads\/2024\/05\/alamo-costa-del-sol-logotype.png\",\"contentUrl\":\"https:\/\/alamocostadelsol.com\/wp-content\/uploads\/2024\/05\/alamo-costa-del-sol-logotype.png\",\"width\":773,\"height\":170,\"caption\":\"Alamo - makes your dream come true at costa del sol\"},\"image\":{\"@id\":\"https:\/\/alamocostadelsol.com\/no#\/schema\/logo\/image\/\"},\"sameAs\":[\"https:\/\/www.facebook.com\/alamocostadelsol\",\"https:\/\/www.instagram.com\/alamocostadelsol\/\"]}]}<\/script>\n<!-- \/ Yoast SEO plugin. -->","yoast_head_json":{"title":"Eiendommer til salgs p\u00e5 Costa del Sol | Alamo eiendom","description":"Bla gjennom eiendommer til salgs p\u00e5 Costa del Sol, inkludert leiligheter, villaer og nye utbygginger p\u00e5 topp steder.","robots":{"index":"index","follow":"follow","max-snippet":"max-snippet:-1","max-image-preview":"max-image-preview:large","max-video-preview":"max-video-preview:-1"},"canonical":"https:\/\/alamocostadelsol.com\/no\/properties","og_locale":"nb_NO","og_type":"article","og_title":"Eiendommer til salgs p\u00e5 Costa del Sol | Alamo eiendom","og_description":"Bla gjennom eiendommer til salgs p\u00e5 Costa del Sol, inkludert leiligheter, villaer og nye utbygginger p\u00e5 topp steder.","og_url":"https:\/\/alamocostadelsol.com\/no\/properties","og_site_name":"Alamo - makes your dream come true at costa del sol","article_publisher":"https:\/\/www.facebook.com\/alamocostadelsol","article_modified_time":"2026-04-09T14:14:29+00:00","twitter_card":"summary_large_image","twitter_misc":{"Ansl. lesetid":"5 minutter"},"schema":{"@context":"https:\/\/schema.org","@graph":[{"@type":"WebPage","@id":"https:\/\/alamocostadelsol.com\/no\/properties","url":"https:\/\/alamocostadelsol.com\/no\/properties","name":"Eiendommer til salgs p\u00e5 Costa del Sol | Alamo eiendom","isPartOf":{"@id":"https:\/\/alamocostadelsol.com\/no#website"},"datePublished":"2024-05-02T20:24:33+00:00","dateModified":"2026-04-09T14:14:29+00:00","description":"Bla gjennom eiendommer til salgs p\u00e5 Costa del Sol, inkludert leiligheter, villaer og nye utbygginger p\u00e5 topp steder.","breadcrumb":{"@id":"https:\/\/alamocostadelsol.com\/no\/properties#breadcrumb"},"inLanguage":"nb-NO","potentialAction":[{"@type":"ReadAction","target":["https:\/\/alamocostadelsol.com\/no\/properties"]}]},{"@type":"BreadcrumbList","@id":"https:\/\/alamocostadelsol.com\/no\/properties#breadcrumb","itemListElement":[{"@type":"ListItem","position":1,"name":"Home","item":"https:\/\/alamocostadelsol.com\/no"},{"@type":"ListItem","position":2,"name":"Alle egenskaper"}]},{"@type":"WebSite","@id":"https:\/\/alamocostadelsol.com\/no#website","url":"https:\/\/alamocostadelsol.com\/no","name":"Alamo - makes your dream come true at costa del sol","description":"","publisher":{"@id":"https:\/\/alamocostadelsol.com\/no#organization"},"potentialAction":[{"@type":"SearchAction","target":{"@type":"EntryPoint","urlTemplate":"https:\/\/alamocostadelsol.com\/no?s={search_term_string}"},"query-input":{"@type":"PropertyValueSpecification","valueRequired":true,"valueName":"search_term_string"}}],"inLanguage":"nb-NO"},{"@type":"Organization","@id":"https:\/\/alamocostadelsol.com\/no#organization","name":"Alamo - makes your dream come true at costa del sol","url":"https:\/\/alamocostadelsol.com\/no","logo":{"@type":"ImageObject","inLanguage":"nb-NO","@id":"https:\/\/alamocostadelsol.com\/no#\/schema\/logo\/image\/","url":"https:\/\/alamocostadelsol.com\/wp-content\/uploads\/2024\/05\/alamo-costa-del-sol-logotype.png","contentUrl":"https:\/\/alamocostadelsol.com\/wp-content\/uploads\/2024\/05\/alamo-costa-del-sol-logotype.png","width":773,"height":170,"caption":"Alamo - makes your dream come true at costa del sol"},"image":{"@id":"https:\/\/alamocostadelsol.com\/no#\/schema\/logo\/image\/"},"sameAs":["https:\/\/www.facebook.com\/alamocostadelsol","https:\/\/www.instagram.com\/alamocostadelsol\/"]}]}},"_links":{"self":[{"href":"https:\/\/alamocostadelsol.com\/no\/wp-json\/wp\/v2\/pages\/585","targetHints":{"allow":["GET"]}}],"collection":[{"href":"https:\/\/alamocostadelsol.com\/no\/wp-json\/wp\/v2\/pages"}],"about":[{"href":"https:\/\/alamocostadelsol.com\/no\/wp-json\/wp\/v2\/types\/page"}],"author":[{"embeddable":true,"href":"https:\/\/alamocostadelsol.com\/no\/wp-json\/wp\/v2\/users\/1"}],"replies":[{"embeddable":true,"href":"https:\/\/alamocostadelsol.com\/no\/wp-json\/wp\/v2\/comments?post=585"}],"version-history":[{"count":22,"href":"https:\/\/alamocostadelsol.com\/no\/wp-json\/wp\/v2\/pages\/585\/revisions"}],"predecessor-version":[{"id":25987786,"href":"https:\/\/alamocostadelsol.com\/no\/wp-json\/wp\/v2\/pages\/585\/revisions\/25987786"}],"wp:attachment":[{"href":"https:\/\/alamocostadelsol.com\/no\/wp-json\/wp\/v2\/media?parent=585"}],"wp:term":[{"taxonomy":"dipi_cpt_category","embeddable":true,"href":"https:\/\/alamocostadelsol.com\/no\/wp-json\/wp\/v2\/dipi_cpt_category?post=585"}],"curies":[{"name":"wp","href":"https:\/\/api.w.org\/{rel}","templated":true}]}}