{"id":18815613,"date":"2024-06-10T19:31:00","date_gmt":"2024-06-10T17:31:00","guid":{"rendered":"https:\/\/alamocostadelsol.com\/om-alamo\/alla-skaletska"},"modified":"2026-01-27T14:25:19","modified_gmt":"2026-01-27T13:25:19","slug":"alla-skaletska","status":"publish","type":"page","link":"https:\/\/alamocostadelsol.com\/no\/om-alamo\/alla-skaletska","title":{"rendered":"Alla Skaletska"},"content":{"rendered":"<p>[et_pb_section fb_built=&raquo;1&#8243; _builder_version=&raquo;4.25.1&#8243; _module_preset=&raquo;default&raquo; global_colors_info=&raquo;{}&raquo;][et_pb_row column_structure=&raquo;1_3,2_3&#8243; _builder_version=&raquo;4.25.1&#8243; _module_preset=&raquo;default&raquo; width=&raquo;90%&raquo; max_width=&raquo;100%&raquo; global_colors_info=&raquo;{}&raquo;][et_pb_column type=&raquo;1_3&#8243; _builder_version=&raquo;4.25.1&#8243; _module_preset=&raquo;default&raquo; global_colors_info=&raquo;{}&raquo;][et_pb_image src=&raquo;https:\/\/alamocostadelsol.com\/wp-content\/uploads\/2025\/11\/upscalemedia-transformed.png&raquo; alt=&raquo;Alla Skaletska eiendomsagent costa del sol&raquo; title_text=&raquo;Alla Skaletska eiendomsagent costa del sol&raquo; align=&raquo;right&raquo; _builder_version=&raquo;4.27.4&#8243; _module_preset=&raquo;default&raquo; width=&raquo;80%&raquo; hover_enabled=&raquo;0&#8243; global_colors_info=&raquo;{}&raquo; sticky_enabled=&raquo;0&#8243;][\/et_pb_image][\/et_pb_column][et_pb_column type=&raquo;2_3&#8243; _builder_version=&raquo;4.25.1&#8243; _module_preset=&raquo;default&raquo; global_colors_info=&raquo;{}&raquo;][et_pb_text _builder_version=&raquo;4.27.4&#8243; _module_preset=&raquo;default&raquo; text_font=&raquo;Marcellus||||||||&raquo; text_font_size=&raquo;16px&raquo; header_font=&raquo;Marcellus|700|||||||&raquo; header_font_size=&raquo;36px&raquo; header_2_font=&raquo;Marcellus||||||||&raquo; header_2_font_size=&raquo;22px&raquo; hover_enabled=&raquo;0&#8243; global_colors_info=&raquo;{}&raquo; sticky_enabled=&raquo;0&#8243;]<\/p>\n<h1><a class=\"block font-medium text-lg\">Alla Skaletska<\/a><\/h1>\n<h2><span>Samarbeidende agent<\/span><\/h2>\n<p><span><\/span><\/p>\n<div class=\"text-base my-auto mx-auto pb-10 [--thread-content-margin:--spacing(4)] @w-sm\/main:[--thread-content-margin:--spacing(6)] @w-lg\/main:[--thread-content-margin:--spacing(16)] px-(--thread-content-margin)\">\n<div class=\"[--thread-content-max-width:40rem] @w-lg\/main:[--thread-content-max-width:48rem] mx-auto max-w-(--thread-content-max-width) flex-1 group\/turn-messages focus-visible:outline-hidden relative flex w-full min-w-0 flex-col agent-turn\" tabindex=\"-1\">\n<div class=\"flex max-w-full flex-col grow\">\n<div data-message-author-role=\"assistant\" data-message-id=\"06230940-387d-4108-bdb9-716ec259e142\" dir=\"auto\" class=\"min-h-8 text-message relative flex w-full flex-col items-end gap-2 text-start break-words whitespace-normal [.text-message+&amp;]:mt-1\" data-message-model-slug=\"gpt-5-2\">\n<div class=\"flex w-full flex-col gap-1 empty:hidden first:pt-[1px]\">\n<div class=\"markdown prose dark:prose-invert w-full wrap-break-word light markdown-new-styling\">\n<p data-start=\"0\" data-end=\"171\">Jeg er f\u00f8dt i Ukraina og har bodd i Spania i mer enn 23 \u00e5r. Jeg er dypt forelsket i dette landet \u2013 akkurat som v\u00e5re kunder, som velger \u00e5 kj\u00f8pe boligene sine her. <\/p>\n<p data-start=\"173\" data-end=\"502\" data-is-last-node=\"\" data-is-only-node=\"\">Jeg har alltid jobbet i eiendomssektoren fordi jeg brenner for \u00e5 knytte kontakt med folk, b\u00e5de lokalt og fra hele verden. Jeg elsker virkelig \u00e5 se gleden til kundene mine n\u00e5r dr\u00f8mmene deres g\u00e5r i oppfyllelse ved \u00e5 finne sitt ideelle hjem, spesielt n\u00e5r jeg har kunnet hjelpe dem med \u00e5 finne det og h\u00e5ndtere hele prosessen. <\/p>\n<\/div>\n<\/div>\n<\/div>\n<\/div>\n<\/div>\n<\/div>\n<p>[\/et_pb_text][\/et_pb_column][\/et_pb_row][et_pb_row _builder_version=&raquo;4.27.0&#8243; _module_preset=&raquo;default&raquo; global_colors_info=&raquo;{}&raquo;][et_pb_column type=&raquo;4_4&#8243; _builder_version=&raquo;4.27.0&#8243; _module_preset=&raquo;default&raquo; global_colors_info=&raquo;{}&raquo;][et_pb_post_nav _builder_version=&raquo;4.27.0&#8243; _module_preset=&raquo;default&raquo; global_colors_info=&raquo;{}&raquo;][\/et_pb_post_nav][\/et_pb_column][\/et_pb_row][\/et_pb_section]<\/p>\n","protected":false},"excerpt":{"rendered":"<p>Alla Skaletska Samarbeidende agent Jeg er f\u00f8dt i Ukraina og har bodd i Spania i mer enn 23 \u00e5r. Jeg er dypt forelsket i dette landet \u2013 akkurat som v\u00e5re kunder, som velger \u00e5 kj\u00f8pe boligene sine her. Jeg har alltid jobbet i eiendomssektoren fordi jeg brenner for \u00e5 knytte kontakt med folk, b\u00e5de lokalt [&hellip;]<\/p>\n","protected":false},"author":3,"featured_media":0,"parent":592,"menu_order":0,"comment_status":"closed","ping_status":"closed","template":"","meta":{"_et_pb_use_builder":"on","_et_pb_old_content":"","_et_gb_content_width":"","footnotes":""},"dipi_cpt_category":[],"class_list":["post-18815613","page","type-page","status-publish","hentry"],"yoast_head":"<!-- This site is optimized with the Yoast SEO plugin v25.8 - https:\/\/yoast.com\/wordpress\/plugins\/seo\/ -->\n<title>Alla Skaletska | Eiendomsmegler p\u00e5 Costa del Sol<\/title>\n<meta name=\"description\" content=\"Alla Skaletska er eiendomsmegler hos Alamo Costa del Sol, og hjelper kj\u00f8pere og selgere med lokal ekspertise og personlig service.\" \/>\n<meta name=\"robots\" content=\"index, follow, max-snippet:-1, max-image-preview:large, max-video-preview:-1\" \/>\n<link rel=\"canonical\" href=\"https:\/\/alamocostadelsol.com\/no\/om-alamo\/alla-skaletska\" \/>\n<meta property=\"og:locale\" content=\"nb_NO\" \/>\n<meta property=\"og:type\" content=\"article\" \/>\n<meta property=\"og:title\" content=\"Alla Skaletska | Eiendomsmegler p\u00e5 Costa del Sol\" \/>\n<meta property=\"og:description\" content=\"Alla Skaletska er eiendomsmegler hos Alamo Costa del Sol, og hjelper kj\u00f8pere og selgere med lokal ekspertise og personlig service.\" \/>\n<meta property=\"og:url\" content=\"https:\/\/alamocostadelsol.com\/no\/om-alamo\/alla-skaletska\" \/>\n<meta property=\"og:site_name\" content=\"Alamo - makes your dream come true at costa del sol\" \/>\n<meta property=\"article:publisher\" content=\"https:\/\/www.facebook.com\/alamocostadelsol\" \/>\n<meta property=\"article:modified_time\" content=\"2026-01-27T13:25:19+00:00\" \/>\n<meta name=\"twitter:card\" content=\"summary_large_image\" \/>\n<meta name=\"twitter:label1\" content=\"Ansl. lesetid\" \/>\n\t<meta name=\"twitter:data1\" content=\"1 minutt\" \/>\n<script type=\"application\/ld+json\" class=\"yoast-schema-graph\">{\"@context\":\"https:\/\/schema.org\",\"@graph\":[{\"@type\":\"WebPage\",\"@id\":\"https:\/\/alamocostadelsol.com\/no\/om-alamo\/alla-skaletska\",\"url\":\"https:\/\/alamocostadelsol.com\/no\/om-alamo\/alla-skaletska\",\"name\":\"Alla Skaletska | Eiendomsmegler p\u00e5 Costa del Sol\",\"isPartOf\":{\"@id\":\"https:\/\/alamocostadelsol.com\/no#website\"},\"datePublished\":\"2024-06-10T17:31:00+00:00\",\"dateModified\":\"2026-01-27T13:25:19+00:00\",\"description\":\"Alla Skaletska er eiendomsmegler hos Alamo Costa del Sol, og hjelper kj\u00f8pere og selgere med lokal ekspertise og personlig service.\",\"breadcrumb\":{\"@id\":\"https:\/\/alamocostadelsol.com\/no\/om-alamo\/alla-skaletska#breadcrumb\"},\"inLanguage\":\"nb-NO\",\"potentialAction\":[{\"@type\":\"ReadAction\",\"target\":[\"https:\/\/alamocostadelsol.com\/no\/om-alamo\/alla-skaletska\"]}]},{\"@type\":\"BreadcrumbList\",\"@id\":\"https:\/\/alamocostadelsol.com\/no\/om-alamo\/alla-skaletska#breadcrumb\",\"itemListElement\":[{\"@type\":\"ListItem\",\"position\":1,\"name\":\"Home\",\"item\":\"https:\/\/alamocostadelsol.com\/no\"},{\"@type\":\"ListItem\",\"position\":2,\"name\":\"Om Alamo\",\"item\":\"https:\/\/alamocostadelsol.com\/no\/om-alamo\"},{\"@type\":\"ListItem\",\"position\":3,\"name\":\"Alla Skaletska\"}]},{\"@type\":\"WebSite\",\"@id\":\"https:\/\/alamocostadelsol.com\/no#website\",\"url\":\"https:\/\/alamocostadelsol.com\/no\",\"name\":\"Alamo - makes your dream come true at costa del sol\",\"description\":\"\",\"publisher\":{\"@id\":\"https:\/\/alamocostadelsol.com\/no#organization\"},\"potentialAction\":[{\"@type\":\"SearchAction\",\"target\":{\"@type\":\"EntryPoint\",\"urlTemplate\":\"https:\/\/alamocostadelsol.com\/no?s={search_term_string}\"},\"query-input\":{\"@type\":\"PropertyValueSpecification\",\"valueRequired\":true,\"valueName\":\"search_term_string\"}}],\"inLanguage\":\"nb-NO\"},{\"@type\":\"Organization\",\"@id\":\"https:\/\/alamocostadelsol.com\/no#organization\",\"name\":\"Alamo - makes your dream come true at costa del sol\",\"url\":\"https:\/\/alamocostadelsol.com\/no\",\"logo\":{\"@type\":\"ImageObject\",\"inLanguage\":\"nb-NO\",\"@id\":\"https:\/\/alamocostadelsol.com\/no#\/schema\/logo\/image\/\",\"url\":\"https:\/\/alamocostadelsol.com\/wp-content\/uploads\/2024\/05\/alamo-costa-del-sol-logotype.png\",\"contentUrl\":\"https:\/\/alamocostadelsol.com\/wp-content\/uploads\/2024\/05\/alamo-costa-del-sol-logotype.png\",\"width\":773,\"height\":170,\"caption\":\"Alamo - makes your dream come true at costa del sol\"},\"image\":{\"@id\":\"https:\/\/alamocostadelsol.com\/no#\/schema\/logo\/image\/\"},\"sameAs\":[\"https:\/\/www.facebook.com\/alamocostadelsol\",\"https:\/\/www.instagram.com\/alamocostadelsol\/\"]}]}<\/script>\n<!-- \/ Yoast SEO plugin. -->","yoast_head_json":{"title":"Alla Skaletska | Eiendomsmegler p\u00e5 Costa del Sol","description":"Alla Skaletska er eiendomsmegler hos Alamo Costa del Sol, og hjelper kj\u00f8pere og selgere med lokal ekspertise og personlig service.","robots":{"index":"index","follow":"follow","max-snippet":"max-snippet:-1","max-image-preview":"max-image-preview:large","max-video-preview":"max-video-preview:-1"},"canonical":"https:\/\/alamocostadelsol.com\/no\/om-alamo\/alla-skaletska","og_locale":"nb_NO","og_type":"article","og_title":"Alla Skaletska | Eiendomsmegler p\u00e5 Costa del Sol","og_description":"Alla Skaletska er eiendomsmegler hos Alamo Costa del Sol, og hjelper kj\u00f8pere og selgere med lokal ekspertise og personlig service.","og_url":"https:\/\/alamocostadelsol.com\/no\/om-alamo\/alla-skaletska","og_site_name":"Alamo - makes your dream come true at costa del sol","article_publisher":"https:\/\/www.facebook.com\/alamocostadelsol","article_modified_time":"2026-01-27T13:25:19+00:00","twitter_card":"summary_large_image","twitter_misc":{"Ansl. lesetid":"1 minutt"},"schema":{"@context":"https:\/\/schema.org","@graph":[{"@type":"WebPage","@id":"https:\/\/alamocostadelsol.com\/no\/om-alamo\/alla-skaletska","url":"https:\/\/alamocostadelsol.com\/no\/om-alamo\/alla-skaletska","name":"Alla Skaletska | Eiendomsmegler p\u00e5 Costa del Sol","isPartOf":{"@id":"https:\/\/alamocostadelsol.com\/no#website"},"datePublished":"2024-06-10T17:31:00+00:00","dateModified":"2026-01-27T13:25:19+00:00","description":"Alla Skaletska er eiendomsmegler hos Alamo Costa del Sol, og hjelper kj\u00f8pere og selgere med lokal ekspertise og personlig service.","breadcrumb":{"@id":"https:\/\/alamocostadelsol.com\/no\/om-alamo\/alla-skaletska#breadcrumb"},"inLanguage":"nb-NO","potentialAction":[{"@type":"ReadAction","target":["https:\/\/alamocostadelsol.com\/no\/om-alamo\/alla-skaletska"]}]},{"@type":"BreadcrumbList","@id":"https:\/\/alamocostadelsol.com\/no\/om-alamo\/alla-skaletska#breadcrumb","itemListElement":[{"@type":"ListItem","position":1,"name":"Home","item":"https:\/\/alamocostadelsol.com\/no"},{"@type":"ListItem","position":2,"name":"Om Alamo","item":"https:\/\/alamocostadelsol.com\/no\/om-alamo"},{"@type":"ListItem","position":3,"name":"Alla Skaletska"}]},{"@type":"WebSite","@id":"https:\/\/alamocostadelsol.com\/no#website","url":"https:\/\/alamocostadelsol.com\/no","name":"Alamo - makes your dream come true at costa del sol","description":"","publisher":{"@id":"https:\/\/alamocostadelsol.com\/no#organization"},"potentialAction":[{"@type":"SearchAction","target":{"@type":"EntryPoint","urlTemplate":"https:\/\/alamocostadelsol.com\/no?s={search_term_string}"},"query-input":{"@type":"PropertyValueSpecification","valueRequired":true,"valueName":"search_term_string"}}],"inLanguage":"nb-NO"},{"@type":"Organization","@id":"https:\/\/alamocostadelsol.com\/no#organization","name":"Alamo - makes your dream come true at costa del sol","url":"https:\/\/alamocostadelsol.com\/no","logo":{"@type":"ImageObject","inLanguage":"nb-NO","@id":"https:\/\/alamocostadelsol.com\/no#\/schema\/logo\/image\/","url":"https:\/\/alamocostadelsol.com\/wp-content\/uploads\/2024\/05\/alamo-costa-del-sol-logotype.png","contentUrl":"https:\/\/alamocostadelsol.com\/wp-content\/uploads\/2024\/05\/alamo-costa-del-sol-logotype.png","width":773,"height":170,"caption":"Alamo - makes your dream come true at costa del sol"},"image":{"@id":"https:\/\/alamocostadelsol.com\/no#\/schema\/logo\/image\/"},"sameAs":["https:\/\/www.facebook.com\/alamocostadelsol","https:\/\/www.instagram.com\/alamocostadelsol\/"]}]}},"_links":{"self":[{"href":"https:\/\/alamocostadelsol.com\/no\/wp-json\/wp\/v2\/pages\/18815613","targetHints":{"allow":["GET"]}}],"collection":[{"href":"https:\/\/alamocostadelsol.com\/no\/wp-json\/wp\/v2\/pages"}],"about":[{"href":"https:\/\/alamocostadelsol.com\/no\/wp-json\/wp\/v2\/types\/page"}],"author":[{"embeddable":true,"href":"https:\/\/alamocostadelsol.com\/no\/wp-json\/wp\/v2\/users\/3"}],"replies":[{"embeddable":true,"href":"https:\/\/alamocostadelsol.com\/no\/wp-json\/wp\/v2\/comments?post=18815613"}],"version-history":[{"count":2,"href":"https:\/\/alamocostadelsol.com\/no\/wp-json\/wp\/v2\/pages\/18815613\/revisions"}],"predecessor-version":[{"id":18815615,"href":"https:\/\/alamocostadelsol.com\/no\/wp-json\/wp\/v2\/pages\/18815613\/revisions\/18815615"}],"up":[{"embeddable":true,"href":"https:\/\/alamocostadelsol.com\/no\/wp-json\/wp\/v2\/pages\/592"}],"wp:attachment":[{"href":"https:\/\/alamocostadelsol.com\/no\/wp-json\/wp\/v2\/media?parent=18815613"}],"wp:term":[{"taxonomy":"dipi_cpt_category","embeddable":true,"href":"https:\/\/alamocostadelsol.com\/no\/wp-json\/wp\/v2\/dipi_cpt_category?post=18815613"}],"curies":[{"name":"wp","href":"https:\/\/api.w.org\/{rel}","templated":true}]}}