{"id":18814378,"date":"2025-12-09T16:08:28","date_gmt":"2025-12-09T15:08:28","guid":{"rendered":"https:\/\/alamocostadelsol.com\/betrodde-partnere"},"modified":"2026-01-12T16:31:56","modified_gmt":"2026-01-12T15:31:56","slug":"betrodde-partnere","status":"publish","type":"page","link":"https:\/\/alamocostadelsol.com\/no\/betrodde-partnere","title":{"rendered":"Betrodde partnere"},"content":{"rendered":"<p>[et_pb_section fb_built=&raquo;1&#8243; _builder_version=&raquo;4.27.4&#8243; _module_preset=&raquo;default&raquo; global_colors_info=&raquo;{}&raquo;][et_pb_row _builder_version=&raquo;4.27.4&#8243; _module_preset=&raquo;default&raquo; custom_margin=&raquo;-49px|auto||auto||&raquo; global_colors_info=&raquo;{}&raquo;][et_pb_column type=&raquo;4_4&#8243; _builder_version=&raquo;4.27.4&#8243; _module_preset=&raquo;default&raquo; global_colors_info=&raquo;{}&raquo;][et_pb_text _builder_version=&raquo;4.25.2&#8243; _module_preset=&raquo;default&raquo; text_font=&raquo;Marcellus||||||||&raquo; text_font_size=&raquo;20px&raquo; text_line_height=&raquo;2em&raquo; header_font=&raquo;Marcellus|700|||||||&raquo; header_text_align=&raquo;center&raquo; header_font_size=&raquo;3rem&raquo; text_orientation=&raquo;center&raquo; header_font_size_tablet=&raquo;3rem&raquo; header_font_size_phone=&raquo;2.5rem&raquo; header_font_size_last_edited=&raquo;on|phone&raquo; header_line_height_tablet=&raquo;1.3em&raquo; header_line_height_phone=&raquo;1.3em&raquo; header_line_height_last_edited=&raquo;on|tablet&raquo; global_colors_info=&raquo;{}&raquo;]<\/p>\n<h1 class=\"header-text text-3xl xl:text-5xl tracking-tight text-primary mb-4 lg:mb-9 mx-auto text-center\">BETRODDE PARTNERE<\/h1>\n<p data-start=\"132\" data-end=\"237\">Et kuratert nettverk av fagfolk vi stoler p\u00e5 for \u00e5 levere eksepsjonell service til v\u00e5re kunder.<\/p>\n<p data-start=\"239\" data-end=\"338\">\n<p>[\/et_pb_text][\/et_pb_column][\/et_pb_row][et_pb_row column_structure=&raquo;1_3,1_3,1_3&#8243; _builder_version=&raquo;4.27.4&#8243; _module_preset=&raquo;default&raquo; global_colors_info=&raquo;{}&raquo;][et_pb_column type=&raquo;1_3&#8243; _builder_version=&raquo;4.27.4&#8243; _module_preset=&raquo;default&raquo; global_colors_info=&raquo;{}&raquo;][et_pb_team_member name=&raquo;Advokat&raquo; image_url=&raquo;https:\/\/alamocostadelsol.com\/wp-content\/uploads\/2025\/12\/2.png&raquo; _builder_version=&raquo;4.27.4&#8243; _module_preset=&raquo;default&raquo; global_colors_info=&raquo;{}&raquo;]<\/p>\n<p style=\"text-align: left;\"><a href=\"https:\/\/www.olmedoytorres.com\/\" target=\"_blank\" rel=\"noopener\">https:\/\/www.olmedoytorres.com\/<\/a><\/p>\n<p>[\/et_pb_team_member][et_pb_team_member name=&raquo;Konstruksjon&raquo; image_url=&raquo;https:\/\/alamocostadelsol.com\/wp-content\/uploads\/2025\/12\/1.png&raquo; name_tablet=&raquo;Construction&raquo; name_phone=&raquo;Construction&raquo; name_last_edited=&raquo;on|desktop&raquo; _builder_version=&raquo;4.27.4&#8243; _module_preset=&raquo;default&raquo; custom_padding=&raquo;||0px||false|false&raquo; global_colors_info=&raquo;{}&raquo;]<\/p>\n<p style=\"text-align: left;\"><a href=\"https:\/\/www.optimarhome.com\/\" target=\"_blank\" rel=\"noopener\">https:\/\/www.optimarhome.com\/<\/a><\/p>\n<p>[\/et_pb_team_member][et_pb_team_member name=&raquo;Valutaveksling&raquo; image_url=&raquo;https:\/\/alamocostadelsol.com\/wp-content\/uploads\/2025\/12\/7.png&raquo; _builder_version=&raquo;4.27.4&#8243; _module_preset=&raquo;default&raquo; global_colors_info=&raquo;{}&raquo;]<\/p>\n<p><a href=\"https:\/\/www.currenciesdirect.com\/en-es\" target=\"_blank\" rel=\"noopener\">https:\/\/www.currenciesdirect.com\/<\/a><\/p>\n<p>[\/et_pb_team_member][et_pb_team_member name=&raquo;Bank&raquo; image_url=&raquo;https:\/\/alamocostadelsol.com\/wp-content\/uploads\/2025\/12\/10.png&raquo; _builder_version=&raquo;4.27.4&#8243; _module_preset=&raquo;default&raquo; hover_enabled=&raquo;0&#8243; global_colors_info=&raquo;{}&raquo; sticky_enabled=&raquo;0&#8243;]<\/p>\n<p><a href=\"https:\/\/www.cajamar.es\/es\/comun\/\" target=\"_blank\" rel=\"noopener\">https:\/\/www.cajamar.es\/<\/a><\/p>\n<p>[\/et_pb_team_member][et_pb_team_member name=&raquo;Avis&raquo; image_url=&raquo;https:\/\/alamocostadelsol.com\/wp-content\/uploads\/2025\/12\/12.png&raquo; _builder_version=&raquo;4.27.4&#8243; _module_preset=&raquo;default&raquo; hover_enabled=&raquo;0&#8243; sticky_enabled=&raquo;0&#8243; title_text=&raquo;12&#8243;]<\/p>\n<p><a href=\"https:\/\/svenskamagasinet.nu\/\" target=\"_blank\" rel=\"noopener\">https:\/\/svenskamagasinet.nu\/<\/a><\/p>\n<p>[\/et_pb_team_member][\/et_pb_column][et_pb_column type=&raquo;1_3&#8243; _builder_version=&raquo;4.27.4&#8243; _module_preset=&raquo;default&raquo; global_colors_info=&raquo;{}&raquo;][et_pb_team_member name=&raquo;Advokat&raquo; image_url=&raquo;https:\/\/alamocostadelsol.com\/wp-content\/uploads\/2025\/12\/3.png&raquo; _builder_version=&raquo;4.27.4&#8243; _module_preset=&raquo;default&raquo; global_colors_info=&raquo;{}&raquo;]<\/p>\n<p><a href=\"https:\/\/www.mgconsulting.es\/es\/\" target=\"_blank\" rel=\"noopener\">https:\/\/www.mgconsulting.es\/<\/a><\/p>\n<p>[\/et_pb_team_member][et_pb_team_member name=&raquo;Bilutleie&raquo; image_url=&raquo;https:\/\/alamocostadelsol.com\/wp-content\/uploads\/2025\/12\/4.png&raquo; _builder_version=&raquo;4.27.4&#8243; _module_preset=&raquo;default&raquo; global_colors_info=&raquo;{}&raquo;]<\/p>\n<p><a href=\"https:\/\/cylinders.rent\/\" target=\"_blank\" rel=\"noopener\">https:\/\/cylinders.rent\/<\/a><\/p>\n<p>[\/et_pb_team_member][et_pb_team_member name=&raquo;Reparasjon&raquo; image_url=&raquo;https:\/\/alamocostadelsol.com\/wp-content\/uploads\/2025\/12\/8.png&raquo; _builder_version=&raquo;4.27.4&#8243; _module_preset=&raquo;default&raquo; global_colors_info=&raquo;{}&raquo;]<\/p>\n<p><a href=\"https:\/\/fix.es\/\" target=\"_blank\" rel=\"noopener\">https:\/\/fix.es\/<\/a><\/p>\n<p>[\/et_pb_team_member][et_pb_team_member name=&raquo;Bank&raquo; image_url=&raquo;https:\/\/alamocostadelsol.com\/wp-content\/uploads\/2025\/12\/11.png&raquo; _builder_version=&raquo;4.27.4&#8243; _module_preset=&raquo;default&raquo; global_colors_info=&raquo;{}&raquo;]<\/p>\n<p><a href=\"https:\/\/www.bbva.es\/personas.html\" target=\"_blank\" rel=\"noopener\">https:\/\/www.bbva.es\/<\/a><\/p>\n<p>[\/et_pb_team_member][\/et_pb_column][et_pb_column type=&raquo;1_3&#8243; _builder_version=&raquo;4.27.4&#8243; _module_preset=&raquo;default&raquo; global_colors_info=&raquo;{}&raquo;][et_pb_team_member name=&raquo;Opprettelse av hjemmeside&raquo; image_url=&raquo;https:\/\/alamocostadelsol.com\/wp-content\/uploads\/2025\/12\/5.png&raquo; _builder_version=&raquo;4.27.4&#8243; _module_preset=&raquo;default&raquo; global_colors_info=&raquo;{}&raquo;]<\/p>\n<p><a href=\"https:\/\/costawebpartners.com\/\" target=\"_blank\" rel=\"noopener\">https:\/\/costawebpartners.com\/<\/a><\/p>\n<p>[\/et_pb_team_member][et_pb_team_member name=&raquo;Tannlege&raquo; image_url=&raquo;https:\/\/alamocostadelsol.com\/wp-content\/uploads\/2025\/12\/6.png&raquo; _builder_version=&raquo;4.27.4&#8243; _module_preset=&raquo;default&raquo; global_colors_info=&raquo;{}&raquo;]<\/p>\n<p><a href=\"https:\/\/dentistinspain.com\/\" target=\"_blank\" rel=\"noopener\"><br \/>\nhttps:\/\/dentistinspain.com\/<\/a><\/p>\n<p>[\/et_pb_team_member][et_pb_team_member name=&raquo;Alarm&raquo; image_url=&raquo;https:\/\/alamocostadelsol.com\/wp-content\/uploads\/2025\/12\/9.png&raquo; _builder_version=&raquo;4.27.4&#8243; _module_preset=&raquo;default&raquo; global_colors_info=&raquo;{}&raquo;]<\/p>\n<p><a href=\"https:\/\/www.securitasdirect.es\/\" target=\"_blank\" rel=\"noopener\">https:\/\/www.securitasdirect.es\/<\/a><\/p>\n<p>[\/et_pb_team_member][et_pb_team_member name=&raquo;Boligl\u00e5nsmegler&raquo; image_url=&raquo;https:\/\/alamocostadelsol.com\/wp-content\/uploads\/2025\/12\/13.png&raquo; _builder_version=&raquo;4.27.4&#8243; _module_preset=&raquo;default&raquo; title_text=&raquo;13&#8243; hover_enabled=&raquo;0&#8243; sticky_enabled=&raquo;0&#8243;]<\/p>\n<p><a href=\"https:\/\/habeno.com\/en\" target=\"_blank\" rel=\"noopener\">https:\/\/habeno.com\/<\/a><\/p>\n<p>[\/et_pb_team_member][\/et_pb_column][\/et_pb_row][\/et_pb_section]<\/p>\n","protected":false},"excerpt":{"rendered":"<p>BETRODDE PARTNERE Et kuratert nettverk av fagfolk vi stoler p\u00e5 for \u00e5 levere eksepsjonell service til v\u00e5re kunder. https:\/\/www.olmedoytorres.com\/https:\/\/www.optimarhome.com\/https:\/\/www.currenciesdirect.com\/https:\/\/www.cajamar.es\/https:\/\/svenskamagasinet.nu\/https:\/\/www.mgconsulting.es\/https:\/\/cylinders.rent\/https:\/\/fix.es\/https:\/\/www.bbva.es\/https:\/\/costawebpartners.com\/ https:\/\/dentistinspain.com\/https:\/\/www.securitasdirect.es\/https:\/\/habeno.com\/<\/p>\n","protected":false},"author":3,"featured_media":0,"parent":0,"menu_order":0,"comment_status":"closed","ping_status":"closed","template":"","meta":{"_et_pb_use_builder":"on","_et_pb_old_content":"","_et_gb_content_width":"","footnotes":""},"dipi_cpt_category":[],"class_list":["post-18814378","page","type-page","status-publish","hentry"],"yoast_head":"<!-- This site is optimized with the Yoast SEO plugin v25.8 - https:\/\/yoast.com\/wordpress\/plugins\/seo\/ -->\n<title>Trofaste partnere p\u00e5 Costa del Sol | Alamo<\/title>\n<meta name=\"description\" content=\"V\u00e5re betrodde partnere p\u00e5 Costa del Sol inkluderer advokater, entrepren\u00f8rselskaper, valutaveksling, bilutleie og viktige tjenesteleverand\u00f8rer.\" \/>\n<meta name=\"robots\" content=\"index, follow, max-snippet:-1, max-image-preview:large, max-video-preview:-1\" \/>\n<link rel=\"canonical\" href=\"https:\/\/alamocostadelsol.com\/no\/betrodde-partnere\" \/>\n<meta property=\"og:locale\" content=\"nb_NO\" \/>\n<meta property=\"og:type\" content=\"article\" \/>\n<meta property=\"og:title\" content=\"Trofaste partnere p\u00e5 Costa del Sol | Alamo\" \/>\n<meta property=\"og:description\" content=\"V\u00e5re betrodde partnere p\u00e5 Costa del Sol inkluderer advokater, entrepren\u00f8rselskaper, valutaveksling, bilutleie og viktige tjenesteleverand\u00f8rer.\" \/>\n<meta property=\"og:url\" content=\"https:\/\/alamocostadelsol.com\/no\/betrodde-partnere\" \/>\n<meta property=\"og:site_name\" content=\"Alamo - makes your dream come true at costa del sol\" \/>\n<meta property=\"article:publisher\" content=\"https:\/\/www.facebook.com\/alamocostadelsol\" \/>\n<meta property=\"article:modified_time\" content=\"2026-01-12T15:31:56+00:00\" \/>\n<meta name=\"twitter:card\" content=\"summary_large_image\" \/>\n<meta name=\"twitter:label1\" content=\"Ansl. lesetid\" \/>\n\t<meta name=\"twitter:data1\" content=\"3 minutter\" \/>\n<script type=\"application\/ld+json\" class=\"yoast-schema-graph\">{\"@context\":\"https:\/\/schema.org\",\"@graph\":[{\"@type\":\"WebPage\",\"@id\":\"https:\/\/alamocostadelsol.com\/no\/betrodde-partnere\",\"url\":\"https:\/\/alamocostadelsol.com\/no\/betrodde-partnere\",\"name\":\"Trofaste partnere p\u00e5 Costa del Sol | Alamo\",\"isPartOf\":{\"@id\":\"https:\/\/alamocostadelsol.com\/no#website\"},\"datePublished\":\"2025-12-09T15:08:28+00:00\",\"dateModified\":\"2026-01-12T15:31:56+00:00\",\"description\":\"V\u00e5re betrodde partnere p\u00e5 Costa del Sol inkluderer advokater, entrepren\u00f8rselskaper, valutaveksling, bilutleie og viktige tjenesteleverand\u00f8rer.\",\"breadcrumb\":{\"@id\":\"https:\/\/alamocostadelsol.com\/no\/betrodde-partnere#breadcrumb\"},\"inLanguage\":\"nb-NO\",\"potentialAction\":[{\"@type\":\"ReadAction\",\"target\":[\"https:\/\/alamocostadelsol.com\/no\/betrodde-partnere\"]}]},{\"@type\":\"BreadcrumbList\",\"@id\":\"https:\/\/alamocostadelsol.com\/no\/betrodde-partnere#breadcrumb\",\"itemListElement\":[{\"@type\":\"ListItem\",\"position\":1,\"name\":\"Home\",\"item\":\"https:\/\/alamocostadelsol.com\/no\"},{\"@type\":\"ListItem\",\"position\":2,\"name\":\"Betrodde partnere\"}]},{\"@type\":\"WebSite\",\"@id\":\"https:\/\/alamocostadelsol.com\/no#website\",\"url\":\"https:\/\/alamocostadelsol.com\/no\",\"name\":\"Alamo - makes your dream come true at costa del sol\",\"description\":\"\",\"publisher\":{\"@id\":\"https:\/\/alamocostadelsol.com\/no#organization\"},\"potentialAction\":[{\"@type\":\"SearchAction\",\"target\":{\"@type\":\"EntryPoint\",\"urlTemplate\":\"https:\/\/alamocostadelsol.com\/no?s={search_term_string}\"},\"query-input\":{\"@type\":\"PropertyValueSpecification\",\"valueRequired\":true,\"valueName\":\"search_term_string\"}}],\"inLanguage\":\"nb-NO\"},{\"@type\":\"Organization\",\"@id\":\"https:\/\/alamocostadelsol.com\/no#organization\",\"name\":\"Alamo - makes your dream come true at costa del sol\",\"url\":\"https:\/\/alamocostadelsol.com\/no\",\"logo\":{\"@type\":\"ImageObject\",\"inLanguage\":\"nb-NO\",\"@id\":\"https:\/\/alamocostadelsol.com\/no#\/schema\/logo\/image\/\",\"url\":\"https:\/\/alamocostadelsol.com\/wp-content\/uploads\/2024\/05\/alamo-costa-del-sol-logotype.png\",\"contentUrl\":\"https:\/\/alamocostadelsol.com\/wp-content\/uploads\/2024\/05\/alamo-costa-del-sol-logotype.png\",\"width\":773,\"height\":170,\"caption\":\"Alamo - makes your dream come true at costa del sol\"},\"image\":{\"@id\":\"https:\/\/alamocostadelsol.com\/no#\/schema\/logo\/image\/\"},\"sameAs\":[\"https:\/\/www.facebook.com\/alamocostadelsol\",\"https:\/\/www.instagram.com\/alamocostadelsol\/\"]}]}<\/script>\n<!-- \/ Yoast SEO plugin. -->","yoast_head_json":{"title":"Trofaste partnere p\u00e5 Costa del Sol | Alamo","description":"V\u00e5re betrodde partnere p\u00e5 Costa del Sol inkluderer advokater, entrepren\u00f8rselskaper, valutaveksling, bilutleie og viktige tjenesteleverand\u00f8rer.","robots":{"index":"index","follow":"follow","max-snippet":"max-snippet:-1","max-image-preview":"max-image-preview:large","max-video-preview":"max-video-preview:-1"},"canonical":"https:\/\/alamocostadelsol.com\/no\/betrodde-partnere","og_locale":"nb_NO","og_type":"article","og_title":"Trofaste partnere p\u00e5 Costa del Sol | Alamo","og_description":"V\u00e5re betrodde partnere p\u00e5 Costa del Sol inkluderer advokater, entrepren\u00f8rselskaper, valutaveksling, bilutleie og viktige tjenesteleverand\u00f8rer.","og_url":"https:\/\/alamocostadelsol.com\/no\/betrodde-partnere","og_site_name":"Alamo - makes your dream come true at costa del sol","article_publisher":"https:\/\/www.facebook.com\/alamocostadelsol","article_modified_time":"2026-01-12T15:31:56+00:00","twitter_card":"summary_large_image","twitter_misc":{"Ansl. lesetid":"3 minutter"},"schema":{"@context":"https:\/\/schema.org","@graph":[{"@type":"WebPage","@id":"https:\/\/alamocostadelsol.com\/no\/betrodde-partnere","url":"https:\/\/alamocostadelsol.com\/no\/betrodde-partnere","name":"Trofaste partnere p\u00e5 Costa del Sol | Alamo","isPartOf":{"@id":"https:\/\/alamocostadelsol.com\/no#website"},"datePublished":"2025-12-09T15:08:28+00:00","dateModified":"2026-01-12T15:31:56+00:00","description":"V\u00e5re betrodde partnere p\u00e5 Costa del Sol inkluderer advokater, entrepren\u00f8rselskaper, valutaveksling, bilutleie og viktige tjenesteleverand\u00f8rer.","breadcrumb":{"@id":"https:\/\/alamocostadelsol.com\/no\/betrodde-partnere#breadcrumb"},"inLanguage":"nb-NO","potentialAction":[{"@type":"ReadAction","target":["https:\/\/alamocostadelsol.com\/no\/betrodde-partnere"]}]},{"@type":"BreadcrumbList","@id":"https:\/\/alamocostadelsol.com\/no\/betrodde-partnere#breadcrumb","itemListElement":[{"@type":"ListItem","position":1,"name":"Home","item":"https:\/\/alamocostadelsol.com\/no"},{"@type":"ListItem","position":2,"name":"Betrodde partnere"}]},{"@type":"WebSite","@id":"https:\/\/alamocostadelsol.com\/no#website","url":"https:\/\/alamocostadelsol.com\/no","name":"Alamo - makes your dream come true at costa del sol","description":"","publisher":{"@id":"https:\/\/alamocostadelsol.com\/no#organization"},"potentialAction":[{"@type":"SearchAction","target":{"@type":"EntryPoint","urlTemplate":"https:\/\/alamocostadelsol.com\/no?s={search_term_string}"},"query-input":{"@type":"PropertyValueSpecification","valueRequired":true,"valueName":"search_term_string"}}],"inLanguage":"nb-NO"},{"@type":"Organization","@id":"https:\/\/alamocostadelsol.com\/no#organization","name":"Alamo - makes your dream come true at costa del sol","url":"https:\/\/alamocostadelsol.com\/no","logo":{"@type":"ImageObject","inLanguage":"nb-NO","@id":"https:\/\/alamocostadelsol.com\/no#\/schema\/logo\/image\/","url":"https:\/\/alamocostadelsol.com\/wp-content\/uploads\/2024\/05\/alamo-costa-del-sol-logotype.png","contentUrl":"https:\/\/alamocostadelsol.com\/wp-content\/uploads\/2024\/05\/alamo-costa-del-sol-logotype.png","width":773,"height":170,"caption":"Alamo - makes your dream come true at costa del sol"},"image":{"@id":"https:\/\/alamocostadelsol.com\/no#\/schema\/logo\/image\/"},"sameAs":["https:\/\/www.facebook.com\/alamocostadelsol","https:\/\/www.instagram.com\/alamocostadelsol\/"]}]}},"_links":{"self":[{"href":"https:\/\/alamocostadelsol.com\/no\/wp-json\/wp\/v2\/pages\/18814378","targetHints":{"allow":["GET"]}}],"collection":[{"href":"https:\/\/alamocostadelsol.com\/no\/wp-json\/wp\/v2\/pages"}],"about":[{"href":"https:\/\/alamocostadelsol.com\/no\/wp-json\/wp\/v2\/types\/page"}],"author":[{"embeddable":true,"href":"https:\/\/alamocostadelsol.com\/no\/wp-json\/wp\/v2\/users\/3"}],"replies":[{"embeddable":true,"href":"https:\/\/alamocostadelsol.com\/no\/wp-json\/wp\/v2\/comments?post=18814378"}],"version-history":[{"count":2,"href":"https:\/\/alamocostadelsol.com\/no\/wp-json\/wp\/v2\/pages\/18814378\/revisions"}],"predecessor-version":[{"id":18814380,"href":"https:\/\/alamocostadelsol.com\/no\/wp-json\/wp\/v2\/pages\/18814378\/revisions\/18814380"}],"wp:attachment":[{"href":"https:\/\/alamocostadelsol.com\/no\/wp-json\/wp\/v2\/media?parent=18814378"}],"wp:term":[{"taxonomy":"dipi_cpt_category","embeddable":true,"href":"https:\/\/alamocostadelsol.com\/no\/wp-json\/wp\/v2\/dipi_cpt_category?post=18814378"}],"curies":[{"name":"wp","href":"https:\/\/api.w.org\/{rel}","templated":true}]}}