{"id":18813542,"date":"2025-09-18T11:06:51","date_gmt":"2025-09-18T09:06:51","guid":{"rendered":"https:\/\/alamocostadelsol.com\/kommer-snart"},"modified":"2026-01-12T16:41:08","modified_gmt":"2026-01-12T15:41:08","slug":"kommer-snart","status":"publish","type":"page","link":"https:\/\/alamocostadelsol.com\/no\/kommer-snart","title":{"rendered":"Kommer snart"},"content":{"rendered":"<p>[et_pb_section fb_built=&raquo;1&#8243; _builder_version=&raquo;4.25.1&#8243; _module_preset=&raquo;default&raquo; background_color=&raquo;#f9f9f9&#8243; custom_padding=&raquo;||0px||false|false&raquo; global_module=&raquo;18813462&#8243; global_colors_info=&raquo;{}&raquo;][et_pb_row _builder_version=&raquo;4.25.1&#8243; _module_preset=&raquo;default&raquo; global_colors_info=&raquo;{}&raquo;][et_pb_column type=&raquo;4_4&#8243; _builder_version=&raquo;4.25.1&#8243; _module_preset=&raquo;default&raquo; global_colors_info=&raquo;{}&raquo;][et_pb_text _builder_version=&raquo;4.25.2&#8243; _module_preset=&raquo;default&raquo; text_font=&raquo;Marcellus||||||||&raquo; text_font_size=&raquo;20px&raquo; text_line_height=&raquo;2em&raquo; header_font=&raquo;Marcellus|700|||||||&raquo; header_text_align=&raquo;center&raquo; header_font_size=&raquo;3rem&raquo; text_orientation=&raquo;center&raquo; header_font_size_tablet=&raquo;3rem&raquo; header_font_size_phone=&raquo;2.5rem&raquo; header_font_size_last_edited=&raquo;on|phone&raquo; header_line_height_tablet=&raquo;1.3em&raquo; header_line_height_phone=&raquo;1.3em&raquo; header_line_height_last_edited=&raquo;on|tablet&raquo; global_colors_info=&raquo;{}&raquo;]<\/p>\n<h1 class=\"header-text text-3xl xl:text-5xl tracking-tight text-primary mb-4 lg:mb-9 mx-auto text-center\">KOMMER SNART<\/h1>\n<p>Nye dr\u00f8mmeeiendommer er rett rundt hj\u00f8rnet \u2013 f\u00f8lg med!<\/p>\n<p>[\/et_pb_text][\/et_pb_column][\/et_pb_row][\/et_pb_section][et_pb_section fb_built=&raquo;1&#8243; _builder_version=&raquo;4.27.4&#8243; _module_preset=&raquo;default&raquo; global_colors_info=&raquo;{}&raquo;][et_pb_row column_structure=&raquo;1_2,1_2&#8243; _builder_version=&raquo;4.27.4&#8243; _module_preset=&raquo;default&raquo; global_colors_info=&raquo;{}&raquo;][et_pb_column type=&raquo;1_2&#8243; _builder_version=&raquo;4.27.4&#8243; _module_preset=&raquo;default&raquo; global_colors_info=&raquo;{}&raquo;][et_pb_image src=&raquo;https:\/\/alamocostadelsol.com\/wp-content\/uploads\/2025\/09\/dji_fly_20250917_104156_676_1758199460028_photo_optimized-scaled.jpeg&raquo; title_text=&raquo;DCIM100MEDIADJI_0676.JPG&raquo; _builder_version=&raquo;4.27.4&#8243; _module_preset=&raquo;default&raquo; global_colors_info=&raquo;{}&raquo;][\/et_pb_image][et_pb_text _builder_version=&raquo;4.27.4&#8243; _module_preset=&raquo;default&raquo; global_colors_info=&raquo;{}&raquo;]<\/p>\n<h1 style=\"text-align: center;\"><strong>Leilighet i Riviera<\/strong><\/h1>\n<p style=\"text-align: center;\">4 soverom, 99 m<span>\u00b2 bygget<\/span><\/p>\n<p style=\"text-align: center;\">Gangavstand til stranden<span><\/span><\/p>\n<p>&nbsp;<\/p>\n<p>[\/et_pb_text][\/et_pb_column][et_pb_column type=&raquo;1_2&#8243; _builder_version=&raquo;4.27.4&#8243; _module_preset=&raquo;default&raquo; global_colors_info=&raquo;{}&raquo;][et_pb_image src=&raquo;https:\/\/alamocostadelsol.com\/wp-content\/uploads\/2025\/09\/dji_fly_20250917_111730_677_1758201928427_photo_optimized-scaled.jpg&raquo; title_text=&raquo;DCIM100MEDIADJI_0677.JPG&raquo; _builder_version=&raquo;4.27.4&#8243; _module_preset=&raquo;default&raquo; global_colors_info=&raquo;{}&raquo;][\/et_pb_image][et_pb_text _builder_version=&raquo;4.27.4&#8243; _module_preset=&raquo;default&raquo; global_colors_info=&raquo;{}&raquo;]<\/p>\n<h1 style=\"text-align: center;\"><strong>Leilighet i Fuengirola<\/strong><\/h1>\n<p style=\"text-align: center;\">3 soverom, 71 m<span>\u00b2 bygget, 27 m\u00b2 terrasse<\/span><\/p>\n<p style=\"text-align: center;\"><span>Flott beliggenhet n\u00e6r strand og fasiliteter, vekk fra kjas.<\/span><\/p>\n<p>[\/et_pb_text][\/et_pb_column][\/et_pb_row][et_pb_row column_structure=&raquo;1_2,1_2&#8243; _builder_version=&raquo;4.27.4&#8243; _module_preset=&raquo;default&raquo; hover_enabled=&raquo;0&#8243; global_colors_info=&raquo;{}&raquo; sticky_enabled=&raquo;0&#8243;][et_pb_column type=&raquo;1_2&#8243; _builder_version=&raquo;4.27.4&#8243; _module_preset=&raquo;default&raquo; global_colors_info=&raquo;{}&raquo;][et_pb_image src=&raquo;https:\/\/alamocostadelsol.com\/wp-content\/uploads\/2025\/09\/DJI_0337-1-scaled.jpg&raquo; title_text=&raquo;DJI_0337&#8243; admin_label=&raquo;Coming Soon&raquo; _builder_version=&raquo;4.27.4&#8243; _module_preset=&raquo;default&raquo; global_colors_info=&raquo;{}&raquo;][\/et_pb_image][et_pb_text _builder_version=&raquo;4.27.4&#8243; _module_preset=&raquo;default&raquo; global_colors_info=&raquo;{}&raquo;]<\/p>\n<h1 style=\"text-align: center;\"><strong>Leilighet i Capellania<\/strong><\/h1>\n<p style=\"text-align: center;\">6 Soverom<\/p>\n<p style=\"text-align: center;\">Fantastisk utsikt over havet og bukten<\/p>\n<p style=\"text-align: center;\">\n<p>[\/et_pb_text][\/et_pb_column][et_pb_column type=&raquo;1_2&#8243; _builder_version=&raquo;4.27.4&#8243; _module_preset=&raquo;default&raquo; global_colors_info=&raquo;{}&raquo;][et_pb_image src=&raquo;https:\/\/alamocostadelsol.com\/wp-content\/uploads\/2025\/09\/5-2-Medium-1.jpg&raquo; title_text=&raquo;5 (2) (middels)&raquo; _builder_version=&raquo;4.27.4&#8243; _module_preset=&raquo;default&raquo; global_colors_info=&raquo;{}&raquo;][\/et_pb_image][et_pb_text _builder_version=&raquo;4.27.4&#8243; _module_preset=&raquo;default&raquo; global_colors_info=&raquo;{}&raquo;]<\/p>\n<h1 style=\"text-align: center;\"><strong>Leilighet i Torreblanca<\/strong><\/h1>\n<p style=\"text-align: center;\">4 soverom<\/p>\n<p style=\"text-align: center;\">Panoramautsikt<\/p>\n<p>[\/et_pb_text][\/et_pb_column][\/et_pb_row][et_pb_row _builder_version=&raquo;4.27.4&#8243; _module_preset=&raquo;default&raquo; custom_padding=&raquo;0px|||||&raquo; global_colors_info=&raquo;{}&raquo;][et_pb_column type=&raquo;4_4&#8243; _builder_version=&raquo;4.27.4&#8243; _module_preset=&raquo;default&raquo; global_colors_info=&raquo;{}&raquo;][et_pb_button button_url=&raquo;@ET-DC@eyJkeW5hbWljIjp0cnVlLCJjb250ZW50IjoicG9zdF9saW5rX3VybF9wYWdlIiwic2V0dGluZ3MiOnsicG9zdF9pZCI6IjIxOSIsImVuYWJsZV9odG1sIjoib2ZmIn19@&raquo; button_text=&raquo;Kontakt n\u00e5&raquo; button_alignment=&raquo;center&raquo; _builder_version=&raquo;4.27.4&#8243; _dynamic_attributes=&raquo;button_url&raquo; _module_preset=&raquo;default&raquo; global_colors_info=&raquo;{}&raquo;][\/et_pb_button][\/et_pb_column][\/et_pb_row][\/et_pb_section]<\/p>\n","protected":false},"excerpt":{"rendered":"<p>KOMMER SNART Nye dr\u00f8mmeeiendommer er rett rundt hj\u00f8rnet \u2013 f\u00f8lg med!Leilighet i Riviera 4 soverom, 99 m\u00b2 bygget Gangavstand til stranden &nbsp;Leilighet i Fuengirola 3 soverom, 71 m\u00b2 bygget, 27 m\u00b2 terrasse Flott beliggenhet n\u00e6r strand og fasiliteter, vekk fra kjas.Leilighet i Capellania 6 Soverom Fantastisk utsikt over havet og bukten Leilighet i Torreblanca 4 [&hellip;]<\/p>\n","protected":false},"author":3,"featured_media":0,"parent":0,"menu_order":0,"comment_status":"closed","ping_status":"closed","template":"","meta":{"_et_pb_use_builder":"on","_et_pb_old_content":"","_et_gb_content_width":"","footnotes":""},"dipi_cpt_category":[],"class_list":["post-18813542","page","type-page","status-publish","hentry"],"yoast_head":"<!-- This site is optimized with the Yoast SEO plugin v25.8 - https:\/\/yoast.com\/wordpress\/plugins\/seo\/ -->\n<title>Kommer snart Eiendommer p\u00e5 Costa del Sol | Alamo eiendom<\/title>\n<meta name=\"description\" content=\"Oppdag snart kommende eiendommer p\u00e5 Costa del Sol. F\u00e5 tidlig tilgang til leiligheter og villaer utenfor markedet f\u00f8r de offisielt blir listet.\" \/>\n<meta name=\"robots\" content=\"index, follow, max-snippet:-1, max-image-preview:large, max-video-preview:-1\" \/>\n<link rel=\"canonical\" href=\"https:\/\/alamocostadelsol.com\/no\/kommer-snart\" \/>\n<meta property=\"og:locale\" content=\"nb_NO\" \/>\n<meta property=\"og:type\" content=\"article\" \/>\n<meta property=\"og:title\" content=\"Kommer snart Eiendommer p\u00e5 Costa del Sol | Alamo eiendom\" \/>\n<meta property=\"og:description\" content=\"Oppdag snart kommende eiendommer p\u00e5 Costa del Sol. F\u00e5 tidlig tilgang til leiligheter og villaer utenfor markedet f\u00f8r de offisielt blir listet.\" \/>\n<meta property=\"og:url\" content=\"https:\/\/alamocostadelsol.com\/no\/kommer-snart\" \/>\n<meta property=\"og:site_name\" content=\"Alamo - makes your dream come true at costa del sol\" \/>\n<meta property=\"article:publisher\" content=\"https:\/\/www.facebook.com\/alamocostadelsol\" \/>\n<meta property=\"article:modified_time\" content=\"2026-01-12T15:41:08+00:00\" \/>\n<meta name=\"twitter:card\" content=\"summary_large_image\" \/>\n<meta name=\"twitter:label1\" content=\"Ansl. lesetid\" \/>\n\t<meta name=\"twitter:data1\" content=\"3 minutter\" \/>\n<script type=\"application\/ld+json\" class=\"yoast-schema-graph\">{\"@context\":\"https:\/\/schema.org\",\"@graph\":[{\"@type\":\"WebPage\",\"@id\":\"https:\/\/alamocostadelsol.com\/no\/kommer-snart\",\"url\":\"https:\/\/alamocostadelsol.com\/no\/kommer-snart\",\"name\":\"Kommer snart Eiendommer p\u00e5 Costa del Sol | Alamo eiendom\",\"isPartOf\":{\"@id\":\"https:\/\/alamocostadelsol.com\/no#website\"},\"datePublished\":\"2025-09-18T09:06:51+00:00\",\"dateModified\":\"2026-01-12T15:41:08+00:00\",\"description\":\"Oppdag snart kommende eiendommer p\u00e5 Costa del Sol. F\u00e5 tidlig tilgang til leiligheter og villaer utenfor markedet f\u00f8r de offisielt blir listet.\",\"breadcrumb\":{\"@id\":\"https:\/\/alamocostadelsol.com\/no\/kommer-snart#breadcrumb\"},\"inLanguage\":\"nb-NO\",\"potentialAction\":[{\"@type\":\"ReadAction\",\"target\":[\"https:\/\/alamocostadelsol.com\/no\/kommer-snart\"]}]},{\"@type\":\"BreadcrumbList\",\"@id\":\"https:\/\/alamocostadelsol.com\/no\/kommer-snart#breadcrumb\",\"itemListElement\":[{\"@type\":\"ListItem\",\"position\":1,\"name\":\"Home\",\"item\":\"https:\/\/alamocostadelsol.com\/no\"},{\"@type\":\"ListItem\",\"position\":2,\"name\":\"Kommer snart\"}]},{\"@type\":\"WebSite\",\"@id\":\"https:\/\/alamocostadelsol.com\/no#website\",\"url\":\"https:\/\/alamocostadelsol.com\/no\",\"name\":\"Alamo - makes your dream come true at costa del sol\",\"description\":\"\",\"publisher\":{\"@id\":\"https:\/\/alamocostadelsol.com\/no#organization\"},\"potentialAction\":[{\"@type\":\"SearchAction\",\"target\":{\"@type\":\"EntryPoint\",\"urlTemplate\":\"https:\/\/alamocostadelsol.com\/no?s={search_term_string}\"},\"query-input\":{\"@type\":\"PropertyValueSpecification\",\"valueRequired\":true,\"valueName\":\"search_term_string\"}}],\"inLanguage\":\"nb-NO\"},{\"@type\":\"Organization\",\"@id\":\"https:\/\/alamocostadelsol.com\/no#organization\",\"name\":\"Alamo - makes your dream come true at costa del sol\",\"url\":\"https:\/\/alamocostadelsol.com\/no\",\"logo\":{\"@type\":\"ImageObject\",\"inLanguage\":\"nb-NO\",\"@id\":\"https:\/\/alamocostadelsol.com\/no#\/schema\/logo\/image\/\",\"url\":\"https:\/\/alamocostadelsol.com\/wp-content\/uploads\/2024\/05\/alamo-costa-del-sol-logotype.png\",\"contentUrl\":\"https:\/\/alamocostadelsol.com\/wp-content\/uploads\/2024\/05\/alamo-costa-del-sol-logotype.png\",\"width\":773,\"height\":170,\"caption\":\"Alamo - makes your dream come true at costa del sol\"},\"image\":{\"@id\":\"https:\/\/alamocostadelsol.com\/no#\/schema\/logo\/image\/\"},\"sameAs\":[\"https:\/\/www.facebook.com\/alamocostadelsol\",\"https:\/\/www.instagram.com\/alamocostadelsol\/\"]}]}<\/script>\n<!-- \/ Yoast SEO plugin. -->","yoast_head_json":{"title":"Kommer snart Eiendommer p\u00e5 Costa del Sol | Alamo eiendom","description":"Oppdag snart kommende eiendommer p\u00e5 Costa del Sol. F\u00e5 tidlig tilgang til leiligheter og villaer utenfor markedet f\u00f8r de offisielt blir listet.","robots":{"index":"index","follow":"follow","max-snippet":"max-snippet:-1","max-image-preview":"max-image-preview:large","max-video-preview":"max-video-preview:-1"},"canonical":"https:\/\/alamocostadelsol.com\/no\/kommer-snart","og_locale":"nb_NO","og_type":"article","og_title":"Kommer snart Eiendommer p\u00e5 Costa del Sol | Alamo eiendom","og_description":"Oppdag snart kommende eiendommer p\u00e5 Costa del Sol. F\u00e5 tidlig tilgang til leiligheter og villaer utenfor markedet f\u00f8r de offisielt blir listet.","og_url":"https:\/\/alamocostadelsol.com\/no\/kommer-snart","og_site_name":"Alamo - makes your dream come true at costa del sol","article_publisher":"https:\/\/www.facebook.com\/alamocostadelsol","article_modified_time":"2026-01-12T15:41:08+00:00","twitter_card":"summary_large_image","twitter_misc":{"Ansl. lesetid":"3 minutter"},"schema":{"@context":"https:\/\/schema.org","@graph":[{"@type":"WebPage","@id":"https:\/\/alamocostadelsol.com\/no\/kommer-snart","url":"https:\/\/alamocostadelsol.com\/no\/kommer-snart","name":"Kommer snart Eiendommer p\u00e5 Costa del Sol | Alamo eiendom","isPartOf":{"@id":"https:\/\/alamocostadelsol.com\/no#website"},"datePublished":"2025-09-18T09:06:51+00:00","dateModified":"2026-01-12T15:41:08+00:00","description":"Oppdag snart kommende eiendommer p\u00e5 Costa del Sol. F\u00e5 tidlig tilgang til leiligheter og villaer utenfor markedet f\u00f8r de offisielt blir listet.","breadcrumb":{"@id":"https:\/\/alamocostadelsol.com\/no\/kommer-snart#breadcrumb"},"inLanguage":"nb-NO","potentialAction":[{"@type":"ReadAction","target":["https:\/\/alamocostadelsol.com\/no\/kommer-snart"]}]},{"@type":"BreadcrumbList","@id":"https:\/\/alamocostadelsol.com\/no\/kommer-snart#breadcrumb","itemListElement":[{"@type":"ListItem","position":1,"name":"Home","item":"https:\/\/alamocostadelsol.com\/no"},{"@type":"ListItem","position":2,"name":"Kommer snart"}]},{"@type":"WebSite","@id":"https:\/\/alamocostadelsol.com\/no#website","url":"https:\/\/alamocostadelsol.com\/no","name":"Alamo - makes your dream come true at costa del sol","description":"","publisher":{"@id":"https:\/\/alamocostadelsol.com\/no#organization"},"potentialAction":[{"@type":"SearchAction","target":{"@type":"EntryPoint","urlTemplate":"https:\/\/alamocostadelsol.com\/no?s={search_term_string}"},"query-input":{"@type":"PropertyValueSpecification","valueRequired":true,"valueName":"search_term_string"}}],"inLanguage":"nb-NO"},{"@type":"Organization","@id":"https:\/\/alamocostadelsol.com\/no#organization","name":"Alamo - makes your dream come true at costa del sol","url":"https:\/\/alamocostadelsol.com\/no","logo":{"@type":"ImageObject","inLanguage":"nb-NO","@id":"https:\/\/alamocostadelsol.com\/no#\/schema\/logo\/image\/","url":"https:\/\/alamocostadelsol.com\/wp-content\/uploads\/2024\/05\/alamo-costa-del-sol-logotype.png","contentUrl":"https:\/\/alamocostadelsol.com\/wp-content\/uploads\/2024\/05\/alamo-costa-del-sol-logotype.png","width":773,"height":170,"caption":"Alamo - makes your dream come true at costa del sol"},"image":{"@id":"https:\/\/alamocostadelsol.com\/no#\/schema\/logo\/image\/"},"sameAs":["https:\/\/www.facebook.com\/alamocostadelsol","https:\/\/www.instagram.com\/alamocostadelsol\/"]}]}},"_links":{"self":[{"href":"https:\/\/alamocostadelsol.com\/no\/wp-json\/wp\/v2\/pages\/18813542","targetHints":{"allow":["GET"]}}],"collection":[{"href":"https:\/\/alamocostadelsol.com\/no\/wp-json\/wp\/v2\/pages"}],"about":[{"href":"https:\/\/alamocostadelsol.com\/no\/wp-json\/wp\/v2\/types\/page"}],"author":[{"embeddable":true,"href":"https:\/\/alamocostadelsol.com\/no\/wp-json\/wp\/v2\/users\/3"}],"replies":[{"embeddable":true,"href":"https:\/\/alamocostadelsol.com\/no\/wp-json\/wp\/v2\/comments?post=18813542"}],"version-history":[{"count":8,"href":"https:\/\/alamocostadelsol.com\/no\/wp-json\/wp\/v2\/pages\/18813542\/revisions"}],"predecessor-version":[{"id":18814478,"href":"https:\/\/alamocostadelsol.com\/no\/wp-json\/wp\/v2\/pages\/18813542\/revisions\/18814478"}],"wp:attachment":[{"href":"https:\/\/alamocostadelsol.com\/no\/wp-json\/wp\/v2\/media?parent=18813542"}],"wp:term":[{"taxonomy":"dipi_cpt_category","embeddable":true,"href":"https:\/\/alamocostadelsol.com\/no\/wp-json\/wp\/v2\/dipi_cpt_category?post=18813542"}],"curies":[{"name":"wp","href":"https:\/\/api.w.org\/{rel}","templated":true}]}}