{"id":18812781,"date":"2024-06-10T19:29:00","date_gmt":"2024-06-10T17:29:00","guid":{"rendered":"https:\/\/alamocostadelsol.com\/om-alamo\/emelie-vretman"},"modified":"2026-01-12T16:42:51","modified_gmt":"2026-01-12T15:42:51","slug":"emelie-vretman","status":"publish","type":"page","link":"https:\/\/alamocostadelsol.com\/no\/om-alamo\/emelie-vretman","title":{"rendered":"Emelie Vretman"},"content":{"rendered":"<p>[et_pb_section fb_built=&raquo;1&#8243; _builder_version=&raquo;4.27.4&#8243; _module_preset=&raquo;default&raquo; global_colors_info=&raquo;{}&raquo;][et_pb_row column_structure=&raquo;1_3,2_3&#8243; _builder_version=&raquo;4.25.1&#8243; _module_preset=&raquo;default&raquo; width=&raquo;90%&raquo; max_width=&raquo;100%&raquo; global_colors_info=&raquo;{}&raquo;][et_pb_column type=&raquo;1_3&#8243; _builder_version=&raquo;4.25.1&#8243; _module_preset=&raquo;default&raquo; global_colors_info=&raquo;{}&raquo;][et_pb_image src=&raquo;https:\/\/alamocostadelsol.com\/wp-content\/uploads\/2025\/06\/DSC070412.jpg&raquo; alt=&raquo;Catarina Henriksson&raquo; title_text=&raquo;DSC070412&#8243; align=&raquo;right&raquo; _builder_version=&raquo;4.27.4&#8243; _module_preset=&raquo;default&raquo; width=&raquo;80%&raquo; global_colors_info=&raquo;{}&raquo;][\/et_pb_image][\/et_pb_column][et_pb_column type=&raquo;2_3&#8243; _builder_version=&raquo;4.25.1&#8243; _module_preset=&raquo;default&raquo; global_colors_info=&raquo;{}&raquo;][et_pb_text _builder_version=&raquo;4.27.4&#8243; _module_preset=&raquo;default&raquo; text_font=&raquo;Marcellus||||||||&raquo; text_font_size=&raquo;16px&raquo; header_font=&raquo;Marcellus|700|||||||&raquo; header_font_size=&raquo;36px&raquo; header_2_font=&raquo;Marcellus||||||||&raquo; header_2_font_size=&raquo;22px&raquo; custom_padding=&raquo;3px|||||&raquo; hover_enabled=&raquo;0&#8243; global_colors_info=&raquo;{}&raquo; sticky_enabled=&raquo;0&#8243;]<\/p>\n<h1><a class=\"block font-medium text-lg\">Emelie Vretman<\/a><\/h1>\n<h2><span>Samarbeidende agent<\/span><\/h2>\n<p><span><\/span><\/p>\n<p><span>Jeg flyttet til Costa del Sol for fire \u00e5r siden, opprinnelig fra Sverige. Gjennom hele livet har jeg hatt muligheten til \u00e5 bo flere forskjellige steder, og jeg har alltid hatt en lidenskap for \u00e5 m\u00f8te nye mennesker og utforske nye destinasjoner. <\/span><\/p>\n<p>Med en sterk bakgrunn innen salg og en genuin kj\u00e6rlighet til \u00e5 jobbe med mennesker, har jeg brukt mange \u00e5r p\u00e5 \u00e5 bygge meningsfulle relasjoner og hjelpe kunder med \u00e5 finne de riktige l\u00f8sningene for deres behov.<\/p>\n<p>N\u00e5 er fokuset mitt p\u00e5 \u00e5 hjelpe deg med \u00e5 finne ditt dr\u00f8mmehus her p\u00e5 Costa del Sol. Jeg er her for \u00e5 veilede og st\u00f8tte deg hvert trinn p\u00e5 veien, og gj\u00f8re prosessen s\u00e5 smidig og hyggelig som mulig. <\/p>\n<p>[\/et_pb_text][\/et_pb_column][\/et_pb_row][et_pb_row _builder_version=&raquo;4.27.4&#8243; _module_preset=&raquo;default&raquo; global_colors_info=&raquo;{}&raquo;][et_pb_column type=&raquo;4_4&#8243; _builder_version=&raquo;4.27.4&#8243; _module_preset=&raquo;default&raquo; global_colors_info=&raquo;{}&raquo;][et_pb_post_nav _builder_version=&raquo;4.27.4&#8243; _module_preset=&raquo;default&raquo; global_colors_info=&raquo;{}&raquo;][\/et_pb_post_nav][\/et_pb_column][\/et_pb_row][\/et_pb_section]<\/p>\n","protected":false},"excerpt":{"rendered":"<p>Emelie Vretman Samarbeidende agent Jeg flyttet til Costa del Sol for fire \u00e5r siden, opprinnelig fra Sverige. Gjennom hele livet har jeg hatt muligheten til \u00e5 bo flere forskjellige steder, og jeg har alltid hatt en lidenskap for \u00e5 m\u00f8te nye mennesker og utforske nye destinasjoner. Med en sterk bakgrunn innen salg og en genuin [&hellip;]<\/p>\n","protected":false},"author":3,"featured_media":0,"parent":592,"menu_order":0,"comment_status":"closed","ping_status":"closed","template":"","meta":{"_et_pb_use_builder":"on","_et_pb_old_content":"","_et_gb_content_width":"","footnotes":""},"dipi_cpt_category":[],"class_list":["post-18812781","page","type-page","status-publish","hentry"],"yoast_head":"<!-- This site is optimized with the Yoast SEO plugin v25.8 - https:\/\/yoast.com\/wordpress\/plugins\/seo\/ -->\n<title>Emelie Vretman | Eiendomsmegler p\u00e5 Costa del Sol<\/title>\n<meta name=\"description\" content=\"Emelie Vretman er eiendomsmegler hos Alamo Costa del Sol, og st\u00f8tter kj\u00f8pere og selgere med profesjonell veiledning og lokal kunnskap.\" \/>\n<meta name=\"robots\" content=\"index, follow, max-snippet:-1, max-image-preview:large, max-video-preview:-1\" \/>\n<link rel=\"canonical\" href=\"https:\/\/alamocostadelsol.com\/no\/om-alamo\/emelie-vretman\" \/>\n<meta property=\"og:locale\" content=\"nb_NO\" \/>\n<meta property=\"og:type\" content=\"article\" \/>\n<meta property=\"og:title\" content=\"Emelie Vretman | Eiendomsmegler p\u00e5 Costa del Sol\" \/>\n<meta property=\"og:description\" content=\"Emelie Vretman er eiendomsmegler hos Alamo Costa del Sol, og st\u00f8tter kj\u00f8pere og selgere med profesjonell veiledning og lokal kunnskap.\" \/>\n<meta property=\"og:url\" content=\"https:\/\/alamocostadelsol.com\/no\/om-alamo\/emelie-vretman\" \/>\n<meta property=\"og:site_name\" content=\"Alamo - makes your dream come true at costa del sol\" \/>\n<meta property=\"article:publisher\" content=\"https:\/\/www.facebook.com\/alamocostadelsol\" \/>\n<meta property=\"article:modified_time\" content=\"2026-01-12T15:42:51+00:00\" \/>\n<meta name=\"twitter:card\" content=\"summary_large_image\" \/>\n<meta name=\"twitter:label1\" content=\"Ansl. lesetid\" \/>\n\t<meta name=\"twitter:data1\" content=\"2 minutter\" \/>\n<script type=\"application\/ld+json\" class=\"yoast-schema-graph\">{\"@context\":\"https:\/\/schema.org\",\"@graph\":[{\"@type\":\"WebPage\",\"@id\":\"https:\/\/alamocostadelsol.com\/no\/om-alamo\/emelie-vretman\",\"url\":\"https:\/\/alamocostadelsol.com\/no\/om-alamo\/emelie-vretman\",\"name\":\"Emelie Vretman | Eiendomsmegler p\u00e5 Costa del Sol\",\"isPartOf\":{\"@id\":\"https:\/\/alamocostadelsol.com\/no#website\"},\"datePublished\":\"2024-06-10T17:29:00+00:00\",\"dateModified\":\"2026-01-12T15:42:51+00:00\",\"description\":\"Emelie Vretman er eiendomsmegler hos Alamo Costa del Sol, og st\u00f8tter kj\u00f8pere og selgere med profesjonell veiledning og lokal kunnskap.\",\"breadcrumb\":{\"@id\":\"https:\/\/alamocostadelsol.com\/no\/om-alamo\/emelie-vretman#breadcrumb\"},\"inLanguage\":\"nb-NO\",\"potentialAction\":[{\"@type\":\"ReadAction\",\"target\":[\"https:\/\/alamocostadelsol.com\/no\/om-alamo\/emelie-vretman\"]}]},{\"@type\":\"BreadcrumbList\",\"@id\":\"https:\/\/alamocostadelsol.com\/no\/om-alamo\/emelie-vretman#breadcrumb\",\"itemListElement\":[{\"@type\":\"ListItem\",\"position\":1,\"name\":\"Home\",\"item\":\"https:\/\/alamocostadelsol.com\/no\"},{\"@type\":\"ListItem\",\"position\":2,\"name\":\"Om Alamo\",\"item\":\"https:\/\/alamocostadelsol.com\/no\/om-alamo\"},{\"@type\":\"ListItem\",\"position\":3,\"name\":\"Emelie Vretman\"}]},{\"@type\":\"WebSite\",\"@id\":\"https:\/\/alamocostadelsol.com\/no#website\",\"url\":\"https:\/\/alamocostadelsol.com\/no\",\"name\":\"Alamo - makes your dream come true at costa del sol\",\"description\":\"\",\"publisher\":{\"@id\":\"https:\/\/alamocostadelsol.com\/no#organization\"},\"potentialAction\":[{\"@type\":\"SearchAction\",\"target\":{\"@type\":\"EntryPoint\",\"urlTemplate\":\"https:\/\/alamocostadelsol.com\/no?s={search_term_string}\"},\"query-input\":{\"@type\":\"PropertyValueSpecification\",\"valueRequired\":true,\"valueName\":\"search_term_string\"}}],\"inLanguage\":\"nb-NO\"},{\"@type\":\"Organization\",\"@id\":\"https:\/\/alamocostadelsol.com\/no#organization\",\"name\":\"Alamo - makes your dream come true at costa del sol\",\"url\":\"https:\/\/alamocostadelsol.com\/no\",\"logo\":{\"@type\":\"ImageObject\",\"inLanguage\":\"nb-NO\",\"@id\":\"https:\/\/alamocostadelsol.com\/no#\/schema\/logo\/image\/\",\"url\":\"https:\/\/alamocostadelsol.com\/wp-content\/uploads\/2024\/05\/alamo-costa-del-sol-logotype.png\",\"contentUrl\":\"https:\/\/alamocostadelsol.com\/wp-content\/uploads\/2024\/05\/alamo-costa-del-sol-logotype.png\",\"width\":773,\"height\":170,\"caption\":\"Alamo - makes your dream come true at costa del sol\"},\"image\":{\"@id\":\"https:\/\/alamocostadelsol.com\/no#\/schema\/logo\/image\/\"},\"sameAs\":[\"https:\/\/www.facebook.com\/alamocostadelsol\",\"https:\/\/www.instagram.com\/alamocostadelsol\/\"]}]}<\/script>\n<!-- \/ Yoast SEO plugin. -->","yoast_head_json":{"title":"Emelie Vretman | Eiendomsmegler p\u00e5 Costa del Sol","description":"Emelie Vretman er eiendomsmegler hos Alamo Costa del Sol, og st\u00f8tter kj\u00f8pere og selgere med profesjonell veiledning og lokal kunnskap.","robots":{"index":"index","follow":"follow","max-snippet":"max-snippet:-1","max-image-preview":"max-image-preview:large","max-video-preview":"max-video-preview:-1"},"canonical":"https:\/\/alamocostadelsol.com\/no\/om-alamo\/emelie-vretman","og_locale":"nb_NO","og_type":"article","og_title":"Emelie Vretman | Eiendomsmegler p\u00e5 Costa del Sol","og_description":"Emelie Vretman er eiendomsmegler hos Alamo Costa del Sol, og st\u00f8tter kj\u00f8pere og selgere med profesjonell veiledning og lokal kunnskap.","og_url":"https:\/\/alamocostadelsol.com\/no\/om-alamo\/emelie-vretman","og_site_name":"Alamo - makes your dream come true at costa del sol","article_publisher":"https:\/\/www.facebook.com\/alamocostadelsol","article_modified_time":"2026-01-12T15:42:51+00:00","twitter_card":"summary_large_image","twitter_misc":{"Ansl. lesetid":"2 minutter"},"schema":{"@context":"https:\/\/schema.org","@graph":[{"@type":"WebPage","@id":"https:\/\/alamocostadelsol.com\/no\/om-alamo\/emelie-vretman","url":"https:\/\/alamocostadelsol.com\/no\/om-alamo\/emelie-vretman","name":"Emelie Vretman | Eiendomsmegler p\u00e5 Costa del Sol","isPartOf":{"@id":"https:\/\/alamocostadelsol.com\/no#website"},"datePublished":"2024-06-10T17:29:00+00:00","dateModified":"2026-01-12T15:42:51+00:00","description":"Emelie Vretman er eiendomsmegler hos Alamo Costa del Sol, og st\u00f8tter kj\u00f8pere og selgere med profesjonell veiledning og lokal kunnskap.","breadcrumb":{"@id":"https:\/\/alamocostadelsol.com\/no\/om-alamo\/emelie-vretman#breadcrumb"},"inLanguage":"nb-NO","potentialAction":[{"@type":"ReadAction","target":["https:\/\/alamocostadelsol.com\/no\/om-alamo\/emelie-vretman"]}]},{"@type":"BreadcrumbList","@id":"https:\/\/alamocostadelsol.com\/no\/om-alamo\/emelie-vretman#breadcrumb","itemListElement":[{"@type":"ListItem","position":1,"name":"Home","item":"https:\/\/alamocostadelsol.com\/no"},{"@type":"ListItem","position":2,"name":"Om Alamo","item":"https:\/\/alamocostadelsol.com\/no\/om-alamo"},{"@type":"ListItem","position":3,"name":"Emelie Vretman"}]},{"@type":"WebSite","@id":"https:\/\/alamocostadelsol.com\/no#website","url":"https:\/\/alamocostadelsol.com\/no","name":"Alamo - makes your dream come true at costa del sol","description":"","publisher":{"@id":"https:\/\/alamocostadelsol.com\/no#organization"},"potentialAction":[{"@type":"SearchAction","target":{"@type":"EntryPoint","urlTemplate":"https:\/\/alamocostadelsol.com\/no?s={search_term_string}"},"query-input":{"@type":"PropertyValueSpecification","valueRequired":true,"valueName":"search_term_string"}}],"inLanguage":"nb-NO"},{"@type":"Organization","@id":"https:\/\/alamocostadelsol.com\/no#organization","name":"Alamo - makes your dream come true at costa del sol","url":"https:\/\/alamocostadelsol.com\/no","logo":{"@type":"ImageObject","inLanguage":"nb-NO","@id":"https:\/\/alamocostadelsol.com\/no#\/schema\/logo\/image\/","url":"https:\/\/alamocostadelsol.com\/wp-content\/uploads\/2024\/05\/alamo-costa-del-sol-logotype.png","contentUrl":"https:\/\/alamocostadelsol.com\/wp-content\/uploads\/2024\/05\/alamo-costa-del-sol-logotype.png","width":773,"height":170,"caption":"Alamo - makes your dream come true at costa del sol"},"image":{"@id":"https:\/\/alamocostadelsol.com\/no#\/schema\/logo\/image\/"},"sameAs":["https:\/\/www.facebook.com\/alamocostadelsol","https:\/\/www.instagram.com\/alamocostadelsol\/"]}]}},"_links":{"self":[{"href":"https:\/\/alamocostadelsol.com\/no\/wp-json\/wp\/v2\/pages\/18812781","targetHints":{"allow":["GET"]}}],"collection":[{"href":"https:\/\/alamocostadelsol.com\/no\/wp-json\/wp\/v2\/pages"}],"about":[{"href":"https:\/\/alamocostadelsol.com\/no\/wp-json\/wp\/v2\/types\/page"}],"author":[{"embeddable":true,"href":"https:\/\/alamocostadelsol.com\/no\/wp-json\/wp\/v2\/users\/3"}],"replies":[{"embeddable":true,"href":"https:\/\/alamocostadelsol.com\/no\/wp-json\/wp\/v2\/comments?post=18812781"}],"version-history":[{"count":6,"href":"https:\/\/alamocostadelsol.com\/no\/wp-json\/wp\/v2\/pages\/18812781\/revisions"}],"predecessor-version":[{"id":18814481,"href":"https:\/\/alamocostadelsol.com\/no\/wp-json\/wp\/v2\/pages\/18812781\/revisions\/18814481"}],"up":[{"embeddable":true,"href":"https:\/\/alamocostadelsol.com\/no\/wp-json\/wp\/v2\/pages\/592"}],"wp:attachment":[{"href":"https:\/\/alamocostadelsol.com\/no\/wp-json\/wp\/v2\/media?parent=18812781"}],"wp:term":[{"taxonomy":"dipi_cpt_category","embeddable":true,"href":"https:\/\/alamocostadelsol.com\/no\/wp-json\/wp\/v2\/dipi_cpt_category?post=18812781"}],"curies":[{"name":"wp","href":"https:\/\/api.w.org\/{rel}","templated":true}]}}