{"id":18812016,"date":"2025-06-04T14:59:01","date_gmt":"2025-06-04T12:59:01","guid":{"rendered":"https:\/\/alamocostadelsol.com\/veiledning-for-kjopere"},"modified":"2025-06-09T14:04:34","modified_gmt":"2025-06-09T12:04:34","slug":"veiledning-for-kjopere","status":"publish","type":"page","link":"https:\/\/alamocostadelsol.com\/no\/veiledning-for-kjopere","title":{"rendered":"Veiledning for kj\u00f8pere"},"content":{"rendered":"<p>[et_pb_section fb_built=&raquo;1&#8243; _builder_version=&raquo;4.27.4&#8243; _module_preset=&raquo;default&raquo; global_colors_info=&raquo;{}&raquo;][et_pb_row _builder_version=&raquo;4.27.4&#8243; _module_preset=&raquo;default&raquo; global_colors_info=&raquo;{}&raquo;][et_pb_column type=&raquo;4_4&#8243; _builder_version=&raquo;4.27.4&#8243; _module_preset=&raquo;default&raquo; global_colors_info=&raquo;{}&raquo;][et_pb_image src=&raquo;https:\/\/alamocostadelsol.com\/wp-content\/uploads\/2025\/06\/5.png&raquo; title_text=&raquo;5&#8243; _builder_version=&raquo;4.27.4&#8243; _module_preset=&raquo;default&raquo; width_tablet=&raquo;&raquo; width_phone=&raquo;&raquo; width_last_edited=&raquo;on|desktop&raquo; max_width=&raquo;81%&raquo; module_alignment=&raquo;center&raquo; hover_enabled=&raquo;0&#8243; module_alignment_tablet=&raquo;center&raquo; module_alignment_phone=&raquo;center&raquo; module_alignment_last_edited=&raquo;on|desktop&raquo; global_colors_info=&raquo;{}&raquo; sticky_enabled=&raquo;0&#8243;][\/et_pb_image][et_pb_contact_form use_spam_service=&raquo;on&raquo; recaptcha_list=&raquo;Alamo ReCap forms|Alamo ReCap forms-0&#8243; email=&raquo;contact@alamocostadelsol.com&raquo; title=&raquo;F\u00e5 hele kj\u00f8perveiledningen&raquo; custom_message=&raquo;En ny bruker har bedt om kj\u00f8perveiledningen.||et_pb_line_break_holder||||et_pb_line_break_holder||E-post: %%Email%%||et_pb_line_break_holder||&raquo; use_redirect=&raquo;on&raquo; redirect_url=&raquo;https:\/\/alamocostadelsol.com\/guide-download&raquo; success_message=&raquo;Takk for at du ba om v\u00e5r kj\u00f8perveiledning!&raquo; submit_button_text=&raquo;Last ned n\u00e5&raquo; _builder_version=&raquo;4.27.4&#8243; _module_preset=&raquo;default&raquo; _unique_id=&raquo;a4d7076c-8199-4434-8e35-24332353c404&#8243; form_field_background_color=&raquo;#f9f9f9&#8243; title_level=&raquo;h2&#8243; title_font=&raquo;Marcellus|700|||||||&raquo; title_text_align=&raquo;center&raquo; title_line_height=&raquo;1.8em&raquo; form_field_font=&raquo;Marcellus|&#8211;et_global_body_font_weight|||||||&raquo; form_field_text_align=&raquo;left&raquo; form_field_font_size=&raquo;16px&raquo; background_color=&raquo;#FFFFFF&raquo; custom_button=&raquo;on&raquo; button_text_color=&raquo;#FFFFFF&raquo; button_bg_color=&raquo;#003c58&#8243; button_border_width=&raquo;2px&raquo; button_border_radius=&raquo;25px&raquo; button_font=&raquo;Marcellus|700|||||||&raquo; button_use_icon=&raquo;off&raquo; button_custom_margin=&raquo;||||false|false&raquo; button_custom_padding=&raquo;||||false|false&raquo; width=&raquo;100%&raquo; width_tablet=&raquo;100%&raquo; width_phone=&raquo;102%&raquo; width_last_edited=&raquo;on|tablet&raquo; max_width=&raquo;46%&raquo; max_width_tablet=&raquo;62%&raquo; max_width_phone=&raquo;100%&raquo; max_width_last_edited=&raquo;on|phone&raquo; module_alignment=&raquo;center&raquo; height=&raquo;254px&raquo; custom_margin=&raquo;||-117px|||&raquo; custom_padding=&raquo;5%|5%|0%|5%|false|false&raquo; button_text_size_tablet=&raquo;&raquo; button_text_size_phone=&raquo;15px&raquo; button_text_size_last_edited=&raquo;on|desktop&raquo; border_radii=&raquo;on|25px|25px|25px|25px&raquo; global_colors_info=&raquo;{}&raquo;][et_pb_contact_field field_id=&raquo;Email&raquo; field_title=&raquo;E-post&raquo; field_type=&raquo;email&raquo; fullwidth_field=&raquo;on&raquo; _builder_version=&raquo;4.27.0&#8243; global_colors_info=&raquo;{}&raquo; button_text_size__hover_enabled=&raquo;off&raquo; button_one_text_size__hover_enabled=&raquo;off&raquo; button_two_text_size__hover_enabled=&raquo;off&raquo; button_text_color__hover_enabled=&raquo;off&raquo; button_one_text_color__hover_enabled=&raquo;off&raquo; button_two_text_color__hover_enabled=&raquo;off&raquo; button_border_width__hover_enabled=&raquo;off&raquo; button_one_border_width__hover_enabled=&raquo;off&raquo; button_two_border_width__hover_enabled=&raquo;off&raquo; button_border_color__hover_enabled=&raquo;off&raquo; button_one_border_color__hover_enabled=&raquo;off&raquo; button_two_border_color__hover_enabled=&raquo;off&raquo; button_border_radius__hover_enabled=&raquo;off&raquo; button_one_border_radius__hover_enabled=&raquo;off&raquo; button_two_border_radius__hover_enabled=&raquo;off&raquo; button_letter_spacing__hover_enabled=&raquo;off&raquo; button_one_letter_spacing__hover_enabled=&raquo;off&raquo; button_two_letter_spacing__hover_enabled=&raquo;off&raquo; button_bg_color__hover_enabled=&raquo;off&raquo; button_one_bg_color__hover_enabled=&raquo;off&raquo; button_two_bg_color__hover_enabled=&raquo;off&raquo;][\/et_pb_contact_field][\/et_pb_contact_form][\/et_pb_column][\/et_pb_row][et_pb_row _builder_version=&raquo;4.27.4&#8243; _module_preset=&raquo;default&raquo;][et_pb_column _builder_version=&raquo;4.27.4&#8243; _module_preset=&raquo;default&raquo; type=&raquo;4_4&#8243;][et_pb_text _builder_version=&raquo;4.27.4&#8243; _module_preset=&raquo;default&raquo; hover_enabled=&raquo;0&#8243; sticky_enabled=&raquo;0&#8243;]<\/p>\n<p><span>Det er ikke komplisert \u00e5 kj\u00f8pe hus eller leilighet i Spania, men det er litt annerledes enn det vi er vant til i Storbritannia. Et eiendomskj\u00f8p tar ca. 6-8 uker, og alt foreg\u00e5r p\u00e5 spansk. Det er mye \u00e5 holde styr p\u00e5, og vi hjelper deg gjennom denne prosessen. Vi anbefaler at du alltid engasjerer en advokat som ogs\u00e5 vil veilede deg gjennom den juridiske prosessen.<\/span><\/p>\n<p><span><strong>1. VISNING OG BUDGIVNING<\/strong><\/span><br \/><span>Etter visning, budgivning og forhandlinger blir kj\u00f8per og selger enige om en salgspris.<\/span><\/p>\n<p><span><strong>2. RESERVASJONSKONTRAKT<\/strong><\/span><br \/><span>(Contrato de Reserva)<\/span><br \/><span>Et enkelt dokument som angir pris og betalingsbetingelser, dato for signering av skj\u00f8tet, om m\u00f8bler er inkludert og om kj\u00f8pet er med forbehold om pant, visning osv. 6 000 euro skal betales som depositum. Dette dokumentet signeres enten p\u00e5 meglerens kontor eller sendes til kj\u00f8peren via e-post, som deretter signerer og returnerer det til megleren.<\/span><\/p>\n<p><span><strong>3. JURIDISK UNDERS\u00d8KELSE OG INNHENTING AV DOKUMENTASJON FOR EIENDOMMEN<\/strong><\/span><br \/><span>Advokaten kontakter selgerens juridiske representant og innhenter all relevant dokumentasjon for eiendommen og kontrollerer at alle tillatelser og lisenser fra kommunen er i orden, og at det ikke er utest\u00e5ende gjeld, pant, kostnader, leietakere og skatter p\u00e5 eiendommen.<\/span><\/p>\n<p><span><strong>4. PRIVAT KJ\u00d8PSAVTALE<\/strong><\/span><br \/><span>(Contrato de Compraventa)<\/span><br \/><span>N\u00e5r advokaten har unders\u00f8kt eiendommen og bekreftet at alt er i orden, kan kj\u00f8per og selger signere kj\u00f8pekontrakten. Kontrakten er sv\u00e6rt detaljert og inneholder en omfattende juridisk beskrivelse av selve eiendommen. Den inneholder ogs\u00e5 alle personlige opplysninger om kj\u00f8per og selger, kj\u00f8pesum, betalingsplan, estimert dato for signering av skj\u00f8tet og andre juridiske klausuler. I forbindelse med kontraktsinng\u00e5elsen betaler kj\u00f8peren vanligvis 10 % av den totale salgssummen for eiendommen.<\/span><\/p>\n<p><span><strong>5. TITTELBREV<\/strong><\/span><br \/><span>(Escritura de Compraventa)<\/span><br \/><span>I Spania er det siste trinnet i et eiendomskj\u00f8p hos en notarius publicus. Det er en formell handling, og begge parter, b\u00e5de kj\u00f8pere og selgere, enten sammen med sine advokater eller advokatene alene med fullmakt fra sine klienter, m\u00f8ter opp hos notarius publicus for \u00e5 signere skj\u00f8tet. I samme handling betaler kj\u00f8peren resten av den avtalte salgssummen til selgeren, og selgeren overleverer n\u00f8klene til eiendommen til kj\u00f8peren. Fra dette \u00f8yeblikket er kj\u00f8peren den rettmessige eieren av eiendommen. Skj\u00f8tet m\u00e5 signeres av tre parter: selgeren, kj\u00f8peren og notarius publicus.<\/span><\/p>\n<p><span><strong>6. REGISTRERING AV KJ\u00d8PET<\/strong><\/span><br \/><span>Noen dager etter at skj\u00f8tet er signert, kan det hentes hos notarius publicus, og deretter overleveres det til eiendomsregisteret, som s\u00f8rger for at eiendommen blir offisielt registrert i den nye eierens navn. N\u00e5 er alle kostnader, skatter, overdragelsesgebyrer og andre juridiske utgifter betalt. Advokaten din s\u00f8rger for at alle avtaler som vann, str\u00f8m, eierforening osv. samt diverse skatter og avgifter knyttet til eiendommen blir overf\u00f8rt til den nye eieren og betalt via direkte debitering fra den nye eierens bankkonto.<\/span><\/p>\n<p>[\/et_pb_text][\/et_pb_column][\/et_pb_row][\/et_pb_section]<\/p>\n","protected":false},"excerpt":{"rendered":"<p>Det er ikke komplisert \u00e5 kj\u00f8pe hus eller leilighet i Spania, men det er litt annerledes enn det vi er vant til i Storbritannia. Et eiendomskj\u00f8p tar ca. 6-8 uker, og alt foreg\u00e5r p\u00e5 spansk. Det er mye \u00e5 holde styr p\u00e5, og vi hjelper deg gjennom denne prosessen. Vi anbefaler at du alltid engasjerer [&hellip;]<\/p>\n","protected":false},"author":3,"featured_media":0,"parent":0,"menu_order":0,"comment_status":"closed","ping_status":"closed","template":"","meta":{"_et_pb_use_builder":"on","_et_pb_old_content":"","_et_gb_content_width":"","footnotes":""},"dipi_cpt_category":[],"class_list":["post-18812016","page","type-page","status-publish","hentry"],"yoast_head":"<!-- This site is optimized with the Yoast SEO plugin v25.8 - https:\/\/yoast.com\/wordpress\/plugins\/seo\/ -->\n<title>Veiledning for kj\u00f8pere - Alamo - makes your dream come true at costa del sol<\/title>\n<meta name=\"robots\" content=\"index, follow, max-snippet:-1, max-image-preview:large, max-video-preview:-1\" \/>\n<link rel=\"canonical\" href=\"https:\/\/alamocostadelsol.com\/no\/veiledning-for-kjopere\" \/>\n<meta property=\"og:locale\" content=\"nb_NO\" \/>\n<meta property=\"og:type\" content=\"article\" \/>\n<meta property=\"og:title\" content=\"Veiledning for kj\u00f8pere - Alamo - makes your dream come true at costa del sol\" \/>\n<meta property=\"og:description\" content=\"Det er ikke komplisert \u00e5 kj\u00f8pe hus eller leilighet i Spania, men det er litt annerledes enn det vi er vant til i Storbritannia. Et eiendomskj\u00f8p tar ca. 6-8 uker, og alt foreg\u00e5r p\u00e5 spansk. Det er mye \u00e5 holde styr p\u00e5, og vi hjelper deg gjennom denne prosessen. Vi anbefaler at du alltid engasjerer [&hellip;]\" \/>\n<meta property=\"og:url\" content=\"https:\/\/alamocostadelsol.com\/no\/veiledning-for-kjopere\" \/>\n<meta property=\"og:site_name\" content=\"Alamo - makes your dream come true at costa del sol\" \/>\n<meta property=\"article:publisher\" content=\"https:\/\/www.facebook.com\/alamocostadelsol\" \/>\n<meta property=\"article:modified_time\" content=\"2025-06-09T12:04:34+00:00\" \/>\n<meta name=\"twitter:card\" content=\"summary_large_image\" \/>\n<meta name=\"twitter:label1\" content=\"Ansl. lesetid\" \/>\n\t<meta name=\"twitter:data1\" content=\"5 minutter\" \/>\n<script type=\"application\/ld+json\" class=\"yoast-schema-graph\">{\"@context\":\"https:\/\/schema.org\",\"@graph\":[{\"@type\":\"WebPage\",\"@id\":\"https:\/\/alamocostadelsol.com\/no\/veiledning-for-kjopere\",\"url\":\"https:\/\/alamocostadelsol.com\/no\/veiledning-for-kjopere\",\"name\":\"Veiledning for kj\u00f8pere - Alamo - makes your dream come true at costa del sol\",\"isPartOf\":{\"@id\":\"https:\/\/alamocostadelsol.com\/no#website\"},\"datePublished\":\"2025-06-04T12:59:01+00:00\",\"dateModified\":\"2025-06-09T12:04:34+00:00\",\"breadcrumb\":{\"@id\":\"https:\/\/alamocostadelsol.com\/no\/veiledning-for-kjopere#breadcrumb\"},\"inLanguage\":\"nb-NO\",\"potentialAction\":[{\"@type\":\"ReadAction\",\"target\":[\"https:\/\/alamocostadelsol.com\/no\/veiledning-for-kjopere\"]}]},{\"@type\":\"BreadcrumbList\",\"@id\":\"https:\/\/alamocostadelsol.com\/no\/veiledning-for-kjopere#breadcrumb\",\"itemListElement\":[{\"@type\":\"ListItem\",\"position\":1,\"name\":\"Home\",\"item\":\"https:\/\/alamocostadelsol.com\/no\"},{\"@type\":\"ListItem\",\"position\":2,\"name\":\"Veiledning for kj\u00f8pere\"}]},{\"@type\":\"WebSite\",\"@id\":\"https:\/\/alamocostadelsol.com\/no#website\",\"url\":\"https:\/\/alamocostadelsol.com\/no\",\"name\":\"Alamo - makes your dream come true at costa del sol\",\"description\":\"\",\"publisher\":{\"@id\":\"https:\/\/alamocostadelsol.com\/no#organization\"},\"potentialAction\":[{\"@type\":\"SearchAction\",\"target\":{\"@type\":\"EntryPoint\",\"urlTemplate\":\"https:\/\/alamocostadelsol.com\/no?s={search_term_string}\"},\"query-input\":{\"@type\":\"PropertyValueSpecification\",\"valueRequired\":true,\"valueName\":\"search_term_string\"}}],\"inLanguage\":\"nb-NO\"},{\"@type\":\"Organization\",\"@id\":\"https:\/\/alamocostadelsol.com\/no#organization\",\"name\":\"Alamo - makes your dream come true at costa del sol\",\"url\":\"https:\/\/alamocostadelsol.com\/no\",\"logo\":{\"@type\":\"ImageObject\",\"inLanguage\":\"nb-NO\",\"@id\":\"https:\/\/alamocostadelsol.com\/no#\/schema\/logo\/image\/\",\"url\":\"https:\/\/alamocostadelsol.com\/wp-content\/uploads\/2024\/05\/alamo-costa-del-sol-logotype.png\",\"contentUrl\":\"https:\/\/alamocostadelsol.com\/wp-content\/uploads\/2024\/05\/alamo-costa-del-sol-logotype.png\",\"width\":773,\"height\":170,\"caption\":\"Alamo - makes your dream come true at costa del sol\"},\"image\":{\"@id\":\"https:\/\/alamocostadelsol.com\/no#\/schema\/logo\/image\/\"},\"sameAs\":[\"https:\/\/www.facebook.com\/alamocostadelsol\",\"https:\/\/www.instagram.com\/alamocostadelsol\/\"]}]}<\/script>\n<!-- \/ Yoast SEO plugin. -->","yoast_head_json":{"title":"Veiledning for kj\u00f8pere - Alamo - makes your dream come true at costa del sol","robots":{"index":"index","follow":"follow","max-snippet":"max-snippet:-1","max-image-preview":"max-image-preview:large","max-video-preview":"max-video-preview:-1"},"canonical":"https:\/\/alamocostadelsol.com\/no\/veiledning-for-kjopere","og_locale":"nb_NO","og_type":"article","og_title":"Veiledning for kj\u00f8pere - Alamo - makes your dream come true at costa del sol","og_description":"Det er ikke komplisert \u00e5 kj\u00f8pe hus eller leilighet i Spania, men det er litt annerledes enn det vi er vant til i Storbritannia. Et eiendomskj\u00f8p tar ca. 6-8 uker, og alt foreg\u00e5r p\u00e5 spansk. Det er mye \u00e5 holde styr p\u00e5, og vi hjelper deg gjennom denne prosessen. Vi anbefaler at du alltid engasjerer [&hellip;]","og_url":"https:\/\/alamocostadelsol.com\/no\/veiledning-for-kjopere","og_site_name":"Alamo - makes your dream come true at costa del sol","article_publisher":"https:\/\/www.facebook.com\/alamocostadelsol","article_modified_time":"2025-06-09T12:04:34+00:00","twitter_card":"summary_large_image","twitter_misc":{"Ansl. lesetid":"5 minutter"},"schema":{"@context":"https:\/\/schema.org","@graph":[{"@type":"WebPage","@id":"https:\/\/alamocostadelsol.com\/no\/veiledning-for-kjopere","url":"https:\/\/alamocostadelsol.com\/no\/veiledning-for-kjopere","name":"Veiledning for kj\u00f8pere - Alamo - makes your dream come true at costa del sol","isPartOf":{"@id":"https:\/\/alamocostadelsol.com\/no#website"},"datePublished":"2025-06-04T12:59:01+00:00","dateModified":"2025-06-09T12:04:34+00:00","breadcrumb":{"@id":"https:\/\/alamocostadelsol.com\/no\/veiledning-for-kjopere#breadcrumb"},"inLanguage":"nb-NO","potentialAction":[{"@type":"ReadAction","target":["https:\/\/alamocostadelsol.com\/no\/veiledning-for-kjopere"]}]},{"@type":"BreadcrumbList","@id":"https:\/\/alamocostadelsol.com\/no\/veiledning-for-kjopere#breadcrumb","itemListElement":[{"@type":"ListItem","position":1,"name":"Home","item":"https:\/\/alamocostadelsol.com\/no"},{"@type":"ListItem","position":2,"name":"Veiledning for kj\u00f8pere"}]},{"@type":"WebSite","@id":"https:\/\/alamocostadelsol.com\/no#website","url":"https:\/\/alamocostadelsol.com\/no","name":"Alamo - makes your dream come true at costa del sol","description":"","publisher":{"@id":"https:\/\/alamocostadelsol.com\/no#organization"},"potentialAction":[{"@type":"SearchAction","target":{"@type":"EntryPoint","urlTemplate":"https:\/\/alamocostadelsol.com\/no?s={search_term_string}"},"query-input":{"@type":"PropertyValueSpecification","valueRequired":true,"valueName":"search_term_string"}}],"inLanguage":"nb-NO"},{"@type":"Organization","@id":"https:\/\/alamocostadelsol.com\/no#organization","name":"Alamo - makes your dream come true at costa del sol","url":"https:\/\/alamocostadelsol.com\/no","logo":{"@type":"ImageObject","inLanguage":"nb-NO","@id":"https:\/\/alamocostadelsol.com\/no#\/schema\/logo\/image\/","url":"https:\/\/alamocostadelsol.com\/wp-content\/uploads\/2024\/05\/alamo-costa-del-sol-logotype.png","contentUrl":"https:\/\/alamocostadelsol.com\/wp-content\/uploads\/2024\/05\/alamo-costa-del-sol-logotype.png","width":773,"height":170,"caption":"Alamo - makes your dream come true at costa del sol"},"image":{"@id":"https:\/\/alamocostadelsol.com\/no#\/schema\/logo\/image\/"},"sameAs":["https:\/\/www.facebook.com\/alamocostadelsol","https:\/\/www.instagram.com\/alamocostadelsol\/"]}]}},"_links":{"self":[{"href":"https:\/\/alamocostadelsol.com\/no\/wp-json\/wp\/v2\/pages\/18812016","targetHints":{"allow":["GET"]}}],"collection":[{"href":"https:\/\/alamocostadelsol.com\/no\/wp-json\/wp\/v2\/pages"}],"about":[{"href":"https:\/\/alamocostadelsol.com\/no\/wp-json\/wp\/v2\/types\/page"}],"author":[{"embeddable":true,"href":"https:\/\/alamocostadelsol.com\/no\/wp-json\/wp\/v2\/users\/3"}],"replies":[{"embeddable":true,"href":"https:\/\/alamocostadelsol.com\/no\/wp-json\/wp\/v2\/comments?post=18812016"}],"version-history":[{"count":3,"href":"https:\/\/alamocostadelsol.com\/no\/wp-json\/wp\/v2\/pages\/18812016\/revisions"}],"predecessor-version":[{"id":18812115,"href":"https:\/\/alamocostadelsol.com\/no\/wp-json\/wp\/v2\/pages\/18812016\/revisions\/18812115"}],"wp:attachment":[{"href":"https:\/\/alamocostadelsol.com\/no\/wp-json\/wp\/v2\/media?parent=18812016"}],"wp:term":[{"taxonomy":"dipi_cpt_category","embeddable":true,"href":"https:\/\/alamocostadelsol.com\/no\/wp-json\/wp\/v2\/dipi_cpt_category?post=18812016"}],"curies":[{"name":"wp","href":"https:\/\/api.w.org\/{rel}","templated":true}]}}