{"id":18811816,"date":"2024-06-10T19:33:00","date_gmt":"2024-06-10T17:33:00","guid":{"rendered":"https:\/\/alamocostadelsol.com\/om-alamo\/henriette-markwordt"},"modified":"2026-01-27T11:20:46","modified_gmt":"2026-01-27T10:20:46","slug":"henriette-markwordt","status":"publish","type":"page","link":"https:\/\/alamocostadelsol.com\/no\/om-alamo\/henriette-markwordt","title":{"rendered":"Henriette Markwordt"},"content":{"rendered":"<p>[et_pb_section fb_built=&raquo;1&#8243; _builder_version=&raquo;4.25.1&#8243; _module_preset=&raquo;default&raquo; global_colors_info=&raquo;{}&raquo;][et_pb_row column_structure=&raquo;1_3,2_3&#8243; _builder_version=&raquo;4.25.1&#8243; _module_preset=&raquo;default&raquo; width=&raquo;90%&raquo; max_width=&raquo;100%&raquo; global_colors_info=&raquo;{}&raquo;][et_pb_column type=&raquo;1_3&#8243; _builder_version=&raquo;4.25.1&#8243; _module_preset=&raquo;default&raquo; global_colors_info=&raquo;{}&raquo;][et_pb_image src=&raquo;https:\/\/alamocostadelsol.com\/wp-content\/uploads\/2025\/05\/new-size.jpeg&raquo; alt=&raquo;Luciano Di Carlo. Partner Alamo &raquo; title_text=&raquo;Henriette Markwordt&raquo; align=&raquo;right&raquo; _builder_version=&raquo;4.27.4&#8243; _module_preset=&raquo;default&raquo; width=&raquo;80%&raquo; global_colors_info=&raquo;{}&raquo;][\/et_pb_image][\/et_pb_column][et_pb_column type=&raquo;2_3&#8243; _builder_version=&raquo;4.25.1&#8243; _module_preset=&raquo;default&raquo; global_colors_info=&raquo;{}&raquo;][et_pb_text _builder_version=&raquo;4.25.2&#8243; _module_preset=&raquo;default&raquo; text_font=&raquo;Marcellus||||||||&raquo; text_font_size=&raquo;16px&raquo; header_font=&raquo;Marcellus|700|||||||&raquo; header_font_size=&raquo;36px&raquo; header_2_font=&raquo;Marcellus||||||||&raquo; header_2_font_size=&raquo;22px&raquo; global_colors_info=&raquo;{}&raquo;]<\/p>\n<h1><a class=\"block font-medium text-lg\">Henriette Markwordt<\/a><\/h1>\n<h2>Administrativ assistent<\/h2>\n<p><span><\/span><\/p>\n<p>Opprinnelig fra Tyskland, har jeg n\u00e5 bodd i Spania i 10 \u00e5r og har etablert mine r\u00f8tter p\u00e5 Costa del Sol.<\/p>\n<p>Som administrativ assistent hos Alamo Costa del Sol Real Estate bruker jeg fullt ut mine styrker innen multitasking og organisatorisk talent.<br data-start=\"400\" data-end=\"403\">Min flerspr\u00e5klighet \u2013 flytende i tysk, engelsk og spansk \u2013 gj\u00f8r meg i stand til \u00e5 tilby best mulig service til v\u00e5re internasjonale kunder.<br data-start=\"542\" data-end=\"545\">P\u00e5 kontoret er jeg det sentrale kontaktpunktet og alltid tilgjengelig \u2013 enten p\u00e5 telefon, e-post eller personlig. Jeg st\u00f8tter v\u00e5re agenter med administrative saker, slik at de kan fokusere fullt ut p\u00e5 sine klienter. <\/p>\n<p>Mitt motto: Det er ingenting jeg ikke kan l\u00e6re. Jeg ser p\u00e5 hver ny utfordring som en mulighet til \u00e5 vokse og bli enda mer allsidig.<br data-start=\"880\" data-end=\"883\">Hos Alamo har jeg funnet det ideelle milj\u00f8et for \u00e5 f\u00e5 mest mulig ut av mine organisatoriske ferdigheter og internasjonale erfaring \u2013 og for \u00e5 fortsette \u00e5 l\u00e6re hver dag. <\/p>\n<p>[\/et_pb_text][\/et_pb_column][\/et_pb_row][et_pb_row _builder_version=&raquo;4.27.0&#8243; _module_preset=&raquo;default&raquo; global_colors_info=&raquo;{}&raquo;][et_pb_column type=&raquo;4_4&#8243; _builder_version=&raquo;4.27.0&#8243; _module_preset=&raquo;default&raquo; global_colors_info=&raquo;{}&raquo;][et_pb_post_nav show_next=&raquo;off&raquo; _builder_version=&raquo;4.27.0&#8243; _module_preset=&raquo;default&raquo; global_colors_info=&raquo;{}&raquo;][\/et_pb_post_nav][\/et_pb_column][\/et_pb_row][\/et_pb_section]<\/p>\n","protected":false},"excerpt":{"rendered":"<p>Henriette Markwordt Administrativ assistent Opprinnelig fra Tyskland, har jeg n\u00e5 bodd i Spania i 10 \u00e5r og har etablert mine r\u00f8tter p\u00e5 Costa del Sol. Som administrativ assistent hos Alamo Costa del Sol Real Estate bruker jeg fullt ut mine styrker innen multitasking og organisatorisk talent.Min flerspr\u00e5klighet \u2013 flytende i tysk, engelsk og spansk \u2013 [&hellip;]<\/p>\n","protected":false},"author":3,"featured_media":0,"parent":592,"menu_order":0,"comment_status":"closed","ping_status":"closed","template":"","meta":{"_et_pb_use_builder":"on","_et_pb_old_content":"","_et_gb_content_width":"","footnotes":""},"dipi_cpt_category":[],"class_list":["post-18811816","page","type-page","status-publish","hentry"],"yoast_head":"<!-- This site is optimized with the Yoast SEO plugin v25.8 - https:\/\/yoast.com\/wordpress\/plugins\/seo\/ -->\n<title>Henriette Markwordt | Administrasjonsassistent ved Alamo Costa del Sol<\/title>\n<meta name=\"description\" content=\"Henriette Markwordt er administrativ assistent ved Alamo Costa del Sol, hvor hun st\u00f8tter kunder og agenter med koordinering, dokumentasjon og daglig drift.\" \/>\n<meta name=\"robots\" content=\"index, follow, max-snippet:-1, max-image-preview:large, max-video-preview:-1\" \/>\n<link rel=\"canonical\" href=\"https:\/\/alamocostadelsol.com\/no\/om-alamo\/henriette-markwordt\" \/>\n<meta property=\"og:locale\" content=\"nb_NO\" \/>\n<meta property=\"og:type\" content=\"article\" \/>\n<meta property=\"og:title\" content=\"Henriette Markwordt | Administrasjonsassistent ved Alamo Costa del Sol\" \/>\n<meta property=\"og:description\" content=\"Henriette Markwordt er administrativ assistent ved Alamo Costa del Sol, hvor hun st\u00f8tter kunder og agenter med koordinering, dokumentasjon og daglig drift.\" \/>\n<meta property=\"og:url\" content=\"https:\/\/alamocostadelsol.com\/no\/om-alamo\/henriette-markwordt\" \/>\n<meta property=\"og:site_name\" content=\"Alamo - makes your dream come true at costa del sol\" \/>\n<meta property=\"article:publisher\" content=\"https:\/\/www.facebook.com\/alamocostadelsol\" \/>\n<meta property=\"article:modified_time\" content=\"2026-01-27T10:20:46+00:00\" \/>\n<meta name=\"twitter:card\" content=\"summary_large_image\" \/>\n<meta name=\"twitter:label1\" content=\"Ansl. lesetid\" \/>\n\t<meta name=\"twitter:data1\" content=\"2 minutter\" \/>\n<script type=\"application\/ld+json\" class=\"yoast-schema-graph\">{\"@context\":\"https:\/\/schema.org\",\"@graph\":[{\"@type\":\"WebPage\",\"@id\":\"https:\/\/alamocostadelsol.com\/no\/om-alamo\/henriette-markwordt\",\"url\":\"https:\/\/alamocostadelsol.com\/no\/om-alamo\/henriette-markwordt\",\"name\":\"Henriette Markwordt | Administrasjonsassistent ved Alamo Costa del Sol\",\"isPartOf\":{\"@id\":\"https:\/\/alamocostadelsol.com\/no#website\"},\"datePublished\":\"2024-06-10T17:33:00+00:00\",\"dateModified\":\"2026-01-27T10:20:46+00:00\",\"description\":\"Henriette Markwordt er administrativ assistent ved Alamo Costa del Sol, hvor hun st\u00f8tter kunder og agenter med koordinering, dokumentasjon og daglig drift.\",\"breadcrumb\":{\"@id\":\"https:\/\/alamocostadelsol.com\/no\/om-alamo\/henriette-markwordt#breadcrumb\"},\"inLanguage\":\"nb-NO\",\"potentialAction\":[{\"@type\":\"ReadAction\",\"target\":[\"https:\/\/alamocostadelsol.com\/no\/om-alamo\/henriette-markwordt\"]}]},{\"@type\":\"BreadcrumbList\",\"@id\":\"https:\/\/alamocostadelsol.com\/no\/om-alamo\/henriette-markwordt#breadcrumb\",\"itemListElement\":[{\"@type\":\"ListItem\",\"position\":1,\"name\":\"Home\",\"item\":\"https:\/\/alamocostadelsol.com\/no\"},{\"@type\":\"ListItem\",\"position\":2,\"name\":\"Om Alamo\",\"item\":\"https:\/\/alamocostadelsol.com\/no\/om-alamo\"},{\"@type\":\"ListItem\",\"position\":3,\"name\":\"Henriette Markwordt\"}]},{\"@type\":\"WebSite\",\"@id\":\"https:\/\/alamocostadelsol.com\/no#website\",\"url\":\"https:\/\/alamocostadelsol.com\/no\",\"name\":\"Alamo - makes your dream come true at costa del sol\",\"description\":\"\",\"publisher\":{\"@id\":\"https:\/\/alamocostadelsol.com\/no#organization\"},\"potentialAction\":[{\"@type\":\"SearchAction\",\"target\":{\"@type\":\"EntryPoint\",\"urlTemplate\":\"https:\/\/alamocostadelsol.com\/no?s={search_term_string}\"},\"query-input\":{\"@type\":\"PropertyValueSpecification\",\"valueRequired\":true,\"valueName\":\"search_term_string\"}}],\"inLanguage\":\"nb-NO\"},{\"@type\":\"Organization\",\"@id\":\"https:\/\/alamocostadelsol.com\/no#organization\",\"name\":\"Alamo - makes your dream come true at costa del sol\",\"url\":\"https:\/\/alamocostadelsol.com\/no\",\"logo\":{\"@type\":\"ImageObject\",\"inLanguage\":\"nb-NO\",\"@id\":\"https:\/\/alamocostadelsol.com\/no#\/schema\/logo\/image\/\",\"url\":\"https:\/\/alamocostadelsol.com\/wp-content\/uploads\/2024\/05\/alamo-costa-del-sol-logotype.png\",\"contentUrl\":\"https:\/\/alamocostadelsol.com\/wp-content\/uploads\/2024\/05\/alamo-costa-del-sol-logotype.png\",\"width\":773,\"height\":170,\"caption\":\"Alamo - makes your dream come true at costa del sol\"},\"image\":{\"@id\":\"https:\/\/alamocostadelsol.com\/no#\/schema\/logo\/image\/\"},\"sameAs\":[\"https:\/\/www.facebook.com\/alamocostadelsol\",\"https:\/\/www.instagram.com\/alamocostadelsol\/\"]}]}<\/script>\n<!-- \/ Yoast SEO plugin. -->","yoast_head_json":{"title":"Henriette Markwordt | Administrasjonsassistent ved Alamo Costa del Sol","description":"Henriette Markwordt er administrativ assistent ved Alamo Costa del Sol, hvor hun st\u00f8tter kunder og agenter med koordinering, dokumentasjon og daglig drift.","robots":{"index":"index","follow":"follow","max-snippet":"max-snippet:-1","max-image-preview":"max-image-preview:large","max-video-preview":"max-video-preview:-1"},"canonical":"https:\/\/alamocostadelsol.com\/no\/om-alamo\/henriette-markwordt","og_locale":"nb_NO","og_type":"article","og_title":"Henriette Markwordt | Administrasjonsassistent ved Alamo Costa del Sol","og_description":"Henriette Markwordt er administrativ assistent ved Alamo Costa del Sol, hvor hun st\u00f8tter kunder og agenter med koordinering, dokumentasjon og daglig drift.","og_url":"https:\/\/alamocostadelsol.com\/no\/om-alamo\/henriette-markwordt","og_site_name":"Alamo - makes your dream come true at costa del sol","article_publisher":"https:\/\/www.facebook.com\/alamocostadelsol","article_modified_time":"2026-01-27T10:20:46+00:00","twitter_card":"summary_large_image","twitter_misc":{"Ansl. lesetid":"2 minutter"},"schema":{"@context":"https:\/\/schema.org","@graph":[{"@type":"WebPage","@id":"https:\/\/alamocostadelsol.com\/no\/om-alamo\/henriette-markwordt","url":"https:\/\/alamocostadelsol.com\/no\/om-alamo\/henriette-markwordt","name":"Henriette Markwordt | Administrasjonsassistent ved Alamo Costa del Sol","isPartOf":{"@id":"https:\/\/alamocostadelsol.com\/no#website"},"datePublished":"2024-06-10T17:33:00+00:00","dateModified":"2026-01-27T10:20:46+00:00","description":"Henriette Markwordt er administrativ assistent ved Alamo Costa del Sol, hvor hun st\u00f8tter kunder og agenter med koordinering, dokumentasjon og daglig drift.","breadcrumb":{"@id":"https:\/\/alamocostadelsol.com\/no\/om-alamo\/henriette-markwordt#breadcrumb"},"inLanguage":"nb-NO","potentialAction":[{"@type":"ReadAction","target":["https:\/\/alamocostadelsol.com\/no\/om-alamo\/henriette-markwordt"]}]},{"@type":"BreadcrumbList","@id":"https:\/\/alamocostadelsol.com\/no\/om-alamo\/henriette-markwordt#breadcrumb","itemListElement":[{"@type":"ListItem","position":1,"name":"Home","item":"https:\/\/alamocostadelsol.com\/no"},{"@type":"ListItem","position":2,"name":"Om Alamo","item":"https:\/\/alamocostadelsol.com\/no\/om-alamo"},{"@type":"ListItem","position":3,"name":"Henriette Markwordt"}]},{"@type":"WebSite","@id":"https:\/\/alamocostadelsol.com\/no#website","url":"https:\/\/alamocostadelsol.com\/no","name":"Alamo - makes your dream come true at costa del sol","description":"","publisher":{"@id":"https:\/\/alamocostadelsol.com\/no#organization"},"potentialAction":[{"@type":"SearchAction","target":{"@type":"EntryPoint","urlTemplate":"https:\/\/alamocostadelsol.com\/no?s={search_term_string}"},"query-input":{"@type":"PropertyValueSpecification","valueRequired":true,"valueName":"search_term_string"}}],"inLanguage":"nb-NO"},{"@type":"Organization","@id":"https:\/\/alamocostadelsol.com\/no#organization","name":"Alamo - makes your dream come true at costa del sol","url":"https:\/\/alamocostadelsol.com\/no","logo":{"@type":"ImageObject","inLanguage":"nb-NO","@id":"https:\/\/alamocostadelsol.com\/no#\/schema\/logo\/image\/","url":"https:\/\/alamocostadelsol.com\/wp-content\/uploads\/2024\/05\/alamo-costa-del-sol-logotype.png","contentUrl":"https:\/\/alamocostadelsol.com\/wp-content\/uploads\/2024\/05\/alamo-costa-del-sol-logotype.png","width":773,"height":170,"caption":"Alamo - makes your dream come true at costa del sol"},"image":{"@id":"https:\/\/alamocostadelsol.com\/no#\/schema\/logo\/image\/"},"sameAs":["https:\/\/www.facebook.com\/alamocostadelsol","https:\/\/www.instagram.com\/alamocostadelsol\/"]}]}},"_links":{"self":[{"href":"https:\/\/alamocostadelsol.com\/no\/wp-json\/wp\/v2\/pages\/18811816","targetHints":{"allow":["GET"]}}],"collection":[{"href":"https:\/\/alamocostadelsol.com\/no\/wp-json\/wp\/v2\/pages"}],"about":[{"href":"https:\/\/alamocostadelsol.com\/no\/wp-json\/wp\/v2\/types\/page"}],"author":[{"embeddable":true,"href":"https:\/\/alamocostadelsol.com\/no\/wp-json\/wp\/v2\/users\/3"}],"replies":[{"embeddable":true,"href":"https:\/\/alamocostadelsol.com\/no\/wp-json\/wp\/v2\/comments?post=18811816"}],"version-history":[{"count":12,"href":"https:\/\/alamocostadelsol.com\/no\/wp-json\/wp\/v2\/pages\/18811816\/revisions"}],"predecessor-version":[{"id":18815585,"href":"https:\/\/alamocostadelsol.com\/no\/wp-json\/wp\/v2\/pages\/18811816\/revisions\/18815585"}],"up":[{"embeddable":true,"href":"https:\/\/alamocostadelsol.com\/no\/wp-json\/wp\/v2\/pages\/592"}],"wp:attachment":[{"href":"https:\/\/alamocostadelsol.com\/no\/wp-json\/wp\/v2\/media?parent=18811816"}],"wp:term":[{"taxonomy":"dipi_cpt_category","embeddable":true,"href":"https:\/\/alamocostadelsol.com\/no\/wp-json\/wp\/v2\/dipi_cpt_category?post=18811816"}],"curies":[{"name":"wp","href":"https:\/\/api.w.org\/{rel}","templated":true}]}}