{"id":1039,"date":"2024-06-10T18:07:39","date_gmt":"2024-06-10T16:07:39","guid":{"rendered":"https:\/\/alamocostadelsol.com\/om-alamo\/per-lindqvist"},"modified":"2026-01-12T16:43:27","modified_gmt":"2026-01-12T15:43:27","slug":"per-lindqvist","status":"publish","type":"page","link":"https:\/\/alamocostadelsol.com\/no\/om-alamo\/per-lindqvist","title":{"rendered":"Per Lindqvist"},"content":{"rendered":"<p>[et_pb_section fb_built=&raquo;1&#8243; _builder_version=&raquo;4.25.1&#8243; _module_preset=&raquo;default&raquo; global_colors_info=&raquo;{}&raquo;][et_pb_row column_structure=&raquo;1_3,2_3&#8243; _builder_version=&raquo;4.25.1&#8243; _module_preset=&raquo;default&raquo; width=&raquo;90%&raquo; max_width=&raquo;100%&raquo; global_colors_info=&raquo;{}&raquo;][et_pb_column type=&raquo;1_3&#8243; _builder_version=&raquo;4.25.1&#8243; _module_preset=&raquo;default&raquo; global_colors_info=&raquo;{}&raquo;][et_pb_image src=&raquo;https:\/\/alamocostadelsol.com\/wp-content\/uploads\/2025\/06\/DSC07090.jpg&raquo; alt=&raquo;Per Lindqvist&raquo; title_text=&raquo;DSC07090&#8243; align=&raquo;right&raquo; _builder_version=&raquo;4.27.4&#8243; _module_preset=&raquo;default&raquo; width=&raquo;80%&raquo; hover_enabled=&raquo;0&#8243; global_colors_info=&raquo;{}&raquo; sticky_enabled=&raquo;0&#8243;][\/et_pb_image][\/et_pb_column][et_pb_column type=&raquo;2_3&#8243; _builder_version=&raquo;4.25.1&#8243; _module_preset=&raquo;default&raquo; global_colors_info=&raquo;{}&raquo;][et_pb_text _builder_version=&raquo;4.25.1&#8243; _module_preset=&raquo;default&raquo; text_font=&raquo;Marcellus||||||||&raquo; text_font_size=&raquo;16px&raquo; header_font=&raquo;Marcellus|700|||||||&raquo; header_font_size=&raquo;36px&raquo; header_2_font=&raquo;Marcellus||||||||&raquo; header_2_font_size=&raquo;22px&raquo; global_colors_info=&raquo;{}&raquo;]<\/p>\n<h1>Per Lindqvist<\/h1>\n<h2>Eier<\/h2>\n<p><span><\/span><\/p>\n<p><span>Jeg kommer fra de s\u00f8rlige delene av Sverige, men har bodd og jobbet i Spania de siste 13 \u00e5rene. Jeg har en akademisk bakgrunn innen eiendomsmegling fra Sk\u00e5ne i Sverige, supplert med lang erfaring som megler b\u00e5de i Sverige og, siden 2011, i Spania.  <\/span><\/p>\n<p><span>Jeg overtok Alamo i 2023, og kampen for \u00e5 redde selskapet har v\u00e6rt nesten overveldende. Men sammen med et fantastisk team, modernisering og nye ideer har vi forvandlet oss fra et gammelt selskap til en moderne, sterk og respektert eiendomsmegler \u00e5 regne med.  <\/span><\/p>\n<p>[\/et_pb_text][et_pb_code _builder_version=&raquo;4.27.0&#8243; _module_preset=&raquo;default&raquo; global_colors_info=&raquo;{}&raquo;]<div data-src=\"https:\/\/cdn.trustindex.io\/loader.js?2911b13438038857a356cd86c82\"><\/div>[\/et_pb_code][\/et_pb_column][\/et_pb_row][et_pb_row _builder_version=&raquo;4.27.0&#8243; _module_preset=&raquo;default&raquo; global_colors_info=&raquo;{}&raquo;][et_pb_column type=&raquo;4_4&#8243; _builder_version=&raquo;4.27.0&#8243; _module_preset=&raquo;default&raquo; global_colors_info=&raquo;{}&raquo;][et_pb_post_nav show_prev=&raquo;off&raquo; _builder_version=&raquo;4.27.0&#8243; _module_preset=&raquo;default&raquo; global_colors_info=&raquo;{}&raquo;][\/et_pb_post_nav][\/et_pb_column][\/et_pb_row][\/et_pb_section]<\/p>\n","protected":false},"excerpt":{"rendered":"<p>Per Lindqvist Eier Jeg kommer fra de s\u00f8rlige delene av Sverige, men har bodd og jobbet i Spania de siste 13 \u00e5rene. Jeg har en akademisk bakgrunn innen eiendomsmegling fra Sk\u00e5ne i Sverige, supplert med lang erfaring som megler b\u00e5de i Sverige og, siden 2011, i Spania. Jeg overtok Alamo i 2023, og kampen for [&hellip;]<\/p>\n","protected":false},"author":1,"featured_media":0,"parent":592,"menu_order":0,"comment_status":"closed","ping_status":"closed","template":"","meta":{"_et_pb_use_builder":"on","_et_pb_old_content":"","_et_gb_content_width":"","footnotes":""},"dipi_cpt_category":[],"class_list":["post-1039","page","type-page","status-publish","hentry"],"yoast_head":"<!-- This site is optimized with the Yoast SEO plugin v25.8 - https:\/\/yoast.com\/wordpress\/plugins\/seo\/ -->\n<title>Per Lindqvist | Administrerende direkt\u00f8r i Alamo Costa del Sol<\/title>\n<meta name=\"description\" content=\"Per Lindqvist er administrerende direkt\u00f8r i Alamo Costa del Sol, og leder selskapet med strategisk innsikt og omfattende erfaring fra det lokale eiendomsmarkedet.\" \/>\n<meta name=\"robots\" content=\"index, follow, max-snippet:-1, max-image-preview:large, max-video-preview:-1\" \/>\n<link rel=\"canonical\" href=\"https:\/\/alamocostadelsol.com\/no\/om-alamo\/per-lindqvist\" \/>\n<meta property=\"og:locale\" content=\"nb_NO\" \/>\n<meta property=\"og:type\" content=\"article\" \/>\n<meta property=\"og:title\" content=\"Per Lindqvist | Administrerende direkt\u00f8r i Alamo Costa del Sol\" \/>\n<meta property=\"og:description\" content=\"Per Lindqvist er administrerende direkt\u00f8r i Alamo Costa del Sol, og leder selskapet med strategisk innsikt og omfattende erfaring fra det lokale eiendomsmarkedet.\" \/>\n<meta property=\"og:url\" content=\"https:\/\/alamocostadelsol.com\/no\/om-alamo\/per-lindqvist\" \/>\n<meta property=\"og:site_name\" content=\"Alamo - makes your dream come true at costa del sol\" \/>\n<meta property=\"article:publisher\" content=\"https:\/\/www.facebook.com\/alamocostadelsol\" \/>\n<meta property=\"article:modified_time\" content=\"2026-01-12T15:43:27+00:00\" \/>\n<meta name=\"twitter:card\" content=\"summary_large_image\" \/>\n<meta name=\"twitter:label1\" content=\"Ansl. lesetid\" \/>\n\t<meta name=\"twitter:data1\" content=\"1 minutt\" \/>\n<script type=\"application\/ld+json\" class=\"yoast-schema-graph\">{\"@context\":\"https:\/\/schema.org\",\"@graph\":[{\"@type\":\"WebPage\",\"@id\":\"https:\/\/alamocostadelsol.com\/no\/om-alamo\/per-lindqvist\",\"url\":\"https:\/\/alamocostadelsol.com\/no\/om-alamo\/per-lindqvist\",\"name\":\"Per Lindqvist | Administrerende direkt\u00f8r i Alamo Costa del Sol\",\"isPartOf\":{\"@id\":\"https:\/\/alamocostadelsol.com\/no#website\"},\"datePublished\":\"2024-06-10T16:07:39+00:00\",\"dateModified\":\"2026-01-12T15:43:27+00:00\",\"description\":\"Per Lindqvist er administrerende direkt\u00f8r i Alamo Costa del Sol, og leder selskapet med strategisk innsikt og omfattende erfaring fra det lokale eiendomsmarkedet.\",\"breadcrumb\":{\"@id\":\"https:\/\/alamocostadelsol.com\/no\/om-alamo\/per-lindqvist#breadcrumb\"},\"inLanguage\":\"nb-NO\",\"potentialAction\":[{\"@type\":\"ReadAction\",\"target\":[\"https:\/\/alamocostadelsol.com\/no\/om-alamo\/per-lindqvist\"]}]},{\"@type\":\"BreadcrumbList\",\"@id\":\"https:\/\/alamocostadelsol.com\/no\/om-alamo\/per-lindqvist#breadcrumb\",\"itemListElement\":[{\"@type\":\"ListItem\",\"position\":1,\"name\":\"Home\",\"item\":\"https:\/\/alamocostadelsol.com\/no\"},{\"@type\":\"ListItem\",\"position\":2,\"name\":\"Om Alamo\",\"item\":\"https:\/\/alamocostadelsol.com\/no\/om-alamo\"},{\"@type\":\"ListItem\",\"position\":3,\"name\":\"Per Lindqvist\"}]},{\"@type\":\"WebSite\",\"@id\":\"https:\/\/alamocostadelsol.com\/no#website\",\"url\":\"https:\/\/alamocostadelsol.com\/no\",\"name\":\"Alamo - makes your dream come true at costa del sol\",\"description\":\"\",\"publisher\":{\"@id\":\"https:\/\/alamocostadelsol.com\/no#organization\"},\"potentialAction\":[{\"@type\":\"SearchAction\",\"target\":{\"@type\":\"EntryPoint\",\"urlTemplate\":\"https:\/\/alamocostadelsol.com\/no?s={search_term_string}\"},\"query-input\":{\"@type\":\"PropertyValueSpecification\",\"valueRequired\":true,\"valueName\":\"search_term_string\"}}],\"inLanguage\":\"nb-NO\"},{\"@type\":\"Organization\",\"@id\":\"https:\/\/alamocostadelsol.com\/no#organization\",\"name\":\"Alamo - makes your dream come true at costa del sol\",\"url\":\"https:\/\/alamocostadelsol.com\/no\",\"logo\":{\"@type\":\"ImageObject\",\"inLanguage\":\"nb-NO\",\"@id\":\"https:\/\/alamocostadelsol.com\/no#\/schema\/logo\/image\/\",\"url\":\"https:\/\/alamocostadelsol.com\/wp-content\/uploads\/2024\/05\/alamo-costa-del-sol-logotype.png\",\"contentUrl\":\"https:\/\/alamocostadelsol.com\/wp-content\/uploads\/2024\/05\/alamo-costa-del-sol-logotype.png\",\"width\":773,\"height\":170,\"caption\":\"Alamo - makes your dream come true at costa del sol\"},\"image\":{\"@id\":\"https:\/\/alamocostadelsol.com\/no#\/schema\/logo\/image\/\"},\"sameAs\":[\"https:\/\/www.facebook.com\/alamocostadelsol\",\"https:\/\/www.instagram.com\/alamocostadelsol\/\"]}]}<\/script>\n<!-- \/ Yoast SEO plugin. -->","yoast_head_json":{"title":"Per Lindqvist | Administrerende direkt\u00f8r i Alamo Costa del Sol","description":"Per Lindqvist er administrerende direkt\u00f8r i Alamo Costa del Sol, og leder selskapet med strategisk innsikt og omfattende erfaring fra det lokale eiendomsmarkedet.","robots":{"index":"index","follow":"follow","max-snippet":"max-snippet:-1","max-image-preview":"max-image-preview:large","max-video-preview":"max-video-preview:-1"},"canonical":"https:\/\/alamocostadelsol.com\/no\/om-alamo\/per-lindqvist","og_locale":"nb_NO","og_type":"article","og_title":"Per Lindqvist | Administrerende direkt\u00f8r i Alamo Costa del Sol","og_description":"Per Lindqvist er administrerende direkt\u00f8r i Alamo Costa del Sol, og leder selskapet med strategisk innsikt og omfattende erfaring fra det lokale eiendomsmarkedet.","og_url":"https:\/\/alamocostadelsol.com\/no\/om-alamo\/per-lindqvist","og_site_name":"Alamo - makes your dream come true at costa del sol","article_publisher":"https:\/\/www.facebook.com\/alamocostadelsol","article_modified_time":"2026-01-12T15:43:27+00:00","twitter_card":"summary_large_image","twitter_misc":{"Ansl. lesetid":"1 minutt"},"schema":{"@context":"https:\/\/schema.org","@graph":[{"@type":"WebPage","@id":"https:\/\/alamocostadelsol.com\/no\/om-alamo\/per-lindqvist","url":"https:\/\/alamocostadelsol.com\/no\/om-alamo\/per-lindqvist","name":"Per Lindqvist | Administrerende direkt\u00f8r i Alamo Costa del Sol","isPartOf":{"@id":"https:\/\/alamocostadelsol.com\/no#website"},"datePublished":"2024-06-10T16:07:39+00:00","dateModified":"2026-01-12T15:43:27+00:00","description":"Per Lindqvist er administrerende direkt\u00f8r i Alamo Costa del Sol, og leder selskapet med strategisk innsikt og omfattende erfaring fra det lokale eiendomsmarkedet.","breadcrumb":{"@id":"https:\/\/alamocostadelsol.com\/no\/om-alamo\/per-lindqvist#breadcrumb"},"inLanguage":"nb-NO","potentialAction":[{"@type":"ReadAction","target":["https:\/\/alamocostadelsol.com\/no\/om-alamo\/per-lindqvist"]}]},{"@type":"BreadcrumbList","@id":"https:\/\/alamocostadelsol.com\/no\/om-alamo\/per-lindqvist#breadcrumb","itemListElement":[{"@type":"ListItem","position":1,"name":"Home","item":"https:\/\/alamocostadelsol.com\/no"},{"@type":"ListItem","position":2,"name":"Om Alamo","item":"https:\/\/alamocostadelsol.com\/no\/om-alamo"},{"@type":"ListItem","position":3,"name":"Per Lindqvist"}]},{"@type":"WebSite","@id":"https:\/\/alamocostadelsol.com\/no#website","url":"https:\/\/alamocostadelsol.com\/no","name":"Alamo - makes your dream come true at costa del sol","description":"","publisher":{"@id":"https:\/\/alamocostadelsol.com\/no#organization"},"potentialAction":[{"@type":"SearchAction","target":{"@type":"EntryPoint","urlTemplate":"https:\/\/alamocostadelsol.com\/no?s={search_term_string}"},"query-input":{"@type":"PropertyValueSpecification","valueRequired":true,"valueName":"search_term_string"}}],"inLanguage":"nb-NO"},{"@type":"Organization","@id":"https:\/\/alamocostadelsol.com\/no#organization","name":"Alamo - makes your dream come true at costa del sol","url":"https:\/\/alamocostadelsol.com\/no","logo":{"@type":"ImageObject","inLanguage":"nb-NO","@id":"https:\/\/alamocostadelsol.com\/no#\/schema\/logo\/image\/","url":"https:\/\/alamocostadelsol.com\/wp-content\/uploads\/2024\/05\/alamo-costa-del-sol-logotype.png","contentUrl":"https:\/\/alamocostadelsol.com\/wp-content\/uploads\/2024\/05\/alamo-costa-del-sol-logotype.png","width":773,"height":170,"caption":"Alamo - makes your dream come true at costa del sol"},"image":{"@id":"https:\/\/alamocostadelsol.com\/no#\/schema\/logo\/image\/"},"sameAs":["https:\/\/www.facebook.com\/alamocostadelsol","https:\/\/www.instagram.com\/alamocostadelsol\/"]}]}},"_links":{"self":[{"href":"https:\/\/alamocostadelsol.com\/no\/wp-json\/wp\/v2\/pages\/1039","targetHints":{"allow":["GET"]}}],"collection":[{"href":"https:\/\/alamocostadelsol.com\/no\/wp-json\/wp\/v2\/pages"}],"about":[{"href":"https:\/\/alamocostadelsol.com\/no\/wp-json\/wp\/v2\/types\/page"}],"author":[{"embeddable":true,"href":"https:\/\/alamocostadelsol.com\/no\/wp-json\/wp\/v2\/users\/1"}],"replies":[{"embeddable":true,"href":"https:\/\/alamocostadelsol.com\/no\/wp-json\/wp\/v2\/comments?post=1039"}],"version-history":[{"count":8,"href":"https:\/\/alamocostadelsol.com\/no\/wp-json\/wp\/v2\/pages\/1039\/revisions"}],"predecessor-version":[{"id":18812904,"href":"https:\/\/alamocostadelsol.com\/no\/wp-json\/wp\/v2\/pages\/1039\/revisions\/18812904"}],"up":[{"embeddable":true,"href":"https:\/\/alamocostadelsol.com\/no\/wp-json\/wp\/v2\/pages\/592"}],"wp:attachment":[{"href":"https:\/\/alamocostadelsol.com\/no\/wp-json\/wp\/v2\/media?parent=1039"}],"wp:term":[{"taxonomy":"dipi_cpt_category","embeddable":true,"href":"https:\/\/alamocostadelsol.com\/no\/wp-json\/wp\/v2\/dipi_cpt_category?post=1039"}],"curies":[{"name":"wp","href":"https:\/\/api.w.org\/{rel}","templated":true}]}}