{"id":1021,"date":"2024-06-10T18:13:39","date_gmt":"2024-06-10T16:13:39","guid":{"rendered":"https:\/\/alamocostadelsol.com\/om-alamo\/julia-palacios-fernandez"},"modified":"2026-01-12T16:43:29","modified_gmt":"2026-01-12T15:43:29","slug":"julia-palacios-fernandez","status":"publish","type":"page","link":"https:\/\/alamocostadelsol.com\/no\/om-alamo\/julia-palacios-fernandez","title":{"rendered":"Julia Palacios Fernandez"},"content":{"rendered":"<p>[et_pb_section fb_built=&raquo;1&#8243; _builder_version=&raquo;4.25.1&#8243; _module_preset=&raquo;default&raquo; global_colors_info=&raquo;{}&raquo;][et_pb_row column_structure=&raquo;1_3,2_3&#8243; _builder_version=&raquo;4.25.1&#8243; _module_preset=&raquo;default&raquo; width=&raquo;90%&raquo; max_width=&raquo;100%&raquo; global_colors_info=&raquo;{}&raquo;][et_pb_column type=&raquo;1_3&#8243; _builder_version=&raquo;4.25.1&#8243; _module_preset=&raquo;default&raquo; global_colors_info=&raquo;{}&raquo;][et_pb_image src=&raquo;https:\/\/alamocostadelsol.com\/wp-content\/uploads\/2024\/06\/1Rityta-1@0.5x-2.webp&raquo; alt=&raquo;Julia Palacios Fern\u00e1ndez&raquo; title_text=&raquo;Julia Palacios Fern\u00e1ndez&raquo; align=&raquo;right&raquo; _builder_version=&raquo;4.25.2&#8243; _module_preset=&raquo;default&raquo; width=&raquo;80%&raquo; global_colors_info=&raquo;{}&raquo;][\/et_pb_image][\/et_pb_column][et_pb_column type=&raquo;2_3&#8243; _builder_version=&raquo;4.25.1&#8243; _module_preset=&raquo;default&raquo; global_colors_info=&raquo;{}&raquo;][et_pb_text _builder_version=&raquo;4.25.1&#8243; _module_preset=&raquo;default&raquo; text_font=&raquo;Marcellus||||||||&raquo; text_font_size=&raquo;16px&raquo; header_font=&raquo;Marcellus|700|||||||&raquo; header_font_size=&raquo;36px&raquo; header_2_font=&raquo;Marcellus||||||||&raquo; header_2_font_size=&raquo;22px&raquo; global_colors_info=&raquo;{}&raquo;]<\/p>\n<h1><a class=\"block font-medium text-lg\">Julia Palacios Fern\u00e1ndez<\/a><\/h1>\n<h2>Eiendomsmegler<\/h2>\n<p><span><\/span><\/p>\n<p><span>Jeg er f\u00f8dt og oppvokst i Australia, selv om jeg har spanske r\u00f8tter. Min lidenskap for reiser og multikulturalitet har f\u00e5tt meg til \u00e5 utvikle en evne til sosiale relasjoner og gleden ved \u00e5 tilby l\u00f8sninger og tjenester til kundene. Hos Alamo Costa del Sol Real Estate har jeg funnet det perfekte stedet for \u00e5 hjelpe kundene v\u00e5re med \u00e5 selge eiendommene sine, samt \u00e5 kj\u00f8pe deres nye hjem og oppfylle dr\u00f8mmen om \u00e5 kj\u00f8pe et hjem i Spania. Jeg er stolt av \u00e5 v\u00e6re en del av dette internasjonale teamet av eiendomsmeglere hos Alamo.<\/span><\/p>\n<p>[\/et_pb_text][et_pb_code _builder_version=&raquo;4.27.0&#8243; _module_preset=&raquo;default&raquo; hover_enabled=&raquo;0&#8243; sticky_enabled=&raquo;0&#8243;]<div data-src=\"https:\/\/cdn.trustindex.io\/loader.js?3e5bb114386c88686c7683cfecf\"><\/div>[\/et_pb_code][\/et_pb_column][\/et_pb_row][et_pb_row _builder_version=&raquo;4.27.0&#8243; _module_preset=&raquo;default&raquo;][et_pb_column _builder_version=&raquo;4.27.0&#8243; _module_preset=&raquo;default&raquo; type=&raquo;4_4&#8243;][et_pb_post_nav _builder_version=&raquo;4.27.0&#8243; _module_preset=&raquo;default&raquo; global_colors_info=&raquo;{}&raquo; theme_builder_area=&raquo;post_content&raquo;][\/et_pb_post_nav][\/et_pb_column][\/et_pb_row][\/et_pb_section]<\/p>\n","protected":false},"excerpt":{"rendered":"<p>Julia Palacios Fern\u00e1ndez Eiendomsmegler Jeg er f\u00f8dt og oppvokst i Australia, selv om jeg har spanske r\u00f8tter. Min lidenskap for reiser og multikulturalitet har f\u00e5tt meg til \u00e5 utvikle en evne til sosiale relasjoner og gleden ved \u00e5 tilby l\u00f8sninger og tjenester til kundene. Hos Alamo Costa del Sol Real Estate har jeg funnet det [&hellip;]<\/p>\n","protected":false},"author":1,"featured_media":0,"parent":592,"menu_order":0,"comment_status":"closed","ping_status":"closed","template":"","meta":{"_et_pb_use_builder":"on","_et_pb_old_content":"","_et_gb_content_width":"","footnotes":""},"dipi_cpt_category":[],"class_list":["post-1021","page","type-page","status-publish","hentry"],"yoast_head":"<!-- This site is optimized with the Yoast SEO plugin v25.8 - https:\/\/yoast.com\/wordpress\/plugins\/seo\/ -->\n<title>Julia Palacios Fern\u00e1ndez | Eiendomsmegler p\u00e5 Costa del Sol<\/title>\n<meta name=\"description\" content=\"Julia Palacios Fern\u00e1ndez er eiendomsmegler hos Alamo Costa del Sol, hvor hun bist\u00e5r klienter med lokal ekspertise og tydelig kommunikasjon.\" \/>\n<meta name=\"robots\" content=\"index, follow, max-snippet:-1, max-image-preview:large, max-video-preview:-1\" \/>\n<link rel=\"canonical\" href=\"https:\/\/alamocostadelsol.com\/no\/om-alamo\/julia-palacios-fernandez\" \/>\n<meta property=\"og:locale\" content=\"nb_NO\" \/>\n<meta property=\"og:type\" content=\"article\" \/>\n<meta property=\"og:title\" content=\"Julia Palacios Fern\u00e1ndez | Eiendomsmegler p\u00e5 Costa del Sol\" \/>\n<meta property=\"og:description\" content=\"Julia Palacios Fern\u00e1ndez er eiendomsmegler hos Alamo Costa del Sol, hvor hun bist\u00e5r klienter med lokal ekspertise og tydelig kommunikasjon.\" \/>\n<meta property=\"og:url\" content=\"https:\/\/alamocostadelsol.com\/no\/om-alamo\/julia-palacios-fernandez\" \/>\n<meta property=\"og:site_name\" content=\"Alamo - makes your dream come true at costa del sol\" \/>\n<meta property=\"article:publisher\" content=\"https:\/\/www.facebook.com\/alamocostadelsol\" \/>\n<meta property=\"article:modified_time\" content=\"2026-01-12T15:43:29+00:00\" \/>\n<meta name=\"twitter:card\" content=\"summary_large_image\" \/>\n<meta name=\"twitter:label1\" content=\"Ansl. lesetid\" \/>\n\t<meta name=\"twitter:data1\" content=\"2 minutter\" \/>\n<script type=\"application\/ld+json\" class=\"yoast-schema-graph\">{\"@context\":\"https:\/\/schema.org\",\"@graph\":[{\"@type\":\"WebPage\",\"@id\":\"https:\/\/alamocostadelsol.com\/no\/om-alamo\/julia-palacios-fernandez\",\"url\":\"https:\/\/alamocostadelsol.com\/no\/om-alamo\/julia-palacios-fernandez\",\"name\":\"Julia Palacios Fern\u00e1ndez | Eiendomsmegler p\u00e5 Costa del Sol\",\"isPartOf\":{\"@id\":\"https:\/\/alamocostadelsol.com\/no#website\"},\"datePublished\":\"2024-06-10T16:13:39+00:00\",\"dateModified\":\"2026-01-12T15:43:29+00:00\",\"description\":\"Julia Palacios Fern\u00e1ndez er eiendomsmegler hos Alamo Costa del Sol, hvor hun bist\u00e5r klienter med lokal ekspertise og tydelig kommunikasjon.\",\"breadcrumb\":{\"@id\":\"https:\/\/alamocostadelsol.com\/no\/om-alamo\/julia-palacios-fernandez#breadcrumb\"},\"inLanguage\":\"nb-NO\",\"potentialAction\":[{\"@type\":\"ReadAction\",\"target\":[\"https:\/\/alamocostadelsol.com\/no\/om-alamo\/julia-palacios-fernandez\"]}]},{\"@type\":\"BreadcrumbList\",\"@id\":\"https:\/\/alamocostadelsol.com\/no\/om-alamo\/julia-palacios-fernandez#breadcrumb\",\"itemListElement\":[{\"@type\":\"ListItem\",\"position\":1,\"name\":\"Home\",\"item\":\"https:\/\/alamocostadelsol.com\/no\"},{\"@type\":\"ListItem\",\"position\":2,\"name\":\"Om Alamo\",\"item\":\"https:\/\/alamocostadelsol.com\/no\/om-alamo\"},{\"@type\":\"ListItem\",\"position\":3,\"name\":\"Julia Palacios Fernandez\"}]},{\"@type\":\"WebSite\",\"@id\":\"https:\/\/alamocostadelsol.com\/no#website\",\"url\":\"https:\/\/alamocostadelsol.com\/no\",\"name\":\"Alamo - makes your dream come true at costa del sol\",\"description\":\"\",\"publisher\":{\"@id\":\"https:\/\/alamocostadelsol.com\/no#organization\"},\"potentialAction\":[{\"@type\":\"SearchAction\",\"target\":{\"@type\":\"EntryPoint\",\"urlTemplate\":\"https:\/\/alamocostadelsol.com\/no?s={search_term_string}\"},\"query-input\":{\"@type\":\"PropertyValueSpecification\",\"valueRequired\":true,\"valueName\":\"search_term_string\"}}],\"inLanguage\":\"nb-NO\"},{\"@type\":\"Organization\",\"@id\":\"https:\/\/alamocostadelsol.com\/no#organization\",\"name\":\"Alamo - makes your dream come true at costa del sol\",\"url\":\"https:\/\/alamocostadelsol.com\/no\",\"logo\":{\"@type\":\"ImageObject\",\"inLanguage\":\"nb-NO\",\"@id\":\"https:\/\/alamocostadelsol.com\/no#\/schema\/logo\/image\/\",\"url\":\"https:\/\/alamocostadelsol.com\/wp-content\/uploads\/2024\/05\/alamo-costa-del-sol-logotype.png\",\"contentUrl\":\"https:\/\/alamocostadelsol.com\/wp-content\/uploads\/2024\/05\/alamo-costa-del-sol-logotype.png\",\"width\":773,\"height\":170,\"caption\":\"Alamo - makes your dream come true at costa del sol\"},\"image\":{\"@id\":\"https:\/\/alamocostadelsol.com\/no#\/schema\/logo\/image\/\"},\"sameAs\":[\"https:\/\/www.facebook.com\/alamocostadelsol\",\"https:\/\/www.instagram.com\/alamocostadelsol\/\"]}]}<\/script>\n<!-- \/ Yoast SEO plugin. -->","yoast_head_json":{"title":"Julia Palacios Fern\u00e1ndez | Eiendomsmegler p\u00e5 Costa del Sol","description":"Julia Palacios Fern\u00e1ndez er eiendomsmegler hos Alamo Costa del Sol, hvor hun bist\u00e5r klienter med lokal ekspertise og tydelig kommunikasjon.","robots":{"index":"index","follow":"follow","max-snippet":"max-snippet:-1","max-image-preview":"max-image-preview:large","max-video-preview":"max-video-preview:-1"},"canonical":"https:\/\/alamocostadelsol.com\/no\/om-alamo\/julia-palacios-fernandez","og_locale":"nb_NO","og_type":"article","og_title":"Julia Palacios Fern\u00e1ndez | Eiendomsmegler p\u00e5 Costa del Sol","og_description":"Julia Palacios Fern\u00e1ndez er eiendomsmegler hos Alamo Costa del Sol, hvor hun bist\u00e5r klienter med lokal ekspertise og tydelig kommunikasjon.","og_url":"https:\/\/alamocostadelsol.com\/no\/om-alamo\/julia-palacios-fernandez","og_site_name":"Alamo - makes your dream come true at costa del sol","article_publisher":"https:\/\/www.facebook.com\/alamocostadelsol","article_modified_time":"2026-01-12T15:43:29+00:00","twitter_card":"summary_large_image","twitter_misc":{"Ansl. lesetid":"2 minutter"},"schema":{"@context":"https:\/\/schema.org","@graph":[{"@type":"WebPage","@id":"https:\/\/alamocostadelsol.com\/no\/om-alamo\/julia-palacios-fernandez","url":"https:\/\/alamocostadelsol.com\/no\/om-alamo\/julia-palacios-fernandez","name":"Julia Palacios Fern\u00e1ndez | Eiendomsmegler p\u00e5 Costa del Sol","isPartOf":{"@id":"https:\/\/alamocostadelsol.com\/no#website"},"datePublished":"2024-06-10T16:13:39+00:00","dateModified":"2026-01-12T15:43:29+00:00","description":"Julia Palacios Fern\u00e1ndez er eiendomsmegler hos Alamo Costa del Sol, hvor hun bist\u00e5r klienter med lokal ekspertise og tydelig kommunikasjon.","breadcrumb":{"@id":"https:\/\/alamocostadelsol.com\/no\/om-alamo\/julia-palacios-fernandez#breadcrumb"},"inLanguage":"nb-NO","potentialAction":[{"@type":"ReadAction","target":["https:\/\/alamocostadelsol.com\/no\/om-alamo\/julia-palacios-fernandez"]}]},{"@type":"BreadcrumbList","@id":"https:\/\/alamocostadelsol.com\/no\/om-alamo\/julia-palacios-fernandez#breadcrumb","itemListElement":[{"@type":"ListItem","position":1,"name":"Home","item":"https:\/\/alamocostadelsol.com\/no"},{"@type":"ListItem","position":2,"name":"Om Alamo","item":"https:\/\/alamocostadelsol.com\/no\/om-alamo"},{"@type":"ListItem","position":3,"name":"Julia Palacios Fernandez"}]},{"@type":"WebSite","@id":"https:\/\/alamocostadelsol.com\/no#website","url":"https:\/\/alamocostadelsol.com\/no","name":"Alamo - makes your dream come true at costa del sol","description":"","publisher":{"@id":"https:\/\/alamocostadelsol.com\/no#organization"},"potentialAction":[{"@type":"SearchAction","target":{"@type":"EntryPoint","urlTemplate":"https:\/\/alamocostadelsol.com\/no?s={search_term_string}"},"query-input":{"@type":"PropertyValueSpecification","valueRequired":true,"valueName":"search_term_string"}}],"inLanguage":"nb-NO"},{"@type":"Organization","@id":"https:\/\/alamocostadelsol.com\/no#organization","name":"Alamo - makes your dream come true at costa del sol","url":"https:\/\/alamocostadelsol.com\/no","logo":{"@type":"ImageObject","inLanguage":"nb-NO","@id":"https:\/\/alamocostadelsol.com\/no#\/schema\/logo\/image\/","url":"https:\/\/alamocostadelsol.com\/wp-content\/uploads\/2024\/05\/alamo-costa-del-sol-logotype.png","contentUrl":"https:\/\/alamocostadelsol.com\/wp-content\/uploads\/2024\/05\/alamo-costa-del-sol-logotype.png","width":773,"height":170,"caption":"Alamo - makes your dream come true at costa del sol"},"image":{"@id":"https:\/\/alamocostadelsol.com\/no#\/schema\/logo\/image\/"},"sameAs":["https:\/\/www.facebook.com\/alamocostadelsol","https:\/\/www.instagram.com\/alamocostadelsol\/"]}]}},"_links":{"self":[{"href":"https:\/\/alamocostadelsol.com\/no\/wp-json\/wp\/v2\/pages\/1021","targetHints":{"allow":["GET"]}}],"collection":[{"href":"https:\/\/alamocostadelsol.com\/no\/wp-json\/wp\/v2\/pages"}],"about":[{"href":"https:\/\/alamocostadelsol.com\/no\/wp-json\/wp\/v2\/types\/page"}],"author":[{"embeddable":true,"href":"https:\/\/alamocostadelsol.com\/no\/wp-json\/wp\/v2\/users\/1"}],"replies":[{"embeddable":true,"href":"https:\/\/alamocostadelsol.com\/no\/wp-json\/wp\/v2\/comments?post=1021"}],"version-history":[{"count":8,"href":"https:\/\/alamocostadelsol.com\/no\/wp-json\/wp\/v2\/pages\/1021\/revisions"}],"predecessor-version":[{"id":18811344,"href":"https:\/\/alamocostadelsol.com\/no\/wp-json\/wp\/v2\/pages\/1021\/revisions\/18811344"}],"up":[{"embeddable":true,"href":"https:\/\/alamocostadelsol.com\/no\/wp-json\/wp\/v2\/pages\/592"}],"wp:attachment":[{"href":"https:\/\/alamocostadelsol.com\/no\/wp-json\/wp\/v2\/media?parent=1021"}],"wp:term":[{"taxonomy":"dipi_cpt_category","embeddable":true,"href":"https:\/\/alamocostadelsol.com\/no\/wp-json\/wp\/v2\/dipi_cpt_category?post=1021"}],"curies":[{"name":"wp","href":"https:\/\/api.w.org\/{rel}","templated":true}]}}