{"id":1012,"date":"2024-06-10T18:12:04","date_gmt":"2024-06-10T16:12:04","guid":{"rendered":"https:\/\/alamocostadelsol.com\/om-alamo\/catarina-henriksson"},"modified":"2026-01-12T13:09:15","modified_gmt":"2026-01-12T12:09:15","slug":"catarina-henriksson","status":"publish","type":"page","link":"https:\/\/alamocostadelsol.com\/no\/om-alamo\/catarina-henriksson","title":{"rendered":"Catarina Henriksson"},"content":{"rendered":"<p>[et_pb_section fb_built=&raquo;1&#8243; _builder_version=&raquo;4.25.1&#8243; _module_preset=&raquo;default&raquo; global_colors_info=&raquo;{}&raquo;][et_pb_row column_structure=&raquo;1_3,2_3&#8243; _builder_version=&raquo;4.25.1&#8243; _module_preset=&raquo;default&raquo; width=&raquo;90%&raquo; max_width=&raquo;100%&raquo; global_colors_info=&raquo;{}&raquo;][et_pb_column type=&raquo;1_3&#8243; _builder_version=&raquo;4.25.1&#8243; _module_preset=&raquo;default&raquo; global_colors_info=&raquo;{}&raquo;][et_pb_image src=&raquo;https:\/\/alamocostadelsol.com\/wp-content\/uploads\/2024\/06\/1Rityta-1@0.5x-7.webp&raquo; alt=&raquo;Catarina Henriksson&raquo; title_text=&raquo;Catarina Henriksson &#8211; Eiendomsmegler&raquo; align=&raquo;right&raquo; _builder_version=&raquo;4.27.4&#8243; _module_preset=&raquo;default&raquo; width=&raquo;80%&raquo; hover_enabled=&raquo;0&#8243; global_colors_info=&raquo;{}&raquo; sticky_enabled=&raquo;0&#8243;][\/et_pb_image][\/et_pb_column][et_pb_column type=&raquo;2_3&#8243; _builder_version=&raquo;4.25.1&#8243; _module_preset=&raquo;default&raquo; global_colors_info=&raquo;{}&raquo;][et_pb_text _builder_version=&raquo;4.25.1&#8243; _module_preset=&raquo;default&raquo; text_font=&raquo;Marcellus||||||||&raquo; text_font_size=&raquo;16px&raquo; header_font=&raquo;Marcellus|700|||||||&raquo; header_font_size=&raquo;36px&raquo; header_2_font=&raquo;Marcellus||||||||&raquo; header_2_font_size=&raquo;22px&raquo; global_colors_info=&raquo;{}&raquo;]<\/p>\n<h1><a class=\"block font-medium text-lg\">Catarina Henriksson<\/a><\/h1>\n<h2>Eiendomsmegler<\/h2>\n<p><span><\/span><\/p>\n<p><span>Jeg kommer opprinnelig fra Norrk\u00f6ping, men jeg f\u00f8ler meg mer som en verdensborger. Da jeg var 7 \u00e5r gammel, flyttet familien min til Bagdad, Irak, og et \u00e5r senere var det Riyadh, Saudi-Arabia, og slik fortsatte det. Da jeg var 18 \u00e5r gammel, dro jeg p\u00e5 ferie til Costa del Sol, men jeg dro aldri tilbake til Sverige.<\/span><\/p>\n<p><span>Jeg ble helt forelsket i varmen, maten og disse fantastiske spanjolene. N\u00e5 har jeg bodd her i 31 \u00e5r og snakker flytende spansk, engelsk og svensk. Mine sterke sider er at jeg er ivrig, en probleml\u00f8ser og entusiastisk. Jeg har god kjennskap til kysten, spesielt Fuengirola. Jeg vet hvilke omr\u00e5der og lokalsamfunn som er de beste, og hvilke jeg ikke vil anbefale. Mine absolutte favorittomr\u00e5der er Torreblanca, Carvajal og Higueron, som er de mest eksklusive vi har her i Fuengirola. Ta gjerne kontakt med meg, s\u00e5 kan jeg fortelle deg hva som er s\u00e5 spesielt med \u00e5 bo her, og hvorfor det er den beste investeringen du kan gj\u00f8re.      <\/span><\/p>\n<p>[\/et_pb_text][et_pb_code _builder_version=&raquo;4.27.0&#8243; _module_preset=&raquo;default&raquo; global_colors_info=&raquo;{}&raquo;]<div data-src=\"https:\/\/cdn.trustindex.io\/loader.js?d23fe1c4300d7890bc063a63606\"><\/div>[\/et_pb_code][\/et_pb_column][\/et_pb_row][et_pb_row _builder_version=&raquo;4.27.0&#8243; _module_preset=&raquo;default&raquo; global_colors_info=&raquo;{}&raquo;][et_pb_column type=&raquo;4_4&#8243; _builder_version=&raquo;4.27.0&#8243; _module_preset=&raquo;default&raquo; global_colors_info=&raquo;{}&raquo;][et_pb_post_nav _builder_version=&raquo;4.27.0&#8243; _module_preset=&raquo;default&raquo; global_colors_info=&raquo;{}&raquo;][\/et_pb_post_nav][\/et_pb_column][\/et_pb_row][\/et_pb_section]<\/p>\n","protected":false},"excerpt":{"rendered":"<p>Catarina Henriksson Eiendomsmegler Jeg kommer opprinnelig fra Norrk\u00f6ping, men jeg f\u00f8ler meg mer som en verdensborger. Da jeg var 7 \u00e5r gammel, flyttet familien min til Bagdad, Irak, og et \u00e5r senere var det Riyadh, Saudi-Arabia, og slik fortsatte det. Da jeg var 18 \u00e5r gammel, dro jeg p\u00e5 ferie til Costa del Sol, men [&hellip;]<\/p>\n","protected":false},"author":1,"featured_media":0,"parent":592,"menu_order":0,"comment_status":"closed","ping_status":"closed","template":"","meta":{"_et_pb_use_builder":"on","_et_pb_old_content":"","_et_gb_content_width":"","footnotes":""},"dipi_cpt_category":[],"class_list":["post-1012","page","type-page","status-publish","hentry"],"yoast_head":"<!-- This site is optimized with the Yoast SEO plugin v25.8 - https:\/\/yoast.com\/wordpress\/plugins\/seo\/ -->\n<title>Catarina Henriksson | Eiendomsmegler p\u00e5 Costa del Sol<\/title>\n<meta name=\"description\" content=\"Catarina Henriksson er eiendomsmegler hos Alamo Costa del Sol, hvor hun hjelper kj\u00f8pere og selgere med lokal ekspertise og personlig service.\" \/>\n<meta name=\"robots\" content=\"index, follow, max-snippet:-1, max-image-preview:large, max-video-preview:-1\" \/>\n<link rel=\"canonical\" href=\"https:\/\/alamocostadelsol.com\/no\/om-alamo\/catarina-henriksson\" \/>\n<meta property=\"og:locale\" content=\"nb_NO\" \/>\n<meta property=\"og:type\" content=\"article\" \/>\n<meta property=\"og:title\" content=\"Catarina Henriksson | Eiendomsmegler p\u00e5 Costa del Sol\" \/>\n<meta property=\"og:description\" content=\"Catarina Henriksson er eiendomsmegler hos Alamo Costa del Sol, hvor hun hjelper kj\u00f8pere og selgere med lokal ekspertise og personlig service.\" \/>\n<meta property=\"og:url\" content=\"https:\/\/alamocostadelsol.com\/no\/om-alamo\/catarina-henriksson\" \/>\n<meta property=\"og:site_name\" content=\"Alamo - makes your dream come true at costa del sol\" \/>\n<meta property=\"article:publisher\" content=\"https:\/\/www.facebook.com\/alamocostadelsol\" \/>\n<meta property=\"article:modified_time\" content=\"2026-01-12T12:09:15+00:00\" \/>\n<meta name=\"twitter:card\" content=\"summary_large_image\" \/>\n<meta name=\"twitter:label1\" content=\"Ansl. lesetid\" \/>\n\t<meta name=\"twitter:data1\" content=\"2 minutter\" \/>\n<script type=\"application\/ld+json\" class=\"yoast-schema-graph\">{\"@context\":\"https:\/\/schema.org\",\"@graph\":[{\"@type\":\"WebPage\",\"@id\":\"https:\/\/alamocostadelsol.com\/no\/om-alamo\/catarina-henriksson\",\"url\":\"https:\/\/alamocostadelsol.com\/no\/om-alamo\/catarina-henriksson\",\"name\":\"Catarina Henriksson | Eiendomsmegler p\u00e5 Costa del Sol\",\"isPartOf\":{\"@id\":\"https:\/\/alamocostadelsol.com\/no#website\"},\"datePublished\":\"2024-06-10T16:12:04+00:00\",\"dateModified\":\"2026-01-12T12:09:15+00:00\",\"description\":\"Catarina Henriksson er eiendomsmegler hos Alamo Costa del Sol, hvor hun hjelper kj\u00f8pere og selgere med lokal ekspertise og personlig service.\",\"breadcrumb\":{\"@id\":\"https:\/\/alamocostadelsol.com\/no\/om-alamo\/catarina-henriksson#breadcrumb\"},\"inLanguage\":\"nb-NO\",\"potentialAction\":[{\"@type\":\"ReadAction\",\"target\":[\"https:\/\/alamocostadelsol.com\/no\/om-alamo\/catarina-henriksson\"]}]},{\"@type\":\"BreadcrumbList\",\"@id\":\"https:\/\/alamocostadelsol.com\/no\/om-alamo\/catarina-henriksson#breadcrumb\",\"itemListElement\":[{\"@type\":\"ListItem\",\"position\":1,\"name\":\"Home\",\"item\":\"https:\/\/alamocostadelsol.com\/no\"},{\"@type\":\"ListItem\",\"position\":2,\"name\":\"Om Alamo\",\"item\":\"https:\/\/alamocostadelsol.com\/no\/om-alamo\"},{\"@type\":\"ListItem\",\"position\":3,\"name\":\"Catarina Henriksson\"}]},{\"@type\":\"WebSite\",\"@id\":\"https:\/\/alamocostadelsol.com\/no#website\",\"url\":\"https:\/\/alamocostadelsol.com\/no\",\"name\":\"Alamo - makes your dream come true at costa del sol\",\"description\":\"\",\"publisher\":{\"@id\":\"https:\/\/alamocostadelsol.com\/no#organization\"},\"potentialAction\":[{\"@type\":\"SearchAction\",\"target\":{\"@type\":\"EntryPoint\",\"urlTemplate\":\"https:\/\/alamocostadelsol.com\/no?s={search_term_string}\"},\"query-input\":{\"@type\":\"PropertyValueSpecification\",\"valueRequired\":true,\"valueName\":\"search_term_string\"}}],\"inLanguage\":\"nb-NO\"},{\"@type\":\"Organization\",\"@id\":\"https:\/\/alamocostadelsol.com\/no#organization\",\"name\":\"Alamo - makes your dream come true at costa del sol\",\"url\":\"https:\/\/alamocostadelsol.com\/no\",\"logo\":{\"@type\":\"ImageObject\",\"inLanguage\":\"nb-NO\",\"@id\":\"https:\/\/alamocostadelsol.com\/no#\/schema\/logo\/image\/\",\"url\":\"https:\/\/alamocostadelsol.com\/wp-content\/uploads\/2024\/05\/alamo-costa-del-sol-logotype.png\",\"contentUrl\":\"https:\/\/alamocostadelsol.com\/wp-content\/uploads\/2024\/05\/alamo-costa-del-sol-logotype.png\",\"width\":773,\"height\":170,\"caption\":\"Alamo - makes your dream come true at costa del sol\"},\"image\":{\"@id\":\"https:\/\/alamocostadelsol.com\/no#\/schema\/logo\/image\/\"},\"sameAs\":[\"https:\/\/www.facebook.com\/alamocostadelsol\",\"https:\/\/www.instagram.com\/alamocostadelsol\/\"]}]}<\/script>\n<!-- \/ Yoast SEO plugin. -->","yoast_head_json":{"title":"Catarina Henriksson | Eiendomsmegler p\u00e5 Costa del Sol","description":"Catarina Henriksson er eiendomsmegler hos Alamo Costa del Sol, hvor hun hjelper kj\u00f8pere og selgere med lokal ekspertise og personlig service.","robots":{"index":"index","follow":"follow","max-snippet":"max-snippet:-1","max-image-preview":"max-image-preview:large","max-video-preview":"max-video-preview:-1"},"canonical":"https:\/\/alamocostadelsol.com\/no\/om-alamo\/catarina-henriksson","og_locale":"nb_NO","og_type":"article","og_title":"Catarina Henriksson | Eiendomsmegler p\u00e5 Costa del Sol","og_description":"Catarina Henriksson er eiendomsmegler hos Alamo Costa del Sol, hvor hun hjelper kj\u00f8pere og selgere med lokal ekspertise og personlig service.","og_url":"https:\/\/alamocostadelsol.com\/no\/om-alamo\/catarina-henriksson","og_site_name":"Alamo - makes your dream come true at costa del sol","article_publisher":"https:\/\/www.facebook.com\/alamocostadelsol","article_modified_time":"2026-01-12T12:09:15+00:00","twitter_card":"summary_large_image","twitter_misc":{"Ansl. lesetid":"2 minutter"},"schema":{"@context":"https:\/\/schema.org","@graph":[{"@type":"WebPage","@id":"https:\/\/alamocostadelsol.com\/no\/om-alamo\/catarina-henriksson","url":"https:\/\/alamocostadelsol.com\/no\/om-alamo\/catarina-henriksson","name":"Catarina Henriksson | Eiendomsmegler p\u00e5 Costa del Sol","isPartOf":{"@id":"https:\/\/alamocostadelsol.com\/no#website"},"datePublished":"2024-06-10T16:12:04+00:00","dateModified":"2026-01-12T12:09:15+00:00","description":"Catarina Henriksson er eiendomsmegler hos Alamo Costa del Sol, hvor hun hjelper kj\u00f8pere og selgere med lokal ekspertise og personlig service.","breadcrumb":{"@id":"https:\/\/alamocostadelsol.com\/no\/om-alamo\/catarina-henriksson#breadcrumb"},"inLanguage":"nb-NO","potentialAction":[{"@type":"ReadAction","target":["https:\/\/alamocostadelsol.com\/no\/om-alamo\/catarina-henriksson"]}]},{"@type":"BreadcrumbList","@id":"https:\/\/alamocostadelsol.com\/no\/om-alamo\/catarina-henriksson#breadcrumb","itemListElement":[{"@type":"ListItem","position":1,"name":"Home","item":"https:\/\/alamocostadelsol.com\/no"},{"@type":"ListItem","position":2,"name":"Om Alamo","item":"https:\/\/alamocostadelsol.com\/no\/om-alamo"},{"@type":"ListItem","position":3,"name":"Catarina Henriksson"}]},{"@type":"WebSite","@id":"https:\/\/alamocostadelsol.com\/no#website","url":"https:\/\/alamocostadelsol.com\/no","name":"Alamo - makes your dream come true at costa del sol","description":"","publisher":{"@id":"https:\/\/alamocostadelsol.com\/no#organization"},"potentialAction":[{"@type":"SearchAction","target":{"@type":"EntryPoint","urlTemplate":"https:\/\/alamocostadelsol.com\/no?s={search_term_string}"},"query-input":{"@type":"PropertyValueSpecification","valueRequired":true,"valueName":"search_term_string"}}],"inLanguage":"nb-NO"},{"@type":"Organization","@id":"https:\/\/alamocostadelsol.com\/no#organization","name":"Alamo - makes your dream come true at costa del sol","url":"https:\/\/alamocostadelsol.com\/no","logo":{"@type":"ImageObject","inLanguage":"nb-NO","@id":"https:\/\/alamocostadelsol.com\/no#\/schema\/logo\/image\/","url":"https:\/\/alamocostadelsol.com\/wp-content\/uploads\/2024\/05\/alamo-costa-del-sol-logotype.png","contentUrl":"https:\/\/alamocostadelsol.com\/wp-content\/uploads\/2024\/05\/alamo-costa-del-sol-logotype.png","width":773,"height":170,"caption":"Alamo - makes your dream come true at costa del sol"},"image":{"@id":"https:\/\/alamocostadelsol.com\/no#\/schema\/logo\/image\/"},"sameAs":["https:\/\/www.facebook.com\/alamocostadelsol","https:\/\/www.instagram.com\/alamocostadelsol\/"]}]}},"_links":{"self":[{"href":"https:\/\/alamocostadelsol.com\/no\/wp-json\/wp\/v2\/pages\/1012","targetHints":{"allow":["GET"]}}],"collection":[{"href":"https:\/\/alamocostadelsol.com\/no\/wp-json\/wp\/v2\/pages"}],"about":[{"href":"https:\/\/alamocostadelsol.com\/no\/wp-json\/wp\/v2\/types\/page"}],"author":[{"embeddable":true,"href":"https:\/\/alamocostadelsol.com\/no\/wp-json\/wp\/v2\/users\/1"}],"replies":[{"embeddable":true,"href":"https:\/\/alamocostadelsol.com\/no\/wp-json\/wp\/v2\/comments?post=1012"}],"version-history":[{"count":7,"href":"https:\/\/alamocostadelsol.com\/no\/wp-json\/wp\/v2\/pages\/1012\/revisions"}],"predecessor-version":[{"id":18814270,"href":"https:\/\/alamocostadelsol.com\/no\/wp-json\/wp\/v2\/pages\/1012\/revisions\/18814270"}],"up":[{"embeddable":true,"href":"https:\/\/alamocostadelsol.com\/no\/wp-json\/wp\/v2\/pages\/592"}],"wp:attachment":[{"href":"https:\/\/alamocostadelsol.com\/no\/wp-json\/wp\/v2\/media?parent=1012"}],"wp:term":[{"taxonomy":"dipi_cpt_category","embeddable":true,"href":"https:\/\/alamocostadelsol.com\/no\/wp-json\/wp\/v2\/dipi_cpt_category?post=1012"}],"curies":[{"name":"wp","href":"https:\/\/api.w.org\/{rel}","templated":true}]}}