{"id":18816202,"date":"2024-05-02T22:25:21","date_gmt":"2024-05-02T20:25:21","guid":{"rendered":"https:\/\/alamocostadelsol.com\/guide-regional"},"modified":"2024-05-02T22:25:21","modified_gmt":"2024-05-02T20:25:21","slug":"guide-regional","status":"publish","type":"page","link":"https:\/\/alamocostadelsol.com\/fr\/guide-regional","title":{"rendered":"Guide r\u00e9gional"},"content":{"rendered":"","protected":false},"excerpt":{"rendered":"","protected":false},"author":1,"featured_media":0,"parent":0,"menu_order":0,"comment_status":"closed","ping_status":"closed","template":"","meta":{"_et_pb_use_builder":"on","_et_pb_old_content":"","_et_gb_content_width":"","footnotes":""},"dipi_cpt_category":[],"class_list":["post-18816202","page","type-page","status-publish","hentry"],"yoast_head":"<!-- This site is optimized with the Yoast SEO plugin v25.8 - https:\/\/yoast.com\/wordpress\/plugins\/seo\/ -->\n<title>Guides de la r\u00e9gion de Costa del Sol | Lieux et mode de vie<\/title>\n<meta name=\"description\" content=\"D\u00e9couvrez nos guides de la r\u00e9gion de la Costa del Sol couvrant le mode de vie, les plages, les \u00e9quipements et les informations sur les propri\u00e9t\u00e9s pour vous aider \u00e0 choisir le bon emplacement en Espagne.\" \/>\n<meta name=\"robots\" content=\"index, follow, max-snippet:-1, max-image-preview:large, max-video-preview:-1\" \/>\n<link rel=\"canonical\" href=\"https:\/\/alamocostadelsol.com\/fr\/guide-regional\" \/>\n<meta property=\"og:locale\" content=\"fr_FR\" \/>\n<meta property=\"og:type\" content=\"article\" \/>\n<meta property=\"og:title\" content=\"Guides de la r\u00e9gion de Costa del Sol | Lieux et mode de vie\" \/>\n<meta property=\"og:description\" content=\"D\u00e9couvrez nos guides de la r\u00e9gion de la Costa del Sol couvrant le mode de vie, les plages, les \u00e9quipements et les informations sur les propri\u00e9t\u00e9s pour vous aider \u00e0 choisir le bon emplacement en Espagne.\" \/>\n<meta property=\"og:url\" content=\"https:\/\/alamocostadelsol.com\/fr\/guide-regional\" \/>\n<meta property=\"og:site_name\" content=\"Alamo - makes your dream come true at costa del sol\" \/>\n<meta property=\"article:publisher\" content=\"https:\/\/www.facebook.com\/alamocostadelsol\" \/>\n<meta name=\"twitter:card\" content=\"summary_large_image\" \/>\n<script type=\"application\/ld+json\" class=\"yoast-schema-graph\">{\"@context\":\"https:\/\/schema.org\",\"@graph\":[{\"@type\":\"WebPage\",\"@id\":\"https:\/\/alamocostadelsol.com\/fr\/guide-regional\",\"url\":\"https:\/\/alamocostadelsol.com\/fr\/guide-regional\",\"name\":\"Guides de la r\u00e9gion de Costa del Sol | Lieux et mode de vie\",\"isPartOf\":{\"@id\":\"https:\/\/alamocostadelsol.com\/fr#website\"},\"datePublished\":\"2024-05-02T20:25:21+00:00\",\"description\":\"D\u00e9couvrez nos guides de la r\u00e9gion de la Costa del Sol couvrant le mode de vie, les plages, les \u00e9quipements et les informations sur les propri\u00e9t\u00e9s pour vous aider \u00e0 choisir le bon emplacement en Espagne.\",\"breadcrumb\":{\"@id\":\"https:\/\/alamocostadelsol.com\/fr\/guide-regional#breadcrumb\"},\"inLanguage\":\"fr-FR\",\"potentialAction\":[{\"@type\":\"ReadAction\",\"target\":[\"https:\/\/alamocostadelsol.com\/fr\/guide-regional\"]}]},{\"@type\":\"BreadcrumbList\",\"@id\":\"https:\/\/alamocostadelsol.com\/fr\/guide-regional#breadcrumb\",\"itemListElement\":[{\"@type\":\"ListItem\",\"position\":1,\"name\":\"Home\",\"item\":\"https:\/\/alamocostadelsol.com\/fr\"},{\"@type\":\"ListItem\",\"position\":2,\"name\":\"Guide r\u00e9gional\"}]},{\"@type\":\"WebSite\",\"@id\":\"https:\/\/alamocostadelsol.com\/fr#website\",\"url\":\"https:\/\/alamocostadelsol.com\/fr\",\"name\":\"Alamo - makes your dream come true at costa del sol\",\"description\":\"\",\"publisher\":{\"@id\":\"https:\/\/alamocostadelsol.com\/fr#organization\"},\"potentialAction\":[{\"@type\":\"SearchAction\",\"target\":{\"@type\":\"EntryPoint\",\"urlTemplate\":\"https:\/\/alamocostadelsol.com\/fr?s={search_term_string}\"},\"query-input\":{\"@type\":\"PropertyValueSpecification\",\"valueRequired\":true,\"valueName\":\"search_term_string\"}}],\"inLanguage\":\"fr-FR\"},{\"@type\":\"Organization\",\"@id\":\"https:\/\/alamocostadelsol.com\/fr#organization\",\"name\":\"Alamo - makes your dream come true at costa del sol\",\"url\":\"https:\/\/alamocostadelsol.com\/fr\",\"logo\":{\"@type\":\"ImageObject\",\"inLanguage\":\"fr-FR\",\"@id\":\"https:\/\/alamocostadelsol.com\/fr#\/schema\/logo\/image\/\",\"url\":\"https:\/\/alamocostadelsol.com\/wp-content\/uploads\/2024\/05\/alamo-costa-del-sol-logotype.png\",\"contentUrl\":\"https:\/\/alamocostadelsol.com\/wp-content\/uploads\/2024\/05\/alamo-costa-del-sol-logotype.png\",\"width\":773,\"height\":170,\"caption\":\"Alamo - makes your dream come true at costa del sol\"},\"image\":{\"@id\":\"https:\/\/alamocostadelsol.com\/fr#\/schema\/logo\/image\/\"},\"sameAs\":[\"https:\/\/www.facebook.com\/alamocostadelsol\",\"https:\/\/www.instagram.com\/alamocostadelsol\/\"]}]}<\/script>\n<!-- \/ Yoast SEO plugin. -->","yoast_head_json":{"title":"Guides de la r\u00e9gion de Costa del Sol | Lieux et mode de vie","description":"D\u00e9couvrez nos guides de la r\u00e9gion de la Costa del Sol couvrant le mode de vie, les plages, les \u00e9quipements et les informations sur les propri\u00e9t\u00e9s pour vous aider \u00e0 choisir le bon emplacement en Espagne.","robots":{"index":"index","follow":"follow","max-snippet":"max-snippet:-1","max-image-preview":"max-image-preview:large","max-video-preview":"max-video-preview:-1"},"canonical":"https:\/\/alamocostadelsol.com\/fr\/guide-regional","og_locale":"fr_FR","og_type":"article","og_title":"Guides de la r\u00e9gion de Costa del Sol | Lieux et mode de vie","og_description":"D\u00e9couvrez nos guides de la r\u00e9gion de la Costa del Sol couvrant le mode de vie, les plages, les \u00e9quipements et les informations sur les propri\u00e9t\u00e9s pour vous aider \u00e0 choisir le bon emplacement en Espagne.","og_url":"https:\/\/alamocostadelsol.com\/fr\/guide-regional","og_site_name":"Alamo - makes your dream come true at costa del sol","article_publisher":"https:\/\/www.facebook.com\/alamocostadelsol","twitter_card":"summary_large_image","schema":{"@context":"https:\/\/schema.org","@graph":[{"@type":"WebPage","@id":"https:\/\/alamocostadelsol.com\/fr\/guide-regional","url":"https:\/\/alamocostadelsol.com\/fr\/guide-regional","name":"Guides de la r\u00e9gion de Costa del Sol | Lieux et mode de vie","isPartOf":{"@id":"https:\/\/alamocostadelsol.com\/fr#website"},"datePublished":"2024-05-02T20:25:21+00:00","description":"D\u00e9couvrez nos guides de la r\u00e9gion de la Costa del Sol couvrant le mode de vie, les plages, les \u00e9quipements et les informations sur les propri\u00e9t\u00e9s pour vous aider \u00e0 choisir le bon emplacement en Espagne.","breadcrumb":{"@id":"https:\/\/alamocostadelsol.com\/fr\/guide-regional#breadcrumb"},"inLanguage":"fr-FR","potentialAction":[{"@type":"ReadAction","target":["https:\/\/alamocostadelsol.com\/fr\/guide-regional"]}]},{"@type":"BreadcrumbList","@id":"https:\/\/alamocostadelsol.com\/fr\/guide-regional#breadcrumb","itemListElement":[{"@type":"ListItem","position":1,"name":"Home","item":"https:\/\/alamocostadelsol.com\/fr"},{"@type":"ListItem","position":2,"name":"Guide r\u00e9gional"}]},{"@type":"WebSite","@id":"https:\/\/alamocostadelsol.com\/fr#website","url":"https:\/\/alamocostadelsol.com\/fr","name":"Alamo - makes your dream come true at costa del sol","description":"","publisher":{"@id":"https:\/\/alamocostadelsol.com\/fr#organization"},"potentialAction":[{"@type":"SearchAction","target":{"@type":"EntryPoint","urlTemplate":"https:\/\/alamocostadelsol.com\/fr?s={search_term_string}"},"query-input":{"@type":"PropertyValueSpecification","valueRequired":true,"valueName":"search_term_string"}}],"inLanguage":"fr-FR"},{"@type":"Organization","@id":"https:\/\/alamocostadelsol.com\/fr#organization","name":"Alamo - makes your dream come true at costa del sol","url":"https:\/\/alamocostadelsol.com\/fr","logo":{"@type":"ImageObject","inLanguage":"fr-FR","@id":"https:\/\/alamocostadelsol.com\/fr#\/schema\/logo\/image\/","url":"https:\/\/alamocostadelsol.com\/wp-content\/uploads\/2024\/05\/alamo-costa-del-sol-logotype.png","contentUrl":"https:\/\/alamocostadelsol.com\/wp-content\/uploads\/2024\/05\/alamo-costa-del-sol-logotype.png","width":773,"height":170,"caption":"Alamo - makes your dream come true at costa del sol"},"image":{"@id":"https:\/\/alamocostadelsol.com\/fr#\/schema\/logo\/image\/"},"sameAs":["https:\/\/www.facebook.com\/alamocostadelsol","https:\/\/www.instagram.com\/alamocostadelsol\/"]}]}},"_links":{"self":[{"href":"https:\/\/alamocostadelsol.com\/fr\/wp-json\/wp\/v2\/pages\/18816202","targetHints":{"allow":["GET"]}}],"collection":[{"href":"https:\/\/alamocostadelsol.com\/fr\/wp-json\/wp\/v2\/pages"}],"about":[{"href":"https:\/\/alamocostadelsol.com\/fr\/wp-json\/wp\/v2\/types\/page"}],"author":[{"embeddable":true,"href":"https:\/\/alamocostadelsol.com\/fr\/wp-json\/wp\/v2\/users\/1"}],"replies":[{"embeddable":true,"href":"https:\/\/alamocostadelsol.com\/fr\/wp-json\/wp\/v2\/comments?post=18816202"}],"version-history":[{"count":0,"href":"https:\/\/alamocostadelsol.com\/fr\/wp-json\/wp\/v2\/pages\/18816202\/revisions"}],"wp:attachment":[{"href":"https:\/\/alamocostadelsol.com\/fr\/wp-json\/wp\/v2\/media?parent=18816202"}],"wp:term":[{"taxonomy":"dipi_cpt_category","embeddable":true,"href":"https:\/\/alamocostadelsol.com\/fr\/wp-json\/wp\/v2\/dipi_cpt_category?post=18816202"}],"curies":[{"name":"wp","href":"https:\/\/api.w.org\/{rel}","templated":true}]}}