{"id":18816189,"date":"2024-05-02T22:25:46","date_gmt":"2024-05-02T20:25:46","guid":{"rendered":"https:\/\/alamocostadelsol.com\/blog"},"modified":"2026-01-29T14:33:25","modified_gmt":"2026-01-29T13:33:25","slug":"blog","status":"publish","type":"page","link":"https:\/\/alamocostadelsol.com\/fr\/blog","title":{"rendered":"Blog"},"content":{"rendered":"<p>[et_pb_section admin_label=\u00a0\u00bbsection\u00a0\u00bb]<br \/>\n\t\t\t[et_pb_row admin_label=\u00a0\u00bbrang\u00e9e\u00a0\u00bb]<br \/>\n\t\t\t\t[et_pb_column type=\u00a0\u00bb4_4&Prime;][et_pb_text admin_label=\u00a0\u00bbText\u00a0\u00bb][\/et_pb_text][\/et_pb_column]<br \/>\n\t\t\t[\/et_pb_row]<br \/>\n\t\t[\/et_pb_section]<\/p>\n","protected":false},"excerpt":{"rendered":"","protected":false},"author":1,"featured_media":0,"parent":0,"menu_order":0,"comment_status":"closed","ping_status":"closed","template":"","meta":{"_et_pb_use_builder":"on","_et_pb_old_content":"<!-- wp:divi\/placeholder \/-->","_et_gb_content_width":"","footnotes":""},"dipi_cpt_category":[],"class_list":["post-18816189","page","type-page","status-publish","hentry"],"yoast_head":"<!-- This site is optimized with the Yoast SEO plugin v25.8 - https:\/\/yoast.com\/wordpress\/plugins\/seo\/ -->\n<title>Blog immobilier Costa del Sol | Actualit\u00e9s et guides du march\u00e9 par Alamo<\/title>\n<meta name=\"description\" content=\"Des conseils, guides et mises \u00e0 jour sur le march\u00e9 de notre blog immobilier Costa del Sol, couvrant les tendances immobili\u00e8res, l\u2019achat, la vente et le mode de vie local.\" \/>\n<meta name=\"robots\" content=\"index, follow, max-snippet:-1, max-image-preview:large, max-video-preview:-1\" \/>\n<link rel=\"canonical\" href=\"https:\/\/alamocostadelsol.com\/fr\/blog\" \/>\n<meta property=\"og:locale\" content=\"fr_FR\" \/>\n<meta property=\"og:type\" content=\"article\" \/>\n<meta property=\"og:title\" content=\"Blog immobilier Costa del Sol | Actualit\u00e9s et guides du march\u00e9 par Alamo\" \/>\n<meta property=\"og:description\" content=\"Des conseils, guides et mises \u00e0 jour sur le march\u00e9 de notre blog immobilier Costa del Sol, couvrant les tendances immobili\u00e8res, l\u2019achat, la vente et le mode de vie local.\" \/>\n<meta property=\"og:url\" content=\"https:\/\/alamocostadelsol.com\/fr\/blog\" \/>\n<meta property=\"og:site_name\" content=\"Alamo - makes your dream come true at costa del sol\" \/>\n<meta property=\"article:publisher\" content=\"https:\/\/www.facebook.com\/alamocostadelsol\" \/>\n<meta property=\"article:modified_time\" content=\"2026-01-29T13:33:25+00:00\" \/>\n<meta name=\"twitter:card\" content=\"summary_large_image\" \/>\n<script type=\"application\/ld+json\" class=\"yoast-schema-graph\">{\"@context\":\"https:\/\/schema.org\",\"@graph\":[{\"@type\":\"WebPage\",\"@id\":\"https:\/\/alamocostadelsol.com\/fr\/blog\",\"url\":\"https:\/\/alamocostadelsol.com\/fr\/blog\",\"name\":\"Blog immobilier Costa del Sol | Actualit\u00e9s et guides du march\u00e9 par Alamo\",\"isPartOf\":{\"@id\":\"https:\/\/alamocostadelsol.com\/fr#website\"},\"datePublished\":\"2024-05-02T20:25:46+00:00\",\"dateModified\":\"2026-01-29T13:33:25+00:00\",\"description\":\"Des conseils, guides et mises \u00e0 jour sur le march\u00e9 de notre blog immobilier Costa del Sol, couvrant les tendances immobili\u00e8res, l\u2019achat, la vente et le mode de vie local.\",\"breadcrumb\":{\"@id\":\"https:\/\/alamocostadelsol.com\/fr\/blog#breadcrumb\"},\"inLanguage\":\"fr-FR\",\"potentialAction\":[{\"@type\":\"ReadAction\",\"target\":[\"https:\/\/alamocostadelsol.com\/fr\/blog\"]}]},{\"@type\":\"BreadcrumbList\",\"@id\":\"https:\/\/alamocostadelsol.com\/fr\/blog#breadcrumb\",\"itemListElement\":[{\"@type\":\"ListItem\",\"position\":1,\"name\":\"Home\",\"item\":\"https:\/\/alamocostadelsol.com\/fr\"},{\"@type\":\"ListItem\",\"position\":2,\"name\":\"Blog\"}]},{\"@type\":\"WebSite\",\"@id\":\"https:\/\/alamocostadelsol.com\/fr#website\",\"url\":\"https:\/\/alamocostadelsol.com\/fr\",\"name\":\"Alamo - makes your dream come true at costa del sol\",\"description\":\"\",\"publisher\":{\"@id\":\"https:\/\/alamocostadelsol.com\/fr#organization\"},\"potentialAction\":[{\"@type\":\"SearchAction\",\"target\":{\"@type\":\"EntryPoint\",\"urlTemplate\":\"https:\/\/alamocostadelsol.com\/fr?s={search_term_string}\"},\"query-input\":{\"@type\":\"PropertyValueSpecification\",\"valueRequired\":true,\"valueName\":\"search_term_string\"}}],\"inLanguage\":\"fr-FR\"},{\"@type\":\"Organization\",\"@id\":\"https:\/\/alamocostadelsol.com\/fr#organization\",\"name\":\"Alamo - makes your dream come true at costa del sol\",\"url\":\"https:\/\/alamocostadelsol.com\/fr\",\"logo\":{\"@type\":\"ImageObject\",\"inLanguage\":\"fr-FR\",\"@id\":\"https:\/\/alamocostadelsol.com\/fr#\/schema\/logo\/image\/\",\"url\":\"https:\/\/alamocostadelsol.com\/wp-content\/uploads\/2024\/05\/alamo-costa-del-sol-logotype.png\",\"contentUrl\":\"https:\/\/alamocostadelsol.com\/wp-content\/uploads\/2024\/05\/alamo-costa-del-sol-logotype.png\",\"width\":773,\"height\":170,\"caption\":\"Alamo - makes your dream come true at costa del sol\"},\"image\":{\"@id\":\"https:\/\/alamocostadelsol.com\/fr#\/schema\/logo\/image\/\"},\"sameAs\":[\"https:\/\/www.facebook.com\/alamocostadelsol\",\"https:\/\/www.instagram.com\/alamocostadelsol\/\"]}]}<\/script>\n<!-- \/ Yoast SEO plugin. -->","yoast_head_json":{"title":"Blog immobilier Costa del Sol | Actualit\u00e9s et guides du march\u00e9 par Alamo","description":"Des conseils, guides et mises \u00e0 jour sur le march\u00e9 de notre blog immobilier Costa del Sol, couvrant les tendances immobili\u00e8res, l\u2019achat, la vente et le mode de vie local.","robots":{"index":"index","follow":"follow","max-snippet":"max-snippet:-1","max-image-preview":"max-image-preview:large","max-video-preview":"max-video-preview:-1"},"canonical":"https:\/\/alamocostadelsol.com\/fr\/blog","og_locale":"fr_FR","og_type":"article","og_title":"Blog immobilier Costa del Sol | Actualit\u00e9s et guides du march\u00e9 par Alamo","og_description":"Des conseils, guides et mises \u00e0 jour sur le march\u00e9 de notre blog immobilier Costa del Sol, couvrant les tendances immobili\u00e8res, l\u2019achat, la vente et le mode de vie local.","og_url":"https:\/\/alamocostadelsol.com\/fr\/blog","og_site_name":"Alamo - makes your dream come true at costa del sol","article_publisher":"https:\/\/www.facebook.com\/alamocostadelsol","article_modified_time":"2026-01-29T13:33:25+00:00","twitter_card":"summary_large_image","schema":{"@context":"https:\/\/schema.org","@graph":[{"@type":"WebPage","@id":"https:\/\/alamocostadelsol.com\/fr\/blog","url":"https:\/\/alamocostadelsol.com\/fr\/blog","name":"Blog immobilier Costa del Sol | Actualit\u00e9s et guides du march\u00e9 par Alamo","isPartOf":{"@id":"https:\/\/alamocostadelsol.com\/fr#website"},"datePublished":"2024-05-02T20:25:46+00:00","dateModified":"2026-01-29T13:33:25+00:00","description":"Des conseils, guides et mises \u00e0 jour sur le march\u00e9 de notre blog immobilier Costa del Sol, couvrant les tendances immobili\u00e8res, l\u2019achat, la vente et le mode de vie local.","breadcrumb":{"@id":"https:\/\/alamocostadelsol.com\/fr\/blog#breadcrumb"},"inLanguage":"fr-FR","potentialAction":[{"@type":"ReadAction","target":["https:\/\/alamocostadelsol.com\/fr\/blog"]}]},{"@type":"BreadcrumbList","@id":"https:\/\/alamocostadelsol.com\/fr\/blog#breadcrumb","itemListElement":[{"@type":"ListItem","position":1,"name":"Home","item":"https:\/\/alamocostadelsol.com\/fr"},{"@type":"ListItem","position":2,"name":"Blog"}]},{"@type":"WebSite","@id":"https:\/\/alamocostadelsol.com\/fr#website","url":"https:\/\/alamocostadelsol.com\/fr","name":"Alamo - makes your dream come true at costa del sol","description":"","publisher":{"@id":"https:\/\/alamocostadelsol.com\/fr#organization"},"potentialAction":[{"@type":"SearchAction","target":{"@type":"EntryPoint","urlTemplate":"https:\/\/alamocostadelsol.com\/fr?s={search_term_string}"},"query-input":{"@type":"PropertyValueSpecification","valueRequired":true,"valueName":"search_term_string"}}],"inLanguage":"fr-FR"},{"@type":"Organization","@id":"https:\/\/alamocostadelsol.com\/fr#organization","name":"Alamo - makes your dream come true at costa del sol","url":"https:\/\/alamocostadelsol.com\/fr","logo":{"@type":"ImageObject","inLanguage":"fr-FR","@id":"https:\/\/alamocostadelsol.com\/fr#\/schema\/logo\/image\/","url":"https:\/\/alamocostadelsol.com\/wp-content\/uploads\/2024\/05\/alamo-costa-del-sol-logotype.png","contentUrl":"https:\/\/alamocostadelsol.com\/wp-content\/uploads\/2024\/05\/alamo-costa-del-sol-logotype.png","width":773,"height":170,"caption":"Alamo - makes your dream come true at costa del sol"},"image":{"@id":"https:\/\/alamocostadelsol.com\/fr#\/schema\/logo\/image\/"},"sameAs":["https:\/\/www.facebook.com\/alamocostadelsol","https:\/\/www.instagram.com\/alamocostadelsol\/"]}]}},"_links":{"self":[{"href":"https:\/\/alamocostadelsol.com\/fr\/wp-json\/wp\/v2\/pages\/18816189","targetHints":{"allow":["GET"]}}],"collection":[{"href":"https:\/\/alamocostadelsol.com\/fr\/wp-json\/wp\/v2\/pages"}],"about":[{"href":"https:\/\/alamocostadelsol.com\/fr\/wp-json\/wp\/v2\/types\/page"}],"author":[{"embeddable":true,"href":"https:\/\/alamocostadelsol.com\/fr\/wp-json\/wp\/v2\/users\/1"}],"replies":[{"embeddable":true,"href":"https:\/\/alamocostadelsol.com\/fr\/wp-json\/wp\/v2\/comments?post=18816189"}],"version-history":[{"count":2,"href":"https:\/\/alamocostadelsol.com\/fr\/wp-json\/wp\/v2\/pages\/18816189\/revisions"}],"predecessor-version":[{"id":18816194,"href":"https:\/\/alamocostadelsol.com\/fr\/wp-json\/wp\/v2\/pages\/18816189\/revisions\/18816194"}],"wp:attachment":[{"href":"https:\/\/alamocostadelsol.com\/fr\/wp-json\/wp\/v2\/media?parent=18816189"}],"wp:term":[{"taxonomy":"dipi_cpt_category","embeddable":true,"href":"https:\/\/alamocostadelsol.com\/fr\/wp-json\/wp\/v2\/dipi_cpt_category?post=18816189"}],"curies":[{"name":"wp","href":"https:\/\/api.w.org\/{rel}","templated":true}]}}