{"id":18816124,"date":"2024-06-10T18:07:39","date_gmt":"2024-06-10T16:07:39","guid":{"rendered":"https:\/\/alamocostadelsol.com\/a-propos-dalamo\/per-lindqvist"},"modified":"2026-01-29T14:33:00","modified_gmt":"2026-01-29T13:33:00","slug":"per-lindqvist","status":"publish","type":"page","link":"https:\/\/alamocostadelsol.com\/fr\/a-propos-dalamo\/per-lindqvist","title":{"rendered":"Per Lindqvist"},"content":{"rendered":"<p>[et_pb_section fb_built=\u00a0\u00bb1&Prime; _builder_version=\u00a0\u00bb4.25.1&Prime; _module_preset=\u00a0\u00bbdefault\u00a0\u00bb global_colors_info=\u00a0\u00bb{}\u00a0\u00bb][et_pb_row column_structure=\u00a0\u00bb1_3,2_3&Prime; _builder_version=\u00a0\u00bb4.25.1&Prime; _module_preset=\u00a0\u00bbdefault\u00a0\u00bb width=\u00a0\u00bb90%\u00a0\u00bb max_width=\u00a0\u00bb100%\u00a0\u00bb global_colors_info=\u00a0\u00bb{}\u00a0\u00bb][et_pb_column type=\u00a0\u00bb1_3&Prime; _builder_version=\u00a0\u00bb4.25.1&Prime; _module_preset=\u00a0\u00bbdefault\u00a0\u00bb global_colors_info=\u00a0\u00bb{}\u00a0\u00bb][et_pb_image src=\u00a0\u00bbhttps:\/\/alamocostadelsol.com\/wp-content\/uploads\/2025\/06\/DSC07090.jpg\u00a0\u00bb alt=\u00a0\u00bbPer Lindqvist\u00a0\u00bb title_text=\u00a0\u00bbDSC07090&Prime; align=\u00a0\u00bbright\u00a0\u00bb _builder_version=\u00a0\u00bb4.27.4&Prime; _module_preset=\u00a0\u00bbdefault\u00a0\u00bb width=\u00a0\u00bb80%\u00a0\u00bb hover_enabled=\u00a0\u00bb0&Prime; global_colors_info=\u00a0\u00bb{}\u00a0\u00bb sticky_enabled=\u00a0\u00bb0&Prime;][\/et_pb_image][\/et_pb_column][et_pb_column type=\u00a0\u00bb2_3&Prime; _builder_version=\u00a0\u00bb4.25.1&Prime; _module_preset=\u00a0\u00bbdefault\u00a0\u00bb global_colors_info=\u00a0\u00bb{}\u00a0\u00bb][et_pb_text _builder_version=\u00a0\u00bb4.25.1&Prime; _module_preset=\u00a0\u00bbdefault\u00a0\u00bb text_font=\u00a0\u00bbMarcellus||||||||\u00a0\u00bb text_font_size=\u00a0\u00bb16px\u00a0\u00bb header_font=\u00a0\u00bbMarcellus|700|||||||\u00a0\u00bb header_font_size=\u00a0\u00bb36px\u00a0\u00bb header_2_font=\u00a0\u00bbMarcellus||||||||\u00a0\u00bb header_2_font_size=\u00a0\u00bb22px\u00a0\u00bb global_colors_info=\u00a0\u00bb{}\u00a0\u00bb]<\/p>\n<h1>Per Lindqvist<\/h1>\n<h2>Propri\u00e9taire<\/h2>\n<p><span><\/span><\/p>\n<p><span>Je viens du sud de la Su\u00e8de mais j\u2019ai pass\u00e9 les 13 derni\u00e8res ann\u00e9es \u00e0 vivre et travailler en Espagne. Mon parcours acad\u00e9mique est dans l\u2019immobilier, obtenu en Scanie, en Su\u00e8de, compl\u00e9t\u00e9 par une vaste exp\u00e9rience en tant que courtier en Su\u00e8de et, depuis 2011, en Espagne.   <\/span><\/p>\n<p><span>J\u2019ai repris Alamo en 2023, et les difficult\u00e9s pour sauver l\u2019entreprise ont \u00e9t\u00e9 presque accablantes. Cependant, gr\u00e2ce \u00e0 une \u00e9quipe exceptionnelle, \u00e0 la modernisation et \u00e0 des id\u00e9es fra\u00eeches, nous sommes pass\u00e9s d\u2019une ancienne entreprise \u00e0 un courtier immobilier moderne, solide et respect\u00e9.   <\/span><\/p>\n<p>[\/et_pb_text][et_pb_code _builder_version=\u00a0\u00bb4.27.0&Prime; _module_preset=\u00a0\u00bbdefault\u00a0\u00bb global_colors_info=\u00a0\u00bb{}\u00a0\u00bb]<div data-src=\"https:\/\/cdn.trustindex.io\/loader.js?4f90f3b4355579867106341f4a2\"><\/div>[\/et_pb_code][\/et_pb_column][\/et_pb_row][et_pb_row _builder_version=\u00a0\u00bb4.27.0&Prime; _module_preset=\u00a0\u00bbdefault\u00a0\u00bb global_colors_info=\u00a0\u00bb{}\u00a0\u00bb][et_pb_column type=\u00a0\u00bb4_4&Prime; _builder_version=\u00a0\u00bb4.27.0&Prime; _module_preset=\u00a0\u00bbdefault\u00a0\u00bb global_colors_info=\u00a0\u00bb{}\u00a0\u00bb][et_pb_post_nav show_prev=\u00a0\u00bboff\u00a0\u00bb _builder_version=\u00a0\u00bb4.27.0&Prime; _module_preset=\u00a0\u00bbdefault\u00a0\u00bb global_colors_info=\u00a0\u00bb{}\u00a0\u00bb][\/et_pb_post_nav][\/et_pb_column][\/et_pb_row][\/et_pb_section]<\/p>\n","protected":false},"excerpt":{"rendered":"<p>Per Lindqvist Propri\u00e9taire Je viens du sud de la Su\u00e8de mais j\u2019ai pass\u00e9 les 13 derni\u00e8res ann\u00e9es \u00e0 vivre et travailler en Espagne. Mon parcours acad\u00e9mique est dans l\u2019immobilier, obtenu en Scanie, en Su\u00e8de, compl\u00e9t\u00e9 par une vaste exp\u00e9rience en tant que courtier en Su\u00e8de et, depuis 2011, en Espagne. J\u2019ai repris Alamo en 2023, [&hellip;]<\/p>\n","protected":false},"author":1,"featured_media":0,"parent":18815809,"menu_order":0,"comment_status":"closed","ping_status":"closed","template":"","meta":{"_et_pb_use_builder":"on","_et_pb_old_content":"","_et_gb_content_width":"","footnotes":""},"dipi_cpt_category":[],"class_list":["post-18816124","page","type-page","status-publish","hentry"],"yoast_head":"<!-- This site is optimized with the Yoast SEO plugin v25.8 - https:\/\/yoast.com\/wordpress\/plugins\/seo\/ -->\n<title>Per Lindqvist | PDG chez Alamo Costa del Sol<\/title>\n<meta name=\"description\" content=\"Per Lindqvist est le PDG d\u2019Alamo Costa del Sol, dirigeant l\u2019entreprise gr\u00e2ce \u00e0 une vision strat\u00e9gique et une vaste exp\u00e9rience du march\u00e9 immobilier local.\" \/>\n<meta name=\"robots\" content=\"index, follow, max-snippet:-1, max-image-preview:large, max-video-preview:-1\" \/>\n<link rel=\"canonical\" href=\"https:\/\/alamocostadelsol.com\/fr\/a-propos-dalamo\/per-lindqvist\" \/>\n<meta property=\"og:locale\" content=\"fr_FR\" \/>\n<meta property=\"og:type\" content=\"article\" \/>\n<meta property=\"og:title\" content=\"Per Lindqvist | PDG chez Alamo Costa del Sol\" \/>\n<meta property=\"og:description\" content=\"Per Lindqvist est le PDG d\u2019Alamo Costa del Sol, dirigeant l\u2019entreprise gr\u00e2ce \u00e0 une vision strat\u00e9gique et une vaste exp\u00e9rience du march\u00e9 immobilier local.\" \/>\n<meta property=\"og:url\" content=\"https:\/\/alamocostadelsol.com\/fr\/a-propos-dalamo\/per-lindqvist\" \/>\n<meta property=\"og:site_name\" content=\"Alamo - makes your dream come true at costa del sol\" \/>\n<meta property=\"article:publisher\" content=\"https:\/\/www.facebook.com\/alamocostadelsol\" \/>\n<meta property=\"article:modified_time\" content=\"2026-01-29T13:33:00+00:00\" \/>\n<meta name=\"twitter:card\" content=\"summary_large_image\" \/>\n<meta name=\"twitter:label1\" content=\"Dur\u00e9e de lecture estim\u00e9e\" \/>\n\t<meta name=\"twitter:data1\" content=\"2 minutes\" \/>\n<script type=\"application\/ld+json\" class=\"yoast-schema-graph\">{\"@context\":\"https:\/\/schema.org\",\"@graph\":[{\"@type\":\"WebPage\",\"@id\":\"https:\/\/alamocostadelsol.com\/fr\/a-propos-dalamo\/per-lindqvist\",\"url\":\"https:\/\/alamocostadelsol.com\/fr\/a-propos-dalamo\/per-lindqvist\",\"name\":\"Per Lindqvist | PDG chez Alamo Costa del Sol\",\"isPartOf\":{\"@id\":\"https:\/\/alamocostadelsol.com\/fr#website\"},\"datePublished\":\"2024-06-10T16:07:39+00:00\",\"dateModified\":\"2026-01-29T13:33:00+00:00\",\"description\":\"Per Lindqvist est le PDG d\u2019Alamo Costa del Sol, dirigeant l\u2019entreprise gr\u00e2ce \u00e0 une vision strat\u00e9gique et une vaste exp\u00e9rience du march\u00e9 immobilier local.\",\"breadcrumb\":{\"@id\":\"https:\/\/alamocostadelsol.com\/fr\/a-propos-dalamo\/per-lindqvist#breadcrumb\"},\"inLanguage\":\"fr-FR\",\"potentialAction\":[{\"@type\":\"ReadAction\",\"target\":[\"https:\/\/alamocostadelsol.com\/fr\/a-propos-dalamo\/per-lindqvist\"]}]},{\"@type\":\"BreadcrumbList\",\"@id\":\"https:\/\/alamocostadelsol.com\/fr\/a-propos-dalamo\/per-lindqvist#breadcrumb\",\"itemListElement\":[{\"@type\":\"ListItem\",\"position\":1,\"name\":\"Home\",\"item\":\"https:\/\/alamocostadelsol.com\/fr\"},{\"@type\":\"ListItem\",\"position\":2,\"name\":\"\u00c0 propos d\u2019Alamo\",\"item\":\"https:\/\/alamocostadelsol.com\/fr\/a-propos-dalamo\"},{\"@type\":\"ListItem\",\"position\":3,\"name\":\"Per Lindqvist\"}]},{\"@type\":\"WebSite\",\"@id\":\"https:\/\/alamocostadelsol.com\/fr#website\",\"url\":\"https:\/\/alamocostadelsol.com\/fr\",\"name\":\"Alamo - makes your dream come true at costa del sol\",\"description\":\"\",\"publisher\":{\"@id\":\"https:\/\/alamocostadelsol.com\/fr#organization\"},\"potentialAction\":[{\"@type\":\"SearchAction\",\"target\":{\"@type\":\"EntryPoint\",\"urlTemplate\":\"https:\/\/alamocostadelsol.com\/fr?s={search_term_string}\"},\"query-input\":{\"@type\":\"PropertyValueSpecification\",\"valueRequired\":true,\"valueName\":\"search_term_string\"}}],\"inLanguage\":\"fr-FR\"},{\"@type\":\"Organization\",\"@id\":\"https:\/\/alamocostadelsol.com\/fr#organization\",\"name\":\"Alamo - makes your dream come true at costa del sol\",\"url\":\"https:\/\/alamocostadelsol.com\/fr\",\"logo\":{\"@type\":\"ImageObject\",\"inLanguage\":\"fr-FR\",\"@id\":\"https:\/\/alamocostadelsol.com\/fr#\/schema\/logo\/image\/\",\"url\":\"https:\/\/alamocostadelsol.com\/wp-content\/uploads\/2024\/05\/alamo-costa-del-sol-logotype.png\",\"contentUrl\":\"https:\/\/alamocostadelsol.com\/wp-content\/uploads\/2024\/05\/alamo-costa-del-sol-logotype.png\",\"width\":773,\"height\":170,\"caption\":\"Alamo - makes your dream come true at costa del sol\"},\"image\":{\"@id\":\"https:\/\/alamocostadelsol.com\/fr#\/schema\/logo\/image\/\"},\"sameAs\":[\"https:\/\/www.facebook.com\/alamocostadelsol\",\"https:\/\/www.instagram.com\/alamocostadelsol\/\"]}]}<\/script>\n<!-- \/ Yoast SEO plugin. -->","yoast_head_json":{"title":"Per Lindqvist | PDG chez Alamo Costa del Sol","description":"Per Lindqvist est le PDG d\u2019Alamo Costa del Sol, dirigeant l\u2019entreprise gr\u00e2ce \u00e0 une vision strat\u00e9gique et une vaste exp\u00e9rience du march\u00e9 immobilier local.","robots":{"index":"index","follow":"follow","max-snippet":"max-snippet:-1","max-image-preview":"max-image-preview:large","max-video-preview":"max-video-preview:-1"},"canonical":"https:\/\/alamocostadelsol.com\/fr\/a-propos-dalamo\/per-lindqvist","og_locale":"fr_FR","og_type":"article","og_title":"Per Lindqvist | PDG chez Alamo Costa del Sol","og_description":"Per Lindqvist est le PDG d\u2019Alamo Costa del Sol, dirigeant l\u2019entreprise gr\u00e2ce \u00e0 une vision strat\u00e9gique et une vaste exp\u00e9rience du march\u00e9 immobilier local.","og_url":"https:\/\/alamocostadelsol.com\/fr\/a-propos-dalamo\/per-lindqvist","og_site_name":"Alamo - makes your dream come true at costa del sol","article_publisher":"https:\/\/www.facebook.com\/alamocostadelsol","article_modified_time":"2026-01-29T13:33:00+00:00","twitter_card":"summary_large_image","twitter_misc":{"Dur\u00e9e de lecture estim\u00e9e":"2 minutes"},"schema":{"@context":"https:\/\/schema.org","@graph":[{"@type":"WebPage","@id":"https:\/\/alamocostadelsol.com\/fr\/a-propos-dalamo\/per-lindqvist","url":"https:\/\/alamocostadelsol.com\/fr\/a-propos-dalamo\/per-lindqvist","name":"Per Lindqvist | PDG chez Alamo Costa del Sol","isPartOf":{"@id":"https:\/\/alamocostadelsol.com\/fr#website"},"datePublished":"2024-06-10T16:07:39+00:00","dateModified":"2026-01-29T13:33:00+00:00","description":"Per Lindqvist est le PDG d\u2019Alamo Costa del Sol, dirigeant l\u2019entreprise gr\u00e2ce \u00e0 une vision strat\u00e9gique et une vaste exp\u00e9rience du march\u00e9 immobilier local.","breadcrumb":{"@id":"https:\/\/alamocostadelsol.com\/fr\/a-propos-dalamo\/per-lindqvist#breadcrumb"},"inLanguage":"fr-FR","potentialAction":[{"@type":"ReadAction","target":["https:\/\/alamocostadelsol.com\/fr\/a-propos-dalamo\/per-lindqvist"]}]},{"@type":"BreadcrumbList","@id":"https:\/\/alamocostadelsol.com\/fr\/a-propos-dalamo\/per-lindqvist#breadcrumb","itemListElement":[{"@type":"ListItem","position":1,"name":"Home","item":"https:\/\/alamocostadelsol.com\/fr"},{"@type":"ListItem","position":2,"name":"\u00c0 propos d\u2019Alamo","item":"https:\/\/alamocostadelsol.com\/fr\/a-propos-dalamo"},{"@type":"ListItem","position":3,"name":"Per Lindqvist"}]},{"@type":"WebSite","@id":"https:\/\/alamocostadelsol.com\/fr#website","url":"https:\/\/alamocostadelsol.com\/fr","name":"Alamo - makes your dream come true at costa del sol","description":"","publisher":{"@id":"https:\/\/alamocostadelsol.com\/fr#organization"},"potentialAction":[{"@type":"SearchAction","target":{"@type":"EntryPoint","urlTemplate":"https:\/\/alamocostadelsol.com\/fr?s={search_term_string}"},"query-input":{"@type":"PropertyValueSpecification","valueRequired":true,"valueName":"search_term_string"}}],"inLanguage":"fr-FR"},{"@type":"Organization","@id":"https:\/\/alamocostadelsol.com\/fr#organization","name":"Alamo - makes your dream come true at costa del sol","url":"https:\/\/alamocostadelsol.com\/fr","logo":{"@type":"ImageObject","inLanguage":"fr-FR","@id":"https:\/\/alamocostadelsol.com\/fr#\/schema\/logo\/image\/","url":"https:\/\/alamocostadelsol.com\/wp-content\/uploads\/2024\/05\/alamo-costa-del-sol-logotype.png","contentUrl":"https:\/\/alamocostadelsol.com\/wp-content\/uploads\/2024\/05\/alamo-costa-del-sol-logotype.png","width":773,"height":170,"caption":"Alamo - makes your dream come true at costa del sol"},"image":{"@id":"https:\/\/alamocostadelsol.com\/fr#\/schema\/logo\/image\/"},"sameAs":["https:\/\/www.facebook.com\/alamocostadelsol","https:\/\/www.instagram.com\/alamocostadelsol\/"]}]}},"_links":{"self":[{"href":"https:\/\/alamocostadelsol.com\/fr\/wp-json\/wp\/v2\/pages\/18816124","targetHints":{"allow":["GET"]}}],"collection":[{"href":"https:\/\/alamocostadelsol.com\/fr\/wp-json\/wp\/v2\/pages"}],"about":[{"href":"https:\/\/alamocostadelsol.com\/fr\/wp-json\/wp\/v2\/types\/page"}],"author":[{"embeddable":true,"href":"https:\/\/alamocostadelsol.com\/fr\/wp-json\/wp\/v2\/users\/1"}],"replies":[{"embeddable":true,"href":"https:\/\/alamocostadelsol.com\/fr\/wp-json\/wp\/v2\/comments?post=18816124"}],"version-history":[{"count":2,"href":"https:\/\/alamocostadelsol.com\/fr\/wp-json\/wp\/v2\/pages\/18816124\/revisions"}],"predecessor-version":[{"id":18816126,"href":"https:\/\/alamocostadelsol.com\/fr\/wp-json\/wp\/v2\/pages\/18816124\/revisions\/18816126"}],"up":[{"embeddable":true,"href":"https:\/\/alamocostadelsol.com\/fr\/wp-json\/wp\/v2\/pages\/18815809"}],"wp:attachment":[{"href":"https:\/\/alamocostadelsol.com\/fr\/wp-json\/wp\/v2\/media?parent=18816124"}],"wp:term":[{"taxonomy":"dipi_cpt_category","embeddable":true,"href":"https:\/\/alamocostadelsol.com\/fr\/wp-json\/wp\/v2\/dipi_cpt_category?post=18816124"}],"curies":[{"name":"wp","href":"https:\/\/api.w.org\/{rel}","templated":true}]}}