{"id":18816113,"date":"2024-06-10T18:12:04","date_gmt":"2024-06-10T16:12:04","guid":{"rendered":"https:\/\/alamocostadelsol.com\/a-propos-dalamo\/catarina-henriksson"},"modified":"2026-01-29T14:33:00","modified_gmt":"2026-01-29T13:33:00","slug":"catarina-henriksson","status":"publish","type":"page","link":"https:\/\/alamocostadelsol.com\/fr\/a-propos-dalamo\/catarina-henriksson","title":{"rendered":"Catarina Henriksson"},"content":{"rendered":"<p>[et_pb_section fb_built=\u00a0\u00bb1&Prime; _builder_version=\u00a0\u00bb4.25.1&Prime; _module_preset=\u00a0\u00bbdefault\u00a0\u00bb global_colors_info=\u00a0\u00bb{}\u00a0\u00bb][et_pb_row column_structure=\u00a0\u00bb1_3,2_3&Prime; _builder_version=\u00a0\u00bb4.25.1&Prime; _module_preset=\u00a0\u00bbdefault\u00a0\u00bb width=\u00a0\u00bb90%\u00a0\u00bb max_width=\u00a0\u00bb100%\u00a0\u00bb global_colors_info=\u00a0\u00bb{}\u00a0\u00bb][et_pb_column type=\u00a0\u00bb1_3&Prime; _builder_version=\u00a0\u00bb4.25.1&Prime; _module_preset=\u00a0\u00bbdefault\u00a0\u00bb global_colors_info=\u00a0\u00bb{}\u00a0\u00bb][et_pb_image src=\u00a0\u00bbhttps:\/\/alamocostadelsol.com\/wp-content\/uploads\/2024\/06\/1Rityta-1@0.5x-7.webp\u00a0\u00bb alt=\u00a0\u00bbCatarina Henriksson\u00a0\u00bb title_text=\u00a0\u00bbCatarina Henriksson &#8211; Agent immobilier\u00a0\u00bb align=\u00a0\u00bbright\u00a0\u00bb _builder_version=\u00a0\u00bb4.27.4&Prime; _module_preset=\u00a0\u00bbdefault\u00a0\u00bb width=\u00a0\u00bb80%\u00a0\u00bb hover_enabled=\u00a0\u00bb0&Prime; global_colors_info=\u00a0\u00bb{}\u00a0\u00bb sticky_enabled=\u00a0\u00bb0&Prime;][\/et_pb_image][\/et_pb_column][et_pb_column type=\u00a0\u00bb2_3&Prime; _builder_version=\u00a0\u00bb4.25.1&Prime; _module_preset=\u00a0\u00bbdefault\u00a0\u00bb global_colors_info=\u00a0\u00bb{}\u00a0\u00bb][et_pb_text _builder_version=\u00a0\u00bb4.25.1&Prime; _module_preset=\u00a0\u00bbdefault\u00a0\u00bb text_font=\u00a0\u00bbMarcellus||||||||\u00a0\u00bb text_font_size=\u00a0\u00bb16px\u00a0\u00bb header_font=\u00a0\u00bbMarcellus|700|||||||\u00a0\u00bb header_font_size=\u00a0\u00bb36px\u00a0\u00bb header_2_font=\u00a0\u00bbMarcellus||||||||\u00a0\u00bb header_2_font_size=\u00a0\u00bb22px\u00a0\u00bb global_colors_info=\u00a0\u00bb{}\u00a0\u00bb]<\/p>\n<h1><a class=\"block font-medium text-lg\">Catarina Henriksson<\/a><\/h1>\n<h2>Agent immobilier<\/h2>\n<p><span><\/span><\/p>\n<p><span>Je viens \u00e0 l\u2019origine de Norrk\u00f6ping, mais je me sens plus comme un citoyen du monde. Quand j\u2019avais 7 ans, ma famille a d\u00e9m\u00e9nag\u00e9 \u00e0 Bagdad, en Irak, et un an plus tard, c\u2019\u00e9tait Riyad, en Arabie Saoudite, et cela a continu\u00e9. \u00c0 18 ans, je suis parti en vacances sur la Costa del Sol, mais je ne suis jamais retourn\u00e9 en Su\u00e8de.  <\/span><\/p>\n<p><span>Je suis tomb\u00e9 compl\u00e8tement amoureux de la chaleur, de la nourriture et de ces merveilleux Espagnols. Maintenant, j\u2019habite ici depuis 31 ans et je parle couramment espagnol, anglais et su\u00e9dois. Mes points forts sont que je suis enthousiaste, r\u00e9solveuse de probl\u00e8mes et enthousiaste. J\u2019ai une grande connaissance de la c\u00f4te, surtout de Fuengirola. Je sais quelles zones et communaut\u00e9s sont les meilleures et lesquelles je ne recommanderais pas. Mes quartiers pr\u00e9f\u00e9r\u00e9s sont Torreblanca, Carvajal et Higuer\u00f3n, qui sont les plus exclusifs que nous ayons ici \u00e0 Fuengirola. N\u2019h\u00e9sitez pas \u00e0 me contacter, et je pourrai vous dire ce qui rend la vie ici si sp\u00e9ciale et pourquoi c\u2019est le meilleur investissement que vous puissiez faire.      <\/span><\/p>\n<p>[\/et_pb_text][et_pb_code _builder_version=\u00a0\u00bb4.27.0&Prime; _module_preset=\u00a0\u00bbdefault\u00a0\u00bb global_colors_info=\u00a0\u00bb{}\u00a0\u00bb]<div data-src=\"https:\/\/cdn.trustindex.io\/loader.js?d23fe1c4300d7890bc063a63606\"><\/div>[\/et_pb_code][\/et_pb_column][\/et_pb_row][et_pb_row _builder_version=\u00a0\u00bb4.27.0&Prime; _module_preset=\u00a0\u00bbdefault\u00a0\u00bb global_colors_info=\u00a0\u00bb{}\u00a0\u00bb][et_pb_column type=\u00a0\u00bb4_4&Prime; _builder_version=\u00a0\u00bb4.27.0&Prime; _module_preset=\u00a0\u00bbdefault\u00a0\u00bb global_colors_info=\u00a0\u00bb{}\u00a0\u00bb][et_pb_post_nav _builder_version=\u00a0\u00bb4.27.0&Prime; _module_preset=\u00a0\u00bbdefault\u00a0\u00bb global_colors_info=\u00a0\u00bb{}\u00a0\u00bb][\/et_pb_post_nav][\/et_pb_column][\/et_pb_row][\/et_pb_section]<\/p>\n","protected":false},"excerpt":{"rendered":"<p>Catarina Henriksson Agent immobilier Je viens \u00e0 l\u2019origine de Norrk\u00f6ping, mais je me sens plus comme un citoyen du monde. Quand j\u2019avais 7 ans, ma famille a d\u00e9m\u00e9nag\u00e9 \u00e0 Bagdad, en Irak, et un an plus tard, c\u2019\u00e9tait Riyad, en Arabie Saoudite, et cela a continu\u00e9. \u00c0 18 ans, je suis parti en vacances sur [&hellip;]<\/p>\n","protected":false},"author":1,"featured_media":0,"parent":18815809,"menu_order":0,"comment_status":"closed","ping_status":"closed","template":"","meta":{"_et_pb_use_builder":"on","_et_pb_old_content":"","_et_gb_content_width":"","footnotes":""},"dipi_cpt_category":[],"class_list":["post-18816113","page","type-page","status-publish","hentry"],"yoast_head":"<!-- This site is optimized with the Yoast SEO plugin v25.8 - https:\/\/yoast.com\/wordpress\/plugins\/seo\/ -->\n<title>Catarina Henriksson | Agent immobilier sur la Costa del Sol<\/title>\n<meta name=\"description\" content=\"Catarina Henriksson est agente immobili\u00e8re chez Alamo Costa del Sol, aidant acheteurs et vendeurs avec une expertise locale et un service personnalis\u00e9.\" \/>\n<meta name=\"robots\" content=\"index, follow, max-snippet:-1, max-image-preview:large, max-video-preview:-1\" \/>\n<link rel=\"canonical\" href=\"https:\/\/alamocostadelsol.com\/fr\/a-propos-dalamo\/catarina-henriksson\" \/>\n<meta property=\"og:locale\" content=\"fr_FR\" \/>\n<meta property=\"og:type\" content=\"article\" \/>\n<meta property=\"og:title\" content=\"Catarina Henriksson | Agent immobilier sur la Costa del Sol\" \/>\n<meta property=\"og:description\" content=\"Catarina Henriksson est agente immobili\u00e8re chez Alamo Costa del Sol, aidant acheteurs et vendeurs avec une expertise locale et un service personnalis\u00e9.\" \/>\n<meta property=\"og:url\" content=\"https:\/\/alamocostadelsol.com\/fr\/a-propos-dalamo\/catarina-henriksson\" \/>\n<meta property=\"og:site_name\" content=\"Alamo - makes your dream come true at costa del sol\" \/>\n<meta property=\"article:publisher\" content=\"https:\/\/www.facebook.com\/alamocostadelsol\" \/>\n<meta property=\"article:modified_time\" content=\"2026-01-29T13:33:00+00:00\" \/>\n<meta name=\"twitter:card\" content=\"summary_large_image\" \/>\n<meta name=\"twitter:label1\" content=\"Dur\u00e9e de lecture estim\u00e9e\" \/>\n\t<meta name=\"twitter:data1\" content=\"2 minutes\" \/>\n<script type=\"application\/ld+json\" class=\"yoast-schema-graph\">{\"@context\":\"https:\/\/schema.org\",\"@graph\":[{\"@type\":\"WebPage\",\"@id\":\"https:\/\/alamocostadelsol.com\/fr\/a-propos-dalamo\/catarina-henriksson\",\"url\":\"https:\/\/alamocostadelsol.com\/fr\/a-propos-dalamo\/catarina-henriksson\",\"name\":\"Catarina Henriksson | Agent immobilier sur la Costa del Sol\",\"isPartOf\":{\"@id\":\"https:\/\/alamocostadelsol.com\/fr#website\"},\"datePublished\":\"2024-06-10T16:12:04+00:00\",\"dateModified\":\"2026-01-29T13:33:00+00:00\",\"description\":\"Catarina Henriksson est agente immobili\u00e8re chez Alamo Costa del Sol, aidant acheteurs et vendeurs avec une expertise locale et un service personnalis\u00e9.\",\"breadcrumb\":{\"@id\":\"https:\/\/alamocostadelsol.com\/fr\/a-propos-dalamo\/catarina-henriksson#breadcrumb\"},\"inLanguage\":\"fr-FR\",\"potentialAction\":[{\"@type\":\"ReadAction\",\"target\":[\"https:\/\/alamocostadelsol.com\/fr\/a-propos-dalamo\/catarina-henriksson\"]}]},{\"@type\":\"BreadcrumbList\",\"@id\":\"https:\/\/alamocostadelsol.com\/fr\/a-propos-dalamo\/catarina-henriksson#breadcrumb\",\"itemListElement\":[{\"@type\":\"ListItem\",\"position\":1,\"name\":\"Home\",\"item\":\"https:\/\/alamocostadelsol.com\/fr\"},{\"@type\":\"ListItem\",\"position\":2,\"name\":\"\u00c0 propos d\u2019Alamo\",\"item\":\"https:\/\/alamocostadelsol.com\/fr\/a-propos-dalamo\"},{\"@type\":\"ListItem\",\"position\":3,\"name\":\"Catarina Henriksson\"}]},{\"@type\":\"WebSite\",\"@id\":\"https:\/\/alamocostadelsol.com\/fr#website\",\"url\":\"https:\/\/alamocostadelsol.com\/fr\",\"name\":\"Alamo - makes your dream come true at costa del sol\",\"description\":\"\",\"publisher\":{\"@id\":\"https:\/\/alamocostadelsol.com\/fr#organization\"},\"potentialAction\":[{\"@type\":\"SearchAction\",\"target\":{\"@type\":\"EntryPoint\",\"urlTemplate\":\"https:\/\/alamocostadelsol.com\/fr?s={search_term_string}\"},\"query-input\":{\"@type\":\"PropertyValueSpecification\",\"valueRequired\":true,\"valueName\":\"search_term_string\"}}],\"inLanguage\":\"fr-FR\"},{\"@type\":\"Organization\",\"@id\":\"https:\/\/alamocostadelsol.com\/fr#organization\",\"name\":\"Alamo - makes your dream come true at costa del sol\",\"url\":\"https:\/\/alamocostadelsol.com\/fr\",\"logo\":{\"@type\":\"ImageObject\",\"inLanguage\":\"fr-FR\",\"@id\":\"https:\/\/alamocostadelsol.com\/fr#\/schema\/logo\/image\/\",\"url\":\"https:\/\/alamocostadelsol.com\/wp-content\/uploads\/2024\/05\/alamo-costa-del-sol-logotype.png\",\"contentUrl\":\"https:\/\/alamocostadelsol.com\/wp-content\/uploads\/2024\/05\/alamo-costa-del-sol-logotype.png\",\"width\":773,\"height\":170,\"caption\":\"Alamo - makes your dream come true at costa del sol\"},\"image\":{\"@id\":\"https:\/\/alamocostadelsol.com\/fr#\/schema\/logo\/image\/\"},\"sameAs\":[\"https:\/\/www.facebook.com\/alamocostadelsol\",\"https:\/\/www.instagram.com\/alamocostadelsol\/\"]}]}<\/script>\n<!-- \/ Yoast SEO plugin. -->","yoast_head_json":{"title":"Catarina Henriksson | Agent immobilier sur la Costa del Sol","description":"Catarina Henriksson est agente immobili\u00e8re chez Alamo Costa del Sol, aidant acheteurs et vendeurs avec une expertise locale et un service personnalis\u00e9.","robots":{"index":"index","follow":"follow","max-snippet":"max-snippet:-1","max-image-preview":"max-image-preview:large","max-video-preview":"max-video-preview:-1"},"canonical":"https:\/\/alamocostadelsol.com\/fr\/a-propos-dalamo\/catarina-henriksson","og_locale":"fr_FR","og_type":"article","og_title":"Catarina Henriksson | Agent immobilier sur la Costa del Sol","og_description":"Catarina Henriksson est agente immobili\u00e8re chez Alamo Costa del Sol, aidant acheteurs et vendeurs avec une expertise locale et un service personnalis\u00e9.","og_url":"https:\/\/alamocostadelsol.com\/fr\/a-propos-dalamo\/catarina-henriksson","og_site_name":"Alamo - makes your dream come true at costa del sol","article_publisher":"https:\/\/www.facebook.com\/alamocostadelsol","article_modified_time":"2026-01-29T13:33:00+00:00","twitter_card":"summary_large_image","twitter_misc":{"Dur\u00e9e de lecture estim\u00e9e":"2 minutes"},"schema":{"@context":"https:\/\/schema.org","@graph":[{"@type":"WebPage","@id":"https:\/\/alamocostadelsol.com\/fr\/a-propos-dalamo\/catarina-henriksson","url":"https:\/\/alamocostadelsol.com\/fr\/a-propos-dalamo\/catarina-henriksson","name":"Catarina Henriksson | Agent immobilier sur la Costa del Sol","isPartOf":{"@id":"https:\/\/alamocostadelsol.com\/fr#website"},"datePublished":"2024-06-10T16:12:04+00:00","dateModified":"2026-01-29T13:33:00+00:00","description":"Catarina Henriksson est agente immobili\u00e8re chez Alamo Costa del Sol, aidant acheteurs et vendeurs avec une expertise locale et un service personnalis\u00e9.","breadcrumb":{"@id":"https:\/\/alamocostadelsol.com\/fr\/a-propos-dalamo\/catarina-henriksson#breadcrumb"},"inLanguage":"fr-FR","potentialAction":[{"@type":"ReadAction","target":["https:\/\/alamocostadelsol.com\/fr\/a-propos-dalamo\/catarina-henriksson"]}]},{"@type":"BreadcrumbList","@id":"https:\/\/alamocostadelsol.com\/fr\/a-propos-dalamo\/catarina-henriksson#breadcrumb","itemListElement":[{"@type":"ListItem","position":1,"name":"Home","item":"https:\/\/alamocostadelsol.com\/fr"},{"@type":"ListItem","position":2,"name":"\u00c0 propos d\u2019Alamo","item":"https:\/\/alamocostadelsol.com\/fr\/a-propos-dalamo"},{"@type":"ListItem","position":3,"name":"Catarina Henriksson"}]},{"@type":"WebSite","@id":"https:\/\/alamocostadelsol.com\/fr#website","url":"https:\/\/alamocostadelsol.com\/fr","name":"Alamo - makes your dream come true at costa del sol","description":"","publisher":{"@id":"https:\/\/alamocostadelsol.com\/fr#organization"},"potentialAction":[{"@type":"SearchAction","target":{"@type":"EntryPoint","urlTemplate":"https:\/\/alamocostadelsol.com\/fr?s={search_term_string}"},"query-input":{"@type":"PropertyValueSpecification","valueRequired":true,"valueName":"search_term_string"}}],"inLanguage":"fr-FR"},{"@type":"Organization","@id":"https:\/\/alamocostadelsol.com\/fr#organization","name":"Alamo - makes your dream come true at costa del sol","url":"https:\/\/alamocostadelsol.com\/fr","logo":{"@type":"ImageObject","inLanguage":"fr-FR","@id":"https:\/\/alamocostadelsol.com\/fr#\/schema\/logo\/image\/","url":"https:\/\/alamocostadelsol.com\/wp-content\/uploads\/2024\/05\/alamo-costa-del-sol-logotype.png","contentUrl":"https:\/\/alamocostadelsol.com\/wp-content\/uploads\/2024\/05\/alamo-costa-del-sol-logotype.png","width":773,"height":170,"caption":"Alamo - makes your dream come true at costa del sol"},"image":{"@id":"https:\/\/alamocostadelsol.com\/fr#\/schema\/logo\/image\/"},"sameAs":["https:\/\/www.facebook.com\/alamocostadelsol","https:\/\/www.instagram.com\/alamocostadelsol\/"]}]}},"_links":{"self":[{"href":"https:\/\/alamocostadelsol.com\/fr\/wp-json\/wp\/v2\/pages\/18816113","targetHints":{"allow":["GET"]}}],"collection":[{"href":"https:\/\/alamocostadelsol.com\/fr\/wp-json\/wp\/v2\/pages"}],"about":[{"href":"https:\/\/alamocostadelsol.com\/fr\/wp-json\/wp\/v2\/types\/page"}],"author":[{"embeddable":true,"href":"https:\/\/alamocostadelsol.com\/fr\/wp-json\/wp\/v2\/users\/1"}],"replies":[{"embeddable":true,"href":"https:\/\/alamocostadelsol.com\/fr\/wp-json\/wp\/v2\/comments?post=18816113"}],"version-history":[{"count":5,"href":"https:\/\/alamocostadelsol.com\/fr\/wp-json\/wp\/v2\/pages\/18816113\/revisions"}],"predecessor-version":[{"id":18816131,"href":"https:\/\/alamocostadelsol.com\/fr\/wp-json\/wp\/v2\/pages\/18816113\/revisions\/18816131"}],"up":[{"embeddable":true,"href":"https:\/\/alamocostadelsol.com\/fr\/wp-json\/wp\/v2\/pages\/18815809"}],"wp:attachment":[{"href":"https:\/\/alamocostadelsol.com\/fr\/wp-json\/wp\/v2\/media?parent=18816113"}],"wp:term":[{"taxonomy":"dipi_cpt_category","embeddable":true,"href":"https:\/\/alamocostadelsol.com\/fr\/wp-json\/wp\/v2\/dipi_cpt_category?post=18816113"}],"curies":[{"name":"wp","href":"https:\/\/api.w.org\/{rel}","templated":true}]}}