{"id":18816089,"date":"2024-06-10T19:29:00","date_gmt":"2024-06-10T17:29:00","guid":{"rendered":"https:\/\/alamocostadelsol.com\/a-propos-dalamo\/emelie-vretman"},"modified":"2026-01-29T14:32:48","modified_gmt":"2026-01-29T13:32:48","slug":"emelie-vretman","status":"publish","type":"page","link":"https:\/\/alamocostadelsol.com\/fr\/a-propos-dalamo\/emelie-vretman","title":{"rendered":"Emelie Vretman"},"content":{"rendered":"<p>[et_pb_section fb_built=\u00a0\u00bb1&Prime; _builder_version=\u00a0\u00bb4.27.4&Prime; _module_preset=\u00a0\u00bbdefault\u00a0\u00bb global_colors_info=\u00a0\u00bb{}\u00a0\u00bb][et_pb_row column_structure=\u00a0\u00bb1_3,2_3&Prime; _builder_version=\u00a0\u00bb4.25.1&Prime; _module_preset=\u00a0\u00bbdefault\u00a0\u00bb width=\u00a0\u00bb90%\u00a0\u00bb max_width=\u00a0\u00bb100%\u00a0\u00bb global_colors_info=\u00a0\u00bb{}\u00a0\u00bb][et_pb_column type=\u00a0\u00bb1_3&Prime; _builder_version=\u00a0\u00bb4.25.1&Prime; _module_preset=\u00a0\u00bbdefault\u00a0\u00bb global_colors_info=\u00a0\u00bb{}\u00a0\u00bb][et_pb_image src=\u00a0\u00bbhttps:\/\/alamocostadelsol.com\/wp-content\/uploads\/2025\/06\/DSC070412.jpg\u00a0\u00bb alt=\u00a0\u00bbCatarina Henriksson\u00a0\u00bb title_text=\u00a0\u00bbDSC070412&Prime; align=\u00a0\u00bbright\u00a0\u00bb _builder_version=\u00a0\u00bb4.27.4&Prime; _module_preset=\u00a0\u00bbdefault\u00a0\u00bb width=\u00a0\u00bb80%\u00a0\u00bb global_colors_info=\u00a0\u00bb{}\u00a0\u00bb][\/et_pb_image][\/et_pb_column][et_pb_column type=\u00a0\u00bb2_3&Prime; _builder_version=\u00a0\u00bb4.25.1&Prime; _module_preset=\u00a0\u00bbdefault\u00a0\u00bb global_colors_info=\u00a0\u00bb{}\u00a0\u00bb][et_pb_text _builder_version=\u00a0\u00bb4.27.4&Prime; _module_preset=\u00a0\u00bbdefault\u00a0\u00bb text_font=\u00a0\u00bbMarcellus||||||||\u00a0\u00bb text_font_size=\u00a0\u00bb16px\u00a0\u00bb header_font=\u00a0\u00bbMarcellus|700|||||||\u00a0\u00bb header_font_size=\u00a0\u00bb36px\u00a0\u00bb header_2_font=\u00a0\u00bbMarcellus||||||||\u00a0\u00bb header_2_font_size=\u00a0\u00bb22px\u00a0\u00bb custom_padding=\u00a0\u00bb3px|||||\u00a0\u00bb hover_enabled=\u00a0\u00bb0&Prime; global_colors_info=\u00a0\u00bb{}\u00a0\u00bb sticky_enabled=\u00a0\u00bb0&Prime;]<\/p>\n<h1><a class=\"block font-medium text-lg\">Emelie Vretman<\/a><\/h1>\n<h2><span>Agent collaborateur<\/span><\/h2>\n<p><span><\/span><\/p>\n<p><span>J\u2019ai d\u00e9m\u00e9nag\u00e9 sur la Costa del Sol il y a quatre ans, originaire de Su\u00e8de. Tout au long de ma vie, j\u2019ai eu l\u2019opportunit\u00e9 de vivre dans plusieurs endroits diff\u00e9rents, et j\u2019ai toujours eu une passion pour rencontrer de nouvelles personnes et explorer de nouvelles destinations. <\/span><\/p>\n<p>Fort d\u2019une solide exp\u00e9rience en vente et d\u2019un v\u00e9ritable amour pour le travail avec les gens, j\u2019ai pass\u00e9 de nombreuses ann\u00e9es \u00e0 construire des relations significatives et \u00e0 aider mes clients \u00e0 trouver les solutions adapt\u00e9es \u00e0 leurs besoins.<\/p>\n<p>Maintenant, mon objectif est de vous aider \u00e0 trouver la maison de vos r\u00eaves ici, sur la Costa del Sol. Je suis l\u00e0 pour vous accompagner et vous soutenir \u00e0 chaque \u00e9tape, afin de rendre le processus aussi fluide et agr\u00e9able que possible. <\/p>\n<p>[\/et_pb_text][\/et_pb_column][\/et_pb_row][et_pb_row _builder_version=\u00a0\u00bb4.27.4&Prime; _module_preset=\u00a0\u00bbdefault\u00a0\u00bb global_colors_info=\u00a0\u00bb{}\u00a0\u00bb][et_pb_column type=\u00a0\u00bb4_4&Prime; _builder_version=\u00a0\u00bb4.27.4&Prime; _module_preset=\u00a0\u00bbdefault\u00a0\u00bb global_colors_info=\u00a0\u00bb{}\u00a0\u00bb][et_pb_post_nav _builder_version=\u00a0\u00bb4.27.4&Prime; _module_preset=\u00a0\u00bbdefault\u00a0\u00bb global_colors_info=\u00a0\u00bb{}\u00a0\u00bb][\/et_pb_post_nav][\/et_pb_column][\/et_pb_row][\/et_pb_section]<\/p>\n","protected":false},"excerpt":{"rendered":"<p>Emelie Vretman Agent collaborateur J\u2019ai d\u00e9m\u00e9nag\u00e9 sur la Costa del Sol il y a quatre ans, originaire de Su\u00e8de. Tout au long de ma vie, j\u2019ai eu l\u2019opportunit\u00e9 de vivre dans plusieurs endroits diff\u00e9rents, et j\u2019ai toujours eu une passion pour rencontrer de nouvelles personnes et explorer de nouvelles destinations. Fort d\u2019une solide exp\u00e9rience en [&hellip;]<\/p>\n","protected":false},"author":3,"featured_media":0,"parent":18815809,"menu_order":0,"comment_status":"closed","ping_status":"closed","template":"","meta":{"_et_pb_use_builder":"on","_et_pb_old_content":"","_et_gb_content_width":"","footnotes":""},"dipi_cpt_category":[],"class_list":["post-18816089","page","type-page","status-publish","hentry"],"yoast_head":"<!-- This site is optimized with the Yoast SEO plugin v25.8 - https:\/\/yoast.com\/wordpress\/plugins\/seo\/ -->\n<title>Emelie Vretman | Agent immobilier sur la Costa del Sol<\/title>\n<meta name=\"description\" content=\"Emelie Vretman est agente immobili\u00e8re chez Alamo Costa del Sol, accompagnant acheteurs et vendeurs avec des conseils professionnels et une connaissance locale.\" \/>\n<meta name=\"robots\" content=\"index, follow, max-snippet:-1, max-image-preview:large, max-video-preview:-1\" \/>\n<link rel=\"canonical\" href=\"https:\/\/alamocostadelsol.com\/fr\/a-propos-dalamo\/emelie-vretman\" \/>\n<meta property=\"og:locale\" content=\"fr_FR\" \/>\n<meta property=\"og:type\" content=\"article\" \/>\n<meta property=\"og:title\" content=\"Emelie Vretman | Agent immobilier sur la Costa del Sol\" \/>\n<meta property=\"og:description\" content=\"Emelie Vretman est agente immobili\u00e8re chez Alamo Costa del Sol, accompagnant acheteurs et vendeurs avec des conseils professionnels et une connaissance locale.\" \/>\n<meta property=\"og:url\" content=\"https:\/\/alamocostadelsol.com\/fr\/a-propos-dalamo\/emelie-vretman\" \/>\n<meta property=\"og:site_name\" content=\"Alamo - makes your dream come true at costa del sol\" \/>\n<meta property=\"article:publisher\" content=\"https:\/\/www.facebook.com\/alamocostadelsol\" \/>\n<meta property=\"article:modified_time\" content=\"2026-01-29T13:32:48+00:00\" \/>\n<meta name=\"twitter:card\" content=\"summary_large_image\" \/>\n<meta name=\"twitter:label1\" content=\"Dur\u00e9e de lecture estim\u00e9e\" \/>\n\t<meta name=\"twitter:data1\" content=\"2 minutes\" \/>\n<script type=\"application\/ld+json\" class=\"yoast-schema-graph\">{\"@context\":\"https:\/\/schema.org\",\"@graph\":[{\"@type\":\"WebPage\",\"@id\":\"https:\/\/alamocostadelsol.com\/fr\/a-propos-dalamo\/emelie-vretman\",\"url\":\"https:\/\/alamocostadelsol.com\/fr\/a-propos-dalamo\/emelie-vretman\",\"name\":\"Emelie Vretman | Agent immobilier sur la Costa del Sol\",\"isPartOf\":{\"@id\":\"https:\/\/alamocostadelsol.com\/fr#website\"},\"datePublished\":\"2024-06-10T17:29:00+00:00\",\"dateModified\":\"2026-01-29T13:32:48+00:00\",\"description\":\"Emelie Vretman est agente immobili\u00e8re chez Alamo Costa del Sol, accompagnant acheteurs et vendeurs avec des conseils professionnels et une connaissance locale.\",\"breadcrumb\":{\"@id\":\"https:\/\/alamocostadelsol.com\/fr\/a-propos-dalamo\/emelie-vretman#breadcrumb\"},\"inLanguage\":\"fr-FR\",\"potentialAction\":[{\"@type\":\"ReadAction\",\"target\":[\"https:\/\/alamocostadelsol.com\/fr\/a-propos-dalamo\/emelie-vretman\"]}]},{\"@type\":\"BreadcrumbList\",\"@id\":\"https:\/\/alamocostadelsol.com\/fr\/a-propos-dalamo\/emelie-vretman#breadcrumb\",\"itemListElement\":[{\"@type\":\"ListItem\",\"position\":1,\"name\":\"Home\",\"item\":\"https:\/\/alamocostadelsol.com\/fr\"},{\"@type\":\"ListItem\",\"position\":2,\"name\":\"\u00c0 propos d\u2019Alamo\",\"item\":\"https:\/\/alamocostadelsol.com\/fr\/a-propos-dalamo\"},{\"@type\":\"ListItem\",\"position\":3,\"name\":\"Emelie Vretman\"}]},{\"@type\":\"WebSite\",\"@id\":\"https:\/\/alamocostadelsol.com\/fr#website\",\"url\":\"https:\/\/alamocostadelsol.com\/fr\",\"name\":\"Alamo - makes your dream come true at costa del sol\",\"description\":\"\",\"publisher\":{\"@id\":\"https:\/\/alamocostadelsol.com\/fr#organization\"},\"potentialAction\":[{\"@type\":\"SearchAction\",\"target\":{\"@type\":\"EntryPoint\",\"urlTemplate\":\"https:\/\/alamocostadelsol.com\/fr?s={search_term_string}\"},\"query-input\":{\"@type\":\"PropertyValueSpecification\",\"valueRequired\":true,\"valueName\":\"search_term_string\"}}],\"inLanguage\":\"fr-FR\"},{\"@type\":\"Organization\",\"@id\":\"https:\/\/alamocostadelsol.com\/fr#organization\",\"name\":\"Alamo - makes your dream come true at costa del sol\",\"url\":\"https:\/\/alamocostadelsol.com\/fr\",\"logo\":{\"@type\":\"ImageObject\",\"inLanguage\":\"fr-FR\",\"@id\":\"https:\/\/alamocostadelsol.com\/fr#\/schema\/logo\/image\/\",\"url\":\"https:\/\/alamocostadelsol.com\/wp-content\/uploads\/2024\/05\/alamo-costa-del-sol-logotype.png\",\"contentUrl\":\"https:\/\/alamocostadelsol.com\/wp-content\/uploads\/2024\/05\/alamo-costa-del-sol-logotype.png\",\"width\":773,\"height\":170,\"caption\":\"Alamo - makes your dream come true at costa del sol\"},\"image\":{\"@id\":\"https:\/\/alamocostadelsol.com\/fr#\/schema\/logo\/image\/\"},\"sameAs\":[\"https:\/\/www.facebook.com\/alamocostadelsol\",\"https:\/\/www.instagram.com\/alamocostadelsol\/\"]}]}<\/script>\n<!-- \/ Yoast SEO plugin. -->","yoast_head_json":{"title":"Emelie Vretman | Agent immobilier sur la Costa del Sol","description":"Emelie Vretman est agente immobili\u00e8re chez Alamo Costa del Sol, accompagnant acheteurs et vendeurs avec des conseils professionnels et une connaissance locale.","robots":{"index":"index","follow":"follow","max-snippet":"max-snippet:-1","max-image-preview":"max-image-preview:large","max-video-preview":"max-video-preview:-1"},"canonical":"https:\/\/alamocostadelsol.com\/fr\/a-propos-dalamo\/emelie-vretman","og_locale":"fr_FR","og_type":"article","og_title":"Emelie Vretman | Agent immobilier sur la Costa del Sol","og_description":"Emelie Vretman est agente immobili\u00e8re chez Alamo Costa del Sol, accompagnant acheteurs et vendeurs avec des conseils professionnels et une connaissance locale.","og_url":"https:\/\/alamocostadelsol.com\/fr\/a-propos-dalamo\/emelie-vretman","og_site_name":"Alamo - makes your dream come true at costa del sol","article_publisher":"https:\/\/www.facebook.com\/alamocostadelsol","article_modified_time":"2026-01-29T13:32:48+00:00","twitter_card":"summary_large_image","twitter_misc":{"Dur\u00e9e de lecture estim\u00e9e":"2 minutes"},"schema":{"@context":"https:\/\/schema.org","@graph":[{"@type":"WebPage","@id":"https:\/\/alamocostadelsol.com\/fr\/a-propos-dalamo\/emelie-vretman","url":"https:\/\/alamocostadelsol.com\/fr\/a-propos-dalamo\/emelie-vretman","name":"Emelie Vretman | Agent immobilier sur la Costa del Sol","isPartOf":{"@id":"https:\/\/alamocostadelsol.com\/fr#website"},"datePublished":"2024-06-10T17:29:00+00:00","dateModified":"2026-01-29T13:32:48+00:00","description":"Emelie Vretman est agente immobili\u00e8re chez Alamo Costa del Sol, accompagnant acheteurs et vendeurs avec des conseils professionnels et une connaissance locale.","breadcrumb":{"@id":"https:\/\/alamocostadelsol.com\/fr\/a-propos-dalamo\/emelie-vretman#breadcrumb"},"inLanguage":"fr-FR","potentialAction":[{"@type":"ReadAction","target":["https:\/\/alamocostadelsol.com\/fr\/a-propos-dalamo\/emelie-vretman"]}]},{"@type":"BreadcrumbList","@id":"https:\/\/alamocostadelsol.com\/fr\/a-propos-dalamo\/emelie-vretman#breadcrumb","itemListElement":[{"@type":"ListItem","position":1,"name":"Home","item":"https:\/\/alamocostadelsol.com\/fr"},{"@type":"ListItem","position":2,"name":"\u00c0 propos d\u2019Alamo","item":"https:\/\/alamocostadelsol.com\/fr\/a-propos-dalamo"},{"@type":"ListItem","position":3,"name":"Emelie Vretman"}]},{"@type":"WebSite","@id":"https:\/\/alamocostadelsol.com\/fr#website","url":"https:\/\/alamocostadelsol.com\/fr","name":"Alamo - makes your dream come true at costa del sol","description":"","publisher":{"@id":"https:\/\/alamocostadelsol.com\/fr#organization"},"potentialAction":[{"@type":"SearchAction","target":{"@type":"EntryPoint","urlTemplate":"https:\/\/alamocostadelsol.com\/fr?s={search_term_string}"},"query-input":{"@type":"PropertyValueSpecification","valueRequired":true,"valueName":"search_term_string"}}],"inLanguage":"fr-FR"},{"@type":"Organization","@id":"https:\/\/alamocostadelsol.com\/fr#organization","name":"Alamo - makes your dream come true at costa del sol","url":"https:\/\/alamocostadelsol.com\/fr","logo":{"@type":"ImageObject","inLanguage":"fr-FR","@id":"https:\/\/alamocostadelsol.com\/fr#\/schema\/logo\/image\/","url":"https:\/\/alamocostadelsol.com\/wp-content\/uploads\/2024\/05\/alamo-costa-del-sol-logotype.png","contentUrl":"https:\/\/alamocostadelsol.com\/wp-content\/uploads\/2024\/05\/alamo-costa-del-sol-logotype.png","width":773,"height":170,"caption":"Alamo - makes your dream come true at costa del sol"},"image":{"@id":"https:\/\/alamocostadelsol.com\/fr#\/schema\/logo\/image\/"},"sameAs":["https:\/\/www.facebook.com\/alamocostadelsol","https:\/\/www.instagram.com\/alamocostadelsol\/"]}]}},"_links":{"self":[{"href":"https:\/\/alamocostadelsol.com\/fr\/wp-json\/wp\/v2\/pages\/18816089","targetHints":{"allow":["GET"]}}],"collection":[{"href":"https:\/\/alamocostadelsol.com\/fr\/wp-json\/wp\/v2\/pages"}],"about":[{"href":"https:\/\/alamocostadelsol.com\/fr\/wp-json\/wp\/v2\/types\/page"}],"author":[{"embeddable":true,"href":"https:\/\/alamocostadelsol.com\/fr\/wp-json\/wp\/v2\/users\/3"}],"replies":[{"embeddable":true,"href":"https:\/\/alamocostadelsol.com\/fr\/wp-json\/wp\/v2\/comments?post=18816089"}],"version-history":[{"count":2,"href":"https:\/\/alamocostadelsol.com\/fr\/wp-json\/wp\/v2\/pages\/18816089\/revisions"}],"predecessor-version":[{"id":18816091,"href":"https:\/\/alamocostadelsol.com\/fr\/wp-json\/wp\/v2\/pages\/18816089\/revisions\/18816091"}],"up":[{"embeddable":true,"href":"https:\/\/alamocostadelsol.com\/fr\/wp-json\/wp\/v2\/pages\/18815809"}],"wp:attachment":[{"href":"https:\/\/alamocostadelsol.com\/fr\/wp-json\/wp\/v2\/media?parent=18816089"}],"wp:term":[{"taxonomy":"dipi_cpt_category","embeddable":true,"href":"https:\/\/alamocostadelsol.com\/fr\/wp-json\/wp\/v2\/dipi_cpt_category?post=18816089"}],"curies":[{"name":"wp","href":"https:\/\/api.w.org\/{rel}","templated":true}]}}