{"id":18816078,"date":"2024-06-10T19:31:00","date_gmt":"2024-06-10T17:31:00","guid":{"rendered":"https:\/\/alamocostadelsol.com\/a-propos-dalamo\/alla-skaletska"},"modified":"2026-01-29T14:32:46","modified_gmt":"2026-01-29T13:32:46","slug":"alla-skaletska","status":"publish","type":"page","link":"https:\/\/alamocostadelsol.com\/fr\/a-propos-dalamo\/alla-skaletska","title":{"rendered":"Alla Skaletska"},"content":{"rendered":"<p>[et_pb_section fb_built=\u00a0\u00bb1&Prime; _builder_version=\u00a0\u00bb4.25.1&Prime; _module_preset=\u00a0\u00bbdefault\u00a0\u00bb global_colors_info=\u00a0\u00bb{}\u00a0\u00bb][et_pb_row column_structure=\u00a0\u00bb1_3,2_3&Prime; _builder_version=\u00a0\u00bb4.25.1&Prime; _module_preset=\u00a0\u00bbdefault\u00a0\u00bb width=\u00a0\u00bb90%\u00a0\u00bb max_width=\u00a0\u00bb100%\u00a0\u00bb global_colors_info=\u00a0\u00bb{}\u00a0\u00bb][et_pb_column type=\u00a0\u00bb1_3&Prime; _builder_version=\u00a0\u00bb4.25.1&Prime; _module_preset=\u00a0\u00bbdefault\u00a0\u00bb global_colors_info=\u00a0\u00bb{}\u00a0\u00bb][et_pb_image src=\u00a0\u00bbhttps:\/\/alamocostadelsol.com\/wp-content\/uploads\/2025\/11\/upscalemedia-transformed.png\u00a0\u00bb alt=\u00a0\u00bbAlla Skaletska, agent immobilier Costa del Sol\u00a0\u00bb title_text=\u00a0\u00bbAlla Skaletska, agent immobilier Costa del Sol\u00a0\u00bb align=\u00a0\u00bbright\u00a0\u00bb _builder_version=\u00a0\u00bb4.27.4&Prime; _module_preset=\u00a0\u00bbdefault\u00a0\u00bb width=\u00a0\u00bb80%\u00a0\u00bb hover_enabled=\u00a0\u00bb0&Prime; global_colors_info=\u00a0\u00bb{}\u00a0\u00bb sticky_enabled=\u00a0\u00bb0&Prime;][\/et_pb_image][\/et_pb_column][et_pb_column type=\u00a0\u00bb2_3&Prime; _builder_version=\u00a0\u00bb4.25.1&Prime; _module_preset=\u00a0\u00bbdefault\u00a0\u00bb global_colors_info=\u00a0\u00bb{}\u00a0\u00bb][et_pb_text _builder_version=\u00a0\u00bb4.27.4&Prime; _module_preset=\u00a0\u00bbdefault\u00a0\u00bb text_font=\u00a0\u00bbMarcellus||||||||\u00a0\u00bb text_font_size=\u00a0\u00bb16px\u00a0\u00bb header_font=\u00a0\u00bbMarcellus|700|||||||\u00a0\u00bb header_font_size=\u00a0\u00bb36px\u00a0\u00bb header_2_font=\u00a0\u00bbMarcellus||||||||\u00a0\u00bb header_2_font_size=\u00a0\u00bb22px\u00a0\u00bb hover_enabled=\u00a0\u00bb0&Prime; global_colors_info=\u00a0\u00bb{}\u00a0\u00bb sticky_enabled=\u00a0\u00bb0&Prime;]<\/p>\n<h1><a class=\"block font-medium text-lg\">Alla Skaletska<\/a><\/h1>\n<h2><span>Agent collaborateur<\/span><\/h2>\n<p><span><\/span><\/p>\n<div class=\"text-base my-auto mx-auto pb-10 [--thread-content-margin:--spacing(4)] @w-sm\/main:[--thread-content-margin:--spacing(6)] @w-lg\/main:[--thread-content-margin:--spacing(16)] px-(--thread-content-margin)\">\n<div class=\"[--thread-content-max-width:40rem] @w-lg\/main:[--thread-content-max-width:48rem] mx-auto max-w-(--thread-content-max-width) flex-1 group\/turn-messages focus-visible:outline-hidden relative flex w-full min-w-0 flex-col agent-turn\" tabindex=\"-1\">\n<div class=\"flex max-w-full flex-col grow\">\n<div data-message-author-role=\"assistant\" data-message-id=\"06230940-387d-4108-bdb9-716ec259e142\" dir=\"auto\" class=\"min-h-8 text-message relative flex w-full flex-col items-end gap-2 text-start break-words whitespace-normal [.text-message+&amp;]:mt-1\" data-message-model-slug=\"gpt-5-2\">\n<div class=\"flex w-full flex-col gap-1 empty:hidden first:pt-[1px]\">\n<div class=\"markdown prose dark:prose-invert w-full wrap-break-word light markdown-new-styling\">\n<p data-start=\"0\" data-end=\"171\">Je suis n\u00e9 en Ukraine et je vis en Espagne depuis plus de 23 ans. Je suis profond\u00e9ment amoureux de ce pays \u2014 tout comme nos clients, qui choisissent d\u2019acheter leur maison ici. <\/p>\n<p data-start=\"173\" data-end=\"502\" data-is-last-node=\"\" data-is-only-node=\"\">J\u2019ai toujours travaill\u00e9 dans le secteur immobilier car je suis passionn\u00e9 par le fait de cr\u00e9er des liens avec des gens, tant localement que du monde entier. J\u2019adore vraiment voir le bonheur de mes clients lorsque leurs r\u00eaves se r\u00e9alisent en trouvant leur maison id\u00e9ale, surtout quand j\u2019ai pu les aider \u00e0 le trouver et g\u00e9rer tout le processus. <\/p>\n<\/div>\n<\/div>\n<\/div>\n<\/div>\n<\/div>\n<\/div>\n<p>[\/et_pb_text][\/et_pb_column][\/et_pb_row][et_pb_row _builder_version=\u00a0\u00bb4.27.0&Prime; _module_preset=\u00a0\u00bbdefault\u00a0\u00bb global_colors_info=\u00a0\u00bb{}\u00a0\u00bb][et_pb_column type=\u00a0\u00bb4_4&Prime; _builder_version=\u00a0\u00bb4.27.0&Prime; _module_preset=\u00a0\u00bbdefault\u00a0\u00bb global_colors_info=\u00a0\u00bb{}\u00a0\u00bb][et_pb_post_nav _builder_version=\u00a0\u00bb4.27.0&Prime; _module_preset=\u00a0\u00bbdefault\u00a0\u00bb global_colors_info=\u00a0\u00bb{}\u00a0\u00bb][\/et_pb_post_nav][\/et_pb_column][\/et_pb_row][\/et_pb_section]<\/p>\n","protected":false},"excerpt":{"rendered":"<p>Alla Skaletska Agent collaborateur Je suis n\u00e9 en Ukraine et je vis en Espagne depuis plus de 23 ans. Je suis profond\u00e9ment amoureux de ce pays \u2014 tout comme nos clients, qui choisissent d\u2019acheter leur maison ici. J\u2019ai toujours travaill\u00e9 dans le secteur immobilier car je suis passionn\u00e9 par le fait de cr\u00e9er des liens [&hellip;]<\/p>\n","protected":false},"author":3,"featured_media":0,"parent":18815809,"menu_order":0,"comment_status":"closed","ping_status":"closed","template":"","meta":{"_et_pb_use_builder":"on","_et_pb_old_content":"","_et_gb_content_width":"","footnotes":""},"dipi_cpt_category":[],"class_list":["post-18816078","page","type-page","status-publish","hentry"],"yoast_head":"<!-- This site is optimized with the Yoast SEO plugin v25.8 - https:\/\/yoast.com\/wordpress\/plugins\/seo\/ -->\n<title>Alla Skaletska | Agent immobilier sur la Costa del Sol<\/title>\n<meta name=\"description\" content=\"Alla Skaletska est agent immobilier chez Alamo Costa del Sol, aidant acheteurs et vendeurs avec une expertise locale et un service personnalis\u00e9.\" \/>\n<meta name=\"robots\" content=\"index, follow, max-snippet:-1, max-image-preview:large, max-video-preview:-1\" \/>\n<link rel=\"canonical\" href=\"https:\/\/alamocostadelsol.com\/fr\/a-propos-dalamo\/alla-skaletska\" \/>\n<meta property=\"og:locale\" content=\"fr_FR\" \/>\n<meta property=\"og:type\" content=\"article\" \/>\n<meta property=\"og:title\" content=\"Alla Skaletska | Agent immobilier sur la Costa del Sol\" \/>\n<meta property=\"og:description\" content=\"Alla Skaletska est agent immobilier chez Alamo Costa del Sol, aidant acheteurs et vendeurs avec une expertise locale et un service personnalis\u00e9.\" \/>\n<meta property=\"og:url\" content=\"https:\/\/alamocostadelsol.com\/fr\/a-propos-dalamo\/alla-skaletska\" \/>\n<meta property=\"og:site_name\" content=\"Alamo - makes your dream come true at costa del sol\" \/>\n<meta property=\"article:publisher\" content=\"https:\/\/www.facebook.com\/alamocostadelsol\" \/>\n<meta property=\"article:modified_time\" content=\"2026-01-29T13:32:46+00:00\" \/>\n<meta name=\"twitter:card\" content=\"summary_large_image\" \/>\n<meta name=\"twitter:label1\" content=\"Dur\u00e9e de lecture estim\u00e9e\" \/>\n\t<meta name=\"twitter:data1\" content=\"1 minute\" \/>\n<script type=\"application\/ld+json\" class=\"yoast-schema-graph\">{\"@context\":\"https:\/\/schema.org\",\"@graph\":[{\"@type\":\"WebPage\",\"@id\":\"https:\/\/alamocostadelsol.com\/fr\/a-propos-dalamo\/alla-skaletska\",\"url\":\"https:\/\/alamocostadelsol.com\/fr\/a-propos-dalamo\/alla-skaletska\",\"name\":\"Alla Skaletska | Agent immobilier sur la Costa del Sol\",\"isPartOf\":{\"@id\":\"https:\/\/alamocostadelsol.com\/fr#website\"},\"datePublished\":\"2024-06-10T17:31:00+00:00\",\"dateModified\":\"2026-01-29T13:32:46+00:00\",\"description\":\"Alla Skaletska est agent immobilier chez Alamo Costa del Sol, aidant acheteurs et vendeurs avec une expertise locale et un service personnalis\u00e9.\",\"breadcrumb\":{\"@id\":\"https:\/\/alamocostadelsol.com\/fr\/a-propos-dalamo\/alla-skaletska#breadcrumb\"},\"inLanguage\":\"fr-FR\",\"potentialAction\":[{\"@type\":\"ReadAction\",\"target\":[\"https:\/\/alamocostadelsol.com\/fr\/a-propos-dalamo\/alla-skaletska\"]}]},{\"@type\":\"BreadcrumbList\",\"@id\":\"https:\/\/alamocostadelsol.com\/fr\/a-propos-dalamo\/alla-skaletska#breadcrumb\",\"itemListElement\":[{\"@type\":\"ListItem\",\"position\":1,\"name\":\"Home\",\"item\":\"https:\/\/alamocostadelsol.com\/fr\"},{\"@type\":\"ListItem\",\"position\":2,\"name\":\"\u00c0 propos d\u2019Alamo\",\"item\":\"https:\/\/alamocostadelsol.com\/fr\/a-propos-dalamo\"},{\"@type\":\"ListItem\",\"position\":3,\"name\":\"Alla Skaletska\"}]},{\"@type\":\"WebSite\",\"@id\":\"https:\/\/alamocostadelsol.com\/fr#website\",\"url\":\"https:\/\/alamocostadelsol.com\/fr\",\"name\":\"Alamo - makes your dream come true at costa del sol\",\"description\":\"\",\"publisher\":{\"@id\":\"https:\/\/alamocostadelsol.com\/fr#organization\"},\"potentialAction\":[{\"@type\":\"SearchAction\",\"target\":{\"@type\":\"EntryPoint\",\"urlTemplate\":\"https:\/\/alamocostadelsol.com\/fr?s={search_term_string}\"},\"query-input\":{\"@type\":\"PropertyValueSpecification\",\"valueRequired\":true,\"valueName\":\"search_term_string\"}}],\"inLanguage\":\"fr-FR\"},{\"@type\":\"Organization\",\"@id\":\"https:\/\/alamocostadelsol.com\/fr#organization\",\"name\":\"Alamo - makes your dream come true at costa del sol\",\"url\":\"https:\/\/alamocostadelsol.com\/fr\",\"logo\":{\"@type\":\"ImageObject\",\"inLanguage\":\"fr-FR\",\"@id\":\"https:\/\/alamocostadelsol.com\/fr#\/schema\/logo\/image\/\",\"url\":\"https:\/\/alamocostadelsol.com\/wp-content\/uploads\/2024\/05\/alamo-costa-del-sol-logotype.png\",\"contentUrl\":\"https:\/\/alamocostadelsol.com\/wp-content\/uploads\/2024\/05\/alamo-costa-del-sol-logotype.png\",\"width\":773,\"height\":170,\"caption\":\"Alamo - makes your dream come true at costa del sol\"},\"image\":{\"@id\":\"https:\/\/alamocostadelsol.com\/fr#\/schema\/logo\/image\/\"},\"sameAs\":[\"https:\/\/www.facebook.com\/alamocostadelsol\",\"https:\/\/www.instagram.com\/alamocostadelsol\/\"]}]}<\/script>\n<!-- \/ Yoast SEO plugin. -->","yoast_head_json":{"title":"Alla Skaletska | Agent immobilier sur la Costa del Sol","description":"Alla Skaletska est agent immobilier chez Alamo Costa del Sol, aidant acheteurs et vendeurs avec une expertise locale et un service personnalis\u00e9.","robots":{"index":"index","follow":"follow","max-snippet":"max-snippet:-1","max-image-preview":"max-image-preview:large","max-video-preview":"max-video-preview:-1"},"canonical":"https:\/\/alamocostadelsol.com\/fr\/a-propos-dalamo\/alla-skaletska","og_locale":"fr_FR","og_type":"article","og_title":"Alla Skaletska | Agent immobilier sur la Costa del Sol","og_description":"Alla Skaletska est agent immobilier chez Alamo Costa del Sol, aidant acheteurs et vendeurs avec une expertise locale et un service personnalis\u00e9.","og_url":"https:\/\/alamocostadelsol.com\/fr\/a-propos-dalamo\/alla-skaletska","og_site_name":"Alamo - makes your dream come true at costa del sol","article_publisher":"https:\/\/www.facebook.com\/alamocostadelsol","article_modified_time":"2026-01-29T13:32:46+00:00","twitter_card":"summary_large_image","twitter_misc":{"Dur\u00e9e de lecture estim\u00e9e":"1 minute"},"schema":{"@context":"https:\/\/schema.org","@graph":[{"@type":"WebPage","@id":"https:\/\/alamocostadelsol.com\/fr\/a-propos-dalamo\/alla-skaletska","url":"https:\/\/alamocostadelsol.com\/fr\/a-propos-dalamo\/alla-skaletska","name":"Alla Skaletska | Agent immobilier sur la Costa del Sol","isPartOf":{"@id":"https:\/\/alamocostadelsol.com\/fr#website"},"datePublished":"2024-06-10T17:31:00+00:00","dateModified":"2026-01-29T13:32:46+00:00","description":"Alla Skaletska est agent immobilier chez Alamo Costa del Sol, aidant acheteurs et vendeurs avec une expertise locale et un service personnalis\u00e9.","breadcrumb":{"@id":"https:\/\/alamocostadelsol.com\/fr\/a-propos-dalamo\/alla-skaletska#breadcrumb"},"inLanguage":"fr-FR","potentialAction":[{"@type":"ReadAction","target":["https:\/\/alamocostadelsol.com\/fr\/a-propos-dalamo\/alla-skaletska"]}]},{"@type":"BreadcrumbList","@id":"https:\/\/alamocostadelsol.com\/fr\/a-propos-dalamo\/alla-skaletska#breadcrumb","itemListElement":[{"@type":"ListItem","position":1,"name":"Home","item":"https:\/\/alamocostadelsol.com\/fr"},{"@type":"ListItem","position":2,"name":"\u00c0 propos d\u2019Alamo","item":"https:\/\/alamocostadelsol.com\/fr\/a-propos-dalamo"},{"@type":"ListItem","position":3,"name":"Alla Skaletska"}]},{"@type":"WebSite","@id":"https:\/\/alamocostadelsol.com\/fr#website","url":"https:\/\/alamocostadelsol.com\/fr","name":"Alamo - makes your dream come true at costa del sol","description":"","publisher":{"@id":"https:\/\/alamocostadelsol.com\/fr#organization"},"potentialAction":[{"@type":"SearchAction","target":{"@type":"EntryPoint","urlTemplate":"https:\/\/alamocostadelsol.com\/fr?s={search_term_string}"},"query-input":{"@type":"PropertyValueSpecification","valueRequired":true,"valueName":"search_term_string"}}],"inLanguage":"fr-FR"},{"@type":"Organization","@id":"https:\/\/alamocostadelsol.com\/fr#organization","name":"Alamo - makes your dream come true at costa del sol","url":"https:\/\/alamocostadelsol.com\/fr","logo":{"@type":"ImageObject","inLanguage":"fr-FR","@id":"https:\/\/alamocostadelsol.com\/fr#\/schema\/logo\/image\/","url":"https:\/\/alamocostadelsol.com\/wp-content\/uploads\/2024\/05\/alamo-costa-del-sol-logotype.png","contentUrl":"https:\/\/alamocostadelsol.com\/wp-content\/uploads\/2024\/05\/alamo-costa-del-sol-logotype.png","width":773,"height":170,"caption":"Alamo - makes your dream come true at costa del sol"},"image":{"@id":"https:\/\/alamocostadelsol.com\/fr#\/schema\/logo\/image\/"},"sameAs":["https:\/\/www.facebook.com\/alamocostadelsol","https:\/\/www.instagram.com\/alamocostadelsol\/"]}]}},"_links":{"self":[{"href":"https:\/\/alamocostadelsol.com\/fr\/wp-json\/wp\/v2\/pages\/18816078","targetHints":{"allow":["GET"]}}],"collection":[{"href":"https:\/\/alamocostadelsol.com\/fr\/wp-json\/wp\/v2\/pages"}],"about":[{"href":"https:\/\/alamocostadelsol.com\/fr\/wp-json\/wp\/v2\/types\/page"}],"author":[{"embeddable":true,"href":"https:\/\/alamocostadelsol.com\/fr\/wp-json\/wp\/v2\/users\/3"}],"replies":[{"embeddable":true,"href":"https:\/\/alamocostadelsol.com\/fr\/wp-json\/wp\/v2\/comments?post=18816078"}],"version-history":[{"count":2,"href":"https:\/\/alamocostadelsol.com\/fr\/wp-json\/wp\/v2\/pages\/18816078\/revisions"}],"predecessor-version":[{"id":18816081,"href":"https:\/\/alamocostadelsol.com\/fr\/wp-json\/wp\/v2\/pages\/18816078\/revisions\/18816081"}],"up":[{"embeddable":true,"href":"https:\/\/alamocostadelsol.com\/fr\/wp-json\/wp\/v2\/pages\/18815809"}],"wp:attachment":[{"href":"https:\/\/alamocostadelsol.com\/fr\/wp-json\/wp\/v2\/media?parent=18816078"}],"wp:term":[{"taxonomy":"dipi_cpt_category","embeddable":true,"href":"https:\/\/alamocostadelsol.com\/fr\/wp-json\/wp\/v2\/dipi_cpt_category?post=18816078"}],"curies":[{"name":"wp","href":"https:\/\/api.w.org\/{rel}","templated":true}]}}