{"id":18816065,"date":"2025-05-12T13:41:24","date_gmt":"2025-05-12T11:41:24","guid":{"rendered":"https:\/\/alamocostadelsol.com\/telechargement-du-guide"},"modified":"2026-01-29T14:32:40","modified_gmt":"2026-01-29T13:32:40","slug":"telechargement-du-guide","status":"publish","type":"page","link":"https:\/\/alamocostadelsol.com\/fr\/telechargement-du-guide","title":{"rendered":"T\u00e9l\u00e9chargement du guide"},"content":{"rendered":"<p>[et_pb_section fb_built=\u00a0\u00bb1&Prime; admin_label=\u00a0\u00bbsection\u00a0\u00bb _builder_version=\u00a0\u00bb4.16&Prime; global_colors_info=\u00a0\u00bb{}\u00a0\u00bb][et_pb_row admin_label=\u00a0\u00bbrang\u00e9e\u00a0\u00bb _builder_version=\u00a0\u00bb4.16&Prime; background_size=\u00a0\u00bbinitial\u00a0\u00bb background_position=\u00a0\u00bbtop_left\u00a0\u00bb background_repeat=\u00a0\u00bbrepeat\u00a0\u00bb global_colors_info=\u00a0\u00bb{}\u00a0\u00bb][et_pb_column type=\u00a0\u00bb4_4&Prime; _builder_version=\u00a0\u00bb4.16&Prime; custom_padding=\u00a0\u00bb|||\u00a0\u00bb global_colors_info=\u00a0\u00bb{}\u00a0\u00bb custom_padding__hover=\u00a0\u00bb|||\u00a0\u00bb][et_pb_text admin_label=\u00a0\u00bbText\u00a0\u00bb _builder_version=\u00a0\u00bb4.27.4&Prime; background_size=\u00a0\u00bbinitial\u00a0\u00bb background_position=\u00a0\u00bbtop_left\u00a0\u00bb background_repeat=\u00a0\u00bbrepeat\u00a0\u00bb hover_enabled=\u00a0\u00bb0&Prime; global_colors_info=\u00a0\u00bb{}\u00a0\u00bb sticky_enabled=\u00a0\u00bb0&Prime;]<\/p>\n<p>&nbsp;<\/p>\n<h1 style=\"text-align: center;\">\u2705 Merci d\u2019avoir demand\u00e9 notre Guide !<\/h1>\n<h1 style=\"text-align: center;\">T\u00e9l\u00e9chargez-le dans la langue que vous souhaitez :<\/h1>\n<p>[\/et_pb_text][\/et_pb_column][\/et_pb_row][et_pb_row column_structure=\u00a0\u00bb1_2,1_2&Prime; _builder_version=\u00a0\u00bb4.27.4&Prime; _module_preset=\u00a0\u00bbdefault\u00a0\u00bb hover_enabled=\u00a0\u00bb0&Prime; global_colors_info=\u00a0\u00bb{}\u00a0\u00bb sticky_enabled=\u00a0\u00bb0&Prime;][et_pb_column type=\u00a0\u00bb1_2&Prime; _builder_version=\u00a0\u00bb4.27.4&Prime; _module_preset=\u00a0\u00bbdefault\u00a0\u00bb global_colors_info=\u00a0\u00bb{}\u00a0\u00bb][et_pb_text _builder_version=\u00a0\u00bb4.27.4&Prime; _module_preset=\u00a0\u00bbdefault\u00a0\u00bb hover_enabled=\u00a0\u00bb0&Prime; global_colors_info=\u00a0\u00bb{}\u00a0\u00bb sticky_enabled=\u00a0\u00bb0&Prime; custom_padding=\u00a0\u00bb|||261px||\u00a0\u00bb]<\/p>\n<h1 style=\"text-align: center;\"><strong data-start=\"1006\" data-end=\"1039\">Guide d\u2019achat<\/strong><\/h1>\n<h1 style=\"text-align: center;\"><strong data-start=\"1006\" data-end=\"1039\">\ud83d\udc49<a href=\"https:\/\/alamocostadelsol.com\/wp-content\/uploads\/2025\/09\/English-Buyers-Guide.pdf\" target=\"_blank\" rel=\"noopener\"> <span style=\"text-decoration: underline;\">Anglais<\/span><\/a><\/strong><\/h1>\n<h1 style=\"text-align: center;\"><strong data-start=\"1006\" data-end=\"1039\">\ud83d\udc49<a href=\"https:\/\/alamocostadelsol.com\/wp-content\/uploads\/2025\/09\/Swedish-Buyers-Guide.pdf\" target=\"_blank\" rel=\"noopener\"> <span style=\"text-decoration: underline;\">Svenska<\/span><\/a><\/strong><\/h1>\n<h1 style=\"text-align: center;\"><strong data-start=\"1006\" data-end=\"1039\">\ud83d\udc49<a href=\"https:\/\/alamocostadelsol.com\/wp-content\/uploads\/2025\/09\/Spanish-Buyers-Guide.pdf\" target=\"_blank\" rel=\"noopener\"> <span style=\"text-decoration: underline;\">Espagnol<\/span><\/a><\/strong><\/h1>\n<p><strong data-start=\"1006\" data-end=\"1039\"><\/strong><\/p>\n<p>[\/et_pb_text][\/et_pb_column][et_pb_column type=\u00a0\u00bb1_2&Prime; _builder_version=\u00a0\u00bb4.27.4&Prime; _module_preset=\u00a0\u00bbdefault\u00a0\u00bb global_colors_info=\u00a0\u00bb{}\u00a0\u00bb][et_pb_text _builder_version=\u00a0\u00bb4.27.4&Prime; _module_preset=\u00a0\u00bbdefault\u00a0\u00bb hover_enabled=\u00a0\u00bb0&Prime; global_colors_info=\u00a0\u00bb{}\u00a0\u00bb sticky_enabled=\u00a0\u00bb0&Prime; width=\u00a0\u00bb63.9%\u00a0\u00bb]<\/p>\n<h1 style=\"text-align: center;\"><strong>Guide du vendeur<\/strong><\/h1>\n<h1 style=\"text-align: center;\"><strong data-start=\"1006\" data-end=\"1039\">\ud83d\udc49<a href=\"https:\/\/alamocostadelsol.com\/wp-content\/uploads\/2025\/09\/Sellers-Guide-English.pdf\" target=\"_blank\" rel=\"noopener\"> <span style=\"text-decoration: underline;\">Anglais<\/span><\/a><\/strong><\/h1>\n<h1 style=\"text-align: center;\"><strong data-start=\"1006\" data-end=\"1039\">\ud83d\udc49<a href=\"https:\/\/alamocostadelsol.com\/wp-content\/uploads\/2025\/09\/Sellers-Guide-Swedish.pdf\" target=\"_blank\" rel=\"noopener\"> <span style=\"text-decoration: underline;\">Svenska<\/span><\/a><\/strong><\/h1>\n<h1 style=\"text-align: center;\"><strong data-start=\"1006\" data-end=\"1039\">\ud83d\udc49<a href=\"https:\/\/alamocostadelsol.com\/wp-content\/uploads\/2025\/09\/Sellers-Guide-Spanish.pdf\" target=\"_blank\" rel=\"noopener\"> <span style=\"text-decoration: underline;\">Espagnol<\/span><\/a><\/strong><\/h1>\n<p>[\/et_pb_text][\/et_pb_column][\/et_pb_row][\/et_pb_section]<\/p>\n","protected":false},"excerpt":{"rendered":"<p>&nbsp; \u2705 Merci d\u2019avoir demand\u00e9 notre Guide ! T\u00e9l\u00e9chargez-le dans la langue que vous souhaitez :Guide d\u2019achat \ud83d\udc49 Anglais \ud83d\udc49 Svenska \ud83d\udc49 Espagnol Guide du vendeur \ud83d\udc49 Anglais \ud83d\udc49 Svenska \ud83d\udc49 Espagnol<\/p>\n","protected":false},"author":3,"featured_media":0,"parent":0,"menu_order":0,"comment_status":"closed","ping_status":"closed","template":"","meta":{"_et_pb_use_builder":"on","_et_pb_old_content":"","_et_gb_content_width":"","footnotes":""},"dipi_cpt_category":[],"class_list":["post-18816065","page","type-page","status-publish","hentry"],"yoast_head":"<!-- This site is optimized with the Yoast SEO plugin v25.8 - https:\/\/yoast.com\/wordpress\/plugins\/seo\/ -->\n<title>T\u00e9l\u00e9chargez votre guide immobilier de Costa del Sol | Alamo<\/title>\n<meta name=\"description\" content=\"Merci d\u2019avoir demand\u00e9 notre guide des propri\u00e9t\u00e9s de Costa del Sol. T\u00e9l\u00e9chargez ci-dessous votre guide d\u2019achat ou de vendeur dans la langue que vous souhaitez souhaiter.\" \/>\n<meta name=\"robots\" content=\"noindex, nofollow\" \/>\n<meta property=\"og:locale\" content=\"fr_FR\" \/>\n<meta property=\"og:type\" content=\"article\" \/>\n<meta property=\"og:title\" content=\"T\u00e9l\u00e9chargez votre guide immobilier de Costa del Sol | Alamo\" \/>\n<meta property=\"og:description\" content=\"Merci d\u2019avoir demand\u00e9 notre guide des propri\u00e9t\u00e9s de Costa del Sol. T\u00e9l\u00e9chargez ci-dessous votre guide d\u2019achat ou de vendeur dans la langue que vous souhaitez souhaiter.\" \/>\n<meta property=\"og:url\" content=\"https:\/\/alamocostadelsol.com\/fr\/telechargement-du-guide\" \/>\n<meta property=\"og:site_name\" content=\"Alamo - makes your dream come true at costa del sol\" \/>\n<meta property=\"article:publisher\" content=\"https:\/\/www.facebook.com\/alamocostadelsol\" \/>\n<meta property=\"article:modified_time\" content=\"2026-01-29T13:32:40+00:00\" \/>\n<meta name=\"twitter:card\" content=\"summary_large_image\" \/>\n<meta name=\"twitter:label1\" content=\"Dur\u00e9e de lecture estim\u00e9e\" \/>\n\t<meta name=\"twitter:data1\" content=\"1 minute\" \/>\n<script type=\"application\/ld+json\" class=\"yoast-schema-graph\">{\"@context\":\"https:\/\/schema.org\",\"@graph\":[{\"@type\":\"WebPage\",\"@id\":\"https:\/\/alamocostadelsol.com\/fr\/telechargement-du-guide\",\"url\":\"https:\/\/alamocostadelsol.com\/fr\/telechargement-du-guide\",\"name\":\"T\u00e9l\u00e9chargez votre guide immobilier de Costa del Sol | Alamo\",\"isPartOf\":{\"@id\":\"https:\/\/alamocostadelsol.com\/fr#website\"},\"datePublished\":\"2025-05-12T11:41:24+00:00\",\"dateModified\":\"2026-01-29T13:32:40+00:00\",\"description\":\"Merci d\u2019avoir demand\u00e9 notre guide des propri\u00e9t\u00e9s de Costa del Sol. T\u00e9l\u00e9chargez ci-dessous votre guide d\u2019achat ou de vendeur dans la langue que vous souhaitez souhaiter.\",\"breadcrumb\":{\"@id\":\"https:\/\/alamocostadelsol.com\/fr\/telechargement-du-guide#breadcrumb\"},\"inLanguage\":\"fr-FR\",\"potentialAction\":[{\"@type\":\"ReadAction\",\"target\":[\"https:\/\/alamocostadelsol.com\/fr\/telechargement-du-guide\"]}]},{\"@type\":\"BreadcrumbList\",\"@id\":\"https:\/\/alamocostadelsol.com\/fr\/telechargement-du-guide#breadcrumb\",\"itemListElement\":[{\"@type\":\"ListItem\",\"position\":1,\"name\":\"Home\",\"item\":\"https:\/\/alamocostadelsol.com\/fr\"},{\"@type\":\"ListItem\",\"position\":2,\"name\":\"T\u00e9l\u00e9chargement du guide\"}]},{\"@type\":\"WebSite\",\"@id\":\"https:\/\/alamocostadelsol.com\/fr#website\",\"url\":\"https:\/\/alamocostadelsol.com\/fr\",\"name\":\"Alamo - makes your dream come true at costa del sol\",\"description\":\"\",\"publisher\":{\"@id\":\"https:\/\/alamocostadelsol.com\/fr#organization\"},\"potentialAction\":[{\"@type\":\"SearchAction\",\"target\":{\"@type\":\"EntryPoint\",\"urlTemplate\":\"https:\/\/alamocostadelsol.com\/fr?s={search_term_string}\"},\"query-input\":{\"@type\":\"PropertyValueSpecification\",\"valueRequired\":true,\"valueName\":\"search_term_string\"}}],\"inLanguage\":\"fr-FR\"},{\"@type\":\"Organization\",\"@id\":\"https:\/\/alamocostadelsol.com\/fr#organization\",\"name\":\"Alamo - makes your dream come true at costa del sol\",\"url\":\"https:\/\/alamocostadelsol.com\/fr\",\"logo\":{\"@type\":\"ImageObject\",\"inLanguage\":\"fr-FR\",\"@id\":\"https:\/\/alamocostadelsol.com\/fr#\/schema\/logo\/image\/\",\"url\":\"https:\/\/alamocostadelsol.com\/wp-content\/uploads\/2024\/05\/alamo-costa-del-sol-logotype.png\",\"contentUrl\":\"https:\/\/alamocostadelsol.com\/wp-content\/uploads\/2024\/05\/alamo-costa-del-sol-logotype.png\",\"width\":773,\"height\":170,\"caption\":\"Alamo - makes your dream come true at costa del sol\"},\"image\":{\"@id\":\"https:\/\/alamocostadelsol.com\/fr#\/schema\/logo\/image\/\"},\"sameAs\":[\"https:\/\/www.facebook.com\/alamocostadelsol\",\"https:\/\/www.instagram.com\/alamocostadelsol\/\"]}]}<\/script>\n<!-- \/ Yoast SEO plugin. -->","yoast_head_json":{"title":"T\u00e9l\u00e9chargez votre guide immobilier de Costa del Sol | Alamo","description":"Merci d\u2019avoir demand\u00e9 notre guide des propri\u00e9t\u00e9s de Costa del Sol. T\u00e9l\u00e9chargez ci-dessous votre guide d\u2019achat ou de vendeur dans la langue que vous souhaitez souhaiter.","robots":{"index":"noindex","follow":"nofollow"},"og_locale":"fr_FR","og_type":"article","og_title":"T\u00e9l\u00e9chargez votre guide immobilier de Costa del Sol | Alamo","og_description":"Merci d\u2019avoir demand\u00e9 notre guide des propri\u00e9t\u00e9s de Costa del Sol. T\u00e9l\u00e9chargez ci-dessous votre guide d\u2019achat ou de vendeur dans la langue que vous souhaitez souhaiter.","og_url":"https:\/\/alamocostadelsol.com\/fr\/telechargement-du-guide","og_site_name":"Alamo - makes your dream come true at costa del sol","article_publisher":"https:\/\/www.facebook.com\/alamocostadelsol","article_modified_time":"2026-01-29T13:32:40+00:00","twitter_card":"summary_large_image","twitter_misc":{"Dur\u00e9e de lecture estim\u00e9e":"1 minute"},"schema":{"@context":"https:\/\/schema.org","@graph":[{"@type":"WebPage","@id":"https:\/\/alamocostadelsol.com\/fr\/telechargement-du-guide","url":"https:\/\/alamocostadelsol.com\/fr\/telechargement-du-guide","name":"T\u00e9l\u00e9chargez votre guide immobilier de Costa del Sol | Alamo","isPartOf":{"@id":"https:\/\/alamocostadelsol.com\/fr#website"},"datePublished":"2025-05-12T11:41:24+00:00","dateModified":"2026-01-29T13:32:40+00:00","description":"Merci d\u2019avoir demand\u00e9 notre guide des propri\u00e9t\u00e9s de Costa del Sol. T\u00e9l\u00e9chargez ci-dessous votre guide d\u2019achat ou de vendeur dans la langue que vous souhaitez souhaiter.","breadcrumb":{"@id":"https:\/\/alamocostadelsol.com\/fr\/telechargement-du-guide#breadcrumb"},"inLanguage":"fr-FR","potentialAction":[{"@type":"ReadAction","target":["https:\/\/alamocostadelsol.com\/fr\/telechargement-du-guide"]}]},{"@type":"BreadcrumbList","@id":"https:\/\/alamocostadelsol.com\/fr\/telechargement-du-guide#breadcrumb","itemListElement":[{"@type":"ListItem","position":1,"name":"Home","item":"https:\/\/alamocostadelsol.com\/fr"},{"@type":"ListItem","position":2,"name":"T\u00e9l\u00e9chargement du guide"}]},{"@type":"WebSite","@id":"https:\/\/alamocostadelsol.com\/fr#website","url":"https:\/\/alamocostadelsol.com\/fr","name":"Alamo - makes your dream come true at costa del sol","description":"","publisher":{"@id":"https:\/\/alamocostadelsol.com\/fr#organization"},"potentialAction":[{"@type":"SearchAction","target":{"@type":"EntryPoint","urlTemplate":"https:\/\/alamocostadelsol.com\/fr?s={search_term_string}"},"query-input":{"@type":"PropertyValueSpecification","valueRequired":true,"valueName":"search_term_string"}}],"inLanguage":"fr-FR"},{"@type":"Organization","@id":"https:\/\/alamocostadelsol.com\/fr#organization","name":"Alamo - makes your dream come true at costa del sol","url":"https:\/\/alamocostadelsol.com\/fr","logo":{"@type":"ImageObject","inLanguage":"fr-FR","@id":"https:\/\/alamocostadelsol.com\/fr#\/schema\/logo\/image\/","url":"https:\/\/alamocostadelsol.com\/wp-content\/uploads\/2024\/05\/alamo-costa-del-sol-logotype.png","contentUrl":"https:\/\/alamocostadelsol.com\/wp-content\/uploads\/2024\/05\/alamo-costa-del-sol-logotype.png","width":773,"height":170,"caption":"Alamo - makes your dream come true at costa del sol"},"image":{"@id":"https:\/\/alamocostadelsol.com\/fr#\/schema\/logo\/image\/"},"sameAs":["https:\/\/www.facebook.com\/alamocostadelsol","https:\/\/www.instagram.com\/alamocostadelsol\/"]}]}},"_links":{"self":[{"href":"https:\/\/alamocostadelsol.com\/fr\/wp-json\/wp\/v2\/pages\/18816065","targetHints":{"allow":["GET"]}}],"collection":[{"href":"https:\/\/alamocostadelsol.com\/fr\/wp-json\/wp\/v2\/pages"}],"about":[{"href":"https:\/\/alamocostadelsol.com\/fr\/wp-json\/wp\/v2\/types\/page"}],"author":[{"embeddable":true,"href":"https:\/\/alamocostadelsol.com\/fr\/wp-json\/wp\/v2\/users\/3"}],"replies":[{"embeddable":true,"href":"https:\/\/alamocostadelsol.com\/fr\/wp-json\/wp\/v2\/comments?post=18816065"}],"version-history":[{"count":2,"href":"https:\/\/alamocostadelsol.com\/fr\/wp-json\/wp\/v2\/pages\/18816065\/revisions"}],"predecessor-version":[{"id":18816067,"href":"https:\/\/alamocostadelsol.com\/fr\/wp-json\/wp\/v2\/pages\/18816065\/revisions\/18816067"}],"wp:attachment":[{"href":"https:\/\/alamocostadelsol.com\/fr\/wp-json\/wp\/v2\/media?parent=18816065"}],"wp:term":[{"taxonomy":"dipi_cpt_category","embeddable":true,"href":"https:\/\/alamocostadelsol.com\/fr\/wp-json\/wp\/v2\/dipi_cpt_category?post=18816065"}],"curies":[{"name":"wp","href":"https:\/\/api.w.org\/{rel}","templated":true}]}}