{"id":18816008,"date":"2025-12-09T16:08:28","date_gmt":"2025-12-09T15:08:28","guid":{"rendered":"https:\/\/alamocostadelsol.com\/partenaires-de-confiance"},"modified":"2026-01-29T14:32:29","modified_gmt":"2026-01-29T13:32:29","slug":"partenaires-de-confiance","status":"publish","type":"page","link":"https:\/\/alamocostadelsol.com\/fr\/partenaires-de-confiance","title":{"rendered":"Partenaires de confiance"},"content":{"rendered":"<p>[et_pb_section fb_built=\u00a0\u00bb1&Prime; _builder_version=\u00a0\u00bb4.27.4&Prime; _module_preset=\u00a0\u00bbdefault\u00a0\u00bb global_colors_info=\u00a0\u00bb{}\u00a0\u00bb][et_pb_row _builder_version=\u00a0\u00bb4.27.4&Prime; _module_preset=\u00a0\u00bbdefault\u00a0\u00bb custom_margin=\u00a0\u00bb-49px|auto||auto||\u00a0\u00bb global_colors_info=\u00a0\u00bb{}\u00a0\u00bb][et_pb_column type=\u00a0\u00bb4_4&Prime; _builder_version=\u00a0\u00bb4.27.4&Prime; _module_preset=\u00a0\u00bbdefault\u00a0\u00bb global_colors_info=\u00a0\u00bb{}\u00a0\u00bb][et_pb_text _builder_version=\u00a0\u00bb4.25.2&Prime; _module_preset=\u00a0\u00bbdefault\u00a0\u00bb text_font=\u00a0\u00bbMarcellus||||||||\u00a0\u00bb text_font_size=\u00a0\u00bb20px\u00a0\u00bb text_line_height=\u00a0\u00bb2em\u00a0\u00bb header_font=\u00a0\u00bbMarcellus|700|||||||\u00a0\u00bb header_text_align=\u00a0\u00bbcenter\u00a0\u00bb header_font_size=\u00a0\u00bb3rem\u00a0\u00bb text_orientation=\u00a0\u00bbcenter\u00a0\u00bb header_font_size_tablet=\u00a0\u00bb3rem\u00a0\u00bb header_font_size_phone=\u00a0\u00bb2.5rem\u00a0\u00bb header_font_size_last_edited=\u00a0\u00bbon|phone\u00a0\u00bb header_line_height_tablet=\u00a0\u00bb1.3em\u00a0\u00bb header_line_height_phone=\u00a0\u00bb1.3em\u00a0\u00bb header_line_height_last_edited=\u00a0\u00bbon|tablet\u00a0\u00bb global_colors_info=\u00a0\u00bb{}\u00a0\u00bb]<\/p>\n<h1 class=\"header-text text-3xl xl:text-5xl tracking-tight text-primary mb-4 lg:mb-9 mx-auto text-center\">PARTENAIRES DE CONFIANCE<\/h1>\n<p data-start=\"132\" data-end=\"237\">Un r\u00e9seau soigneusement s\u00e9lectionn\u00e9 de professionnels en qui nous avons confiance pour offrir un service exceptionnel \u00e0 nos clients.<\/p>\n<p data-start=\"239\" data-end=\"338\">\n<p>[\/et_pb_text][\/et_pb_column][\/et_pb_row][et_pb_row column_structure=\u00a0\u00bb1_3,1_3,1_3&Prime; _builder_version=\u00a0\u00bb4.27.4&Prime; _module_preset=\u00a0\u00bbdefault\u00a0\u00bb global_colors_info=\u00a0\u00bb{}\u00a0\u00bb][et_pb_column type=\u00a0\u00bb1_3&Prime; _builder_version=\u00a0\u00bb4.27.4&Prime; _module_preset=\u00a0\u00bbdefault\u00a0\u00bb global_colors_info=\u00a0\u00bb{}\u00a0\u00bb][et_pb_team_member name=\u00a0\u00bbAvocat\u00a0\u00bb image_url=\u00a0\u00bbhttps:\/\/alamocostadelsol.com\/wp-content\/uploads\/2025\/12\/2.png\u00a0\u00bb _builder_version=\u00a0\u00bb4.27.4&Prime; _module_preset=\u00a0\u00bbdefault\u00a0\u00bb global_colors_info=\u00a0\u00bb{}\u00a0\u00bb]<\/p>\n<p style=\"text-align: left;\"><a href=\"https:\/\/www.olmedoytorres.com\/\" target=\"_blank\" rel=\"noopener\">https:\/\/www.olmedoytorres.com\/<\/a><\/p>\n<p>[\/et_pb_team_member][et_pb_team_member name=\u00a0\u00bbConstruction\u00a0\u00bb image_url=\u00a0\u00bbhttps:\/\/alamocostadelsol.com\/wp-content\/uploads\/2025\/12\/1.png\u00a0\u00bb name_tablet=\u00a0\u00bbConstruction\u00a0\u00bb name_phone=\u00a0\u00bbConstruction\u00a0\u00bb name_last_edited=\u00a0\u00bbon|desktop\u00a0\u00bb _builder_version=\u00a0\u00bb4.27.4&Prime; _module_preset=\u00a0\u00bbdefault\u00a0\u00bb custom_padding=\u00a0\u00bb||0px||false|false\u00a0\u00bb global_colors_info=\u00a0\u00bb{}\u00a0\u00bb]<\/p>\n<p style=\"text-align: left;\"><a href=\"https:\/\/www.optimarhome.com\/\" target=\"_blank\" rel=\"noopener\">https:\/\/www.optimarhome.com\/<\/a><\/p>\n<p>[\/et_pb_team_member][et_pb_team_member name=\u00a0\u00bb\u00c9change de devises\u00a0\u00bb image_url=\u00a0\u00bbhttps:\/\/alamocostadelsol.com\/wp-content\/uploads\/2025\/12\/7.png\u00a0\u00bb _builder_version=\u00a0\u00bb4.27.4&Prime; _module_preset=\u00a0\u00bbdefault\u00a0\u00bb global_colors_info=\u00a0\u00bb{}\u00a0\u00bb]<\/p>\n<p><a href=\"https:\/\/www.currenciesdirect.com\/en-es\" target=\"_blank\" rel=\"noopener\">https:\/\/www.currenciesdirect.com\/<\/a><\/p>\n<p>[\/et_pb_team_member][et_pb_team_member name=\u00a0\u00bbBanque\u00a0\u00bb image_url=\u00a0\u00bbhttps:\/\/alamocostadelsol.com\/wp-content\/uploads\/2025\/12\/10.png\u00a0\u00bb _builder_version=\u00a0\u00bb4.27.4&Prime; _module_preset=\u00a0\u00bbdefault\u00a0\u00bb hover_enabled=\u00a0\u00bb0&Prime; global_colors_info=\u00a0\u00bb{}\u00a0\u00bb sticky_enabled=\u00a0\u00bb0&Prime;]<\/p>\n<p><a href=\"https:\/\/www.cajamar.es\/es\/comun\/\" target=\"_blank\" rel=\"noopener\">https:\/\/www.cajamar.es\/<\/a><\/p>\n<p>[\/et_pb_team_member][et_pb_team_member name=\u00a0\u00bbJournal\u00a0\u00bb image_url=\u00a0\u00bbhttps:\/\/alamocostadelsol.com\/wp-content\/uploads\/2025\/12\/12.png\u00a0\u00bb _builder_version=\u00a0\u00bb4.27.4&Prime; _module_preset=\u00a0\u00bbdefault\u00a0\u00bb hover_enabled=\u00a0\u00bb0&Prime; sticky_enabled=\u00a0\u00bb0&Prime; title_text=\u00a0\u00bb12&Prime;]<\/p>\n<p><a href=\"https:\/\/svenskamagasinet.nu\/\" target=\"_blank\" rel=\"noopener\">https:\/\/svenskamagasinet.nu\/<\/a><\/p>\n<p>[\/et_pb_team_member][\/et_pb_column][et_pb_column type=\u00a0\u00bb1_3&Prime; _builder_version=\u00a0\u00bb4.27.4&Prime; _module_preset=\u00a0\u00bbdefault\u00a0\u00bb global_colors_info=\u00a0\u00bb{}\u00a0\u00bb][et_pb_team_member name=\u00a0\u00bbAvocat\u00a0\u00bb image_url=\u00a0\u00bbhttps:\/\/alamocostadelsol.com\/wp-content\/uploads\/2025\/12\/3.png\u00a0\u00bb _builder_version=\u00a0\u00bb4.27.4&Prime; _module_preset=\u00a0\u00bbdefault\u00a0\u00bb global_colors_info=\u00a0\u00bb{}\u00a0\u00bb]<\/p>\n<p><a href=\"https:\/\/www.mgconsulting.es\/es\/\" target=\"_blank\" rel=\"noopener\">https:\/\/www.mgconsulting.es\/<\/a><\/p>\n<p>[\/et_pb_team_member][et_pb_team_member name=\u00a0\u00bbLocation de voitures\u00a0\u00bb image_url=\u00a0\u00bbhttps:\/\/alamocostadelsol.com\/wp-content\/uploads\/2025\/12\/4.png\u00a0\u00bb _builder_version=\u00a0\u00bb4.27.4&Prime; _module_preset=\u00a0\u00bbdefault\u00a0\u00bb global_colors_info=\u00a0\u00bb{}\u00a0\u00bb]<\/p>\n<p><a href=\"https:\/\/cylinders.rent\/\" target=\"_blank\" rel=\"noopener\">https:\/\/cylinders.rent\/<\/a><\/p>\n<p>[\/et_pb_team_member][et_pb_team_member name=\u00a0\u00bbR\u00e9paration\u00a0\u00bb image_url=\u00a0\u00bbhttps:\/\/alamocostadelsol.com\/wp-content\/uploads\/2025\/12\/8.png\u00a0\u00bb _builder_version=\u00a0\u00bb4.27.4&Prime; _module_preset=\u00a0\u00bbdefault\u00a0\u00bb global_colors_info=\u00a0\u00bb{}\u00a0\u00bb]<\/p>\n<p><a href=\"https:\/\/fix.es\/\" target=\"_blank\" rel=\"noopener\">https:\/\/fix.es\/<\/a><\/p>\n<p>[\/et_pb_team_member][et_pb_team_member name=\u00a0\u00bbBanque\u00a0\u00bb image_url=\u00a0\u00bbhttps:\/\/alamocostadelsol.com\/wp-content\/uploads\/2025\/12\/11.png\u00a0\u00bb _builder_version=\u00a0\u00bb4.27.4&Prime; _module_preset=\u00a0\u00bbdefault\u00a0\u00bb global_colors_info=\u00a0\u00bb{}\u00a0\u00bb]<\/p>\n<p><a href=\"https:\/\/www.bbva.es\/personas.html\" target=\"_blank\" rel=\"noopener\">https:\/\/www.bbva.es\/<\/a><\/p>\n<p>[\/et_pb_team_member][\/et_pb_column][et_pb_column type=\u00a0\u00bb1_3&Prime; _builder_version=\u00a0\u00bb4.27.4&Prime; _module_preset=\u00a0\u00bbdefault\u00a0\u00bb global_colors_info=\u00a0\u00bb{}\u00a0\u00bb][et_pb_team_member name=\u00a0\u00bbCr\u00e9ation de la page d\u2019accueil\u00a0\u00bb image_url=\u00a0\u00bbhttps:\/\/alamocostadelsol.com\/wp-content\/uploads\/2025\/12\/5.png\u00a0\u00bb _builder_version=\u00a0\u00bb4.27.4&Prime; _module_preset=\u00a0\u00bbdefault\u00a0\u00bb global_colors_info=\u00a0\u00bb{}\u00a0\u00bb]<\/p>\n<p><a href=\"https:\/\/costawebpartners.com\/\" target=\"_blank\" rel=\"noopener\">https:\/\/costawebpartners.com\/<\/a><\/p>\n<p>[\/et_pb_team_member][et_pb_team_member name=\u00a0\u00bbDentiste\u00a0\u00bb image_url=\u00a0\u00bbhttps:\/\/alamocostadelsol.com\/wp-content\/uploads\/2025\/12\/6.png\u00a0\u00bb _builder_version=\u00a0\u00bb4.27.4&Prime; _module_preset=\u00a0\u00bbdefault\u00a0\u00bb global_colors_info=\u00a0\u00bb{}\u00a0\u00bb]<\/p>\n<p><a href=\"https:\/\/dentistinspain.com\/\" target=\"_blank\" rel=\"noopener\"><br \/>\nhttps:\/\/dentistinspain.com\/<\/a><\/p>\n<p>[\/et_pb_team_member][et_pb_team_member name=\u00a0\u00bbAlarme\u00a0\u00bb image_url=\u00a0\u00bbhttps:\/\/alamocostadelsol.com\/wp-content\/uploads\/2025\/12\/9.png\u00a0\u00bb _builder_version=\u00a0\u00bb4.27.4&Prime; _module_preset=\u00a0\u00bbdefault\u00a0\u00bb global_colors_info=\u00a0\u00bb{}\u00a0\u00bb]<\/p>\n<p><a href=\"https:\/\/www.securitasdirect.es\/\" target=\"_blank\" rel=\"noopener\">https:\/\/www.securitasdirect.es\/<\/a><\/p>\n<p>[\/et_pb_team_member][et_pb_team_member name=\u00a0\u00bbCourtier en pr\u00eats hypoth\u00e9caires\u00a0\u00bb image_url=\u00a0\u00bbhttps:\/\/alamocostadelsol.com\/wp-content\/uploads\/2025\/12\/13.png\u00a0\u00bb _builder_version=\u00a0\u00bb4.27.4&Prime; _module_preset=\u00a0\u00bbdefault\u00a0\u00bb title_text=\u00a0\u00bb13&Prime; hover_enabled=\u00a0\u00bb0&Prime; sticky_enabled=\u00a0\u00bb0&Prime;]<\/p>\n<p><a href=\"https:\/\/habeno.com\/en\" target=\"_blank\" rel=\"noopener\">https:\/\/habeno.com\/<\/a><\/p>\n<p>[\/et_pb_team_member][\/et_pb_column][\/et_pb_row][\/et_pb_section]<\/p>\n","protected":false},"excerpt":{"rendered":"<p>PARTENAIRES DE CONFIANCE Un r\u00e9seau soigneusement s\u00e9lectionn\u00e9 de professionnels en qui nous avons confiance pour offrir un service exceptionnel \u00e0 nos clients. https:\/\/www.olmedoytorres.com\/https:\/\/www.optimarhome.com\/https:\/\/www.currenciesdirect.com\/https:\/\/www.cajamar.es\/https:\/\/svenskamagasinet.nu\/https:\/\/www.mgconsulting.es\/https:\/\/cylinders.rent\/https:\/\/fix.es\/https:\/\/www.bbva.es\/https:\/\/costawebpartners.com\/ https:\/\/dentistinspain.com\/https:\/\/www.securitasdirect.es\/https:\/\/habeno.com\/<\/p>\n","protected":false},"author":3,"featured_media":0,"parent":0,"menu_order":0,"comment_status":"closed","ping_status":"closed","template":"","meta":{"_et_pb_use_builder":"on","_et_pb_old_content":"","_et_gb_content_width":"","footnotes":""},"dipi_cpt_category":[],"class_list":["post-18816008","page","type-page","status-publish","hentry"],"yoast_head":"<!-- This site is optimized with the Yoast SEO plugin v25.8 - https:\/\/yoast.com\/wordpress\/plugins\/seo\/ -->\n<title>Partenaires de confiance sur la Costa del Sol | Alamo<\/title>\n<meta name=\"description\" content=\"Nos partenaires de confiance sur la Costa del Sol comprennent des avocats, des entreprises de construction, des fournisseurs de change de devises, des locations de voitures et des prestataires de services essentiels.\" \/>\n<meta name=\"robots\" content=\"index, follow, max-snippet:-1, max-image-preview:large, max-video-preview:-1\" \/>\n<link rel=\"canonical\" href=\"https:\/\/alamocostadelsol.com\/fr\/partenaires-de-confiance\" \/>\n<meta property=\"og:locale\" content=\"fr_FR\" \/>\n<meta property=\"og:type\" content=\"article\" \/>\n<meta property=\"og:title\" content=\"Partenaires de confiance sur la Costa del Sol | Alamo\" \/>\n<meta property=\"og:description\" content=\"Nos partenaires de confiance sur la Costa del Sol comprennent des avocats, des entreprises de construction, des fournisseurs de change de devises, des locations de voitures et des prestataires de services essentiels.\" \/>\n<meta property=\"og:url\" content=\"https:\/\/alamocostadelsol.com\/fr\/partenaires-de-confiance\" \/>\n<meta property=\"og:site_name\" content=\"Alamo - makes your dream come true at costa del sol\" \/>\n<meta property=\"article:publisher\" content=\"https:\/\/www.facebook.com\/alamocostadelsol\" \/>\n<meta property=\"article:modified_time\" content=\"2026-01-29T13:32:29+00:00\" \/>\n<meta name=\"twitter:card\" content=\"summary_large_image\" \/>\n<meta name=\"twitter:label1\" content=\"Dur\u00e9e de lecture estim\u00e9e\" \/>\n\t<meta name=\"twitter:data1\" content=\"3 minutes\" \/>\n<script type=\"application\/ld+json\" class=\"yoast-schema-graph\">{\"@context\":\"https:\/\/schema.org\",\"@graph\":[{\"@type\":\"WebPage\",\"@id\":\"https:\/\/alamocostadelsol.com\/fr\/partenaires-de-confiance\",\"url\":\"https:\/\/alamocostadelsol.com\/fr\/partenaires-de-confiance\",\"name\":\"Partenaires de confiance sur la Costa del Sol | Alamo\",\"isPartOf\":{\"@id\":\"https:\/\/alamocostadelsol.com\/fr#website\"},\"datePublished\":\"2025-12-09T15:08:28+00:00\",\"dateModified\":\"2026-01-29T13:32:29+00:00\",\"description\":\"Nos partenaires de confiance sur la Costa del Sol comprennent des avocats, des entreprises de construction, des fournisseurs de change de devises, des locations de voitures et des prestataires de services essentiels.\",\"breadcrumb\":{\"@id\":\"https:\/\/alamocostadelsol.com\/fr\/partenaires-de-confiance#breadcrumb\"},\"inLanguage\":\"fr-FR\",\"potentialAction\":[{\"@type\":\"ReadAction\",\"target\":[\"https:\/\/alamocostadelsol.com\/fr\/partenaires-de-confiance\"]}]},{\"@type\":\"BreadcrumbList\",\"@id\":\"https:\/\/alamocostadelsol.com\/fr\/partenaires-de-confiance#breadcrumb\",\"itemListElement\":[{\"@type\":\"ListItem\",\"position\":1,\"name\":\"Home\",\"item\":\"https:\/\/alamocostadelsol.com\/fr\"},{\"@type\":\"ListItem\",\"position\":2,\"name\":\"Partenaires de confiance\"}]},{\"@type\":\"WebSite\",\"@id\":\"https:\/\/alamocostadelsol.com\/fr#website\",\"url\":\"https:\/\/alamocostadelsol.com\/fr\",\"name\":\"Alamo - makes your dream come true at costa del sol\",\"description\":\"\",\"publisher\":{\"@id\":\"https:\/\/alamocostadelsol.com\/fr#organization\"},\"potentialAction\":[{\"@type\":\"SearchAction\",\"target\":{\"@type\":\"EntryPoint\",\"urlTemplate\":\"https:\/\/alamocostadelsol.com\/fr?s={search_term_string}\"},\"query-input\":{\"@type\":\"PropertyValueSpecification\",\"valueRequired\":true,\"valueName\":\"search_term_string\"}}],\"inLanguage\":\"fr-FR\"},{\"@type\":\"Organization\",\"@id\":\"https:\/\/alamocostadelsol.com\/fr#organization\",\"name\":\"Alamo - makes your dream come true at costa del sol\",\"url\":\"https:\/\/alamocostadelsol.com\/fr\",\"logo\":{\"@type\":\"ImageObject\",\"inLanguage\":\"fr-FR\",\"@id\":\"https:\/\/alamocostadelsol.com\/fr#\/schema\/logo\/image\/\",\"url\":\"https:\/\/alamocostadelsol.com\/wp-content\/uploads\/2024\/05\/alamo-costa-del-sol-logotype.png\",\"contentUrl\":\"https:\/\/alamocostadelsol.com\/wp-content\/uploads\/2024\/05\/alamo-costa-del-sol-logotype.png\",\"width\":773,\"height\":170,\"caption\":\"Alamo - makes your dream come true at costa del sol\"},\"image\":{\"@id\":\"https:\/\/alamocostadelsol.com\/fr#\/schema\/logo\/image\/\"},\"sameAs\":[\"https:\/\/www.facebook.com\/alamocostadelsol\",\"https:\/\/www.instagram.com\/alamocostadelsol\/\"]}]}<\/script>\n<!-- \/ Yoast SEO plugin. -->","yoast_head_json":{"title":"Partenaires de confiance sur la Costa del Sol | Alamo","description":"Nos partenaires de confiance sur la Costa del Sol comprennent des avocats, des entreprises de construction, des fournisseurs de change de devises, des locations de voitures et des prestataires de services essentiels.","robots":{"index":"index","follow":"follow","max-snippet":"max-snippet:-1","max-image-preview":"max-image-preview:large","max-video-preview":"max-video-preview:-1"},"canonical":"https:\/\/alamocostadelsol.com\/fr\/partenaires-de-confiance","og_locale":"fr_FR","og_type":"article","og_title":"Partenaires de confiance sur la Costa del Sol | Alamo","og_description":"Nos partenaires de confiance sur la Costa del Sol comprennent des avocats, des entreprises de construction, des fournisseurs de change de devises, des locations de voitures et des prestataires de services essentiels.","og_url":"https:\/\/alamocostadelsol.com\/fr\/partenaires-de-confiance","og_site_name":"Alamo - makes your dream come true at costa del sol","article_publisher":"https:\/\/www.facebook.com\/alamocostadelsol","article_modified_time":"2026-01-29T13:32:29+00:00","twitter_card":"summary_large_image","twitter_misc":{"Dur\u00e9e de lecture estim\u00e9e":"3 minutes"},"schema":{"@context":"https:\/\/schema.org","@graph":[{"@type":"WebPage","@id":"https:\/\/alamocostadelsol.com\/fr\/partenaires-de-confiance","url":"https:\/\/alamocostadelsol.com\/fr\/partenaires-de-confiance","name":"Partenaires de confiance sur la Costa del Sol | Alamo","isPartOf":{"@id":"https:\/\/alamocostadelsol.com\/fr#website"},"datePublished":"2025-12-09T15:08:28+00:00","dateModified":"2026-01-29T13:32:29+00:00","description":"Nos partenaires de confiance sur la Costa del Sol comprennent des avocats, des entreprises de construction, des fournisseurs de change de devises, des locations de voitures et des prestataires de services essentiels.","breadcrumb":{"@id":"https:\/\/alamocostadelsol.com\/fr\/partenaires-de-confiance#breadcrumb"},"inLanguage":"fr-FR","potentialAction":[{"@type":"ReadAction","target":["https:\/\/alamocostadelsol.com\/fr\/partenaires-de-confiance"]}]},{"@type":"BreadcrumbList","@id":"https:\/\/alamocostadelsol.com\/fr\/partenaires-de-confiance#breadcrumb","itemListElement":[{"@type":"ListItem","position":1,"name":"Home","item":"https:\/\/alamocostadelsol.com\/fr"},{"@type":"ListItem","position":2,"name":"Partenaires de confiance"}]},{"@type":"WebSite","@id":"https:\/\/alamocostadelsol.com\/fr#website","url":"https:\/\/alamocostadelsol.com\/fr","name":"Alamo - makes your dream come true at costa del sol","description":"","publisher":{"@id":"https:\/\/alamocostadelsol.com\/fr#organization"},"potentialAction":[{"@type":"SearchAction","target":{"@type":"EntryPoint","urlTemplate":"https:\/\/alamocostadelsol.com\/fr?s={search_term_string}"},"query-input":{"@type":"PropertyValueSpecification","valueRequired":true,"valueName":"search_term_string"}}],"inLanguage":"fr-FR"},{"@type":"Organization","@id":"https:\/\/alamocostadelsol.com\/fr#organization","name":"Alamo - makes your dream come true at costa del sol","url":"https:\/\/alamocostadelsol.com\/fr","logo":{"@type":"ImageObject","inLanguage":"fr-FR","@id":"https:\/\/alamocostadelsol.com\/fr#\/schema\/logo\/image\/","url":"https:\/\/alamocostadelsol.com\/wp-content\/uploads\/2024\/05\/alamo-costa-del-sol-logotype.png","contentUrl":"https:\/\/alamocostadelsol.com\/wp-content\/uploads\/2024\/05\/alamo-costa-del-sol-logotype.png","width":773,"height":170,"caption":"Alamo - makes your dream come true at costa del sol"},"image":{"@id":"https:\/\/alamocostadelsol.com\/fr#\/schema\/logo\/image\/"},"sameAs":["https:\/\/www.facebook.com\/alamocostadelsol","https:\/\/www.instagram.com\/alamocostadelsol\/"]}]}},"_links":{"self":[{"href":"https:\/\/alamocostadelsol.com\/fr\/wp-json\/wp\/v2\/pages\/18816008","targetHints":{"allow":["GET"]}}],"collection":[{"href":"https:\/\/alamocostadelsol.com\/fr\/wp-json\/wp\/v2\/pages"}],"about":[{"href":"https:\/\/alamocostadelsol.com\/fr\/wp-json\/wp\/v2\/types\/page"}],"author":[{"embeddable":true,"href":"https:\/\/alamocostadelsol.com\/fr\/wp-json\/wp\/v2\/users\/3"}],"replies":[{"embeddable":true,"href":"https:\/\/alamocostadelsol.com\/fr\/wp-json\/wp\/v2\/comments?post=18816008"}],"version-history":[{"count":2,"href":"https:\/\/alamocostadelsol.com\/fr\/wp-json\/wp\/v2\/pages\/18816008\/revisions"}],"predecessor-version":[{"id":18816031,"href":"https:\/\/alamocostadelsol.com\/fr\/wp-json\/wp\/v2\/pages\/18816008\/revisions\/18816031"}],"wp:attachment":[{"href":"https:\/\/alamocostadelsol.com\/fr\/wp-json\/wp\/v2\/media?parent=18816008"}],"wp:term":[{"taxonomy":"dipi_cpt_category","embeddable":true,"href":"https:\/\/alamocostadelsol.com\/fr\/wp-json\/wp\/v2\/dipi_cpt_category?post=18816008"}],"curies":[{"name":"wp","href":"https:\/\/api.w.org\/{rel}","templated":true}]}}