{"id":2045,"date":"2024-06-10T18:13:39","date_gmt":"2024-06-10T16:13:39","guid":{"rendered":"https:\/\/alamocostadelsol.com\/alamosta\/julia-palacios-fernandez"},"modified":"2026-01-13T16:17:47","modified_gmt":"2026-01-13T15:17:47","slug":"julia-palacios-fernandez","status":"publish","type":"page","link":"https:\/\/alamocostadelsol.com\/fi\/about-alamo\/julia-palacios-fernandez","title":{"rendered":"Julia Palacios Fernandez"},"content":{"rendered":"<p>[et_pb_section fb_built=&#8221;1&#8243; _builder_version=&#8221;4.25.1&#8243; _module_preset=&#8221;default&#8221; global_colors_info=&#8221;{}&#8221;][et_pb_row column_structure=&#8221;1_3,2_3&#8243; _builder_version=&#8221;4.25.1&#8243; _module_preset=&#8221;default&#8221; width=&#8221;90%&#8221; max_width=&#8221;100%&#8221; global_colors_info=&#8221;{}&#8221;][et_pb_column type=&#8221;1_3&#8243; _builder_version=&#8221;4.25.1&#8243; _module_preset=&#8221;default&#8221; global_colors_info=&#8221;{}&#8221;][et_pb_image src=&#8221;https:\/\/alamocostadelsol.com\/wp-content\/uploads\/2024\/06\/1Rityta-1@0.5x-2.webp&#8221; alt=&#8221;Julia Palacios Fern\u00e1ndez&#8221; title_text=&#8221;Julia Palacios Fern\u00e1ndez&#8221; align=&#8221;right&#8221; _builder_version=&#8221;4.25.2&#8243; _module_preset=&#8221;default&#8221; width=&#8221;80%&#8221; global_colors_info=&#8221;{}&#8221;][\/et_pb_image][\/et_pb_column][et_pb_column type=&#8221;2_3&#8243; _builder_version=&#8221;4.25.1&#8243; _module_preset=&#8221;default&#8221; global_colors_info=&#8221;{}&#8221;][et_pb_text _builder_version=&#8221;4.25.1&#8243; _module_preset=&#8221;default&#8221; text_font=&#8221;Marcellus||||||||&#8221; text_font_size=&#8221;16px&#8221; header_font=&#8221;Marcellus|700|||||||&#8221; header_font_size=&#8221;36px&#8221; header_2_font=&#8221;Marcellus||||||||&#8221; header_2_font_size=&#8221;22px&#8221; global_colors_info=&#8221;{}&#8221;]<\/p>\n<h1><a class=\"block font-medium text-lg\">Julia Palacios Fern\u00e1ndez<\/a><\/h1>\n<h2>Kiinteist\u00f6nv\u00e4litt\u00e4j\u00e4<\/h2>\n<p><span><\/span><\/p>\n<p><span>Olen syntynyt ja kasvanut Australiassa, vaikka juureni ovatkin espanjalaiset. Intohimoni matkustamiseen ja monikulttuurisuuteen on saanut minut kehitt\u00e4m\u00e4\u00e4n kyky\u00e4 sosiaalisiin suhteisiin ja iloa tarjota ratkaisuja ja palveluja asiakkaille. Alamo Costa del Sol Real Estate on t\u00e4ydellinen paikka auttaa asiakkaitamme myym\u00e4\u00e4n kiinteist\u00f6j\u00e4\u00e4n sek\u00e4 ostamaan uuden kodin ja toteuttamaan unelma kodin ostamisesta Espanjasta. Olen ylpe\u00e4 siit\u00e4, ett\u00e4 saan olla osa t\u00e4t\u00e4 Alamon kansainv\u00e4list\u00e4 kiinteist\u00f6nv\u00e4litt\u00e4j\u00e4tiimi\u00e4.<\/span><\/p>\n<p>[\/et_pb_text][et_pb_code _builder_version=&#8221;4.27.0&#8243; _module_preset=&#8221;default&#8221; hover_enabled=&#8221;0&#8243; sticky_enabled=&#8221;0&#8243;]<div data-src=\"https:\/\/cdn.trustindex.io\/loader.js?7bf601f43a228877aa6612148f7\"><\/div>[\/et_pb_code][\/et_pb_column][\/et_pb_row][et_pb_row _builder_version=&#8221;4.27.0&#8243; _module_preset=&#8221;default&#8221;][et_pb_column _builder_version=&#8221;4.27.0&#8243; _module_preset=&#8221;default&#8221; type=&#8221;4_4&#8243;][et_pb_post_nav _builder_version=&#8221;4.27.0&#8243; _module_preset=&#8221;default&#8221; global_colors_info=&#8221;{}&#8221; theme_builder_area=&#8221;post_content&#8221;][\/et_pb_post_nav][\/et_pb_column][\/et_pb_row][\/et_pb_section]<\/p>\n","protected":false},"excerpt":{"rendered":"<p>Julia Palacios Fern\u00e1ndez Kiinteist\u00f6nv\u00e4litt\u00e4j\u00e4 Olen syntynyt ja kasvanut Australiassa, vaikka juureni ovatkin espanjalaiset. Intohimoni matkustamiseen ja monikulttuurisuuteen on saanut minut kehitt\u00e4m\u00e4\u00e4n kyky\u00e4 sosiaalisiin suhteisiin ja iloa tarjota ratkaisuja ja palveluja asiakkaille. Alamo Costa del Sol Real Estate on t\u00e4ydellinen paikka auttaa asiakkaitamme myym\u00e4\u00e4n kiinteist\u00f6j\u00e4\u00e4n sek\u00e4 ostamaan uuden kodin ja toteuttamaan unelma kodin ostamisesta Espanjasta. Olen [&hellip;]<\/p>\n","protected":false},"author":1,"featured_media":0,"parent":18814169,"menu_order":0,"comment_status":"closed","ping_status":"closed","template":"","meta":{"_et_pb_use_builder":"on","_et_pb_old_content":"","_et_gb_content_width":"","footnotes":""},"dipi_cpt_category":[],"class_list":["post-2045","page","type-page","status-publish","hentry"],"yoast_head":"<!-- This site is optimized with the Yoast SEO plugin v25.8 - https:\/\/yoast.com\/wordpress\/plugins\/seo\/ -->\n<title>Julia Palacios Fern\u00e1ndez | Kiinteist\u00f6nv\u00e4litt\u00e4j\u00e4 Costa del Solilla<\/title>\n<meta name=\"description\" content=\"Julia Palacios Fern\u00e1ndez on kiinteist\u00f6nv\u00e4litt\u00e4j\u00e4 Alamo Costa del Solissa, joka auttaa asiakkaita paikallisella asiantuntemuksella ja selke\u00e4ll\u00e4 viestinn\u00e4ll\u00e4.\" \/>\n<meta name=\"robots\" content=\"index, follow, max-snippet:-1, max-image-preview:large, max-video-preview:-1\" \/>\n<link rel=\"canonical\" href=\"https:\/\/alamocostadelsol.com\/fi\/about-alamo\/julia-palacios-fernandez\" \/>\n<meta property=\"og:locale\" content=\"fi_FI\" \/>\n<meta property=\"og:type\" content=\"article\" \/>\n<meta property=\"og:title\" content=\"Julia Palacios Fern\u00e1ndez | Kiinteist\u00f6nv\u00e4litt\u00e4j\u00e4 Costa del Solilla\" \/>\n<meta property=\"og:description\" content=\"Julia Palacios Fern\u00e1ndez on kiinteist\u00f6nv\u00e4litt\u00e4j\u00e4 Alamo Costa del Solissa, joka auttaa asiakkaita paikallisella asiantuntemuksella ja selke\u00e4ll\u00e4 viestinn\u00e4ll\u00e4.\" \/>\n<meta property=\"og:url\" content=\"https:\/\/alamocostadelsol.com\/fi\/about-alamo\/julia-palacios-fernandez\" \/>\n<meta property=\"og:site_name\" content=\"Alamo - makes your dream come true at costa del sol\" \/>\n<meta property=\"article:publisher\" content=\"https:\/\/www.facebook.com\/alamocostadelsol\" \/>\n<meta property=\"article:modified_time\" content=\"2026-01-13T15:17:47+00:00\" \/>\n<meta name=\"twitter:card\" content=\"summary_large_image\" \/>\n<meta name=\"twitter:label1\" content=\"Arvioitu lukuaika\" \/>\n\t<meta name=\"twitter:data1\" content=\"1 minuutti\" \/>\n<script type=\"application\/ld+json\" class=\"yoast-schema-graph\">{\"@context\":\"https:\/\/schema.org\",\"@graph\":[{\"@type\":\"WebPage\",\"@id\":\"https:\/\/alamocostadelsol.com\/fi\/about-alamo\/julia-palacios-fernandez\",\"url\":\"https:\/\/alamocostadelsol.com\/fi\/about-alamo\/julia-palacios-fernandez\",\"name\":\"Julia Palacios Fern\u00e1ndez | Kiinteist\u00f6nv\u00e4litt\u00e4j\u00e4 Costa del Solilla\",\"isPartOf\":{\"@id\":\"https:\/\/alamocostadelsol.com\/fi#website\"},\"datePublished\":\"2024-06-10T16:13:39+00:00\",\"dateModified\":\"2026-01-13T15:17:47+00:00\",\"description\":\"Julia Palacios Fern\u00e1ndez on kiinteist\u00f6nv\u00e4litt\u00e4j\u00e4 Alamo Costa del Solissa, joka auttaa asiakkaita paikallisella asiantuntemuksella ja selke\u00e4ll\u00e4 viestinn\u00e4ll\u00e4.\",\"breadcrumb\":{\"@id\":\"https:\/\/alamocostadelsol.com\/fi\/about-alamo\/julia-palacios-fernandez#breadcrumb\"},\"inLanguage\":\"fi\",\"potentialAction\":[{\"@type\":\"ReadAction\",\"target\":[\"https:\/\/alamocostadelsol.com\/fi\/about-alamo\/julia-palacios-fernandez\"]}]},{\"@type\":\"BreadcrumbList\",\"@id\":\"https:\/\/alamocostadelsol.com\/fi\/about-alamo\/julia-palacios-fernandez#breadcrumb\",\"itemListElement\":[{\"@type\":\"ListItem\",\"position\":1,\"name\":\"Home\",\"item\":\"https:\/\/alamocostadelsol.com\/fi\"},{\"@type\":\"ListItem\",\"position\":2,\"name\":\"Tietoa Alamosta\",\"item\":\"https:\/\/alamocostadelsol.com\/fi\/about-alamo\"},{\"@type\":\"ListItem\",\"position\":3,\"name\":\"Julia Palacios Fernandez\"}]},{\"@type\":\"WebSite\",\"@id\":\"https:\/\/alamocostadelsol.com\/fi#website\",\"url\":\"https:\/\/alamocostadelsol.com\/fi\",\"name\":\"Alamo - makes your dream come true at costa del sol\",\"description\":\"\",\"publisher\":{\"@id\":\"https:\/\/alamocostadelsol.com\/fi#organization\"},\"potentialAction\":[{\"@type\":\"SearchAction\",\"target\":{\"@type\":\"EntryPoint\",\"urlTemplate\":\"https:\/\/alamocostadelsol.com\/fi?s={search_term_string}\"},\"query-input\":{\"@type\":\"PropertyValueSpecification\",\"valueRequired\":true,\"valueName\":\"search_term_string\"}}],\"inLanguage\":\"fi\"},{\"@type\":\"Organization\",\"@id\":\"https:\/\/alamocostadelsol.com\/fi#organization\",\"name\":\"Alamo - makes your dream come true at costa del sol\",\"url\":\"https:\/\/alamocostadelsol.com\/fi\",\"logo\":{\"@type\":\"ImageObject\",\"inLanguage\":\"fi\",\"@id\":\"https:\/\/alamocostadelsol.com\/fi#\/schema\/logo\/image\/\",\"url\":\"https:\/\/alamocostadelsol.com\/wp-content\/uploads\/2024\/05\/alamo-costa-del-sol-logotype.png\",\"contentUrl\":\"https:\/\/alamocostadelsol.com\/wp-content\/uploads\/2024\/05\/alamo-costa-del-sol-logotype.png\",\"width\":773,\"height\":170,\"caption\":\"Alamo - makes your dream come true at costa del sol\"},\"image\":{\"@id\":\"https:\/\/alamocostadelsol.com\/fi#\/schema\/logo\/image\/\"},\"sameAs\":[\"https:\/\/www.facebook.com\/alamocostadelsol\",\"https:\/\/www.instagram.com\/alamocostadelsol\/\"]}]}<\/script>\n<!-- \/ Yoast SEO plugin. -->","yoast_head_json":{"title":"Julia Palacios Fern\u00e1ndez | Kiinteist\u00f6nv\u00e4litt\u00e4j\u00e4 Costa del Solilla","description":"Julia Palacios Fern\u00e1ndez on kiinteist\u00f6nv\u00e4litt\u00e4j\u00e4 Alamo Costa del Solissa, joka auttaa asiakkaita paikallisella asiantuntemuksella ja selke\u00e4ll\u00e4 viestinn\u00e4ll\u00e4.","robots":{"index":"index","follow":"follow","max-snippet":"max-snippet:-1","max-image-preview":"max-image-preview:large","max-video-preview":"max-video-preview:-1"},"canonical":"https:\/\/alamocostadelsol.com\/fi\/about-alamo\/julia-palacios-fernandez","og_locale":"fi_FI","og_type":"article","og_title":"Julia Palacios Fern\u00e1ndez | Kiinteist\u00f6nv\u00e4litt\u00e4j\u00e4 Costa del Solilla","og_description":"Julia Palacios Fern\u00e1ndez on kiinteist\u00f6nv\u00e4litt\u00e4j\u00e4 Alamo Costa del Solissa, joka auttaa asiakkaita paikallisella asiantuntemuksella ja selke\u00e4ll\u00e4 viestinn\u00e4ll\u00e4.","og_url":"https:\/\/alamocostadelsol.com\/fi\/about-alamo\/julia-palacios-fernandez","og_site_name":"Alamo - makes your dream come true at costa del sol","article_publisher":"https:\/\/www.facebook.com\/alamocostadelsol","article_modified_time":"2026-01-13T15:17:47+00:00","twitter_card":"summary_large_image","twitter_misc":{"Arvioitu lukuaika":"1 minuutti"},"schema":{"@context":"https:\/\/schema.org","@graph":[{"@type":"WebPage","@id":"https:\/\/alamocostadelsol.com\/fi\/about-alamo\/julia-palacios-fernandez","url":"https:\/\/alamocostadelsol.com\/fi\/about-alamo\/julia-palacios-fernandez","name":"Julia Palacios Fern\u00e1ndez | Kiinteist\u00f6nv\u00e4litt\u00e4j\u00e4 Costa del Solilla","isPartOf":{"@id":"https:\/\/alamocostadelsol.com\/fi#website"},"datePublished":"2024-06-10T16:13:39+00:00","dateModified":"2026-01-13T15:17:47+00:00","description":"Julia Palacios Fern\u00e1ndez on kiinteist\u00f6nv\u00e4litt\u00e4j\u00e4 Alamo Costa del Solissa, joka auttaa asiakkaita paikallisella asiantuntemuksella ja selke\u00e4ll\u00e4 viestinn\u00e4ll\u00e4.","breadcrumb":{"@id":"https:\/\/alamocostadelsol.com\/fi\/about-alamo\/julia-palacios-fernandez#breadcrumb"},"inLanguage":"fi","potentialAction":[{"@type":"ReadAction","target":["https:\/\/alamocostadelsol.com\/fi\/about-alamo\/julia-palacios-fernandez"]}]},{"@type":"BreadcrumbList","@id":"https:\/\/alamocostadelsol.com\/fi\/about-alamo\/julia-palacios-fernandez#breadcrumb","itemListElement":[{"@type":"ListItem","position":1,"name":"Home","item":"https:\/\/alamocostadelsol.com\/fi"},{"@type":"ListItem","position":2,"name":"Tietoa Alamosta","item":"https:\/\/alamocostadelsol.com\/fi\/about-alamo"},{"@type":"ListItem","position":3,"name":"Julia Palacios Fernandez"}]},{"@type":"WebSite","@id":"https:\/\/alamocostadelsol.com\/fi#website","url":"https:\/\/alamocostadelsol.com\/fi","name":"Alamo - makes your dream come true at costa del sol","description":"","publisher":{"@id":"https:\/\/alamocostadelsol.com\/fi#organization"},"potentialAction":[{"@type":"SearchAction","target":{"@type":"EntryPoint","urlTemplate":"https:\/\/alamocostadelsol.com\/fi?s={search_term_string}"},"query-input":{"@type":"PropertyValueSpecification","valueRequired":true,"valueName":"search_term_string"}}],"inLanguage":"fi"},{"@type":"Organization","@id":"https:\/\/alamocostadelsol.com\/fi#organization","name":"Alamo - makes your dream come true at costa del sol","url":"https:\/\/alamocostadelsol.com\/fi","logo":{"@type":"ImageObject","inLanguage":"fi","@id":"https:\/\/alamocostadelsol.com\/fi#\/schema\/logo\/image\/","url":"https:\/\/alamocostadelsol.com\/wp-content\/uploads\/2024\/05\/alamo-costa-del-sol-logotype.png","contentUrl":"https:\/\/alamocostadelsol.com\/wp-content\/uploads\/2024\/05\/alamo-costa-del-sol-logotype.png","width":773,"height":170,"caption":"Alamo - makes your dream come true at costa del sol"},"image":{"@id":"https:\/\/alamocostadelsol.com\/fi#\/schema\/logo\/image\/"},"sameAs":["https:\/\/www.facebook.com\/alamocostadelsol","https:\/\/www.instagram.com\/alamocostadelsol\/"]}]}},"_links":{"self":[{"href":"https:\/\/alamocostadelsol.com\/fi\/wp-json\/wp\/v2\/pages\/2045","targetHints":{"allow":["GET"]}}],"collection":[{"href":"https:\/\/alamocostadelsol.com\/fi\/wp-json\/wp\/v2\/pages"}],"about":[{"href":"https:\/\/alamocostadelsol.com\/fi\/wp-json\/wp\/v2\/types\/page"}],"author":[{"embeddable":true,"href":"https:\/\/alamocostadelsol.com\/fi\/wp-json\/wp\/v2\/users\/1"}],"replies":[{"embeddable":true,"href":"https:\/\/alamocostadelsol.com\/fi\/wp-json\/wp\/v2\/comments?post=2045"}],"version-history":[{"count":5,"href":"https:\/\/alamocostadelsol.com\/fi\/wp-json\/wp\/v2\/pages\/2045\/revisions"}],"predecessor-version":[{"id":18815225,"href":"https:\/\/alamocostadelsol.com\/fi\/wp-json\/wp\/v2\/pages\/2045\/revisions\/18815225"}],"up":[{"embeddable":true,"href":"https:\/\/alamocostadelsol.com\/fi\/wp-json\/wp\/v2\/pages\/18814169"}],"wp:attachment":[{"href":"https:\/\/alamocostadelsol.com\/fi\/wp-json\/wp\/v2\/media?parent=2045"}],"wp:term":[{"taxonomy":"dipi_cpt_category","embeddable":true,"href":"https:\/\/alamocostadelsol.com\/fi\/wp-json\/wp\/v2\/dipi_cpt_category?post=2045"}],"curies":[{"name":"wp","href":"https:\/\/api.w.org\/{rel}","templated":true}]}}