{"id":2039,"date":"2024-06-10T18:07:39","date_gmt":"2024-06-10T16:07:39","guid":{"rendered":"https:\/\/alamocostadelsol.com\/alamosta\/per-lindqvist"},"modified":"2026-01-12T16:43:26","modified_gmt":"2026-01-12T15:43:26","slug":"per-lindqvist","status":"publish","type":"page","link":"https:\/\/alamocostadelsol.com\/fi\/about-alamo\/per-lindqvist","title":{"rendered":"Per Lindqvist"},"content":{"rendered":"<p>[et_pb_section fb_built=&#8221;1&#8243; _builder_version=&#8221;4.25.1&#8243; _module_preset=&#8221;default&#8221; global_colors_info=&#8221;{}&#8221;][et_pb_row column_structure=&#8221;1_3,2_3&#8243; _builder_version=&#8221;4.25.1&#8243; _module_preset=&#8221;default&#8221; width=&#8221;90%&#8221; max_width=&#8221;100%&#8221; global_colors_info=&#8221;{}&#8221;][et_pb_column type=&#8221;1_3&#8243; _builder_version=&#8221;4.25.1&#8243; _module_preset=&#8221;default&#8221; global_colors_info=&#8221;{}&#8221;][et_pb_image src=&#8221;https:\/\/alamocostadelsol.com\/wp-content\/uploads\/2025\/06\/DSC07090.jpg&#8221; alt=&#8221;Per Lindqvist&#8221; title_text=&#8221;DSC07090&#8243; align=&#8221;right&#8221; _builder_version=&#8221;4.27.4&#8243; _module_preset=&#8221;default&#8221; width=&#8221;80%&#8221; hover_enabled=&#8221;0&#8243; global_colors_info=&#8221;{}&#8221; sticky_enabled=&#8221;0&#8243;][\/et_pb_image][\/et_pb_column][et_pb_column type=&#8221;2_3&#8243; _builder_version=&#8221;4.25.1&#8243; _module_preset=&#8221;default&#8221; global_colors_info=&#8221;{}&#8221;][et_pb_text _builder_version=&#8221;4.25.1&#8243; _module_preset=&#8221;default&#8221; text_font=&#8221;Marcellus||||||||&#8221; text_font_size=&#8221;16px&#8221; header_font=&#8221;Marcellus|700|||||||&#8221; header_font_size=&#8221;36px&#8221; header_2_font=&#8221;Marcellus||||||||&#8221; header_2_font_size=&#8221;22px&#8221; global_colors_info=&#8221;{}&#8221;]<\/p>\n<h1>Per Lindqvist<\/h1>\n<h2>Omistaja<\/h2>\n<p><span><\/span><\/p>\n<p><span>Olen kotoisin Etel\u00e4-Ruotsista, mutta olen viett\u00e4nyt viimeiset 13 vuotta asuen ja ty\u00f6skennellen Espanjassa. Akateeminen taustani on kiinteist\u00f6alan koulutus, jonka olen suorittanut Sk\u00e5nessa, Ruotsissa, ja sit\u00e4 t\u00e4ydent\u00e4\u00e4 laaja kokemus v\u00e4litt\u00e4j\u00e4n\u00e4 sek\u00e4 Ruotsissa ett\u00e4 vuodesta 2011 l\u00e4htien Espanjassa.  <\/span><\/p>\n<p><span>Otin Alamon haltuuni vuonna 2023, ja kamppailut yhti\u00f6n pelastamiseksi ovat olleet l\u00e4hes ylivoimaisia. Yhdess\u00e4 h\u00e4mm\u00e4stytt\u00e4v\u00e4n tiimin, nykyaikaistamisen ja tuoreiden ideoiden kanssa olemme kuitenkin muuttuneet vanhasta yrityksest\u00e4 nykyaikaiseksi, vahvaksi ja arvostetuksi kiinteist\u00f6nv\u00e4litt\u00e4j\u00e4ksi, jonka kanssa on oltava varuillaan.  <\/span><\/p>\n<p>[\/et_pb_text][et_pb_code _builder_version=&#8221;4.27.0&#8243; _module_preset=&#8221;default&#8221; global_colors_info=&#8221;{}&#8221;]<div data-src=\"https:\/\/cdn.trustindex.io\/loader.js?b5c2d8a4368688629206d80a6e4\"><\/div>[\/et_pb_code][\/et_pb_column][\/et_pb_row][et_pb_row _builder_version=&#8221;4.27.0&#8243; _module_preset=&#8221;default&#8221; global_colors_info=&#8221;{}&#8221;][et_pb_column type=&#8221;4_4&#8243; _builder_version=&#8221;4.27.0&#8243; _module_preset=&#8221;default&#8221; global_colors_info=&#8221;{}&#8221;][et_pb_post_nav show_prev=&#8221;off&#8221; _builder_version=&#8221;4.27.0&#8243; _module_preset=&#8221;default&#8221; global_colors_info=&#8221;{}&#8221;][\/et_pb_post_nav][\/et_pb_column][\/et_pb_row][\/et_pb_section]<\/p>\n","protected":false},"excerpt":{"rendered":"<p>Per Lindqvist Omistaja Olen kotoisin Etel\u00e4-Ruotsista, mutta olen viett\u00e4nyt viimeiset 13 vuotta asuen ja ty\u00f6skennellen Espanjassa. Akateeminen taustani on kiinteist\u00f6alan koulutus, jonka olen suorittanut Sk\u00e5nessa, Ruotsissa, ja sit\u00e4 t\u00e4ydent\u00e4\u00e4 laaja kokemus v\u00e4litt\u00e4j\u00e4n\u00e4 sek\u00e4 Ruotsissa ett\u00e4 vuodesta 2011 l\u00e4htien Espanjassa. Otin Alamon haltuuni vuonna 2023, ja kamppailut yhti\u00f6n pelastamiseksi ovat olleet l\u00e4hes ylivoimaisia. Yhdess\u00e4 h\u00e4mm\u00e4stytt\u00e4v\u00e4n tiimin, [&hellip;]<\/p>\n","protected":false},"author":1,"featured_media":0,"parent":18814169,"menu_order":0,"comment_status":"closed","ping_status":"closed","template":"","meta":{"_et_pb_use_builder":"on","_et_pb_old_content":"","_et_gb_content_width":"","footnotes":""},"dipi_cpt_category":[],"class_list":["post-2039","page","type-page","status-publish","hentry"],"yoast_head":"<!-- This site is optimized with the Yoast SEO plugin v25.8 - https:\/\/yoast.com\/wordpress\/plugins\/seo\/ -->\n<title>Lindqvistin mukaan | Alamo Costa del Solin toimitusjohtaja<\/title>\n<meta name=\"description\" content=\"Per Lindqvist on Alamo Costa del Solin toimitusjohtaja, joka johtaa yrityst\u00e4 strategisella n\u00e4kemyksell\u00e4 ja laajalla kokemuksella paikallisilta kiinteist\u00f6markkinoilta.\" \/>\n<meta name=\"robots\" content=\"index, follow, max-snippet:-1, max-image-preview:large, max-video-preview:-1\" \/>\n<link rel=\"canonical\" href=\"https:\/\/alamocostadelsol.com\/fi\/about-alamo\/per-lindqvist\" \/>\n<meta property=\"og:locale\" content=\"fi_FI\" \/>\n<meta property=\"og:type\" content=\"article\" \/>\n<meta property=\"og:title\" content=\"Lindqvistin mukaan | Alamo Costa del Solin toimitusjohtaja\" \/>\n<meta property=\"og:description\" content=\"Per Lindqvist on Alamo Costa del Solin toimitusjohtaja, joka johtaa yrityst\u00e4 strategisella n\u00e4kemyksell\u00e4 ja laajalla kokemuksella paikallisilta kiinteist\u00f6markkinoilta.\" \/>\n<meta property=\"og:url\" content=\"https:\/\/alamocostadelsol.com\/fi\/about-alamo\/per-lindqvist\" \/>\n<meta property=\"og:site_name\" content=\"Alamo - makes your dream come true at costa del sol\" \/>\n<meta property=\"article:publisher\" content=\"https:\/\/www.facebook.com\/alamocostadelsol\" \/>\n<meta property=\"article:modified_time\" content=\"2026-01-12T15:43:26+00:00\" \/>\n<meta name=\"twitter:card\" content=\"summary_large_image\" \/>\n<meta name=\"twitter:label1\" content=\"Arvioitu lukuaika\" \/>\n\t<meta name=\"twitter:data1\" content=\"1 minuutti\" \/>\n<script type=\"application\/ld+json\" class=\"yoast-schema-graph\">{\"@context\":\"https:\/\/schema.org\",\"@graph\":[{\"@type\":\"WebPage\",\"@id\":\"https:\/\/alamocostadelsol.com\/fi\/about-alamo\/per-lindqvist\",\"url\":\"https:\/\/alamocostadelsol.com\/fi\/about-alamo\/per-lindqvist\",\"name\":\"Lindqvistin mukaan | Alamo Costa del Solin toimitusjohtaja\",\"isPartOf\":{\"@id\":\"https:\/\/alamocostadelsol.com\/fi#website\"},\"datePublished\":\"2024-06-10T16:07:39+00:00\",\"dateModified\":\"2026-01-12T15:43:26+00:00\",\"description\":\"Per Lindqvist on Alamo Costa del Solin toimitusjohtaja, joka johtaa yrityst\u00e4 strategisella n\u00e4kemyksell\u00e4 ja laajalla kokemuksella paikallisilta kiinteist\u00f6markkinoilta.\",\"breadcrumb\":{\"@id\":\"https:\/\/alamocostadelsol.com\/fi\/about-alamo\/per-lindqvist#breadcrumb\"},\"inLanguage\":\"fi\",\"potentialAction\":[{\"@type\":\"ReadAction\",\"target\":[\"https:\/\/alamocostadelsol.com\/fi\/about-alamo\/per-lindqvist\"]}]},{\"@type\":\"BreadcrumbList\",\"@id\":\"https:\/\/alamocostadelsol.com\/fi\/about-alamo\/per-lindqvist#breadcrumb\",\"itemListElement\":[{\"@type\":\"ListItem\",\"position\":1,\"name\":\"Home\",\"item\":\"https:\/\/alamocostadelsol.com\/fi\"},{\"@type\":\"ListItem\",\"position\":2,\"name\":\"Tietoa Alamosta\",\"item\":\"https:\/\/alamocostadelsol.com\/fi\/about-alamo\"},{\"@type\":\"ListItem\",\"position\":3,\"name\":\"Per Lindqvist\"}]},{\"@type\":\"WebSite\",\"@id\":\"https:\/\/alamocostadelsol.com\/fi#website\",\"url\":\"https:\/\/alamocostadelsol.com\/fi\",\"name\":\"Alamo - makes your dream come true at costa del sol\",\"description\":\"\",\"publisher\":{\"@id\":\"https:\/\/alamocostadelsol.com\/fi#organization\"},\"potentialAction\":[{\"@type\":\"SearchAction\",\"target\":{\"@type\":\"EntryPoint\",\"urlTemplate\":\"https:\/\/alamocostadelsol.com\/fi?s={search_term_string}\"},\"query-input\":{\"@type\":\"PropertyValueSpecification\",\"valueRequired\":true,\"valueName\":\"search_term_string\"}}],\"inLanguage\":\"fi\"},{\"@type\":\"Organization\",\"@id\":\"https:\/\/alamocostadelsol.com\/fi#organization\",\"name\":\"Alamo - makes your dream come true at costa del sol\",\"url\":\"https:\/\/alamocostadelsol.com\/fi\",\"logo\":{\"@type\":\"ImageObject\",\"inLanguage\":\"fi\",\"@id\":\"https:\/\/alamocostadelsol.com\/fi#\/schema\/logo\/image\/\",\"url\":\"https:\/\/alamocostadelsol.com\/wp-content\/uploads\/2024\/05\/alamo-costa-del-sol-logotype.png\",\"contentUrl\":\"https:\/\/alamocostadelsol.com\/wp-content\/uploads\/2024\/05\/alamo-costa-del-sol-logotype.png\",\"width\":773,\"height\":170,\"caption\":\"Alamo - makes your dream come true at costa del sol\"},\"image\":{\"@id\":\"https:\/\/alamocostadelsol.com\/fi#\/schema\/logo\/image\/\"},\"sameAs\":[\"https:\/\/www.facebook.com\/alamocostadelsol\",\"https:\/\/www.instagram.com\/alamocostadelsol\/\"]}]}<\/script>\n<!-- \/ Yoast SEO plugin. -->","yoast_head_json":{"title":"Lindqvistin mukaan | Alamo Costa del Solin toimitusjohtaja","description":"Per Lindqvist on Alamo Costa del Solin toimitusjohtaja, joka johtaa yrityst\u00e4 strategisella n\u00e4kemyksell\u00e4 ja laajalla kokemuksella paikallisilta kiinteist\u00f6markkinoilta.","robots":{"index":"index","follow":"follow","max-snippet":"max-snippet:-1","max-image-preview":"max-image-preview:large","max-video-preview":"max-video-preview:-1"},"canonical":"https:\/\/alamocostadelsol.com\/fi\/about-alamo\/per-lindqvist","og_locale":"fi_FI","og_type":"article","og_title":"Lindqvistin mukaan | Alamo Costa del Solin toimitusjohtaja","og_description":"Per Lindqvist on Alamo Costa del Solin toimitusjohtaja, joka johtaa yrityst\u00e4 strategisella n\u00e4kemyksell\u00e4 ja laajalla kokemuksella paikallisilta kiinteist\u00f6markkinoilta.","og_url":"https:\/\/alamocostadelsol.com\/fi\/about-alamo\/per-lindqvist","og_site_name":"Alamo - makes your dream come true at costa del sol","article_publisher":"https:\/\/www.facebook.com\/alamocostadelsol","article_modified_time":"2026-01-12T15:43:26+00:00","twitter_card":"summary_large_image","twitter_misc":{"Arvioitu lukuaika":"1 minuutti"},"schema":{"@context":"https:\/\/schema.org","@graph":[{"@type":"WebPage","@id":"https:\/\/alamocostadelsol.com\/fi\/about-alamo\/per-lindqvist","url":"https:\/\/alamocostadelsol.com\/fi\/about-alamo\/per-lindqvist","name":"Lindqvistin mukaan | Alamo Costa del Solin toimitusjohtaja","isPartOf":{"@id":"https:\/\/alamocostadelsol.com\/fi#website"},"datePublished":"2024-06-10T16:07:39+00:00","dateModified":"2026-01-12T15:43:26+00:00","description":"Per Lindqvist on Alamo Costa del Solin toimitusjohtaja, joka johtaa yrityst\u00e4 strategisella n\u00e4kemyksell\u00e4 ja laajalla kokemuksella paikallisilta kiinteist\u00f6markkinoilta.","breadcrumb":{"@id":"https:\/\/alamocostadelsol.com\/fi\/about-alamo\/per-lindqvist#breadcrumb"},"inLanguage":"fi","potentialAction":[{"@type":"ReadAction","target":["https:\/\/alamocostadelsol.com\/fi\/about-alamo\/per-lindqvist"]}]},{"@type":"BreadcrumbList","@id":"https:\/\/alamocostadelsol.com\/fi\/about-alamo\/per-lindqvist#breadcrumb","itemListElement":[{"@type":"ListItem","position":1,"name":"Home","item":"https:\/\/alamocostadelsol.com\/fi"},{"@type":"ListItem","position":2,"name":"Tietoa Alamosta","item":"https:\/\/alamocostadelsol.com\/fi\/about-alamo"},{"@type":"ListItem","position":3,"name":"Per Lindqvist"}]},{"@type":"WebSite","@id":"https:\/\/alamocostadelsol.com\/fi#website","url":"https:\/\/alamocostadelsol.com\/fi","name":"Alamo - makes your dream come true at costa del sol","description":"","publisher":{"@id":"https:\/\/alamocostadelsol.com\/fi#organization"},"potentialAction":[{"@type":"SearchAction","target":{"@type":"EntryPoint","urlTemplate":"https:\/\/alamocostadelsol.com\/fi?s={search_term_string}"},"query-input":{"@type":"PropertyValueSpecification","valueRequired":true,"valueName":"search_term_string"}}],"inLanguage":"fi"},{"@type":"Organization","@id":"https:\/\/alamocostadelsol.com\/fi#organization","name":"Alamo - makes your dream come true at costa del sol","url":"https:\/\/alamocostadelsol.com\/fi","logo":{"@type":"ImageObject","inLanguage":"fi","@id":"https:\/\/alamocostadelsol.com\/fi#\/schema\/logo\/image\/","url":"https:\/\/alamocostadelsol.com\/wp-content\/uploads\/2024\/05\/alamo-costa-del-sol-logotype.png","contentUrl":"https:\/\/alamocostadelsol.com\/wp-content\/uploads\/2024\/05\/alamo-costa-del-sol-logotype.png","width":773,"height":170,"caption":"Alamo - makes your dream come true at costa del sol"},"image":{"@id":"https:\/\/alamocostadelsol.com\/fi#\/schema\/logo\/image\/"},"sameAs":["https:\/\/www.facebook.com\/alamocostadelsol","https:\/\/www.instagram.com\/alamocostadelsol\/"]}]}},"_links":{"self":[{"href":"https:\/\/alamocostadelsol.com\/fi\/wp-json\/wp\/v2\/pages\/2039","targetHints":{"allow":["GET"]}}],"collection":[{"href":"https:\/\/alamocostadelsol.com\/fi\/wp-json\/wp\/v2\/pages"}],"about":[{"href":"https:\/\/alamocostadelsol.com\/fi\/wp-json\/wp\/v2\/types\/page"}],"author":[{"embeddable":true,"href":"https:\/\/alamocostadelsol.com\/fi\/wp-json\/wp\/v2\/users\/1"}],"replies":[{"embeddable":true,"href":"https:\/\/alamocostadelsol.com\/fi\/wp-json\/wp\/v2\/comments?post=2039"}],"version-history":[{"count":4,"href":"https:\/\/alamocostadelsol.com\/fi\/wp-json\/wp\/v2\/pages\/2039\/revisions"}],"predecessor-version":[{"id":18812906,"href":"https:\/\/alamocostadelsol.com\/fi\/wp-json\/wp\/v2\/pages\/2039\/revisions\/18812906"}],"up":[{"embeddable":true,"href":"https:\/\/alamocostadelsol.com\/fi\/wp-json\/wp\/v2\/pages\/18814169"}],"wp:attachment":[{"href":"https:\/\/alamocostadelsol.com\/fi\/wp-json\/wp\/v2\/media?parent=2039"}],"wp:term":[{"taxonomy":"dipi_cpt_category","embeddable":true,"href":"https:\/\/alamocostadelsol.com\/fi\/wp-json\/wp\/v2\/dipi_cpt_category?post=2039"}],"curies":[{"name":"wp","href":"https:\/\/api.w.org\/{rel}","templated":true}]}}