{"id":18815605,"date":"2024-06-10T19:31:00","date_gmt":"2024-06-10T17:31:00","guid":{"rendered":"https:\/\/alamocostadelsol.com\/about-alamo\/alla-skaletska"},"modified":"2026-01-27T14:24:15","modified_gmt":"2026-01-27T13:24:15","slug":"alla-skaletska","status":"publish","type":"page","link":"https:\/\/alamocostadelsol.com\/fi\/about-alamo\/alla-skaletska","title":{"rendered":"Alla Skaletska"},"content":{"rendered":"<p>[et_pb_section fb_built=&#8221;1&#8243; _builder_version=&#8221;4.25.1&#8243; _module_preset=&#8221;default&#8221; global_colors_info=&#8221;{}&#8221;][et_pb_row column_structure=&#8221;1_3,2_3&#8243; _builder_version=&#8221;4.25.1&#8243; _module_preset=&#8221;default&#8221; width=&#8221;90%&#8221; max_width=&#8221;100%&#8221; global_colors_info=&#8221;{}&#8221;][et_pb_column type=&#8221;1_3&#8243; _builder_version=&#8221;4.25.1&#8243; _module_preset=&#8221;default&#8221; global_colors_info=&#8221;{}&#8221;][et_pb_image src=&#8221;https:\/\/alamocostadelsol.com\/wp-content\/uploads\/2025\/11\/upscalemedia-transformed.png&#8221; alt=&#8221;Alla Skaletska kiinteist\u00f6nv\u00e4litt\u00e4j\u00e4 costa del sol&#8221; title_text=&#8221;Alla Skaletska kiinteist\u00f6nv\u00e4litt\u00e4j\u00e4 costa del sol&#8221; align=&#8221;right&#8221; _builder_version=&#8221;4.27.4&#8243; _module_preset=&#8221;default&#8221; width=&#8221;80%&#8221; hover_enabled=&#8221;0&#8243; global_colors_info=&#8221;{}&#8221; sticky_enabled=&#8221;0&#8243;][\/et_pb_image][\/et_pb_column][et_pb_column type=&#8221;2_3&#8243; _builder_version=&#8221;4.25.1&#8243; _module_preset=&#8221;default&#8221; global_colors_info=&#8221;{}&#8221;][et_pb_text _builder_version=&#8221;4.27.4&#8243; _module_preset=&#8221;default&#8221; text_font=&#8221;Marcellus||||||||&#8221; text_font_size=&#8221;16px&#8221; header_font=&#8221;Marcellus|700|||||||&#8221; header_font_size=&#8221;36px&#8221; header_2_font=&#8221;Marcellus||||||||&#8221; header_2_font_size=&#8221;22px&#8221; hover_enabled=&#8221;0&#8243; global_colors_info=&#8221;{}&#8221; sticky_enabled=&#8221;0&#8243;]<\/p>\n<h1><a class=\"block font-medium text-lg\">Alla Skaletska<\/a><\/h1>\n<h2><span>Yhteisty\u00f6kumppani<\/span><\/h2>\n<p><span><\/span><\/p>\n<div class=\"text-base my-auto mx-auto pb-10 [--thread-content-margin:--spacing(4)] @w-sm\/main:[--thread-content-margin:--spacing(6)] @w-lg\/main:[--thread-content-margin:--spacing(16)] px-(--thread-content-margin)\">\n<div class=\"[--thread-content-max-width:40rem] @w-lg\/main:[--thread-content-max-width:48rem] mx-auto max-w-(--thread-content-max-width) flex-1 group\/turn-messages focus-visible:outline-hidden relative flex w-full min-w-0 flex-col agent-turn\" tabindex=\"-1\">\n<div class=\"flex max-w-full flex-col grow\">\n<div data-message-author-role=\"assistant\" data-message-id=\"06230940-387d-4108-bdb9-716ec259e142\" dir=\"auto\" class=\"min-h-8 text-message relative flex w-full flex-col items-end gap-2 text-start break-words whitespace-normal [.text-message+&amp;]:mt-1\" data-message-model-slug=\"gpt-5-2\">\n<div class=\"flex w-full flex-col gap-1 empty:hidden first:pt-[1px]\">\n<div class=\"markdown prose dark:prose-invert w-full wrap-break-word light markdown-new-styling\">\n<p data-start=\"0\" data-end=\"171\">Synnyin Ukrainassa ja olen asunut Espanjassa yli 23 vuotta. Olen syv\u00e4sti rakastunut t\u00e4h\u00e4n maahan \u2013 aivan kuten asiakkaammekin, jotka valitsevat ostaa kotinsa t\u00e4\u00e4lt\u00e4. <\/p>\n<p data-start=\"173\" data-end=\"502\" data-is-last-node=\"\" data-is-only-node=\"\">Olen aina ty\u00f6skennellyt kiinteist\u00f6alalla, koska olen intohimoinen yhteyden luomisesta ihmisiin, sek\u00e4 paikallisesti ett\u00e4 ymp\u00e4ri maailmaa. Rakastan todella n\u00e4hd\u00e4 asiakkaideni onnellisuutta, kun heid\u00e4n unelmansa toteutuvat l\u00f6yt\u00e4m\u00e4ll\u00e4 heid\u00e4n unelmansa, erityisesti kun olen pystynyt auttamaan heit\u00e4 l\u00f6yt\u00e4m\u00e4\u00e4n sen ja hallitsemaan koko prosessia. <\/p>\n<\/div>\n<\/div>\n<\/div>\n<\/div>\n<\/div>\n<\/div>\n<p>[\/et_pb_text][\/et_pb_column][\/et_pb_row][et_pb_row _builder_version=&#8221;4.27.0&#8243; _module_preset=&#8221;default&#8221; global_colors_info=&#8221;{}&#8221;][et_pb_column type=&#8221;4_4&#8243; _builder_version=&#8221;4.27.0&#8243; _module_preset=&#8221;default&#8221; global_colors_info=&#8221;{}&#8221;][et_pb_post_nav _builder_version=&#8221;4.27.0&#8243; _module_preset=&#8221;default&#8221; global_colors_info=&#8221;{}&#8221;][\/et_pb_post_nav][\/et_pb_column][\/et_pb_row][\/et_pb_section]<\/p>\n","protected":false},"excerpt":{"rendered":"<p>Alla Skaletska Yhteisty\u00f6kumppani Synnyin Ukrainassa ja olen asunut Espanjassa yli 23 vuotta. Olen syv\u00e4sti rakastunut t\u00e4h\u00e4n maahan \u2013 aivan kuten asiakkaammekin, jotka valitsevat ostaa kotinsa t\u00e4\u00e4lt\u00e4. Olen aina ty\u00f6skennellyt kiinteist\u00f6alalla, koska olen intohimoinen yhteyden luomisesta ihmisiin, sek\u00e4 paikallisesti ett\u00e4 ymp\u00e4ri maailmaa. Rakastan todella n\u00e4hd\u00e4 asiakkaideni onnellisuutta, kun heid\u00e4n unelmansa toteutuvat l\u00f6yt\u00e4m\u00e4ll\u00e4 heid\u00e4n unelmansa, erityisesti kun [&hellip;]<\/p>\n","protected":false},"author":3,"featured_media":0,"parent":18814169,"menu_order":0,"comment_status":"closed","ping_status":"closed","template":"","meta":{"_et_pb_use_builder":"on","_et_pb_old_content":"","_et_gb_content_width":"","footnotes":""},"dipi_cpt_category":[],"class_list":["post-18815605","page","type-page","status-publish","hentry"],"yoast_head":"<!-- This site is optimized with the Yoast SEO plugin v25.8 - https:\/\/yoast.com\/wordpress\/plugins\/seo\/ -->\n<title>Alla Skaletska | Kiinteist\u00f6nv\u00e4litt\u00e4j\u00e4 Costa del Solilla<\/title>\n<meta name=\"description\" content=\"Alla Skaletska on kiinteist\u00f6nv\u00e4litt\u00e4j\u00e4 Alamo Costa del Solissa, joka auttaa ostajia ja myyji\u00e4 paikallisella asiantuntemuksella ja henkil\u00f6kohtaisella palvelulla.\" \/>\n<meta name=\"robots\" content=\"index, follow, max-snippet:-1, max-image-preview:large, max-video-preview:-1\" \/>\n<link rel=\"canonical\" href=\"https:\/\/alamocostadelsol.com\/fi\/about-alamo\/alla-skaletska\" \/>\n<meta property=\"og:locale\" content=\"fi_FI\" \/>\n<meta property=\"og:type\" content=\"article\" \/>\n<meta property=\"og:title\" content=\"Alla Skaletska | Kiinteist\u00f6nv\u00e4litt\u00e4j\u00e4 Costa del Solilla\" \/>\n<meta property=\"og:description\" content=\"Alla Skaletska on kiinteist\u00f6nv\u00e4litt\u00e4j\u00e4 Alamo Costa del Solissa, joka auttaa ostajia ja myyji\u00e4 paikallisella asiantuntemuksella ja henkil\u00f6kohtaisella palvelulla.\" \/>\n<meta property=\"og:url\" content=\"https:\/\/alamocostadelsol.com\/fi\/about-alamo\/alla-skaletska\" \/>\n<meta property=\"og:site_name\" content=\"Alamo - makes your dream come true at costa del sol\" \/>\n<meta property=\"article:publisher\" content=\"https:\/\/www.facebook.com\/alamocostadelsol\" \/>\n<meta property=\"article:modified_time\" content=\"2026-01-27T13:24:15+00:00\" \/>\n<meta name=\"twitter:card\" content=\"summary_large_image\" \/>\n<meta name=\"twitter:label1\" content=\"Arvioitu lukuaika\" \/>\n\t<meta name=\"twitter:data1\" content=\"1 minuutti\" \/>\n<script type=\"application\/ld+json\" class=\"yoast-schema-graph\">{\"@context\":\"https:\/\/schema.org\",\"@graph\":[{\"@type\":\"WebPage\",\"@id\":\"https:\/\/alamocostadelsol.com\/fi\/about-alamo\/alla-skaletska\",\"url\":\"https:\/\/alamocostadelsol.com\/fi\/about-alamo\/alla-skaletska\",\"name\":\"Alla Skaletska | Kiinteist\u00f6nv\u00e4litt\u00e4j\u00e4 Costa del Solilla\",\"isPartOf\":{\"@id\":\"https:\/\/alamocostadelsol.com\/fi#website\"},\"datePublished\":\"2024-06-10T17:31:00+00:00\",\"dateModified\":\"2026-01-27T13:24:15+00:00\",\"description\":\"Alla Skaletska on kiinteist\u00f6nv\u00e4litt\u00e4j\u00e4 Alamo Costa del Solissa, joka auttaa ostajia ja myyji\u00e4 paikallisella asiantuntemuksella ja henkil\u00f6kohtaisella palvelulla.\",\"breadcrumb\":{\"@id\":\"https:\/\/alamocostadelsol.com\/fi\/about-alamo\/alla-skaletska#breadcrumb\"},\"inLanguage\":\"fi\",\"potentialAction\":[{\"@type\":\"ReadAction\",\"target\":[\"https:\/\/alamocostadelsol.com\/fi\/about-alamo\/alla-skaletska\"]}]},{\"@type\":\"BreadcrumbList\",\"@id\":\"https:\/\/alamocostadelsol.com\/fi\/about-alamo\/alla-skaletska#breadcrumb\",\"itemListElement\":[{\"@type\":\"ListItem\",\"position\":1,\"name\":\"Home\",\"item\":\"https:\/\/alamocostadelsol.com\/fi\"},{\"@type\":\"ListItem\",\"position\":2,\"name\":\"Tietoa Alamosta\",\"item\":\"https:\/\/alamocostadelsol.com\/fi\/about-alamo\"},{\"@type\":\"ListItem\",\"position\":3,\"name\":\"Alla Skaletska\"}]},{\"@type\":\"WebSite\",\"@id\":\"https:\/\/alamocostadelsol.com\/fi#website\",\"url\":\"https:\/\/alamocostadelsol.com\/fi\",\"name\":\"Alamo - makes your dream come true at costa del sol\",\"description\":\"\",\"publisher\":{\"@id\":\"https:\/\/alamocostadelsol.com\/fi#organization\"},\"potentialAction\":[{\"@type\":\"SearchAction\",\"target\":{\"@type\":\"EntryPoint\",\"urlTemplate\":\"https:\/\/alamocostadelsol.com\/fi?s={search_term_string}\"},\"query-input\":{\"@type\":\"PropertyValueSpecification\",\"valueRequired\":true,\"valueName\":\"search_term_string\"}}],\"inLanguage\":\"fi\"},{\"@type\":\"Organization\",\"@id\":\"https:\/\/alamocostadelsol.com\/fi#organization\",\"name\":\"Alamo - makes your dream come true at costa del sol\",\"url\":\"https:\/\/alamocostadelsol.com\/fi\",\"logo\":{\"@type\":\"ImageObject\",\"inLanguage\":\"fi\",\"@id\":\"https:\/\/alamocostadelsol.com\/fi#\/schema\/logo\/image\/\",\"url\":\"https:\/\/alamocostadelsol.com\/wp-content\/uploads\/2024\/05\/alamo-costa-del-sol-logotype.png\",\"contentUrl\":\"https:\/\/alamocostadelsol.com\/wp-content\/uploads\/2024\/05\/alamo-costa-del-sol-logotype.png\",\"width\":773,\"height\":170,\"caption\":\"Alamo - makes your dream come true at costa del sol\"},\"image\":{\"@id\":\"https:\/\/alamocostadelsol.com\/fi#\/schema\/logo\/image\/\"},\"sameAs\":[\"https:\/\/www.facebook.com\/alamocostadelsol\",\"https:\/\/www.instagram.com\/alamocostadelsol\/\"]}]}<\/script>\n<!-- \/ Yoast SEO plugin. -->","yoast_head_json":{"title":"Alla Skaletska | Kiinteist\u00f6nv\u00e4litt\u00e4j\u00e4 Costa del Solilla","description":"Alla Skaletska on kiinteist\u00f6nv\u00e4litt\u00e4j\u00e4 Alamo Costa del Solissa, joka auttaa ostajia ja myyji\u00e4 paikallisella asiantuntemuksella ja henkil\u00f6kohtaisella palvelulla.","robots":{"index":"index","follow":"follow","max-snippet":"max-snippet:-1","max-image-preview":"max-image-preview:large","max-video-preview":"max-video-preview:-1"},"canonical":"https:\/\/alamocostadelsol.com\/fi\/about-alamo\/alla-skaletska","og_locale":"fi_FI","og_type":"article","og_title":"Alla Skaletska | Kiinteist\u00f6nv\u00e4litt\u00e4j\u00e4 Costa del Solilla","og_description":"Alla Skaletska on kiinteist\u00f6nv\u00e4litt\u00e4j\u00e4 Alamo Costa del Solissa, joka auttaa ostajia ja myyji\u00e4 paikallisella asiantuntemuksella ja henkil\u00f6kohtaisella palvelulla.","og_url":"https:\/\/alamocostadelsol.com\/fi\/about-alamo\/alla-skaletska","og_site_name":"Alamo - makes your dream come true at costa del sol","article_publisher":"https:\/\/www.facebook.com\/alamocostadelsol","article_modified_time":"2026-01-27T13:24:15+00:00","twitter_card":"summary_large_image","twitter_misc":{"Arvioitu lukuaika":"1 minuutti"},"schema":{"@context":"https:\/\/schema.org","@graph":[{"@type":"WebPage","@id":"https:\/\/alamocostadelsol.com\/fi\/about-alamo\/alla-skaletska","url":"https:\/\/alamocostadelsol.com\/fi\/about-alamo\/alla-skaletska","name":"Alla Skaletska | Kiinteist\u00f6nv\u00e4litt\u00e4j\u00e4 Costa del Solilla","isPartOf":{"@id":"https:\/\/alamocostadelsol.com\/fi#website"},"datePublished":"2024-06-10T17:31:00+00:00","dateModified":"2026-01-27T13:24:15+00:00","description":"Alla Skaletska on kiinteist\u00f6nv\u00e4litt\u00e4j\u00e4 Alamo Costa del Solissa, joka auttaa ostajia ja myyji\u00e4 paikallisella asiantuntemuksella ja henkil\u00f6kohtaisella palvelulla.","breadcrumb":{"@id":"https:\/\/alamocostadelsol.com\/fi\/about-alamo\/alla-skaletska#breadcrumb"},"inLanguage":"fi","potentialAction":[{"@type":"ReadAction","target":["https:\/\/alamocostadelsol.com\/fi\/about-alamo\/alla-skaletska"]}]},{"@type":"BreadcrumbList","@id":"https:\/\/alamocostadelsol.com\/fi\/about-alamo\/alla-skaletska#breadcrumb","itemListElement":[{"@type":"ListItem","position":1,"name":"Home","item":"https:\/\/alamocostadelsol.com\/fi"},{"@type":"ListItem","position":2,"name":"Tietoa Alamosta","item":"https:\/\/alamocostadelsol.com\/fi\/about-alamo"},{"@type":"ListItem","position":3,"name":"Alla Skaletska"}]},{"@type":"WebSite","@id":"https:\/\/alamocostadelsol.com\/fi#website","url":"https:\/\/alamocostadelsol.com\/fi","name":"Alamo - makes your dream come true at costa del sol","description":"","publisher":{"@id":"https:\/\/alamocostadelsol.com\/fi#organization"},"potentialAction":[{"@type":"SearchAction","target":{"@type":"EntryPoint","urlTemplate":"https:\/\/alamocostadelsol.com\/fi?s={search_term_string}"},"query-input":{"@type":"PropertyValueSpecification","valueRequired":true,"valueName":"search_term_string"}}],"inLanguage":"fi"},{"@type":"Organization","@id":"https:\/\/alamocostadelsol.com\/fi#organization","name":"Alamo - makes your dream come true at costa del sol","url":"https:\/\/alamocostadelsol.com\/fi","logo":{"@type":"ImageObject","inLanguage":"fi","@id":"https:\/\/alamocostadelsol.com\/fi#\/schema\/logo\/image\/","url":"https:\/\/alamocostadelsol.com\/wp-content\/uploads\/2024\/05\/alamo-costa-del-sol-logotype.png","contentUrl":"https:\/\/alamocostadelsol.com\/wp-content\/uploads\/2024\/05\/alamo-costa-del-sol-logotype.png","width":773,"height":170,"caption":"Alamo - makes your dream come true at costa del sol"},"image":{"@id":"https:\/\/alamocostadelsol.com\/fi#\/schema\/logo\/image\/"},"sameAs":["https:\/\/www.facebook.com\/alamocostadelsol","https:\/\/www.instagram.com\/alamocostadelsol\/"]}]}},"_links":{"self":[{"href":"https:\/\/alamocostadelsol.com\/fi\/wp-json\/wp\/v2\/pages\/18815605","targetHints":{"allow":["GET"]}}],"collection":[{"href":"https:\/\/alamocostadelsol.com\/fi\/wp-json\/wp\/v2\/pages"}],"about":[{"href":"https:\/\/alamocostadelsol.com\/fi\/wp-json\/wp\/v2\/types\/page"}],"author":[{"embeddable":true,"href":"https:\/\/alamocostadelsol.com\/fi\/wp-json\/wp\/v2\/users\/3"}],"replies":[{"embeddable":true,"href":"https:\/\/alamocostadelsol.com\/fi\/wp-json\/wp\/v2\/comments?post=18815605"}],"version-history":[{"count":2,"href":"https:\/\/alamocostadelsol.com\/fi\/wp-json\/wp\/v2\/pages\/18815605\/revisions"}],"predecessor-version":[{"id":18815607,"href":"https:\/\/alamocostadelsol.com\/fi\/wp-json\/wp\/v2\/pages\/18815605\/revisions\/18815607"}],"up":[{"embeddable":true,"href":"https:\/\/alamocostadelsol.com\/fi\/wp-json\/wp\/v2\/pages\/18814169"}],"wp:attachment":[{"href":"https:\/\/alamocostadelsol.com\/fi\/wp-json\/wp\/v2\/media?parent=18815605"}],"wp:term":[{"taxonomy":"dipi_cpt_category","embeddable":true,"href":"https:\/\/alamocostadelsol.com\/fi\/wp-json\/wp\/v2\/dipi_cpt_category?post=18815605"}],"curies":[{"name":"wp","href":"https:\/\/api.w.org\/{rel}","templated":true}]}}