{"id":18814499,"date":"2025-05-12T13:41:24","date_gmt":"2025-05-12T11:41:24","guid":{"rendered":"https:\/\/alamocostadelsol.com\/oppaan-lataus"},"modified":"2026-01-12T16:44:20","modified_gmt":"2026-01-12T15:44:20","slug":"oppaan-lataus","status":"publish","type":"page","link":"https:\/\/alamocostadelsol.com\/fi\/oppaan-lataus","title":{"rendered":"Oppaan lataus"},"content":{"rendered":"<p>[et_pb_section fb_built=&#8221;1&#8243; admin_label=&#8221;section&#8221; _builder_version=&#8221;4.16&#8243; global_colors_info=&#8221;{}&#8221;][et_pb_row admin_label=&#8221;Rivi&#8221; _builder_version=&#8221;4.16&#8243; background_size=&#8221;initial&#8221; background_position=&#8221;top_left&#8221; background_repeat=&#8221;repeat&#8221; global_colors_info=&#8221;{}&#8221;][et_pb_column type=&#8221;4_4&#8243; _builder_version=&#8221;4.16&#8243; custom_padding=&#8221;|||&#8221; global_colors_info=&#8221;{}&#8221; custom_padding__hover=&#8221;|||&#8221;][et_pb_text admin_label=&#8221;Text&#8221; _builder_version=&#8221;4.27.4&#8243; background_size=&#8221;initial&#8221; background_position=&#8221;top_left&#8221; background_repeat=&#8221;repeat&#8221; hover_enabled=&#8221;0&#8243; global_colors_info=&#8221;{}&#8221; sticky_enabled=&#8221;0&#8243;]<\/p>\n<p>&nbsp;<\/p>\n<h1 style=\"text-align: center;\">\u2705 Kiitos, ett\u00e4 pyysit oppaamme!<\/h1>\n<h1 style=\"text-align: center;\">Lataa se haluamallasi kielell\u00e4:<\/h1>\n<p>[\/et_pb_text][\/et_pb_column][\/et_pb_row][et_pb_row column_structure=&#8221;1_2,1_2&#8243; _builder_version=&#8221;4.27.4&#8243; _module_preset=&#8221;default&#8221; hover_enabled=&#8221;0&#8243; global_colors_info=&#8221;{}&#8221; sticky_enabled=&#8221;0&#8243;][et_pb_column type=&#8221;1_2&#8243; _builder_version=&#8221;4.27.4&#8243; _module_preset=&#8221;default&#8221; global_colors_info=&#8221;{}&#8221;][et_pb_text _builder_version=&#8221;4.27.4&#8243; _module_preset=&#8221;default&#8221; hover_enabled=&#8221;0&#8243; global_colors_info=&#8221;{}&#8221; sticky_enabled=&#8221;0&#8243; custom_padding=&#8221;|||261px||&#8221;]<\/p>\n<h1 style=\"text-align: center;\"><strong data-start=\"1006\" data-end=\"1039\">Ostajan opas<\/strong><\/h1>\n<h1 style=\"text-align: center;\"><strong data-start=\"1006\" data-end=\"1039\">\ud83d\udc49<a href=\"https:\/\/alamocostadelsol.com\/wp-content\/uploads\/2025\/09\/English-Buyers-Guide.pdf\" target=\"_blank\" rel=\"noopener\"> <span style=\"text-decoration: underline;\">Englanti<\/span><\/a><\/strong><\/h1>\n<h1 style=\"text-align: center;\"><strong data-start=\"1006\" data-end=\"1039\">\ud83d\udc49<a href=\"https:\/\/alamocostadelsol.com\/wp-content\/uploads\/2025\/09\/Swedish-Buyers-Guide.pdf\" target=\"_blank\" rel=\"noopener\"> <span style=\"text-decoration: underline;\">Svenska<\/span><\/a><\/strong><\/h1>\n<h1 style=\"text-align: center;\"><strong data-start=\"1006\" data-end=\"1039\">\ud83d\udc49<a href=\"https:\/\/alamocostadelsol.com\/wp-content\/uploads\/2025\/09\/Spanish-Buyers-Guide.pdf\" target=\"_blank\" rel=\"noopener\"> <span style=\"text-decoration: underline;\">Espa\u00f1ol<\/span><\/a><\/strong><\/h1>\n<p><strong data-start=\"1006\" data-end=\"1039\"><\/strong><\/p>\n<p>[\/et_pb_text][\/et_pb_column][et_pb_column type=&#8221;1_2&#8243; _builder_version=&#8221;4.27.4&#8243; _module_preset=&#8221;default&#8221; global_colors_info=&#8221;{}&#8221;][et_pb_text _builder_version=&#8221;4.27.4&#8243; _module_preset=&#8221;default&#8221; hover_enabled=&#8221;0&#8243; global_colors_info=&#8221;{}&#8221; sticky_enabled=&#8221;0&#8243; width=&#8221;63.9%&#8221;]<\/p>\n<h1 style=\"text-align: center;\"><strong>Myyj\u00e4n opas<\/strong><\/h1>\n<h1 style=\"text-align: center;\"><strong data-start=\"1006\" data-end=\"1039\">\ud83d\udc49<a href=\"https:\/\/alamocostadelsol.com\/wp-content\/uploads\/2025\/09\/Sellers-Guide-English.pdf\" target=\"_blank\" rel=\"noopener\"> <span style=\"text-decoration: underline;\">Englanti<\/span><\/a><\/strong><\/h1>\n<h1 style=\"text-align: center;\"><strong data-start=\"1006\" data-end=\"1039\">\ud83d\udc49<a href=\"https:\/\/alamocostadelsol.com\/wp-content\/uploads\/2025\/09\/Sellers-Guide-Swedish.pdf\" target=\"_blank\" rel=\"noopener\"> <span style=\"text-decoration: underline;\">Svenska<\/span><\/a><\/strong><\/h1>\n<h1 style=\"text-align: center;\"><strong data-start=\"1006\" data-end=\"1039\">\ud83d\udc49<a href=\"https:\/\/alamocostadelsol.com\/wp-content\/uploads\/2025\/09\/Sellers-Guide-Spanish.pdf\" target=\"_blank\" rel=\"noopener\"> <span style=\"text-decoration: underline;\">Espa\u00f1ol<\/span><\/a><\/strong><\/h1>\n<p>[\/et_pb_text][\/et_pb_column][\/et_pb_row][\/et_pb_section]<\/p>\n","protected":false},"excerpt":{"rendered":"<p>&nbsp; \u2705 Kiitos, ett\u00e4 pyysit oppaamme! Lataa se haluamallasi kielell\u00e4:Ostajan opas \ud83d\udc49 Englanti \ud83d\udc49 Svenska \ud83d\udc49 Espa\u00f1ol Myyj\u00e4n opas \ud83d\udc49 Englanti \ud83d\udc49 Svenska \ud83d\udc49 Espa\u00f1ol<\/p>\n","protected":false},"author":3,"featured_media":0,"parent":0,"menu_order":0,"comment_status":"closed","ping_status":"closed","template":"","meta":{"_et_pb_use_builder":"on","_et_pb_old_content":"","_et_gb_content_width":"","footnotes":""},"dipi_cpt_category":[],"class_list":["post-18814499","page","type-page","status-publish","hentry"],"yoast_head":"<!-- This site is optimized with the Yoast SEO plugin v25.8 - https:\/\/yoast.com\/wordpress\/plugins\/seo\/ -->\n<title>Lataa Costa del Solin kiinteist\u00f6opas | Alamo<\/title>\n<meta name=\"description\" content=\"Kiitos, ett\u00e4 pyysit Costa del Solin kiinteist\u00f6oppaamme. Lataa ostajan tai myyj\u00e4n opas haluamallasi kielell\u00e4 alta.\" \/>\n<meta name=\"robots\" content=\"noindex, nofollow\" \/>\n<meta property=\"og:locale\" content=\"fi_FI\" \/>\n<meta property=\"og:type\" content=\"article\" \/>\n<meta property=\"og:title\" content=\"Lataa Costa del Solin kiinteist\u00f6opas | Alamo\" \/>\n<meta property=\"og:description\" content=\"Kiitos, ett\u00e4 pyysit Costa del Solin kiinteist\u00f6oppaamme. Lataa ostajan tai myyj\u00e4n opas haluamallasi kielell\u00e4 alta.\" \/>\n<meta property=\"og:url\" content=\"https:\/\/alamocostadelsol.com\/fi\/oppaan-lataus\" \/>\n<meta property=\"og:site_name\" content=\"Alamo - makes your dream come true at costa del sol\" \/>\n<meta property=\"article:publisher\" content=\"https:\/\/www.facebook.com\/alamocostadelsol\" \/>\n<meta property=\"article:modified_time\" content=\"2026-01-12T15:44:20+00:00\" \/>\n<meta name=\"twitter:card\" content=\"summary_large_image\" \/>\n<meta name=\"twitter:label1\" content=\"Arvioitu lukuaika\" \/>\n\t<meta name=\"twitter:data1\" content=\"1 minuutti\" \/>\n<script type=\"application\/ld+json\" class=\"yoast-schema-graph\">{\"@context\":\"https:\/\/schema.org\",\"@graph\":[{\"@type\":\"WebPage\",\"@id\":\"https:\/\/alamocostadelsol.com\/fi\/oppaan-lataus\",\"url\":\"https:\/\/alamocostadelsol.com\/fi\/oppaan-lataus\",\"name\":\"Lataa Costa del Solin kiinteist\u00f6opas | Alamo\",\"isPartOf\":{\"@id\":\"https:\/\/alamocostadelsol.com\/fi#website\"},\"datePublished\":\"2025-05-12T11:41:24+00:00\",\"dateModified\":\"2026-01-12T15:44:20+00:00\",\"description\":\"Kiitos, ett\u00e4 pyysit Costa del Solin kiinteist\u00f6oppaamme. Lataa ostajan tai myyj\u00e4n opas haluamallasi kielell\u00e4 alta.\",\"breadcrumb\":{\"@id\":\"https:\/\/alamocostadelsol.com\/fi\/oppaan-lataus#breadcrumb\"},\"inLanguage\":\"fi\",\"potentialAction\":[{\"@type\":\"ReadAction\",\"target\":[\"https:\/\/alamocostadelsol.com\/fi\/oppaan-lataus\"]}]},{\"@type\":\"BreadcrumbList\",\"@id\":\"https:\/\/alamocostadelsol.com\/fi\/oppaan-lataus#breadcrumb\",\"itemListElement\":[{\"@type\":\"ListItem\",\"position\":1,\"name\":\"Home\",\"item\":\"https:\/\/alamocostadelsol.com\/fi\"},{\"@type\":\"ListItem\",\"position\":2,\"name\":\"Oppaan lataus\"}]},{\"@type\":\"WebSite\",\"@id\":\"https:\/\/alamocostadelsol.com\/fi#website\",\"url\":\"https:\/\/alamocostadelsol.com\/fi\",\"name\":\"Alamo - makes your dream come true at costa del sol\",\"description\":\"\",\"publisher\":{\"@id\":\"https:\/\/alamocostadelsol.com\/fi#organization\"},\"potentialAction\":[{\"@type\":\"SearchAction\",\"target\":{\"@type\":\"EntryPoint\",\"urlTemplate\":\"https:\/\/alamocostadelsol.com\/fi?s={search_term_string}\"},\"query-input\":{\"@type\":\"PropertyValueSpecification\",\"valueRequired\":true,\"valueName\":\"search_term_string\"}}],\"inLanguage\":\"fi\"},{\"@type\":\"Organization\",\"@id\":\"https:\/\/alamocostadelsol.com\/fi#organization\",\"name\":\"Alamo - makes your dream come true at costa del sol\",\"url\":\"https:\/\/alamocostadelsol.com\/fi\",\"logo\":{\"@type\":\"ImageObject\",\"inLanguage\":\"fi\",\"@id\":\"https:\/\/alamocostadelsol.com\/fi#\/schema\/logo\/image\/\",\"url\":\"https:\/\/alamocostadelsol.com\/wp-content\/uploads\/2024\/05\/alamo-costa-del-sol-logotype.png\",\"contentUrl\":\"https:\/\/alamocostadelsol.com\/wp-content\/uploads\/2024\/05\/alamo-costa-del-sol-logotype.png\",\"width\":773,\"height\":170,\"caption\":\"Alamo - makes your dream come true at costa del sol\"},\"image\":{\"@id\":\"https:\/\/alamocostadelsol.com\/fi#\/schema\/logo\/image\/\"},\"sameAs\":[\"https:\/\/www.facebook.com\/alamocostadelsol\",\"https:\/\/www.instagram.com\/alamocostadelsol\/\"]}]}<\/script>\n<!-- \/ Yoast SEO plugin. -->","yoast_head_json":{"title":"Lataa Costa del Solin kiinteist\u00f6opas | Alamo","description":"Kiitos, ett\u00e4 pyysit Costa del Solin kiinteist\u00f6oppaamme. Lataa ostajan tai myyj\u00e4n opas haluamallasi kielell\u00e4 alta.","robots":{"index":"noindex","follow":"nofollow"},"og_locale":"fi_FI","og_type":"article","og_title":"Lataa Costa del Solin kiinteist\u00f6opas | Alamo","og_description":"Kiitos, ett\u00e4 pyysit Costa del Solin kiinteist\u00f6oppaamme. Lataa ostajan tai myyj\u00e4n opas haluamallasi kielell\u00e4 alta.","og_url":"https:\/\/alamocostadelsol.com\/fi\/oppaan-lataus","og_site_name":"Alamo - makes your dream come true at costa del sol","article_publisher":"https:\/\/www.facebook.com\/alamocostadelsol","article_modified_time":"2026-01-12T15:44:20+00:00","twitter_card":"summary_large_image","twitter_misc":{"Arvioitu lukuaika":"1 minuutti"},"schema":{"@context":"https:\/\/schema.org","@graph":[{"@type":"WebPage","@id":"https:\/\/alamocostadelsol.com\/fi\/oppaan-lataus","url":"https:\/\/alamocostadelsol.com\/fi\/oppaan-lataus","name":"Lataa Costa del Solin kiinteist\u00f6opas | Alamo","isPartOf":{"@id":"https:\/\/alamocostadelsol.com\/fi#website"},"datePublished":"2025-05-12T11:41:24+00:00","dateModified":"2026-01-12T15:44:20+00:00","description":"Kiitos, ett\u00e4 pyysit Costa del Solin kiinteist\u00f6oppaamme. Lataa ostajan tai myyj\u00e4n opas haluamallasi kielell\u00e4 alta.","breadcrumb":{"@id":"https:\/\/alamocostadelsol.com\/fi\/oppaan-lataus#breadcrumb"},"inLanguage":"fi","potentialAction":[{"@type":"ReadAction","target":["https:\/\/alamocostadelsol.com\/fi\/oppaan-lataus"]}]},{"@type":"BreadcrumbList","@id":"https:\/\/alamocostadelsol.com\/fi\/oppaan-lataus#breadcrumb","itemListElement":[{"@type":"ListItem","position":1,"name":"Home","item":"https:\/\/alamocostadelsol.com\/fi"},{"@type":"ListItem","position":2,"name":"Oppaan lataus"}]},{"@type":"WebSite","@id":"https:\/\/alamocostadelsol.com\/fi#website","url":"https:\/\/alamocostadelsol.com\/fi","name":"Alamo - makes your dream come true at costa del sol","description":"","publisher":{"@id":"https:\/\/alamocostadelsol.com\/fi#organization"},"potentialAction":[{"@type":"SearchAction","target":{"@type":"EntryPoint","urlTemplate":"https:\/\/alamocostadelsol.com\/fi?s={search_term_string}"},"query-input":{"@type":"PropertyValueSpecification","valueRequired":true,"valueName":"search_term_string"}}],"inLanguage":"fi"},{"@type":"Organization","@id":"https:\/\/alamocostadelsol.com\/fi#organization","name":"Alamo - makes your dream come true at costa del sol","url":"https:\/\/alamocostadelsol.com\/fi","logo":{"@type":"ImageObject","inLanguage":"fi","@id":"https:\/\/alamocostadelsol.com\/fi#\/schema\/logo\/image\/","url":"https:\/\/alamocostadelsol.com\/wp-content\/uploads\/2024\/05\/alamo-costa-del-sol-logotype.png","contentUrl":"https:\/\/alamocostadelsol.com\/wp-content\/uploads\/2024\/05\/alamo-costa-del-sol-logotype.png","width":773,"height":170,"caption":"Alamo - makes your dream come true at costa del sol"},"image":{"@id":"https:\/\/alamocostadelsol.com\/fi#\/schema\/logo\/image\/"},"sameAs":["https:\/\/www.facebook.com\/alamocostadelsol","https:\/\/www.instagram.com\/alamocostadelsol\/"]}]}},"_links":{"self":[{"href":"https:\/\/alamocostadelsol.com\/fi\/wp-json\/wp\/v2\/pages\/18814499","targetHints":{"allow":["GET"]}}],"collection":[{"href":"https:\/\/alamocostadelsol.com\/fi\/wp-json\/wp\/v2\/pages"}],"about":[{"href":"https:\/\/alamocostadelsol.com\/fi\/wp-json\/wp\/v2\/types\/page"}],"author":[{"embeddable":true,"href":"https:\/\/alamocostadelsol.com\/fi\/wp-json\/wp\/v2\/users\/3"}],"replies":[{"embeddable":true,"href":"https:\/\/alamocostadelsol.com\/fi\/wp-json\/wp\/v2\/comments?post=18814499"}],"version-history":[{"count":3,"href":"https:\/\/alamocostadelsol.com\/fi\/wp-json\/wp\/v2\/pages\/18814499\/revisions"}],"predecessor-version":[{"id":18814503,"href":"https:\/\/alamocostadelsol.com\/fi\/wp-json\/wp\/v2\/pages\/18814499\/revisions\/18814503"}],"wp:attachment":[{"href":"https:\/\/alamocostadelsol.com\/fi\/wp-json\/wp\/v2\/media?parent=18814499"}],"wp:term":[{"taxonomy":"dipi_cpt_category","embeddable":true,"href":"https:\/\/alamocostadelsol.com\/fi\/wp-json\/wp\/v2\/dipi_cpt_category?post=18814499"}],"curies":[{"name":"wp","href":"https:\/\/api.w.org\/{rel}","templated":true}]}}