{"id":18814346,"date":"2025-12-09T16:08:28","date_gmt":"2025-12-09T15:08:28","guid":{"rendered":"https:\/\/alamocostadelsol.com\/luotetut-kumppanit"},"modified":"2026-01-12T16:26:27","modified_gmt":"2026-01-12T15:26:27","slug":"luotetut-kumppanit","status":"publish","type":"page","link":"https:\/\/alamocostadelsol.com\/fi\/luotetut-kumppanit","title":{"rendered":"Luotetut kumppanit"},"content":{"rendered":"<p>[et_pb_section fb_built=&#8221;1&#8243; _builder_version=&#8221;4.27.4&#8243; _module_preset=&#8221;default&#8221; global_colors_info=&#8221;{}&#8221;][et_pb_row _builder_version=&#8221;4.27.4&#8243; _module_preset=&#8221;default&#8221; custom_margin=&#8221;-49px|auto||auto||&#8221; global_colors_info=&#8221;{}&#8221;][et_pb_column type=&#8221;4_4&#8243; _builder_version=&#8221;4.27.4&#8243; _module_preset=&#8221;default&#8221; global_colors_info=&#8221;{}&#8221;][et_pb_text _builder_version=&#8221;4.25.2&#8243; _module_preset=&#8221;default&#8221; text_font=&#8221;Marcellus||||||||&#8221; text_font_size=&#8221;20px&#8221; text_line_height=&#8221;2em&#8221; header_font=&#8221;Marcellus|700|||||||&#8221; header_text_align=&#8221;center&#8221; header_font_size=&#8221;3rem&#8221; text_orientation=&#8221;center&#8221; header_font_size_tablet=&#8221;3rem&#8221; header_font_size_phone=&#8221;2.5rem&#8221; header_font_size_last_edited=&#8221;on|phone&#8221; header_line_height_tablet=&#8221;1.3em&#8221; header_line_height_phone=&#8221;1.3em&#8221; header_line_height_last_edited=&#8221;on|tablet&#8221; global_colors_info=&#8221;{}&#8221;]<\/p>\n<h1 class=\"header-text text-3xl xl:text-5xl tracking-tight text-primary mb-4 lg:mb-9 mx-auto text-center\">LUOTETUT KUMPPANIT<\/h1>\n<p data-start=\"132\" data-end=\"237\">Kuratoitu ammattilaisten verkosto, johon luotamme tarjoamaan poikkeuksellista palvelua asiakkaillemme.<\/p>\n<p data-start=\"239\" data-end=\"338\">\n<p>[\/et_pb_text][\/et_pb_column][\/et_pb_row][et_pb_row column_structure=&#8221;1_3,1_3,1_3&#8243; _builder_version=&#8221;4.27.4&#8243; _module_preset=&#8221;default&#8221; global_colors_info=&#8221;{}&#8221;][et_pb_column type=&#8221;1_3&#8243; _builder_version=&#8221;4.27.4&#8243; _module_preset=&#8221;default&#8221; global_colors_info=&#8221;{}&#8221;][et_pb_team_member name=&#8221;Lakimies&#8221; image_url=&#8221;https:\/\/alamocostadelsol.com\/wp-content\/uploads\/2025\/12\/2.png&#8221; _builder_version=&#8221;4.27.4&#8243; _module_preset=&#8221;default&#8221; global_colors_info=&#8221;{}&#8221;]<\/p>\n<p style=\"text-align: left;\"><a href=\"https:\/\/www.olmedoytorres.com\/\" target=\"_blank\" rel=\"noopener\">https:\/\/www.olmedoytorres.com\/<\/a><\/p>\n<p>[\/et_pb_team_member][et_pb_team_member name=&#8221;Rakentaminen&#8221; image_url=&#8221;https:\/\/alamocostadelsol.com\/wp-content\/uploads\/2025\/12\/1.png&#8221; name_tablet=&#8221;Construction&#8221; name_phone=&#8221;Construction&#8221; name_last_edited=&#8221;on|desktop&#8221; _builder_version=&#8221;4.27.4&#8243; _module_preset=&#8221;default&#8221; custom_padding=&#8221;||0px||false|false&#8221; global_colors_info=&#8221;{}&#8221;]<\/p>\n<p style=\"text-align: left;\"><a href=\"https:\/\/www.optimarhome.com\/\" target=\"_blank\" rel=\"noopener\">https:\/\/www.optimarhome.com\/<\/a><\/p>\n<p>[\/et_pb_team_member][et_pb_team_member name=&#8221;Valuuttavaihto&#8221; image_url=&#8221;https:\/\/alamocostadelsol.com\/wp-content\/uploads\/2025\/12\/7.png&#8221; _builder_version=&#8221;4.27.4&#8243; _module_preset=&#8221;default&#8221; global_colors_info=&#8221;{}&#8221;]<\/p>\n<p><a href=\"https:\/\/www.currenciesdirect.com\/en-es\" target=\"_blank\" rel=\"noopener\">https:\/\/www.currenciesdirect.com\/<\/a><\/p>\n<p>[\/et_pb_team_member][et_pb_team_member name=&#8221;Pankki&#8221; image_url=&#8221;https:\/\/alamocostadelsol.com\/wp-content\/uploads\/2025\/12\/10.png&#8221; _builder_version=&#8221;4.27.4&#8243; _module_preset=&#8221;default&#8221; hover_enabled=&#8221;0&#8243; global_colors_info=&#8221;{}&#8221; sticky_enabled=&#8221;0&#8243;]<\/p>\n<p><a href=\"https:\/\/www.cajamar.es\/es\/comun\/\" target=\"_blank\" rel=\"noopener\">https:\/\/www.cajamar.es\/<\/a><\/p>\n<p>[\/et_pb_team_member][et_pb_team_member name=&#8221;Sanomalehti&#8221; image_url=&#8221;https:\/\/alamocostadelsol.com\/wp-content\/uploads\/2025\/12\/12.png&#8221; _builder_version=&#8221;4.27.4&#8243; _module_preset=&#8221;default&#8221; hover_enabled=&#8221;0&#8243; sticky_enabled=&#8221;0&#8243; title_text=&#8221;12&#8243;]<\/p>\n<p><a href=\"https:\/\/svenskamagasinet.nu\/\" target=\"_blank\" rel=\"noopener\">https:\/\/svenskamagasinet.nu\/<\/a><\/p>\n<p>[\/et_pb_team_member][\/et_pb_column][et_pb_column type=&#8221;1_3&#8243; _builder_version=&#8221;4.27.4&#8243; _module_preset=&#8221;default&#8221; global_colors_info=&#8221;{}&#8221;][et_pb_team_member name=&#8221;Lakimies&#8221; image_url=&#8221;https:\/\/alamocostadelsol.com\/wp-content\/uploads\/2025\/12\/3.png&#8221; _builder_version=&#8221;4.27.4&#8243; _module_preset=&#8221;default&#8221; global_colors_info=&#8221;{}&#8221;]<\/p>\n<p><a href=\"https:\/\/www.mgconsulting.es\/es\/\" target=\"_blank\" rel=\"noopener\">https:\/\/www.mgconsulting.es\/<\/a><\/p>\n<p>[\/et_pb_team_member][et_pb_team_member name=&#8221;Autovuokraus&#8221; image_url=&#8221;https:\/\/alamocostadelsol.com\/wp-content\/uploads\/2025\/12\/4.png&#8221; _builder_version=&#8221;4.27.4&#8243; _module_preset=&#8221;default&#8221; global_colors_info=&#8221;{}&#8221;]<\/p>\n<p><a href=\"https:\/\/cylinders.rent\/\" target=\"_blank\" rel=\"noopener\">https:\/\/cylinders.rent\/<\/a><\/p>\n<p>[\/et_pb_team_member][et_pb_team_member name=&#8221;Korjaus&#8221; image_url=&#8221;https:\/\/alamocostadelsol.com\/wp-content\/uploads\/2025\/12\/8.png&#8221; _builder_version=&#8221;4.27.4&#8243; _module_preset=&#8221;default&#8221; global_colors_info=&#8221;{}&#8221;]<\/p>\n<p><a href=\"https:\/\/fix.es\/\" target=\"_blank\" rel=\"noopener\">https:\/\/fix.es\/<\/a><\/p>\n<p>[\/et_pb_team_member][et_pb_team_member name=&#8221;Pankki&#8221; image_url=&#8221;https:\/\/alamocostadelsol.com\/wp-content\/uploads\/2025\/12\/11.png&#8221; _builder_version=&#8221;4.27.4&#8243; _module_preset=&#8221;default&#8221; global_colors_info=&#8221;{}&#8221;]<\/p>\n<p><a href=\"https:\/\/www.bbva.es\/personas.html\" target=\"_blank\" rel=\"noopener\">https:\/\/www.bbva.es\/<\/a><\/p>\n<p>[\/et_pb_team_member][\/et_pb_column][et_pb_column type=&#8221;1_3&#8243; _builder_version=&#8221;4.27.4&#8243; _module_preset=&#8221;default&#8221; global_colors_info=&#8221;{}&#8221;][et_pb_team_member name=&#8221;Kotisivun luominen&#8221; image_url=&#8221;https:\/\/alamocostadelsol.com\/wp-content\/uploads\/2025\/12\/5.png&#8221; _builder_version=&#8221;4.27.4&#8243; _module_preset=&#8221;default&#8221; global_colors_info=&#8221;{}&#8221;]<\/p>\n<p><a href=\"https:\/\/costawebpartners.com\/\" target=\"_blank\" rel=\"noopener\">https:\/\/costawebpartners.com\/<\/a><\/p>\n<p>[\/et_pb_team_member][et_pb_team_member name=&#8221;Hammasl\u00e4\u00e4k\u00e4ri&#8221; image_url=&#8221;https:\/\/alamocostadelsol.com\/wp-content\/uploads\/2025\/12\/6.png&#8221; _builder_version=&#8221;4.27.4&#8243; _module_preset=&#8221;default&#8221; global_colors_info=&#8221;{}&#8221;]<\/p>\n<p><a href=\"https:\/\/dentistinspain.com\/\" target=\"_blank\" rel=\"noopener\"><br \/>\nhttps:\/\/dentistinspain.com\/<\/a><\/p>\n<p>[\/et_pb_team_member][et_pb_team_member name=&#8221;H\u00e4lytys&#8221; image_url=&#8221;https:\/\/alamocostadelsol.com\/wp-content\/uploads\/2025\/12\/9.png&#8221; _builder_version=&#8221;4.27.4&#8243; _module_preset=&#8221;default&#8221; global_colors_info=&#8221;{}&#8221;]<\/p>\n<p><a href=\"https:\/\/www.securitasdirect.es\/\" target=\"_blank\" rel=\"noopener\">https:\/\/www.securitasdirect.es\/<\/a><\/p>\n<p>[\/et_pb_team_member][et_pb_team_member name=&#8221;Asuntolainav\u00e4litt\u00e4j\u00e4&#8221; image_url=&#8221;https:\/\/alamocostadelsol.com\/wp-content\/uploads\/2025\/12\/13.png&#8221; _builder_version=&#8221;4.27.4&#8243; _module_preset=&#8221;default&#8221; title_text=&#8221;13&#8243; hover_enabled=&#8221;0&#8243; sticky_enabled=&#8221;0&#8243;]<\/p>\n<p><a href=\"https:\/\/habeno.com\/en\" target=\"_blank\" rel=\"noopener\">https:\/\/habeno.com\/<\/a><\/p>\n<p>[\/et_pb_team_member][\/et_pb_column][\/et_pb_row][\/et_pb_section]<\/p>\n","protected":false},"excerpt":{"rendered":"<p>LUOTETUT KUMPPANIT Kuratoitu ammattilaisten verkosto, johon luotamme tarjoamaan poikkeuksellista palvelua asiakkaillemme. https:\/\/www.olmedoytorres.com\/https:\/\/www.optimarhome.com\/https:\/\/www.currenciesdirect.com\/https:\/\/www.cajamar.es\/https:\/\/svenskamagasinet.nu\/https:\/\/www.mgconsulting.es\/https:\/\/cylinders.rent\/https:\/\/fix.es\/https:\/\/www.bbva.es\/https:\/\/costawebpartners.com\/ https:\/\/dentistinspain.com\/https:\/\/www.securitasdirect.es\/https:\/\/habeno.com\/<\/p>\n","protected":false},"author":3,"featured_media":0,"parent":0,"menu_order":0,"comment_status":"closed","ping_status":"closed","template":"","meta":{"_et_pb_use_builder":"on","_et_pb_old_content":"","_et_gb_content_width":"","footnotes":""},"dipi_cpt_category":[],"class_list":["post-18814346","page","type-page","status-publish","hentry"],"yoast_head":"<!-- This site is optimized with the Yoast SEO plugin v25.8 - https:\/\/yoast.com\/wordpress\/plugins\/seo\/ -->\n<title>Luotettavat kumppanit Costa del Solilla | Alamo<\/title>\n<meta name=\"description\" content=\"Luotettaviin kumppaneihimme Costa del Solilla kuuluvat lakimiehet, rakennusyritykset, valuutanvaihto, autovuokraus ja v\u00e4ltt\u00e4m\u00e4tt\u00f6m\u00e4t palveluntarjoajat.\" \/>\n<meta name=\"robots\" content=\"index, follow, max-snippet:-1, max-image-preview:large, max-video-preview:-1\" \/>\n<link rel=\"canonical\" href=\"https:\/\/alamocostadelsol.com\/fi\/luotetut-kumppanit\" \/>\n<meta property=\"og:locale\" content=\"fi_FI\" \/>\n<meta property=\"og:type\" content=\"article\" \/>\n<meta property=\"og:title\" content=\"Luotettavat kumppanit Costa del Solilla | Alamo\" \/>\n<meta property=\"og:description\" content=\"Luotettaviin kumppaneihimme Costa del Solilla kuuluvat lakimiehet, rakennusyritykset, valuutanvaihto, autovuokraus ja v\u00e4ltt\u00e4m\u00e4tt\u00f6m\u00e4t palveluntarjoajat.\" \/>\n<meta property=\"og:url\" content=\"https:\/\/alamocostadelsol.com\/fi\/luotetut-kumppanit\" \/>\n<meta property=\"og:site_name\" content=\"Alamo - makes your dream come true at costa del sol\" \/>\n<meta property=\"article:publisher\" content=\"https:\/\/www.facebook.com\/alamocostadelsol\" \/>\n<meta property=\"article:modified_time\" content=\"2026-01-12T15:26:27+00:00\" \/>\n<meta name=\"twitter:card\" content=\"summary_large_image\" \/>\n<meta name=\"twitter:label1\" content=\"Arvioitu lukuaika\" \/>\n\t<meta name=\"twitter:data1\" content=\"3 minuuttia\" \/>\n<script type=\"application\/ld+json\" class=\"yoast-schema-graph\">{\"@context\":\"https:\/\/schema.org\",\"@graph\":[{\"@type\":\"WebPage\",\"@id\":\"https:\/\/alamocostadelsol.com\/fi\/luotetut-kumppanit\",\"url\":\"https:\/\/alamocostadelsol.com\/fi\/luotetut-kumppanit\",\"name\":\"Luotettavat kumppanit Costa del Solilla | Alamo\",\"isPartOf\":{\"@id\":\"https:\/\/alamocostadelsol.com\/fi#website\"},\"datePublished\":\"2025-12-09T15:08:28+00:00\",\"dateModified\":\"2026-01-12T15:26:27+00:00\",\"description\":\"Luotettaviin kumppaneihimme Costa del Solilla kuuluvat lakimiehet, rakennusyritykset, valuutanvaihto, autovuokraus ja v\u00e4ltt\u00e4m\u00e4tt\u00f6m\u00e4t palveluntarjoajat.\",\"breadcrumb\":{\"@id\":\"https:\/\/alamocostadelsol.com\/fi\/luotetut-kumppanit#breadcrumb\"},\"inLanguage\":\"fi\",\"potentialAction\":[{\"@type\":\"ReadAction\",\"target\":[\"https:\/\/alamocostadelsol.com\/fi\/luotetut-kumppanit\"]}]},{\"@type\":\"BreadcrumbList\",\"@id\":\"https:\/\/alamocostadelsol.com\/fi\/luotetut-kumppanit#breadcrumb\",\"itemListElement\":[{\"@type\":\"ListItem\",\"position\":1,\"name\":\"Home\",\"item\":\"https:\/\/alamocostadelsol.com\/fi\"},{\"@type\":\"ListItem\",\"position\":2,\"name\":\"Luotetut kumppanit\"}]},{\"@type\":\"WebSite\",\"@id\":\"https:\/\/alamocostadelsol.com\/fi#website\",\"url\":\"https:\/\/alamocostadelsol.com\/fi\",\"name\":\"Alamo - makes your dream come true at costa del sol\",\"description\":\"\",\"publisher\":{\"@id\":\"https:\/\/alamocostadelsol.com\/fi#organization\"},\"potentialAction\":[{\"@type\":\"SearchAction\",\"target\":{\"@type\":\"EntryPoint\",\"urlTemplate\":\"https:\/\/alamocostadelsol.com\/fi?s={search_term_string}\"},\"query-input\":{\"@type\":\"PropertyValueSpecification\",\"valueRequired\":true,\"valueName\":\"search_term_string\"}}],\"inLanguage\":\"fi\"},{\"@type\":\"Organization\",\"@id\":\"https:\/\/alamocostadelsol.com\/fi#organization\",\"name\":\"Alamo - makes your dream come true at costa del sol\",\"url\":\"https:\/\/alamocostadelsol.com\/fi\",\"logo\":{\"@type\":\"ImageObject\",\"inLanguage\":\"fi\",\"@id\":\"https:\/\/alamocostadelsol.com\/fi#\/schema\/logo\/image\/\",\"url\":\"https:\/\/alamocostadelsol.com\/wp-content\/uploads\/2024\/05\/alamo-costa-del-sol-logotype.png\",\"contentUrl\":\"https:\/\/alamocostadelsol.com\/wp-content\/uploads\/2024\/05\/alamo-costa-del-sol-logotype.png\",\"width\":773,\"height\":170,\"caption\":\"Alamo - makes your dream come true at costa del sol\"},\"image\":{\"@id\":\"https:\/\/alamocostadelsol.com\/fi#\/schema\/logo\/image\/\"},\"sameAs\":[\"https:\/\/www.facebook.com\/alamocostadelsol\",\"https:\/\/www.instagram.com\/alamocostadelsol\/\"]}]}<\/script>\n<!-- \/ Yoast SEO plugin. -->","yoast_head_json":{"title":"Luotettavat kumppanit Costa del Solilla | Alamo","description":"Luotettaviin kumppaneihimme Costa del Solilla kuuluvat lakimiehet, rakennusyritykset, valuutanvaihto, autovuokraus ja v\u00e4ltt\u00e4m\u00e4tt\u00f6m\u00e4t palveluntarjoajat.","robots":{"index":"index","follow":"follow","max-snippet":"max-snippet:-1","max-image-preview":"max-image-preview:large","max-video-preview":"max-video-preview:-1"},"canonical":"https:\/\/alamocostadelsol.com\/fi\/luotetut-kumppanit","og_locale":"fi_FI","og_type":"article","og_title":"Luotettavat kumppanit Costa del Solilla | Alamo","og_description":"Luotettaviin kumppaneihimme Costa del Solilla kuuluvat lakimiehet, rakennusyritykset, valuutanvaihto, autovuokraus ja v\u00e4ltt\u00e4m\u00e4tt\u00f6m\u00e4t palveluntarjoajat.","og_url":"https:\/\/alamocostadelsol.com\/fi\/luotetut-kumppanit","og_site_name":"Alamo - makes your dream come true at costa del sol","article_publisher":"https:\/\/www.facebook.com\/alamocostadelsol","article_modified_time":"2026-01-12T15:26:27+00:00","twitter_card":"summary_large_image","twitter_misc":{"Arvioitu lukuaika":"3 minuuttia"},"schema":{"@context":"https:\/\/schema.org","@graph":[{"@type":"WebPage","@id":"https:\/\/alamocostadelsol.com\/fi\/luotetut-kumppanit","url":"https:\/\/alamocostadelsol.com\/fi\/luotetut-kumppanit","name":"Luotettavat kumppanit Costa del Solilla | Alamo","isPartOf":{"@id":"https:\/\/alamocostadelsol.com\/fi#website"},"datePublished":"2025-12-09T15:08:28+00:00","dateModified":"2026-01-12T15:26:27+00:00","description":"Luotettaviin kumppaneihimme Costa del Solilla kuuluvat lakimiehet, rakennusyritykset, valuutanvaihto, autovuokraus ja v\u00e4ltt\u00e4m\u00e4tt\u00f6m\u00e4t palveluntarjoajat.","breadcrumb":{"@id":"https:\/\/alamocostadelsol.com\/fi\/luotetut-kumppanit#breadcrumb"},"inLanguage":"fi","potentialAction":[{"@type":"ReadAction","target":["https:\/\/alamocostadelsol.com\/fi\/luotetut-kumppanit"]}]},{"@type":"BreadcrumbList","@id":"https:\/\/alamocostadelsol.com\/fi\/luotetut-kumppanit#breadcrumb","itemListElement":[{"@type":"ListItem","position":1,"name":"Home","item":"https:\/\/alamocostadelsol.com\/fi"},{"@type":"ListItem","position":2,"name":"Luotetut kumppanit"}]},{"@type":"WebSite","@id":"https:\/\/alamocostadelsol.com\/fi#website","url":"https:\/\/alamocostadelsol.com\/fi","name":"Alamo - makes your dream come true at costa del sol","description":"","publisher":{"@id":"https:\/\/alamocostadelsol.com\/fi#organization"},"potentialAction":[{"@type":"SearchAction","target":{"@type":"EntryPoint","urlTemplate":"https:\/\/alamocostadelsol.com\/fi?s={search_term_string}"},"query-input":{"@type":"PropertyValueSpecification","valueRequired":true,"valueName":"search_term_string"}}],"inLanguage":"fi"},{"@type":"Organization","@id":"https:\/\/alamocostadelsol.com\/fi#organization","name":"Alamo - makes your dream come true at costa del sol","url":"https:\/\/alamocostadelsol.com\/fi","logo":{"@type":"ImageObject","inLanguage":"fi","@id":"https:\/\/alamocostadelsol.com\/fi#\/schema\/logo\/image\/","url":"https:\/\/alamocostadelsol.com\/wp-content\/uploads\/2024\/05\/alamo-costa-del-sol-logotype.png","contentUrl":"https:\/\/alamocostadelsol.com\/wp-content\/uploads\/2024\/05\/alamo-costa-del-sol-logotype.png","width":773,"height":170,"caption":"Alamo - makes your dream come true at costa del sol"},"image":{"@id":"https:\/\/alamocostadelsol.com\/fi#\/schema\/logo\/image\/"},"sameAs":["https:\/\/www.facebook.com\/alamocostadelsol","https:\/\/www.instagram.com\/alamocostadelsol\/"]}]}},"_links":{"self":[{"href":"https:\/\/alamocostadelsol.com\/fi\/wp-json\/wp\/v2\/pages\/18814346","targetHints":{"allow":["GET"]}}],"collection":[{"href":"https:\/\/alamocostadelsol.com\/fi\/wp-json\/wp\/v2\/pages"}],"about":[{"href":"https:\/\/alamocostadelsol.com\/fi\/wp-json\/wp\/v2\/types\/page"}],"author":[{"embeddable":true,"href":"https:\/\/alamocostadelsol.com\/fi\/wp-json\/wp\/v2\/users\/3"}],"replies":[{"embeddable":true,"href":"https:\/\/alamocostadelsol.com\/fi\/wp-json\/wp\/v2\/comments?post=18814346"}],"version-history":[{"count":2,"href":"https:\/\/alamocostadelsol.com\/fi\/wp-json\/wp\/v2\/pages\/18814346\/revisions"}],"predecessor-version":[{"id":18814348,"href":"https:\/\/alamocostadelsol.com\/fi\/wp-json\/wp\/v2\/pages\/18814346\/revisions\/18814348"}],"wp:attachment":[{"href":"https:\/\/alamocostadelsol.com\/fi\/wp-json\/wp\/v2\/media?parent=18814346"}],"wp:term":[{"taxonomy":"dipi_cpt_category","embeddable":true,"href":"https:\/\/alamocostadelsol.com\/fi\/wp-json\/wp\/v2\/dipi_cpt_category?post=18814346"}],"curies":[{"name":"wp","href":"https:\/\/api.w.org\/{rel}","templated":true}]}}