{"id":18812775,"date":"2024-06-10T19:29:00","date_gmt":"2024-06-10T17:29:00","guid":{"rendered":"https:\/\/alamocostadelsol.com\/alamosta\/emelie-vretman"},"modified":"2026-01-12T16:42:51","modified_gmt":"2026-01-12T15:42:51","slug":"emelie-vretman","status":"publish","type":"page","link":"https:\/\/alamocostadelsol.com\/fi\/about-alamo\/emelie-vretman","title":{"rendered":"Emelie Vretman"},"content":{"rendered":"<p>[et_pb_section fb_built=&#8221;1&#8243; _builder_version=&#8221;4.27.4&#8243; _module_preset=&#8221;default&#8221; global_colors_info=&#8221;{}&#8221;][et_pb_row column_structure=&#8221;1_3,2_3&#8243; _builder_version=&#8221;4.25.1&#8243; _module_preset=&#8221;default&#8221; width=&#8221;90%&#8221; max_width=&#8221;100%&#8221; global_colors_info=&#8221;{}&#8221;][et_pb_column type=&#8221;1_3&#8243; _builder_version=&#8221;4.25.1&#8243; _module_preset=&#8221;default&#8221; global_colors_info=&#8221;{}&#8221;][et_pb_image src=&#8221;https:\/\/alamocostadelsol.com\/wp-content\/uploads\/2025\/06\/DSC070412.jpg&#8221; alt=&#8221;Catarina Henriksson&#8221; title_text=&#8221;DSC070412&#8243; align=&#8221;right&#8221; _builder_version=&#8221;4.27.4&#8243; _module_preset=&#8221;default&#8221; width=&#8221;80%&#8221; global_colors_info=&#8221;{}&#8221;][\/et_pb_image][\/et_pb_column][et_pb_column type=&#8221;2_3&#8243; _builder_version=&#8221;4.25.1&#8243; _module_preset=&#8221;default&#8221; global_colors_info=&#8221;{}&#8221;][et_pb_text _builder_version=&#8221;4.27.4&#8243; _module_preset=&#8221;default&#8221; text_font=&#8221;Marcellus||||||||&#8221; text_font_size=&#8221;16px&#8221; header_font=&#8221;Marcellus|700|||||||&#8221; header_font_size=&#8221;36px&#8221; header_2_font=&#8221;Marcellus||||||||&#8221; header_2_font_size=&#8221;22px&#8221; custom_padding=&#8221;3px|||||&#8221; hover_enabled=&#8221;0&#8243; global_colors_info=&#8221;{}&#8221; sticky_enabled=&#8221;0&#8243;]<\/p>\n<h1><a class=\"block font-medium text-lg\">Emelie Vretman<\/a><\/h1>\n<h2><span>Yhteisty\u00f6kumppani<\/span><\/h2>\n<p><span><\/span><\/p>\n<p><span>Muutin Costa del Solille nelj\u00e4 vuotta sitten, alun perin Ruotsista. El\u00e4m\u00e4ni aikana minulla on ollut mahdollisuus asua useissa eri paikoissa, ja minulla on aina ollut intohimo tavata uusia ihmisi\u00e4 ja tutustua uusiin kohteisiin. <\/span><\/p>\n<p>Minulla on vahva tausta myynniss\u00e4 ja aito rakkaus ihmisten kanssa ty\u00f6skentelyyn, ja olen viett\u00e4nyt useita vuosia rakentaen merkityksellisi\u00e4 suhteita ja auttamalla asiakkaita l\u00f6yt\u00e4m\u00e4\u00e4n oikeat ratkaisut heid\u00e4n tarpeisiinsa.<\/p>\n<p>Nyt keskityn auttamaan sinua l\u00f6yt\u00e4m\u00e4\u00e4n unelmiesi kodin t\u00e4\u00e4lt\u00e4 Costa del Solilta. Olen t\u00e4\u00e4ll\u00e4 opastamassa ja tukemassa sinua kaikissa vaiheissa, jotta prosessi olisi mahdollisimman sujuva ja nautinnollinen. <\/p>\n<p>[\/et_pb_text][\/et_pb_column][\/et_pb_row][et_pb_row _builder_version=&#8221;4.27.4&#8243; _module_preset=&#8221;default&#8221; global_colors_info=&#8221;{}&#8221;][et_pb_column type=&#8221;4_4&#8243; _builder_version=&#8221;4.27.4&#8243; _module_preset=&#8221;default&#8221; global_colors_info=&#8221;{}&#8221;][et_pb_post_nav _builder_version=&#8221;4.27.4&#8243; _module_preset=&#8221;default&#8221; global_colors_info=&#8221;{}&#8221;][\/et_pb_post_nav][\/et_pb_column][\/et_pb_row][\/et_pb_section]<\/p>\n","protected":false},"excerpt":{"rendered":"<p>Emelie Vretman Yhteisty\u00f6kumppani Muutin Costa del Solille nelj\u00e4 vuotta sitten, alun perin Ruotsista. El\u00e4m\u00e4ni aikana minulla on ollut mahdollisuus asua useissa eri paikoissa, ja minulla on aina ollut intohimo tavata uusia ihmisi\u00e4 ja tutustua uusiin kohteisiin. Minulla on vahva tausta myynniss\u00e4 ja aito rakkaus ihmisten kanssa ty\u00f6skentelyyn, ja olen viett\u00e4nyt useita vuosia rakentaen merkityksellisi\u00e4 suhteita [&hellip;]<\/p>\n","protected":false},"author":3,"featured_media":0,"parent":18814169,"menu_order":0,"comment_status":"closed","ping_status":"closed","template":"","meta":{"_et_pb_use_builder":"on","_et_pb_old_content":"","_et_gb_content_width":"","footnotes":""},"dipi_cpt_category":[],"class_list":["post-18812775","page","type-page","status-publish","hentry"],"yoast_head":"<!-- This site is optimized with the Yoast SEO plugin v25.8 - https:\/\/yoast.com\/wordpress\/plugins\/seo\/ -->\n<title>Emelie Vretman | Kiinteist\u00f6nv\u00e4litt\u00e4j\u00e4 Costa del Solilla<\/title>\n<meta name=\"description\" content=\"Emelie Vretman on kiinteist\u00f6nv\u00e4litt\u00e4j\u00e4 Alamo Costa del Solissa, joka tukee ostajia ja myyji\u00e4 ammattimaisella ohjauksella ja paikallistuntemuksella.\" \/>\n<meta name=\"robots\" content=\"index, follow, max-snippet:-1, max-image-preview:large, max-video-preview:-1\" \/>\n<link rel=\"canonical\" href=\"https:\/\/alamocostadelsol.com\/fi\/about-alamo\/emelie-vretman\" \/>\n<meta property=\"og:locale\" content=\"fi_FI\" \/>\n<meta property=\"og:type\" content=\"article\" \/>\n<meta property=\"og:title\" content=\"Emelie Vretman | Kiinteist\u00f6nv\u00e4litt\u00e4j\u00e4 Costa del Solilla\" \/>\n<meta property=\"og:description\" content=\"Emelie Vretman on kiinteist\u00f6nv\u00e4litt\u00e4j\u00e4 Alamo Costa del Solissa, joka tukee ostajia ja myyji\u00e4 ammattimaisella ohjauksella ja paikallistuntemuksella.\" \/>\n<meta property=\"og:url\" content=\"https:\/\/alamocostadelsol.com\/fi\/about-alamo\/emelie-vretman\" \/>\n<meta property=\"og:site_name\" content=\"Alamo - makes your dream come true at costa del sol\" \/>\n<meta property=\"article:publisher\" content=\"https:\/\/www.facebook.com\/alamocostadelsol\" \/>\n<meta property=\"article:modified_time\" content=\"2026-01-12T15:42:51+00:00\" \/>\n<meta name=\"twitter:card\" content=\"summary_large_image\" \/>\n<meta name=\"twitter:label1\" content=\"Arvioitu lukuaika\" \/>\n\t<meta name=\"twitter:data1\" content=\"1 minuutti\" \/>\n<script type=\"application\/ld+json\" class=\"yoast-schema-graph\">{\"@context\":\"https:\/\/schema.org\",\"@graph\":[{\"@type\":\"WebPage\",\"@id\":\"https:\/\/alamocostadelsol.com\/fi\/about-alamo\/emelie-vretman\",\"url\":\"https:\/\/alamocostadelsol.com\/fi\/about-alamo\/emelie-vretman\",\"name\":\"Emelie Vretman | Kiinteist\u00f6nv\u00e4litt\u00e4j\u00e4 Costa del Solilla\",\"isPartOf\":{\"@id\":\"https:\/\/alamocostadelsol.com\/fi#website\"},\"datePublished\":\"2024-06-10T17:29:00+00:00\",\"dateModified\":\"2026-01-12T15:42:51+00:00\",\"description\":\"Emelie Vretman on kiinteist\u00f6nv\u00e4litt\u00e4j\u00e4 Alamo Costa del Solissa, joka tukee ostajia ja myyji\u00e4 ammattimaisella ohjauksella ja paikallistuntemuksella.\",\"breadcrumb\":{\"@id\":\"https:\/\/alamocostadelsol.com\/fi\/about-alamo\/emelie-vretman#breadcrumb\"},\"inLanguage\":\"fi\",\"potentialAction\":[{\"@type\":\"ReadAction\",\"target\":[\"https:\/\/alamocostadelsol.com\/fi\/about-alamo\/emelie-vretman\"]}]},{\"@type\":\"BreadcrumbList\",\"@id\":\"https:\/\/alamocostadelsol.com\/fi\/about-alamo\/emelie-vretman#breadcrumb\",\"itemListElement\":[{\"@type\":\"ListItem\",\"position\":1,\"name\":\"Home\",\"item\":\"https:\/\/alamocostadelsol.com\/fi\"},{\"@type\":\"ListItem\",\"position\":2,\"name\":\"Tietoa Alamosta\",\"item\":\"https:\/\/alamocostadelsol.com\/fi\/about-alamo\"},{\"@type\":\"ListItem\",\"position\":3,\"name\":\"Emelie Vretman\"}]},{\"@type\":\"WebSite\",\"@id\":\"https:\/\/alamocostadelsol.com\/fi#website\",\"url\":\"https:\/\/alamocostadelsol.com\/fi\",\"name\":\"Alamo - makes your dream come true at costa del sol\",\"description\":\"\",\"publisher\":{\"@id\":\"https:\/\/alamocostadelsol.com\/fi#organization\"},\"potentialAction\":[{\"@type\":\"SearchAction\",\"target\":{\"@type\":\"EntryPoint\",\"urlTemplate\":\"https:\/\/alamocostadelsol.com\/fi?s={search_term_string}\"},\"query-input\":{\"@type\":\"PropertyValueSpecification\",\"valueRequired\":true,\"valueName\":\"search_term_string\"}}],\"inLanguage\":\"fi\"},{\"@type\":\"Organization\",\"@id\":\"https:\/\/alamocostadelsol.com\/fi#organization\",\"name\":\"Alamo - makes your dream come true at costa del sol\",\"url\":\"https:\/\/alamocostadelsol.com\/fi\",\"logo\":{\"@type\":\"ImageObject\",\"inLanguage\":\"fi\",\"@id\":\"https:\/\/alamocostadelsol.com\/fi#\/schema\/logo\/image\/\",\"url\":\"https:\/\/alamocostadelsol.com\/wp-content\/uploads\/2024\/05\/alamo-costa-del-sol-logotype.png\",\"contentUrl\":\"https:\/\/alamocostadelsol.com\/wp-content\/uploads\/2024\/05\/alamo-costa-del-sol-logotype.png\",\"width\":773,\"height\":170,\"caption\":\"Alamo - makes your dream come true at costa del sol\"},\"image\":{\"@id\":\"https:\/\/alamocostadelsol.com\/fi#\/schema\/logo\/image\/\"},\"sameAs\":[\"https:\/\/www.facebook.com\/alamocostadelsol\",\"https:\/\/www.instagram.com\/alamocostadelsol\/\"]}]}<\/script>\n<!-- \/ Yoast SEO plugin. -->","yoast_head_json":{"title":"Emelie Vretman | Kiinteist\u00f6nv\u00e4litt\u00e4j\u00e4 Costa del Solilla","description":"Emelie Vretman on kiinteist\u00f6nv\u00e4litt\u00e4j\u00e4 Alamo Costa del Solissa, joka tukee ostajia ja myyji\u00e4 ammattimaisella ohjauksella ja paikallistuntemuksella.","robots":{"index":"index","follow":"follow","max-snippet":"max-snippet:-1","max-image-preview":"max-image-preview:large","max-video-preview":"max-video-preview:-1"},"canonical":"https:\/\/alamocostadelsol.com\/fi\/about-alamo\/emelie-vretman","og_locale":"fi_FI","og_type":"article","og_title":"Emelie Vretman | Kiinteist\u00f6nv\u00e4litt\u00e4j\u00e4 Costa del Solilla","og_description":"Emelie Vretman on kiinteist\u00f6nv\u00e4litt\u00e4j\u00e4 Alamo Costa del Solissa, joka tukee ostajia ja myyji\u00e4 ammattimaisella ohjauksella ja paikallistuntemuksella.","og_url":"https:\/\/alamocostadelsol.com\/fi\/about-alamo\/emelie-vretman","og_site_name":"Alamo - makes your dream come true at costa del sol","article_publisher":"https:\/\/www.facebook.com\/alamocostadelsol","article_modified_time":"2026-01-12T15:42:51+00:00","twitter_card":"summary_large_image","twitter_misc":{"Arvioitu lukuaika":"1 minuutti"},"schema":{"@context":"https:\/\/schema.org","@graph":[{"@type":"WebPage","@id":"https:\/\/alamocostadelsol.com\/fi\/about-alamo\/emelie-vretman","url":"https:\/\/alamocostadelsol.com\/fi\/about-alamo\/emelie-vretman","name":"Emelie Vretman | Kiinteist\u00f6nv\u00e4litt\u00e4j\u00e4 Costa del Solilla","isPartOf":{"@id":"https:\/\/alamocostadelsol.com\/fi#website"},"datePublished":"2024-06-10T17:29:00+00:00","dateModified":"2026-01-12T15:42:51+00:00","description":"Emelie Vretman on kiinteist\u00f6nv\u00e4litt\u00e4j\u00e4 Alamo Costa del Solissa, joka tukee ostajia ja myyji\u00e4 ammattimaisella ohjauksella ja paikallistuntemuksella.","breadcrumb":{"@id":"https:\/\/alamocostadelsol.com\/fi\/about-alamo\/emelie-vretman#breadcrumb"},"inLanguage":"fi","potentialAction":[{"@type":"ReadAction","target":["https:\/\/alamocostadelsol.com\/fi\/about-alamo\/emelie-vretman"]}]},{"@type":"BreadcrumbList","@id":"https:\/\/alamocostadelsol.com\/fi\/about-alamo\/emelie-vretman#breadcrumb","itemListElement":[{"@type":"ListItem","position":1,"name":"Home","item":"https:\/\/alamocostadelsol.com\/fi"},{"@type":"ListItem","position":2,"name":"Tietoa Alamosta","item":"https:\/\/alamocostadelsol.com\/fi\/about-alamo"},{"@type":"ListItem","position":3,"name":"Emelie Vretman"}]},{"@type":"WebSite","@id":"https:\/\/alamocostadelsol.com\/fi#website","url":"https:\/\/alamocostadelsol.com\/fi","name":"Alamo - makes your dream come true at costa del sol","description":"","publisher":{"@id":"https:\/\/alamocostadelsol.com\/fi#organization"},"potentialAction":[{"@type":"SearchAction","target":{"@type":"EntryPoint","urlTemplate":"https:\/\/alamocostadelsol.com\/fi?s={search_term_string}"},"query-input":{"@type":"PropertyValueSpecification","valueRequired":true,"valueName":"search_term_string"}}],"inLanguage":"fi"},{"@type":"Organization","@id":"https:\/\/alamocostadelsol.com\/fi#organization","name":"Alamo - makes your dream come true at costa del sol","url":"https:\/\/alamocostadelsol.com\/fi","logo":{"@type":"ImageObject","inLanguage":"fi","@id":"https:\/\/alamocostadelsol.com\/fi#\/schema\/logo\/image\/","url":"https:\/\/alamocostadelsol.com\/wp-content\/uploads\/2024\/05\/alamo-costa-del-sol-logotype.png","contentUrl":"https:\/\/alamocostadelsol.com\/wp-content\/uploads\/2024\/05\/alamo-costa-del-sol-logotype.png","width":773,"height":170,"caption":"Alamo - makes your dream come true at costa del sol"},"image":{"@id":"https:\/\/alamocostadelsol.com\/fi#\/schema\/logo\/image\/"},"sameAs":["https:\/\/www.facebook.com\/alamocostadelsol","https:\/\/www.instagram.com\/alamocostadelsol\/"]}]}},"_links":{"self":[{"href":"https:\/\/alamocostadelsol.com\/fi\/wp-json\/wp\/v2\/pages\/18812775","targetHints":{"allow":["GET"]}}],"collection":[{"href":"https:\/\/alamocostadelsol.com\/fi\/wp-json\/wp\/v2\/pages"}],"about":[{"href":"https:\/\/alamocostadelsol.com\/fi\/wp-json\/wp\/v2\/types\/page"}],"author":[{"embeddable":true,"href":"https:\/\/alamocostadelsol.com\/fi\/wp-json\/wp\/v2\/users\/3"}],"replies":[{"embeddable":true,"href":"https:\/\/alamocostadelsol.com\/fi\/wp-json\/wp\/v2\/comments?post=18812775"}],"version-history":[{"count":10,"href":"https:\/\/alamocostadelsol.com\/fi\/wp-json\/wp\/v2\/pages\/18812775\/revisions"}],"predecessor-version":[{"id":18814482,"href":"https:\/\/alamocostadelsol.com\/fi\/wp-json\/wp\/v2\/pages\/18812775\/revisions\/18814482"}],"up":[{"embeddable":true,"href":"https:\/\/alamocostadelsol.com\/fi\/wp-json\/wp\/v2\/pages\/18814169"}],"wp:attachment":[{"href":"https:\/\/alamocostadelsol.com\/fi\/wp-json\/wp\/v2\/media?parent=18812775"}],"wp:term":[{"taxonomy":"dipi_cpt_category","embeddable":true,"href":"https:\/\/alamocostadelsol.com\/fi\/wp-json\/wp\/v2\/dipi_cpt_category?post=18812775"}],"curies":[{"name":"wp","href":"https:\/\/api.w.org\/{rel}","templated":true}]}}