{"id":18812013,"date":"2025-06-04T14:59:01","date_gmt":"2025-06-04T12:59:01","guid":{"rendered":"https:\/\/alamocostadelsol.com\/ostajan-opas"},"modified":"2025-06-09T14:23:38","modified_gmt":"2025-06-09T12:23:38","slug":"ostajan-opas","status":"publish","type":"page","link":"https:\/\/alamocostadelsol.com\/fi\/ostajan-opas","title":{"rendered":"Ostajan opas"},"content":{"rendered":"<p>[et_pb_section fb_built=&#8221;1&#8243; _builder_version=&#8221;4.27.4&#8243; _module_preset=&#8221;default&#8221; global_colors_info=&#8221;{}&#8221;][et_pb_row _builder_version=&#8221;4.27.4&#8243; _module_preset=&#8221;default&#8221; global_colors_info=&#8221;{}&#8221;][et_pb_column type=&#8221;4_4&#8243; _builder_version=&#8221;4.27.4&#8243; _module_preset=&#8221;default&#8221; global_colors_info=&#8221;{}&#8221;][et_pb_image src=&#8221;https:\/\/alamocostadelsol.com\/wp-content\/uploads\/2025\/06\/4.png&#8221; title_text=&#8221;4&#8243; _builder_version=&#8221;4.27.4&#8243; _module_preset=&#8221;default&#8221; width_tablet=&#8221;&#8221; width_phone=&#8221;&#8221; width_last_edited=&#8221;on|desktop&#8221; max_width=&#8221;81%&#8221; module_alignment=&#8221;center&#8221; hover_enabled=&#8221;0&#8243; module_alignment_tablet=&#8221;center&#8221; module_alignment_phone=&#8221;center&#8221; module_alignment_last_edited=&#8221;on|desktop&#8221; global_colors_info=&#8221;{}&#8221; sticky_enabled=&#8221;0&#8243;][\/et_pb_image][et_pb_contact_form use_spam_service=&#8221;on&#8221; recaptcha_list=&#8221;Alamo ReCap forms|Alamo ReCap forms-0&#8243; email=&#8221;contact@alamocostadelsol.com&#8221; title=&#8221;Hanki t\u00e4ydellinen ostajan opas&#8221; custom_message=&#8221;Uusi k\u00e4ytt\u00e4j\u00e4 on pyyt\u00e4nyt Ostajan opasta.||et_pb_line_break_holder||||et_pb_line_break_holder||S\u00e4hk\u00f6posti: %%Email%%||et_pb_line_break_holder||&#8221; use_redirect=&#8221;on&#8221; redirect_url=&#8221;https:\/\/alamocostadelsol.com\/guide-download&#8221; success_message=&#8221;Kiitos, ett\u00e4 pyysit ostajan opastamme!&#8221; submit_button_text=&#8221;Lataa nyt&#8221; _builder_version=&#8221;4.27.4&#8243; _module_preset=&#8221;default&#8221; _unique_id=&#8221;a4d7076c-8199-4434-8e35-24332353c404&#8243; form_field_background_color=&#8221;#f9f9f9&#8243; title_level=&#8221;h2&#8243; title_font=&#8221;Marcellus|700|||||||&#8221; title_text_align=&#8221;center&#8221; title_line_height=&#8221;1.8em&#8221; form_field_font=&#8221;Marcellus|&#8211;et_global_body_font_weight|||||||&#8221; form_field_text_align=&#8221;left&#8221; form_field_font_size=&#8221;16px&#8221; background_color=&#8221;#FFFFFF&#8221; custom_button=&#8221;on&#8221; button_text_color=&#8221;#FFFFFF&#8221; button_bg_color=&#8221;#003c58&#8243; button_border_width=&#8221;2px&#8221; button_border_radius=&#8221;25px&#8221; button_font=&#8221;Marcellus|700|||||||&#8221; button_use_icon=&#8221;off&#8221; button_custom_margin=&#8221;||||false|false&#8221; button_custom_padding=&#8221;||||false|false&#8221; width=&#8221;100%&#8221; width_tablet=&#8221;100%&#8221; width_phone=&#8221;102%&#8221; width_last_edited=&#8221;on|tablet&#8221; max_width=&#8221;46%&#8221; max_width_tablet=&#8221;62%&#8221; max_width_phone=&#8221;100%&#8221; max_width_last_edited=&#8221;on|phone&#8221; module_alignment=&#8221;center&#8221; height=&#8221;254px&#8221; custom_margin=&#8221;||-117px|||&#8221; custom_padding=&#8221;5%|5%|0%|5%|false|false&#8221; button_text_size_tablet=&#8221;&#8221; button_text_size_phone=&#8221;15px&#8221; button_text_size_last_edited=&#8221;on|desktop&#8221; border_radii=&#8221;on|25px|25px|25px|25px&#8221; global_colors_info=&#8221;{}&#8221;][et_pb_contact_field field_id=&#8221;Email&#8221; field_title=&#8221;S\u00e4hk\u00f6posti&#8221; field_type=&#8221;email&#8221; fullwidth_field=&#8221;on&#8221; _builder_version=&#8221;4.27.0&#8243; global_colors_info=&#8221;{}&#8221; button_text_size__hover_enabled=&#8221;off&#8221; button_one_text_size__hover_enabled=&#8221;off&#8221; button_two_text_size__hover_enabled=&#8221;off&#8221; button_text_color__hover_enabled=&#8221;off&#8221; button_one_text_color__hover_enabled=&#8221;off&#8221; button_two_text_color__hover_enabled=&#8221;off&#8221; button_border_width__hover_enabled=&#8221;off&#8221; button_one_border_width__hover_enabled=&#8221;off&#8221; button_two_border_width__hover_enabled=&#8221;off&#8221; button_border_color__hover_enabled=&#8221;off&#8221; button_one_border_color__hover_enabled=&#8221;off&#8221; button_two_border_color__hover_enabled=&#8221;off&#8221; button_border_radius__hover_enabled=&#8221;off&#8221; button_one_border_radius__hover_enabled=&#8221;off&#8221; button_two_border_radius__hover_enabled=&#8221;off&#8221; button_letter_spacing__hover_enabled=&#8221;off&#8221; button_one_letter_spacing__hover_enabled=&#8221;off&#8221; button_two_letter_spacing__hover_enabled=&#8221;off&#8221; button_bg_color__hover_enabled=&#8221;off&#8221; button_one_bg_color__hover_enabled=&#8221;off&#8221; button_two_bg_color__hover_enabled=&#8221;off&#8221;][\/et_pb_contact_field][\/et_pb_contact_form][\/et_pb_column][\/et_pb_row][et_pb_row _builder_version=&#8221;4.27.4&#8243; _module_preset=&#8221;default&#8221;][et_pb_column _builder_version=&#8221;4.27.4&#8243; _module_preset=&#8221;default&#8221; type=&#8221;4_4&#8243;][et_pb_text _builder_version=&#8221;4.27.4&#8243; _module_preset=&#8221;default&#8221; hover_enabled=&#8221;0&#8243; sticky_enabled=&#8221;0&#8243;]<\/p>\n<p><span>Talon tai asunnon ostaminen Espanjasta ei ole monimutkaista, mutta se eroaa hieman siit\u00e4, mihin olemme tottuneet Soumi. Kiinteist\u00f6n osto kest\u00e4\u00e4 noin 6-8 viikkoa, ja kaikki tehd\u00e4\u00e4n espanjaksi. On paljon seurattavaa, ja me autamme sinua t\u00e4ss\u00e4 prosessissa. Suosittelemme, ett\u00e4 palkkaat aina asianajajan, joka opastaa sinua my\u00f6s oikeudellisessa prosessissa.<\/span><\/p>\n<p><span><strong>1. KATSELU JA TARJOAMINEN<\/strong><\/span><br \/><span>N\u00e4ht\u00e4vill\u00e4olon, tarjousten tekemisen ja neuvottelujen j\u00e4lkeen ostaja ja myyj\u00e4 sopivat myyntihinnasta.<\/span><\/p>\n<p><span><strong>2. VARAUSSOPIMUS<\/strong><\/span><br \/><span>Yksinkertainen asiakirja, jossa m\u00e4\u00e4ritell\u00e4\u00e4n hinta ja maksuehdot, kauppakirjan allekirjoitusp\u00e4iv\u00e4, sis\u00e4ltyyk\u00f6 kiinteist\u00f6\u00f6n kalusteita ja edellytt\u00e4\u00e4k\u00f6 osto kiinnityst\u00e4, katselmusta jne. 6 000 euroa on maksettava takuuna. T\u00e4m\u00e4 asiakirja joko allekirjoitetaan v\u00e4litt\u00e4j\u00e4n toimistossa tai l\u00e4hetet\u00e4\u00e4n ostajalle s\u00e4hk\u00f6postitse, joka allekirjoittaa ja palauttaa sen sitten v\u00e4litt\u00e4j\u00e4lle.<\/span><\/p>\n<p><span><strong>3. KIINTEIST\u00d6N OIKEUDELLINEN TARKASTELU JA ASIAKIRJOJEN KER\u00c4\u00c4MINEN<\/strong><\/span><br \/><span>Asianajaja ottaa yhteytt\u00e4 myyj\u00e4n lailliseen edustajaan ja ker\u00e4\u00e4 kaikki kiinteist\u00f6\u00e4 koskevat asiakirjat sek\u00e4 tarkistaa, ett\u00e4 kaikki kunnan my\u00f6nt\u00e4m\u00e4t luvat ja lisenssit ovat kunnossa ja ett\u00e4 kiinteist\u00f6ss\u00e4 ei ole maksamattomia velkoja, kiinnityksi\u00e4, kuluja, vuokralaisia tai veroja.<\/span><\/p>\n<p><span><strong>4. YKSITYINEN OSTOSOPIMUS<\/strong><\/span><br \/><span>Kun asianajaja on tutkinut kiinteist\u00f6n ja vahvistanut, ett\u00e4 kaikki on kunnossa, ostaja ja myyj\u00e4 voivat allekirjoittaa kauppasopimuksen. Sopimus on hyvin yksityiskohtainen, ja se sis\u00e4lt\u00e4\u00e4 kattavan oikeudellisen kuvauksen itse kiinteist\u00f6st\u00e4. Se sis\u00e4lt\u00e4\u00e4 my\u00f6s kaikki ostajan ja myyj\u00e4n henkil\u00f6tiedot, kauppahinnan, maksuaikataulun, kauppakirjan arvioidun allekirjoitusp\u00e4iv\u00e4m\u00e4\u00e4r\u00e4n ja muut oikeudelliset lausekkeet. Sopimuksen allekirjoittamisen yhteydess\u00e4 ostaja maksaa yleens\u00e4 10 % kiinteist\u00f6n kokonaismyyntihinnasta.<\/span><\/p>\n<p><span><strong>5. TITLE DEED<\/strong><\/span><br \/><span>Espanjassa kiinteist\u00f6n oston viimeinen vaihe on notaarin luona. Kyseess\u00e4 on muodollinen toimi, ja molemmat osapuolet, sek\u00e4 ostajat ett\u00e4 myyj\u00e4t, joko yhdess\u00e4 asianajajiensa kanssa tai asianajajat yksin\u00e4\u00e4n asiakkaidensa valtuuttamina, tapaavat notaarin kanssa allekirjoittaakseen kauppakirjan. Samassa asiakirjassa ostaja maksaa loppuosan sovitusta kauppahinnasta myyj\u00e4lle, ja myyj\u00e4 luovuttaa kiinteist\u00f6n avaimet ostajalle. T\u00e4st\u00e4 hetkest\u00e4 l\u00e4htien ostaja on kiinteist\u00f6n laillinen omistaja. Kauppakirjan on oltava kolmen osapuolen allekirjoittama: myyj\u00e4n, ostajan ja notaarin.<\/span><\/p>\n<p><span><strong>6. OSTON REKISTER\u00d6INTI<\/strong><\/span><br \/><span>Muutaman p\u00e4iv\u00e4n kuluttua kauppakirjan allekirjoittamisesta se voidaan noutaa notaarilta, mink\u00e4 j\u00e4lkeen se luovutetaan kiinteist\u00f6rekisteriin, joka varmistaa, ett\u00e4 kiinteist\u00f6 on virallisesti rekister\u00f6ity uuden omistajan nimiin. Nyt kaikki kulut, verot, siirtomaksut ja muut oikeudelliset kulut on maksettu. Asianajajasi varmistaa, ett\u00e4 kaikki sopimukset, kuten vesi, s\u00e4hk\u00f6, omistajakunta jne. sek\u00e4 erilaiset kiinteist\u00f6\u00f6n liittyv\u00e4t verot siirret\u00e4\u00e4n uudelle omistajalle ja maksetaan suoraveloituksena uuden omistajan pankkitililt\u00e4.<\/span><\/p>\n<p>[\/et_pb_text][\/et_pb_column][\/et_pb_row][\/et_pb_section]<\/p>\n","protected":false},"excerpt":{"rendered":"<p>Talon tai asunnon ostaminen Espanjasta ei ole monimutkaista, mutta se eroaa hieman siit\u00e4, mihin olemme tottuneet Soumi. Kiinteist\u00f6n osto kest\u00e4\u00e4 noin 6-8 viikkoa, ja kaikki tehd\u00e4\u00e4n espanjaksi. On paljon seurattavaa, ja me autamme sinua t\u00e4ss\u00e4 prosessissa. Suosittelemme, ett\u00e4 palkkaat aina asianajajan, joka opastaa sinua my\u00f6s oikeudellisessa prosessissa. 1. KATSELU JA TARJOAMINENN\u00e4ht\u00e4vill\u00e4olon, tarjousten tekemisen ja neuvottelujen [&hellip;]<\/p>\n","protected":false},"author":3,"featured_media":0,"parent":0,"menu_order":0,"comment_status":"closed","ping_status":"closed","template":"","meta":{"_et_pb_use_builder":"on","_et_pb_old_content":"","_et_gb_content_width":"","footnotes":""},"dipi_cpt_category":[],"class_list":["post-18812013","page","type-page","status-publish","hentry"],"yoast_head":"<!-- This site is optimized with the Yoast SEO plugin v25.8 - https:\/\/yoast.com\/wordpress\/plugins\/seo\/ -->\n<title>Ostajan opas - Alamo - makes your dream come true at costa del sol<\/title>\n<meta name=\"robots\" content=\"index, follow, max-snippet:-1, max-image-preview:large, max-video-preview:-1\" \/>\n<link rel=\"canonical\" href=\"https:\/\/alamocostadelsol.com\/fi\/ostajan-opas\" \/>\n<meta property=\"og:locale\" content=\"fi_FI\" \/>\n<meta property=\"og:type\" content=\"article\" \/>\n<meta property=\"og:title\" content=\"Ostajan opas - Alamo - makes your dream come true at costa del sol\" \/>\n<meta property=\"og:description\" content=\"Talon tai asunnon ostaminen Espanjasta ei ole monimutkaista, mutta se eroaa hieman siit\u00e4, mihin olemme tottuneet Soumi. Kiinteist\u00f6n osto kest\u00e4\u00e4 noin 6-8 viikkoa, ja kaikki tehd\u00e4\u00e4n espanjaksi. On paljon seurattavaa, ja me autamme sinua t\u00e4ss\u00e4 prosessissa. Suosittelemme, ett\u00e4 palkkaat aina asianajajan, joka opastaa sinua my\u00f6s oikeudellisessa prosessissa. 1. KATSELU JA TARJOAMINENN\u00e4ht\u00e4vill\u00e4olon, tarjousten tekemisen ja neuvottelujen [&hellip;]\" \/>\n<meta property=\"og:url\" content=\"https:\/\/alamocostadelsol.com\/fi\/ostajan-opas\" \/>\n<meta property=\"og:site_name\" content=\"Alamo - makes your dream come true at costa del sol\" \/>\n<meta property=\"article:publisher\" content=\"https:\/\/www.facebook.com\/alamocostadelsol\" \/>\n<meta property=\"article:modified_time\" content=\"2025-06-09T12:23:38+00:00\" \/>\n<meta name=\"twitter:card\" content=\"summary_large_image\" \/>\n<meta name=\"twitter:label1\" content=\"Arvioitu lukuaika\" \/>\n\t<meta name=\"twitter:data1\" content=\"5 minuuttia\" \/>\n<script type=\"application\/ld+json\" class=\"yoast-schema-graph\">{\"@context\":\"https:\/\/schema.org\",\"@graph\":[{\"@type\":\"WebPage\",\"@id\":\"https:\/\/alamocostadelsol.com\/fi\/ostajan-opas\",\"url\":\"https:\/\/alamocostadelsol.com\/fi\/ostajan-opas\",\"name\":\"Ostajan opas - Alamo - makes your dream come true at costa del sol\",\"isPartOf\":{\"@id\":\"https:\/\/alamocostadelsol.com\/fi#website\"},\"datePublished\":\"2025-06-04T12:59:01+00:00\",\"dateModified\":\"2025-06-09T12:23:38+00:00\",\"breadcrumb\":{\"@id\":\"https:\/\/alamocostadelsol.com\/fi\/ostajan-opas#breadcrumb\"},\"inLanguage\":\"fi\",\"potentialAction\":[{\"@type\":\"ReadAction\",\"target\":[\"https:\/\/alamocostadelsol.com\/fi\/ostajan-opas\"]}]},{\"@type\":\"BreadcrumbList\",\"@id\":\"https:\/\/alamocostadelsol.com\/fi\/ostajan-opas#breadcrumb\",\"itemListElement\":[{\"@type\":\"ListItem\",\"position\":1,\"name\":\"Home\",\"item\":\"https:\/\/alamocostadelsol.com\/fi\"},{\"@type\":\"ListItem\",\"position\":2,\"name\":\"Ostajan opas\"}]},{\"@type\":\"WebSite\",\"@id\":\"https:\/\/alamocostadelsol.com\/fi#website\",\"url\":\"https:\/\/alamocostadelsol.com\/fi\",\"name\":\"Alamo - makes your dream come true at costa del sol\",\"description\":\"\",\"publisher\":{\"@id\":\"https:\/\/alamocostadelsol.com\/fi#organization\"},\"potentialAction\":[{\"@type\":\"SearchAction\",\"target\":{\"@type\":\"EntryPoint\",\"urlTemplate\":\"https:\/\/alamocostadelsol.com\/fi?s={search_term_string}\"},\"query-input\":{\"@type\":\"PropertyValueSpecification\",\"valueRequired\":true,\"valueName\":\"search_term_string\"}}],\"inLanguage\":\"fi\"},{\"@type\":\"Organization\",\"@id\":\"https:\/\/alamocostadelsol.com\/fi#organization\",\"name\":\"Alamo - makes your dream come true at costa del sol\",\"url\":\"https:\/\/alamocostadelsol.com\/fi\",\"logo\":{\"@type\":\"ImageObject\",\"inLanguage\":\"fi\",\"@id\":\"https:\/\/alamocostadelsol.com\/fi#\/schema\/logo\/image\/\",\"url\":\"https:\/\/alamocostadelsol.com\/wp-content\/uploads\/2024\/05\/alamo-costa-del-sol-logotype.png\",\"contentUrl\":\"https:\/\/alamocostadelsol.com\/wp-content\/uploads\/2024\/05\/alamo-costa-del-sol-logotype.png\",\"width\":773,\"height\":170,\"caption\":\"Alamo - makes your dream come true at costa del sol\"},\"image\":{\"@id\":\"https:\/\/alamocostadelsol.com\/fi#\/schema\/logo\/image\/\"},\"sameAs\":[\"https:\/\/www.facebook.com\/alamocostadelsol\",\"https:\/\/www.instagram.com\/alamocostadelsol\/\"]}]}<\/script>\n<!-- \/ Yoast SEO plugin. -->","yoast_head_json":{"title":"Ostajan opas - Alamo - makes your dream come true at costa del sol","robots":{"index":"index","follow":"follow","max-snippet":"max-snippet:-1","max-image-preview":"max-image-preview:large","max-video-preview":"max-video-preview:-1"},"canonical":"https:\/\/alamocostadelsol.com\/fi\/ostajan-opas","og_locale":"fi_FI","og_type":"article","og_title":"Ostajan opas - Alamo - makes your dream come true at costa del sol","og_description":"Talon tai asunnon ostaminen Espanjasta ei ole monimutkaista, mutta se eroaa hieman siit\u00e4, mihin olemme tottuneet Soumi. Kiinteist\u00f6n osto kest\u00e4\u00e4 noin 6-8 viikkoa, ja kaikki tehd\u00e4\u00e4n espanjaksi. On paljon seurattavaa, ja me autamme sinua t\u00e4ss\u00e4 prosessissa. Suosittelemme, ett\u00e4 palkkaat aina asianajajan, joka opastaa sinua my\u00f6s oikeudellisessa prosessissa. 1. KATSELU JA TARJOAMINENN\u00e4ht\u00e4vill\u00e4olon, tarjousten tekemisen ja neuvottelujen [&hellip;]","og_url":"https:\/\/alamocostadelsol.com\/fi\/ostajan-opas","og_site_name":"Alamo - makes your dream come true at costa del sol","article_publisher":"https:\/\/www.facebook.com\/alamocostadelsol","article_modified_time":"2025-06-09T12:23:38+00:00","twitter_card":"summary_large_image","twitter_misc":{"Arvioitu lukuaika":"5 minuuttia"},"schema":{"@context":"https:\/\/schema.org","@graph":[{"@type":"WebPage","@id":"https:\/\/alamocostadelsol.com\/fi\/ostajan-opas","url":"https:\/\/alamocostadelsol.com\/fi\/ostajan-opas","name":"Ostajan opas - Alamo - makes your dream come true at costa del sol","isPartOf":{"@id":"https:\/\/alamocostadelsol.com\/fi#website"},"datePublished":"2025-06-04T12:59:01+00:00","dateModified":"2025-06-09T12:23:38+00:00","breadcrumb":{"@id":"https:\/\/alamocostadelsol.com\/fi\/ostajan-opas#breadcrumb"},"inLanguage":"fi","potentialAction":[{"@type":"ReadAction","target":["https:\/\/alamocostadelsol.com\/fi\/ostajan-opas"]}]},{"@type":"BreadcrumbList","@id":"https:\/\/alamocostadelsol.com\/fi\/ostajan-opas#breadcrumb","itemListElement":[{"@type":"ListItem","position":1,"name":"Home","item":"https:\/\/alamocostadelsol.com\/fi"},{"@type":"ListItem","position":2,"name":"Ostajan opas"}]},{"@type":"WebSite","@id":"https:\/\/alamocostadelsol.com\/fi#website","url":"https:\/\/alamocostadelsol.com\/fi","name":"Alamo - makes your dream come true at costa del sol","description":"","publisher":{"@id":"https:\/\/alamocostadelsol.com\/fi#organization"},"potentialAction":[{"@type":"SearchAction","target":{"@type":"EntryPoint","urlTemplate":"https:\/\/alamocostadelsol.com\/fi?s={search_term_string}"},"query-input":{"@type":"PropertyValueSpecification","valueRequired":true,"valueName":"search_term_string"}}],"inLanguage":"fi"},{"@type":"Organization","@id":"https:\/\/alamocostadelsol.com\/fi#organization","name":"Alamo - makes your dream come true at costa del sol","url":"https:\/\/alamocostadelsol.com\/fi","logo":{"@type":"ImageObject","inLanguage":"fi","@id":"https:\/\/alamocostadelsol.com\/fi#\/schema\/logo\/image\/","url":"https:\/\/alamocostadelsol.com\/wp-content\/uploads\/2024\/05\/alamo-costa-del-sol-logotype.png","contentUrl":"https:\/\/alamocostadelsol.com\/wp-content\/uploads\/2024\/05\/alamo-costa-del-sol-logotype.png","width":773,"height":170,"caption":"Alamo - makes your dream come true at costa del sol"},"image":{"@id":"https:\/\/alamocostadelsol.com\/fi#\/schema\/logo\/image\/"},"sameAs":["https:\/\/www.facebook.com\/alamocostadelsol","https:\/\/www.instagram.com\/alamocostadelsol\/"]}]}},"_links":{"self":[{"href":"https:\/\/alamocostadelsol.com\/fi\/wp-json\/wp\/v2\/pages\/18812013","targetHints":{"allow":["GET"]}}],"collection":[{"href":"https:\/\/alamocostadelsol.com\/fi\/wp-json\/wp\/v2\/pages"}],"about":[{"href":"https:\/\/alamocostadelsol.com\/fi\/wp-json\/wp\/v2\/types\/page"}],"author":[{"embeddable":true,"href":"https:\/\/alamocostadelsol.com\/fi\/wp-json\/wp\/v2\/users\/3"}],"replies":[{"embeddable":true,"href":"https:\/\/alamocostadelsol.com\/fi\/wp-json\/wp\/v2\/comments?post=18812013"}],"version-history":[{"count":3,"href":"https:\/\/alamocostadelsol.com\/fi\/wp-json\/wp\/v2\/pages\/18812013\/revisions"}],"predecessor-version":[{"id":18812129,"href":"https:\/\/alamocostadelsol.com\/fi\/wp-json\/wp\/v2\/pages\/18812013\/revisions\/18812129"}],"wp:attachment":[{"href":"https:\/\/alamocostadelsol.com\/fi\/wp-json\/wp\/v2\/media?parent=18812013"}],"wp:term":[{"taxonomy":"dipi_cpt_category","embeddable":true,"href":"https:\/\/alamocostadelsol.com\/fi\/wp-json\/wp\/v2\/dipi_cpt_category?post=18812013"}],"curies":[{"name":"wp","href":"https:\/\/api.w.org\/{rel}","templated":true}]}}