{"id":18811813,"date":"2024-06-10T19:33:00","date_gmt":"2024-06-10T17:33:00","guid":{"rendered":"https:\/\/alamocostadelsol.com\/alamosta\/henriette-markwordt"},"modified":"2026-01-27T11:20:46","modified_gmt":"2026-01-27T10:20:46","slug":"henriette-markwordt","status":"publish","type":"page","link":"https:\/\/alamocostadelsol.com\/fi\/about-alamo\/henriette-markwordt","title":{"rendered":"Henriette Markwordt"},"content":{"rendered":"<p>[et_pb_section fb_built=&#8221;1&#8243; _builder_version=&#8221;4.25.1&#8243; _module_preset=&#8221;default&#8221; global_colors_info=&#8221;{}&#8221;][et_pb_row column_structure=&#8221;1_3,2_3&#8243; _builder_version=&#8221;4.25.1&#8243; _module_preset=&#8221;default&#8221; width=&#8221;90%&#8221; max_width=&#8221;100%&#8221; global_colors_info=&#8221;{}&#8221;][et_pb_column type=&#8221;1_3&#8243; _builder_version=&#8221;4.25.1&#8243; _module_preset=&#8221;default&#8221; global_colors_info=&#8221;{}&#8221;][et_pb_image src=&#8221;https:\/\/alamocostadelsol.com\/wp-content\/uploads\/2025\/05\/new-size.jpeg&#8221; alt=&#8221;Luciano Di Carlo. Kumppani Alamo &#8221; title_text=&#8221;Henriette Markwordt&#8221; align=&#8221;right&#8221; _builder_version=&#8221;4.27.4&#8243; _module_preset=&#8221;default&#8221; width=&#8221;80%&#8221; global_colors_info=&#8221;{}&#8221;][\/et_pb_image][\/et_pb_column][et_pb_column type=&#8221;2_3&#8243; _builder_version=&#8221;4.25.1&#8243; _module_preset=&#8221;default&#8221; global_colors_info=&#8221;{}&#8221;][et_pb_text _builder_version=&#8221;4.25.2&#8243; _module_preset=&#8221;default&#8221; text_font=&#8221;Marcellus||||||||&#8221; text_font_size=&#8221;16px&#8221; header_font=&#8221;Marcellus|700|||||||&#8221; header_font_size=&#8221;36px&#8221; header_2_font=&#8221;Marcellus||||||||&#8221; header_2_font_size=&#8221;22px&#8221; global_colors_info=&#8221;{}&#8221;]<\/p>\n<h1><a class=\"block font-medium text-lg\">Henriette Markwordt<\/a><\/h1>\n<h2>Hallinnollinen avustaja<\/h2>\n<p><span><\/span><\/p>\n<p>Alun perin Saksasta kotoisin olevani olen asunut Espanjassa nyt 10 vuotta ja juurtunut vahvasti Costa del Solille.<\/p>\n<p>Alamo Costa del Sol Real Estate -kiinteist\u00f6nv\u00e4litt\u00e4j\u00e4n\u00e4 toimin hallinnollisena avustajana ja hy\u00f6dynn\u00e4n t\u00e4ysill\u00e4 vahvuuksiani moniajossa ja organisatorisessa osaamisessa.<br data-start=\"400\" data-end=\"403\">Monikielisyyteni \u2013 sujuva saksaa, englantia ja espanjaa \u2013 mahdollistaa parhaan mahdollisen palvelun tarjoamisen kansainv\u00e4lisille asiakkaillemme.<br data-start=\"542\" data-end=\"545\">Toimistolla olen keskeinen yhteyshenkil\u00f6 ja aina tavoitettavissa \u2013 puhelimitse, s\u00e4hk\u00f6postitse tai kasvotusten. Tuen agenttejamme hallinnollisissa asioissa varmistaen, ett\u00e4 he voivat keskitty\u00e4 t\u00e4ysin asiakkaisiinsa. <\/p>\n<p>Mottoni: Ei ole mit\u00e4\u00e4n, mit\u00e4 en voisi oppia. N\u00e4en jokaisen uuden haasteen mahdollisuutena kasvaa ja tulla entist\u00e4 monipuolisemmaksi.<br data-start=\"880\" data-end=\"883\">Alamossa olen l\u00f6yt\u00e4nyt ihanteellisen ymp\u00e4rist\u00f6n hy\u00f6dynt\u00e4\u00e4 organisointitaitojani ja kansainv\u00e4list\u00e4 kokemustani parhaalla mahdollisella tavalla \u2013 ja jatkaa oppimista joka p\u00e4iv\u00e4. <\/p>\n<p>[\/et_pb_text][\/et_pb_column][\/et_pb_row][et_pb_row _builder_version=&#8221;4.27.0&#8243; _module_preset=&#8221;default&#8221; global_colors_info=&#8221;{}&#8221;][et_pb_column type=&#8221;4_4&#8243; _builder_version=&#8221;4.27.0&#8243; _module_preset=&#8221;default&#8221; global_colors_info=&#8221;{}&#8221;][et_pb_post_nav show_next=&#8221;off&#8221; _builder_version=&#8221;4.27.0&#8243; _module_preset=&#8221;default&#8221; global_colors_info=&#8221;{}&#8221;][\/et_pb_post_nav][\/et_pb_column][\/et_pb_row][\/et_pb_section]<\/p>\n","protected":false},"excerpt":{"rendered":"<p>Henriette Markwordt Hallinnollinen avustaja Alun perin Saksasta kotoisin olevani olen asunut Espanjassa nyt 10 vuotta ja juurtunut vahvasti Costa del Solille. Alamo Costa del Sol Real Estate -kiinteist\u00f6nv\u00e4litt\u00e4j\u00e4n\u00e4 toimin hallinnollisena avustajana ja hy\u00f6dynn\u00e4n t\u00e4ysill\u00e4 vahvuuksiani moniajossa ja organisatorisessa osaamisessa.Monikielisyyteni \u2013 sujuva saksaa, englantia ja espanjaa \u2013 mahdollistaa parhaan mahdollisen palvelun tarjoamisen kansainv\u00e4lisille asiakkaillemme.Toimistolla olen keskeinen [&hellip;]<\/p>\n","protected":false},"author":3,"featured_media":0,"parent":18814169,"menu_order":0,"comment_status":"closed","ping_status":"closed","template":"","meta":{"_et_pb_use_builder":"on","_et_pb_old_content":"","_et_gb_content_width":"","footnotes":""},"dipi_cpt_category":[],"class_list":["post-18811813","page","type-page","status-publish","hentry"],"yoast_head":"<!-- This site is optimized with the Yoast SEO plugin v25.8 - https:\/\/yoast.com\/wordpress\/plugins\/seo\/ -->\n<title>Henriette Markwordt | Hallinnon avustaja Alamo Costa del Solissa<\/title>\n<meta name=\"description\" content=\"Henriette Markwordt on hallinnollinen avustaja Alamo Costa del Solissa, joka tukee asiakkaita ja agentteja koordinoinnissa, dokumentoinnissa ja p\u00e4ivitt\u00e4isiss\u00e4 toiminnoissa.\" \/>\n<meta name=\"robots\" content=\"index, follow, max-snippet:-1, max-image-preview:large, max-video-preview:-1\" \/>\n<link rel=\"canonical\" href=\"https:\/\/alamocostadelsol.com\/fi\/about-alamo\/henriette-markwordt\" \/>\n<meta property=\"og:locale\" content=\"fi_FI\" \/>\n<meta property=\"og:type\" content=\"article\" \/>\n<meta property=\"og:title\" content=\"Henriette Markwordt | Hallinnon avustaja Alamo Costa del Solissa\" \/>\n<meta property=\"og:description\" content=\"Henriette Markwordt on hallinnollinen avustaja Alamo Costa del Solissa, joka tukee asiakkaita ja agentteja koordinoinnissa, dokumentoinnissa ja p\u00e4ivitt\u00e4isiss\u00e4 toiminnoissa.\" \/>\n<meta property=\"og:url\" content=\"https:\/\/alamocostadelsol.com\/fi\/about-alamo\/henriette-markwordt\" \/>\n<meta property=\"og:site_name\" content=\"Alamo - makes your dream come true at costa del sol\" \/>\n<meta property=\"article:publisher\" content=\"https:\/\/www.facebook.com\/alamocostadelsol\" \/>\n<meta property=\"article:modified_time\" content=\"2026-01-27T10:20:46+00:00\" \/>\n<meta name=\"twitter:card\" content=\"summary_large_image\" \/>\n<meta name=\"twitter:label1\" content=\"Arvioitu lukuaika\" \/>\n\t<meta name=\"twitter:data1\" content=\"2 minuuttia\" \/>\n<script type=\"application\/ld+json\" class=\"yoast-schema-graph\">{\"@context\":\"https:\/\/schema.org\",\"@graph\":[{\"@type\":\"WebPage\",\"@id\":\"https:\/\/alamocostadelsol.com\/fi\/about-alamo\/henriette-markwordt\",\"url\":\"https:\/\/alamocostadelsol.com\/fi\/about-alamo\/henriette-markwordt\",\"name\":\"Henriette Markwordt | Hallinnon avustaja Alamo Costa del Solissa\",\"isPartOf\":{\"@id\":\"https:\/\/alamocostadelsol.com\/fi#website\"},\"datePublished\":\"2024-06-10T17:33:00+00:00\",\"dateModified\":\"2026-01-27T10:20:46+00:00\",\"description\":\"Henriette Markwordt on hallinnollinen avustaja Alamo Costa del Solissa, joka tukee asiakkaita ja agentteja koordinoinnissa, dokumentoinnissa ja p\u00e4ivitt\u00e4isiss\u00e4 toiminnoissa.\",\"breadcrumb\":{\"@id\":\"https:\/\/alamocostadelsol.com\/fi\/about-alamo\/henriette-markwordt#breadcrumb\"},\"inLanguage\":\"fi\",\"potentialAction\":[{\"@type\":\"ReadAction\",\"target\":[\"https:\/\/alamocostadelsol.com\/fi\/about-alamo\/henriette-markwordt\"]}]},{\"@type\":\"BreadcrumbList\",\"@id\":\"https:\/\/alamocostadelsol.com\/fi\/about-alamo\/henriette-markwordt#breadcrumb\",\"itemListElement\":[{\"@type\":\"ListItem\",\"position\":1,\"name\":\"Home\",\"item\":\"https:\/\/alamocostadelsol.com\/fi\"},{\"@type\":\"ListItem\",\"position\":2,\"name\":\"Tietoa Alamosta\",\"item\":\"https:\/\/alamocostadelsol.com\/fi\/about-alamo\"},{\"@type\":\"ListItem\",\"position\":3,\"name\":\"Henriette Markwordt\"}]},{\"@type\":\"WebSite\",\"@id\":\"https:\/\/alamocostadelsol.com\/fi#website\",\"url\":\"https:\/\/alamocostadelsol.com\/fi\",\"name\":\"Alamo - makes your dream come true at costa del sol\",\"description\":\"\",\"publisher\":{\"@id\":\"https:\/\/alamocostadelsol.com\/fi#organization\"},\"potentialAction\":[{\"@type\":\"SearchAction\",\"target\":{\"@type\":\"EntryPoint\",\"urlTemplate\":\"https:\/\/alamocostadelsol.com\/fi?s={search_term_string}\"},\"query-input\":{\"@type\":\"PropertyValueSpecification\",\"valueRequired\":true,\"valueName\":\"search_term_string\"}}],\"inLanguage\":\"fi\"},{\"@type\":\"Organization\",\"@id\":\"https:\/\/alamocostadelsol.com\/fi#organization\",\"name\":\"Alamo - makes your dream come true at costa del sol\",\"url\":\"https:\/\/alamocostadelsol.com\/fi\",\"logo\":{\"@type\":\"ImageObject\",\"inLanguage\":\"fi\",\"@id\":\"https:\/\/alamocostadelsol.com\/fi#\/schema\/logo\/image\/\",\"url\":\"https:\/\/alamocostadelsol.com\/wp-content\/uploads\/2024\/05\/alamo-costa-del-sol-logotype.png\",\"contentUrl\":\"https:\/\/alamocostadelsol.com\/wp-content\/uploads\/2024\/05\/alamo-costa-del-sol-logotype.png\",\"width\":773,\"height\":170,\"caption\":\"Alamo - makes your dream come true at costa del sol\"},\"image\":{\"@id\":\"https:\/\/alamocostadelsol.com\/fi#\/schema\/logo\/image\/\"},\"sameAs\":[\"https:\/\/www.facebook.com\/alamocostadelsol\",\"https:\/\/www.instagram.com\/alamocostadelsol\/\"]}]}<\/script>\n<!-- \/ Yoast SEO plugin. -->","yoast_head_json":{"title":"Henriette Markwordt | Hallinnon avustaja Alamo Costa del Solissa","description":"Henriette Markwordt on hallinnollinen avustaja Alamo Costa del Solissa, joka tukee asiakkaita ja agentteja koordinoinnissa, dokumentoinnissa ja p\u00e4ivitt\u00e4isiss\u00e4 toiminnoissa.","robots":{"index":"index","follow":"follow","max-snippet":"max-snippet:-1","max-image-preview":"max-image-preview:large","max-video-preview":"max-video-preview:-1"},"canonical":"https:\/\/alamocostadelsol.com\/fi\/about-alamo\/henriette-markwordt","og_locale":"fi_FI","og_type":"article","og_title":"Henriette Markwordt | Hallinnon avustaja Alamo Costa del Solissa","og_description":"Henriette Markwordt on hallinnollinen avustaja Alamo Costa del Solissa, joka tukee asiakkaita ja agentteja koordinoinnissa, dokumentoinnissa ja p\u00e4ivitt\u00e4isiss\u00e4 toiminnoissa.","og_url":"https:\/\/alamocostadelsol.com\/fi\/about-alamo\/henriette-markwordt","og_site_name":"Alamo - makes your dream come true at costa del sol","article_publisher":"https:\/\/www.facebook.com\/alamocostadelsol","article_modified_time":"2026-01-27T10:20:46+00:00","twitter_card":"summary_large_image","twitter_misc":{"Arvioitu lukuaika":"2 minuuttia"},"schema":{"@context":"https:\/\/schema.org","@graph":[{"@type":"WebPage","@id":"https:\/\/alamocostadelsol.com\/fi\/about-alamo\/henriette-markwordt","url":"https:\/\/alamocostadelsol.com\/fi\/about-alamo\/henriette-markwordt","name":"Henriette Markwordt | Hallinnon avustaja Alamo Costa del Solissa","isPartOf":{"@id":"https:\/\/alamocostadelsol.com\/fi#website"},"datePublished":"2024-06-10T17:33:00+00:00","dateModified":"2026-01-27T10:20:46+00:00","description":"Henriette Markwordt on hallinnollinen avustaja Alamo Costa del Solissa, joka tukee asiakkaita ja agentteja koordinoinnissa, dokumentoinnissa ja p\u00e4ivitt\u00e4isiss\u00e4 toiminnoissa.","breadcrumb":{"@id":"https:\/\/alamocostadelsol.com\/fi\/about-alamo\/henriette-markwordt#breadcrumb"},"inLanguage":"fi","potentialAction":[{"@type":"ReadAction","target":["https:\/\/alamocostadelsol.com\/fi\/about-alamo\/henriette-markwordt"]}]},{"@type":"BreadcrumbList","@id":"https:\/\/alamocostadelsol.com\/fi\/about-alamo\/henriette-markwordt#breadcrumb","itemListElement":[{"@type":"ListItem","position":1,"name":"Home","item":"https:\/\/alamocostadelsol.com\/fi"},{"@type":"ListItem","position":2,"name":"Tietoa Alamosta","item":"https:\/\/alamocostadelsol.com\/fi\/about-alamo"},{"@type":"ListItem","position":3,"name":"Henriette Markwordt"}]},{"@type":"WebSite","@id":"https:\/\/alamocostadelsol.com\/fi#website","url":"https:\/\/alamocostadelsol.com\/fi","name":"Alamo - makes your dream come true at costa del sol","description":"","publisher":{"@id":"https:\/\/alamocostadelsol.com\/fi#organization"},"potentialAction":[{"@type":"SearchAction","target":{"@type":"EntryPoint","urlTemplate":"https:\/\/alamocostadelsol.com\/fi?s={search_term_string}"},"query-input":{"@type":"PropertyValueSpecification","valueRequired":true,"valueName":"search_term_string"}}],"inLanguage":"fi"},{"@type":"Organization","@id":"https:\/\/alamocostadelsol.com\/fi#organization","name":"Alamo - makes your dream come true at costa del sol","url":"https:\/\/alamocostadelsol.com\/fi","logo":{"@type":"ImageObject","inLanguage":"fi","@id":"https:\/\/alamocostadelsol.com\/fi#\/schema\/logo\/image\/","url":"https:\/\/alamocostadelsol.com\/wp-content\/uploads\/2024\/05\/alamo-costa-del-sol-logotype.png","contentUrl":"https:\/\/alamocostadelsol.com\/wp-content\/uploads\/2024\/05\/alamo-costa-del-sol-logotype.png","width":773,"height":170,"caption":"Alamo - makes your dream come true at costa del sol"},"image":{"@id":"https:\/\/alamocostadelsol.com\/fi#\/schema\/logo\/image\/"},"sameAs":["https:\/\/www.facebook.com\/alamocostadelsol","https:\/\/www.instagram.com\/alamocostadelsol\/"]}]}},"_links":{"self":[{"href":"https:\/\/alamocostadelsol.com\/fi\/wp-json\/wp\/v2\/pages\/18811813","targetHints":{"allow":["GET"]}}],"collection":[{"href":"https:\/\/alamocostadelsol.com\/fi\/wp-json\/wp\/v2\/pages"}],"about":[{"href":"https:\/\/alamocostadelsol.com\/fi\/wp-json\/wp\/v2\/types\/page"}],"author":[{"embeddable":true,"href":"https:\/\/alamocostadelsol.com\/fi\/wp-json\/wp\/v2\/users\/3"}],"replies":[{"embeddable":true,"href":"https:\/\/alamocostadelsol.com\/fi\/wp-json\/wp\/v2\/comments?post=18811813"}],"version-history":[{"count":11,"href":"https:\/\/alamocostadelsol.com\/fi\/wp-json\/wp\/v2\/pages\/18811813\/revisions"}],"predecessor-version":[{"id":18815584,"href":"https:\/\/alamocostadelsol.com\/fi\/wp-json\/wp\/v2\/pages\/18811813\/revisions\/18815584"}],"up":[{"embeddable":true,"href":"https:\/\/alamocostadelsol.com\/fi\/wp-json\/wp\/v2\/pages\/18814169"}],"wp:attachment":[{"href":"https:\/\/alamocostadelsol.com\/fi\/wp-json\/wp\/v2\/media?parent=18811813"}],"wp:term":[{"taxonomy":"dipi_cpt_category","embeddable":true,"href":"https:\/\/alamocostadelsol.com\/fi\/wp-json\/wp\/v2\/dipi_cpt_category?post=18811813"}],"curies":[{"name":"wp","href":"https:\/\/api.w.org\/{rel}","templated":true}]}}