{"id":1865,"date":"2024-05-18T21:19:56","date_gmt":"2024-05-18T19:19:56","guid":{"rendered":"https:\/\/alamocostadelsol.com\/alueopas\/fuengirola"},"modified":"2026-01-13T16:21:38","modified_gmt":"2026-01-13T15:21:38","slug":"fuengirola","status":"publish","type":"page","link":"https:\/\/alamocostadelsol.com\/fi\/alueopas\/fuengirola","title":{"rendered":"Fuengirola"},"content":{"rendered":"<p>[et_pb_section admin_label=&#8221;section&#8221;]<br \/>\n\t\t\t[et_pb_row admin_label=&#8221;Rivi&#8221;]<br \/>\n\t\t\t\t[et_pb_column type=&#8221;4_4&#8243;][et_pb_text admin_label=&#8221;Text&#8221;][\/et_pb_text][\/et_pb_column]<br \/>\n\t\t\t[\/et_pb_row]<br \/>\n\t\t[\/et_pb_section]<\/p>\n","protected":false},"excerpt":{"rendered":"","protected":false},"author":1,"featured_media":0,"parent":1861,"menu_order":0,"comment_status":"closed","ping_status":"closed","template":"","meta":{"_et_pb_use_builder":"on","_et_pb_old_content":"","_et_gb_content_width":"","footnotes":""},"dipi_cpt_category":[],"class_list":["post-1865","page","type-page","status-publish","hentry"],"yoast_head":"<!-- This site is optimized with the Yoast SEO plugin v25.8 - https:\/\/yoast.com\/wordpress\/plugins\/seo\/ -->\n<title>T\u00e4ydellinen opas Fuengirolaan \u2013 rannat ja rannikkoel\u00e4m\u00e4ntapa<\/title>\n<meta name=\"description\" content=\"Tutustu Fuengirolan rantoihin, pitk\u00e4\u00e4n k\u00e4velyreittiin, perheyst\u00e4v\u00e4lliseen tunnelmaan ja arjen mukavuuksiin Ultimate Guide to Fuengirola -oppaassa\" \/>\n<meta name=\"robots\" content=\"index, follow, max-snippet:-1, max-image-preview:large, max-video-preview:-1\" \/>\n<link rel=\"canonical\" href=\"https:\/\/alamocostadelsol.com\/fi\/alueopas\/fuengirola\" \/>\n<meta property=\"og:locale\" content=\"fi_FI\" \/>\n<meta property=\"og:type\" content=\"article\" \/>\n<meta property=\"og:title\" content=\"T\u00e4ydellinen opas Fuengirolaan \u2013 rannat ja rannikkoel\u00e4m\u00e4ntapa\" \/>\n<meta property=\"og:description\" content=\"Tutustu Fuengirolan rantoihin, pitk\u00e4\u00e4n k\u00e4velyreittiin, perheyst\u00e4v\u00e4lliseen tunnelmaan ja arjen mukavuuksiin Ultimate Guide to Fuengirola -oppaassa\" \/>\n<meta property=\"og:url\" content=\"https:\/\/alamocostadelsol.com\/fi\/alueopas\/fuengirola\" \/>\n<meta property=\"og:site_name\" content=\"Alamo - makes your dream come true at costa del sol\" \/>\n<meta property=\"article:publisher\" content=\"https:\/\/www.facebook.com\/alamocostadelsol\" \/>\n<meta property=\"article:modified_time\" content=\"2026-01-13T15:21:38+00:00\" \/>\n<meta name=\"twitter:card\" content=\"summary_large_image\" \/>\n<script type=\"application\/ld+json\" class=\"yoast-schema-graph\">{\"@context\":\"https:\/\/schema.org\",\"@graph\":[{\"@type\":\"WebPage\",\"@id\":\"https:\/\/alamocostadelsol.com\/fi\/alueopas\/fuengirola\",\"url\":\"https:\/\/alamocostadelsol.com\/fi\/alueopas\/fuengirola\",\"name\":\"T\u00e4ydellinen opas Fuengirolaan \u2013 rannat ja rannikkoel\u00e4m\u00e4ntapa\",\"isPartOf\":{\"@id\":\"https:\/\/alamocostadelsol.com\/fi#website\"},\"datePublished\":\"2024-05-18T19:19:56+00:00\",\"dateModified\":\"2026-01-13T15:21:38+00:00\",\"description\":\"Tutustu Fuengirolan rantoihin, pitk\u00e4\u00e4n k\u00e4velyreittiin, perheyst\u00e4v\u00e4lliseen tunnelmaan ja arjen mukavuuksiin Ultimate Guide to Fuengirola -oppaassa\",\"breadcrumb\":{\"@id\":\"https:\/\/alamocostadelsol.com\/fi\/alueopas\/fuengirola#breadcrumb\"},\"inLanguage\":\"fi\",\"potentialAction\":[{\"@type\":\"ReadAction\",\"target\":[\"https:\/\/alamocostadelsol.com\/fi\/alueopas\/fuengirola\"]}]},{\"@type\":\"BreadcrumbList\",\"@id\":\"https:\/\/alamocostadelsol.com\/fi\/alueopas\/fuengirola#breadcrumb\",\"itemListElement\":[{\"@type\":\"ListItem\",\"position\":1,\"name\":\"Home\",\"item\":\"https:\/\/alamocostadelsol.com\/fi\"},{\"@type\":\"ListItem\",\"position\":2,\"name\":\"Alueopas\",\"item\":\"https:\/\/alamocostadelsol.com\/fi\/alueopas\"},{\"@type\":\"ListItem\",\"position\":3,\"name\":\"Fuengirola\"}]},{\"@type\":\"WebSite\",\"@id\":\"https:\/\/alamocostadelsol.com\/fi#website\",\"url\":\"https:\/\/alamocostadelsol.com\/fi\",\"name\":\"Alamo - makes your dream come true at costa del sol\",\"description\":\"\",\"publisher\":{\"@id\":\"https:\/\/alamocostadelsol.com\/fi#organization\"},\"potentialAction\":[{\"@type\":\"SearchAction\",\"target\":{\"@type\":\"EntryPoint\",\"urlTemplate\":\"https:\/\/alamocostadelsol.com\/fi?s={search_term_string}\"},\"query-input\":{\"@type\":\"PropertyValueSpecification\",\"valueRequired\":true,\"valueName\":\"search_term_string\"}}],\"inLanguage\":\"fi\"},{\"@type\":\"Organization\",\"@id\":\"https:\/\/alamocostadelsol.com\/fi#organization\",\"name\":\"Alamo - makes your dream come true at costa del sol\",\"url\":\"https:\/\/alamocostadelsol.com\/fi\",\"logo\":{\"@type\":\"ImageObject\",\"inLanguage\":\"fi\",\"@id\":\"https:\/\/alamocostadelsol.com\/fi#\/schema\/logo\/image\/\",\"url\":\"https:\/\/alamocostadelsol.com\/wp-content\/uploads\/2024\/05\/alamo-costa-del-sol-logotype.png\",\"contentUrl\":\"https:\/\/alamocostadelsol.com\/wp-content\/uploads\/2024\/05\/alamo-costa-del-sol-logotype.png\",\"width\":773,\"height\":170,\"caption\":\"Alamo - makes your dream come true at costa del sol\"},\"image\":{\"@id\":\"https:\/\/alamocostadelsol.com\/fi#\/schema\/logo\/image\/\"},\"sameAs\":[\"https:\/\/www.facebook.com\/alamocostadelsol\",\"https:\/\/www.instagram.com\/alamocostadelsol\/\"]}]}<\/script>\n<!-- \/ Yoast SEO plugin. -->","yoast_head_json":{"title":"T\u00e4ydellinen opas Fuengirolaan \u2013 rannat ja rannikkoel\u00e4m\u00e4ntapa","description":"Tutustu Fuengirolan rantoihin, pitk\u00e4\u00e4n k\u00e4velyreittiin, perheyst\u00e4v\u00e4lliseen tunnelmaan ja arjen mukavuuksiin Ultimate Guide to Fuengirola -oppaassa","robots":{"index":"index","follow":"follow","max-snippet":"max-snippet:-1","max-image-preview":"max-image-preview:large","max-video-preview":"max-video-preview:-1"},"canonical":"https:\/\/alamocostadelsol.com\/fi\/alueopas\/fuengirola","og_locale":"fi_FI","og_type":"article","og_title":"T\u00e4ydellinen opas Fuengirolaan \u2013 rannat ja rannikkoel\u00e4m\u00e4ntapa","og_description":"Tutustu Fuengirolan rantoihin, pitk\u00e4\u00e4n k\u00e4velyreittiin, perheyst\u00e4v\u00e4lliseen tunnelmaan ja arjen mukavuuksiin Ultimate Guide to Fuengirola -oppaassa","og_url":"https:\/\/alamocostadelsol.com\/fi\/alueopas\/fuengirola","og_site_name":"Alamo - makes your dream come true at costa del sol","article_publisher":"https:\/\/www.facebook.com\/alamocostadelsol","article_modified_time":"2026-01-13T15:21:38+00:00","twitter_card":"summary_large_image","schema":{"@context":"https:\/\/schema.org","@graph":[{"@type":"WebPage","@id":"https:\/\/alamocostadelsol.com\/fi\/alueopas\/fuengirola","url":"https:\/\/alamocostadelsol.com\/fi\/alueopas\/fuengirola","name":"T\u00e4ydellinen opas Fuengirolaan \u2013 rannat ja rannikkoel\u00e4m\u00e4ntapa","isPartOf":{"@id":"https:\/\/alamocostadelsol.com\/fi#website"},"datePublished":"2024-05-18T19:19:56+00:00","dateModified":"2026-01-13T15:21:38+00:00","description":"Tutustu Fuengirolan rantoihin, pitk\u00e4\u00e4n k\u00e4velyreittiin, perheyst\u00e4v\u00e4lliseen tunnelmaan ja arjen mukavuuksiin Ultimate Guide to Fuengirola -oppaassa","breadcrumb":{"@id":"https:\/\/alamocostadelsol.com\/fi\/alueopas\/fuengirola#breadcrumb"},"inLanguage":"fi","potentialAction":[{"@type":"ReadAction","target":["https:\/\/alamocostadelsol.com\/fi\/alueopas\/fuengirola"]}]},{"@type":"BreadcrumbList","@id":"https:\/\/alamocostadelsol.com\/fi\/alueopas\/fuengirola#breadcrumb","itemListElement":[{"@type":"ListItem","position":1,"name":"Home","item":"https:\/\/alamocostadelsol.com\/fi"},{"@type":"ListItem","position":2,"name":"Alueopas","item":"https:\/\/alamocostadelsol.com\/fi\/alueopas"},{"@type":"ListItem","position":3,"name":"Fuengirola"}]},{"@type":"WebSite","@id":"https:\/\/alamocostadelsol.com\/fi#website","url":"https:\/\/alamocostadelsol.com\/fi","name":"Alamo - makes your dream come true at costa del sol","description":"","publisher":{"@id":"https:\/\/alamocostadelsol.com\/fi#organization"},"potentialAction":[{"@type":"SearchAction","target":{"@type":"EntryPoint","urlTemplate":"https:\/\/alamocostadelsol.com\/fi?s={search_term_string}"},"query-input":{"@type":"PropertyValueSpecification","valueRequired":true,"valueName":"search_term_string"}}],"inLanguage":"fi"},{"@type":"Organization","@id":"https:\/\/alamocostadelsol.com\/fi#organization","name":"Alamo - makes your dream come true at costa del sol","url":"https:\/\/alamocostadelsol.com\/fi","logo":{"@type":"ImageObject","inLanguage":"fi","@id":"https:\/\/alamocostadelsol.com\/fi#\/schema\/logo\/image\/","url":"https:\/\/alamocostadelsol.com\/wp-content\/uploads\/2024\/05\/alamo-costa-del-sol-logotype.png","contentUrl":"https:\/\/alamocostadelsol.com\/wp-content\/uploads\/2024\/05\/alamo-costa-del-sol-logotype.png","width":773,"height":170,"caption":"Alamo - makes your dream come true at costa del sol"},"image":{"@id":"https:\/\/alamocostadelsol.com\/fi#\/schema\/logo\/image\/"},"sameAs":["https:\/\/www.facebook.com\/alamocostadelsol","https:\/\/www.instagram.com\/alamocostadelsol\/"]}]}},"_links":{"self":[{"href":"https:\/\/alamocostadelsol.com\/fi\/wp-json\/wp\/v2\/pages\/1865","targetHints":{"allow":["GET"]}}],"collection":[{"href":"https:\/\/alamocostadelsol.com\/fi\/wp-json\/wp\/v2\/pages"}],"about":[{"href":"https:\/\/alamocostadelsol.com\/fi\/wp-json\/wp\/v2\/types\/page"}],"author":[{"embeddable":true,"href":"https:\/\/alamocostadelsol.com\/fi\/wp-json\/wp\/v2\/users\/1"}],"replies":[{"embeddable":true,"href":"https:\/\/alamocostadelsol.com\/fi\/wp-json\/wp\/v2\/comments?post=1865"}],"version-history":[{"count":3,"href":"https:\/\/alamocostadelsol.com\/fi\/wp-json\/wp\/v2\/pages\/1865\/revisions"}],"predecessor-version":[{"id":18815501,"href":"https:\/\/alamocostadelsol.com\/fi\/wp-json\/wp\/v2\/pages\/1865\/revisions\/18815501"}],"up":[{"embeddable":true,"href":"https:\/\/alamocostadelsol.com\/fi\/wp-json\/wp\/v2\/pages\/1861"}],"wp:attachment":[{"href":"https:\/\/alamocostadelsol.com\/fi\/wp-json\/wp\/v2\/media?parent=1865"}],"wp:term":[{"taxonomy":"dipi_cpt_category","embeddable":true,"href":"https:\/\/alamocostadelsol.com\/fi\/wp-json\/wp\/v2\/dipi_cpt_category?post=1865"}],"curies":[{"name":"wp","href":"https:\/\/api.w.org\/{rel}","templated":true}]}}