{"id":1861,"date":"2024-05-02T22:25:21","date_gmt":"2024-05-02T20:25:21","guid":{"rendered":"https:\/\/alamocostadelsol.com\/alueopas"},"modified":"2026-01-12T16:50:04","modified_gmt":"2026-01-12T15:50:04","slug":"alueopas","status":"publish","type":"page","link":"https:\/\/alamocostadelsol.com\/fi\/alueopas","title":{"rendered":"Alueopas"},"content":{"rendered":"","protected":false},"excerpt":{"rendered":"","protected":false},"author":1,"featured_media":0,"parent":0,"menu_order":0,"comment_status":"closed","ping_status":"closed","template":"","meta":{"_et_pb_use_builder":"on","_et_pb_old_content":"","_et_gb_content_width":"","footnotes":""},"dipi_cpt_category":[],"class_list":["post-1861","page","type-page","status-publish","hentry"],"yoast_head":"<!-- This site is optimized with the Yoast SEO plugin v25.8 - https:\/\/yoast.com\/wordpress\/plugins\/seo\/ -->\n<title>Costa del Solin alueen oppaat | Sijainnit ja el\u00e4m\u00e4ntyyli<\/title>\n<meta name=\"description\" content=\"Tutustu Costa del Solin alueen oppaisiimme, jotka kattavat el\u00e4m\u00e4ntyylin, rannat, palvelut ja kiinteist\u00f6tiedot auttaakseen sinua valitsemaan oikean sijainnin Espanjassa.\" \/>\n<meta name=\"robots\" content=\"index, follow, max-snippet:-1, max-image-preview:large, max-video-preview:-1\" \/>\n<link rel=\"canonical\" href=\"https:\/\/alamocostadelsol.com\/fi\/alueopas\" \/>\n<meta property=\"og:locale\" content=\"fi_FI\" \/>\n<meta property=\"og:type\" content=\"article\" \/>\n<meta property=\"og:title\" content=\"Costa del Solin alueen oppaat | Sijainnit ja el\u00e4m\u00e4ntyyli\" \/>\n<meta property=\"og:description\" content=\"Tutustu Costa del Solin alueen oppaisiimme, jotka kattavat el\u00e4m\u00e4ntyylin, rannat, palvelut ja kiinteist\u00f6tiedot auttaakseen sinua valitsemaan oikean sijainnin Espanjassa.\" \/>\n<meta property=\"og:url\" content=\"https:\/\/alamocostadelsol.com\/fi\/alueopas\" \/>\n<meta property=\"og:site_name\" content=\"Alamo - makes your dream come true at costa del sol\" \/>\n<meta property=\"article:publisher\" content=\"https:\/\/www.facebook.com\/alamocostadelsol\" \/>\n<meta property=\"article:modified_time\" content=\"2026-01-12T15:50:04+00:00\" \/>\n<meta name=\"twitter:card\" content=\"summary_large_image\" \/>\n<script type=\"application\/ld+json\" class=\"yoast-schema-graph\">{\"@context\":\"https:\/\/schema.org\",\"@graph\":[{\"@type\":\"WebPage\",\"@id\":\"https:\/\/alamocostadelsol.com\/fi\/alueopas\",\"url\":\"https:\/\/alamocostadelsol.com\/fi\/alueopas\",\"name\":\"Costa del Solin alueen oppaat | Sijainnit ja el\u00e4m\u00e4ntyyli\",\"isPartOf\":{\"@id\":\"https:\/\/alamocostadelsol.com\/fi#website\"},\"datePublished\":\"2024-05-02T20:25:21+00:00\",\"dateModified\":\"2026-01-12T15:50:04+00:00\",\"description\":\"Tutustu Costa del Solin alueen oppaisiimme, jotka kattavat el\u00e4m\u00e4ntyylin, rannat, palvelut ja kiinteist\u00f6tiedot auttaakseen sinua valitsemaan oikean sijainnin Espanjassa.\",\"breadcrumb\":{\"@id\":\"https:\/\/alamocostadelsol.com\/fi\/alueopas#breadcrumb\"},\"inLanguage\":\"fi\",\"potentialAction\":[{\"@type\":\"ReadAction\",\"target\":[\"https:\/\/alamocostadelsol.com\/fi\/alueopas\"]}]},{\"@type\":\"BreadcrumbList\",\"@id\":\"https:\/\/alamocostadelsol.com\/fi\/alueopas#breadcrumb\",\"itemListElement\":[{\"@type\":\"ListItem\",\"position\":1,\"name\":\"Home\",\"item\":\"https:\/\/alamocostadelsol.com\/fi\"},{\"@type\":\"ListItem\",\"position\":2,\"name\":\"Alueopas\"}]},{\"@type\":\"WebSite\",\"@id\":\"https:\/\/alamocostadelsol.com\/fi#website\",\"url\":\"https:\/\/alamocostadelsol.com\/fi\",\"name\":\"Alamo - makes your dream come true at costa del sol\",\"description\":\"\",\"publisher\":{\"@id\":\"https:\/\/alamocostadelsol.com\/fi#organization\"},\"potentialAction\":[{\"@type\":\"SearchAction\",\"target\":{\"@type\":\"EntryPoint\",\"urlTemplate\":\"https:\/\/alamocostadelsol.com\/fi?s={search_term_string}\"},\"query-input\":{\"@type\":\"PropertyValueSpecification\",\"valueRequired\":true,\"valueName\":\"search_term_string\"}}],\"inLanguage\":\"fi\"},{\"@type\":\"Organization\",\"@id\":\"https:\/\/alamocostadelsol.com\/fi#organization\",\"name\":\"Alamo - makes your dream come true at costa del sol\",\"url\":\"https:\/\/alamocostadelsol.com\/fi\",\"logo\":{\"@type\":\"ImageObject\",\"inLanguage\":\"fi\",\"@id\":\"https:\/\/alamocostadelsol.com\/fi#\/schema\/logo\/image\/\",\"url\":\"https:\/\/alamocostadelsol.com\/wp-content\/uploads\/2024\/05\/alamo-costa-del-sol-logotype.png\",\"contentUrl\":\"https:\/\/alamocostadelsol.com\/wp-content\/uploads\/2024\/05\/alamo-costa-del-sol-logotype.png\",\"width\":773,\"height\":170,\"caption\":\"Alamo - makes your dream come true at costa del sol\"},\"image\":{\"@id\":\"https:\/\/alamocostadelsol.com\/fi#\/schema\/logo\/image\/\"},\"sameAs\":[\"https:\/\/www.facebook.com\/alamocostadelsol\",\"https:\/\/www.instagram.com\/alamocostadelsol\/\"]}]}<\/script>\n<!-- \/ Yoast SEO plugin. -->","yoast_head_json":{"title":"Costa del Solin alueen oppaat | Sijainnit ja el\u00e4m\u00e4ntyyli","description":"Tutustu Costa del Solin alueen oppaisiimme, jotka kattavat el\u00e4m\u00e4ntyylin, rannat, palvelut ja kiinteist\u00f6tiedot auttaakseen sinua valitsemaan oikean sijainnin Espanjassa.","robots":{"index":"index","follow":"follow","max-snippet":"max-snippet:-1","max-image-preview":"max-image-preview:large","max-video-preview":"max-video-preview:-1"},"canonical":"https:\/\/alamocostadelsol.com\/fi\/alueopas","og_locale":"fi_FI","og_type":"article","og_title":"Costa del Solin alueen oppaat | Sijainnit ja el\u00e4m\u00e4ntyyli","og_description":"Tutustu Costa del Solin alueen oppaisiimme, jotka kattavat el\u00e4m\u00e4ntyylin, rannat, palvelut ja kiinteist\u00f6tiedot auttaakseen sinua valitsemaan oikean sijainnin Espanjassa.","og_url":"https:\/\/alamocostadelsol.com\/fi\/alueopas","og_site_name":"Alamo - makes your dream come true at costa del sol","article_publisher":"https:\/\/www.facebook.com\/alamocostadelsol","article_modified_time":"2026-01-12T15:50:04+00:00","twitter_card":"summary_large_image","schema":{"@context":"https:\/\/schema.org","@graph":[{"@type":"WebPage","@id":"https:\/\/alamocostadelsol.com\/fi\/alueopas","url":"https:\/\/alamocostadelsol.com\/fi\/alueopas","name":"Costa del Solin alueen oppaat | Sijainnit ja el\u00e4m\u00e4ntyyli","isPartOf":{"@id":"https:\/\/alamocostadelsol.com\/fi#website"},"datePublished":"2024-05-02T20:25:21+00:00","dateModified":"2026-01-12T15:50:04+00:00","description":"Tutustu Costa del Solin alueen oppaisiimme, jotka kattavat el\u00e4m\u00e4ntyylin, rannat, palvelut ja kiinteist\u00f6tiedot auttaakseen sinua valitsemaan oikean sijainnin Espanjassa.","breadcrumb":{"@id":"https:\/\/alamocostadelsol.com\/fi\/alueopas#breadcrumb"},"inLanguage":"fi","potentialAction":[{"@type":"ReadAction","target":["https:\/\/alamocostadelsol.com\/fi\/alueopas"]}]},{"@type":"BreadcrumbList","@id":"https:\/\/alamocostadelsol.com\/fi\/alueopas#breadcrumb","itemListElement":[{"@type":"ListItem","position":1,"name":"Home","item":"https:\/\/alamocostadelsol.com\/fi"},{"@type":"ListItem","position":2,"name":"Alueopas"}]},{"@type":"WebSite","@id":"https:\/\/alamocostadelsol.com\/fi#website","url":"https:\/\/alamocostadelsol.com\/fi","name":"Alamo - makes your dream come true at costa del sol","description":"","publisher":{"@id":"https:\/\/alamocostadelsol.com\/fi#organization"},"potentialAction":[{"@type":"SearchAction","target":{"@type":"EntryPoint","urlTemplate":"https:\/\/alamocostadelsol.com\/fi?s={search_term_string}"},"query-input":{"@type":"PropertyValueSpecification","valueRequired":true,"valueName":"search_term_string"}}],"inLanguage":"fi"},{"@type":"Organization","@id":"https:\/\/alamocostadelsol.com\/fi#organization","name":"Alamo - makes your dream come true at costa del sol","url":"https:\/\/alamocostadelsol.com\/fi","logo":{"@type":"ImageObject","inLanguage":"fi","@id":"https:\/\/alamocostadelsol.com\/fi#\/schema\/logo\/image\/","url":"https:\/\/alamocostadelsol.com\/wp-content\/uploads\/2024\/05\/alamo-costa-del-sol-logotype.png","contentUrl":"https:\/\/alamocostadelsol.com\/wp-content\/uploads\/2024\/05\/alamo-costa-del-sol-logotype.png","width":773,"height":170,"caption":"Alamo - makes your dream come true at costa del sol"},"image":{"@id":"https:\/\/alamocostadelsol.com\/fi#\/schema\/logo\/image\/"},"sameAs":["https:\/\/www.facebook.com\/alamocostadelsol","https:\/\/www.instagram.com\/alamocostadelsol\/"]}]}},"_links":{"self":[{"href":"https:\/\/alamocostadelsol.com\/fi\/wp-json\/wp\/v2\/pages\/1861","targetHints":{"allow":["GET"]}}],"collection":[{"href":"https:\/\/alamocostadelsol.com\/fi\/wp-json\/wp\/v2\/pages"}],"about":[{"href":"https:\/\/alamocostadelsol.com\/fi\/wp-json\/wp\/v2\/types\/page"}],"author":[{"embeddable":true,"href":"https:\/\/alamocostadelsol.com\/fi\/wp-json\/wp\/v2\/users\/1"}],"replies":[{"embeddable":true,"href":"https:\/\/alamocostadelsol.com\/fi\/wp-json\/wp\/v2\/comments?post=1861"}],"version-history":[{"count":1,"href":"https:\/\/alamocostadelsol.com\/fi\/wp-json\/wp\/v2\/pages\/1861\/revisions"}],"predecessor-version":[{"id":18814633,"href":"https:\/\/alamocostadelsol.com\/fi\/wp-json\/wp\/v2\/pages\/1861\/revisions\/18814633"}],"wp:attachment":[{"href":"https:\/\/alamocostadelsol.com\/fi\/wp-json\/wp\/v2\/media?parent=1861"}],"wp:term":[{"taxonomy":"dipi_cpt_category","embeddable":true,"href":"https:\/\/alamocostadelsol.com\/fi\/wp-json\/wp\/v2\/dipi_cpt_category?post=1861"}],"curies":[{"name":"wp","href":"https:\/\/api.w.org\/{rel}","templated":true}]}}