{"id":474,"date":"2024-05-02T22:25:21","date_gmt":"2024-05-02T20:25:21","guid":{"rendered":"https:\/\/alamocostadelsol.com\/guia-de-la-zona"},"modified":"2026-01-12T16:50:06","modified_gmt":"2026-01-12T15:50:06","slug":"guia-de-la-zona","status":"publish","type":"page","link":"https:\/\/alamocostadelsol.com\/es\/guia-de-la-zona","title":{"rendered":"Gu\u00eda de \u00c1rea"},"content":{"rendered":"","protected":false},"excerpt":{"rendered":"","protected":false},"author":1,"featured_media":0,"parent":0,"menu_order":0,"comment_status":"closed","ping_status":"closed","template":"","meta":{"_et_pb_use_builder":"on","_et_pb_old_content":"","_et_gb_content_width":"","footnotes":""},"dipi_cpt_category":[],"class_list":["post-474","page","type-page","status-publish","hentry"],"yoast_head":"<!-- This site is optimized with the Yoast SEO plugin v25.8 - https:\/\/yoast.com\/wordpress\/plugins\/seo\/ -->\n<title>Gu\u00edas del \u00e1rea de Costa del Sol | Ubicaciones y estilo de vida<\/title>\n<meta name=\"description\" content=\"Explora nuestras gu\u00edas de la zona de Costa del Sol que cubren estilo de vida, playas, servicios y informaci\u00f3n sobre propiedades para ayudarte a elegir la ubicaci\u00f3n adecuada en Espa\u00f1a.\" \/>\n<meta name=\"robots\" content=\"index, follow, max-snippet:-1, max-image-preview:large, max-video-preview:-1\" \/>\n<link rel=\"canonical\" href=\"https:\/\/alamocostadelsol.com\/es\/guia-de-la-zona\" \/>\n<meta property=\"og:locale\" content=\"es_ES\" \/>\n<meta property=\"og:type\" content=\"article\" \/>\n<meta property=\"og:title\" content=\"Gu\u00edas del \u00e1rea de Costa del Sol | Ubicaciones y estilo de vida\" \/>\n<meta property=\"og:description\" content=\"Explora nuestras gu\u00edas de la zona de Costa del Sol que cubren estilo de vida, playas, servicios y informaci\u00f3n sobre propiedades para ayudarte a elegir la ubicaci\u00f3n adecuada en Espa\u00f1a.\" \/>\n<meta property=\"og:url\" content=\"https:\/\/alamocostadelsol.com\/es\/guia-de-la-zona\" \/>\n<meta property=\"og:site_name\" content=\"Alamo - makes your dream come true at costa del sol\" \/>\n<meta property=\"article:publisher\" content=\"https:\/\/www.facebook.com\/alamocostadelsol\" \/>\n<meta property=\"article:modified_time\" content=\"2026-01-12T15:50:06+00:00\" \/>\n<meta name=\"twitter:card\" content=\"summary_large_image\" \/>\n<script type=\"application\/ld+json\" class=\"yoast-schema-graph\">{\"@context\":\"https:\/\/schema.org\",\"@graph\":[{\"@type\":\"WebPage\",\"@id\":\"https:\/\/alamocostadelsol.com\/es\/guia-de-la-zona\",\"url\":\"https:\/\/alamocostadelsol.com\/es\/guia-de-la-zona\",\"name\":\"Gu\u00edas del \u00e1rea de Costa del Sol | Ubicaciones y estilo de vida\",\"isPartOf\":{\"@id\":\"https:\/\/alamocostadelsol.com\/es#website\"},\"datePublished\":\"2024-05-02T20:25:21+00:00\",\"dateModified\":\"2026-01-12T15:50:06+00:00\",\"description\":\"Explora nuestras gu\u00edas de la zona de Costa del Sol que cubren estilo de vida, playas, servicios y informaci\u00f3n sobre propiedades para ayudarte a elegir la ubicaci\u00f3n adecuada en Espa\u00f1a.\",\"breadcrumb\":{\"@id\":\"https:\/\/alamocostadelsol.com\/es\/guia-de-la-zona#breadcrumb\"},\"inLanguage\":\"es\",\"potentialAction\":[{\"@type\":\"ReadAction\",\"target\":[\"https:\/\/alamocostadelsol.com\/es\/guia-de-la-zona\"]}]},{\"@type\":\"BreadcrumbList\",\"@id\":\"https:\/\/alamocostadelsol.com\/es\/guia-de-la-zona#breadcrumb\",\"itemListElement\":[{\"@type\":\"ListItem\",\"position\":1,\"name\":\"Home\",\"item\":\"https:\/\/alamocostadelsol.com\/es\"},{\"@type\":\"ListItem\",\"position\":2,\"name\":\"Gu\u00eda de \u00c1rea\"}]},{\"@type\":\"WebSite\",\"@id\":\"https:\/\/alamocostadelsol.com\/es#website\",\"url\":\"https:\/\/alamocostadelsol.com\/es\",\"name\":\"Alamo - makes your dream come true at costa del sol\",\"description\":\"\",\"publisher\":{\"@id\":\"https:\/\/alamocostadelsol.com\/es#organization\"},\"potentialAction\":[{\"@type\":\"SearchAction\",\"target\":{\"@type\":\"EntryPoint\",\"urlTemplate\":\"https:\/\/alamocostadelsol.com\/es?s={search_term_string}\"},\"query-input\":{\"@type\":\"PropertyValueSpecification\",\"valueRequired\":true,\"valueName\":\"search_term_string\"}}],\"inLanguage\":\"es\"},{\"@type\":\"Organization\",\"@id\":\"https:\/\/alamocostadelsol.com\/es#organization\",\"name\":\"Alamo - makes your dream come true at costa del sol\",\"url\":\"https:\/\/alamocostadelsol.com\/es\",\"logo\":{\"@type\":\"ImageObject\",\"inLanguage\":\"es\",\"@id\":\"https:\/\/alamocostadelsol.com\/es#\/schema\/logo\/image\/\",\"url\":\"https:\/\/alamocostadelsol.com\/wp-content\/uploads\/2024\/05\/alamo-costa-del-sol-logotype.png\",\"contentUrl\":\"https:\/\/alamocostadelsol.com\/wp-content\/uploads\/2024\/05\/alamo-costa-del-sol-logotype.png\",\"width\":773,\"height\":170,\"caption\":\"Alamo - makes your dream come true at costa del sol\"},\"image\":{\"@id\":\"https:\/\/alamocostadelsol.com\/es#\/schema\/logo\/image\/\"},\"sameAs\":[\"https:\/\/www.facebook.com\/alamocostadelsol\",\"https:\/\/www.instagram.com\/alamocostadelsol\/\"]}]}<\/script>\n<!-- \/ Yoast SEO plugin. -->","yoast_head_json":{"title":"Gu\u00edas del \u00e1rea de Costa del Sol | Ubicaciones y estilo de vida","description":"Explora nuestras gu\u00edas de la zona de Costa del Sol que cubren estilo de vida, playas, servicios y informaci\u00f3n sobre propiedades para ayudarte a elegir la ubicaci\u00f3n adecuada en Espa\u00f1a.","robots":{"index":"index","follow":"follow","max-snippet":"max-snippet:-1","max-image-preview":"max-image-preview:large","max-video-preview":"max-video-preview:-1"},"canonical":"https:\/\/alamocostadelsol.com\/es\/guia-de-la-zona","og_locale":"es_ES","og_type":"article","og_title":"Gu\u00edas del \u00e1rea de Costa del Sol | Ubicaciones y estilo de vida","og_description":"Explora nuestras gu\u00edas de la zona de Costa del Sol que cubren estilo de vida, playas, servicios y informaci\u00f3n sobre propiedades para ayudarte a elegir la ubicaci\u00f3n adecuada en Espa\u00f1a.","og_url":"https:\/\/alamocostadelsol.com\/es\/guia-de-la-zona","og_site_name":"Alamo - makes your dream come true at costa del sol","article_publisher":"https:\/\/www.facebook.com\/alamocostadelsol","article_modified_time":"2026-01-12T15:50:06+00:00","twitter_card":"summary_large_image","schema":{"@context":"https:\/\/schema.org","@graph":[{"@type":"WebPage","@id":"https:\/\/alamocostadelsol.com\/es\/guia-de-la-zona","url":"https:\/\/alamocostadelsol.com\/es\/guia-de-la-zona","name":"Gu\u00edas del \u00e1rea de Costa del Sol | Ubicaciones y estilo de vida","isPartOf":{"@id":"https:\/\/alamocostadelsol.com\/es#website"},"datePublished":"2024-05-02T20:25:21+00:00","dateModified":"2026-01-12T15:50:06+00:00","description":"Explora nuestras gu\u00edas de la zona de Costa del Sol que cubren estilo de vida, playas, servicios y informaci\u00f3n sobre propiedades para ayudarte a elegir la ubicaci\u00f3n adecuada en Espa\u00f1a.","breadcrumb":{"@id":"https:\/\/alamocostadelsol.com\/es\/guia-de-la-zona#breadcrumb"},"inLanguage":"es","potentialAction":[{"@type":"ReadAction","target":["https:\/\/alamocostadelsol.com\/es\/guia-de-la-zona"]}]},{"@type":"BreadcrumbList","@id":"https:\/\/alamocostadelsol.com\/es\/guia-de-la-zona#breadcrumb","itemListElement":[{"@type":"ListItem","position":1,"name":"Home","item":"https:\/\/alamocostadelsol.com\/es"},{"@type":"ListItem","position":2,"name":"Gu\u00eda de \u00c1rea"}]},{"@type":"WebSite","@id":"https:\/\/alamocostadelsol.com\/es#website","url":"https:\/\/alamocostadelsol.com\/es","name":"Alamo - makes your dream come true at costa del sol","description":"","publisher":{"@id":"https:\/\/alamocostadelsol.com\/es#organization"},"potentialAction":[{"@type":"SearchAction","target":{"@type":"EntryPoint","urlTemplate":"https:\/\/alamocostadelsol.com\/es?s={search_term_string}"},"query-input":{"@type":"PropertyValueSpecification","valueRequired":true,"valueName":"search_term_string"}}],"inLanguage":"es"},{"@type":"Organization","@id":"https:\/\/alamocostadelsol.com\/es#organization","name":"Alamo - makes your dream come true at costa del sol","url":"https:\/\/alamocostadelsol.com\/es","logo":{"@type":"ImageObject","inLanguage":"es","@id":"https:\/\/alamocostadelsol.com\/es#\/schema\/logo\/image\/","url":"https:\/\/alamocostadelsol.com\/wp-content\/uploads\/2024\/05\/alamo-costa-del-sol-logotype.png","contentUrl":"https:\/\/alamocostadelsol.com\/wp-content\/uploads\/2024\/05\/alamo-costa-del-sol-logotype.png","width":773,"height":170,"caption":"Alamo - makes your dream come true at costa del sol"},"image":{"@id":"https:\/\/alamocostadelsol.com\/es#\/schema\/logo\/image\/"},"sameAs":["https:\/\/www.facebook.com\/alamocostadelsol","https:\/\/www.instagram.com\/alamocostadelsol\/"]}]}},"_links":{"self":[{"href":"https:\/\/alamocostadelsol.com\/es\/wp-json\/wp\/v2\/pages\/474","targetHints":{"allow":["GET"]}}],"collection":[{"href":"https:\/\/alamocostadelsol.com\/es\/wp-json\/wp\/v2\/pages"}],"about":[{"href":"https:\/\/alamocostadelsol.com\/es\/wp-json\/wp\/v2\/types\/page"}],"author":[{"embeddable":true,"href":"https:\/\/alamocostadelsol.com\/es\/wp-json\/wp\/v2\/users\/1"}],"replies":[{"embeddable":true,"href":"https:\/\/alamocostadelsol.com\/es\/wp-json\/wp\/v2\/comments?post=474"}],"version-history":[{"count":4,"href":"https:\/\/alamocostadelsol.com\/es\/wp-json\/wp\/v2\/pages\/474\/revisions"}],"predecessor-version":[{"id":18814637,"href":"https:\/\/alamocostadelsol.com\/es\/wp-json\/wp\/v2\/pages\/474\/revisions\/18814637"}],"wp:attachment":[{"href":"https:\/\/alamocostadelsol.com\/es\/wp-json\/wp\/v2\/media?parent=474"}],"wp:term":[{"taxonomy":"dipi_cpt_category","embeddable":true,"href":"https:\/\/alamocostadelsol.com\/es\/wp-json\/wp\/v2\/dipi_cpt_category?post=474"}],"curies":[{"name":"wp","href":"https:\/\/api.w.org\/{rel}","templated":true}]}}