{"id":18814507,"date":"2025-05-12T13:41:24","date_gmt":"2025-05-12T11:41:24","guid":{"rendered":"https:\/\/alamocostadelsol.com\/descarga-de-la-guia"},"modified":"2026-01-12T16:44:21","modified_gmt":"2026-01-12T15:44:21","slug":"descarga-de-la-guia","status":"publish","type":"page","link":"https:\/\/alamocostadelsol.com\/es\/descarga-de-la-guia","title":{"rendered":"Descarga de la gu\u00eda"},"content":{"rendered":"<p>[et_pb_section fb_built=\u00bb1&#8243; admin_label=\u00bbsection\u00bb _builder_version=\u00bb4.16&#8243; global_colors_info=\u00bb{}\u00bb][et_pb_row admin_label=\u00bbFila\u00bb _builder_version=\u00bb4.16&#8243; background_size=\u00bbinitial\u00bb background_position=\u00bbtop_left\u00bb background_repeat=\u00bbrepeat\u00bb global_colors_info=\u00bb{}\u00bb][et_pb_column type=\u00bb4_4&#8243; _builder_version=\u00bb4.16&#8243; custom_padding=\u00bb|||\u00bb global_colors_info=\u00bb{}\u00bb custom_padding__hover=\u00bb|||\u00bb][et_pb_text admin_label=\u00bbText\u00bb _builder_version=\u00bb4.27.4&#8243; background_size=\u00bbinitial\u00bb background_position=\u00bbtop_left\u00bb background_repeat=\u00bbrepeat\u00bb hover_enabled=\u00bb0&#8243; global_colors_info=\u00bb{}\u00bb sticky_enabled=\u00bb0&#8243;]<\/p>\n<p>&nbsp;<\/p>\n<h1 style=\"text-align: center;\">\u2705 \u00a1Gracias por solicitar nuestra gu\u00eda!<\/h1>\n<h1 style=\"text-align: center;\">Desc\u00e1rgalo en tu idioma preferido:<\/h1>\n<p>[\/et_pb_text][\/et_pb_column][\/et_pb_row][et_pb_row column_structure=\u00bb1_2,1_2&#8243; _builder_version=\u00bb4.27.4&#8243; _module_preset=\u00bbdefault\u00bb hover_enabled=\u00bb0&#8243; global_colors_info=\u00bb{}\u00bb sticky_enabled=\u00bb0&#8243;][et_pb_column type=\u00bb1_2&#8243; _builder_version=\u00bb4.27.4&#8243; _module_preset=\u00bbdefault\u00bb global_colors_info=\u00bb{}\u00bb][et_pb_text _builder_version=\u00bb4.27.4&#8243; _module_preset=\u00bbdefault\u00bb hover_enabled=\u00bb0&#8243; global_colors_info=\u00bb{}\u00bb sticky_enabled=\u00bb0&#8243; custom_padding=\u00bb|||261px||\u00bb]<\/p>\n<h1 style=\"text-align: center;\"><strong data-start=\"1006\" data-end=\"1039\">Gu\u00eda de compra<\/strong><\/h1>\n<h1 style=\"text-align: center;\"><strong data-start=\"1006\" data-end=\"1039\">\ud83d\udc49<a href=\"https:\/\/alamocostadelsol.com\/wp-content\/uploads\/2025\/09\/English-Buyers-Guide.pdf\" target=\"_blank\" rel=\"noopener\"> <span style=\"text-decoration: underline;\">Ingl\u00e9s<\/span><\/a><\/strong><\/h1>\n<h1 style=\"text-align: center;\"><strong data-start=\"1006\" data-end=\"1039\">\ud83d\udc49<a href=\"https:\/\/alamocostadelsol.com\/wp-content\/uploads\/2025\/09\/Swedish-Buyers-Guide.pdf\" target=\"_blank\" rel=\"noopener\"> <span style=\"text-decoration: underline;\">Svenska<\/span><\/a><\/strong><\/h1>\n<h1 style=\"text-align: center;\"><strong data-start=\"1006\" data-end=\"1039\">\ud83d\udc49<a href=\"https:\/\/alamocostadelsol.com\/wp-content\/uploads\/2025\/09\/Spanish-Buyers-Guide.pdf\" target=\"_blank\" rel=\"noopener\"> <span style=\"text-decoration: underline;\">Espa\u00f1ol<\/span><\/a><\/strong><\/h1>\n<p><strong data-start=\"1006\" data-end=\"1039\"><\/strong><\/p>\n<p>[\/et_pb_text][\/et_pb_column][et_pb_column type=\u00bb1_2&#8243; _builder_version=\u00bb4.27.4&#8243; _module_preset=\u00bbdefault\u00bb global_colors_info=\u00bb{}\u00bb][et_pb_text _builder_version=\u00bb4.27.4&#8243; _module_preset=\u00bbdefault\u00bb hover_enabled=\u00bb0&#8243; global_colors_info=\u00bb{}\u00bb sticky_enabled=\u00bb0&#8243; width=\u00bb63.9%\u00bb]<\/p>\n<h1 style=\"text-align: center;\"><strong>Gu\u00eda del vendedor<\/strong><\/h1>\n<h1 style=\"text-align: center;\"><strong data-start=\"1006\" data-end=\"1039\">\ud83d\udc49<a href=\"https:\/\/alamocostadelsol.com\/wp-content\/uploads\/2025\/09\/Sellers-Guide-English.pdf\" target=\"_blank\" rel=\"noopener\"> <span style=\"text-decoration: underline;\">Ingl\u00e9s<\/span><\/a><\/strong><\/h1>\n<h1 style=\"text-align: center;\"><strong data-start=\"1006\" data-end=\"1039\">\ud83d\udc49<a href=\"https:\/\/alamocostadelsol.com\/wp-content\/uploads\/2025\/09\/Sellers-Guide-Swedish.pdf\" target=\"_blank\" rel=\"noopener\"> <span style=\"text-decoration: underline;\">Svenska<\/span><\/a><\/strong><\/h1>\n<h1 style=\"text-align: center;\"><strong data-start=\"1006\" data-end=\"1039\">\ud83d\udc49<a href=\"https:\/\/alamocostadelsol.com\/wp-content\/uploads\/2025\/09\/Sellers-Guide-Spanish.pdf\" target=\"_blank\" rel=\"noopener\"> <span style=\"text-decoration: underline;\">Espa\u00f1ol<\/span><\/a><\/strong><\/h1>\n<p>[\/et_pb_text][\/et_pb_column][\/et_pb_row][\/et_pb_section]<\/p>\n","protected":false},"excerpt":{"rendered":"<p>&nbsp; \u2705 \u00a1Gracias por solicitar nuestra gu\u00eda! Desc\u00e1rgalo en tu idioma preferido:Gu\u00eda de compra \ud83d\udc49 Ingl\u00e9s \ud83d\udc49 Svenska \ud83d\udc49 Espa\u00f1ol Gu\u00eda del vendedor \ud83d\udc49 Ingl\u00e9s \ud83d\udc49 Svenska \ud83d\udc49 Espa\u00f1ol<\/p>\n","protected":false},"author":3,"featured_media":0,"parent":0,"menu_order":0,"comment_status":"closed","ping_status":"closed","template":"","meta":{"_et_pb_use_builder":"on","_et_pb_old_content":"","_et_gb_content_width":"","footnotes":""},"dipi_cpt_category":[],"class_list":["post-18814507","page","type-page","status-publish","hentry"],"yoast_head":"<!-- This site is optimized with the Yoast SEO plugin v25.8 - https:\/\/yoast.com\/wordpress\/plugins\/seo\/ -->\n<title>Descarga tu gu\u00eda de propiedades en Costa del Sol | \u00c1lamo<\/title>\n<meta name=\"description\" content=\"Gracias por solicitar nuestra gu\u00eda de propiedades de Costa del Sol. Descarga tu gu\u00eda para compradores o vendedores en el idioma que prefieras a continuaci\u00f3n.\" \/>\n<meta name=\"robots\" content=\"noindex, nofollow\" \/>\n<meta property=\"og:locale\" content=\"es_ES\" \/>\n<meta property=\"og:type\" content=\"article\" \/>\n<meta property=\"og:title\" content=\"Descarga tu gu\u00eda de propiedades en Costa del Sol | \u00c1lamo\" \/>\n<meta property=\"og:description\" content=\"Gracias por solicitar nuestra gu\u00eda de propiedades de Costa del Sol. Descarga tu gu\u00eda para compradores o vendedores en el idioma que prefieras a continuaci\u00f3n.\" \/>\n<meta property=\"og:url\" content=\"https:\/\/alamocostadelsol.com\/es\/descarga-de-la-guia\" \/>\n<meta property=\"og:site_name\" content=\"Alamo - makes your dream come true at costa del sol\" \/>\n<meta property=\"article:publisher\" content=\"https:\/\/www.facebook.com\/alamocostadelsol\" \/>\n<meta property=\"article:modified_time\" content=\"2026-01-12T15:44:21+00:00\" \/>\n<meta name=\"twitter:card\" content=\"summary_large_image\" \/>\n<meta name=\"twitter:label1\" content=\"Tiempo de lectura\" \/>\n\t<meta name=\"twitter:data1\" content=\"1 minuto\" \/>\n<script type=\"application\/ld+json\" class=\"yoast-schema-graph\">{\"@context\":\"https:\/\/schema.org\",\"@graph\":[{\"@type\":\"WebPage\",\"@id\":\"https:\/\/alamocostadelsol.com\/es\/descarga-de-la-guia\",\"url\":\"https:\/\/alamocostadelsol.com\/es\/descarga-de-la-guia\",\"name\":\"Descarga tu gu\u00eda de propiedades en Costa del Sol | \u00c1lamo\",\"isPartOf\":{\"@id\":\"https:\/\/alamocostadelsol.com\/es#website\"},\"datePublished\":\"2025-05-12T11:41:24+00:00\",\"dateModified\":\"2026-01-12T15:44:21+00:00\",\"description\":\"Gracias por solicitar nuestra gu\u00eda de propiedades de Costa del Sol. Descarga tu gu\u00eda para compradores o vendedores en el idioma que prefieras a continuaci\u00f3n.\",\"breadcrumb\":{\"@id\":\"https:\/\/alamocostadelsol.com\/es\/descarga-de-la-guia#breadcrumb\"},\"inLanguage\":\"es\",\"potentialAction\":[{\"@type\":\"ReadAction\",\"target\":[\"https:\/\/alamocostadelsol.com\/es\/descarga-de-la-guia\"]}]},{\"@type\":\"BreadcrumbList\",\"@id\":\"https:\/\/alamocostadelsol.com\/es\/descarga-de-la-guia#breadcrumb\",\"itemListElement\":[{\"@type\":\"ListItem\",\"position\":1,\"name\":\"Home\",\"item\":\"https:\/\/alamocostadelsol.com\/es\"},{\"@type\":\"ListItem\",\"position\":2,\"name\":\"Descarga de la gu\u00eda\"}]},{\"@type\":\"WebSite\",\"@id\":\"https:\/\/alamocostadelsol.com\/es#website\",\"url\":\"https:\/\/alamocostadelsol.com\/es\",\"name\":\"Alamo - makes your dream come true at costa del sol\",\"description\":\"\",\"publisher\":{\"@id\":\"https:\/\/alamocostadelsol.com\/es#organization\"},\"potentialAction\":[{\"@type\":\"SearchAction\",\"target\":{\"@type\":\"EntryPoint\",\"urlTemplate\":\"https:\/\/alamocostadelsol.com\/es?s={search_term_string}\"},\"query-input\":{\"@type\":\"PropertyValueSpecification\",\"valueRequired\":true,\"valueName\":\"search_term_string\"}}],\"inLanguage\":\"es\"},{\"@type\":\"Organization\",\"@id\":\"https:\/\/alamocostadelsol.com\/es#organization\",\"name\":\"Alamo - makes your dream come true at costa del sol\",\"url\":\"https:\/\/alamocostadelsol.com\/es\",\"logo\":{\"@type\":\"ImageObject\",\"inLanguage\":\"es\",\"@id\":\"https:\/\/alamocostadelsol.com\/es#\/schema\/logo\/image\/\",\"url\":\"https:\/\/alamocostadelsol.com\/wp-content\/uploads\/2024\/05\/alamo-costa-del-sol-logotype.png\",\"contentUrl\":\"https:\/\/alamocostadelsol.com\/wp-content\/uploads\/2024\/05\/alamo-costa-del-sol-logotype.png\",\"width\":773,\"height\":170,\"caption\":\"Alamo - makes your dream come true at costa del sol\"},\"image\":{\"@id\":\"https:\/\/alamocostadelsol.com\/es#\/schema\/logo\/image\/\"},\"sameAs\":[\"https:\/\/www.facebook.com\/alamocostadelsol\",\"https:\/\/www.instagram.com\/alamocostadelsol\/\"]}]}<\/script>\n<!-- \/ Yoast SEO plugin. -->","yoast_head_json":{"title":"Descarga tu gu\u00eda de propiedades en Costa del Sol | \u00c1lamo","description":"Gracias por solicitar nuestra gu\u00eda de propiedades de Costa del Sol. Descarga tu gu\u00eda para compradores o vendedores en el idioma que prefieras a continuaci\u00f3n.","robots":{"index":"noindex","follow":"nofollow"},"og_locale":"es_ES","og_type":"article","og_title":"Descarga tu gu\u00eda de propiedades en Costa del Sol | \u00c1lamo","og_description":"Gracias por solicitar nuestra gu\u00eda de propiedades de Costa del Sol. Descarga tu gu\u00eda para compradores o vendedores en el idioma que prefieras a continuaci\u00f3n.","og_url":"https:\/\/alamocostadelsol.com\/es\/descarga-de-la-guia","og_site_name":"Alamo - makes your dream come true at costa del sol","article_publisher":"https:\/\/www.facebook.com\/alamocostadelsol","article_modified_time":"2026-01-12T15:44:21+00:00","twitter_card":"summary_large_image","twitter_misc":{"Tiempo de lectura":"1 minuto"},"schema":{"@context":"https:\/\/schema.org","@graph":[{"@type":"WebPage","@id":"https:\/\/alamocostadelsol.com\/es\/descarga-de-la-guia","url":"https:\/\/alamocostadelsol.com\/es\/descarga-de-la-guia","name":"Descarga tu gu\u00eda de propiedades en Costa del Sol | \u00c1lamo","isPartOf":{"@id":"https:\/\/alamocostadelsol.com\/es#website"},"datePublished":"2025-05-12T11:41:24+00:00","dateModified":"2026-01-12T15:44:21+00:00","description":"Gracias por solicitar nuestra gu\u00eda de propiedades de Costa del Sol. Descarga tu gu\u00eda para compradores o vendedores en el idioma que prefieras a continuaci\u00f3n.","breadcrumb":{"@id":"https:\/\/alamocostadelsol.com\/es\/descarga-de-la-guia#breadcrumb"},"inLanguage":"es","potentialAction":[{"@type":"ReadAction","target":["https:\/\/alamocostadelsol.com\/es\/descarga-de-la-guia"]}]},{"@type":"BreadcrumbList","@id":"https:\/\/alamocostadelsol.com\/es\/descarga-de-la-guia#breadcrumb","itemListElement":[{"@type":"ListItem","position":1,"name":"Home","item":"https:\/\/alamocostadelsol.com\/es"},{"@type":"ListItem","position":2,"name":"Descarga de la gu\u00eda"}]},{"@type":"WebSite","@id":"https:\/\/alamocostadelsol.com\/es#website","url":"https:\/\/alamocostadelsol.com\/es","name":"Alamo - makes your dream come true at costa del sol","description":"","publisher":{"@id":"https:\/\/alamocostadelsol.com\/es#organization"},"potentialAction":[{"@type":"SearchAction","target":{"@type":"EntryPoint","urlTemplate":"https:\/\/alamocostadelsol.com\/es?s={search_term_string}"},"query-input":{"@type":"PropertyValueSpecification","valueRequired":true,"valueName":"search_term_string"}}],"inLanguage":"es"},{"@type":"Organization","@id":"https:\/\/alamocostadelsol.com\/es#organization","name":"Alamo - makes your dream come true at costa del sol","url":"https:\/\/alamocostadelsol.com\/es","logo":{"@type":"ImageObject","inLanguage":"es","@id":"https:\/\/alamocostadelsol.com\/es#\/schema\/logo\/image\/","url":"https:\/\/alamocostadelsol.com\/wp-content\/uploads\/2024\/05\/alamo-costa-del-sol-logotype.png","contentUrl":"https:\/\/alamocostadelsol.com\/wp-content\/uploads\/2024\/05\/alamo-costa-del-sol-logotype.png","width":773,"height":170,"caption":"Alamo - makes your dream come true at costa del sol"},"image":{"@id":"https:\/\/alamocostadelsol.com\/es#\/schema\/logo\/image\/"},"sameAs":["https:\/\/www.facebook.com\/alamocostadelsol","https:\/\/www.instagram.com\/alamocostadelsol\/"]}]}},"_links":{"self":[{"href":"https:\/\/alamocostadelsol.com\/es\/wp-json\/wp\/v2\/pages\/18814507","targetHints":{"allow":["GET"]}}],"collection":[{"href":"https:\/\/alamocostadelsol.com\/es\/wp-json\/wp\/v2\/pages"}],"about":[{"href":"https:\/\/alamocostadelsol.com\/es\/wp-json\/wp\/v2\/types\/page"}],"author":[{"embeddable":true,"href":"https:\/\/alamocostadelsol.com\/es\/wp-json\/wp\/v2\/users\/3"}],"replies":[{"embeddable":true,"href":"https:\/\/alamocostadelsol.com\/es\/wp-json\/wp\/v2\/comments?post=18814507"}],"version-history":[{"count":3,"href":"https:\/\/alamocostadelsol.com\/es\/wp-json\/wp\/v2\/pages\/18814507\/revisions"}],"predecessor-version":[{"id":18814514,"href":"https:\/\/alamocostadelsol.com\/es\/wp-json\/wp\/v2\/pages\/18814507\/revisions\/18814514"}],"wp:attachment":[{"href":"https:\/\/alamocostadelsol.com\/es\/wp-json\/wp\/v2\/media?parent=18814507"}],"wp:term":[{"taxonomy":"dipi_cpt_category","embeddable":true,"href":"https:\/\/alamocostadelsol.com\/es\/wp-json\/wp\/v2\/dipi_cpt_category?post=18814507"}],"curies":[{"name":"wp","href":"https:\/\/api.w.org\/{rel}","templated":true}]}}