{"id":18813545,"date":"2025-09-18T11:06:51","date_gmt":"2025-09-18T09:06:51","guid":{"rendered":"https:\/\/alamocostadelsol.com\/proximamente"},"modified":"2026-01-12T16:41:03","modified_gmt":"2026-01-12T15:41:03","slug":"proximamente","status":"publish","type":"page","link":"https:\/\/alamocostadelsol.com\/es\/proximamente","title":{"rendered":"Pr\u00f3ximamente"},"content":{"rendered":"<p>[et_pb_section fb_built=\u00bb1&#8243; _builder_version=\u00bb4.25.1&#8243; _module_preset=\u00bbdefault\u00bb background_color=\u00bb#f9f9f9&#8243; custom_padding=\u00bb||0px||false|false\u00bb global_module=\u00bb18813462&#8243; global_colors_info=\u00bb{}\u00bb][et_pb_row _builder_version=\u00bb4.25.1&#8243; _module_preset=\u00bbdefault\u00bb global_colors_info=\u00bb{}\u00bb][et_pb_column type=\u00bb4_4&#8243; _builder_version=\u00bb4.25.1&#8243; _module_preset=\u00bbdefault\u00bb global_colors_info=\u00bb{}\u00bb][et_pb_text _builder_version=\u00bb4.25.2&#8243; _module_preset=\u00bbdefault\u00bb text_font=\u00bbMarcellus||||||||\u00bb text_font_size=\u00bb20px\u00bb text_line_height=\u00bb2em\u00bb header_font=\u00bbMarcellus|700|||||||\u00bb header_text_align=\u00bbcenter\u00bb header_font_size=\u00bb3rem\u00bb text_orientation=\u00bbcenter\u00bb header_font_size_tablet=\u00bb3rem\u00bb header_font_size_phone=\u00bb2.5rem\u00bb header_font_size_last_edited=\u00bbon|phone\u00bb header_line_height_tablet=\u00bb1.3em\u00bb header_line_height_phone=\u00bb1.3em\u00bb header_line_height_last_edited=\u00bbon|tablet\u00bb global_colors_info=\u00bb{}\u00bb]<\/p>\n<h1 class=\"header-text text-3xl xl:text-5xl tracking-tight text-primary mb-4 lg:mb-9 mx-auto text-center\">PR\u00d3XIMAMENTE<\/h1>\n<p>Las nuevas propiedades de ensue\u00f1o est\u00e1n a la vuelta de la esquina, \u00a1estad atentos!<\/p>\n<p>[\/et_pb_text][\/et_pb_column][\/et_pb_row][\/et_pb_section][et_pb_section fb_built=\u00bb1&#8243; _builder_version=\u00bb4.27.4&#8243; _module_preset=\u00bbdefault\u00bb global_colors_info=\u00bb{}\u00bb][et_pb_row column_structure=\u00bb1_2,1_2&#8243; _builder_version=\u00bb4.27.4&#8243; _module_preset=\u00bbdefault\u00bb global_colors_info=\u00bb{}\u00bb][et_pb_column type=\u00bb1_2&#8243; _builder_version=\u00bb4.27.4&#8243; _module_preset=\u00bbdefault\u00bb global_colors_info=\u00bb{}\u00bb][et_pb_image src=\u00bbhttps:\/\/alamocostadelsol.com\/wp-content\/uploads\/2025\/09\/dji_fly_20250917_104156_676_1758199460028_photo_optimized-scaled.jpeg\u00bb title_text=\u00bbDCIM100MEDIADJI_0676.JPG\u00bb _builder_version=\u00bb4.27.4&#8243; _module_preset=\u00bbdefault\u00bb global_colors_info=\u00bb{}\u00bb][\/et_pb_image][et_pb_text _builder_version=\u00bb4.27.4&#8243; _module_preset=\u00bbdefault\u00bb global_colors_info=\u00bb{}\u00bb]<\/p>\n<h1 style=\"text-align: center;\"><strong>Apartamento en Riviera<\/strong><\/h1>\n<p style=\"text-align: center;\">4 dormitorios, 99 m<span>\u00b2 construidos<\/span><\/p>\n<p style=\"text-align: center;\">A poca distancia de la playa<span><\/span><\/p>\n<p>&nbsp;<\/p>\n<p>[\/et_pb_text][\/et_pb_column][et_pb_column type=\u00bb1_2&#8243; _builder_version=\u00bb4.27.4&#8243; _module_preset=\u00bbdefault\u00bb global_colors_info=\u00bb{}\u00bb][et_pb_image src=\u00bbhttps:\/\/alamocostadelsol.com\/wp-content\/uploads\/2025\/09\/dji_fly_20250917_111730_677_1758201928427_photo_optimized-scaled.jpg\u00bb title_text=\u00bbDCIM100MEDIADJI_0677.JPG\u00bb _builder_version=\u00bb4.27.4&#8243; _module_preset=\u00bbdefault\u00bb global_colors_info=\u00bb{}\u00bb][\/et_pb_image][et_pb_text _builder_version=\u00bb4.27.4&#8243; _module_preset=\u00bbdefault\u00bb global_colors_info=\u00bb{}\u00bb]<\/p>\n<h1 style=\"text-align: center;\"><strong>Apartamento en Fuengirola<\/strong><\/h1>\n<p style=\"text-align: center;\">3 dormitorios, 71 m<span>\u00b2 construidos, 27 m\u00b2 terraza<\/span><\/p>\n<p style=\"text-align: center;\"><span>Excelente ubicaci\u00f3n cerca de la playa y los servicios, lejos del ajetreo.<\/span><\/p>\n<p>[\/et_pb_text][\/et_pb_column][\/et_pb_row][et_pb_row column_structure=\u00bb1_2,1_2&#8243; _builder_version=\u00bb4.27.4&#8243; _module_preset=\u00bbdefault\u00bb hover_enabled=\u00bb0&#8243; global_colors_info=\u00bb{}\u00bb sticky_enabled=\u00bb0&#8243;][et_pb_column type=\u00bb1_2&#8243; _builder_version=\u00bb4.27.4&#8243; _module_preset=\u00bbdefault\u00bb global_colors_info=\u00bb{}\u00bb][et_pb_image src=\u00bbhttps:\/\/alamocostadelsol.com\/wp-content\/uploads\/2025\/09\/DJI_0337-1-scaled.jpg\u00bb title_text=\u00bbDJI_0337&#8243; admin_label=\u00bbComing Soon\u00bb _builder_version=\u00bb4.27.4&#8243; _module_preset=\u00bbdefault\u00bb global_colors_info=\u00bb{}\u00bb][\/et_pb_image][et_pb_text _builder_version=\u00bb4.27.4&#8243; _module_preset=\u00bbdefault\u00bb global_colors_info=\u00bb{}\u00bb]<\/p>\n<h1 style=\"text-align: center;\"><strong>Villa en Capellania<\/strong><\/h1>\n<p style=\"text-align: center;\">6 Dormitorios<\/p>\n<p style=\"text-align: center;\">Impresionantes vistas al mar y a la bah\u00eda<\/p>\n<p style=\"text-align: center;\">\n<p>[\/et_pb_text][\/et_pb_column][et_pb_column type=\u00bb1_2&#8243; _builder_version=\u00bb4.27.4&#8243; _module_preset=\u00bbdefault\u00bb global_colors_info=\u00bb{}\u00bb][et_pb_image src=\u00bbhttps:\/\/alamocostadelsol.com\/wp-content\/uploads\/2025\/09\/5-2-Medium-1.jpg\u00bb title_text=\u00bb5 (2) (Medio)\u00bb _builder_version=\u00bb4.27.4&#8243; _module_preset=\u00bbdefault\u00bb global_colors_info=\u00bb{}\u00bb][\/et_pb_image][et_pb_text _builder_version=\u00bb4.27.4&#8243; _module_preset=\u00bbdefault\u00bb global_colors_info=\u00bb{}\u00bb]<\/p>\n<h1 style=\"text-align: center;\"><strong>Villa en Torreblanca<\/strong><\/h1>\n<p style=\"text-align: center;\">4 dormitorios<\/p>\n<p style=\"text-align: center;\">Vistas panor\u00e1micas<\/p>\n<p>[\/et_pb_text][\/et_pb_column][\/et_pb_row][et_pb_row _builder_version=\u00bb4.27.4&#8243; _module_preset=\u00bbdefault\u00bb custom_padding=\u00bb0px|||||\u00bb global_colors_info=\u00bb{}\u00bb][et_pb_column type=\u00bb4_4&#8243; _builder_version=\u00bb4.27.4&#8243; _module_preset=\u00bbdefault\u00bb global_colors_info=\u00bb{}\u00bb][et_pb_button button_url=\u00bb@ET-DC@eyJkeW5hbWljIjp0cnVlLCJjb250ZW50IjoicG9zdF9saW5rX3VybF9wYWdlIiwic2V0dGluZ3MiOnsicG9zdF9pZCI6IjIxOSIsImVuYWJsZV9odG1sIjoib2ZmIn19@\u00bb button_text=\u00bbContacto\u00bb button_alignment=\u00bbcenter\u00bb _builder_version=\u00bb4.27.4&#8243; _dynamic_attributes=\u00bbbutton_url\u00bb _module_preset=\u00bbdefault\u00bb global_colors_info=\u00bb{}\u00bb][\/et_pb_button][\/et_pb_column][\/et_pb_row][\/et_pb_section]<\/p>\n","protected":false},"excerpt":{"rendered":"<p>PR\u00d3XIMAMENTE Las nuevas propiedades de ensue\u00f1o est\u00e1n a la vuelta de la esquina, \u00a1estad atentos!Apartamento en Riviera 4 dormitorios, 99 m\u00b2 construidos A poca distancia de la playa &nbsp;Apartamento en Fuengirola 3 dormitorios, 71 m\u00b2 construidos, 27 m\u00b2 terraza Excelente ubicaci\u00f3n cerca de la playa y los servicios, lejos del ajetreo.Villa en Capellania 6 Dormitorios [&hellip;]<\/p>\n","protected":false},"author":3,"featured_media":0,"parent":0,"menu_order":0,"comment_status":"closed","ping_status":"closed","template":"","meta":{"_et_pb_use_builder":"on","_et_pb_old_content":"","_et_gb_content_width":"","footnotes":""},"dipi_cpt_category":[],"class_list":["post-18813545","page","type-page","status-publish","hentry"],"yoast_head":"<!-- This site is optimized with the Yoast SEO plugin v25.8 - https:\/\/yoast.com\/wordpress\/plugins\/seo\/ -->\n<title>Pr\u00f3ximamente Propiedades en la Costa del Sol | Alamo Real Estate<\/title>\n<meta name=\"description\" content=\"Descubre pr\u00f3ximamente propiedades en la Costa del Sol. Obt\u00e9n acceso anticipado a apartamentos y villas fuera del mercado antes de que sean oficialmente listados.\" \/>\n<meta name=\"robots\" content=\"index, follow, max-snippet:-1, max-image-preview:large, max-video-preview:-1\" \/>\n<link rel=\"canonical\" href=\"https:\/\/alamocostadelsol.com\/es\/proximamente\" \/>\n<meta property=\"og:locale\" content=\"es_ES\" \/>\n<meta property=\"og:type\" content=\"article\" \/>\n<meta property=\"og:title\" content=\"Pr\u00f3ximamente Propiedades en la Costa del Sol | Alamo Real Estate\" \/>\n<meta property=\"og:description\" content=\"Descubre pr\u00f3ximamente propiedades en la Costa del Sol. Obt\u00e9n acceso anticipado a apartamentos y villas fuera del mercado antes de que sean oficialmente listados.\" \/>\n<meta property=\"og:url\" content=\"https:\/\/alamocostadelsol.com\/es\/proximamente\" \/>\n<meta property=\"og:site_name\" content=\"Alamo - makes your dream come true at costa del sol\" \/>\n<meta property=\"article:publisher\" content=\"https:\/\/www.facebook.com\/alamocostadelsol\" \/>\n<meta property=\"article:modified_time\" content=\"2026-01-12T15:41:03+00:00\" \/>\n<meta name=\"twitter:card\" content=\"summary_large_image\" \/>\n<meta name=\"twitter:label1\" content=\"Tiempo de lectura\" \/>\n\t<meta name=\"twitter:data1\" content=\"3 minutos\" \/>\n<script type=\"application\/ld+json\" class=\"yoast-schema-graph\">{\"@context\":\"https:\/\/schema.org\",\"@graph\":[{\"@type\":\"WebPage\",\"@id\":\"https:\/\/alamocostadelsol.com\/es\/proximamente\",\"url\":\"https:\/\/alamocostadelsol.com\/es\/proximamente\",\"name\":\"Pr\u00f3ximamente Propiedades en la Costa del Sol | Alamo Real Estate\",\"isPartOf\":{\"@id\":\"https:\/\/alamocostadelsol.com\/es#website\"},\"datePublished\":\"2025-09-18T09:06:51+00:00\",\"dateModified\":\"2026-01-12T15:41:03+00:00\",\"description\":\"Descubre pr\u00f3ximamente propiedades en la Costa del Sol. Obt\u00e9n acceso anticipado a apartamentos y villas fuera del mercado antes de que sean oficialmente listados.\",\"breadcrumb\":{\"@id\":\"https:\/\/alamocostadelsol.com\/es\/proximamente#breadcrumb\"},\"inLanguage\":\"es\",\"potentialAction\":[{\"@type\":\"ReadAction\",\"target\":[\"https:\/\/alamocostadelsol.com\/es\/proximamente\"]}]},{\"@type\":\"BreadcrumbList\",\"@id\":\"https:\/\/alamocostadelsol.com\/es\/proximamente#breadcrumb\",\"itemListElement\":[{\"@type\":\"ListItem\",\"position\":1,\"name\":\"Home\",\"item\":\"https:\/\/alamocostadelsol.com\/es\"},{\"@type\":\"ListItem\",\"position\":2,\"name\":\"Pr\u00f3ximamente\"}]},{\"@type\":\"WebSite\",\"@id\":\"https:\/\/alamocostadelsol.com\/es#website\",\"url\":\"https:\/\/alamocostadelsol.com\/es\",\"name\":\"Alamo - makes your dream come true at costa del sol\",\"description\":\"\",\"publisher\":{\"@id\":\"https:\/\/alamocostadelsol.com\/es#organization\"},\"potentialAction\":[{\"@type\":\"SearchAction\",\"target\":{\"@type\":\"EntryPoint\",\"urlTemplate\":\"https:\/\/alamocostadelsol.com\/es?s={search_term_string}\"},\"query-input\":{\"@type\":\"PropertyValueSpecification\",\"valueRequired\":true,\"valueName\":\"search_term_string\"}}],\"inLanguage\":\"es\"},{\"@type\":\"Organization\",\"@id\":\"https:\/\/alamocostadelsol.com\/es#organization\",\"name\":\"Alamo - makes your dream come true at costa del sol\",\"url\":\"https:\/\/alamocostadelsol.com\/es\",\"logo\":{\"@type\":\"ImageObject\",\"inLanguage\":\"es\",\"@id\":\"https:\/\/alamocostadelsol.com\/es#\/schema\/logo\/image\/\",\"url\":\"https:\/\/alamocostadelsol.com\/wp-content\/uploads\/2024\/05\/alamo-costa-del-sol-logotype.png\",\"contentUrl\":\"https:\/\/alamocostadelsol.com\/wp-content\/uploads\/2024\/05\/alamo-costa-del-sol-logotype.png\",\"width\":773,\"height\":170,\"caption\":\"Alamo - makes your dream come true at costa del sol\"},\"image\":{\"@id\":\"https:\/\/alamocostadelsol.com\/es#\/schema\/logo\/image\/\"},\"sameAs\":[\"https:\/\/www.facebook.com\/alamocostadelsol\",\"https:\/\/www.instagram.com\/alamocostadelsol\/\"]}]}<\/script>\n<!-- \/ Yoast SEO plugin. -->","yoast_head_json":{"title":"Pr\u00f3ximamente Propiedades en la Costa del Sol | Alamo Real Estate","description":"Descubre pr\u00f3ximamente propiedades en la Costa del Sol. Obt\u00e9n acceso anticipado a apartamentos y villas fuera del mercado antes de que sean oficialmente listados.","robots":{"index":"index","follow":"follow","max-snippet":"max-snippet:-1","max-image-preview":"max-image-preview:large","max-video-preview":"max-video-preview:-1"},"canonical":"https:\/\/alamocostadelsol.com\/es\/proximamente","og_locale":"es_ES","og_type":"article","og_title":"Pr\u00f3ximamente Propiedades en la Costa del Sol | Alamo Real Estate","og_description":"Descubre pr\u00f3ximamente propiedades en la Costa del Sol. Obt\u00e9n acceso anticipado a apartamentos y villas fuera del mercado antes de que sean oficialmente listados.","og_url":"https:\/\/alamocostadelsol.com\/es\/proximamente","og_site_name":"Alamo - makes your dream come true at costa del sol","article_publisher":"https:\/\/www.facebook.com\/alamocostadelsol","article_modified_time":"2026-01-12T15:41:03+00:00","twitter_card":"summary_large_image","twitter_misc":{"Tiempo de lectura":"3 minutos"},"schema":{"@context":"https:\/\/schema.org","@graph":[{"@type":"WebPage","@id":"https:\/\/alamocostadelsol.com\/es\/proximamente","url":"https:\/\/alamocostadelsol.com\/es\/proximamente","name":"Pr\u00f3ximamente Propiedades en la Costa del Sol | Alamo Real Estate","isPartOf":{"@id":"https:\/\/alamocostadelsol.com\/es#website"},"datePublished":"2025-09-18T09:06:51+00:00","dateModified":"2026-01-12T15:41:03+00:00","description":"Descubre pr\u00f3ximamente propiedades en la Costa del Sol. Obt\u00e9n acceso anticipado a apartamentos y villas fuera del mercado antes de que sean oficialmente listados.","breadcrumb":{"@id":"https:\/\/alamocostadelsol.com\/es\/proximamente#breadcrumb"},"inLanguage":"es","potentialAction":[{"@type":"ReadAction","target":["https:\/\/alamocostadelsol.com\/es\/proximamente"]}]},{"@type":"BreadcrumbList","@id":"https:\/\/alamocostadelsol.com\/es\/proximamente#breadcrumb","itemListElement":[{"@type":"ListItem","position":1,"name":"Home","item":"https:\/\/alamocostadelsol.com\/es"},{"@type":"ListItem","position":2,"name":"Pr\u00f3ximamente"}]},{"@type":"WebSite","@id":"https:\/\/alamocostadelsol.com\/es#website","url":"https:\/\/alamocostadelsol.com\/es","name":"Alamo - makes your dream come true at costa del sol","description":"","publisher":{"@id":"https:\/\/alamocostadelsol.com\/es#organization"},"potentialAction":[{"@type":"SearchAction","target":{"@type":"EntryPoint","urlTemplate":"https:\/\/alamocostadelsol.com\/es?s={search_term_string}"},"query-input":{"@type":"PropertyValueSpecification","valueRequired":true,"valueName":"search_term_string"}}],"inLanguage":"es"},{"@type":"Organization","@id":"https:\/\/alamocostadelsol.com\/es#organization","name":"Alamo - makes your dream come true at costa del sol","url":"https:\/\/alamocostadelsol.com\/es","logo":{"@type":"ImageObject","inLanguage":"es","@id":"https:\/\/alamocostadelsol.com\/es#\/schema\/logo\/image\/","url":"https:\/\/alamocostadelsol.com\/wp-content\/uploads\/2024\/05\/alamo-costa-del-sol-logotype.png","contentUrl":"https:\/\/alamocostadelsol.com\/wp-content\/uploads\/2024\/05\/alamo-costa-del-sol-logotype.png","width":773,"height":170,"caption":"Alamo - makes your dream come true at costa del sol"},"image":{"@id":"https:\/\/alamocostadelsol.com\/es#\/schema\/logo\/image\/"},"sameAs":["https:\/\/www.facebook.com\/alamocostadelsol","https:\/\/www.instagram.com\/alamocostadelsol\/"]}]}},"_links":{"self":[{"href":"https:\/\/alamocostadelsol.com\/es\/wp-json\/wp\/v2\/pages\/18813545","targetHints":{"allow":["GET"]}}],"collection":[{"href":"https:\/\/alamocostadelsol.com\/es\/wp-json\/wp\/v2\/pages"}],"about":[{"href":"https:\/\/alamocostadelsol.com\/es\/wp-json\/wp\/v2\/types\/page"}],"author":[{"embeddable":true,"href":"https:\/\/alamocostadelsol.com\/es\/wp-json\/wp\/v2\/users\/3"}],"replies":[{"embeddable":true,"href":"https:\/\/alamocostadelsol.com\/es\/wp-json\/wp\/v2\/comments?post=18813545"}],"version-history":[{"count":13,"href":"https:\/\/alamocostadelsol.com\/es\/wp-json\/wp\/v2\/pages\/18813545\/revisions"}],"predecessor-version":[{"id":18814472,"href":"https:\/\/alamocostadelsol.com\/es\/wp-json\/wp\/v2\/pages\/18813545\/revisions\/18814472"}],"wp:attachment":[{"href":"https:\/\/alamocostadelsol.com\/es\/wp-json\/wp\/v2\/media?parent=18813545"}],"wp:term":[{"taxonomy":"dipi_cpt_category","embeddable":true,"href":"https:\/\/alamocostadelsol.com\/es\/wp-json\/wp\/v2\/dipi_cpt_category?post=18813545"}],"curies":[{"name":"wp","href":"https:\/\/api.w.org\/{rel}","templated":true}]}}