{"id":18812784,"date":"2024-06-10T19:29:00","date_gmt":"2024-06-10T17:29:00","guid":{"rendered":"https:\/\/alamocostadelsol.com\/sobre-alamo\/emelie-vretman"},"modified":"2026-01-12T16:42:52","modified_gmt":"2026-01-12T15:42:52","slug":"emelie-vretman","status":"publish","type":"page","link":"https:\/\/alamocostadelsol.com\/es\/sobre-alamo\/emelie-vretman","title":{"rendered":"Emelie Vretman"},"content":{"rendered":"<p>[et_pb_section fb_built=\u00bb1&#8243; _builder_version=\u00bb4.27.4&#8243; _module_preset=\u00bbdefault\u00bb global_colors_info=\u00bb{}\u00bb][et_pb_row column_structure=\u00bb1_3,2_3&#8243; _builder_version=\u00bb4.25.1&#8243; _module_preset=\u00bbdefault\u00bb width=\u00bb90%\u00bb max_width=\u00bb100%\u00bb global_colors_info=\u00bb{}\u00bb][et_pb_column type=\u00bb1_3&#8243; _builder_version=\u00bb4.25.1&#8243; _module_preset=\u00bbdefault\u00bb global_colors_info=\u00bb{}\u00bb][et_pb_image src=\u00bbhttps:\/\/alamocostadelsol.com\/wp-content\/uploads\/2025\/06\/DSC070412.jpg\u00bb alt=\u00bbCatarina Henriksson\u00bb title_text=\u00bbDSC070412&#8243; align=\u00bbright\u00bb _builder_version=\u00bb4.27.4&#8243; _module_preset=\u00bbdefault\u00bb width=\u00bb80%\u00bb global_colors_info=\u00bb{}\u00bb][\/et_pb_image][\/et_pb_column][et_pb_column type=\u00bb2_3&#8243; _builder_version=\u00bb4.25.1&#8243; _module_preset=\u00bbdefault\u00bb global_colors_info=\u00bb{}\u00bb][et_pb_text _builder_version=\u00bb4.27.4&#8243; _module_preset=\u00bbdefault\u00bb text_font=\u00bbMarcellus||||||||\u00bb text_font_size=\u00bb16px\u00bb header_font=\u00bbMarcellus|700|||||||\u00bb header_font_size=\u00bb36px\u00bb header_2_font=\u00bbMarcellus||||||||\u00bb header_2_font_size=\u00bb22px\u00bb custom_padding=\u00bb3px|||||\u00bb hover_enabled=\u00bb0&#8243; global_colors_info=\u00bb{}\u00bb sticky_enabled=\u00bb0&#8243;]<\/p>\n<h1><a class=\"block font-medium text-lg\">Emelie Vretman<\/a><\/h1>\n<h2><span>Agente colaborador<\/span><\/h2>\n<p><span><\/span><\/p>\n<p><span>Me mud\u00e9 a la Costa del Sol hace cuatro a\u00f1os, originaria de Suecia. A lo largo de mi vida, he tenido la oportunidad de vivir en varios lugares diferentes, y siempre he tenido una pasi\u00f3n por conocer gente nueva y explorar nuevos destinos. <\/span><\/p>\n<p>Con una s\u00f3lida experiencia en ventas y un amor genuino por trabajar con personas, he pasado muchos a\u00f1os construyendo relaciones significativas y ayudando a los clientes a encontrar las soluciones adecuadas para sus necesidades.<\/p>\n<p>Ahora, mi objetivo es ayudarle a encontrar la casa de sus sue\u00f1os aqu\u00ed en la Costa del Sol. Estoy aqu\u00ed para guiarte y apoyarte en cada paso del camino, haciendo que el proceso sea lo m\u00e1s fluido y agradable posible. <\/p>\n<p>[\/et_pb_text][\/et_pb_column][\/et_pb_row][et_pb_row _builder_version=\u00bb4.27.4&#8243; _module_preset=\u00bbdefault\u00bb global_colors_info=\u00bb{}\u00bb][et_pb_column type=\u00bb4_4&#8243; _builder_version=\u00bb4.27.4&#8243; _module_preset=\u00bbdefault\u00bb global_colors_info=\u00bb{}\u00bb][et_pb_post_nav _builder_version=\u00bb4.27.4&#8243; _module_preset=\u00bbdefault\u00bb global_colors_info=\u00bb{}\u00bb][\/et_pb_post_nav][\/et_pb_column][\/et_pb_row][\/et_pb_section]<\/p>\n","protected":false},"excerpt":{"rendered":"<p>Emelie Vretman Agente colaborador Me mud\u00e9 a la Costa del Sol hace cuatro a\u00f1os, originaria de Suecia. A lo largo de mi vida, he tenido la oportunidad de vivir en varios lugares diferentes, y siempre he tenido una pasi\u00f3n por conocer gente nueva y explorar nuevos destinos. Con una s\u00f3lida experiencia en ventas y un [&hellip;]<\/p>\n","protected":false},"author":3,"featured_media":0,"parent":476,"menu_order":0,"comment_status":"closed","ping_status":"closed","template":"","meta":{"_et_pb_use_builder":"on","_et_pb_old_content":"","_et_gb_content_width":"","footnotes":""},"dipi_cpt_category":[],"class_list":["post-18812784","page","type-page","status-publish","hentry"],"yoast_head":"<!-- This site is optimized with the Yoast SEO plugin v25.8 - https:\/\/yoast.com\/wordpress\/plugins\/seo\/ -->\n<title>Emelie Vretman | Agente inmobiliario en la Costa del Sol<\/title>\n<meta name=\"description\" content=\"Emelie Vretman es agente inmobiliaria en Alamo Costa del Sol, apoyando a compradores y vendedores con asesoramiento profesional y conocimiento local.\" \/>\n<meta name=\"robots\" content=\"index, follow, max-snippet:-1, max-image-preview:large, max-video-preview:-1\" \/>\n<link rel=\"canonical\" href=\"https:\/\/alamocostadelsol.com\/es\/sobre-alamo\/emelie-vretman\" \/>\n<meta property=\"og:locale\" content=\"es_ES\" \/>\n<meta property=\"og:type\" content=\"article\" \/>\n<meta property=\"og:title\" content=\"Emelie Vretman | Agente inmobiliario en la Costa del Sol\" \/>\n<meta property=\"og:description\" content=\"Emelie Vretman es agente inmobiliaria en Alamo Costa del Sol, apoyando a compradores y vendedores con asesoramiento profesional y conocimiento local.\" \/>\n<meta property=\"og:url\" content=\"https:\/\/alamocostadelsol.com\/es\/sobre-alamo\/emelie-vretman\" \/>\n<meta property=\"og:site_name\" content=\"Alamo - makes your dream come true at costa del sol\" \/>\n<meta property=\"article:publisher\" content=\"https:\/\/www.facebook.com\/alamocostadelsol\" \/>\n<meta property=\"article:modified_time\" content=\"2026-01-12T15:42:52+00:00\" \/>\n<meta name=\"twitter:card\" content=\"summary_large_image\" \/>\n<meta name=\"twitter:label1\" content=\"Tiempo de lectura\" \/>\n\t<meta name=\"twitter:data1\" content=\"2 minutos\" \/>\n<script type=\"application\/ld+json\" class=\"yoast-schema-graph\">{\"@context\":\"https:\/\/schema.org\",\"@graph\":[{\"@type\":\"WebPage\",\"@id\":\"https:\/\/alamocostadelsol.com\/es\/sobre-alamo\/emelie-vretman\",\"url\":\"https:\/\/alamocostadelsol.com\/es\/sobre-alamo\/emelie-vretman\",\"name\":\"Emelie Vretman | Agente inmobiliario en la Costa del Sol\",\"isPartOf\":{\"@id\":\"https:\/\/alamocostadelsol.com\/es#website\"},\"datePublished\":\"2024-06-10T17:29:00+00:00\",\"dateModified\":\"2026-01-12T15:42:52+00:00\",\"description\":\"Emelie Vretman es agente inmobiliaria en Alamo Costa del Sol, apoyando a compradores y vendedores con asesoramiento profesional y conocimiento local.\",\"breadcrumb\":{\"@id\":\"https:\/\/alamocostadelsol.com\/es\/sobre-alamo\/emelie-vretman#breadcrumb\"},\"inLanguage\":\"es\",\"potentialAction\":[{\"@type\":\"ReadAction\",\"target\":[\"https:\/\/alamocostadelsol.com\/es\/sobre-alamo\/emelie-vretman\"]}]},{\"@type\":\"BreadcrumbList\",\"@id\":\"https:\/\/alamocostadelsol.com\/es\/sobre-alamo\/emelie-vretman#breadcrumb\",\"itemListElement\":[{\"@type\":\"ListItem\",\"position\":1,\"name\":\"Home\",\"item\":\"https:\/\/alamocostadelsol.com\/es\"},{\"@type\":\"ListItem\",\"position\":2,\"name\":\"Sobre Alamo\",\"item\":\"https:\/\/alamocostadelsol.com\/es\/sobre-alamo\"},{\"@type\":\"ListItem\",\"position\":3,\"name\":\"Emelie Vretman\"}]},{\"@type\":\"WebSite\",\"@id\":\"https:\/\/alamocostadelsol.com\/es#website\",\"url\":\"https:\/\/alamocostadelsol.com\/es\",\"name\":\"Alamo - makes your dream come true at costa del sol\",\"description\":\"\",\"publisher\":{\"@id\":\"https:\/\/alamocostadelsol.com\/es#organization\"},\"potentialAction\":[{\"@type\":\"SearchAction\",\"target\":{\"@type\":\"EntryPoint\",\"urlTemplate\":\"https:\/\/alamocostadelsol.com\/es?s={search_term_string}\"},\"query-input\":{\"@type\":\"PropertyValueSpecification\",\"valueRequired\":true,\"valueName\":\"search_term_string\"}}],\"inLanguage\":\"es\"},{\"@type\":\"Organization\",\"@id\":\"https:\/\/alamocostadelsol.com\/es#organization\",\"name\":\"Alamo - makes your dream come true at costa del sol\",\"url\":\"https:\/\/alamocostadelsol.com\/es\",\"logo\":{\"@type\":\"ImageObject\",\"inLanguage\":\"es\",\"@id\":\"https:\/\/alamocostadelsol.com\/es#\/schema\/logo\/image\/\",\"url\":\"https:\/\/alamocostadelsol.com\/wp-content\/uploads\/2024\/05\/alamo-costa-del-sol-logotype.png\",\"contentUrl\":\"https:\/\/alamocostadelsol.com\/wp-content\/uploads\/2024\/05\/alamo-costa-del-sol-logotype.png\",\"width\":773,\"height\":170,\"caption\":\"Alamo - makes your dream come true at costa del sol\"},\"image\":{\"@id\":\"https:\/\/alamocostadelsol.com\/es#\/schema\/logo\/image\/\"},\"sameAs\":[\"https:\/\/www.facebook.com\/alamocostadelsol\",\"https:\/\/www.instagram.com\/alamocostadelsol\/\"]}]}<\/script>\n<!-- \/ Yoast SEO plugin. -->","yoast_head_json":{"title":"Emelie Vretman | Agente inmobiliario en la Costa del Sol","description":"Emelie Vretman es agente inmobiliaria en Alamo Costa del Sol, apoyando a compradores y vendedores con asesoramiento profesional y conocimiento local.","robots":{"index":"index","follow":"follow","max-snippet":"max-snippet:-1","max-image-preview":"max-image-preview:large","max-video-preview":"max-video-preview:-1"},"canonical":"https:\/\/alamocostadelsol.com\/es\/sobre-alamo\/emelie-vretman","og_locale":"es_ES","og_type":"article","og_title":"Emelie Vretman | Agente inmobiliario en la Costa del Sol","og_description":"Emelie Vretman es agente inmobiliaria en Alamo Costa del Sol, apoyando a compradores y vendedores con asesoramiento profesional y conocimiento local.","og_url":"https:\/\/alamocostadelsol.com\/es\/sobre-alamo\/emelie-vretman","og_site_name":"Alamo - makes your dream come true at costa del sol","article_publisher":"https:\/\/www.facebook.com\/alamocostadelsol","article_modified_time":"2026-01-12T15:42:52+00:00","twitter_card":"summary_large_image","twitter_misc":{"Tiempo de lectura":"2 minutos"},"schema":{"@context":"https:\/\/schema.org","@graph":[{"@type":"WebPage","@id":"https:\/\/alamocostadelsol.com\/es\/sobre-alamo\/emelie-vretman","url":"https:\/\/alamocostadelsol.com\/es\/sobre-alamo\/emelie-vretman","name":"Emelie Vretman | Agente inmobiliario en la Costa del Sol","isPartOf":{"@id":"https:\/\/alamocostadelsol.com\/es#website"},"datePublished":"2024-06-10T17:29:00+00:00","dateModified":"2026-01-12T15:42:52+00:00","description":"Emelie Vretman es agente inmobiliaria en Alamo Costa del Sol, apoyando a compradores y vendedores con asesoramiento profesional y conocimiento local.","breadcrumb":{"@id":"https:\/\/alamocostadelsol.com\/es\/sobre-alamo\/emelie-vretman#breadcrumb"},"inLanguage":"es","potentialAction":[{"@type":"ReadAction","target":["https:\/\/alamocostadelsol.com\/es\/sobre-alamo\/emelie-vretman"]}]},{"@type":"BreadcrumbList","@id":"https:\/\/alamocostadelsol.com\/es\/sobre-alamo\/emelie-vretman#breadcrumb","itemListElement":[{"@type":"ListItem","position":1,"name":"Home","item":"https:\/\/alamocostadelsol.com\/es"},{"@type":"ListItem","position":2,"name":"Sobre Alamo","item":"https:\/\/alamocostadelsol.com\/es\/sobre-alamo"},{"@type":"ListItem","position":3,"name":"Emelie Vretman"}]},{"@type":"WebSite","@id":"https:\/\/alamocostadelsol.com\/es#website","url":"https:\/\/alamocostadelsol.com\/es","name":"Alamo - makes your dream come true at costa del sol","description":"","publisher":{"@id":"https:\/\/alamocostadelsol.com\/es#organization"},"potentialAction":[{"@type":"SearchAction","target":{"@type":"EntryPoint","urlTemplate":"https:\/\/alamocostadelsol.com\/es?s={search_term_string}"},"query-input":{"@type":"PropertyValueSpecification","valueRequired":true,"valueName":"search_term_string"}}],"inLanguage":"es"},{"@type":"Organization","@id":"https:\/\/alamocostadelsol.com\/es#organization","name":"Alamo - makes your dream come true at costa del sol","url":"https:\/\/alamocostadelsol.com\/es","logo":{"@type":"ImageObject","inLanguage":"es","@id":"https:\/\/alamocostadelsol.com\/es#\/schema\/logo\/image\/","url":"https:\/\/alamocostadelsol.com\/wp-content\/uploads\/2024\/05\/alamo-costa-del-sol-logotype.png","contentUrl":"https:\/\/alamocostadelsol.com\/wp-content\/uploads\/2024\/05\/alamo-costa-del-sol-logotype.png","width":773,"height":170,"caption":"Alamo - makes your dream come true at costa del sol"},"image":{"@id":"https:\/\/alamocostadelsol.com\/es#\/schema\/logo\/image\/"},"sameAs":["https:\/\/www.facebook.com\/alamocostadelsol","https:\/\/www.instagram.com\/alamocostadelsol\/"]}]}},"_links":{"self":[{"href":"https:\/\/alamocostadelsol.com\/es\/wp-json\/wp\/v2\/pages\/18812784","targetHints":{"allow":["GET"]}}],"collection":[{"href":"https:\/\/alamocostadelsol.com\/es\/wp-json\/wp\/v2\/pages"}],"about":[{"href":"https:\/\/alamocostadelsol.com\/es\/wp-json\/wp\/v2\/types\/page"}],"author":[{"embeddable":true,"href":"https:\/\/alamocostadelsol.com\/es\/wp-json\/wp\/v2\/users\/3"}],"replies":[{"embeddable":true,"href":"https:\/\/alamocostadelsol.com\/es\/wp-json\/wp\/v2\/comments?post=18812784"}],"version-history":[{"count":6,"href":"https:\/\/alamocostadelsol.com\/es\/wp-json\/wp\/v2\/pages\/18812784\/revisions"}],"predecessor-version":[{"id":18814484,"href":"https:\/\/alamocostadelsol.com\/es\/wp-json\/wp\/v2\/pages\/18812784\/revisions\/18814484"}],"up":[{"embeddable":true,"href":"https:\/\/alamocostadelsol.com\/es\/wp-json\/wp\/v2\/pages\/476"}],"wp:attachment":[{"href":"https:\/\/alamocostadelsol.com\/es\/wp-json\/wp\/v2\/media?parent=18812784"}],"wp:term":[{"taxonomy":"dipi_cpt_category","embeddable":true,"href":"https:\/\/alamocostadelsol.com\/es\/wp-json\/wp\/v2\/dipi_cpt_category?post=18812784"}],"curies":[{"name":"wp","href":"https:\/\/api.w.org\/{rel}","templated":true}]}}