{"id":18812010,"date":"2025-06-04T14:59:01","date_gmt":"2025-06-04T12:59:01","guid":{"rendered":"https:\/\/alamocostadelsol.com\/guia-del-comprador"},"modified":"2025-06-09T13:57:47","modified_gmt":"2025-06-09T11:57:47","slug":"guia-del-comprador","status":"publish","type":"page","link":"https:\/\/alamocostadelsol.com\/es\/guia-del-comprador","title":{"rendered":"Gu\u00eda del Comprador"},"content":{"rendered":"<p>[et_pb_section fb_built=\u00bb1&#8243; _builder_version=\u00bb4.27.4&#8243; _module_preset=\u00bbdefault\u00bb global_colors_info=\u00bb{}\u00bb][et_pb_row _builder_version=\u00bb4.27.4&#8243; _module_preset=\u00bbdefault\u00bb global_colors_info=\u00bb{}\u00bb][et_pb_column type=\u00bb4_4&#8243; _builder_version=\u00bb4.27.4&#8243; _module_preset=\u00bbdefault\u00bb global_colors_info=\u00bb{}\u00bb][et_pb_image src=\u00bbhttps:\/\/alamocostadelsol.com\/wp-content\/uploads\/2025\/06\/2.png\u00bb title_text=\u00bb2&#8243; _builder_version=\u00bb4.27.4&#8243; _module_preset=\u00bbdefault\u00bb width_tablet=\u00bb\u00bb width_phone=\u00bb\u00bb width_last_edited=\u00bbon|desktop\u00bb max_width=\u00bb81%\u00bb module_alignment=\u00bbcenter\u00bb module_alignment_tablet=\u00bbcenter\u00bb module_alignment_phone=\u00bbcenter\u00bb module_alignment_last_edited=\u00bbon|desktop\u00bb global_colors_info=\u00bb{}\u00bb][\/et_pb_image][et_pb_contact_form use_spam_service=\u00bbon\u00bb recaptcha_list=\u00bbAlamo ReCap forms|Alamo ReCap forms-0&#8243; email=\u00bbcontact@alamocostadelsol.com\u00bb title=\u00bbObt\u00e9n la Gu\u00eda del Comprador Completa\u00bb custom_message=\u00bbUn nuevo usuario ha solicitado la Gu\u00eda del Comprador.||et_pb_line_break_holder||||et_pb_line_break_holder||Correo electr\u00f3nico: %%Email%%||et_pb_line_break_holder||\u00bb use_redirect=\u00bbon\u00bb redirect_url=\u00bbhttps:\/\/alamocostadelsol.com\/guide-download\u00bb success_message=\u00bb\u00a1Gracias por solicitar nuestra Gu\u00eda del Comprador!\u00bb submit_button_text=\u00bbDescargar ahora\u00bb _builder_version=\u00bb4.27.4&#8243; _module_preset=\u00bbdefault\u00bb _unique_id=\u00bba4d7076c-8199-4434-8e35-24332353c404&#8243; form_field_background_color=\u00bb#f9f9f9&#8243; title_level=\u00bbh2&#8243; title_font=\u00bbMarcellus|700|||||||\u00bb title_text_align=\u00bbcenter\u00bb title_line_height=\u00bb1.8em\u00bb form_field_font=\u00bbMarcellus|&#8211;et_global_body_font_weight|||||||\u00bb form_field_text_align=\u00bbleft\u00bb form_field_font_size=\u00bb16px\u00bb background_color=\u00bb#FFFFFF\u00bb custom_button=\u00bbon\u00bb button_text_color=\u00bb#FFFFFF\u00bb button_bg_color=\u00bb#003c58&#8243; button_border_width=\u00bb2px\u00bb button_border_radius=\u00bb25px\u00bb button_font=\u00bbMarcellus|700|||||||\u00bb button_use_icon=\u00bboff\u00bb button_custom_margin=\u00bb||||false|false\u00bb button_custom_padding=\u00bb||||false|false\u00bb width=\u00bb100%\u00bb width_tablet=\u00bb100%\u00bb width_phone=\u00bb102%\u00bb width_last_edited=\u00bbon|tablet\u00bb max_width=\u00bb46%\u00bb max_width_tablet=\u00bb62%\u00bb max_width_phone=\u00bb100%\u00bb max_width_last_edited=\u00bbon|phone\u00bb module_alignment=\u00bbcenter\u00bb height=\u00bb254px\u00bb custom_margin=\u00bb||-117px|||\u00bb custom_padding=\u00bb5%|5%|0%|5%|false|false\u00bb button_text_size_tablet=\u00bb\u00bb button_text_size_phone=\u00bb15px\u00bb button_text_size_last_edited=\u00bbon|desktop\u00bb border_radii=\u00bbon|25px|25px|25px|25px\u00bb global_colors_info=\u00bb{}\u00bb][et_pb_contact_field field_id=\u00bbEmail\u00bb field_title=\u00bbCorreo electr\u00f3nico\u00bb field_type=\u00bbemail\u00bb fullwidth_field=\u00bbon\u00bb _builder_version=\u00bb4.27.0&#8243; global_colors_info=\u00bb{}\u00bb button_text_size__hover_enabled=\u00bboff\u00bb button_one_text_size__hover_enabled=\u00bboff\u00bb button_two_text_size__hover_enabled=\u00bboff\u00bb button_text_color__hover_enabled=\u00bboff\u00bb button_one_text_color__hover_enabled=\u00bboff\u00bb button_two_text_color__hover_enabled=\u00bboff\u00bb button_border_width__hover_enabled=\u00bboff\u00bb button_one_border_width__hover_enabled=\u00bboff\u00bb button_two_border_width__hover_enabled=\u00bboff\u00bb button_border_color__hover_enabled=\u00bboff\u00bb button_one_border_color__hover_enabled=\u00bboff\u00bb button_two_border_color__hover_enabled=\u00bboff\u00bb button_border_radius__hover_enabled=\u00bboff\u00bb button_one_border_radius__hover_enabled=\u00bboff\u00bb button_two_border_radius__hover_enabled=\u00bboff\u00bb button_letter_spacing__hover_enabled=\u00bboff\u00bb button_one_letter_spacing__hover_enabled=\u00bboff\u00bb button_two_letter_spacing__hover_enabled=\u00bboff\u00bb button_bg_color__hover_enabled=\u00bboff\u00bb button_one_bg_color__hover_enabled=\u00bboff\u00bb button_two_bg_color__hover_enabled=\u00bboff\u00bb][\/et_pb_contact_field][\/et_pb_contact_form][\/et_pb_column][\/et_pb_row][et_pb_row _builder_version=\u00bb4.27.4&#8243; _module_preset=\u00bbdefault\u00bb][et_pb_column _builder_version=\u00bb4.27.4&#8243; _module_preset=\u00bbdefault\u00bb type=\u00bb4_4&#8243;][et_pb_text _builder_version=\u00bb4.27.4&#8243; _module_preset=\u00bbdefault\u00bb hover_enabled=\u00bb0&#8243; sticky_enabled=\u00bb0&#8243;]<\/p>\n<p><span>Comprar una casa o un apartamento en Espa\u00f1a no es complicado, pero es un poco diferente de lo que estamos acostumbrados en el Reino Unido. La compra de una propiedad tarda unas 6-8 semanas y todo se hace en espa\u00f1ol. Hay mucho que controlar, y nosotros te ayudamos en este proceso. Te recomendamos que contrates siempre a un abogado que te gu\u00ede tambi\u00e9n en el proceso legal.<\/span><\/p>\n<p><span><strong>1. VER Y PUJAR<\/strong><\/span><br \/><span>Despu\u00e9s de ver, pujar y negociar, el comprador y el vendedor acuerdan un precio de venta.<\/span><\/p>\n<p><span><strong>2. CONTRATO DE RESERVA<\/strong><\/span><br \/><span>(Contrato de Reserva)<\/span><br \/><span>Un documento sencillo que establezca el precio y las condiciones de pago, la fecha de firma de la escritura, si se incluyen muebles y si la compra est\u00e1 sujeta a hipoteca, visita, etc. Hay que pagar 6.000 euros como fianza. Este documento se firma en la oficina del agente o se env\u00eda por correo electr\u00f3nico al comprador, que lo firma y lo devuelve al agente.<\/span><\/p>\n<p><span><strong>3. EXAMEN JUR\u00cdDICO Y RECOPILACI\u00d3N DE LA DOCUMENTACI\u00d3N DEL INMUEBLE<\/strong><\/span><br \/><span>El procurador se pone en contacto con el representante legal del vendedor y re\u00fane toda la documentaci\u00f3n pertinente del inmueble y comprueba que todos los permisos y licencias municipales est\u00e9n en regla y que no haya deudas, hipotecas, gastos, inquilinos e impuestos pendientes del inmueble.<\/span><\/p>\n<p><span><strong>4. CONTRATO PRIVADO DE COMPRAVENTA<\/strong><\/span><br \/><span>(Contrato de Compraventa)<\/span><br \/><span>Una vez que el abogado ha investigado la propiedad y confirmado que todo est\u00e1 en orden, el comprador y el vendedor pueden firmar el contrato de compraventa. El contrato es muy detallado y contiene una descripci\u00f3n legal exhaustiva de la propia propiedad. Tambi\u00e9n incluye todos los datos personales del comprador y del vendedor, el precio de compra, el calendario de pagos, la fecha estimada de firma de la escritura y otras cl\u00e1usulas legales. En relaci\u00f3n con la firma del contrato, el comprador suele pagar el 10% del precio total de venta del inmueble.<\/span><\/p>\n<p><span><strong>5. T\u00cdTULO DE PROPIEDAD<\/strong><\/span><br \/><span>(Escritura de Compraventa)<\/span><br \/><span>En Espa\u00f1a, el \u00faltimo paso en la compra de una vivienda es ante notario. Es un acto formal y ambas partes, tanto compradores como vendedores, ya sea con sus abogados o los abogados por su cuenta con un poder de sus clientes, se re\u00fanen con el notario para firmar la escritura p\u00fablica. En el mismo acto, el comprador paga al vendedor el resto del precio de venta acordado y el vendedor entrega las llaves de la vivienda al comprador. A partir de ese momento, el comprador es el propietario leg\u00edtimo de la vivienda. La escritura p\u00fablica deben firmarla tres partes: el vendedor, el comprador y el notario.<\/span><\/p>\n<p><span><strong>6. REGISTRO DE LA COMPRA<\/strong><\/span><br \/><span>Pocos d\u00edas despu\u00e9s de firmar la escritura, se puede retirar del notario, tras lo cual se entrega al registro de la propiedad, que se encarga de que la vivienda quede oficialmente registrada a nombre del nuevo propietario. Ahora todos los costes, impuestos, tasas de transferencia y otros gastos legales est\u00e1n pagados. Tu abogado se asegurar\u00e1 de que todos los contratos, como los de agua, electricidad, comunidad de propietarios, etc., as\u00ed como los diversos impuestos relacionados con la propiedad, se transfieran al nuevo propietario y se paguen mediante domiciliaci\u00f3n bancaria en la cuenta del nuevo propietario.<\/span><\/p>\n<p>[\/et_pb_text][\/et_pb_column][\/et_pb_row][\/et_pb_section]<\/p>\n","protected":false},"excerpt":{"rendered":"<p>Comprar una casa o un apartamento en Espa\u00f1a no es complicado, pero es un poco diferente de lo que estamos acostumbrados en el Reino Unido. La compra de una propiedad tarda unas 6-8 semanas y todo se hace en espa\u00f1ol. Hay mucho que controlar, y nosotros te ayudamos en este proceso. Te recomendamos que contrates [&hellip;]<\/p>\n","protected":false},"author":3,"featured_media":0,"parent":0,"menu_order":0,"comment_status":"closed","ping_status":"closed","template":"","meta":{"_et_pb_use_builder":"on","_et_pb_old_content":"","_et_gb_content_width":"","footnotes":""},"dipi_cpt_category":[],"class_list":["post-18812010","page","type-page","status-publish","hentry"],"yoast_head":"<!-- This site is optimized with the Yoast SEO plugin v25.8 - https:\/\/yoast.com\/wordpress\/plugins\/seo\/ -->\n<title>Gu\u00eda del Comprador - Alamo - makes your dream come true at costa del sol<\/title>\n<meta name=\"robots\" content=\"index, follow, max-snippet:-1, max-image-preview:large, max-video-preview:-1\" \/>\n<link rel=\"canonical\" href=\"https:\/\/alamocostadelsol.com\/es\/guia-del-comprador\" \/>\n<meta property=\"og:locale\" content=\"es_ES\" \/>\n<meta property=\"og:type\" content=\"article\" \/>\n<meta property=\"og:title\" content=\"Gu\u00eda del Comprador - Alamo - makes your dream come true at costa del sol\" \/>\n<meta property=\"og:description\" content=\"Comprar una casa o un apartamento en Espa\u00f1a no es complicado, pero es un poco diferente de lo que estamos acostumbrados en el Reino Unido. La compra de una propiedad tarda unas 6-8 semanas y todo se hace en espa\u00f1ol. Hay mucho que controlar, y nosotros te ayudamos en este proceso. Te recomendamos que contrates [&hellip;]\" \/>\n<meta property=\"og:url\" content=\"https:\/\/alamocostadelsol.com\/es\/guia-del-comprador\" \/>\n<meta property=\"og:site_name\" content=\"Alamo - makes your dream come true at costa del sol\" \/>\n<meta property=\"article:publisher\" content=\"https:\/\/www.facebook.com\/alamocostadelsol\" \/>\n<meta property=\"article:modified_time\" content=\"2025-06-09T11:57:47+00:00\" \/>\n<meta name=\"twitter:card\" content=\"summary_large_image\" \/>\n<meta name=\"twitter:label1\" content=\"Tiempo de lectura\" \/>\n\t<meta name=\"twitter:data1\" content=\"5 minutos\" \/>\n<script type=\"application\/ld+json\" class=\"yoast-schema-graph\">{\"@context\":\"https:\/\/schema.org\",\"@graph\":[{\"@type\":\"WebPage\",\"@id\":\"https:\/\/alamocostadelsol.com\/es\/guia-del-comprador\",\"url\":\"https:\/\/alamocostadelsol.com\/es\/guia-del-comprador\",\"name\":\"Gu\u00eda del Comprador - Alamo - makes your dream come true at costa del sol\",\"isPartOf\":{\"@id\":\"https:\/\/alamocostadelsol.com\/es#website\"},\"datePublished\":\"2025-06-04T12:59:01+00:00\",\"dateModified\":\"2025-06-09T11:57:47+00:00\",\"breadcrumb\":{\"@id\":\"https:\/\/alamocostadelsol.com\/es\/guia-del-comprador#breadcrumb\"},\"inLanguage\":\"es\",\"potentialAction\":[{\"@type\":\"ReadAction\",\"target\":[\"https:\/\/alamocostadelsol.com\/es\/guia-del-comprador\"]}]},{\"@type\":\"BreadcrumbList\",\"@id\":\"https:\/\/alamocostadelsol.com\/es\/guia-del-comprador#breadcrumb\",\"itemListElement\":[{\"@type\":\"ListItem\",\"position\":1,\"name\":\"Home\",\"item\":\"https:\/\/alamocostadelsol.com\/es\"},{\"@type\":\"ListItem\",\"position\":2,\"name\":\"Gu\u00eda del Comprador\"}]},{\"@type\":\"WebSite\",\"@id\":\"https:\/\/alamocostadelsol.com\/es#website\",\"url\":\"https:\/\/alamocostadelsol.com\/es\",\"name\":\"Alamo - makes your dream come true at costa del sol\",\"description\":\"\",\"publisher\":{\"@id\":\"https:\/\/alamocostadelsol.com\/es#organization\"},\"potentialAction\":[{\"@type\":\"SearchAction\",\"target\":{\"@type\":\"EntryPoint\",\"urlTemplate\":\"https:\/\/alamocostadelsol.com\/es?s={search_term_string}\"},\"query-input\":{\"@type\":\"PropertyValueSpecification\",\"valueRequired\":true,\"valueName\":\"search_term_string\"}}],\"inLanguage\":\"es\"},{\"@type\":\"Organization\",\"@id\":\"https:\/\/alamocostadelsol.com\/es#organization\",\"name\":\"Alamo - makes your dream come true at costa del sol\",\"url\":\"https:\/\/alamocostadelsol.com\/es\",\"logo\":{\"@type\":\"ImageObject\",\"inLanguage\":\"es\",\"@id\":\"https:\/\/alamocostadelsol.com\/es#\/schema\/logo\/image\/\",\"url\":\"https:\/\/alamocostadelsol.com\/wp-content\/uploads\/2024\/05\/alamo-costa-del-sol-logotype.png\",\"contentUrl\":\"https:\/\/alamocostadelsol.com\/wp-content\/uploads\/2024\/05\/alamo-costa-del-sol-logotype.png\",\"width\":773,\"height\":170,\"caption\":\"Alamo - makes your dream come true at costa del sol\"},\"image\":{\"@id\":\"https:\/\/alamocostadelsol.com\/es#\/schema\/logo\/image\/\"},\"sameAs\":[\"https:\/\/www.facebook.com\/alamocostadelsol\",\"https:\/\/www.instagram.com\/alamocostadelsol\/\"]}]}<\/script>\n<!-- \/ Yoast SEO plugin. -->","yoast_head_json":{"title":"Gu\u00eda del Comprador - Alamo - makes your dream come true at costa del sol","robots":{"index":"index","follow":"follow","max-snippet":"max-snippet:-1","max-image-preview":"max-image-preview:large","max-video-preview":"max-video-preview:-1"},"canonical":"https:\/\/alamocostadelsol.com\/es\/guia-del-comprador","og_locale":"es_ES","og_type":"article","og_title":"Gu\u00eda del Comprador - Alamo - makes your dream come true at costa del sol","og_description":"Comprar una casa o un apartamento en Espa\u00f1a no es complicado, pero es un poco diferente de lo que estamos acostumbrados en el Reino Unido. La compra de una propiedad tarda unas 6-8 semanas y todo se hace en espa\u00f1ol. Hay mucho que controlar, y nosotros te ayudamos en este proceso. Te recomendamos que contrates [&hellip;]","og_url":"https:\/\/alamocostadelsol.com\/es\/guia-del-comprador","og_site_name":"Alamo - makes your dream come true at costa del sol","article_publisher":"https:\/\/www.facebook.com\/alamocostadelsol","article_modified_time":"2025-06-09T11:57:47+00:00","twitter_card":"summary_large_image","twitter_misc":{"Tiempo de lectura":"5 minutos"},"schema":{"@context":"https:\/\/schema.org","@graph":[{"@type":"WebPage","@id":"https:\/\/alamocostadelsol.com\/es\/guia-del-comprador","url":"https:\/\/alamocostadelsol.com\/es\/guia-del-comprador","name":"Gu\u00eda del Comprador - Alamo - makes your dream come true at costa del sol","isPartOf":{"@id":"https:\/\/alamocostadelsol.com\/es#website"},"datePublished":"2025-06-04T12:59:01+00:00","dateModified":"2025-06-09T11:57:47+00:00","breadcrumb":{"@id":"https:\/\/alamocostadelsol.com\/es\/guia-del-comprador#breadcrumb"},"inLanguage":"es","potentialAction":[{"@type":"ReadAction","target":["https:\/\/alamocostadelsol.com\/es\/guia-del-comprador"]}]},{"@type":"BreadcrumbList","@id":"https:\/\/alamocostadelsol.com\/es\/guia-del-comprador#breadcrumb","itemListElement":[{"@type":"ListItem","position":1,"name":"Home","item":"https:\/\/alamocostadelsol.com\/es"},{"@type":"ListItem","position":2,"name":"Gu\u00eda del Comprador"}]},{"@type":"WebSite","@id":"https:\/\/alamocostadelsol.com\/es#website","url":"https:\/\/alamocostadelsol.com\/es","name":"Alamo - makes your dream come true at costa del sol","description":"","publisher":{"@id":"https:\/\/alamocostadelsol.com\/es#organization"},"potentialAction":[{"@type":"SearchAction","target":{"@type":"EntryPoint","urlTemplate":"https:\/\/alamocostadelsol.com\/es?s={search_term_string}"},"query-input":{"@type":"PropertyValueSpecification","valueRequired":true,"valueName":"search_term_string"}}],"inLanguage":"es"},{"@type":"Organization","@id":"https:\/\/alamocostadelsol.com\/es#organization","name":"Alamo - makes your dream come true at costa del sol","url":"https:\/\/alamocostadelsol.com\/es","logo":{"@type":"ImageObject","inLanguage":"es","@id":"https:\/\/alamocostadelsol.com\/es#\/schema\/logo\/image\/","url":"https:\/\/alamocostadelsol.com\/wp-content\/uploads\/2024\/05\/alamo-costa-del-sol-logotype.png","contentUrl":"https:\/\/alamocostadelsol.com\/wp-content\/uploads\/2024\/05\/alamo-costa-del-sol-logotype.png","width":773,"height":170,"caption":"Alamo - makes your dream come true at costa del sol"},"image":{"@id":"https:\/\/alamocostadelsol.com\/es#\/schema\/logo\/image\/"},"sameAs":["https:\/\/www.facebook.com\/alamocostadelsol","https:\/\/www.instagram.com\/alamocostadelsol\/"]}]}},"_links":{"self":[{"href":"https:\/\/alamocostadelsol.com\/es\/wp-json\/wp\/v2\/pages\/18812010","targetHints":{"allow":["GET"]}}],"collection":[{"href":"https:\/\/alamocostadelsol.com\/es\/wp-json\/wp\/v2\/pages"}],"about":[{"href":"https:\/\/alamocostadelsol.com\/es\/wp-json\/wp\/v2\/types\/page"}],"author":[{"embeddable":true,"href":"https:\/\/alamocostadelsol.com\/es\/wp-json\/wp\/v2\/users\/3"}],"replies":[{"embeddable":true,"href":"https:\/\/alamocostadelsol.com\/es\/wp-json\/wp\/v2\/comments?post=18812010"}],"version-history":[{"count":4,"href":"https:\/\/alamocostadelsol.com\/es\/wp-json\/wp\/v2\/pages\/18812010\/revisions"}],"predecessor-version":[{"id":18812107,"href":"https:\/\/alamocostadelsol.com\/es\/wp-json\/wp\/v2\/pages\/18812010\/revisions\/18812107"}],"wp:attachment":[{"href":"https:\/\/alamocostadelsol.com\/es\/wp-json\/wp\/v2\/media?parent=18812010"}],"wp:term":[{"taxonomy":"dipi_cpt_category","embeddable":true,"href":"https:\/\/alamocostadelsol.com\/es\/wp-json\/wp\/v2\/dipi_cpt_category?post=18812010"}],"curies":[{"name":"wp","href":"https:\/\/api.w.org\/{rel}","templated":true}]}}