{"id":18811819,"date":"2024-06-10T19:33:00","date_gmt":"2024-06-10T17:33:00","guid":{"rendered":"https:\/\/alamocostadelsol.com\/sobre-alamo\/henriette-markwordt"},"modified":"2026-01-27T11:20:46","modified_gmt":"2026-01-27T10:20:46","slug":"henriette-markwordt","status":"publish","type":"page","link":"https:\/\/alamocostadelsol.com\/es\/sobre-alamo\/henriette-markwordt","title":{"rendered":"Henriette Markwordt"},"content":{"rendered":"<p>[et_pb_section fb_built=\u00bb1&#8243; _builder_version=\u00bb4.25.1&#8243; _module_preset=\u00bbdefault\u00bb global_colors_info=\u00bb{}\u00bb][et_pb_row column_structure=\u00bb1_3,2_3&#8243; _builder_version=\u00bb4.25.1&#8243; _module_preset=\u00bbdefault\u00bb width=\u00bb90%\u00bb max_width=\u00bb100%\u00bb global_colors_info=\u00bb{}\u00bb][et_pb_column type=\u00bb1_3&#8243; _builder_version=\u00bb4.25.1&#8243; _module_preset=\u00bbdefault\u00bb global_colors_info=\u00bb{}\u00bb][et_pb_image src=\u00bbhttps:\/\/alamocostadelsol.com\/wp-content\/uploads\/2025\/05\/new-size.jpeg\u00bb alt=\u00bbLuciano Di Carlo. Socio Alamo \u00bb title_text=\u00bbHenriette Markwordt\u00bb align=\u00bbright\u00bb _builder_version=\u00bb4.27.4&#8243; _module_preset=\u00bbdefault\u00bb width=\u00bb80%\u00bb global_colors_info=\u00bb{}\u00bb][\/et_pb_image][\/et_pb_column][et_pb_column type=\u00bb2_3&#8243; _builder_version=\u00bb4.25.1&#8243; _module_preset=\u00bbdefault\u00bb global_colors_info=\u00bb{}\u00bb][et_pb_text _builder_version=\u00bb4.25.2&#8243; _module_preset=\u00bbdefault\u00bb text_font=\u00bbMarcellus||||||||\u00bb text_font_size=\u00bb16px\u00bb header_font=\u00bbMarcellus|700|||||||\u00bb header_font_size=\u00bb36px\u00bb header_2_font=\u00bbMarcellus||||||||\u00bb header_2_font_size=\u00bb22px\u00bb global_colors_info=\u00bb{}\u00bb]<\/p>\n<h1><a class=\"block font-medium text-lg\">Henriette Markwordt<\/a><\/h1>\n<h2>Asistente Administrativo<\/h2>\n<p><span><\/span><\/p>\n<p>Originaria de Alemania, llevo viviendo en Espa\u00f1a 10 a\u00f1os y he establecido firmemente mis ra\u00edces en la Costa del Sol.<\/p>\n<p>Como Asistente Administrativa en Alamo Costa del Sol Real Estate, aplico plenamente mis fortalezas en multitarea y talento organizativo.<br data-start=\"400\" data-end=\"403\">Mi multiling\u00fcismo \u2013 fluido en alem\u00e1n, ingl\u00e9s y espa\u00f1ol \u2013 me permite ofrecer el mejor servicio posible a nuestros clientes internacionales.<br data-start=\"542\" data-end=\"545\">En la oficina, soy el punto central de contacto y siempre disponible, ya sea por tel\u00e9fono, correo electr\u00f3nico o en persona. Apoyo a nuestros agentes en asuntos administrativos, asegur\u00e1ndome de que puedan centrarse plenamente en sus clientes. <\/p>\n<p>Mi lema: No hay nada que no pueda aprender. Veo cada nuevo reto como una oportunidad para crecer y volverme a\u00fan m\u00e1s vers\u00e1til.<br data-start=\"880\" data-end=\"883\">En Alamo, he encontrado el entorno ideal para aprovechar al m\u00e1ximo mis habilidades organizativas y experiencia internacional, y para seguir aprendiendo cada d\u00eda. <\/p>\n<p>[\/et_pb_text][\/et_pb_column][\/et_pb_row][et_pb_row _builder_version=\u00bb4.27.0&#8243; _module_preset=\u00bbdefault\u00bb global_colors_info=\u00bb{}\u00bb][et_pb_column type=\u00bb4_4&#8243; _builder_version=\u00bb4.27.0&#8243; _module_preset=\u00bbdefault\u00bb global_colors_info=\u00bb{}\u00bb][et_pb_post_nav show_next=\u00bboff\u00bb _builder_version=\u00bb4.27.0&#8243; _module_preset=\u00bbdefault\u00bb global_colors_info=\u00bb{}\u00bb][\/et_pb_post_nav][\/et_pb_column][\/et_pb_row][\/et_pb_section]<\/p>\n","protected":false},"excerpt":{"rendered":"<p>Henriette Markwordt Asistente Administrativo Originaria de Alemania, llevo viviendo en Espa\u00f1a 10 a\u00f1os y he establecido firmemente mis ra\u00edces en la Costa del Sol. Como Asistente Administrativa en Alamo Costa del Sol Real Estate, aplico plenamente mis fortalezas en multitarea y talento organizativo.Mi multiling\u00fcismo \u2013 fluido en alem\u00e1n, ingl\u00e9s y espa\u00f1ol \u2013 me permite ofrecer [&hellip;]<\/p>\n","protected":false},"author":3,"featured_media":0,"parent":476,"menu_order":0,"comment_status":"closed","ping_status":"closed","template":"","meta":{"_et_pb_use_builder":"on","_et_pb_old_content":"","_et_gb_content_width":"","footnotes":""},"dipi_cpt_category":[],"class_list":["post-18811819","page","type-page","status-publish","hentry"],"yoast_head":"<!-- This site is optimized with the Yoast SEO plugin v25.8 - https:\/\/yoast.com\/wordpress\/plugins\/seo\/ -->\n<title>Henriette Markwordt | Asistente administrativo en \u00c1lamo Costa del Sol<\/title>\n<meta name=\"description\" content=\"Henriette Markwordt es asistente administrativa en Alamo Costa del Sol, apoyando a clientes y agentes con coordinaci\u00f3n, documentaci\u00f3n y operaciones diarias.\" \/>\n<meta name=\"robots\" content=\"index, follow, max-snippet:-1, max-image-preview:large, max-video-preview:-1\" \/>\n<link rel=\"canonical\" href=\"https:\/\/alamocostadelsol.com\/es\/sobre-alamo\/henriette-markwordt\" \/>\n<meta property=\"og:locale\" content=\"es_ES\" \/>\n<meta property=\"og:type\" content=\"article\" \/>\n<meta property=\"og:title\" content=\"Henriette Markwordt | Asistente administrativo en \u00c1lamo Costa del Sol\" \/>\n<meta property=\"og:description\" content=\"Henriette Markwordt es asistente administrativa en Alamo Costa del Sol, apoyando a clientes y agentes con coordinaci\u00f3n, documentaci\u00f3n y operaciones diarias.\" \/>\n<meta property=\"og:url\" content=\"https:\/\/alamocostadelsol.com\/es\/sobre-alamo\/henriette-markwordt\" \/>\n<meta property=\"og:site_name\" content=\"Alamo - makes your dream come true at costa del sol\" \/>\n<meta property=\"article:publisher\" content=\"https:\/\/www.facebook.com\/alamocostadelsol\" \/>\n<meta property=\"article:modified_time\" content=\"2026-01-27T10:20:46+00:00\" \/>\n<meta name=\"twitter:card\" content=\"summary_large_image\" \/>\n<meta name=\"twitter:label1\" content=\"Tiempo de lectura\" \/>\n\t<meta name=\"twitter:data1\" content=\"2 minutos\" \/>\n<script type=\"application\/ld+json\" class=\"yoast-schema-graph\">{\"@context\":\"https:\/\/schema.org\",\"@graph\":[{\"@type\":\"WebPage\",\"@id\":\"https:\/\/alamocostadelsol.com\/es\/sobre-alamo\/henriette-markwordt\",\"url\":\"https:\/\/alamocostadelsol.com\/es\/sobre-alamo\/henriette-markwordt\",\"name\":\"Henriette Markwordt | Asistente administrativo en \u00c1lamo Costa del Sol\",\"isPartOf\":{\"@id\":\"https:\/\/alamocostadelsol.com\/es#website\"},\"datePublished\":\"2024-06-10T17:33:00+00:00\",\"dateModified\":\"2026-01-27T10:20:46+00:00\",\"description\":\"Henriette Markwordt es asistente administrativa en Alamo Costa del Sol, apoyando a clientes y agentes con coordinaci\u00f3n, documentaci\u00f3n y operaciones diarias.\",\"breadcrumb\":{\"@id\":\"https:\/\/alamocostadelsol.com\/es\/sobre-alamo\/henriette-markwordt#breadcrumb\"},\"inLanguage\":\"es\",\"potentialAction\":[{\"@type\":\"ReadAction\",\"target\":[\"https:\/\/alamocostadelsol.com\/es\/sobre-alamo\/henriette-markwordt\"]}]},{\"@type\":\"BreadcrumbList\",\"@id\":\"https:\/\/alamocostadelsol.com\/es\/sobre-alamo\/henriette-markwordt#breadcrumb\",\"itemListElement\":[{\"@type\":\"ListItem\",\"position\":1,\"name\":\"Home\",\"item\":\"https:\/\/alamocostadelsol.com\/es\"},{\"@type\":\"ListItem\",\"position\":2,\"name\":\"Sobre Alamo\",\"item\":\"https:\/\/alamocostadelsol.com\/es\/sobre-alamo\"},{\"@type\":\"ListItem\",\"position\":3,\"name\":\"Henriette Markwordt\"}]},{\"@type\":\"WebSite\",\"@id\":\"https:\/\/alamocostadelsol.com\/es#website\",\"url\":\"https:\/\/alamocostadelsol.com\/es\",\"name\":\"Alamo - makes your dream come true at costa del sol\",\"description\":\"\",\"publisher\":{\"@id\":\"https:\/\/alamocostadelsol.com\/es#organization\"},\"potentialAction\":[{\"@type\":\"SearchAction\",\"target\":{\"@type\":\"EntryPoint\",\"urlTemplate\":\"https:\/\/alamocostadelsol.com\/es?s={search_term_string}\"},\"query-input\":{\"@type\":\"PropertyValueSpecification\",\"valueRequired\":true,\"valueName\":\"search_term_string\"}}],\"inLanguage\":\"es\"},{\"@type\":\"Organization\",\"@id\":\"https:\/\/alamocostadelsol.com\/es#organization\",\"name\":\"Alamo - makes your dream come true at costa del sol\",\"url\":\"https:\/\/alamocostadelsol.com\/es\",\"logo\":{\"@type\":\"ImageObject\",\"inLanguage\":\"es\",\"@id\":\"https:\/\/alamocostadelsol.com\/es#\/schema\/logo\/image\/\",\"url\":\"https:\/\/alamocostadelsol.com\/wp-content\/uploads\/2024\/05\/alamo-costa-del-sol-logotype.png\",\"contentUrl\":\"https:\/\/alamocostadelsol.com\/wp-content\/uploads\/2024\/05\/alamo-costa-del-sol-logotype.png\",\"width\":773,\"height\":170,\"caption\":\"Alamo - makes your dream come true at costa del sol\"},\"image\":{\"@id\":\"https:\/\/alamocostadelsol.com\/es#\/schema\/logo\/image\/\"},\"sameAs\":[\"https:\/\/www.facebook.com\/alamocostadelsol\",\"https:\/\/www.instagram.com\/alamocostadelsol\/\"]}]}<\/script>\n<!-- \/ Yoast SEO plugin. -->","yoast_head_json":{"title":"Henriette Markwordt | Asistente administrativo en \u00c1lamo Costa del Sol","description":"Henriette Markwordt es asistente administrativa en Alamo Costa del Sol, apoyando a clientes y agentes con coordinaci\u00f3n, documentaci\u00f3n y operaciones diarias.","robots":{"index":"index","follow":"follow","max-snippet":"max-snippet:-1","max-image-preview":"max-image-preview:large","max-video-preview":"max-video-preview:-1"},"canonical":"https:\/\/alamocostadelsol.com\/es\/sobre-alamo\/henriette-markwordt","og_locale":"es_ES","og_type":"article","og_title":"Henriette Markwordt | Asistente administrativo en \u00c1lamo Costa del Sol","og_description":"Henriette Markwordt es asistente administrativa en Alamo Costa del Sol, apoyando a clientes y agentes con coordinaci\u00f3n, documentaci\u00f3n y operaciones diarias.","og_url":"https:\/\/alamocostadelsol.com\/es\/sobre-alamo\/henriette-markwordt","og_site_name":"Alamo - makes your dream come true at costa del sol","article_publisher":"https:\/\/www.facebook.com\/alamocostadelsol","article_modified_time":"2026-01-27T10:20:46+00:00","twitter_card":"summary_large_image","twitter_misc":{"Tiempo de lectura":"2 minutos"},"schema":{"@context":"https:\/\/schema.org","@graph":[{"@type":"WebPage","@id":"https:\/\/alamocostadelsol.com\/es\/sobre-alamo\/henriette-markwordt","url":"https:\/\/alamocostadelsol.com\/es\/sobre-alamo\/henriette-markwordt","name":"Henriette Markwordt | Asistente administrativo en \u00c1lamo Costa del Sol","isPartOf":{"@id":"https:\/\/alamocostadelsol.com\/es#website"},"datePublished":"2024-06-10T17:33:00+00:00","dateModified":"2026-01-27T10:20:46+00:00","description":"Henriette Markwordt es asistente administrativa en Alamo Costa del Sol, apoyando a clientes y agentes con coordinaci\u00f3n, documentaci\u00f3n y operaciones diarias.","breadcrumb":{"@id":"https:\/\/alamocostadelsol.com\/es\/sobre-alamo\/henriette-markwordt#breadcrumb"},"inLanguage":"es","potentialAction":[{"@type":"ReadAction","target":["https:\/\/alamocostadelsol.com\/es\/sobre-alamo\/henriette-markwordt"]}]},{"@type":"BreadcrumbList","@id":"https:\/\/alamocostadelsol.com\/es\/sobre-alamo\/henriette-markwordt#breadcrumb","itemListElement":[{"@type":"ListItem","position":1,"name":"Home","item":"https:\/\/alamocostadelsol.com\/es"},{"@type":"ListItem","position":2,"name":"Sobre Alamo","item":"https:\/\/alamocostadelsol.com\/es\/sobre-alamo"},{"@type":"ListItem","position":3,"name":"Henriette Markwordt"}]},{"@type":"WebSite","@id":"https:\/\/alamocostadelsol.com\/es#website","url":"https:\/\/alamocostadelsol.com\/es","name":"Alamo - makes your dream come true at costa del sol","description":"","publisher":{"@id":"https:\/\/alamocostadelsol.com\/es#organization"},"potentialAction":[{"@type":"SearchAction","target":{"@type":"EntryPoint","urlTemplate":"https:\/\/alamocostadelsol.com\/es?s={search_term_string}"},"query-input":{"@type":"PropertyValueSpecification","valueRequired":true,"valueName":"search_term_string"}}],"inLanguage":"es"},{"@type":"Organization","@id":"https:\/\/alamocostadelsol.com\/es#organization","name":"Alamo - makes your dream come true at costa del sol","url":"https:\/\/alamocostadelsol.com\/es","logo":{"@type":"ImageObject","inLanguage":"es","@id":"https:\/\/alamocostadelsol.com\/es#\/schema\/logo\/image\/","url":"https:\/\/alamocostadelsol.com\/wp-content\/uploads\/2024\/05\/alamo-costa-del-sol-logotype.png","contentUrl":"https:\/\/alamocostadelsol.com\/wp-content\/uploads\/2024\/05\/alamo-costa-del-sol-logotype.png","width":773,"height":170,"caption":"Alamo - makes your dream come true at costa del sol"},"image":{"@id":"https:\/\/alamocostadelsol.com\/es#\/schema\/logo\/image\/"},"sameAs":["https:\/\/www.facebook.com\/alamocostadelsol","https:\/\/www.instagram.com\/alamocostadelsol\/"]}]}},"_links":{"self":[{"href":"https:\/\/alamocostadelsol.com\/es\/wp-json\/wp\/v2\/pages\/18811819","targetHints":{"allow":["GET"]}}],"collection":[{"href":"https:\/\/alamocostadelsol.com\/es\/wp-json\/wp\/v2\/pages"}],"about":[{"href":"https:\/\/alamocostadelsol.com\/es\/wp-json\/wp\/v2\/types\/page"}],"author":[{"embeddable":true,"href":"https:\/\/alamocostadelsol.com\/es\/wp-json\/wp\/v2\/users\/3"}],"replies":[{"embeddable":true,"href":"https:\/\/alamocostadelsol.com\/es\/wp-json\/wp\/v2\/comments?post=18811819"}],"version-history":[{"count":12,"href":"https:\/\/alamocostadelsol.com\/es\/wp-json\/wp\/v2\/pages\/18811819\/revisions"}],"predecessor-version":[{"id":18815583,"href":"https:\/\/alamocostadelsol.com\/es\/wp-json\/wp\/v2\/pages\/18811819\/revisions\/18815583"}],"up":[{"embeddable":true,"href":"https:\/\/alamocostadelsol.com\/es\/wp-json\/wp\/v2\/pages\/476"}],"wp:attachment":[{"href":"https:\/\/alamocostadelsol.com\/es\/wp-json\/wp\/v2\/media?parent=18811819"}],"wp:term":[{"taxonomy":"dipi_cpt_category","embeddable":true,"href":"https:\/\/alamocostadelsol.com\/es\/wp-json\/wp\/v2\/dipi_cpt_category?post=18811819"}],"curies":[{"name":"wp","href":"https:\/\/api.w.org\/{rel}","templated":true}]}}