{"id":18811663,"date":"2025-04-08T15:47:13","date_gmt":"2025-04-08T13:47:13","guid":{"rendered":"https:\/\/alamocostadelsol.com\/guia-de-la-zona\/san-pedro-de-alcantara"},"modified":"2026-01-13T16:20:55","modified_gmt":"2026-01-13T15:20:55","slug":"san-pedro-de-alcantara","status":"publish","type":"page","link":"https:\/\/alamocostadelsol.com\/es\/guia-de-la-zona\/san-pedro-de-alcantara","title":{"rendered":"San Pedro de Alc\u00e1ntara"},"content":{"rendered":"<p>[et_pb_section fb_built=\u00bb1&#8243; _builder_version=\u00bb4.27.0&#8243; _module_preset=\u00bbdefault\u00bb global_colors_info=\u00bb{}\u00bb theme_builder_area=\u00bbpost_content\u00bb][et_pb_row _builder_version=\u00bb4.27.0&#8243; _module_preset=\u00bbdefault\u00bb global_colors_info=\u00bb{}\u00bb theme_builder_area=\u00bbpost_content\u00bb][et_pb_column type=\u00bb4_4&#8243; _builder_version=\u00bb4.27.0&#8243; _module_preset=\u00bbdefault\u00bb global_colors_info=\u00bb{}\u00bb theme_builder_area=\u00bbpost_content\u00bb][et_pb_heading title=\u00bbSan Pedro de Alc\u00e1ntara\u00bb _builder_version=\u00bb4.27.0&#8243; _module_preset=\u00bbdefault\u00bb hover_enabled=\u00bb0&#8243; global_colors_info=\u00bb{}\u00bb theme_builder_area=\u00bbpost_content\u00bb sticky_enabled=\u00bb0&#8243;][\/et_pb_heading][\/et_pb_column][\/et_pb_row][\/et_pb_section]<\/p>\n","protected":false},"excerpt":{"rendered":"","protected":false},"author":3,"featured_media":0,"parent":474,"menu_order":0,"comment_status":"closed","ping_status":"closed","template":"","meta":{"_et_pb_use_builder":"on","_et_pb_old_content":"","_et_gb_content_width":"","footnotes":""},"dipi_cpt_category":[],"class_list":["post-18811663","page","type-page","status-publish","hentry"],"yoast_head":"<!-- This site is optimized with the Yoast SEO plugin v25.8 - https:\/\/yoast.com\/wordpress\/plugins\/seo\/ -->\n<title>Gu\u00eda San Pedro de Alc\u00e1ntara \u2013 Playas, Paseo y Estilo de Vida<\/title>\n<meta name=\"description\" content=\"Descubre las playas de San Pedro de Alc\u00e1ntara, el paseo mar\u00edtimo, la gastronom\u00eda y el estilo de vida relajado. Una gu\u00eda completa de este pac\u00edfico pueblo costero.\" \/>\n<meta name=\"robots\" content=\"index, follow, max-snippet:-1, max-image-preview:large, max-video-preview:-1\" \/>\n<link rel=\"canonical\" href=\"https:\/\/alamocostadelsol.com\/es\/guia-de-la-zona\/san-pedro-de-alcantara\" \/>\n<meta property=\"og:locale\" content=\"es_ES\" \/>\n<meta property=\"og:type\" content=\"article\" \/>\n<meta property=\"og:title\" content=\"Gu\u00eda San Pedro de Alc\u00e1ntara \u2013 Playas, Paseo y Estilo de Vida\" \/>\n<meta property=\"og:description\" content=\"Descubre las playas de San Pedro de Alc\u00e1ntara, el paseo mar\u00edtimo, la gastronom\u00eda y el estilo de vida relajado. Una gu\u00eda completa de este pac\u00edfico pueblo costero.\" \/>\n<meta property=\"og:url\" content=\"https:\/\/alamocostadelsol.com\/es\/guia-de-la-zona\/san-pedro-de-alcantara\" \/>\n<meta property=\"og:site_name\" content=\"Alamo - makes your dream come true at costa del sol\" \/>\n<meta property=\"article:publisher\" content=\"https:\/\/www.facebook.com\/alamocostadelsol\" \/>\n<meta property=\"article:modified_time\" content=\"2026-01-13T15:20:55+00:00\" \/>\n<meta name=\"twitter:card\" content=\"summary_large_image\" \/>\n<script type=\"application\/ld+json\" class=\"yoast-schema-graph\">{\"@context\":\"https:\/\/schema.org\",\"@graph\":[{\"@type\":\"WebPage\",\"@id\":\"https:\/\/alamocostadelsol.com\/es\/guia-de-la-zona\/san-pedro-de-alcantara\",\"url\":\"https:\/\/alamocostadelsol.com\/es\/guia-de-la-zona\/san-pedro-de-alcantara\",\"name\":\"Gu\u00eda San Pedro de Alc\u00e1ntara \u2013 Playas, Paseo y Estilo de Vida\",\"isPartOf\":{\"@id\":\"https:\/\/alamocostadelsol.com\/es#website\"},\"datePublished\":\"2025-04-08T13:47:13+00:00\",\"dateModified\":\"2026-01-13T15:20:55+00:00\",\"description\":\"Descubre las playas de San Pedro de Alc\u00e1ntara, el paseo mar\u00edtimo, la gastronom\u00eda y el estilo de vida relajado. Una gu\u00eda completa de este pac\u00edfico pueblo costero.\",\"breadcrumb\":{\"@id\":\"https:\/\/alamocostadelsol.com\/es\/guia-de-la-zona\/san-pedro-de-alcantara#breadcrumb\"},\"inLanguage\":\"es\",\"potentialAction\":[{\"@type\":\"ReadAction\",\"target\":[\"https:\/\/alamocostadelsol.com\/es\/guia-de-la-zona\/san-pedro-de-alcantara\"]}]},{\"@type\":\"BreadcrumbList\",\"@id\":\"https:\/\/alamocostadelsol.com\/es\/guia-de-la-zona\/san-pedro-de-alcantara#breadcrumb\",\"itemListElement\":[{\"@type\":\"ListItem\",\"position\":1,\"name\":\"Home\",\"item\":\"https:\/\/alamocostadelsol.com\/es\"},{\"@type\":\"ListItem\",\"position\":2,\"name\":\"Gu\u00eda de \u00c1rea\",\"item\":\"https:\/\/alamocostadelsol.com\/es\/guia-de-la-zona\"},{\"@type\":\"ListItem\",\"position\":3,\"name\":\"San Pedro de Alc\u00e1ntara\"}]},{\"@type\":\"WebSite\",\"@id\":\"https:\/\/alamocostadelsol.com\/es#website\",\"url\":\"https:\/\/alamocostadelsol.com\/es\",\"name\":\"Alamo - makes your dream come true at costa del sol\",\"description\":\"\",\"publisher\":{\"@id\":\"https:\/\/alamocostadelsol.com\/es#organization\"},\"potentialAction\":[{\"@type\":\"SearchAction\",\"target\":{\"@type\":\"EntryPoint\",\"urlTemplate\":\"https:\/\/alamocostadelsol.com\/es?s={search_term_string}\"},\"query-input\":{\"@type\":\"PropertyValueSpecification\",\"valueRequired\":true,\"valueName\":\"search_term_string\"}}],\"inLanguage\":\"es\"},{\"@type\":\"Organization\",\"@id\":\"https:\/\/alamocostadelsol.com\/es#organization\",\"name\":\"Alamo - makes your dream come true at costa del sol\",\"url\":\"https:\/\/alamocostadelsol.com\/es\",\"logo\":{\"@type\":\"ImageObject\",\"inLanguage\":\"es\",\"@id\":\"https:\/\/alamocostadelsol.com\/es#\/schema\/logo\/image\/\",\"url\":\"https:\/\/alamocostadelsol.com\/wp-content\/uploads\/2024\/05\/alamo-costa-del-sol-logotype.png\",\"contentUrl\":\"https:\/\/alamocostadelsol.com\/wp-content\/uploads\/2024\/05\/alamo-costa-del-sol-logotype.png\",\"width\":773,\"height\":170,\"caption\":\"Alamo - makes your dream come true at costa del sol\"},\"image\":{\"@id\":\"https:\/\/alamocostadelsol.com\/es#\/schema\/logo\/image\/\"},\"sameAs\":[\"https:\/\/www.facebook.com\/alamocostadelsol\",\"https:\/\/www.instagram.com\/alamocostadelsol\/\"]}]}<\/script>\n<!-- \/ Yoast SEO plugin. -->","yoast_head_json":{"title":"Gu\u00eda San Pedro de Alc\u00e1ntara \u2013 Playas, Paseo y Estilo de Vida","description":"Descubre las playas de San Pedro de Alc\u00e1ntara, el paseo mar\u00edtimo, la gastronom\u00eda y el estilo de vida relajado. Una gu\u00eda completa de este pac\u00edfico pueblo costero.","robots":{"index":"index","follow":"follow","max-snippet":"max-snippet:-1","max-image-preview":"max-image-preview:large","max-video-preview":"max-video-preview:-1"},"canonical":"https:\/\/alamocostadelsol.com\/es\/guia-de-la-zona\/san-pedro-de-alcantara","og_locale":"es_ES","og_type":"article","og_title":"Gu\u00eda San Pedro de Alc\u00e1ntara \u2013 Playas, Paseo y Estilo de Vida","og_description":"Descubre las playas de San Pedro de Alc\u00e1ntara, el paseo mar\u00edtimo, la gastronom\u00eda y el estilo de vida relajado. Una gu\u00eda completa de este pac\u00edfico pueblo costero.","og_url":"https:\/\/alamocostadelsol.com\/es\/guia-de-la-zona\/san-pedro-de-alcantara","og_site_name":"Alamo - makes your dream come true at costa del sol","article_publisher":"https:\/\/www.facebook.com\/alamocostadelsol","article_modified_time":"2026-01-13T15:20:55+00:00","twitter_card":"summary_large_image","schema":{"@context":"https:\/\/schema.org","@graph":[{"@type":"WebPage","@id":"https:\/\/alamocostadelsol.com\/es\/guia-de-la-zona\/san-pedro-de-alcantara","url":"https:\/\/alamocostadelsol.com\/es\/guia-de-la-zona\/san-pedro-de-alcantara","name":"Gu\u00eda San Pedro de Alc\u00e1ntara \u2013 Playas, Paseo y Estilo de Vida","isPartOf":{"@id":"https:\/\/alamocostadelsol.com\/es#website"},"datePublished":"2025-04-08T13:47:13+00:00","dateModified":"2026-01-13T15:20:55+00:00","description":"Descubre las playas de San Pedro de Alc\u00e1ntara, el paseo mar\u00edtimo, la gastronom\u00eda y el estilo de vida relajado. Una gu\u00eda completa de este pac\u00edfico pueblo costero.","breadcrumb":{"@id":"https:\/\/alamocostadelsol.com\/es\/guia-de-la-zona\/san-pedro-de-alcantara#breadcrumb"},"inLanguage":"es","potentialAction":[{"@type":"ReadAction","target":["https:\/\/alamocostadelsol.com\/es\/guia-de-la-zona\/san-pedro-de-alcantara"]}]},{"@type":"BreadcrumbList","@id":"https:\/\/alamocostadelsol.com\/es\/guia-de-la-zona\/san-pedro-de-alcantara#breadcrumb","itemListElement":[{"@type":"ListItem","position":1,"name":"Home","item":"https:\/\/alamocostadelsol.com\/es"},{"@type":"ListItem","position":2,"name":"Gu\u00eda de \u00c1rea","item":"https:\/\/alamocostadelsol.com\/es\/guia-de-la-zona"},{"@type":"ListItem","position":3,"name":"San Pedro de Alc\u00e1ntara"}]},{"@type":"WebSite","@id":"https:\/\/alamocostadelsol.com\/es#website","url":"https:\/\/alamocostadelsol.com\/es","name":"Alamo - makes your dream come true at costa del sol","description":"","publisher":{"@id":"https:\/\/alamocostadelsol.com\/es#organization"},"potentialAction":[{"@type":"SearchAction","target":{"@type":"EntryPoint","urlTemplate":"https:\/\/alamocostadelsol.com\/es?s={search_term_string}"},"query-input":{"@type":"PropertyValueSpecification","valueRequired":true,"valueName":"search_term_string"}}],"inLanguage":"es"},{"@type":"Organization","@id":"https:\/\/alamocostadelsol.com\/es#organization","name":"Alamo - makes your dream come true at costa del sol","url":"https:\/\/alamocostadelsol.com\/es","logo":{"@type":"ImageObject","inLanguage":"es","@id":"https:\/\/alamocostadelsol.com\/es#\/schema\/logo\/image\/","url":"https:\/\/alamocostadelsol.com\/wp-content\/uploads\/2024\/05\/alamo-costa-del-sol-logotype.png","contentUrl":"https:\/\/alamocostadelsol.com\/wp-content\/uploads\/2024\/05\/alamo-costa-del-sol-logotype.png","width":773,"height":170,"caption":"Alamo - makes your dream come true at costa del sol"},"image":{"@id":"https:\/\/alamocostadelsol.com\/es#\/schema\/logo\/image\/"},"sameAs":["https:\/\/www.facebook.com\/alamocostadelsol","https:\/\/www.instagram.com\/alamocostadelsol\/"]}]}},"_links":{"self":[{"href":"https:\/\/alamocostadelsol.com\/es\/wp-json\/wp\/v2\/pages\/18811663","targetHints":{"allow":["GET"]}}],"collection":[{"href":"https:\/\/alamocostadelsol.com\/es\/wp-json\/wp\/v2\/pages"}],"about":[{"href":"https:\/\/alamocostadelsol.com\/es\/wp-json\/wp\/v2\/types\/page"}],"author":[{"embeddable":true,"href":"https:\/\/alamocostadelsol.com\/es\/wp-json\/wp\/v2\/users\/3"}],"replies":[{"embeddable":true,"href":"https:\/\/alamocostadelsol.com\/es\/wp-json\/wp\/v2\/comments?post=18811663"}],"version-history":[{"count":14,"href":"https:\/\/alamocostadelsol.com\/es\/wp-json\/wp\/v2\/pages\/18811663\/revisions"}],"predecessor-version":[{"id":18815453,"href":"https:\/\/alamocostadelsol.com\/es\/wp-json\/wp\/v2\/pages\/18811663\/revisions\/18815453"}],"up":[{"embeddable":true,"href":"https:\/\/alamocostadelsol.com\/es\/wp-json\/wp\/v2\/pages\/474"}],"wp:attachment":[{"href":"https:\/\/alamocostadelsol.com\/es\/wp-json\/wp\/v2\/media?parent=18811663"}],"wp:term":[{"taxonomy":"dipi_cpt_category","embeddable":true,"href":"https:\/\/alamocostadelsol.com\/es\/wp-json\/wp\/v2\/dipi_cpt_category?post=18811663"}],"curies":[{"name":"wp","href":"https:\/\/api.w.org\/{rel}","templated":true}]}}