{"id":1036,"date":"2024-06-10T18:07:39","date_gmt":"2024-06-10T16:07:39","guid":{"rendered":"https:\/\/alamocostadelsol.com\/sobre-alamo\/per-lindqvist"},"modified":"2026-01-12T16:43:27","modified_gmt":"2026-01-12T15:43:27","slug":"per-lindqvist","status":"publish","type":"page","link":"https:\/\/alamocostadelsol.com\/es\/sobre-alamo\/per-lindqvist","title":{"rendered":"Per Lindqvist"},"content":{"rendered":"<p>[et_pb_section fb_built=\u00bb1&#8243; _builder_version=\u00bb4.25.1&#8243; _module_preset=\u00bbdefault\u00bb global_colors_info=\u00bb{}\u00bb][et_pb_row column_structure=\u00bb1_3,2_3&#8243; _builder_version=\u00bb4.25.1&#8243; _module_preset=\u00bbdefault\u00bb width=\u00bb90%\u00bb max_width=\u00bb100%\u00bb global_colors_info=\u00bb{}\u00bb][et_pb_column type=\u00bb1_3&#8243; _builder_version=\u00bb4.25.1&#8243; _module_preset=\u00bbdefault\u00bb global_colors_info=\u00bb{}\u00bb][et_pb_image src=\u00bbhttps:\/\/alamocostadelsol.com\/wp-content\/uploads\/2025\/06\/DSC07090.jpg\u00bb alt=\u00bbPer Lindqvist\u00bb title_text=\u00bbDSC07090&#8243; align=\u00bbright\u00bb _builder_version=\u00bb4.27.4&#8243; _module_preset=\u00bbdefault\u00bb width=\u00bb80%\u00bb hover_enabled=\u00bb0&#8243; global_colors_info=\u00bb{}\u00bb sticky_enabled=\u00bb0&#8243;][\/et_pb_image][\/et_pb_column][et_pb_column type=\u00bb2_3&#8243; _builder_version=\u00bb4.25.1&#8243; _module_preset=\u00bbdefault\u00bb global_colors_info=\u00bb{}\u00bb][et_pb_text _builder_version=\u00bb4.25.1&#8243; _module_preset=\u00bbdefault\u00bb text_font=\u00bbMarcellus||||||||\u00bb text_font_size=\u00bb16px\u00bb header_font=\u00bbMarcellus|700|||||||\u00bb header_font_size=\u00bb36px\u00bb header_2_font=\u00bbMarcellus||||||||\u00bb header_2_font_size=\u00bb22px\u00bb global_colors_info=\u00bb{}\u00bb]<\/p>\n<h1>Per Lindqvist<\/h1>\n<h2>Propietario<\/h2>\n<p><span><\/span><\/p>\n<p><span>Procedo del sur de Suecia, pero he pasado los \u00faltimos 13 a\u00f1os residiendo y trabajando en Espa\u00f1a. Mi formaci\u00f3n acad\u00e9mica es en el sector inmobiliario, obtenida en Sk\u00e5ne, Suecia, complementada con una amplia experiencia como agente tanto en Suecia como, desde 2011, en Espa\u00f1a. <\/span><\/p>\n<p><span>Me hice cargo de Alamo en 2023, y las luchas por salvar la empresa han sido casi abrumadoras. Sin embargo, junto con un equipo incre\u00edble, modernizaci\u00f3n e ideas frescas, nos hemos transformado de una antigua empresa en una inmobiliaria moderna, fuerte y respetada a tener en cuenta. <\/span><\/p>\n<p>[\/et_pb_text][et_pb_code _builder_version=\u00bb4.27.0&#8243; _module_preset=\u00bbdefault\u00bb global_colors_info=\u00bb{}\u00bb]<div data-src=\"https:\/\/cdn.trustindex.io\/loader.js?20ffc4143771798c28667720ed9\"><\/div>[\/et_pb_code][\/et_pb_column][\/et_pb_row][et_pb_row _builder_version=\u00bb4.27.0&#8243; _module_preset=\u00bbdefault\u00bb global_colors_info=\u00bb{}\u00bb][et_pb_column type=\u00bb4_4&#8243; _builder_version=\u00bb4.27.0&#8243; _module_preset=\u00bbdefault\u00bb global_colors_info=\u00bb{}\u00bb][et_pb_post_nav show_prev=\u00bboff\u00bb _builder_version=\u00bb4.27.0&#8243; _module_preset=\u00bbdefault\u00bb global_colors_info=\u00bb{}\u00bb][\/et_pb_post_nav][\/et_pb_column][\/et_pb_row][\/et_pb_section]<\/p>\n","protected":false},"excerpt":{"rendered":"<p>Per Lindqvist Propietario Procedo del sur de Suecia, pero he pasado los \u00faltimos 13 a\u00f1os residiendo y trabajando en Espa\u00f1a. Mi formaci\u00f3n acad\u00e9mica es en el sector inmobiliario, obtenida en Sk\u00e5ne, Suecia, complementada con una amplia experiencia como agente tanto en Suecia como, desde 2011, en Espa\u00f1a. Me hice cargo de Alamo en 2023, y [&hellip;]<\/p>\n","protected":false},"author":1,"featured_media":0,"parent":476,"menu_order":0,"comment_status":"closed","ping_status":"closed","template":"","meta":{"_et_pb_use_builder":"on","_et_pb_old_content":"","_et_gb_content_width":"","footnotes":""},"dipi_cpt_category":[],"class_list":["post-1036","page","type-page","status-publish","hentry"],"yoast_head":"<!-- This site is optimized with the Yoast SEO plugin v25.8 - https:\/\/yoast.com\/wordpress\/plugins\/seo\/ -->\n<title>Per Lindqvist | Director General en \u00c1lamo Costa del Sol<\/title>\n<meta name=\"description\" content=\"Per Lindqvist es el CEO de Alamo Costa del Sol, liderando la empresa con visi\u00f3n estrat\u00e9gica y amplia experiencia en el mercado inmobiliario local.\" \/>\n<meta name=\"robots\" content=\"index, follow, max-snippet:-1, max-image-preview:large, max-video-preview:-1\" \/>\n<link rel=\"canonical\" href=\"https:\/\/alamocostadelsol.com\/es\/sobre-alamo\/per-lindqvist\" \/>\n<meta property=\"og:locale\" content=\"es_ES\" \/>\n<meta property=\"og:type\" content=\"article\" \/>\n<meta property=\"og:title\" content=\"Per Lindqvist | Director General en \u00c1lamo Costa del Sol\" \/>\n<meta property=\"og:description\" content=\"Per Lindqvist es el CEO de Alamo Costa del Sol, liderando la empresa con visi\u00f3n estrat\u00e9gica y amplia experiencia en el mercado inmobiliario local.\" \/>\n<meta property=\"og:url\" content=\"https:\/\/alamocostadelsol.com\/es\/sobre-alamo\/per-lindqvist\" \/>\n<meta property=\"og:site_name\" content=\"Alamo - makes your dream come true at costa del sol\" \/>\n<meta property=\"article:publisher\" content=\"https:\/\/www.facebook.com\/alamocostadelsol\" \/>\n<meta property=\"article:modified_time\" content=\"2026-01-12T15:43:27+00:00\" \/>\n<meta name=\"twitter:card\" content=\"summary_large_image\" \/>\n<meta name=\"twitter:label1\" content=\"Tiempo de lectura\" \/>\n\t<meta name=\"twitter:data1\" content=\"2 minutos\" \/>\n<script type=\"application\/ld+json\" class=\"yoast-schema-graph\">{\"@context\":\"https:\/\/schema.org\",\"@graph\":[{\"@type\":\"WebPage\",\"@id\":\"https:\/\/alamocostadelsol.com\/es\/sobre-alamo\/per-lindqvist\",\"url\":\"https:\/\/alamocostadelsol.com\/es\/sobre-alamo\/per-lindqvist\",\"name\":\"Per Lindqvist | Director General en \u00c1lamo Costa del Sol\",\"isPartOf\":{\"@id\":\"https:\/\/alamocostadelsol.com\/es#website\"},\"datePublished\":\"2024-06-10T16:07:39+00:00\",\"dateModified\":\"2026-01-12T15:43:27+00:00\",\"description\":\"Per Lindqvist es el CEO de Alamo Costa del Sol, liderando la empresa con visi\u00f3n estrat\u00e9gica y amplia experiencia en el mercado inmobiliario local.\",\"breadcrumb\":{\"@id\":\"https:\/\/alamocostadelsol.com\/es\/sobre-alamo\/per-lindqvist#breadcrumb\"},\"inLanguage\":\"es\",\"potentialAction\":[{\"@type\":\"ReadAction\",\"target\":[\"https:\/\/alamocostadelsol.com\/es\/sobre-alamo\/per-lindqvist\"]}]},{\"@type\":\"BreadcrumbList\",\"@id\":\"https:\/\/alamocostadelsol.com\/es\/sobre-alamo\/per-lindqvist#breadcrumb\",\"itemListElement\":[{\"@type\":\"ListItem\",\"position\":1,\"name\":\"Home\",\"item\":\"https:\/\/alamocostadelsol.com\/es\"},{\"@type\":\"ListItem\",\"position\":2,\"name\":\"Sobre Alamo\",\"item\":\"https:\/\/alamocostadelsol.com\/es\/sobre-alamo\"},{\"@type\":\"ListItem\",\"position\":3,\"name\":\"Per Lindqvist\"}]},{\"@type\":\"WebSite\",\"@id\":\"https:\/\/alamocostadelsol.com\/es#website\",\"url\":\"https:\/\/alamocostadelsol.com\/es\",\"name\":\"Alamo - makes your dream come true at costa del sol\",\"description\":\"\",\"publisher\":{\"@id\":\"https:\/\/alamocostadelsol.com\/es#organization\"},\"potentialAction\":[{\"@type\":\"SearchAction\",\"target\":{\"@type\":\"EntryPoint\",\"urlTemplate\":\"https:\/\/alamocostadelsol.com\/es?s={search_term_string}\"},\"query-input\":{\"@type\":\"PropertyValueSpecification\",\"valueRequired\":true,\"valueName\":\"search_term_string\"}}],\"inLanguage\":\"es\"},{\"@type\":\"Organization\",\"@id\":\"https:\/\/alamocostadelsol.com\/es#organization\",\"name\":\"Alamo - makes your dream come true at costa del sol\",\"url\":\"https:\/\/alamocostadelsol.com\/es\",\"logo\":{\"@type\":\"ImageObject\",\"inLanguage\":\"es\",\"@id\":\"https:\/\/alamocostadelsol.com\/es#\/schema\/logo\/image\/\",\"url\":\"https:\/\/alamocostadelsol.com\/wp-content\/uploads\/2024\/05\/alamo-costa-del-sol-logotype.png\",\"contentUrl\":\"https:\/\/alamocostadelsol.com\/wp-content\/uploads\/2024\/05\/alamo-costa-del-sol-logotype.png\",\"width\":773,\"height\":170,\"caption\":\"Alamo - makes your dream come true at costa del sol\"},\"image\":{\"@id\":\"https:\/\/alamocostadelsol.com\/es#\/schema\/logo\/image\/\"},\"sameAs\":[\"https:\/\/www.facebook.com\/alamocostadelsol\",\"https:\/\/www.instagram.com\/alamocostadelsol\/\"]}]}<\/script>\n<!-- \/ Yoast SEO plugin. -->","yoast_head_json":{"title":"Per Lindqvist | Director General en \u00c1lamo Costa del Sol","description":"Per Lindqvist es el CEO de Alamo Costa del Sol, liderando la empresa con visi\u00f3n estrat\u00e9gica y amplia experiencia en el mercado inmobiliario local.","robots":{"index":"index","follow":"follow","max-snippet":"max-snippet:-1","max-image-preview":"max-image-preview:large","max-video-preview":"max-video-preview:-1"},"canonical":"https:\/\/alamocostadelsol.com\/es\/sobre-alamo\/per-lindqvist","og_locale":"es_ES","og_type":"article","og_title":"Per Lindqvist | Director General en \u00c1lamo Costa del Sol","og_description":"Per Lindqvist es el CEO de Alamo Costa del Sol, liderando la empresa con visi\u00f3n estrat\u00e9gica y amplia experiencia en el mercado inmobiliario local.","og_url":"https:\/\/alamocostadelsol.com\/es\/sobre-alamo\/per-lindqvist","og_site_name":"Alamo - makes your dream come true at costa del sol","article_publisher":"https:\/\/www.facebook.com\/alamocostadelsol","article_modified_time":"2026-01-12T15:43:27+00:00","twitter_card":"summary_large_image","twitter_misc":{"Tiempo de lectura":"2 minutos"},"schema":{"@context":"https:\/\/schema.org","@graph":[{"@type":"WebPage","@id":"https:\/\/alamocostadelsol.com\/es\/sobre-alamo\/per-lindqvist","url":"https:\/\/alamocostadelsol.com\/es\/sobre-alamo\/per-lindqvist","name":"Per Lindqvist | Director General en \u00c1lamo Costa del Sol","isPartOf":{"@id":"https:\/\/alamocostadelsol.com\/es#website"},"datePublished":"2024-06-10T16:07:39+00:00","dateModified":"2026-01-12T15:43:27+00:00","description":"Per Lindqvist es el CEO de Alamo Costa del Sol, liderando la empresa con visi\u00f3n estrat\u00e9gica y amplia experiencia en el mercado inmobiliario local.","breadcrumb":{"@id":"https:\/\/alamocostadelsol.com\/es\/sobre-alamo\/per-lindqvist#breadcrumb"},"inLanguage":"es","potentialAction":[{"@type":"ReadAction","target":["https:\/\/alamocostadelsol.com\/es\/sobre-alamo\/per-lindqvist"]}]},{"@type":"BreadcrumbList","@id":"https:\/\/alamocostadelsol.com\/es\/sobre-alamo\/per-lindqvist#breadcrumb","itemListElement":[{"@type":"ListItem","position":1,"name":"Home","item":"https:\/\/alamocostadelsol.com\/es"},{"@type":"ListItem","position":2,"name":"Sobre Alamo","item":"https:\/\/alamocostadelsol.com\/es\/sobre-alamo"},{"@type":"ListItem","position":3,"name":"Per Lindqvist"}]},{"@type":"WebSite","@id":"https:\/\/alamocostadelsol.com\/es#website","url":"https:\/\/alamocostadelsol.com\/es","name":"Alamo - makes your dream come true at costa del sol","description":"","publisher":{"@id":"https:\/\/alamocostadelsol.com\/es#organization"},"potentialAction":[{"@type":"SearchAction","target":{"@type":"EntryPoint","urlTemplate":"https:\/\/alamocostadelsol.com\/es?s={search_term_string}"},"query-input":{"@type":"PropertyValueSpecification","valueRequired":true,"valueName":"search_term_string"}}],"inLanguage":"es"},{"@type":"Organization","@id":"https:\/\/alamocostadelsol.com\/es#organization","name":"Alamo - makes your dream come true at costa del sol","url":"https:\/\/alamocostadelsol.com\/es","logo":{"@type":"ImageObject","inLanguage":"es","@id":"https:\/\/alamocostadelsol.com\/es#\/schema\/logo\/image\/","url":"https:\/\/alamocostadelsol.com\/wp-content\/uploads\/2024\/05\/alamo-costa-del-sol-logotype.png","contentUrl":"https:\/\/alamocostadelsol.com\/wp-content\/uploads\/2024\/05\/alamo-costa-del-sol-logotype.png","width":773,"height":170,"caption":"Alamo - makes your dream come true at costa del sol"},"image":{"@id":"https:\/\/alamocostadelsol.com\/es#\/schema\/logo\/image\/"},"sameAs":["https:\/\/www.facebook.com\/alamocostadelsol","https:\/\/www.instagram.com\/alamocostadelsol\/"]}]}},"_links":{"self":[{"href":"https:\/\/alamocostadelsol.com\/es\/wp-json\/wp\/v2\/pages\/1036","targetHints":{"allow":["GET"]}}],"collection":[{"href":"https:\/\/alamocostadelsol.com\/es\/wp-json\/wp\/v2\/pages"}],"about":[{"href":"https:\/\/alamocostadelsol.com\/es\/wp-json\/wp\/v2\/types\/page"}],"author":[{"embeddable":true,"href":"https:\/\/alamocostadelsol.com\/es\/wp-json\/wp\/v2\/users\/1"}],"replies":[{"embeddable":true,"href":"https:\/\/alamocostadelsol.com\/es\/wp-json\/wp\/v2\/comments?post=1036"}],"version-history":[{"count":10,"href":"https:\/\/alamocostadelsol.com\/es\/wp-json\/wp\/v2\/pages\/1036\/revisions"}],"predecessor-version":[{"id":18812903,"href":"https:\/\/alamocostadelsol.com\/es\/wp-json\/wp\/v2\/pages\/1036\/revisions\/18812903"}],"up":[{"embeddable":true,"href":"https:\/\/alamocostadelsol.com\/es\/wp-json\/wp\/v2\/pages\/476"}],"wp:attachment":[{"href":"https:\/\/alamocostadelsol.com\/es\/wp-json\/wp\/v2\/media?parent=1036"}],"wp:term":[{"taxonomy":"dipi_cpt_category","embeddable":true,"href":"https:\/\/alamocostadelsol.com\/es\/wp-json\/wp\/v2\/dipi_cpt_category?post=1036"}],"curies":[{"name":"wp","href":"https:\/\/api.w.org\/{rel}","templated":true}]}}