{"id":1015,"date":"2024-06-10T18:12:04","date_gmt":"2024-06-10T16:12:04","guid":{"rendered":"https:\/\/alamocostadelsol.com\/sobre-alamo\/catarina-henriksson"},"modified":"2026-01-12T13:09:14","modified_gmt":"2026-01-12T12:09:14","slug":"catarina-henriksson","status":"publish","type":"page","link":"https:\/\/alamocostadelsol.com\/es\/sobre-alamo\/catarina-henriksson","title":{"rendered":"Catarina Henriksson"},"content":{"rendered":"<p>[et_pb_section fb_built=\u00bb1&#8243; _builder_version=\u00bb4.25.1&#8243; _module_preset=\u00bbdefault\u00bb global_colors_info=\u00bb{}\u00bb][et_pb_row column_structure=\u00bb1_3,2_3&#8243; _builder_version=\u00bb4.25.1&#8243; _module_preset=\u00bbdefault\u00bb width=\u00bb90%\u00bb max_width=\u00bb100%\u00bb global_colors_info=\u00bb{}\u00bb][et_pb_column type=\u00bb1_3&#8243; _builder_version=\u00bb4.25.1&#8243; _module_preset=\u00bbdefault\u00bb global_colors_info=\u00bb{}\u00bb][et_pb_image src=\u00bbhttps:\/\/alamocostadelsol.com\/wp-content\/uploads\/2024\/06\/1Rityta-1@0.5x-7.webp\u00bb alt=\u00bbCatarina Henriksson\u00bb title_text=\u00bbCatarina Henriksson &#8211; Agente inmobiliario\u00bb align=\u00bbright\u00bb _builder_version=\u00bb4.27.4&#8243; _module_preset=\u00bbdefault\u00bb width=\u00bb80%\u00bb hover_enabled=\u00bb0&#8243; global_colors_info=\u00bb{}\u00bb sticky_enabled=\u00bb0&#8243;][\/et_pb_image][\/et_pb_column][et_pb_column type=\u00bb2_3&#8243; _builder_version=\u00bb4.25.1&#8243; _module_preset=\u00bbdefault\u00bb global_colors_info=\u00bb{}\u00bb][et_pb_text _builder_version=\u00bb4.25.1&#8243; _module_preset=\u00bbdefault\u00bb text_font=\u00bbMarcellus||||||||\u00bb text_font_size=\u00bb16px\u00bb header_font=\u00bbMarcellus|700|||||||\u00bb header_font_size=\u00bb36px\u00bb header_2_font=\u00bbMarcellus||||||||\u00bb header_2_font_size=\u00bb22px\u00bb global_colors_info=\u00bb{}\u00bb]<\/p>\n<h1><a class=\"block font-medium text-lg\">Catarina Henriksson<\/a><\/h1>\n<h2>Agente inmobiliario<\/h2>\n<p><span><\/span><\/p>\n<p><span>Soy originaria de Norrk\u00f6ping, pero me siento m\u00e1s bien ciudadana del mundo. Cuando ten\u00eda 7 a\u00f1os, mi familia se mud\u00f3 a Bagdad, Irak, y un a\u00f1o despu\u00e9s era Riad, Arabia Saud\u00ed, y as\u00ed continu\u00f3. A los 18 a\u00f1os me fui de vacaciones a la Costa del Sol, pero nunca volv\u00ed a Suecia.<\/span><\/p>\n<p><span>Me enamor\u00e9 completamente del calor, de la comida y de estos maravillosos espa\u00f1oles. Ahora vivo aqu\u00ed desde hace 31 a\u00f1os y hablo con fluidez espa\u00f1ol, ingl\u00e9s y sueco. Mis puntos fuertes son que soy ansiosa, solucionadora de problemas y entusiasta. Tengo un gran conocimiento de la costa, especialmente de Fuengirola. S\u00e9 qu\u00e9 zonas y comunidades son las mejores y cu\u00e1les no recomendar\u00eda. Mis zonas favoritas son Torreblanca, Carvajal e Higuer\u00f3n, que son las m\u00e1s exclusivas que tenemos aqu\u00ed en Fuengirola. No dudes en ponerte en contacto conmigo y te contar\u00e9 qu\u00e9 tiene de especial vivir aqu\u00ed y por qu\u00e9 es la mejor inversi\u00f3n que puedes hacer.      <\/span><\/p>\n<p>[\/et_pb_text][et_pb_code _builder_version=\u00bb4.27.0&#8243; _module_preset=\u00bbdefault\u00bb global_colors_info=\u00bb{}\u00bb]<div data-src=\"https:\/\/cdn.trustindex.io\/loader.js?d23fe1c4300d7890bc063a63606\"><\/div>[\/et_pb_code][\/et_pb_column][\/et_pb_row][et_pb_row _builder_version=\u00bb4.27.0&#8243; _module_preset=\u00bbdefault\u00bb global_colors_info=\u00bb{}\u00bb][et_pb_column type=\u00bb4_4&#8243; _builder_version=\u00bb4.27.0&#8243; _module_preset=\u00bbdefault\u00bb global_colors_info=\u00bb{}\u00bb][et_pb_post_nav _builder_version=\u00bb4.27.0&#8243; _module_preset=\u00bbdefault\u00bb global_colors_info=\u00bb{}\u00bb][\/et_pb_post_nav][\/et_pb_column][\/et_pb_row][\/et_pb_section]<\/p>\n","protected":false},"excerpt":{"rendered":"<p>Catarina Henriksson Agente inmobiliario Soy originaria de Norrk\u00f6ping, pero me siento m\u00e1s bien ciudadana del mundo. Cuando ten\u00eda 7 a\u00f1os, mi familia se mud\u00f3 a Bagdad, Irak, y un a\u00f1o despu\u00e9s era Riad, Arabia Saud\u00ed, y as\u00ed continu\u00f3. A los 18 a\u00f1os me fui de vacaciones a la Costa del Sol, pero nunca volv\u00ed a [&hellip;]<\/p>\n","protected":false},"author":1,"featured_media":0,"parent":476,"menu_order":0,"comment_status":"closed","ping_status":"closed","template":"","meta":{"_et_pb_use_builder":"on","_et_pb_old_content":"","_et_gb_content_width":"","footnotes":""},"dipi_cpt_category":[],"class_list":["post-1015","page","type-page","status-publish","hentry"],"yoast_head":"<!-- This site is optimized with the Yoast SEO plugin v25.8 - https:\/\/yoast.com\/wordpress\/plugins\/seo\/ -->\n<title>Catarina Henriksson | Agente inmobiliario en la Costa del Sol<\/title>\n<meta name=\"description\" content=\"Catarina Henriksson es agente inmobiliaria en Alamo Costa del Sol, ayudando a compradores y vendedores con experiencia local y atenci\u00f3n personalizada.\" \/>\n<meta name=\"robots\" content=\"index, follow, max-snippet:-1, max-image-preview:large, max-video-preview:-1\" \/>\n<link rel=\"canonical\" href=\"https:\/\/alamocostadelsol.com\/es\/sobre-alamo\/catarina-henriksson\" \/>\n<meta property=\"og:locale\" content=\"es_ES\" \/>\n<meta property=\"og:type\" content=\"article\" \/>\n<meta property=\"og:title\" content=\"Catarina Henriksson | Agente inmobiliario en la Costa del Sol\" \/>\n<meta property=\"og:description\" content=\"Catarina Henriksson es agente inmobiliaria en Alamo Costa del Sol, ayudando a compradores y vendedores con experiencia local y atenci\u00f3n personalizada.\" \/>\n<meta property=\"og:url\" content=\"https:\/\/alamocostadelsol.com\/es\/sobre-alamo\/catarina-henriksson\" \/>\n<meta property=\"og:site_name\" content=\"Alamo - makes your dream come true at costa del sol\" \/>\n<meta property=\"article:publisher\" content=\"https:\/\/www.facebook.com\/alamocostadelsol\" \/>\n<meta property=\"article:modified_time\" content=\"2026-01-12T12:09:14+00:00\" \/>\n<meta name=\"twitter:card\" content=\"summary_large_image\" \/>\n<meta name=\"twitter:label1\" content=\"Tiempo de lectura\" \/>\n\t<meta name=\"twitter:data1\" content=\"2 minutos\" \/>\n<script type=\"application\/ld+json\" class=\"yoast-schema-graph\">{\"@context\":\"https:\/\/schema.org\",\"@graph\":[{\"@type\":\"WebPage\",\"@id\":\"https:\/\/alamocostadelsol.com\/es\/sobre-alamo\/catarina-henriksson\",\"url\":\"https:\/\/alamocostadelsol.com\/es\/sobre-alamo\/catarina-henriksson\",\"name\":\"Catarina Henriksson | Agente inmobiliario en la Costa del Sol\",\"isPartOf\":{\"@id\":\"https:\/\/alamocostadelsol.com\/es#website\"},\"datePublished\":\"2024-06-10T16:12:04+00:00\",\"dateModified\":\"2026-01-12T12:09:14+00:00\",\"description\":\"Catarina Henriksson es agente inmobiliaria en Alamo Costa del Sol, ayudando a compradores y vendedores con experiencia local y atenci\u00f3n personalizada.\",\"breadcrumb\":{\"@id\":\"https:\/\/alamocostadelsol.com\/es\/sobre-alamo\/catarina-henriksson#breadcrumb\"},\"inLanguage\":\"es\",\"potentialAction\":[{\"@type\":\"ReadAction\",\"target\":[\"https:\/\/alamocostadelsol.com\/es\/sobre-alamo\/catarina-henriksson\"]}]},{\"@type\":\"BreadcrumbList\",\"@id\":\"https:\/\/alamocostadelsol.com\/es\/sobre-alamo\/catarina-henriksson#breadcrumb\",\"itemListElement\":[{\"@type\":\"ListItem\",\"position\":1,\"name\":\"Home\",\"item\":\"https:\/\/alamocostadelsol.com\/es\"},{\"@type\":\"ListItem\",\"position\":2,\"name\":\"Sobre Alamo\",\"item\":\"https:\/\/alamocostadelsol.com\/es\/sobre-alamo\"},{\"@type\":\"ListItem\",\"position\":3,\"name\":\"Catarina Henriksson\"}]},{\"@type\":\"WebSite\",\"@id\":\"https:\/\/alamocostadelsol.com\/es#website\",\"url\":\"https:\/\/alamocostadelsol.com\/es\",\"name\":\"Alamo - makes your dream come true at costa del sol\",\"description\":\"\",\"publisher\":{\"@id\":\"https:\/\/alamocostadelsol.com\/es#organization\"},\"potentialAction\":[{\"@type\":\"SearchAction\",\"target\":{\"@type\":\"EntryPoint\",\"urlTemplate\":\"https:\/\/alamocostadelsol.com\/es?s={search_term_string}\"},\"query-input\":{\"@type\":\"PropertyValueSpecification\",\"valueRequired\":true,\"valueName\":\"search_term_string\"}}],\"inLanguage\":\"es\"},{\"@type\":\"Organization\",\"@id\":\"https:\/\/alamocostadelsol.com\/es#organization\",\"name\":\"Alamo - makes your dream come true at costa del sol\",\"url\":\"https:\/\/alamocostadelsol.com\/es\",\"logo\":{\"@type\":\"ImageObject\",\"inLanguage\":\"es\",\"@id\":\"https:\/\/alamocostadelsol.com\/es#\/schema\/logo\/image\/\",\"url\":\"https:\/\/alamocostadelsol.com\/wp-content\/uploads\/2024\/05\/alamo-costa-del-sol-logotype.png\",\"contentUrl\":\"https:\/\/alamocostadelsol.com\/wp-content\/uploads\/2024\/05\/alamo-costa-del-sol-logotype.png\",\"width\":773,\"height\":170,\"caption\":\"Alamo - makes your dream come true at costa del sol\"},\"image\":{\"@id\":\"https:\/\/alamocostadelsol.com\/es#\/schema\/logo\/image\/\"},\"sameAs\":[\"https:\/\/www.facebook.com\/alamocostadelsol\",\"https:\/\/www.instagram.com\/alamocostadelsol\/\"]}]}<\/script>\n<!-- \/ Yoast SEO plugin. -->","yoast_head_json":{"title":"Catarina Henriksson | Agente inmobiliario en la Costa del Sol","description":"Catarina Henriksson es agente inmobiliaria en Alamo Costa del Sol, ayudando a compradores y vendedores con experiencia local y atenci\u00f3n personalizada.","robots":{"index":"index","follow":"follow","max-snippet":"max-snippet:-1","max-image-preview":"max-image-preview:large","max-video-preview":"max-video-preview:-1"},"canonical":"https:\/\/alamocostadelsol.com\/es\/sobre-alamo\/catarina-henriksson","og_locale":"es_ES","og_type":"article","og_title":"Catarina Henriksson | Agente inmobiliario en la Costa del Sol","og_description":"Catarina Henriksson es agente inmobiliaria en Alamo Costa del Sol, ayudando a compradores y vendedores con experiencia local y atenci\u00f3n personalizada.","og_url":"https:\/\/alamocostadelsol.com\/es\/sobre-alamo\/catarina-henriksson","og_site_name":"Alamo - makes your dream come true at costa del sol","article_publisher":"https:\/\/www.facebook.com\/alamocostadelsol","article_modified_time":"2026-01-12T12:09:14+00:00","twitter_card":"summary_large_image","twitter_misc":{"Tiempo de lectura":"2 minutos"},"schema":{"@context":"https:\/\/schema.org","@graph":[{"@type":"WebPage","@id":"https:\/\/alamocostadelsol.com\/es\/sobre-alamo\/catarina-henriksson","url":"https:\/\/alamocostadelsol.com\/es\/sobre-alamo\/catarina-henriksson","name":"Catarina Henriksson | Agente inmobiliario en la Costa del Sol","isPartOf":{"@id":"https:\/\/alamocostadelsol.com\/es#website"},"datePublished":"2024-06-10T16:12:04+00:00","dateModified":"2026-01-12T12:09:14+00:00","description":"Catarina Henriksson es agente inmobiliaria en Alamo Costa del Sol, ayudando a compradores y vendedores con experiencia local y atenci\u00f3n personalizada.","breadcrumb":{"@id":"https:\/\/alamocostadelsol.com\/es\/sobre-alamo\/catarina-henriksson#breadcrumb"},"inLanguage":"es","potentialAction":[{"@type":"ReadAction","target":["https:\/\/alamocostadelsol.com\/es\/sobre-alamo\/catarina-henriksson"]}]},{"@type":"BreadcrumbList","@id":"https:\/\/alamocostadelsol.com\/es\/sobre-alamo\/catarina-henriksson#breadcrumb","itemListElement":[{"@type":"ListItem","position":1,"name":"Home","item":"https:\/\/alamocostadelsol.com\/es"},{"@type":"ListItem","position":2,"name":"Sobre Alamo","item":"https:\/\/alamocostadelsol.com\/es\/sobre-alamo"},{"@type":"ListItem","position":3,"name":"Catarina Henriksson"}]},{"@type":"WebSite","@id":"https:\/\/alamocostadelsol.com\/es#website","url":"https:\/\/alamocostadelsol.com\/es","name":"Alamo - makes your dream come true at costa del sol","description":"","publisher":{"@id":"https:\/\/alamocostadelsol.com\/es#organization"},"potentialAction":[{"@type":"SearchAction","target":{"@type":"EntryPoint","urlTemplate":"https:\/\/alamocostadelsol.com\/es?s={search_term_string}"},"query-input":{"@type":"PropertyValueSpecification","valueRequired":true,"valueName":"search_term_string"}}],"inLanguage":"es"},{"@type":"Organization","@id":"https:\/\/alamocostadelsol.com\/es#organization","name":"Alamo - makes your dream come true at costa del sol","url":"https:\/\/alamocostadelsol.com\/es","logo":{"@type":"ImageObject","inLanguage":"es","@id":"https:\/\/alamocostadelsol.com\/es#\/schema\/logo\/image\/","url":"https:\/\/alamocostadelsol.com\/wp-content\/uploads\/2024\/05\/alamo-costa-del-sol-logotype.png","contentUrl":"https:\/\/alamocostadelsol.com\/wp-content\/uploads\/2024\/05\/alamo-costa-del-sol-logotype.png","width":773,"height":170,"caption":"Alamo - makes your dream come true at costa del sol"},"image":{"@id":"https:\/\/alamocostadelsol.com\/es#\/schema\/logo\/image\/"},"sameAs":["https:\/\/www.facebook.com\/alamocostadelsol","https:\/\/www.instagram.com\/alamocostadelsol\/"]}]}},"_links":{"self":[{"href":"https:\/\/alamocostadelsol.com\/es\/wp-json\/wp\/v2\/pages\/1015","targetHints":{"allow":["GET"]}}],"collection":[{"href":"https:\/\/alamocostadelsol.com\/es\/wp-json\/wp\/v2\/pages"}],"about":[{"href":"https:\/\/alamocostadelsol.com\/es\/wp-json\/wp\/v2\/types\/page"}],"author":[{"embeddable":true,"href":"https:\/\/alamocostadelsol.com\/es\/wp-json\/wp\/v2\/users\/1"}],"replies":[{"embeddable":true,"href":"https:\/\/alamocostadelsol.com\/es\/wp-json\/wp\/v2\/comments?post=1015"}],"version-history":[{"count":9,"href":"https:\/\/alamocostadelsol.com\/es\/wp-json\/wp\/v2\/pages\/1015\/revisions"}],"predecessor-version":[{"id":18814268,"href":"https:\/\/alamocostadelsol.com\/es\/wp-json\/wp\/v2\/pages\/1015\/revisions\/18814268"}],"up":[{"embeddable":true,"href":"https:\/\/alamocostadelsol.com\/es\/wp-json\/wp\/v2\/pages\/476"}],"wp:attachment":[{"href":"https:\/\/alamocostadelsol.com\/es\/wp-json\/wp\/v2\/media?parent=1015"}],"wp:term":[{"taxonomy":"dipi_cpt_category","embeddable":true,"href":"https:\/\/alamocostadelsol.com\/es\/wp-json\/wp\/v2\/dipi_cpt_category?post=1015"}],"curies":[{"name":"wp","href":"https:\/\/api.w.org\/{rel}","templated":true}]}}