{"id":18815609,"date":"2024-06-10T19:31:00","date_gmt":"2024-06-10T17:31:00","guid":{"rendered":"https:\/\/alamocostadelsol.com\/ueber-alamo\/alla-skaletska"},"modified":"2026-01-27T14:24:41","modified_gmt":"2026-01-27T13:24:41","slug":"alla-skaletska","status":"publish","type":"page","link":"https:\/\/alamocostadelsol.com\/de\/ueber-alamo\/alla-skaletska","title":{"rendered":"Alla Skaletska"},"content":{"rendered":"<p>[et_pb_section fb_built=&#8220;1&#8243; _builder_version=&#8220;4.25.1&#8243; _module_preset=&#8220;default&#8220; global_colors_info=&#8220;{}&#8220;][et_pb_row column_structure=&#8220;1_3,2_3&#8243; _builder_version=&#8220;4.25.1&#8243; _module_preset=&#8220;default&#8220; width=&#8220;90%&#8220; max_width=&#8220;100%&#8220; global_colors_info=&#8220;{}&#8220;][et_pb_column type=&#8220;1_3&#8243; _builder_version=&#8220;4.25.1&#8243; _module_preset=&#8220;default&#8220; global_colors_info=&#8220;{}&#8220;][et_pb_image src=&#8220;https:\/\/alamocostadelsol.com\/wp-content\/uploads\/2025\/11\/upscalemedia-transformed.png&#8220; alt=&#8220;Alla Skaletska Real Estate Agent costa del sol&#8220; title_text=&#8220;Alla Skaletska Real Estate Agent costa del sol&#8220; align=&#8220;right&#8220; _builder_version=&#8220;4.27.4&#8243; _module_preset=&#8220;default&#8220; width=&#8220;80%&#8220; hover_enabled=&#8220;0&#8243; global_colors_info=&#8220;{}&#8220; sticky_enabled=&#8220;0&#8243;][\/et_pb_image][\/et_pb_column][et_pb_column type=&#8220;2_3&#8243; _builder_version=&#8220;4.25.1&#8243; _module_preset=&#8220;default&#8220; global_colors_info=&#8220;{}&#8220;][et_pb_text _builder_version=&#8220;4.27.4&#8243; _module_preset=&#8220;default&#8220; text_font=&#8220;Marcellus||||||||&#8220; text_font_size=&#8220;16px&#8220; header_font=&#8220;Marcellus|700|||||||&#8220; header_font_size=&#8220;36px&#8220; header_2_font=&#8220;Marcellus||||||||&#8220; header_2_font_size=&#8220;22px&#8220; hover_enabled=&#8220;0&#8243; global_colors_info=&#8220;{}&#8220; sticky_enabled=&#8220;0&#8243;]<\/p>\n<h1><a class=\"block font-medium text-lg\">Alla Skaletska<\/a><\/h1>\n<h2><span>Collaborating Agent<\/span><\/h2>\n<p><span><\/span><\/p>\n<div class=\"text-base my-auto mx-auto pb-10 [--thread-content-margin:--spacing(4)] @w-sm\/main:[--thread-content-margin:--spacing(6)] @w-lg\/main:[--thread-content-margin:--spacing(16)] px-(--thread-content-margin)\">\n<div class=\"[--thread-content-max-width:40rem] @w-lg\/main:[--thread-content-max-width:48rem] mx-auto max-w-(--thread-content-max-width) flex-1 group\/turn-messages focus-visible:outline-hidden relative flex w-full min-w-0 flex-col agent-turn\" tabindex=\"-1\">\n<div class=\"flex max-w-full flex-col grow\">\n<div data-message-author-role=\"assistant\" data-message-id=\"06230940-387d-4108-bdb9-716ec259e142\" dir=\"auto\" class=\"min-h-8 text-message relative flex w-full flex-col items-end gap-2 text-start break-words whitespace-normal [.text-message+&amp;]:mt-1\" data-message-model-slug=\"gpt-5-2\">\n<div class=\"flex w-full flex-col gap-1 empty:hidden first:pt-[1px]\">\n<div class=\"markdown prose dark:prose-invert w-full wrap-break-word light markdown-new-styling\">\n<p data-start=\"0\" data-end=\"171\">Ich wurde in der Ukraine geboren und lebe seit mehr als 23 Jahren in Spanien. Ich bin tief verliebt in dieses Land \u2013 genau wie unsere Kunden, die sich entscheiden, ihr Haus hier zu kaufen. <\/p>\n<p data-start=\"173\" data-end=\"502\" data-is-last-node=\"\" data-is-only-node=\"\">Ich habe immer im Immobiliensektor gearbeitet, weil ich leidenschaftlich daran interessiert bin, mit Menschen in Kontakt zu treten, sowohl lokal als auch aus aller Welt. Ich liebe es wirklich, das Gl\u00fcck meiner Kunden zu sehen, wenn ihre Tr\u00e4ume wahr werden, indem ich ihr ideales Zuhause finde, besonders wenn ich ihnen dabei helfen und den gesamten Prozess managen konnte. <\/p>\n<\/div>\n<\/div>\n<\/div>\n<\/div>\n<\/div>\n<\/div>\n<p>[\/et_pb_text][\/et_pb_column][\/et_pb_row][et_pb_row _builder_version=&#8220;4.27.0&#8243; _module_preset=&#8220;default&#8220; global_colors_info=&#8220;{}&#8220;][et_pb_column type=&#8220;4_4&#8243; _builder_version=&#8220;4.27.0&#8243; _module_preset=&#8220;default&#8220; global_colors_info=&#8220;{}&#8220;][et_pb_post_nav _builder_version=&#8220;4.27.0&#8243; _module_preset=&#8220;default&#8220; global_colors_info=&#8220;{}&#8220;][\/et_pb_post_nav][\/et_pb_column][\/et_pb_row][\/et_pb_section]<\/p>\n","protected":false},"excerpt":{"rendered":"<p>Alla Skaletska Collaborating Agent Ich wurde in der Ukraine geboren und lebe seit mehr als 23 Jahren in Spanien. Ich bin tief verliebt in dieses Land \u2013 genau wie unsere Kunden, die sich entscheiden, ihr Haus hier zu kaufen. Ich habe immer im Immobiliensektor gearbeitet, weil ich leidenschaftlich daran interessiert bin, mit Menschen in Kontakt [&hellip;]<\/p>\n","protected":false},"author":3,"featured_media":0,"parent":18812185,"menu_order":0,"comment_status":"closed","ping_status":"closed","template":"","meta":{"_et_pb_use_builder":"on","_et_pb_old_content":"","_et_gb_content_width":"","footnotes":""},"dipi_cpt_category":[],"class_list":["post-18815609","page","type-page","status-publish","hentry"],"yoast_head":"<!-- This site is optimized with the Yoast SEO plugin v25.8 - https:\/\/yoast.com\/wordpress\/plugins\/seo\/ -->\n<title>Alla Skaletska | Immobilienmakler an der Costa del Sol<\/title>\n<meta name=\"description\" content=\"Alla Skaletska ist Immobilienmaklerin bei Alamo Costa del Sol und unterst\u00fctzt K\u00e4ufer und Verk\u00e4ufer mit lokalem Fachwissen und pers\u00f6nlichem Service.\" \/>\n<meta name=\"robots\" content=\"index, follow, max-snippet:-1, max-image-preview:large, max-video-preview:-1\" \/>\n<link rel=\"canonical\" href=\"https:\/\/alamocostadelsol.com\/de\/ueber-alamo\/alla-skaletska\" \/>\n<meta property=\"og:locale\" content=\"de_DE\" \/>\n<meta property=\"og:type\" content=\"article\" \/>\n<meta property=\"og:title\" content=\"Alla Skaletska | Immobilienmakler an der Costa del Sol\" \/>\n<meta property=\"og:description\" content=\"Alla Skaletska ist Immobilienmaklerin bei Alamo Costa del Sol und unterst\u00fctzt K\u00e4ufer und Verk\u00e4ufer mit lokalem Fachwissen und pers\u00f6nlichem Service.\" \/>\n<meta property=\"og:url\" content=\"https:\/\/alamocostadelsol.com\/de\/ueber-alamo\/alla-skaletska\" \/>\n<meta property=\"og:site_name\" content=\"Alamo - makes your dream come true at costa del sol\" \/>\n<meta property=\"article:publisher\" content=\"https:\/\/www.facebook.com\/alamocostadelsol\" \/>\n<meta property=\"article:modified_time\" content=\"2026-01-27T13:24:41+00:00\" \/>\n<meta name=\"twitter:card\" content=\"summary_large_image\" \/>\n<meta name=\"twitter:label1\" content=\"Gesch\u00e4tzte Lesezeit\" \/>\n\t<meta name=\"twitter:data1\" content=\"1\u00a0Minute\" \/>\n<script type=\"application\/ld+json\" class=\"yoast-schema-graph\">{\"@context\":\"https:\/\/schema.org\",\"@graph\":[{\"@type\":\"WebPage\",\"@id\":\"https:\/\/alamocostadelsol.com\/de\/ueber-alamo\/alla-skaletska\",\"url\":\"https:\/\/alamocostadelsol.com\/de\/ueber-alamo\/alla-skaletska\",\"name\":\"Alla Skaletska | Immobilienmakler an der Costa del Sol\",\"isPartOf\":{\"@id\":\"https:\/\/alamocostadelsol.com\/de#website\"},\"datePublished\":\"2024-06-10T17:31:00+00:00\",\"dateModified\":\"2026-01-27T13:24:41+00:00\",\"description\":\"Alla Skaletska ist Immobilienmaklerin bei Alamo Costa del Sol und unterst\u00fctzt K\u00e4ufer und Verk\u00e4ufer mit lokalem Fachwissen und pers\u00f6nlichem Service.\",\"breadcrumb\":{\"@id\":\"https:\/\/alamocostadelsol.com\/de\/ueber-alamo\/alla-skaletska#breadcrumb\"},\"inLanguage\":\"de\",\"potentialAction\":[{\"@type\":\"ReadAction\",\"target\":[\"https:\/\/alamocostadelsol.com\/de\/ueber-alamo\/alla-skaletska\"]}]},{\"@type\":\"BreadcrumbList\",\"@id\":\"https:\/\/alamocostadelsol.com\/de\/ueber-alamo\/alla-skaletska#breadcrumb\",\"itemListElement\":[{\"@type\":\"ListItem\",\"position\":1,\"name\":\"Home\",\"item\":\"https:\/\/alamocostadelsol.com\/de\"},{\"@type\":\"ListItem\",\"position\":2,\"name\":\"\u00dcber Alamo\",\"item\":\"https:\/\/alamocostadelsol.com\/de\/ueber-alamo\"},{\"@type\":\"ListItem\",\"position\":3,\"name\":\"Alla Skaletska\"}]},{\"@type\":\"WebSite\",\"@id\":\"https:\/\/alamocostadelsol.com\/de#website\",\"url\":\"https:\/\/alamocostadelsol.com\/de\",\"name\":\"Alamo - makes your dream come true at costa del sol\",\"description\":\"\",\"publisher\":{\"@id\":\"https:\/\/alamocostadelsol.com\/de#organization\"},\"potentialAction\":[{\"@type\":\"SearchAction\",\"target\":{\"@type\":\"EntryPoint\",\"urlTemplate\":\"https:\/\/alamocostadelsol.com\/de?s={search_term_string}\"},\"query-input\":{\"@type\":\"PropertyValueSpecification\",\"valueRequired\":true,\"valueName\":\"search_term_string\"}}],\"inLanguage\":\"de\"},{\"@type\":\"Organization\",\"@id\":\"https:\/\/alamocostadelsol.com\/de#organization\",\"name\":\"Alamo - makes your dream come true at costa del sol\",\"url\":\"https:\/\/alamocostadelsol.com\/de\",\"logo\":{\"@type\":\"ImageObject\",\"inLanguage\":\"de\",\"@id\":\"https:\/\/alamocostadelsol.com\/de#\/schema\/logo\/image\/\",\"url\":\"https:\/\/alamocostadelsol.com\/wp-content\/uploads\/2024\/05\/alamo-costa-del-sol-logotype.png\",\"contentUrl\":\"https:\/\/alamocostadelsol.com\/wp-content\/uploads\/2024\/05\/alamo-costa-del-sol-logotype.png\",\"width\":773,\"height\":170,\"caption\":\"Alamo - makes your dream come true at costa del sol\"},\"image\":{\"@id\":\"https:\/\/alamocostadelsol.com\/de#\/schema\/logo\/image\/\"},\"sameAs\":[\"https:\/\/www.facebook.com\/alamocostadelsol\",\"https:\/\/www.instagram.com\/alamocostadelsol\/\"]}]}<\/script>\n<!-- \/ Yoast SEO plugin. -->","yoast_head_json":{"title":"Alla Skaletska | Immobilienmakler an der Costa del Sol","description":"Alla Skaletska ist Immobilienmaklerin bei Alamo Costa del Sol und unterst\u00fctzt K\u00e4ufer und Verk\u00e4ufer mit lokalem Fachwissen und pers\u00f6nlichem Service.","robots":{"index":"index","follow":"follow","max-snippet":"max-snippet:-1","max-image-preview":"max-image-preview:large","max-video-preview":"max-video-preview:-1"},"canonical":"https:\/\/alamocostadelsol.com\/de\/ueber-alamo\/alla-skaletska","og_locale":"de_DE","og_type":"article","og_title":"Alla Skaletska | Immobilienmakler an der Costa del Sol","og_description":"Alla Skaletska ist Immobilienmaklerin bei Alamo Costa del Sol und unterst\u00fctzt K\u00e4ufer und Verk\u00e4ufer mit lokalem Fachwissen und pers\u00f6nlichem Service.","og_url":"https:\/\/alamocostadelsol.com\/de\/ueber-alamo\/alla-skaletska","og_site_name":"Alamo - makes your dream come true at costa del sol","article_publisher":"https:\/\/www.facebook.com\/alamocostadelsol","article_modified_time":"2026-01-27T13:24:41+00:00","twitter_card":"summary_large_image","twitter_misc":{"Gesch\u00e4tzte Lesezeit":"1\u00a0Minute"},"schema":{"@context":"https:\/\/schema.org","@graph":[{"@type":"WebPage","@id":"https:\/\/alamocostadelsol.com\/de\/ueber-alamo\/alla-skaletska","url":"https:\/\/alamocostadelsol.com\/de\/ueber-alamo\/alla-skaletska","name":"Alla Skaletska | Immobilienmakler an der Costa del Sol","isPartOf":{"@id":"https:\/\/alamocostadelsol.com\/de#website"},"datePublished":"2024-06-10T17:31:00+00:00","dateModified":"2026-01-27T13:24:41+00:00","description":"Alla Skaletska ist Immobilienmaklerin bei Alamo Costa del Sol und unterst\u00fctzt K\u00e4ufer und Verk\u00e4ufer mit lokalem Fachwissen und pers\u00f6nlichem Service.","breadcrumb":{"@id":"https:\/\/alamocostadelsol.com\/de\/ueber-alamo\/alla-skaletska#breadcrumb"},"inLanguage":"de","potentialAction":[{"@type":"ReadAction","target":["https:\/\/alamocostadelsol.com\/de\/ueber-alamo\/alla-skaletska"]}]},{"@type":"BreadcrumbList","@id":"https:\/\/alamocostadelsol.com\/de\/ueber-alamo\/alla-skaletska#breadcrumb","itemListElement":[{"@type":"ListItem","position":1,"name":"Home","item":"https:\/\/alamocostadelsol.com\/de"},{"@type":"ListItem","position":2,"name":"\u00dcber Alamo","item":"https:\/\/alamocostadelsol.com\/de\/ueber-alamo"},{"@type":"ListItem","position":3,"name":"Alla Skaletska"}]},{"@type":"WebSite","@id":"https:\/\/alamocostadelsol.com\/de#website","url":"https:\/\/alamocostadelsol.com\/de","name":"Alamo - makes your dream come true at costa del sol","description":"","publisher":{"@id":"https:\/\/alamocostadelsol.com\/de#organization"},"potentialAction":[{"@type":"SearchAction","target":{"@type":"EntryPoint","urlTemplate":"https:\/\/alamocostadelsol.com\/de?s={search_term_string}"},"query-input":{"@type":"PropertyValueSpecification","valueRequired":true,"valueName":"search_term_string"}}],"inLanguage":"de"},{"@type":"Organization","@id":"https:\/\/alamocostadelsol.com\/de#organization","name":"Alamo - makes your dream come true at costa del sol","url":"https:\/\/alamocostadelsol.com\/de","logo":{"@type":"ImageObject","inLanguage":"de","@id":"https:\/\/alamocostadelsol.com\/de#\/schema\/logo\/image\/","url":"https:\/\/alamocostadelsol.com\/wp-content\/uploads\/2024\/05\/alamo-costa-del-sol-logotype.png","contentUrl":"https:\/\/alamocostadelsol.com\/wp-content\/uploads\/2024\/05\/alamo-costa-del-sol-logotype.png","width":773,"height":170,"caption":"Alamo - makes your dream come true at costa del sol"},"image":{"@id":"https:\/\/alamocostadelsol.com\/de#\/schema\/logo\/image\/"},"sameAs":["https:\/\/www.facebook.com\/alamocostadelsol","https:\/\/www.instagram.com\/alamocostadelsol\/"]}]}},"_links":{"self":[{"href":"https:\/\/alamocostadelsol.com\/de\/wp-json\/wp\/v2\/pages\/18815609","targetHints":{"allow":["GET"]}}],"collection":[{"href":"https:\/\/alamocostadelsol.com\/de\/wp-json\/wp\/v2\/pages"}],"about":[{"href":"https:\/\/alamocostadelsol.com\/de\/wp-json\/wp\/v2\/types\/page"}],"author":[{"embeddable":true,"href":"https:\/\/alamocostadelsol.com\/de\/wp-json\/wp\/v2\/users\/3"}],"replies":[{"embeddable":true,"href":"https:\/\/alamocostadelsol.com\/de\/wp-json\/wp\/v2\/comments?post=18815609"}],"version-history":[{"count":2,"href":"https:\/\/alamocostadelsol.com\/de\/wp-json\/wp\/v2\/pages\/18815609\/revisions"}],"predecessor-version":[{"id":18815611,"href":"https:\/\/alamocostadelsol.com\/de\/wp-json\/wp\/v2\/pages\/18815609\/revisions\/18815611"}],"up":[{"embeddable":true,"href":"https:\/\/alamocostadelsol.com\/de\/wp-json\/wp\/v2\/pages\/18812185"}],"wp:attachment":[{"href":"https:\/\/alamocostadelsol.com\/de\/wp-json\/wp\/v2\/media?parent=18815609"}],"wp:term":[{"taxonomy":"dipi_cpt_category","embeddable":true,"href":"https:\/\/alamocostadelsol.com\/de\/wp-json\/wp\/v2\/dipi_cpt_category?post=18815609"}],"curies":[{"name":"wp","href":"https:\/\/api.w.org\/{rel}","templated":true}]}}