{"id":18814513,"date":"2025-05-12T13:41:24","date_gmt":"2025-05-12T11:41:24","guid":{"rendered":"https:\/\/alamocostadelsol.com\/leitfaden-herunterladen"},"modified":"2026-01-12T16:44:22","modified_gmt":"2026-01-12T15:44:22","slug":"leitfaden-herunterladen","status":"publish","type":"page","link":"https:\/\/alamocostadelsol.com\/de\/leitfaden-herunterladen","title":{"rendered":"Leitfaden herunterladen"},"content":{"rendered":"<p>[et_pb_section fb_built=&#8220;1&#8243; admin_label=&#8220;section&#8220; _builder_version=&#8220;4.16&#8243; global_colors_info=&#8220;{}&#8220;][et_pb_row admin_label=&#8220;rudern&#8220; _builder_version=&#8220;4.16&#8243; background_size=&#8220;initial&#8220; background_position=&#8220;top_left&#8220; background_repeat=&#8220;repeat&#8220; global_colors_info=&#8220;{}&#8220;][et_pb_column type=&#8220;4_4&#8243; _builder_version=&#8220;4.16&#8243; custom_padding=&#8220;|||&#8220; global_colors_info=&#8220;{}&#8220; custom_padding__hover=&#8220;|||&#8220;][et_pb_text admin_label=&#8220;Text&#8220; _builder_version=&#8220;4.27.4&#8243; background_size=&#8220;initial&#8220; background_position=&#8220;top_left&#8220; background_repeat=&#8220;repeat&#8220; hover_enabled=&#8220;0&#8243; global_colors_info=&#8220;{}&#8220; sticky_enabled=&#8220;0&#8243;]<\/p>\n<p>&nbsp;<\/p>\n<h1 style=\"text-align: center;\">\u2705 Danke, dass Sie unseren Leitfaden angefordert haben!<\/h1>\n<h1 style=\"text-align: center;\">Laden Sie es in Ihrer bevorzugten Sprache herunter:<\/h1>\n<p>[\/et_pb_text][\/et_pb_column][\/et_pb_row][et_pb_row column_structure=&#8220;1_2,1_2&#8243; _builder_version=&#8220;4.27.4&#8243; _module_preset=&#8220;default&#8220; hover_enabled=&#8220;0&#8243; global_colors_info=&#8220;{}&#8220; sticky_enabled=&#8220;0&#8243;][et_pb_column type=&#8220;1_2&#8243; _builder_version=&#8220;4.27.4&#8243; _module_preset=&#8220;default&#8220; global_colors_info=&#8220;{}&#8220;][et_pb_text _builder_version=&#8220;4.27.4&#8243; _module_preset=&#8220;default&#8220; hover_enabled=&#8220;0&#8243; global_colors_info=&#8220;{}&#8220; sticky_enabled=&#8220;0&#8243; custom_padding=&#8220;|||261px||&#8220;]<\/p>\n<h1 style=\"text-align: center;\"><strong data-start=\"1006\" data-end=\"1039\">K\u00e4uferleitfaden<\/strong><\/h1>\n<h1 style=\"text-align: center;\"><strong data-start=\"1006\" data-end=\"1039\">\ud83d\udc49<a href=\"https:\/\/alamocostadelsol.com\/wp-content\/uploads\/2025\/09\/English-Buyers-Guide.pdf\" target=\"_blank\" rel=\"noopener\"> <span style=\"text-decoration: underline;\">Englisch<\/span><\/a><\/strong><\/h1>\n<h1 style=\"text-align: center;\"><strong data-start=\"1006\" data-end=\"1039\">\ud83d\udc49<a href=\"https:\/\/alamocostadelsol.com\/wp-content\/uploads\/2025\/09\/Swedish-Buyers-Guide.pdf\" target=\"_blank\" rel=\"noopener\"> <span style=\"text-decoration: underline;\">Svenska<\/span><\/a><\/strong><\/h1>\n<h1 style=\"text-align: center;\"><strong data-start=\"1006\" data-end=\"1039\">\ud83d\udc49<a href=\"https:\/\/alamocostadelsol.com\/wp-content\/uploads\/2025\/09\/Spanish-Buyers-Guide.pdf\" target=\"_blank\" rel=\"noopener\"> <span style=\"text-decoration: underline;\">Espa\u00f1ol<\/span><\/a><\/strong><\/h1>\n<p><strong data-start=\"1006\" data-end=\"1039\"><\/strong><\/p>\n<p>[\/et_pb_text][\/et_pb_column][et_pb_column type=&#8220;1_2&#8243; _builder_version=&#8220;4.27.4&#8243; _module_preset=&#8220;default&#8220; global_colors_info=&#8220;{}&#8220;][et_pb_text _builder_version=&#8220;4.27.4&#8243; _module_preset=&#8220;default&#8220; hover_enabled=&#8220;0&#8243; global_colors_info=&#8220;{}&#8220; sticky_enabled=&#8220;0&#8243; width=&#8220;63.9%&#8220;]<\/p>\n<h1 style=\"text-align: center;\"><strong>Verk\u00e4uferleitfaden<\/strong><\/h1>\n<h1 style=\"text-align: center;\"><strong data-start=\"1006\" data-end=\"1039\">\ud83d\udc49<a href=\"https:\/\/alamocostadelsol.com\/wp-content\/uploads\/2025\/09\/Sellers-Guide-English.pdf\" target=\"_blank\" rel=\"noopener\"> <span style=\"text-decoration: underline;\">Englisch<\/span><\/a><\/strong><\/h1>\n<h1 style=\"text-align: center;\"><strong data-start=\"1006\" data-end=\"1039\">\ud83d\udc49<a href=\"https:\/\/alamocostadelsol.com\/wp-content\/uploads\/2025\/09\/Sellers-Guide-Swedish.pdf\" target=\"_blank\" rel=\"noopener\"> <span style=\"text-decoration: underline;\">Svenska<\/span><\/a><\/strong><\/h1>\n<h1 style=\"text-align: center;\"><strong data-start=\"1006\" data-end=\"1039\">\ud83d\udc49<a href=\"https:\/\/alamocostadelsol.com\/wp-content\/uploads\/2025\/09\/Sellers-Guide-Spanish.pdf\" target=\"_blank\" rel=\"noopener\"> <span style=\"text-decoration: underline;\">Espa\u00f1ol<\/span><\/a><\/strong><\/h1>\n<p>[\/et_pb_text][\/et_pb_column][\/et_pb_row][\/et_pb_section]<\/p>\n","protected":false},"excerpt":{"rendered":"<p>&nbsp; \u2705 Danke, dass Sie unseren Leitfaden angefordert haben! Laden Sie es in Ihrer bevorzugten Sprache herunter:K\u00e4uferleitfaden \ud83d\udc49 Englisch \ud83d\udc49 Svenska \ud83d\udc49 Espa\u00f1ol Verk\u00e4uferleitfaden \ud83d\udc49 Englisch \ud83d\udc49 Svenska \ud83d\udc49 Espa\u00f1ol<\/p>\n","protected":false},"author":3,"featured_media":0,"parent":0,"menu_order":0,"comment_status":"closed","ping_status":"closed","template":"","meta":{"_et_pb_use_builder":"on","_et_pb_old_content":"","_et_gb_content_width":"","footnotes":""},"dipi_cpt_category":[],"class_list":["post-18814513","page","type-page","status-publish","hentry"],"yoast_head":"<!-- This site is optimized with the Yoast SEO plugin v25.8 - https:\/\/yoast.com\/wordpress\/plugins\/seo\/ -->\n<title>Laden Sie Ihren Costa del Sol Immobilienleitfaden herunter | Alamo<\/title>\n<meta name=\"description\" content=\"Vielen Dank f\u00fcr die Anfrage zu unserem Costa del Sol Immobilienf\u00fchrer. Laden Sie unten Ihren K\u00e4ufer- oder Verk\u00e4uferleitfaden in Ihrer bevorzugten Sprache herunter.\" \/>\n<meta name=\"robots\" content=\"noindex, nofollow\" \/>\n<meta property=\"og:locale\" content=\"de_DE\" \/>\n<meta property=\"og:type\" content=\"article\" \/>\n<meta property=\"og:title\" content=\"Laden Sie Ihren Costa del Sol Immobilienleitfaden herunter | Alamo\" \/>\n<meta property=\"og:description\" content=\"Vielen Dank f\u00fcr die Anfrage zu unserem Costa del Sol Immobilienf\u00fchrer. Laden Sie unten Ihren K\u00e4ufer- oder Verk\u00e4uferleitfaden in Ihrer bevorzugten Sprache herunter.\" \/>\n<meta property=\"og:url\" content=\"https:\/\/alamocostadelsol.com\/de\/leitfaden-herunterladen\" \/>\n<meta property=\"og:site_name\" content=\"Alamo - makes your dream come true at costa del sol\" \/>\n<meta property=\"article:publisher\" content=\"https:\/\/www.facebook.com\/alamocostadelsol\" \/>\n<meta property=\"article:modified_time\" content=\"2026-01-12T15:44:22+00:00\" \/>\n<meta name=\"twitter:card\" content=\"summary_large_image\" \/>\n<meta name=\"twitter:label1\" content=\"Gesch\u00e4tzte Lesezeit\" \/>\n\t<meta name=\"twitter:data1\" content=\"1\u00a0Minute\" \/>\n<script type=\"application\/ld+json\" class=\"yoast-schema-graph\">{\"@context\":\"https:\/\/schema.org\",\"@graph\":[{\"@type\":\"WebPage\",\"@id\":\"https:\/\/alamocostadelsol.com\/de\/leitfaden-herunterladen\",\"url\":\"https:\/\/alamocostadelsol.com\/de\/leitfaden-herunterladen\",\"name\":\"Laden Sie Ihren Costa del Sol Immobilienleitfaden herunter | Alamo\",\"isPartOf\":{\"@id\":\"https:\/\/alamocostadelsol.com\/de#website\"},\"datePublished\":\"2025-05-12T11:41:24+00:00\",\"dateModified\":\"2026-01-12T15:44:22+00:00\",\"description\":\"Vielen Dank f\u00fcr die Anfrage zu unserem Costa del Sol Immobilienf\u00fchrer. Laden Sie unten Ihren K\u00e4ufer- oder Verk\u00e4uferleitfaden in Ihrer bevorzugten Sprache herunter.\",\"breadcrumb\":{\"@id\":\"https:\/\/alamocostadelsol.com\/de\/leitfaden-herunterladen#breadcrumb\"},\"inLanguage\":\"de\",\"potentialAction\":[{\"@type\":\"ReadAction\",\"target\":[\"https:\/\/alamocostadelsol.com\/de\/leitfaden-herunterladen\"]}]},{\"@type\":\"BreadcrumbList\",\"@id\":\"https:\/\/alamocostadelsol.com\/de\/leitfaden-herunterladen#breadcrumb\",\"itemListElement\":[{\"@type\":\"ListItem\",\"position\":1,\"name\":\"Home\",\"item\":\"https:\/\/alamocostadelsol.com\/de\"},{\"@type\":\"ListItem\",\"position\":2,\"name\":\"Leitfaden herunterladen\"}]},{\"@type\":\"WebSite\",\"@id\":\"https:\/\/alamocostadelsol.com\/de#website\",\"url\":\"https:\/\/alamocostadelsol.com\/de\",\"name\":\"Alamo - makes your dream come true at costa del sol\",\"description\":\"\",\"publisher\":{\"@id\":\"https:\/\/alamocostadelsol.com\/de#organization\"},\"potentialAction\":[{\"@type\":\"SearchAction\",\"target\":{\"@type\":\"EntryPoint\",\"urlTemplate\":\"https:\/\/alamocostadelsol.com\/de?s={search_term_string}\"},\"query-input\":{\"@type\":\"PropertyValueSpecification\",\"valueRequired\":true,\"valueName\":\"search_term_string\"}}],\"inLanguage\":\"de\"},{\"@type\":\"Organization\",\"@id\":\"https:\/\/alamocostadelsol.com\/de#organization\",\"name\":\"Alamo - makes your dream come true at costa del sol\",\"url\":\"https:\/\/alamocostadelsol.com\/de\",\"logo\":{\"@type\":\"ImageObject\",\"inLanguage\":\"de\",\"@id\":\"https:\/\/alamocostadelsol.com\/de#\/schema\/logo\/image\/\",\"url\":\"https:\/\/alamocostadelsol.com\/wp-content\/uploads\/2024\/05\/alamo-costa-del-sol-logotype.png\",\"contentUrl\":\"https:\/\/alamocostadelsol.com\/wp-content\/uploads\/2024\/05\/alamo-costa-del-sol-logotype.png\",\"width\":773,\"height\":170,\"caption\":\"Alamo - makes your dream come true at costa del sol\"},\"image\":{\"@id\":\"https:\/\/alamocostadelsol.com\/de#\/schema\/logo\/image\/\"},\"sameAs\":[\"https:\/\/www.facebook.com\/alamocostadelsol\",\"https:\/\/www.instagram.com\/alamocostadelsol\/\"]}]}<\/script>\n<!-- \/ Yoast SEO plugin. -->","yoast_head_json":{"title":"Laden Sie Ihren Costa del Sol Immobilienleitfaden herunter | Alamo","description":"Vielen Dank f\u00fcr die Anfrage zu unserem Costa del Sol Immobilienf\u00fchrer. Laden Sie unten Ihren K\u00e4ufer- oder Verk\u00e4uferleitfaden in Ihrer bevorzugten Sprache herunter.","robots":{"index":"noindex","follow":"nofollow"},"og_locale":"de_DE","og_type":"article","og_title":"Laden Sie Ihren Costa del Sol Immobilienleitfaden herunter | Alamo","og_description":"Vielen Dank f\u00fcr die Anfrage zu unserem Costa del Sol Immobilienf\u00fchrer. Laden Sie unten Ihren K\u00e4ufer- oder Verk\u00e4uferleitfaden in Ihrer bevorzugten Sprache herunter.","og_url":"https:\/\/alamocostadelsol.com\/de\/leitfaden-herunterladen","og_site_name":"Alamo - makes your dream come true at costa del sol","article_publisher":"https:\/\/www.facebook.com\/alamocostadelsol","article_modified_time":"2026-01-12T15:44:22+00:00","twitter_card":"summary_large_image","twitter_misc":{"Gesch\u00e4tzte Lesezeit":"1\u00a0Minute"},"schema":{"@context":"https:\/\/schema.org","@graph":[{"@type":"WebPage","@id":"https:\/\/alamocostadelsol.com\/de\/leitfaden-herunterladen","url":"https:\/\/alamocostadelsol.com\/de\/leitfaden-herunterladen","name":"Laden Sie Ihren Costa del Sol Immobilienleitfaden herunter | Alamo","isPartOf":{"@id":"https:\/\/alamocostadelsol.com\/de#website"},"datePublished":"2025-05-12T11:41:24+00:00","dateModified":"2026-01-12T15:44:22+00:00","description":"Vielen Dank f\u00fcr die Anfrage zu unserem Costa del Sol Immobilienf\u00fchrer. Laden Sie unten Ihren K\u00e4ufer- oder Verk\u00e4uferleitfaden in Ihrer bevorzugten Sprache herunter.","breadcrumb":{"@id":"https:\/\/alamocostadelsol.com\/de\/leitfaden-herunterladen#breadcrumb"},"inLanguage":"de","potentialAction":[{"@type":"ReadAction","target":["https:\/\/alamocostadelsol.com\/de\/leitfaden-herunterladen"]}]},{"@type":"BreadcrumbList","@id":"https:\/\/alamocostadelsol.com\/de\/leitfaden-herunterladen#breadcrumb","itemListElement":[{"@type":"ListItem","position":1,"name":"Home","item":"https:\/\/alamocostadelsol.com\/de"},{"@type":"ListItem","position":2,"name":"Leitfaden herunterladen"}]},{"@type":"WebSite","@id":"https:\/\/alamocostadelsol.com\/de#website","url":"https:\/\/alamocostadelsol.com\/de","name":"Alamo - makes your dream come true at costa del sol","description":"","publisher":{"@id":"https:\/\/alamocostadelsol.com\/de#organization"},"potentialAction":[{"@type":"SearchAction","target":{"@type":"EntryPoint","urlTemplate":"https:\/\/alamocostadelsol.com\/de?s={search_term_string}"},"query-input":{"@type":"PropertyValueSpecification","valueRequired":true,"valueName":"search_term_string"}}],"inLanguage":"de"},{"@type":"Organization","@id":"https:\/\/alamocostadelsol.com\/de#organization","name":"Alamo - makes your dream come true at costa del sol","url":"https:\/\/alamocostadelsol.com\/de","logo":{"@type":"ImageObject","inLanguage":"de","@id":"https:\/\/alamocostadelsol.com\/de#\/schema\/logo\/image\/","url":"https:\/\/alamocostadelsol.com\/wp-content\/uploads\/2024\/05\/alamo-costa-del-sol-logotype.png","contentUrl":"https:\/\/alamocostadelsol.com\/wp-content\/uploads\/2024\/05\/alamo-costa-del-sol-logotype.png","width":773,"height":170,"caption":"Alamo - makes your dream come true at costa del sol"},"image":{"@id":"https:\/\/alamocostadelsol.com\/de#\/schema\/logo\/image\/"},"sameAs":["https:\/\/www.facebook.com\/alamocostadelsol","https:\/\/www.instagram.com\/alamocostadelsol\/"]}]}},"_links":{"self":[{"href":"https:\/\/alamocostadelsol.com\/de\/wp-json\/wp\/v2\/pages\/18814513","targetHints":{"allow":["GET"]}}],"collection":[{"href":"https:\/\/alamocostadelsol.com\/de\/wp-json\/wp\/v2\/pages"}],"about":[{"href":"https:\/\/alamocostadelsol.com\/de\/wp-json\/wp\/v2\/types\/page"}],"author":[{"embeddable":true,"href":"https:\/\/alamocostadelsol.com\/de\/wp-json\/wp\/v2\/users\/3"}],"replies":[{"embeddable":true,"href":"https:\/\/alamocostadelsol.com\/de\/wp-json\/wp\/v2\/comments?post=18814513"}],"version-history":[{"count":3,"href":"https:\/\/alamocostadelsol.com\/de\/wp-json\/wp\/v2\/pages\/18814513\/revisions"}],"predecessor-version":[{"id":18814522,"href":"https:\/\/alamocostadelsol.com\/de\/wp-json\/wp\/v2\/pages\/18814513\/revisions\/18814522"}],"wp:attachment":[{"href":"https:\/\/alamocostadelsol.com\/de\/wp-json\/wp\/v2\/media?parent=18814513"}],"wp:term":[{"taxonomy":"dipi_cpt_category","embeddable":true,"href":"https:\/\/alamocostadelsol.com\/de\/wp-json\/wp\/v2\/dipi_cpt_category?post=18814513"}],"curies":[{"name":"wp","href":"https:\/\/api.w.org\/{rel}","templated":true}]}}