{"id":18812261,"date":"2025-06-04T14:59:01","date_gmt":"2025-06-04T12:59:01","guid":{"rendered":"https:\/\/alamocostadelsol.com\/einkaufsfuehrer"},"modified":"2025-06-18T15:20:32","modified_gmt":"2025-06-18T13:20:32","slug":"einkaufsfuehrer","status":"publish","type":"page","link":"https:\/\/alamocostadelsol.com\/de\/einkaufsfuehrer","title":{"rendered":"Immobilienkauf-Ratgeber"},"content":{"rendered":"<p>[et_pb_section fb_built=&#8220;1&#8243; _builder_version=&#8220;4.27.4&#8243; _module_preset=&#8220;default&#8220; global_colors_info=&#8220;{}&#8220;][et_pb_row _builder_version=&#8220;4.27.4&#8243; _module_preset=&#8220;default&#8220; global_colors_info=&#8220;{}&#8220;][et_pb_column type=&#8220;4_4&#8243; _builder_version=&#8220;4.27.4&#8243; _module_preset=&#8220;default&#8220; global_colors_info=&#8220;{}&#8220;][et_pb_image src=&#8220;https:\/\/alamocostadelsol.com\/wp-content\/uploads\/2025\/05\/Want-more-detailed-information-Download-our-complete-Buyers-Guide-940-x-788-px-e1747050243850.jpg&#8220; title_text=&#8220;M\u00f6chten Sie detailliertere Informationen Laden Sie unseren vollst\u00e4ndigen Buyer&#039;s Guide herunter (940 x 788 px)&#8220; _builder_version=&#8220;4.27.4&#8243; _module_preset=&#8220;default&#8220; width_tablet=&#8220;&#8220; width_phone=&#8220;&#8220; width_last_edited=&#8220;on|desktop&#8220; max_width=&#8220;81%&#8220; module_alignment=&#8220;center&#8220; module_alignment_tablet=&#8220;center&#8220; module_alignment_phone=&#8220;center&#8220; module_alignment_last_edited=&#8220;on|desktop&#8220; global_colors_info=&#8220;{}&#8220;][\/et_pb_image][et_pb_contact_form use_spam_service=&#8220;on&#8220; recaptcha_list=&#8220;Alamo ReCap forms|Alamo ReCap forms-0&#8243; email=&#8220;contact@alamocostadelsol.com&#8220; title=&#8220;Holen Sie sich den vollst\u00e4ndigen Immobilienkauf-Ratgeber&#8220; custom_message=&#8220;Ein neuer Benutzer hat den Buyer&#039;s Guide angefordert.||et_pb_line_break_holder||||et_pb_line_break_holder||E-Mail: %%Email%%||et_pb_line_break_holder||&#8220; use_redirect=&#8220;on&#8220; redirect_url=&#8220;https:\/\/alamocostadelsol.com\/guide-download&#8220; success_message=&#8220;Vielen Dank, dass Sie unseren Immobilienkauf-Ratgeber angefordert haben!&#8220; submit_button_text=&#8220;Jetzt herunterladen&#8220; _builder_version=&#8220;4.27.4&#8243; _module_preset=&#8220;default&#8220; _unique_id=&#8220;a4d7076c-8199-4434-8e35-24332353c404&#8243; form_field_background_color=&#8220;#f9f9f9&#8243; title_level=&#8220;h2&#8243; title_font=&#8220;Marcellus|700|||||||&#8220; title_text_align=&#8220;center&#8220; title_line_height=&#8220;1.8em&#8220; form_field_font=&#8220;Marcellus|&#8211;et_global_body_font_weight|||||||&#8220; form_field_text_align=&#8220;left&#8220; form_field_font_size=&#8220;16px&#8220; background_color=&#8220;#FFFFFF&#8220; custom_button=&#8220;on&#8220; button_text_color=&#8220;#FFFFFF&#8220; button_bg_color=&#8220;#003c58&#8243; button_border_width=&#8220;2px&#8220; button_border_radius=&#8220;25px&#8220; button_font=&#8220;Marcellus|700|||||||&#8220; button_use_icon=&#8220;off&#8220; button_custom_margin=&#8220;||||false|false&#8220; button_custom_padding=&#8220;||||false|false&#8220; width=&#8220;100%&#8220; width_tablet=&#8220;100%&#8220; width_phone=&#8220;102%&#8220; width_last_edited=&#8220;on|tablet&#8220; max_width=&#8220;46%&#8220; max_width_tablet=&#8220;62%&#8220; max_width_phone=&#8220;100%&#8220; max_width_last_edited=&#8220;on|phone&#8220; module_alignment=&#8220;center&#8220; height=&#8220;254px&#8220; custom_margin=&#8220;||-117px|||&#8220; custom_padding=&#8220;5%|5%|0%|5%|false|false&#8220; button_text_size_tablet=&#8220;&#8220; button_text_size_phone=&#8220;15px&#8220; button_text_size_last_edited=&#8220;on|desktop&#8220; border_radii=&#8220;on|25px|25px|25px|25px&#8220; global_colors_info=&#8220;{}&#8220;][et_pb_contact_field field_id=&#8220;Email&#8220; field_title=&#8220;E-Mail&#8220; field_type=&#8220;email&#8220; fullwidth_field=&#8220;on&#8220; _builder_version=&#8220;4.27.0&#8243; global_colors_info=&#8220;{}&#8220; button_text_size__hover_enabled=&#8220;off&#8220; button_one_text_size__hover_enabled=&#8220;off&#8220; button_two_text_size__hover_enabled=&#8220;off&#8220; button_text_color__hover_enabled=&#8220;off&#8220; button_one_text_color__hover_enabled=&#8220;off&#8220; button_two_text_color__hover_enabled=&#8220;off&#8220; button_border_width__hover_enabled=&#8220;off&#8220; button_one_border_width__hover_enabled=&#8220;off&#8220; button_two_border_width__hover_enabled=&#8220;off&#8220; button_border_color__hover_enabled=&#8220;off&#8220; button_one_border_color__hover_enabled=&#8220;off&#8220; button_two_border_color__hover_enabled=&#8220;off&#8220; button_border_radius__hover_enabled=&#8220;off&#8220; button_one_border_radius__hover_enabled=&#8220;off&#8220; button_two_border_radius__hover_enabled=&#8220;off&#8220; button_letter_spacing__hover_enabled=&#8220;off&#8220; button_one_letter_spacing__hover_enabled=&#8220;off&#8220; button_two_letter_spacing__hover_enabled=&#8220;off&#8220; button_bg_color__hover_enabled=&#8220;off&#8220; button_one_bg_color__hover_enabled=&#8220;off&#8220; button_two_bg_color__hover_enabled=&#8220;off&#8220;][\/et_pb_contact_field][\/et_pb_contact_form][\/et_pb_column][\/et_pb_row][et_pb_row _builder_version=&#8220;4.27.4&#8243; _module_preset=&#8220;default&#8220;][et_pb_column _builder_version=&#8220;4.27.4&#8243; _module_preset=&#8220;default&#8220; type=&#8220;4_4&#8243;][et_pb_text _builder_version=&#8220;4.27.4&#8243; _module_preset=&#8220;default&#8220; hover_enabled=&#8220;0&#8243; sticky_enabled=&#8220;0&#8243;]<\/p>\n<p><strong data-start=\"61\" data-end=\"209\">Der Kauf eines Hauses oder einer Wohnung in Spanien ist nicht kompliziert, aber der Prozess kann ganz anders sein, als viele internationale K\u00e4ufer es gewohnt sind.<\/strong><span> <\/span><\/p>\n<p>Ein Immobilienkauf dauert in der Regel etwa 6-8 Wochen und wird vollst\u00e4ndig auf Spanisch abgewickelt. Es gibt viele wichtige Schritte, die Sie im Auge behalten m\u00fcssen, und wir sind hier, um Sie durch den Prozess zu f\u00fchren. Wir empfehlen au\u00dferdem, einen unabh\u00e4ngigen Anwalt zu beauftragen, der Sie bei allen rechtlichen Aspekten des Kaufs unterst\u00fctzen kann.  <\/p>\n<p><span><strong>1. BESICHTIGUNG UND BIETEN<\/strong><\/span><br \/><span>Nach Besichtigung, Gebot und Verhandlung einigen sich K\u00e4ufer und Verk\u00e4ufer auf einen Verkaufspreis.<\/span><\/p>\n<p><span><strong>2. RESERVIERUNGSVERTRAG<\/strong><\/span><br \/><span>(Contrato de Reserva)<\/span><br \/><span>Ein einfaches Dokument, in dem der Preis und die Zahlungsbedingungen, das Datum der Unterzeichnung der Urkunde, ob die Ausstattung inbegriffen ist und ob der Kauf mit einer Hypothek, einer Besichtigung usw. verbunden ist, festgelegt sind. 6.000 Euro sind als Kaution zu zahlen. Dieses Dokument wird entweder im B\u00fcro des Maklers unterschrieben oder per E-Mail an den K\u00e4ufer gesendet, der es dann unterschreibt und an den Makler zur\u00fccksendet.   <\/span><\/p>\n<p><span><strong>3. RECHTLICHE PR\u00dcFUNG UND SAMMLUNG VON UNTERLAGEN F\u00dcR DIE IMMOBILIE<\/strong><\/span><br \/><span>Der Anwalt setzt sich mit dem gesetzlichen Vertreter des Verk\u00e4ufers in Verbindung und sammelt alle relevanten Unterlagen f\u00fcr die Immobilie und \u00fcberpr\u00fcft, ob alle Genehmigungen und Lizenzen der Gemeinde in Ordnung sind und dass keine ausstehenden Schulden, Hypotheken, Kosten, Mieter und Steuern f\u00fcr die Immobilie ausstehen.<\/span><\/p>\n<p><span><strong>4. PRIVATER KAUFVERTRAG<\/strong><\/span><br \/><span>(Contrato de Compraventa)<\/span><br \/><span>Sobald der Anwalt die Immobilie untersucht und best\u00e4tigt hat, dass alles in Ordnung ist, k\u00f6nnen K\u00e4ufer und Verk\u00e4ufer den Kaufvertrag unterzeichnen. Der Vertrag ist sehr detailliert und enth\u00e4lt eine umfassende rechtliche Beschreibung der Immobilie selbst. Es enth\u00e4lt auch alle pers\u00f6nlichen Daten von K\u00e4ufern und Verk\u00e4ufern, den Kaufpreis, den Zahlungsplan, das voraussichtliche Datum der Unterzeichnung der Eigentumsurkunde und andere rechtliche Klauseln. Im Zusammenhang mit der Vertragsunterzeichnung zahlt der K\u00e4ufer in der Regel 10% des Gesamtverkaufspreises der Immobilie.   <\/span><\/p>\n<p><span><strong>5. EIGENTUMSURKUNDE<\/strong><\/span><br \/><span>(Escritura de Compraventa)<\/span><br \/><span>In Spanien ist der letzte Schritt beim Immobilienkauf der Gang zum Notar. Es handelt sich um einen formellen Akt und beide Parteien, sowohl K\u00e4ufer als auch Verk\u00e4ufer, treffen sich entweder mit ihren Anw\u00e4lten oder die Anw\u00e4lte allein mit einer Vollmacht ihrer Mandanten mit dem Notar, um die Eigentumsurkunde zu unterzeichnen. In derselben Handlung zahlt der K\u00e4ufer den Restbetrag des vereinbarten Verkaufspreises an den Verk\u00e4ufer und der Verk\u00e4ufer \u00fcbergibt dem K\u00e4ufer die Schl\u00fcssel der Immobilie. Von diesem Moment an ist der K\u00e4ufer der rechtm\u00e4\u00dfige Eigent\u00fcmer der Immobilie. Die Eigentumsurkunde muss von drei Parteien unterzeichnet werden: dem Verk\u00e4ufer, dem K\u00e4ufer und dem Notar.    <\/span><\/p>\n<p><span><strong>6. REGISTRIERUNG DES KAUFS<\/strong><\/span><br \/><span>Wenige Tage nach Unterzeichnung der Eigentumsurkunde kann sie beim Notar abgeholt werden, danach wird sie an das Grundbuch \u00fcbergeben, das sicherstellt, dass die Immobilie offiziell auf den Namen des neuen Eigent\u00fcmers eingetragen wird. Nun sind alle Kosten, Steuern, \u00dcberweisungsgeb\u00fchren und andere Rechtskosten bezahlt. Ihr Anwalt stellt sicher, dass alle Vertr\u00e4ge wie Wasser, Strom, Eigent\u00fcmergemeinschaft usw. sowie verschiedene Steuern im Zusammenhang mit der Immobilie an den neuen Eigent\u00fcmer unterzeichnet und per Lastschrift vom Bankkonto des neuen Eigent\u00fcmers bezahlt werden.  <\/span><\/p>\n<p>[\/et_pb_text][\/et_pb_column][\/et_pb_row][\/et_pb_section]<\/p>\n","protected":false},"excerpt":{"rendered":"<p>Der Kauf eines Hauses oder einer Wohnung in Spanien ist nicht kompliziert, aber der Prozess kann ganz anders sein, als viele internationale K\u00e4ufer es gewohnt sind. Ein Immobilienkauf dauert in der Regel etwa 6-8 Wochen und wird vollst\u00e4ndig auf Spanisch abgewickelt. Es gibt viele wichtige Schritte, die Sie im Auge behalten m\u00fcssen, und wir sind [&hellip;]<\/p>\n","protected":false},"author":3,"featured_media":0,"parent":0,"menu_order":0,"comment_status":"closed","ping_status":"closed","template":"","meta":{"_et_pb_use_builder":"on","_et_pb_old_content":"","_et_gb_content_width":"","footnotes":""},"dipi_cpt_category":[],"class_list":["post-18812261","page","type-page","status-publish","hentry"],"yoast_head":"<!-- This site is optimized with the Yoast SEO plugin v25.8 - https:\/\/yoast.com\/wordpress\/plugins\/seo\/ -->\n<title>Immobilienkauf-Ratgeber - Alamo - makes your dream come true at costa del sol<\/title>\n<meta name=\"robots\" content=\"index, follow, max-snippet:-1, max-image-preview:large, max-video-preview:-1\" \/>\n<link rel=\"canonical\" href=\"https:\/\/alamocostadelsol.com\/de\/einkaufsfuehrer\" \/>\n<meta property=\"og:locale\" content=\"de_DE\" \/>\n<meta property=\"og:type\" content=\"article\" \/>\n<meta property=\"og:title\" content=\"Immobilienkauf-Ratgeber - Alamo - makes your dream come true at costa del sol\" \/>\n<meta property=\"og:description\" content=\"Der Kauf eines Hauses oder einer Wohnung in Spanien ist nicht kompliziert, aber der Prozess kann ganz anders sein, als viele internationale K\u00e4ufer es gewohnt sind. Ein Immobilienkauf dauert in der Regel etwa 6-8 Wochen und wird vollst\u00e4ndig auf Spanisch abgewickelt. Es gibt viele wichtige Schritte, die Sie im Auge behalten m\u00fcssen, und wir sind [&hellip;]\" \/>\n<meta property=\"og:url\" content=\"https:\/\/alamocostadelsol.com\/de\/einkaufsfuehrer\" \/>\n<meta property=\"og:site_name\" content=\"Alamo - makes your dream come true at costa del sol\" \/>\n<meta property=\"article:publisher\" content=\"https:\/\/www.facebook.com\/alamocostadelsol\" \/>\n<meta property=\"article:modified_time\" content=\"2025-06-18T13:20:32+00:00\" \/>\n<meta name=\"twitter:card\" content=\"summary_large_image\" \/>\n<meta name=\"twitter:label1\" content=\"Gesch\u00e4tzte Lesezeit\" \/>\n\t<meta name=\"twitter:data1\" content=\"5\u00a0Minuten\" \/>\n<script type=\"application\/ld+json\" class=\"yoast-schema-graph\">{\"@context\":\"https:\/\/schema.org\",\"@graph\":[{\"@type\":\"WebPage\",\"@id\":\"https:\/\/alamocostadelsol.com\/de\/einkaufsfuehrer\",\"url\":\"https:\/\/alamocostadelsol.com\/de\/einkaufsfuehrer\",\"name\":\"Immobilienkauf-Ratgeber - Alamo - makes your dream come true at costa del sol\",\"isPartOf\":{\"@id\":\"https:\/\/alamocostadelsol.com\/de#website\"},\"datePublished\":\"2025-06-04T12:59:01+00:00\",\"dateModified\":\"2025-06-18T13:20:32+00:00\",\"breadcrumb\":{\"@id\":\"https:\/\/alamocostadelsol.com\/de\/einkaufsfuehrer#breadcrumb\"},\"inLanguage\":\"de\",\"potentialAction\":[{\"@type\":\"ReadAction\",\"target\":[\"https:\/\/alamocostadelsol.com\/de\/einkaufsfuehrer\"]}]},{\"@type\":\"BreadcrumbList\",\"@id\":\"https:\/\/alamocostadelsol.com\/de\/einkaufsfuehrer#breadcrumb\",\"itemListElement\":[{\"@type\":\"ListItem\",\"position\":1,\"name\":\"Home\",\"item\":\"https:\/\/alamocostadelsol.com\/de\"},{\"@type\":\"ListItem\",\"position\":2,\"name\":\"Immobilienkauf-Ratgeber\"}]},{\"@type\":\"WebSite\",\"@id\":\"https:\/\/alamocostadelsol.com\/de#website\",\"url\":\"https:\/\/alamocostadelsol.com\/de\",\"name\":\"Alamo - makes your dream come true at costa del sol\",\"description\":\"\",\"publisher\":{\"@id\":\"https:\/\/alamocostadelsol.com\/de#organization\"},\"potentialAction\":[{\"@type\":\"SearchAction\",\"target\":{\"@type\":\"EntryPoint\",\"urlTemplate\":\"https:\/\/alamocostadelsol.com\/de?s={search_term_string}\"},\"query-input\":{\"@type\":\"PropertyValueSpecification\",\"valueRequired\":true,\"valueName\":\"search_term_string\"}}],\"inLanguage\":\"de\"},{\"@type\":\"Organization\",\"@id\":\"https:\/\/alamocostadelsol.com\/de#organization\",\"name\":\"Alamo - makes your dream come true at costa del sol\",\"url\":\"https:\/\/alamocostadelsol.com\/de\",\"logo\":{\"@type\":\"ImageObject\",\"inLanguage\":\"de\",\"@id\":\"https:\/\/alamocostadelsol.com\/de#\/schema\/logo\/image\/\",\"url\":\"https:\/\/alamocostadelsol.com\/wp-content\/uploads\/2024\/05\/alamo-costa-del-sol-logotype.png\",\"contentUrl\":\"https:\/\/alamocostadelsol.com\/wp-content\/uploads\/2024\/05\/alamo-costa-del-sol-logotype.png\",\"width\":773,\"height\":170,\"caption\":\"Alamo - makes your dream come true at costa del sol\"},\"image\":{\"@id\":\"https:\/\/alamocostadelsol.com\/de#\/schema\/logo\/image\/\"},\"sameAs\":[\"https:\/\/www.facebook.com\/alamocostadelsol\",\"https:\/\/www.instagram.com\/alamocostadelsol\/\"]}]}<\/script>\n<!-- \/ Yoast SEO plugin. -->","yoast_head_json":{"title":"Immobilienkauf-Ratgeber - Alamo - makes your dream come true at costa del sol","robots":{"index":"index","follow":"follow","max-snippet":"max-snippet:-1","max-image-preview":"max-image-preview:large","max-video-preview":"max-video-preview:-1"},"canonical":"https:\/\/alamocostadelsol.com\/de\/einkaufsfuehrer","og_locale":"de_DE","og_type":"article","og_title":"Immobilienkauf-Ratgeber - Alamo - makes your dream come true at costa del sol","og_description":"Der Kauf eines Hauses oder einer Wohnung in Spanien ist nicht kompliziert, aber der Prozess kann ganz anders sein, als viele internationale K\u00e4ufer es gewohnt sind. Ein Immobilienkauf dauert in der Regel etwa 6-8 Wochen und wird vollst\u00e4ndig auf Spanisch abgewickelt. Es gibt viele wichtige Schritte, die Sie im Auge behalten m\u00fcssen, und wir sind [&hellip;]","og_url":"https:\/\/alamocostadelsol.com\/de\/einkaufsfuehrer","og_site_name":"Alamo - makes your dream come true at costa del sol","article_publisher":"https:\/\/www.facebook.com\/alamocostadelsol","article_modified_time":"2025-06-18T13:20:32+00:00","twitter_card":"summary_large_image","twitter_misc":{"Gesch\u00e4tzte Lesezeit":"5\u00a0Minuten"},"schema":{"@context":"https:\/\/schema.org","@graph":[{"@type":"WebPage","@id":"https:\/\/alamocostadelsol.com\/de\/einkaufsfuehrer","url":"https:\/\/alamocostadelsol.com\/de\/einkaufsfuehrer","name":"Immobilienkauf-Ratgeber - Alamo - makes your dream come true at costa del sol","isPartOf":{"@id":"https:\/\/alamocostadelsol.com\/de#website"},"datePublished":"2025-06-04T12:59:01+00:00","dateModified":"2025-06-18T13:20:32+00:00","breadcrumb":{"@id":"https:\/\/alamocostadelsol.com\/de\/einkaufsfuehrer#breadcrumb"},"inLanguage":"de","potentialAction":[{"@type":"ReadAction","target":["https:\/\/alamocostadelsol.com\/de\/einkaufsfuehrer"]}]},{"@type":"BreadcrumbList","@id":"https:\/\/alamocostadelsol.com\/de\/einkaufsfuehrer#breadcrumb","itemListElement":[{"@type":"ListItem","position":1,"name":"Home","item":"https:\/\/alamocostadelsol.com\/de"},{"@type":"ListItem","position":2,"name":"Immobilienkauf-Ratgeber"}]},{"@type":"WebSite","@id":"https:\/\/alamocostadelsol.com\/de#website","url":"https:\/\/alamocostadelsol.com\/de","name":"Alamo - makes your dream come true at costa del sol","description":"","publisher":{"@id":"https:\/\/alamocostadelsol.com\/de#organization"},"potentialAction":[{"@type":"SearchAction","target":{"@type":"EntryPoint","urlTemplate":"https:\/\/alamocostadelsol.com\/de?s={search_term_string}"},"query-input":{"@type":"PropertyValueSpecification","valueRequired":true,"valueName":"search_term_string"}}],"inLanguage":"de"},{"@type":"Organization","@id":"https:\/\/alamocostadelsol.com\/de#organization","name":"Alamo - makes your dream come true at costa del sol","url":"https:\/\/alamocostadelsol.com\/de","logo":{"@type":"ImageObject","inLanguage":"de","@id":"https:\/\/alamocostadelsol.com\/de#\/schema\/logo\/image\/","url":"https:\/\/alamocostadelsol.com\/wp-content\/uploads\/2024\/05\/alamo-costa-del-sol-logotype.png","contentUrl":"https:\/\/alamocostadelsol.com\/wp-content\/uploads\/2024\/05\/alamo-costa-del-sol-logotype.png","width":773,"height":170,"caption":"Alamo - makes your dream come true at costa del sol"},"image":{"@id":"https:\/\/alamocostadelsol.com\/de#\/schema\/logo\/image\/"},"sameAs":["https:\/\/www.facebook.com\/alamocostadelsol","https:\/\/www.instagram.com\/alamocostadelsol\/"]}]}},"_links":{"self":[{"href":"https:\/\/alamocostadelsol.com\/de\/wp-json\/wp\/v2\/pages\/18812261","targetHints":{"allow":["GET"]}}],"collection":[{"href":"https:\/\/alamocostadelsol.com\/de\/wp-json\/wp\/v2\/pages"}],"about":[{"href":"https:\/\/alamocostadelsol.com\/de\/wp-json\/wp\/v2\/types\/page"}],"author":[{"embeddable":true,"href":"https:\/\/alamocostadelsol.com\/de\/wp-json\/wp\/v2\/users\/3"}],"replies":[{"embeddable":true,"href":"https:\/\/alamocostadelsol.com\/de\/wp-json\/wp\/v2\/comments?post=18812261"}],"version-history":[{"count":5,"href":"https:\/\/alamocostadelsol.com\/de\/wp-json\/wp\/v2\/pages\/18812261\/revisions"}],"predecessor-version":[{"id":18812348,"href":"https:\/\/alamocostadelsol.com\/de\/wp-json\/wp\/v2\/pages\/18812261\/revisions\/18812348"}],"wp:attachment":[{"href":"https:\/\/alamocostadelsol.com\/de\/wp-json\/wp\/v2\/media?parent=18812261"}],"wp:term":[{"taxonomy":"dipi_cpt_category","embeddable":true,"href":"https:\/\/alamocostadelsol.com\/de\/wp-json\/wp\/v2\/dipi_cpt_category?post=18812261"}],"curies":[{"name":"wp","href":"https:\/\/api.w.org\/{rel}","templated":true}]}}