{"id":18812226,"date":"2024-05-18T21:20:27","date_gmt":"2024-05-18T19:20:27","guid":{"rendered":"https:\/\/alamocostadelsol.com\/reisefuehrer\/la-cala-de-mijas"},"modified":"2026-01-13T16:31:09","modified_gmt":"2026-01-13T15:31:09","slug":"la-cala-de-mijas","status":"publish","type":"page","link":"https:\/\/alamocostadelsol.com\/de\/reisefuehrer\/la-cala-de-mijas","title":{"rendered":"La Cala de Mijas"},"content":{"rendered":"<p>[et_pb_section admin_label=&#8220;section&#8220;]<br \/>\n\t\t\t[et_pb_row admin_label=&#8220;rudern&#8220;]<br \/>\n\t\t\t\t[et_pb_column type=&#8220;4_4&#8243;][et_pb_text admin_label=&#8220;Text&#8220;][\/et_pb_text][\/et_pb_column]<br \/>\n\t\t\t[\/et_pb_row]<br \/>\n\t\t[\/et_pb_section]<\/p>\n","protected":false},"excerpt":{"rendered":"","protected":false},"author":1,"featured_media":0,"parent":18812212,"menu_order":0,"comment_status":"closed","ping_status":"closed","template":"","meta":{"_et_pb_use_builder":"on","_et_pb_old_content":"","_et_gb_content_width":"","footnotes":""},"dipi_cpt_category":[],"class_list":["post-18812226","page","type-page","status-publish","hentry"],"yoast_head":"<!-- This site is optimized with the Yoast SEO plugin v25.8 - https:\/\/yoast.com\/wordpress\/plugins\/seo\/ -->\n<title>Ultimativer Leitfaden f\u00fcr La Cala de Mijas \u2013 Str\u00e4nde, Gastronomie und Lebensstil<\/title>\n<meta name=\"description\" content=\"Ultimativer Guide zu La Cala de Mijas \u2013 Str\u00e4nde, Restaurants, entspannter Lebensstil und die besten Aktivit\u00e4ten entlang der K\u00fcste.\" \/>\n<meta name=\"robots\" content=\"index, follow, max-snippet:-1, max-image-preview:large, max-video-preview:-1\" \/>\n<link rel=\"canonical\" href=\"https:\/\/alamocostadelsol.com\/de\/reisefuehrer\/la-cala-de-mijas\" \/>\n<meta property=\"og:locale\" content=\"de_DE\" \/>\n<meta property=\"og:type\" content=\"article\" \/>\n<meta property=\"og:title\" content=\"Ultimativer Leitfaden f\u00fcr La Cala de Mijas \u2013 Str\u00e4nde, Gastronomie und Lebensstil\" \/>\n<meta property=\"og:description\" content=\"Ultimativer Guide zu La Cala de Mijas \u2013 Str\u00e4nde, Restaurants, entspannter Lebensstil und die besten Aktivit\u00e4ten entlang der K\u00fcste.\" \/>\n<meta property=\"og:url\" content=\"https:\/\/alamocostadelsol.com\/de\/reisefuehrer\/la-cala-de-mijas\" \/>\n<meta property=\"og:site_name\" content=\"Alamo - makes your dream come true at costa del sol\" \/>\n<meta property=\"article:publisher\" content=\"https:\/\/www.facebook.com\/alamocostadelsol\" \/>\n<meta property=\"article:modified_time\" content=\"2026-01-13T15:31:09+00:00\" \/>\n<meta name=\"twitter:card\" content=\"summary_large_image\" \/>\n<script type=\"application\/ld+json\" class=\"yoast-schema-graph\">{\"@context\":\"https:\/\/schema.org\",\"@graph\":[{\"@type\":\"WebPage\",\"@id\":\"https:\/\/alamocostadelsol.com\/de\/reisefuehrer\/la-cala-de-mijas\",\"url\":\"https:\/\/alamocostadelsol.com\/de\/reisefuehrer\/la-cala-de-mijas\",\"name\":\"Ultimativer Leitfaden f\u00fcr La Cala de Mijas \u2013 Str\u00e4nde, Gastronomie und Lebensstil\",\"isPartOf\":{\"@id\":\"https:\/\/alamocostadelsol.com\/de#website\"},\"datePublished\":\"2024-05-18T19:20:27+00:00\",\"dateModified\":\"2026-01-13T15:31:09+00:00\",\"description\":\"Ultimativer Guide zu La Cala de Mijas \u2013 Str\u00e4nde, Restaurants, entspannter Lebensstil und die besten Aktivit\u00e4ten entlang der K\u00fcste.\",\"breadcrumb\":{\"@id\":\"https:\/\/alamocostadelsol.com\/de\/reisefuehrer\/la-cala-de-mijas#breadcrumb\"},\"inLanguage\":\"de\",\"potentialAction\":[{\"@type\":\"ReadAction\",\"target\":[\"https:\/\/alamocostadelsol.com\/de\/reisefuehrer\/la-cala-de-mijas\"]}]},{\"@type\":\"BreadcrumbList\",\"@id\":\"https:\/\/alamocostadelsol.com\/de\/reisefuehrer\/la-cala-de-mijas#breadcrumb\",\"itemListElement\":[{\"@type\":\"ListItem\",\"position\":1,\"name\":\"Home\",\"item\":\"https:\/\/alamocostadelsol.com\/de\"},{\"@type\":\"ListItem\",\"position\":2,\"name\":\"Reisef\u00fchrer\",\"item\":\"https:\/\/alamocostadelsol.com\/de\/reisefuehrer\"},{\"@type\":\"ListItem\",\"position\":3,\"name\":\"La Cala de Mijas\"}]},{\"@type\":\"WebSite\",\"@id\":\"https:\/\/alamocostadelsol.com\/de#website\",\"url\":\"https:\/\/alamocostadelsol.com\/de\",\"name\":\"Alamo - makes your dream come true at costa del sol\",\"description\":\"\",\"publisher\":{\"@id\":\"https:\/\/alamocostadelsol.com\/de#organization\"},\"potentialAction\":[{\"@type\":\"SearchAction\",\"target\":{\"@type\":\"EntryPoint\",\"urlTemplate\":\"https:\/\/alamocostadelsol.com\/de?s={search_term_string}\"},\"query-input\":{\"@type\":\"PropertyValueSpecification\",\"valueRequired\":true,\"valueName\":\"search_term_string\"}}],\"inLanguage\":\"de\"},{\"@type\":\"Organization\",\"@id\":\"https:\/\/alamocostadelsol.com\/de#organization\",\"name\":\"Alamo - makes your dream come true at costa del sol\",\"url\":\"https:\/\/alamocostadelsol.com\/de\",\"logo\":{\"@type\":\"ImageObject\",\"inLanguage\":\"de\",\"@id\":\"https:\/\/alamocostadelsol.com\/de#\/schema\/logo\/image\/\",\"url\":\"https:\/\/alamocostadelsol.com\/wp-content\/uploads\/2024\/05\/alamo-costa-del-sol-logotype.png\",\"contentUrl\":\"https:\/\/alamocostadelsol.com\/wp-content\/uploads\/2024\/05\/alamo-costa-del-sol-logotype.png\",\"width\":773,\"height\":170,\"caption\":\"Alamo - makes your dream come true at costa del sol\"},\"image\":{\"@id\":\"https:\/\/alamocostadelsol.com\/de#\/schema\/logo\/image\/\"},\"sameAs\":[\"https:\/\/www.facebook.com\/alamocostadelsol\",\"https:\/\/www.instagram.com\/alamocostadelsol\/\"]}]}<\/script>\n<!-- \/ Yoast SEO plugin. -->","yoast_head_json":{"title":"Ultimativer Leitfaden f\u00fcr La Cala de Mijas \u2013 Str\u00e4nde, Gastronomie und Lebensstil","description":"Ultimativer Guide zu La Cala de Mijas \u2013 Str\u00e4nde, Restaurants, entspannter Lebensstil und die besten Aktivit\u00e4ten entlang der K\u00fcste.","robots":{"index":"index","follow":"follow","max-snippet":"max-snippet:-1","max-image-preview":"max-image-preview:large","max-video-preview":"max-video-preview:-1"},"canonical":"https:\/\/alamocostadelsol.com\/de\/reisefuehrer\/la-cala-de-mijas","og_locale":"de_DE","og_type":"article","og_title":"Ultimativer Leitfaden f\u00fcr La Cala de Mijas \u2013 Str\u00e4nde, Gastronomie und Lebensstil","og_description":"Ultimativer Guide zu La Cala de Mijas \u2013 Str\u00e4nde, Restaurants, entspannter Lebensstil und die besten Aktivit\u00e4ten entlang der K\u00fcste.","og_url":"https:\/\/alamocostadelsol.com\/de\/reisefuehrer\/la-cala-de-mijas","og_site_name":"Alamo - makes your dream come true at costa del sol","article_publisher":"https:\/\/www.facebook.com\/alamocostadelsol","article_modified_time":"2026-01-13T15:31:09+00:00","twitter_card":"summary_large_image","schema":{"@context":"https:\/\/schema.org","@graph":[{"@type":"WebPage","@id":"https:\/\/alamocostadelsol.com\/de\/reisefuehrer\/la-cala-de-mijas","url":"https:\/\/alamocostadelsol.com\/de\/reisefuehrer\/la-cala-de-mijas","name":"Ultimativer Leitfaden f\u00fcr La Cala de Mijas \u2013 Str\u00e4nde, Gastronomie und Lebensstil","isPartOf":{"@id":"https:\/\/alamocostadelsol.com\/de#website"},"datePublished":"2024-05-18T19:20:27+00:00","dateModified":"2026-01-13T15:31:09+00:00","description":"Ultimativer Guide zu La Cala de Mijas \u2013 Str\u00e4nde, Restaurants, entspannter Lebensstil und die besten Aktivit\u00e4ten entlang der K\u00fcste.","breadcrumb":{"@id":"https:\/\/alamocostadelsol.com\/de\/reisefuehrer\/la-cala-de-mijas#breadcrumb"},"inLanguage":"de","potentialAction":[{"@type":"ReadAction","target":["https:\/\/alamocostadelsol.com\/de\/reisefuehrer\/la-cala-de-mijas"]}]},{"@type":"BreadcrumbList","@id":"https:\/\/alamocostadelsol.com\/de\/reisefuehrer\/la-cala-de-mijas#breadcrumb","itemListElement":[{"@type":"ListItem","position":1,"name":"Home","item":"https:\/\/alamocostadelsol.com\/de"},{"@type":"ListItem","position":2,"name":"Reisef\u00fchrer","item":"https:\/\/alamocostadelsol.com\/de\/reisefuehrer"},{"@type":"ListItem","position":3,"name":"La Cala de Mijas"}]},{"@type":"WebSite","@id":"https:\/\/alamocostadelsol.com\/de#website","url":"https:\/\/alamocostadelsol.com\/de","name":"Alamo - makes your dream come true at costa del sol","description":"","publisher":{"@id":"https:\/\/alamocostadelsol.com\/de#organization"},"potentialAction":[{"@type":"SearchAction","target":{"@type":"EntryPoint","urlTemplate":"https:\/\/alamocostadelsol.com\/de?s={search_term_string}"},"query-input":{"@type":"PropertyValueSpecification","valueRequired":true,"valueName":"search_term_string"}}],"inLanguage":"de"},{"@type":"Organization","@id":"https:\/\/alamocostadelsol.com\/de#organization","name":"Alamo - makes your dream come true at costa del sol","url":"https:\/\/alamocostadelsol.com\/de","logo":{"@type":"ImageObject","inLanguage":"de","@id":"https:\/\/alamocostadelsol.com\/de#\/schema\/logo\/image\/","url":"https:\/\/alamocostadelsol.com\/wp-content\/uploads\/2024\/05\/alamo-costa-del-sol-logotype.png","contentUrl":"https:\/\/alamocostadelsol.com\/wp-content\/uploads\/2024\/05\/alamo-costa-del-sol-logotype.png","width":773,"height":170,"caption":"Alamo - makes your dream come true at costa del sol"},"image":{"@id":"https:\/\/alamocostadelsol.com\/de#\/schema\/logo\/image\/"},"sameAs":["https:\/\/www.facebook.com\/alamocostadelsol","https:\/\/www.instagram.com\/alamocostadelsol\/"]}]}},"_links":{"self":[{"href":"https:\/\/alamocostadelsol.com\/de\/wp-json\/wp\/v2\/pages\/18812226","targetHints":{"allow":["GET"]}}],"collection":[{"href":"https:\/\/alamocostadelsol.com\/de\/wp-json\/wp\/v2\/pages"}],"about":[{"href":"https:\/\/alamocostadelsol.com\/de\/wp-json\/wp\/v2\/types\/page"}],"author":[{"embeddable":true,"href":"https:\/\/alamocostadelsol.com\/de\/wp-json\/wp\/v2\/users\/1"}],"replies":[{"embeddable":true,"href":"https:\/\/alamocostadelsol.com\/de\/wp-json\/wp\/v2\/comments?post=18812226"}],"version-history":[{"count":6,"href":"https:\/\/alamocostadelsol.com\/de\/wp-json\/wp\/v2\/pages\/18812226\/revisions"}],"predecessor-version":[{"id":18815527,"href":"https:\/\/alamocostadelsol.com\/de\/wp-json\/wp\/v2\/pages\/18812226\/revisions\/18815527"}],"up":[{"embeddable":true,"href":"https:\/\/alamocostadelsol.com\/de\/wp-json\/wp\/v2\/pages\/18812212"}],"wp:attachment":[{"href":"https:\/\/alamocostadelsol.com\/de\/wp-json\/wp\/v2\/media?parent=18812226"}],"wp:term":[{"taxonomy":"dipi_cpt_category","embeddable":true,"href":"https:\/\/alamocostadelsol.com\/de\/wp-json\/wp\/v2\/dipi_cpt_category?post=18812226"}],"curies":[{"name":"wp","href":"https:\/\/api.w.org\/{rel}","templated":true}]}}